{"id":8075,"date":"2020-12-11T03:20:10","date_gmt":"2020-12-11T08:20:10","guid":{"rendered":"https:\/\/gatransplant.org\/?page_id=8075"},"modified":"2025-09-08T11:56:20","modified_gmt":"2025-09-08T15:56:20","slug":"become-a-mentor","status":"publish","type":"page","link":"https:\/\/gatransplant.blackbaudwp.com\/vi\/get-involved\/become-a-mentor\/","title":{"rendered":"Tr\u1edf th\u00e0nh ng\u01b0\u1eddi c\u1ed1 v\u1ea5n"},"content":{"rendered":"<h1>\n\t\t\tTr\u1edf th\u00e0nh m\u1ed9t ng\u01b0\u1eddi c\u1ed1 v\u1ea5n\n\t\t<\/h1>\n\t\t\t<p>D\u1ef1 \u00e1n Mentor cung c\u1ea5p s\u1ef1 ti\u1ebfp x\u00fac tr\u1ef1c ti\u1ebfp gi\u1eefa nh\u1eefng ng\u01b0\u1eddi s\u1ed1ng th\u00e0nh c\u00f4ng v\u1edbi ca c\u1ea5y gh\u00e9p v\u00e0 nh\u1eefng ng\u01b0\u1eddi m\u1edbi ho\u1eb7c \u0111ang th\u00edch nghi v\u1edbi th\u1ebf gi\u1edbi c\u1ea5y gh\u00e9p.<\/p>\t\t\n\t\t<h2>\n\t\t\t\u201cTr\u1edf th\u00e0nh m\u1ed9t ng\u01b0\u1eddi c\u1ed1 v\u1ea5n \u0111\u00e3 cho t\u00f4i c\u01a1 h\u1ed9i \u0111\u1ec3 gi\u00fap \u0111\u1ee1 nh\u1eefng ng\u01b0\u1eddi kh\u00e1c v\u00e0 gi\u1eef cho m\u00f3n qu\u00e0 c\u1ee7a t\u00f4i ti\u1ebfp t\u1ee5c ph\u00e1t tri\u1ec3n\u201d.\n\t\t<\/h2>\n\t\t\t<p>D\u1ef1 \u00e1n Mentor cung c\u1ea5p s\u1ef1 ti\u1ebfp x\u00fac tr\u1ef1c ti\u1ebfp gi\u1eefa nh\u1eefng ng\u01b0\u1eddi s\u1ed1ng th\u00e0nh c\u00f4ng v\u1edbi ca c\u1ea5y gh\u00e9p v\u00e0 nh\u1eefng ng\u01b0\u1eddi m\u1edbi ho\u1eb7c \u0111ang th\u00edch nghi v\u1edbi th\u1ebf gi\u1edbi c\u1ea5y gh\u00e9p. Ng\u01b0\u1eddi nh\u1eadn c\u1ea5y gh\u00e9p, ng\u01b0\u1eddi hi\u1ebfn t\u1eb7ng c\u00f2n s\u1ed1ng, ng\u01b0\u1eddi ch\u0103m s\u00f3c v\u00e0 cha m\u1eb9 c\u1ee7a b\u1ec7nh nhi \u0111\u1ec1u c\u00f3 th\u1ec3 l\u00e0 ng\u01b0\u1eddi c\u1ed1 v\u1ea5n \u0111\u01b0\u1ee3c \u0111\u00e0o t\u1ea1o. H\u1ecd l\u00e0 nh\u1eefng c\u00e1 nh\u00e2n c\u00f3 mong mu\u1ed1n gi\u00fap \u0111\u1ee1 ng\u01b0\u1eddi kh\u00e1c trong qu\u00e1 tr\u00ecnh c\u1ea5y gh\u00e9p v\u00e0 th\u01b0\u1eddng l\u00e0 &quot;g\u01b0\u01a1ng m\u1eb7t hy v\u1ecdng&quot; cho b\u1ea5t k\u1ef3 ai ph\u1ea3i \u0111\u1ed1i m\u1eb7t v\u1edbi vi\u1ec7c c\u1ea5y gh\u00e9p. \u0110\u1ec3 \u0111\u01b0\u1ee3c coi l\u00e0 ng\u01b0\u1eddi c\u1ed1 v\u1ea5n, b\u1ea1n ph\u1ea3i c\u00f3 s\u00e1u th\u00e1ng sau khi c\u1ea5y gh\u00e9p \/ hi\u1ebfn t\u1eb7ng s\u1ed1ng, a C\u01b0 d\u00e2n Georgia, s\u1ed1ng th\u00e0nh c\u00f4ng sau khi c\u1ea5y gh\u00e9p \/ hi\u1ebfn t\u1eb7ng v\u00e0 c\u00f3 th\u1ec3 ho\u00e0n th\u00e0nh h\u1ed9i th\u1ea3o \u0111\u00e0o t\u1ea1o m\u1ed9t ng\u00e0y (tr\u1ef1c ti\u1ebfp ho\u1eb7c h\u1ea7u nh\u01b0, d\u1ef1a tr\u00ean th\u1eddi \u0111i\u1ec3m n\u00f3 \u0111\u01b0\u1ee3c cung c\u1ea5p). N\u1ebfu b\u1ea1n quan t\u00e2m, vui l\u00f2ng ho\u00e0n th\u00e0nh bi\u1ec3u m\u1eabu d\u01b0\u1edbi \u0111\u00e2y v\u00e0 ch\u00fang t\u00f4i s\u1ebd li\u00ean h\u1ec7 v\u1edbi b\u1ea1n trong th\u1eddi gian ng\u1eafn v\u1edbi m\u1ed9t tr\u1eadn \u0111\u1ea5u! N\u1ebfu b\u1ea1n c\u00f3 b\u1ea5t k\u1ef3 c\u00e2u h\u1ecfi n\u00e0o v\u1ec1 D\u1ef1 \u00e1n C\u1ed1 v\u1ea5n ho\u1eb7c tr\u1edf th\u00e0nh ng\u01b0\u1eddi c\u1ed1 v\u1ea5n, h\u00e3y li\u00ean h\u1ec7 v\u1edbi ch\u00fang t\u00f4i theo s\u1ed1 (678) 514-1178 ho\u1eb7c mentor@gatransplant.org.<\/p>\t\t\n\t\t\t<h3>Tr\u1edf th\u00e0nh ng\u01b0\u1eddi c\u1ed1 v\u1ea5n<\/h3>\n\t\t<p>Please fill out the form below if you would like to be trained as a GTF Mentor.<\/p>\n                            \n                        <form method='post' enctype='multipart\/form-data' target='gform_ajax_frame_8' id='gform_8' class='compact' action='https:\/\/gatransplant.blackbaudwp.com\/vi\/get-involved\/become-a-mentor\/?fl_builder&#038;fl_builder_ui_iframe#gf_8' data-formid='8' novalidate data-trp-original-action=\"https:\/\/gatransplant.blackbaudwp.com\/get-involved\/become-a-mentor\/?fl_builder&#038;fl_builder_ui_iframe#gf_8\">\n                        <ul id='gform_fields_8' class='gform_fields top_label form_sublabel_below description_below validation_below'><li id=\"field_8_4\"><label class='gfield_label gform-field-label gfield_label_before_complex'>T\u00ean*<\/label>\n                                                    <select name='input_4.2' id='input_8_4_2'    aria-required='false'>\n                          <option value=''><\/option><option value='Dr.'>Dr.<\/option><option value='Miss'>C\u00f4<\/option><option value='Mr.'>\u00d4ng.<\/option><option value='Mrs.'>B\u00e0.<\/option><option value='Ms.'>B\u1ec7nh \u0111a x\u01a1 c\u1ee9ng.<\/option><option value='Prof.'>GS.<\/option><option value='Rev.'>Rev.<\/option>\n                      <\/select>\n                                                    <label for='input_8_4_2' class='gform-field-label gform-field-label--type-sub'>Ti\u00eau \u0111\u1ec1<\/label>\n                                                    <input type='text' name='input_4.3' id='input_8_4_3' value=''   aria-required='true'     \/>\n                                                    <label for='input_8_4_3' class='gform-field-label gform-field-label--type-sub'>\u0110\u1ea7u ti\u00ean<\/label>\n                                                    <input type='text' name='input_4.4' id='input_8_4_4' value=''   aria-required='false'     \/>\n                                                    <label for='input_8_4_4' class='gform-field-label gform-field-label--type-sub'>\u1ede gi\u1eefa<\/label>\n                                                    <input type='text' name='input_4.6' id='input_8_4_6' value=''   aria-required='true'     \/>\n                                                    <label for='input_8_4_6' class='gform-field-label gform-field-label--type-sub'>Cu\u1ed1i c\u00f9ng<\/label>\n                        <\/li><li id=\"field_8_5\"><label class='gfield_label gform-field-label gfield_label_before_complex'>\u0110\u1ecba ch\u1ec9*<\/label>    \n                                        <input type='text' name='input_5.1' id='input_8_5_1' value=''    aria-required='true'    \/>\n                                        <label for='input_8_5_1' id='input_8_5_1_label' class='gform-field-label gform-field-label--type-sub'>\u0110\u1ecba ch\u1ec9 \u0111\u01b0\u1eddng ph\u1ed1<\/label>\n                                    <input type='text' name='input_5.3' id='input_8_5_3' value=''    aria-required='true'    \/>\n                                    <label for='input_8_5_3' id='input_8_5_3_label' class='gform-field-label gform-field-label--type-sub'>Tp.<\/label>\n                                        <select name='input_5.4' id='input_8_5_4'     aria-required='true'><option value=''><\/option><option value='Alabama'>Alabama<\/option><option value='Alaska'>Alaska<\/option><option value='American Samoa'>American Samoa<\/option><option value='Arizona'>Arizona<\/option><option value='Arkansas'>Arkansas<\/option><option value='California'>California<\/option><option value='Colorado'>Colorado<\/option><option value='Connecticut'>Connecticut<\/option><option value='Delaware'>Delaware<\/option><option value='District of Columbia'>\u0110\u1eb7c khu Columbia<\/option><option value='Florida'>Florida<\/option><option value='Georgia' selected='selected'>Georgia<\/option><option value='Guam'>Guam<\/option><option value='Hawaii'>Hawaii<\/option><option value='Idaho'>Idaho<\/option><option value='Illinois'>Illinois<\/option><option value='Indiana'>Indiana<\/option><option value='Iowa'>Iowa<\/option><option value='Kansas'>Kansas<\/option><option value='Kentucky'>Kentucky<\/option><option value='Louisiana'>Louisiana<\/option><option value='Maine'>Maine<\/option><option value='Maryland'>Maryland<\/option><option value='Massachusetts'>Massachusetts<\/option><option value='Michigan'>Michigan<\/option><option value='Minnesota'>Minnesota<\/option><option value='Mississippi'>Mississippi<\/option><option value='Missouri'>Missouri<\/option><option value='Montana'>Montana<\/option><option value='Nebraska'>Nebraska<\/option><option value='Nevada'>Nevada<\/option><option value='New Hampshire'>M\u1edbi Hampshire<\/option><option value='New Jersey'>\u00c1o m\u1edbi<\/option><option value='New Mexico'>New Mexico<\/option><option value='New York'>Newyork<\/option><option value='North Carolina'>b\u1eafc Carolina<\/option><option value='North Dakota'>B\u1eafc Dakota<\/option><option value='Northern Mariana Islands'>Qu\u1ea7n \u0111\u1ea3o B\u1eafc Mariana<\/option><option value='Ohio'>Ohio<\/option><option value='Oklahoma'>Oklahoma<\/option><option value='Oregon'>Oregon<\/option><option value='Pennsylvania'>Pennsylvania<\/option><option value='Puerto Rico'>Puerto Rico<\/option><option value='Rhode Island'>\u0111\u1ea3o Rhode<\/option><option value='South Carolina'>ph\u00eda Nam Carolina<\/option><option value='South Dakota'>Nam Dakota<\/option><option value='Tennessee'>Tennessee<\/option><option value='Texas'>Texas<\/option><option value='Utah'>Utah<\/option><option value='U.S. Virgin Islands'>U.S. Virgin Islands<\/option><option value='Vermont'>Vermont<\/option><option value='Virginia'>Virginia<\/option><option value='Washington'>Washington<\/option><option value='West Virginia'>phia T\u00e2y Virginia<\/option><option value='Wisconsin'>Wisconsin<\/option><option value='Wyoming'>Wyoming<\/option><option value='Armed Forces Americas'>Qu\u00e2n \u0111\u1ed9i M\u1ef9<\/option><option value='Armed Forces Europe'>L\u1ef1c l\u01b0\u1ee3ng v\u0169 trang Ch\u00e2u \u00c2u<\/option><option value='Armed Forces Pacific'>L\u1ef1c l\u01b0\u1ee3ng v\u0169 trang Th\u00e1i B\u00ecnh D\u01b0\u01a1ng<\/option><\/select>\n                                        <label for='input_8_5_4' id='input_8_5_4_label' class='gform-field-label gform-field-label--type-sub'>Ti\u1ec3u bang<\/label>\n                                    <input type='text' name='input_5.5' id='input_8_5_5' value=''    aria-required='true'    \/>\n                                    <label for='input_8_5_5' id='input_8_5_5_label' class='gform-field-label gform-field-label--type-sub'>M\u00e3 B\u01b0u Ch\u00ednh<\/label>\n                                <input type='hidden' class='gform_hidden' name='input_5.6' id='input_8_5_6' value='United States' \/>\n                <\/li><li id=\"field_8_6\"><label class='gfield_label gform-field-label' for='input_8_6'>\u0110i\u1ec7n tho\u1ea1i ch\u00ednh*<\/label><input name='input_6' id='input_8_6' type='tel' value='' class='large'   aria-required=\"true\" aria-invalid=\"false\"   \/><\/li><li id=\"field_8_7\"><label class='gfield_label gform-field-label' for='input_8_7'>E-mail*<\/label>\n                            <input name='input_7' id='input_8_7' type='email' value='' class='large'    aria-required=\"true\" aria-invalid=\"false\"  \/>\n                        <\/li><li id=\"field_8_8\"><label class='gfield_label gform-field-label' for='input_8_8'>Ng\u00e0y sinh*<\/label>\n                            <input name='input_8' id='input_8_8' type='text' value='' class='datepicker gform-datepicker mdy datepicker_no_icon gdatepicker-no-icon'   placeholder='mm\/dd\/yyyy' aria-describedby=\"input_8_8_date_format\" aria-invalid=\"false\" aria-required=\"true\"\/>\n                            MM slash DD slash YYYY\n                        <input type='hidden' id='gforms_calendar_icon_input_8_8' class='gform_hidden' value='https:\/\/gatransplant.blackbaudwp.com\/wp-content\/plugins\/gravityforms\/images\/datepicker\/datepicker.svg'\/><\/li><li id=\"field_8_11\"><label class='gfield_label gform-field-label' for='input_8_11'>Gi\u1edbi t\u00ednh *<\/label><select name='input_11' id='input_8_11' class='large gfield_select'    aria-required=\"true\" aria-invalid=\"false\"><option value='' selected='selected'><\/option><option value='Male'>Nam gi\u1edbi<\/option><option value='Female'>Gi\u1ed1ng c\u00e1i<\/option><option value='Prefer Not to Answer'>Kh\u00f4ng th\u00edch tr\u1ea3 l\u1eddi<\/option><\/select><\/li><li id=\"field_8_12\"><label class='gfield_label gform-field-label' for='input_8_12'>T\u00ecnh tr\u1ea1ng h\u00f4n nh\u00e2n*<\/label><select name='input_12' id='input_8_12' class='large gfield_select'    aria-required=\"true\" aria-invalid=\"false\"><option value='' selected='selected'><\/option><option value='Single'>\u0110\u1ed9c th\u00e2n<\/option><option value='Married'>C\u01b0\u1edbi nhau<\/option><option value='Divorced'>\u0110\u00e3 ly h\u00f4n<\/option><option value='Widowed'>G\u00f3a v\u1ee3<\/option><option value='Other'>Kh\u00e1c<\/option><\/select><\/li><li id=\"field_8_13\"><label class='gfield_label gform-field-label gfield_label_before_complex'>\u0110\u00e0n organ*<\/label><ul class='gfield_checkbox' id='input_8_13'><li class='gchoice gchoice_8_13_1'>\n\t\t\t\t\t\t\t\t<input class='gfield-choice-input' name='input_13.1' type='checkbox'  value='Kidney'  id='choice_8_13_1'   \/>\n\t\t\t\t\t\t\t\t<label for='choice_8_13_1' id='label_8_13_1' class='gform-field-label gform-field-label--type-inline'>Th\u1eadn<\/label>\n\t\t\t\t\t\t\t<\/li><li class='gchoice gchoice_8_13_2'>\n\t\t\t\t\t\t\t\t<input class='gfield-choice-input' name='input_13.2' type='checkbox'  value='Liver'  id='choice_8_13_2'   \/>\n\t\t\t\t\t\t\t\t<label for='choice_8_13_2' id='label_8_13_2' class='gform-field-label gform-field-label--type-inline'>Gan<\/label>\n\t\t\t\t\t\t\t<\/li><li class='gchoice gchoice_8_13_3'>\n\t\t\t\t\t\t\t\t<input class='gfield-choice-input' name='input_13.3' type='checkbox'  value='Heart'  id='choice_8_13_3'   \/>\n\t\t\t\t\t\t\t\t<label for='choice_8_13_3' id='label_8_13_3' class='gform-field-label gform-field-label--type-inline'>Tim<\/label>\n\t\t\t\t\t\t\t<\/li><li class='gchoice gchoice_8_13_4'>\n\t\t\t\t\t\t\t\t<input class='gfield-choice-input' name='input_13.4' type='checkbox'  value='Pancreas'  id='choice_8_13_4'   \/>\n\t\t\t\t\t\t\t\t<label for='choice_8_13_4' id='label_8_13_4' class='gform-field-label gform-field-label--type-inline'>Tuy\u1ebfn t\u1ee5y<\/label>\n\t\t\t\t\t\t\t<\/li><li class='gchoice gchoice_8_13_5'>\n\t\t\t\t\t\t\t\t<input class='gfield-choice-input' name='input_13.5' type='checkbox'  value='Lung(s)'  id='choice_8_13_5'   \/>\n\t\t\t\t\t\t\t\t<label for='choice_8_13_5' id='label_8_13_5' class='gform-field-label gform-field-label--type-inline'>(C\u00e1c) ph\u1ed5i<\/label>\n\t\t\t\t\t\t\t<\/li><li class='gchoice gchoice_8_13_6'>\n\t\t\t\t\t\t\t\t<input class='gfield-choice-input' name='input_13.6' type='checkbox'  value='Other'  id='choice_8_13_6'   \/>\n\t\t\t\t\t\t\t\t<label for='choice_8_13_6' id='label_8_13_6' class='gform-field-label gform-field-label--type-inline'>Kh\u00e1c<\/label>\n\t\t\t\t\t\t\t<\/li><\/ul><\/li><li id=\"field_8_17\"><label class='gfield_label gform-field-label' for='input_8_17'>Lo\u1ea1i C\u1ea5y gh\u00e9p kh\u00e1c:<\/label><input name='input_17' id='input_8_17' type='text' value='' class='large'      aria-invalid=\"false\"   \/><\/li><li id=\"field_8_15\"><label class='gfield_label gform-field-label' for='input_8_15'>T\u00ecnh tr\u1ea1ng c\u1ea5y gh\u00e9p *<\/label><select name='input_15' id='input_8_15' class='large gfield_select'    aria-required=\"true\" aria-invalid=\"false\"><option value='' selected='selected'><\/option><option value='Evaluee'>Evaluee<\/option><option value='Listed Candidate'>\u1ee8ng vi\u00ean \u0111\u01b0\u1ee3c li\u1ec7t k\u00ea<\/option><option value='Recipient'>Ng\u01b0\u1eddi nh\u1eadn<\/option><option value='Spouse\/Partner'>V\u1ee3 \/ ch\u1ed3ng \/ B\u1ea1n \u0111\u1eddi<\/option><option value='Living donor'>Ng\u01b0\u1eddi hi\u1ebfn t\u1eb7ng c\u00f2n s\u1ed1ng<\/option><option value='Caregiver\/Parent'>Ng\u01b0\u1eddi ch\u0103m s\u00f3c \/ Cha m\u1eb9<\/option><option value='Other'>Kh\u00e1c<\/option><\/select><\/li><li id=\"field_8_16\"><label class='gfield_label gform-field-label' for='input_8_16'>Lo\u1ea1i t\u00ecnh tr\u1ea1ng c\u1ea5y gh\u00e9p kh\u00e1c:<\/label><input name='input_16' id='input_8_16' type='text' value='' class='large'      aria-invalid=\"false\"   \/><\/li><li id=\"field_8_18\"><label class='gfield_label gform-field-label' for='input_8_18'>T\u00ecnh tr\u1ea1ng c\u1ea5y gh\u00e9p kh\u00e1c:<\/label><input name='input_18' id='input_8_18' type='text' value='' class='large'      aria-invalid=\"false\"   \/><\/li><li id=\"field_8_23\"><label class='gfield_label gform-field-label' for='input_8_23'>Ng\u00e0y c\u1ea5y gh\u00e9p<\/label>\n                            <input name='input_23' id='input_8_23' type='text' value='' class='datepicker gform-datepicker dmy datepicker_no_icon gdatepicker-no-icon'   placeholder='dd\/mm\/yyyy' aria-describedby=\"input_8_23_date_format\" aria-invalid=\"false\" \/>\n                            DD slash MM slash YYYY\n                        <input type='hidden' id='gforms_calendar_icon_input_8_23' class='gform_hidden' value='https:\/\/gatransplant.blackbaudwp.com\/wp-content\/plugins\/gravityforms\/images\/datepicker\/datepicker.svg'\/><\/li><li id=\"field_8_19\"><label class='gfield_label gform-field-label' for='input_8_19'>Trung t\u00e2m C\u1ea5y gh\u00e9p *<\/label><select name='input_19' id='input_8_19' class='large gfield_select'    aria-required=\"true\" aria-invalid=\"false\"><option value='' selected='selected'><\/option><option value='Augusta University Health'>\u0110\u1ea1i h\u1ecdc Augusta S\u1ee9c kh\u1ecfe<\/option><option value='Children's healthcare of atlanta'>Ch\u0103m s\u00f3c s\u1ee9c kh\u1ecfe tr\u1ebb em c\u1ee7a Atlanta<\/option><option value='Duke Health'>Duke Health<\/option><option value='Emory University Hospital'>B\u1ec7nh vi\u1ec7n \u0110\u1ea1i h\u1ecdc Emory<\/option><option value='Mayo Clinic (Jacksonville)'>Ph\u00f2ng kh\u00e1m Mayo (Jacksonville)<\/option><option value='MUSC Health'>MUSC S\u1ee9c kh\u1ecfe<\/option><option value='Piedmont Healthcare'>Piedmont Healthcare<\/option><option value='UAB Medicine'>Thu\u1ed1c UAB<\/option><option value='Other'>Kh\u00e1c<\/option><\/select><\/li><li id=\"field_8_20\"><label class='gfield_label gform-field-label' for='input_8_20'>Trung t\u00e2m C\u1ea5y gh\u00e9p kh\u00e1c:<\/label><input name='input_20' id='input_8_20' type='text' value='' class='large'      aria-invalid=\"false\"   \/><\/li><li id=\"field_8_21\"><label class='gfield_label gform-field-label' for='input_8_21'>T\u00f3m t\u1eaft H\u00e0nh tr\u00ecnh C\u1ea5y gh\u00e9p \/ Hi\u1ebfn t\u1eb7ng: *<\/label><textarea name='input_21' id='input_8_21' class='textarea large'     aria-required=\"true\" aria-invalid=\"false\"   rows='10' cols='50'><\/textarea><\/li><li id=\"field_8_25\"><label class='gfield_label gform-field-label gfield_label_before_complex'>Vui l\u00f2ng li\u1ec7t k\u00ea m\u1ed9t ng\u01b0\u1eddi l\u00e0m vi\u1ec7c trong trung t\u00e2m c\u1ea5y gh\u00e9p c\u1ee7a b\u1ea1n, m\u1ed9t nh\u00e2n vi\u00ean GTF ho\u1eb7c C\u1ed1 v\u1ea5n tr\u01b0\u1edfng D\u1ef1 \u00e1n Mentor, ng\u01b0\u1eddi s\u1ebd \u0111\u01b0a ra l\u1eddi gi\u1edbi thi\u1ec7u cho b\u1ea1n \u0111\u1ec3 tr\u1edf th\u00e0nh C\u1ed1 v\u1ea5n GTF. *<\/label><style type=\"text\/css\">\n\t\t\t\t\t\tbody .ginput_container_list table.gfield_list tbody tr td.gfield_list_icons {\n\t\t\t\t\t\t\tvertical-align: middle !important;\n\t\t\t\t\t\t}\n\t\t\t\t\t\tbody .ginput_container_list table.gfield_list tbody tr td.gfield_list_icons img {\n\t\t\t\t\t\t\tbackground-color: transparent !important;\n\t\t\t\t\t\t\tbackground-position: 0 0;\n\t\t\t\t\t\t\tbackground-size: 16px 16px !important;\n\t\t\t\t\t\t\tbackground-repeat: no-repeat;\n\t\t\t\t\t\t\tborder: none !important;\n\t\t\t\t\t\t\twidth: 16px !important;\n\t\t\t\t\t\t\theight: 16px !important;\n\t\t\t\t\t\t\topacity: 0.5;\n\t\t\t\t\t\t\ttransition: opacity .5s ease-out;\n\t\t\t\t\t\t    -moz-transition: opacity .5s ease-out;\n\t\t\t\t\t\t    -webkit-transition: opacity .5s ease-out;\n\t\t\t\t\t\t    -o-transition: opacity .5s ease-out;\n\t\t\t\t\t\t}\n\t\t\t\t\t\tbody .ginput_container_list table.gfield_list tbody tr td.gfield_list_icons a:hover img {\n\t\t\t\t\t\t\topacity: 1.0;\n\t\t\t\t\t\t}\n\t\t\t\t\t\t<\/style><table class='gfield_list gfield_list_container'><colgroup><col id='gfield_list_25_col_1' class='gfield_list_col_odd' \/><col id='gfield_list_25_col_2' class='gfield_list_col_even' \/><col id='gfield_list_25_col_3' class='gfield_list_col_odd' \/><\/colgroup><thead><tr><th scope=\"col\">T\u00ean<\/th><th scope=\"col\">\u0110i\u0323a chi\u0309 email<\/th><\/tr><\/thead><tbody><tr class='gfield_list_row_odd gfield_list_group'><td class='gfield_list_cell gfield_list_25_cell1' data-label='Name'><input aria-invalid='false' aria-required=\"true\"  aria-label='Name, Row 1' data-aria-label-template='Name, Row {0}' type='text' name='input_25[]' value=''   \/><\/td><td class='gfield_list_cell gfield_list_25_cell2' data-label='E-Mail Address'><input aria-invalid='false' aria-required=\"true\"  aria-label='E-Mail Address, Row 1' data-aria-label-template='E-Mail Address, Row {0}' type='text' name='input_25[]' value=''   \/><\/td><\/tr><\/tbody><\/table><\/li><li id=\"field_8_1\"><label class='gfield_label gform-field-label' for='input_8_1'>M\u00c3 NG\u1eaaU NHI\u00caN<\/label><\/li><\/ul>\n         <input type='submit' id='gform_submit_button_8' class='gform_button button' onclick='gform.submission.handleButtonClick(this);' data-submission-type='submit' value='G\u1eedi \u0111i'  \/> <input type='hidden' name='gform_ajax' value='form_id=8&amp;title=&amp;description=1&amp;tabindex=0&amp;theme=legacy&amp;styles=[]&amp;hash=8c49de0bb6583e23a98f581d36bcc8df' \/>\n            <input type='hidden' class='gform_hidden' name='gform_submission_method' data-js='gform_submission_method_8' value='iframe' \/>\n            <input type='hidden' class='gform_hidden' name='gform_theme' data-js='gform_theme_8' id='gform_theme_8' value='legacy' \/>\n            <input type='hidden' class='gform_hidden' name='gform_style_settings' data-js='gform_style_settings_8' id='gform_style_settings_8' value='[]' \/>\n            <input type='hidden' class='gform_hidden' name='is_submit_8' value='1' \/>\n            <input type='hidden' class='gform_hidden' name='gform_submit' value='8' \/>\n            <input type='hidden' class='gform_hidden' name='gform_unique_id' value='' \/>\n            <input type='hidden' class='gform_hidden' name='state_8' value='WyJbXSIsIjQ2ZDIxYzhkOGRhYzAzNWExNmM2ZjRmNTMxNmRjODdiIl0=' \/>\n            <input type='hidden' autocomplete='off' class='gform_hidden' name='gform_target_page_number_8' id='gform_target_page_number_8' value='0' \/>\n            <input type='hidden' autocomplete='off' class='gform_hidden' name='gform_source_page_number_8' id='gform_source_page_number_8' value='1' \/>\n            <input type='hidden' name='gform_field_values' value='' \/>\n                        <input type=\"hidden\" name=\"trp-form-language\" value=\"vi\"\/><\/form>\n\t\t                <iframe style='display:none;width:0px;height:0px;' src='about:blank' name='gform_ajax_frame_8' id='gform_ajax_frame_8' title='Khung n\u1ed9i tuy\u1ebfn n\u00e0y ch\u1ee9a logic c\u1ea7n thi\u1ebft \u0111\u1ec3 x\u1eed l\u00fd c\u00e1c Bi\u1ec3u m\u1eabu tr\u1ecdng l\u1ef1c do Ajax cung c\u1ea5p.'><\/iframe>","protected":false},"excerpt":{"rendered":"<p>D\u1ef1 \u00e1n Mentor cung c\u1ea5p s\u1ef1 ti\u1ebfp x\u00fac tr\u1ef1c ti\u1ebfp gi\u1eefa nh\u1eefng ng\u01b0\u1eddi s\u1ed1ng th\u00e0nh c\u00f4ng v\u1edbi ca c\u1ea5y gh\u00e9p v\u00e0 nh\u1eefng ng\u01b0\u1eddi m\u1edbi ho\u1eb7c \u0111ang th\u00edch nghi v\u1edbi th\u1ebf gi\u1edbi c\u1ea5y gh\u00e9p.<\/p>","protected":false},"author":57,"featured_media":8081,"parent":6837,"menu_order":2,"comment_status":"closed","ping_status":"closed","template":"","meta":{"_acf_changed":false,"_monsterinsights_skip_tracking":false,"_monsterinsights_sitenote_active":false,"_monsterinsights_sitenote_note":"","_monsterinsights_sitenote_category":0,"footnotes":""},"class_list":["post-8075","page","type-page","status-publish","has-post-thumbnail","hentry"],"acf":[],"aioseo_notices":[],"_links":{"self":[{"href":"https:\/\/gatransplant.blackbaudwp.com\/vi\/wp-json\/wp\/v2\/pages\/8075","targetHints":{"allow":["GET"]}}],"collection":[{"href":"https:\/\/gatransplant.blackbaudwp.com\/vi\/wp-json\/wp\/v2\/pages"}],"about":[{"href":"https:\/\/gatransplant.blackbaudwp.com\/vi\/wp-json\/wp\/v2\/types\/page"}],"author":[{"embeddable":true,"href":"https:\/\/gatransplant.blackbaudwp.com\/vi\/wp-json\/wp\/v2\/users\/57"}],"replies":[{"embeddable":true,"href":"https:\/\/gatransplant.blackbaudwp.com\/vi\/wp-json\/wp\/v2\/comments?post=8075"}],"version-history":[{"count":6,"href":"https:\/\/gatransplant.blackbaudwp.com\/vi\/wp-json\/wp\/v2\/pages\/8075\/revisions"}],"predecessor-version":[{"id":62542,"href":"https:\/\/gatransplant.blackbaudwp.com\/vi\/wp-json\/wp\/v2\/pages\/8075\/revisions\/62542"}],"up":[{"embeddable":true,"href":"https:\/\/gatransplant.blackbaudwp.com\/vi\/wp-json\/wp\/v2\/pages\/6837"}],"wp:featuredmedia":[{"embeddable":true,"href":"https:\/\/gatransplant.blackbaudwp.com\/vi\/wp-json\/wp\/v2\/media\/8081"}],"wp:attachment":[{"href":"https:\/\/gatransplant.blackbaudwp.com\/vi\/wp-json\/wp\/v2\/media?parent=8075"}],"curies":[{"name":"wp","href":"https:\/\/api.w.org\/{rel}","templated":true}]}}