{"id":8051,"date":"2020-12-11T00:17:12","date_gmt":"2020-12-11T05:17:12","guid":{"rendered":"https:\/\/gatransplant.org\/?page_id=8051"},"modified":"2025-08-12T11:01:43","modified_gmt":"2025-08-12T15:01:43","slug":"support-groups","status":"publish","type":"page","link":"https:\/\/gatransplant.blackbaudwp.com\/vi\/our-programs\/education-community-programs\/support-groups\/","title":{"rendered":"C\u00e1c nh\u00f3m h\u1ed7 tr\u1ee3"},"content":{"rendered":"<h1>\n\t\t\tNh\u00f3m h\u1ed7 tr\u1ee3 \u1ea3o\n\t\t<\/h1>\n\t\t\t<p>GTF h\u1ea7u nh\u01b0 t\u1ed5 ch\u1ee9c c\u00e1c nh\u00f3m h\u1ed7 tr\u1ee3 \u0111\u1ec3 \u0111\u00e1p \u1ee9ng nhu c\u1ea7u c\u1ee7a c\u1ed9ng \u0111\u1ed3ng c\u1ea5y gh\u00e9p b\u1eb1ng c\u00e1ch k\u1ebft n\u1ed1i k\u1ef9 thu\u1eadt s\u1ed1 \u0111\u1ec3 h\u1ed7 tr\u1ee3 v\u00e0 k\u1ebft n\u1ed1i m\u1ea1ng.\u00a0<strong>Support groups are held the third Wednesday of each month at 7PM, via Zoom.<\/strong><\/p>\t\t\n\t\t<h2>\n\t\t\tDetails\n\t\t<\/h2>\n\t\t\t<p>T\u1ea5t c\u1ea3 c\u00e1c nh\u00f3m n\u1ed9i t\u1ea1ng \u0111\u1ec1u \u0111\u01b0\u1ee3c ch\u00e0o \u0111\u00f3n; y\u00eau c\u1ea7u duy nh\u1ea5t l\u00e0 ph\u1ea3i l\u00e0 c\u01b0 d\u00e2n Georgia v\u00e0 \u1edf \u0111\u00e2u \u0111\u00f3 trong su\u1ed1t h\u00e0nh tr\u00ecnh c\u1ea5y gh\u00e9p (b\u1ec7nh nh\u00e2n tr\u01b0\u1edbc ho\u1eb7c sau khi c\u1ea5y gh\u00e9p, l\u1ecdc m\u00e1u, ng\u01b0\u1eddi ch\u0103m s\u00f3c). Ch\u00fang t\u00f4i \u0111i theo s\u1ef1 d\u1eabn d\u1eaft c\u1ee7a nh\u00f3m \u0111\u1ec3 th\u1ea3o lu\u1eadn v\u1ec1 c\u00e1c ch\u1ee7 \u0111\u1ec1 c\u00f3 li\u00ean quan v\u00e0 s\u1ebd \u0111\u01b0a ra h\u01b0\u1edbng d\u1eabn h\u1eefu \u00edch n\u1ebfu c\u1ea7n. C\u00e1c nh\u00f3m \u0111\u01b0\u1ee3c gi\u1edbi h\u1ea1n kh\u00f4ng qu\u00e1 20 ng\u01b0\u1eddi tham d\u1ef1 m\u1ed7i phi\u00ean h\u1ed7 tr\u1ee3. Vui l\u00f2ng xem b\u00ean d\u01b0\u1edbi \u0111\u1ec3 bi\u1ebft c\u00e1c nh\u00f3m h\u1ed7 tr\u1ee3 s\u1eafp t\u1edbi. \u0110\u0103ng k\u00fd l\u00e0 b\u1eaft bu\u1ed9c.<\/p>\t\t\n\t\t<h2>\n\t\t\tUpcoming Dates\n\t\t<\/h2>\n\t\t\t<ul><li>Wednesday,\u00a0<strong>January 15<\/strong> at 7 pm<\/li><li>Wednesday,<strong>\u00a0February 19<\/strong> at 7 pm<\/li><li>Wednesday,\u00a0<strong>March 19<\/strong> at 7 pm<\/li><li>Wednesday,\u00a0<strong>April 16<\/strong> at 7 pm<\/li><li>Wednesday,\u00a0<strong>May 21<\/strong> at 7 pm<\/li><li>Wednesday,\u00a0<strong>June 18<\/strong> at 7 pm<\/li><li>Wednesday,\u00a0<strong>July 16<\/strong> at 7 pm<\/li><li>Wednesday,\u00a0<strong>August 20<\/strong> at 7 pm<\/li><li>Wednesday,\u00a0<strong>September 17<\/strong> at 7 pm<\/li><li>Wednesday,\u00a0<strong>October 15<\/strong> at 7 pm<\/li><li>Wednesday,\u00a0<strong>November 19<\/strong> at 7 pm<\/li><li>Wednesday,\u00a0<strong>December 17<\/strong>\u00a0at 7 pm<\/li><\/ul>\t\t\n\t\t<h2>\n\t\t\t\u0110\u0103ng k\u00fd\n\t\t<\/h2>\n\t\t\t<p>Vui l\u00f2ng \u0111i\u1ec1n v\u00e0o bi\u1ec3u m\u1eabu b\u00ean d\u01b0\u1edbi \u0111\u1ec3 \u0111\u0103ng k\u00fd Nh\u00f3m h\u1ed7 tr\u1ee3 \u1ea3o s\u1eafp t\u1edbi. H\u01b0\u1edbng d\u1eabn tham gia nh\u00f3m h\u1ed7 tr\u1ee3 s\u1ebd \u0111\u01b0\u1ee3c g\u1eedi cho b\u1ea1n qua email sau khi g\u1eedi.<\/p>\t\t\n                <form method='post' enctype='multipart\/form-data' target='gform_ajax_frame_15' id='gform_15' class='compact' action='https:\/\/gatransplant.blackbaudwp.com\/vi\/our-programs\/education-community-programs\/support-groups\/?fl_builder&#038;fl_builder_ui_iframe#gf_15' data-formid='15' novalidate data-trp-original-action=\"https:\/\/gatransplant.blackbaudwp.com\/our-programs\/education-community-programs\/support-groups\/?fl_builder&#038;fl_builder_ui_iframe#gf_15\">\n                        <ul id='gform_fields_15' class='gform_fields top_label form_sublabel_below description_below validation_below'><li id=\"field_15_33\"><label class='gfield_label gform-field-label gfield_label_before_complex'>T\u00ean*<\/label>\n                                                    <select name='input_33.2' id='input_15_33_2'    aria-required='false'>\n                          <option value=''><\/option><option value='Dr.'>Dr.<\/option><option value='Miss'>C\u00f4<\/option><option value='Mr.'>\u00d4ng.<\/option><option value='Mrs.'>B\u00e0.<\/option><option value='Ms.'>B\u1ec7nh \u0111a x\u01a1 c\u1ee9ng.<\/option><option value='Prof.'>GS.<\/option><option value='Rev.'>Rev.<\/option>\n                      <\/select>\n                                                    <label for='input_15_33_2' class='gform-field-label gform-field-label--type-sub'>Ti\u00eau \u0111\u1ec1<\/label>\n                                                    <input type='text' name='input_33.3' id='input_15_33_3' value=''   aria-required='true'     \/>\n                                                    <label for='input_15_33_3' class='gform-field-label gform-field-label--type-sub'>\u0110\u1ea7u ti\u00ean<\/label>\n                                                    <input type='text' name='input_33.4' id='input_15_33_4' value=''   aria-required='false'     \/>\n                                                    <label for='input_15_33_4' class='gform-field-label gform-field-label--type-sub'>\u1ede gi\u1eefa<\/label>\n                                                    <input type='text' name='input_33.6' id='input_15_33_6' value=''   aria-required='true'     \/>\n                                                    <label for='input_15_33_6' class='gform-field-label gform-field-label--type-sub'>Cu\u1ed1i c\u00f9ng<\/label>\n                        <\/li><li id=\"field_15_30\"><label class='gfield_label gform-field-label gfield_label_before_complex'>\u0110\u1ecba ch\u1ec9*<\/label>    \n                                        <input type='text' name='input_30.1' id='input_15_30_1' value=''    aria-required='true'    \/>\n                                        <label for='input_15_30_1' id='input_15_30_1_label' class='gform-field-label gform-field-label--type-sub'>\u0110\u1ecba ch\u1ec9 \u0111\u01b0\u1eddng ph\u1ed1<\/label>\n                                    <input type='text' name='input_30.3' id='input_15_30_3' value=''    aria-required='true'    \/>\n                                    <label for='input_15_30_3' id='input_15_30_3_label' class='gform-field-label gform-field-label--type-sub'>Tp.<\/label>\n                                        <input type='text' name='input_30.4' id='input_15_30_4' value=''      aria-required='true'    \/>\n                                        <label for='input_15_30_4' id='input_15_30_4_label' class='gform-field-label gform-field-label--type-sub'>Ti\u1ec3u bang<\/label>\n                                    <input type='text' name='input_30.5' id='input_15_30_5' value=''    aria-required='true'    \/>\n                                    <label for='input_15_30_5' id='input_15_30_5_label' class='gform-field-label gform-field-label--type-sub'>Zip<\/label>\n                                <input type='hidden' class='gform_hidden' name='input_30.6' id='input_15_30_6' value='' \/>\n                <\/li><li id=\"field_15_7\"><label class='gfield_label gform-field-label gfield_label_before_complex'>E-mail*<\/label>\n                                    <input class='' type='email' name='input_7' id='input_15_7' value=''    aria-required=\"true\" aria-invalid=\"false\"  \/>\n                                    <label for='input_15_7' class='gform-field-label gform-field-label--type-sub'>Nh\u1eadp Email<\/label>\n                                    <input class='' type='email' name='input_7_2' id='input_15_7_2' value=''    aria-required=\"true\" aria-invalid=\"false\"  \/>\n                                    <label for='input_15_7_2' class='gform-field-label gform-field-label--type-sub'>X\u00e1c nh\u1eadn Email<\/label>\n                            <\/li><li id=\"field_15_6\"><label class='gfield_label gform-field-label' for='input_15_6'>\u0110i\u1ec7n tho\u1ea1i ch\u00ednh*<\/label><input name='input_6' id='input_15_6' type='tel' value='' class='large'   aria-required=\"true\" aria-invalid=\"false\"   \/><\/li><li id=\"field_15_15\"><label class='gfield_label gform-field-label' for='input_15_15'>T\u00ecnh tr\u1ea1ng c\u1ea5y gh\u00e9p *<\/label><select name='input_15' id='input_15_15' class='large gfield_select'    aria-required=\"true\" aria-invalid=\"false\"><option value='' selected='selected'><\/option><option value='Evaluee'>Evaluee<\/option><option value='Listed candidate'>\u1ee8ng c\u1eed vi\u00ean \u0111\u01b0\u1ee3c li\u1ec7t k\u00ea<\/option><option value='Recipient'>Ng\u01b0\u1eddi nh\u1eadn<\/option><option value='Spouse\/partner'>V\u1ee3 \/ ch\u1ed3ng \/ b\u1ea1n t\u00ecnh<\/option><option value='Living donor'>Ng\u01b0\u1eddi hi\u1ebfn t\u1eb7ng c\u00f2n s\u1ed1ng<\/option><option value='Caregiver\/parent'>Ng\u01b0\u1eddi ch\u0103m s\u00f3c \/ cha m\u1eb9<\/option><option value='Other'>Kh\u00e1c<\/option><\/select><\/li><li id=\"field_15_8\"><label class='gfield_label gform-field-label' for='input_15_8'>Ng\u00e0y c\u1ea5y gh\u00e9p (n\u1ebfu c\u00f3)<\/label>\n                            <input name='input_8' id='input_15_8' type='text' value='' class='datepicker gform-datepicker mdy datepicker_no_icon gdatepicker-no-icon'   placeholder='mm\/dd\/yyyy' aria-describedby=\"input_15_8_date_format\" aria-invalid=\"false\" \/>\n                            MM slash DD slash YYYY\n                        <input type='hidden' id='gforms_calendar_icon_input_15_8' class='gform_hidden' value='https:\/\/gatransplant.blackbaudwp.com\/wp-content\/plugins\/gravityforms\/images\/datepicker\/datepicker.svg'\/><\/li><li id=\"field_15_19\"><label class='gfield_label gform-field-label' for='input_15_19'>Trung t\u00e2m C\u1ea5y gh\u00e9p *<\/label><select name='input_19' id='input_15_19' class='large gfield_select'    aria-required=\"true\" aria-invalid=\"false\"><option value='' selected='selected'><\/option><option value='Augusta University Health'>\u0110\u1ea1i h\u1ecdc Augusta S\u1ee9c kh\u1ecfe<\/option><option value='Children's healthcare of atlanta'>Ch\u0103m s\u00f3c s\u1ee9c kh\u1ecfe tr\u1ebb em c\u1ee7a Atlanta<\/option><option value='Duke Health'>Duke Health<\/option><option value='Emory University Hospital'>B\u1ec7nh vi\u1ec7n \u0110\u1ea1i h\u1ecdc Emory<\/option><option value='Mayo Clinic (Jacksonville)'>Ph\u00f2ng kh\u00e1m Mayo (Jacksonville)<\/option><option value='MUSC Health'>MUSC S\u1ee9c kh\u1ecfe<\/option><option value='Piedmont Healthcare'>Piedmont Healthcare<\/option><option value='UAB Medicine'>Thu\u1ed1c UAB<\/option><option value='Other'>Kh\u00e1c<\/option><\/select><\/li><li id=\"field_15_20\"><label class='gfield_label gform-field-label' for='input_15_20'>Trung t\u00e2m C\u1ea5y gh\u00e9p kh\u00e1c:<\/label><input name='input_20' id='input_15_20' type='text' value='' class='large'      aria-invalid=\"false\"   \/><\/li><li id=\"field_15_26\"><label class='gfield_label gform-field-label' for='input_15_26'>B\u1ea1n c\u00f3 cho ph\u00e9p GTF chia s\u1ebb th\u00f4ng tin li\u00ean h\u1ec7 c\u1ee7a m\u00ecnh v\u1edbi c\u00e1c th\u00e0nh vi\u00ean kh\u00e1c c\u00f3 m\u1eb7t trong nh\u00f3m h\u1ed7 tr\u1ee3 \u0111\u1ec3 ti\u1ebfp t\u1ee5c cu\u1ed9c tr\u00f2 chuy\u1ec7n kh\u00f4ng? *<\/label><select name='input_26' id='input_15_26' class='large gfield_select'    aria-required=\"true\" aria-invalid=\"false\"><option value='Yes'>\u0110\u00fang<\/option><option value='No'>Kh\u00f4ng<\/option><\/select><\/li><li id=\"field_15_31\"><label class='gfield_label gform-field-label' for='input_15_31'>B\u1ea1n c\u00f3 cho ph\u00e9p GTF s\u1eed d\u1ee5ng h\u00ecnh \u1ea3nh c\u1ee7a b\u1ea1n tr\u00ean m\u1ea1ng x\u00e3 h\u1ed9i v\u00e0 c\u00e1c t\u00e0i li\u1ec7u ti\u1ebfp th\u1ecb kh\u00e1c kh\u00f4ng? *<\/label><select name='input_31' id='input_15_31' class='large gfield_select'    aria-required=\"true\" aria-invalid=\"false\"><option value='Yes'>\u0110\u00fang<\/option><option value='No'>Kh\u00f4ng<\/option><\/select><\/li><li id=\"field_15_1\"><label class='gfield_label gform-field-label' for='input_15_1'>M\u00c3 NG\u1eaaU NHI\u00caN<\/label><\/li><\/ul>\n         <input type='submit' id='gform_submit_button_15' class='gform_button button' onclick='gform.submission.handleButtonClick(this);' data-submission-type='submit' value='G\u1eedi \u0111i'  \/> <input type='hidden' name='gform_ajax' value='form_id=15&amp;title=&amp;description=&amp;tabindex=0&amp;theme=legacy&amp;styles=[]&amp;hash=cd3b3011b0f6b68bcfc830bab5ad94d7' \/>\n            <input type='hidden' class='gform_hidden' name='gform_submission_method' data-js='gform_submission_method_15' value='iframe' \/>\n            <input type='hidden' class='gform_hidden' name='gform_theme' data-js='gform_theme_15' id='gform_theme_15' value='legacy' \/>\n            <input type='hidden' class='gform_hidden' name='gform_style_settings' data-js='gform_style_settings_15' id='gform_style_settings_15' value='[]' \/>\n            <input type='hidden' class='gform_hidden' name='is_submit_15' value='1' \/>\n            <input type='hidden' class='gform_hidden' name='gform_submit' value='15' \/>\n            <input type='hidden' class='gform_hidden' name='gform_unique_id' value='' \/>\n            <input type='hidden' class='gform_hidden' name='state_15' value='WyJbXSIsIjQ2ZDIxYzhkOGRhYzAzNWExNmM2ZjRmNTMxNmRjODdiIl0=' \/>\n            <input type='hidden' autocomplete='off' class='gform_hidden' name='gform_target_page_number_15' id='gform_target_page_number_15' value='0' \/>\n            <input type='hidden' autocomplete='off' class='gform_hidden' name='gform_source_page_number_15' id='gform_source_page_number_15' value='1' \/>\n            <input type='hidden' name='gform_field_values' value='' \/>\n                        <input type=\"hidden\" name=\"trp-form-language\" value=\"vi\"\/><\/form>\n\t\t                <iframe style='display:none;width:0px;height:0px;' src='about:blank' name='gform_ajax_frame_15' id='gform_ajax_frame_15' title='Khung n\u1ed9i tuy\u1ebfn n\u00e0y ch\u1ee9a logic c\u1ea7n thi\u1ebft \u0111\u1ec3 x\u1eed l\u00fd c\u00e1c Bi\u1ec3u m\u1eabu tr\u1ecdng l\u1ef1c do Ajax cung c\u1ea5p.'><\/iframe>","protected":false},"excerpt":{"rendered":"<p>GTF h\u1ea7u nh\u01b0 t\u1ed5 ch\u1ee9c c\u00e1c nh\u00f3m h\u1ed7 tr\u1ee3 \u0111\u1ec3 \u0111\u00e1p \u1ee9ng nhu c\u1ea7u c\u1ee7a c\u1ed9ng \u0111\u1ed3ng c\u1ea5y gh\u00e9p b\u1eb1ng c\u00e1ch k\u1ebft n\u1ed1i k\u1ef9 thu\u1eadt s\u1ed1 \u0111\u1ec3 h\u1ed7 tr\u1ee3 v\u00e0 k\u1ebft n\u1ed1i m\u1ea1ng.<\/p>","protected":false},"author":57,"featured_media":7128,"parent":6842,"menu_order":6,"comment_status":"closed","ping_status":"closed","template":"","meta":{"_acf_changed":false,"_monsterinsights_skip_tracking":false,"_monsterinsights_sitenote_active":false,"_monsterinsights_sitenote_note":"","_monsterinsights_sitenote_category":0,"footnotes":""},"class_list":["post-8051","page","type-page","status-publish","has-post-thumbnail","hentry"],"acf":[],"aioseo_notices":[],"_links":{"self":[{"href":"https:\/\/gatransplant.blackbaudwp.com\/vi\/wp-json\/wp\/v2\/pages\/8051","targetHints":{"allow":["GET"]}}],"collection":[{"href":"https:\/\/gatransplant.blackbaudwp.com\/vi\/wp-json\/wp\/v2\/pages"}],"about":[{"href":"https:\/\/gatransplant.blackbaudwp.com\/vi\/wp-json\/wp\/v2\/types\/page"}],"author":[{"embeddable":true,"href":"https:\/\/gatransplant.blackbaudwp.com\/vi\/wp-json\/wp\/v2\/users\/57"}],"replies":[{"embeddable":true,"href":"https:\/\/gatransplant.blackbaudwp.com\/vi\/wp-json\/wp\/v2\/comments?post=8051"}],"version-history":[{"count":5,"href":"https:\/\/gatransplant.blackbaudwp.com\/vi\/wp-json\/wp\/v2\/pages\/8051\/revisions"}],"predecessor-version":[{"id":62312,"href":"https:\/\/gatransplant.blackbaudwp.com\/vi\/wp-json\/wp\/v2\/pages\/8051\/revisions\/62312"}],"up":[{"embeddable":true,"href":"https:\/\/gatransplant.blackbaudwp.com\/vi\/wp-json\/wp\/v2\/pages\/6842"}],"wp:featuredmedia":[{"embeddable":true,"href":"https:\/\/gatransplant.blackbaudwp.com\/vi\/wp-json\/wp\/v2\/media\/7128"}],"wp:attachment":[{"href":"https:\/\/gatransplant.blackbaudwp.com\/vi\/wp-json\/wp\/v2\/media?parent=8051"}],"curies":[{"name":"wp","href":"https:\/\/api.w.org\/{rel}","templated":true}]}}