{"id":6913,"date":"2020-06-22T17:45:17","date_gmt":"2020-06-22T21:45:17","guid":{"rendered":"https:\/\/gatransplant.org\/about-us\/resources-documents\/"},"modified":"2025-09-08T11:30:36","modified_gmt":"2025-09-08T15:30:36","slug":"resources-documents","status":"publish","type":"page","link":"https:\/\/gatransplant.blackbaudwp.com\/vi\/about-us\/resources-documents\/","title":{"rendered":"T\u00e0i nguy\u00ean &amp; T\u00e0i li\u1ec7u"},"content":{"rendered":"<a href=\"#\" id=\"trigger-\" role=\"button\" data-modal=\"\" data-node=\"\">\n\t\t\t\t\t<\/a>\n\t\t\t\t\t\tXem tr\u01b0\u1edbc ph\u01b0\u01a1ng th\u1ee9c-\n\t\t\t\t\t\t<iframe width=\"960\" height=\"715\" src=\"https:\/\/www.youtube.com\/embed\/XAJZBTiEsIg\" frameborder=\"0\" allow=\"accelerometer; autoplay; clipboard-write; encrypted-media; gyroscope; picture-in-picture\" allowfullscreen><\/iframe>\t\t\t\t\t\n\t<p>Video Title<\/p>\n\t\t<h1>\n\t\t\tT\u00e0i nguy\u00ean &amp; T\u00e0i li\u1ec7u\n\t\t<\/h1>\n\t\t\t<p>Vui l\u00f2ng nh\u1ea5p v\u00e0o c\u00e1c li\u00ean k\u1ebft b\u00ean d\u01b0\u1edbi \u0111\u1ec3 t\u1ea3i xu\u1ed1ng c\u00e1c \u1ee9ng d\u1ee5ng, bi\u1ec3u m\u1eabu v\u00e0 t\u00e0i li\u1ec7u c\u1ee7a ch\u01b0\u01a1ng tr\u00ecnh c\u0169ng nh\u01b0 \u0111\u1ec3 truy c\u1eadp v\u00e0o c\u00e1c li\u00ean k\u1ebft v\u00e0 t\u00e0i nguy\u00ean kh\u00e1c nhau li\u00ean quan \u0111\u1ebfn c\u1ea5y gh\u00e9p.<\/p>\t\t\n\t\t\t\tProgram Applications\n\t\t\t\tForms &#038; Documents\n\t\t\t\tResources\n\t\t\t\tLinks\n\t\t\t\t\t\t\tProgram Applications\n\t\t\t\t<ul>\n<li><a href=\"https:\/\/gatransplant.blackbaudwp.com\/wp-content\/uploads\/2020\/10\/SCHOLARSHIP-APPLICATION.pdf\" target=\"_blank\" rel=\"noopener\">\u0110\u01a1n xin h\u1ecdc b\u1ed5ng h\u1ecdc thu\u1eadt (pdf)<\/a><\/li>\n<li><a href=\"https:\/\/gatransplant.blackbaudwp.com\/wp-content\/uploads\/2021\/08\/Dental-Assistance-Application.pdf\" target=\"_blank\" rel=\"noopener\">\u0110\u01a1n xin h\u1ed7 tr\u1ee3 nha khoa (pdf)<\/a><\/li>\n<li><a href=\"https:\/\/gatransplant.blackbaudwp.com\/wp-content\/uploads\/2020\/10\/SPANISH_Financial_Application.pdf\" target=\"_blank\" rel=\"noopener\">\u0110\u01a1n xin h\u1ed7 tr\u1ee3 t\u00e0i ch\u00ednh (pdf ti\u1ebfng T\u00e2y Ban Nha)<\/a><\/li>\n<li><a href=\"https:\/\/gatransplant.blackbaudwp.com\/wp-content\/uploads\/2020\/12\/Evaluation_Application.pdf\" target=\"\">\u0110\u01a1n xin H\u1ed7 tr\u1ee3 \u0110\u00e1nh gi\u00e1 (pdf)<\/a>\u00a0<\/li>\n<li><a href=\"https:\/\/gatransplant.blackbaudwp.com\/wp-content\/uploads\/2020\/10\/FINANCIAL-ASSISTANCE.pdf\" target=\"_blank\" rel=\"noopener\">\u0110\u01a1n xin h\u1ed7 tr\u1ee3 t\u00e0i ch\u00ednh (pdf) <em>(\u1ee9ng d\u1ee5ng n\u00e0y d\u00e0nh cho c\u00e1c Ch\u01b0\u01a1ng tr\u00ecnh H\u1ed7 tr\u1ee3 Kh\u1ea9n c\u1ea5p, Ch\u1ed7 \u1edf, B\u1ea3o hi\u1ec3m v\u00e0 V\u1eadn chuy\u1ec3n)<\/em><\/a><\/li>\n<li><a href=\"https:\/\/gatransplant.blackbaudwp.com\/wp-content\/uploads\/2020\/10\/JumpStart_Enrollment_Form.pdf\" target=\"_blank\" rel=\"noopener\">\u0110\u01a1n \u0111\u0103ng k\u00fd JumpStart (pdf)<\/a><\/li>\n<li><a href=\"https:\/\/gatransplant.blackbaudwp.com\/wp-content\/uploads\/2020\/10\/LD-Application.pdf\" target=\"_blank\" rel=\"noopener\">\u0110\u01a1n xin h\u1ed7 tr\u1ee3 ng\u01b0\u1eddi hi\u1ebfn t\u1eb7ng c\u00f2n s\u1ed1ng (pdf)<\/a><\/li>\n<li><a href=\"https:\/\/gatransplant.blackbaudwp.com\/wp-content\/uploads\/2020\/10\/Pediatric-Application.pdf\" target=\"_blank\" rel=\"noopener\">\u0110\u01a1n xin h\u1ed7 tr\u1ee3 nhi khoa (pdf)<\/a><\/li>\n<li><a href=\"https:\/\/gatransplant.blackbaudwp.com\/wp-content\/uploads\/2020\/10\/TFP-Application.pdf\" target=\"_blank\" rel=\"noopener\">\u0110\u01a1n \u0111\u0103ng k\u00fd Ch\u01b0\u01a1ng tr\u00ecnh G\u00e2y qu\u1ef9 C\u1ea5y gh\u00e9p (pdf)<\/a><\/li>\n<\/ul>\n\t\t\t\t\t\t\tBi\u1ec3u m\u1eabu &amp; T\u00e0i li\u1ec7u\n\t\t\t\t<ul>\n<li><a href=\"https:\/\/gatransplant.blackbaudwp.com\/wp-content\/uploads\/2020\/10\/Auction-Donation-Form.pdf\" target=\"_blank\" rel=\"noopener\">Bi\u1ec3u m\u1eabu quy\u00ean g\u00f3p \u0111\u1ea5u gi\u00e1 (pdf)<\/a><\/li>\n<li><a href=\"https:\/\/gatransplant.blackbaudwp.com\/vi\/our-programs\/education-community-programs\/the-mentor-project\/\" target=\"_blank\" rel=\"noopener\">Tr\u1edf th\u00e0nh C\u1ed1 v\u1ea5n (m\u1eabu tr\u1ef1c tuy\u1ebfn)<\/a><\/li>\n<li><a href=\"https:\/\/gatransplant.blackbaudwp.com\/wp-content\/uploads\/2020\/10\/Dental-Fee-Schedule.pdf\" target=\"_blank\" rel=\"noopener\">Bi\u1ec3u ph\u00ed nha khoa (pdf)<\/a><\/li>\n<li><a href=\"https:\/\/gatransplant.blackbaudwp.com\/wp-content\/uploads\/2020\/10\/Dental-Provider-Agreement.pdf\" target=\"_blank\" rel=\"noopener\">M\u1eabu Th\u1ecfa thu\u1eadn Nh\u00e0 cung c\u1ea5p Nha khoa (pdf)<\/a><\/li>\n<li><a href=\"https:\/\/gatransplant.blackbaudwp.com\/wp-content\/uploads\/2021\/08\/Dental-provider-info-updated.pdf\" target=\"_blank\" rel=\"noopener\">Th\u00f4ng tin nh\u00e0 cung c\u1ea5p nha khoa (pdf)<\/a><\/li>\n<li><a href=\"https:\/\/gatransplant.blackbaudwp.com\/wp-content\/uploads\/2020\/10\/Donation-Form.pdf\" target=\"_blank\" rel=\"noopener\">Bi\u1ec3u m\u1eabu quy\u00ean g\u00f3p (pdf)<\/a><\/li>\n<li><a href=\"https:\/\/gatransplant.blackbaudwp.com\/wp-content\/uploads\/2020\/10\/JumpStart-CP_Eval.pdf\" target=\"_blank\" rel=\"noopener\">Bi\u1ec3u m\u1eabu \u0111\u00e1nh gi\u00e1 \u0111\u1ed1i t\u00e1c c\u1ed9ng \u0111\u1ed3ng c\u1ee7a JumpStart (pdf)<\/a><\/li>\n<li><a href=\"https:\/\/gatransplant.blackbaudwp.com\/wp-content\/uploads\/2020\/10\/RELEASE-FORM-FOR-PR.pdf\" target=\"_blank\" rel=\"noopener\">Bi\u1ec3u m\u1eabu ph\u00e1t h\u00e0nh PR (pdf)<\/a><\/li>\n<li><a href=\"https:\/\/gatransplant.blackbaudwp.com\/vi\/our-programs\/education-community-programs\/the-mentor-project\/#application\" target=\"_blank\" rel=\"noopener\">Y\u00eau c\u1ea7u C\u1ed1 v\u1ea5n (m\u1eabu tr\u1ef1c tuy\u1ebfn)<\/a><\/li>\n<li><a href=\"https:\/\/gatransplant.blackbaudwp.com\/wp-content\/uploads\/2020\/12\/Tutoring_Provider_Agreement.pdf\" target=\"\">M\u1eabu th\u1ecfa thu\u1eadn nh\u00e0 cung c\u1ea5p d\u1ecbch v\u1ee5 d\u1ea1y k\u00e8m (pdf)<\/a><\/li>\n<li><a href=\"https:\/\/gatransplant.blackbaudwp.com\/wp-content\/uploads\/2020\/12\/Tutoring_Provider_Information.pdf\" target=\"\">Bi\u1ec3u m\u1eabu th\u00f4ng tin v\u1ec1 nh\u00e0 cung c\u1ea5p d\u1ecbch v\u1ee5 d\u1ea1y k\u00e8m (pdf)<\/a><\/li>\n<li><a href=\"https:\/\/gatransplant.blackbaudwp.com\/wp-content\/uploads\/2020\/10\/Volunteer-Information-Form.pdf\" target=\"_blank\" rel=\"noopener\">M\u1eabu th\u00f4ng tin t\u00ecnh nguy\u1ec7n vi\u00ean (pdf)<\/a><\/li>\n<\/ul>\n\t\t\t\t\t\t\tT\u00e0i nguy\u00ean\n\t\t\t\t<ul>\n<li><a href=\"https:\/\/docs.google.com\/document\/d\/1FH6hhg1RTerwMJnOMTTQl3jwQ-0OsHqd3K_eIS05H7g\/edit?usp=sharing\">T\u00e0i nguy\u00ean c\u1ee9u tr\u1ee3 COVID-19<\/a><\/li>\n<li><a href=\"https:\/\/gatransplant.blackbaudwp.com\/wp-content\/uploads\/2020\/10\/Creative-Ways-Insurance-411.pdf\" target=\"_blank\" rel=\"noopener\">Th\u00f4ng tin 411 - Nh\u1eefng c\u00e1ch s\u00e1ng t\u1ea1o \u0111\u1ec3 nh\u1eadn b\u1ea3o hi\u1ec3m PDF<\/a><\/li>\n<li><a href=\"https:\/\/gatransplant.blackbaudwp.com\/wp-content\/uploads\/2020\/10\/Financial-Plan-411.pdf\" target=\"_blank\" rel=\"noopener\">Th\u00f4ng tin 411 - T\u1eadp t\u00e0i li\u1ec7u k\u1ebf ho\u1ea1ch t\u00e0i ch\u00ednh PDF<\/a><\/li>\n<li><a href=\"https:\/\/gatransplant.blackbaudwp.com\/wp-content\/uploads\/2020\/10\/Who-Pays-What-411.pdf\" target=\"_blank\" rel=\"noopener\">Th\u00f4ng tin 411 - Ai tr\u1ea3 ti\u1ec1n? PDF<\/a><\/li>\n<li><a href=\"https:\/\/gatransplant.blackbaudwp.com\/wp-content\/uploads\/2020\/10\/RTW-411.pdf\" target=\"_blank\" rel=\"noopener\">411 Th\u00f4ng tin - Tr\u1edf l\u1ea1i L\u00e0m vi\u1ec7c PDF<\/a><\/li>\n<li><a href=\"https:\/\/gatransplant.blackbaudwp.com\/wp-content\/uploads\/2020\/10\/Glossary-Tx-Terms.pdf\" target=\"_blank\" rel=\"noopener\">C\u1ea5y gh\u00e9p B\u1ea3ng ch\u00fa gi\u1ea3i thu\u1eadt ng\u1eef PDF<\/a><\/li>\n<\/ul>\n\t\t\t\t\t\t\tLi\u00ean k\u1ebft\n\t\t\t\t<h3>Trung t\u00e2m c\u1ea5y gh\u00e9p<\/h3>\n<ul>\n<li><a href=\"https:\/\/www.piedmont.org\/transplant\/transplant-home\" target=\"_blank\" rel=\"noopener\">Vi\u1ec7n c\u1ea5y gh\u00e9p Piedmont<\/a><\/li>\n<li><a href=\"https:\/\/www.emoryhealthcare.org\/centers-programs\/transplant-center\/index.html\" target=\"_blank\" rel=\"noopener\">Trung t\u00e2m c\u1ea5y gh\u00e9p Emory<\/a><\/li>\n<li><a href=\"https:\/\/www.augustahealth.org\/kidney-and-pancreas-transplant\/kidney-and-pancreas-transplant-about-us\" target=\"_blank\" rel=\"noopener\">Trung t\u00e2m Y t\u1ebf \u0110\u1ea1i h\u1ecdc Augusta<\/a><\/li>\n<li><a href=\"https:\/\/www.choa.org\/medical-services\/transplants\" target=\"_blank\" rel=\"noopener\">Ch\u0103m s\u00f3c s\u1ee9c kh\u1ecfe tr\u1ebb em c\u1ee7a Atlanta<\/a><\/li>\n<\/ul>\n<h3>T\u00e0i nguy\u00ean d\u00e0nh ri\u00eang cho c\u1ea5y gh\u00e9p<\/h3>\n<ul>\n<li><a href=\"https:\/\/www.kidney.org\/\" target=\"_blank\" rel=\"noopener\">T\u1ed5 ch\u1ee9c th\u1eadn qu\u1ed1c gia<\/a><\/li>\n<li><a href=\"https:\/\/www.kidneyfund.org\/\" target=\"_blank\" rel=\"noopener\">Qu\u1ef9 Th\u1eadn Hoa K\u1ef3 (AKF)<\/a><\/li>\n<li><a href=\"https:\/\/www.aakp.org\/\" target=\"_blank\" rel=\"noopener\">Hi\u1ec7p h\u1ed9i b\u1ec7nh nh\u00e2n th\u1eadn Hoa K\u1ef3<\/a><\/li>\n<li><a href=\"https:\/\/unos.org\/\" target=\"_blank\" rel=\"noopener\">United Network for Organ Sharing (UNOS)<\/a><\/li>\n<li><a href=\"https:\/\/www.donatelife.net\/\" target=\"_blank\" rel=\"noopener\">Donate Life America<\/a><\/li>\n<li><a href=\"https:\/\/cota.org\/\" target=\"_blank\" rel=\"noopener\">Hi\u1ec7p h\u1ed9i C\u1ea5y gh\u00e9p N\u1ed9i t\u1ea1ng Tr\u1ebb em<\/a><\/li>\n<\/ul>\n<h3>Ngu\u1ed3n h\u1ed7 tr\u1ee3 c\u1ee7a Ch\u00ednh ph\u1ee7<\/h3>\n<ul>\n<li><a href=\"https:\/\/optn.transplant.hrsa.gov\/\" target=\"_blank\" rel=\"noopener\">M\u1ea1ng l\u01b0\u1edbi mua s\u1eafm v\u00e0 c\u1ea5y gh\u00e9p n\u1ed9i t\u1ea1ng<\/a><\/li>\n<li><a href=\"https:\/\/www.organdonor.gov\/\" target=\"_blank\" rel=\"noopener\">B\u1ed9 ph\u1eadn C\u1ea5y gh\u00e9p c\u1ee7a B\u1ed9 Y t\u1ebf v\u00e0 D\u1ecbch v\u1ee5 Nh\u00e2n sinh Hoa K\u1ef3<\/a><\/li>\n<li><a href=\"https:\/\/www.fda.gov\/vaccines-blood-biologics\" target=\"_blank\" rel=\"noopener\">C\u1ee5c Qu\u1ea3n l\u00fd Th\u1ef1c ph\u1ea9m v\u00e0 D\u01b0\u1ee3c<\/a><\/li>\n<\/ul>\n\t\t\tTransplant Fundraising Program-Related\n\t\t<h2>\n\t\t\tDocuments &#038; FAQs\n\t\t<\/h2>\n\t\t\t\tT\u00e0i nguy\u00ean &amp; T\u00e0i li\u1ec7u TFP\n\t\t\t\t\t<ul>\n<li><a href=\"https:\/\/gatransplant.blackbaudwp.com\/wp-content\/uploads\/2020\/10\/Fundraising_Manual.pdf\" target=\"_blank\" rel=\"noopener\">H\u01b0\u1edbng d\u1eabn g\u00e2y qu\u1ef9 (pdf)<\/a><\/li>\n<li><a href=\"http:\/\/client.gatransplant.org\" target=\"_blank\" rel=\"noopener\">Trang G\u00e2y qu\u1ef9 C\u00e1 nh\u00e2n (tra c\u1ee9u trang web g\u00e2y qu\u1ef9 c\u1ee7a kh\u00e1ch h\u00e0ng)<\/a><\/li>\n<li><a href=\"https:\/\/gatransplant.blackbaudwp.com\/wp-content\/uploads\/2020\/12\/Direct-Bill-Election-of-Pharmacy.pdf\" target=\"\">B\u1ea7u c\u1eed h\u00f3a \u0111\u01a1n tr\u1ef1c ti\u1ebfp c\u1ee7a nh\u00e0 thu\u1ed1c (pdf)<\/a><\/li>\n<li><a href=\"https:\/\/gatransplant.blackbaudwp.com\/wp-content\/uploads\/2020\/12\/Direct-Bill-Selection-of-Pharmacy.pdf\" target=\"\">L\u1ef1a ch\u1ecdn h\u00f3a \u0111\u01a1n tr\u1ef1c ti\u1ebfp c\u1ee7a nh\u00e0 thu\u1ed1c (pdf)<\/a><\/li>\n<li><a href=\"https:\/\/gatransplant.blackbaudwp.com\/wp-content\/uploads\/2020\/10\/TFP-Reimbursement-request.pdf\" target=\"_blank\" rel=\"noopener\">Bi\u1ec3u m\u1eabu y\u00eau c\u1ea7u b\u1ed3i ho\u00e0n PDF<\/a><\/li>\n<li><a href=\"https:\/\/gatransplant.blackbaudwp.com\/wp-content\/uploads\/2020\/12\/TFP_APPLICATION_PKT.pdf\" target=\"\">G\u00f3i \u1ee9ng d\u1ee5ng TFP (pdf)<\/a><\/li>\n<li><a href=\"https:\/\/gatransplant.blackbaudwp.com\/wp-content\/uploads\/2020\/12\/TFP-Webpage-Request.pdf\" target=\"\">Bi\u1ec3u m\u1eabu y\u00eau c\u1ea7u trang web TFP (pdf)<\/a>\u00a0<\/li>\n<\/ul>\n\t\t\t\tAi c\u00f3 th\u1ec3 \u0111\u0103ng k\u00fd Ch\u01b0\u01a1ng tr\u00ecnh G\u00e2y qu\u1ef9 C\u1ea5y gh\u00e9p c\u1ee7a GTF?\n\t\t\t\t\t<ul>\n<li>Sau khi ho\u00e0n th\u00e0nh \u0111\u00e1nh gi\u00e1, b\u1ea5t k\u1ef3 ai \u0111\u01b0\u1ee3c c\u1ea5y gh\u00e9p t\u1ea1i m\u1ed9t trung t\u00e2m c\u1ea5y gh\u00e9p \u1edf bang Georgia \u0111\u1ec1u c\u00f3 th\u1ec3 \u0111\u0103ng k\u00fd Ch\u01b0\u01a1ng tr\u00ecnh Qu\u1ef9 ch\u01b0a t\u1eebng c\u00f3.<\/li>\n<li>Ng\u01b0\u1eddi \u0111\u0103ng k\u00fd Ch\u01b0\u01a1ng tr\u00ecnh Qu\u1ef9 ph\u00f9 h\u1ee3p ph\u1ea3i l\u00e0 c\u01b0 d\u00e2n c\u1ee7a bang Georgia \u00edt nh\u1ea5t s\u00e1u th\u00e1ng tr\u01b0\u1edbc khi n\u1ed9p \u0111\u01a1n. \u0110i\u1ec1u n\u00e0y c\u0169ng \u0111\u00fang \u0111\u1ed1i v\u1edbi nh\u1eefng c\u01b0 d\u00e2n Georgia \u0111ang \u0111\u01b0\u1ee3c c\u1ea5y gh\u00e9p b\u00ean ngo\u00e0i ti\u1ec3u bang Georgia.<\/li>\n<\/ul>\n\t\t\t\tL\u00e0m c\u00e1ch n\u00e0o \u0111\u1ec3 \u0111\u0103ng k\u00fd Ch\u01b0\u01a1ng tr\u00ecnh G\u00e2y qu\u1ef9 C\u1ea5y gh\u00e9p c\u1ee7a GTF?\n\t\t\t\t\t<ol>\n<li>\u0110i\u1ec1n v\u00e0o \u0111\u01a1n \u0111\u0103ng k\u00fd t\u1ea1i https:\/\/gatransplant.blackbaudwp.com\/our-programs\/transplant-fundraising-program\/ ho\u1eb7c nh\u1eadn m\u1ed9t \u0111\u01a1n t\u1eeb \u0111i\u1ec1u ph\u1ed1i vi\u00ean t\u00e0i ch\u00ednh c\u1ee7a trung t\u00e2m c\u1ea5y gh\u00e9p c\u1ee7a b\u1ea1n ho\u1eb7c qua th\u01b0 USPS t\u1eeb GTF.<\/li>\n<li>\u0110i\u1ec1n \u0111\u1ea7y \u0111\u1ee7 v\u00e0o \u0111\u01a1n \u0111\u0103ng k\u00fd.<\/li>\n<li>Tr\u1ea3 l\u1ea1i \u0111\u01a1n \u0111\u00e3 ho\u00e0n th\u00e0nh v\u1edbi <b><i>T\u1ea4T C\u1ea2 <\/i><\/b>t\u00e0i li\u1ec7u c\u1ea7n thi\u1ebft:\n<ol>\n<li><b>B\u1eb1ng ch\u1ee9ng c\u01b0 tr\u00fa:<\/b> \u0111\u00e2y c\u00f3 th\u1ec3 l\u00e0 b\u1ea3n sao gi\u1ea5y ph\u00e9p l\u00e1i xe c\u1ee7a b\u1ea1n (ho\u1eb7c ID kh\u00f4ng ph\u1ea3i l\u00e0 ng\u01b0\u1eddi l\u00e1i xe) v\u1edbi ng\u00e0y C\u1ea4P L\u00c0 <b>s\u00e1u (6) th\u00e1ng tu\u1ed5i <\/b>so v\u1edbi ng\u00e0y n\u1ed9p \u0111\u01a1n (ng\u00e0y ph\u00e1t h\u00e0nh n\u1eb1m b\u00ean c\u1ea1nh ng\u00e0y sinh c\u1ee7a b\u1ea1n), a <b>s\u00e1u (6) th\u00e1ng tu\u1ed5i <\/b>h\u00f3a \u0111\u01a1n \u0111i\u1ec7n n\u01b0\u1edbc, a <b>s\u00e1u (6) th\u00e1ng tu\u1ed5i <\/b>sao k\u00ea ng\u00e2n h\u00e0ng, m\u1ed9t l\u00e1 th\u01b0 t\u1eeb trung t\u00e2m l\u1ecdc m\u00e1u ho\u1eb7c c\u1ea5y gh\u00e9p c\u1ee7a b\u1ea1n n\u00f3i r\u1eb1ng b\u1ea1n \u0111\u00e3 l\u00e0 b\u1ec7nh nh\u00e2n \u1edf \u0111\u00f3 trong s\u00e1u (6) th\u00e1ng. T\u00e0i li\u1ec7u n\u00e0y ph\u1ea3i bao g\u1ed3m t\u00ean, \u0111\u1ecba ch\u1ec9 hi\u1ec7n t\u1ea1i c\u1ee7a b\u1ea1n v\u00e0 ng\u00e0y s\u00e1u (6) th\u00e1ng tr\u01b0\u1edbc ng\u00e0y b\u1ea1n \u0111i\u1ec1n \u0111\u01a1n.<\/li>\n<li><b>Ch\u1ee9ng minh thu nh\u1eadp <\/b>cho <b><i>M\u1eccI NG\u01af\u1edcI L\u1edaN <\/i><\/b>(18 tu\u1ed5i tr\u1edf l\u00ean) trong h\u1ed9 gia \u0111\u00ecnh. \u0110i\u1ec1u n\u00e0y c\u00f3 th\u1ec3 \u1edf d\u1ea1ng cu\u1ed1ng s\u00e9c l\u01b0\u01a1ng g\u1ea7n \u0111\u00e2y nh\u1ea5t c\u1ee7a b\u1ea1n, b\u1ea3n sao k\u00ea Thu nh\u1eadp An sinh X\u00e3 h\u1ed9i, m\u1ed9t b\u1ea3n sao k\u00ea ng\u00e2n h\u00e0ng cho th\u1ea5y kho\u1ea3n ti\u1ec1n g\u1eedi s\u00e9c An sinh X\u00e3 h\u1ed9i h\u00e0ng th\u00e1ng, ho\u1eb7c b\u1ea3n khai Thu\u1ebf Thu nh\u1eadp Li\u00ean bang g\u1ea7n \u0111\u00e2y nh\u1ea5t c\u1ee7a h\u1ed9 gia \u0111\u00ecnh.<\/li>\n<\/ol>\n<\/li>\n<\/ol>\n\t\t\t\tQu\u00e1 tr\u00ecnh n\u1ed9p \u0111\u01a1n v\u00e0 ghi danh m\u1ea5t bao l\u00e2u?\n\t\t\t\t\t<p>Qu\u00e1 tr\u00ecnh \u0111\u0103ng k\u00fd v\u00e0 \u0111\u0103ng k\u00fd c\u00f3 th\u1ec3 m\u1ea5t \u0111\u1ebfn ba m\u01b0\u01a1i (30) ng\u00e0y l\u00e0m vi\u1ec7c v\u00e0 ph\u1ea3i \u0111\u01b0\u1ee3c ho\u00e0n th\u00e0nh tr\u01b0\u1edbc khi b\u1ea1n th\u1ef1c hi\u1ec7n c\u1ea5y gh\u00e9p \u0111\u1ec3 b\u1ea1n \u0111\u1ee7 \u0111i\u1ec1u ki\u1ec7n cho Ch\u01b0\u01a1ng tr\u00ecnh Qu\u1ef9 ph\u00f9 h\u1ee3p. Qu\u00e1 tr\u00ecnh \u0111\u0103ng k\u00fd s\u1ebd l\u00e2u h\u01a1n n\u1ebfu:<\/p>\n<ul>\n<li>\u1ee8ng d\u1ee5ng kh\u00f4ng \u0111\u01b0\u1ee3c ho\u00e0n th\u00e0nh khi n\u1ed9p.<\/li>\n<li>B\u1ea1n kh\u00f4ng bao g\u1ed3m t\u1ea5t c\u1ea3 c\u00e1c t\u00e0i li\u1ec7u c\u1ea7n thi\u1ebft v\u1edbi \u1ee9ng d\u1ee5ng khi n\u1ed9p \u0111\u01a1n.<\/li>\n<li>B\u1ea1n ch\u01b0a ho\u00e0n th\u00e0nh vi\u1ec7c \u0111\u00e1nh gi\u00e1 tr\u01b0\u1edbc khi n\u1ed9p \u0111\u01a1n.<\/li>\n<li>B\u1ea1n kh\u00f4ng g\u1eedi l\u1ea1i th\u1ecfa thu\u1eadn kh\u00e1ch h\u00e0ng c\u1ee7a m\u00ecnh, \u0111\u00e3 k\u00fd v\u00e0 \u0111i\u1ec1n \u0111\u1ea7y \u0111\u1ee7 k\u1ecbp th\u1eddi.<\/li>\n<\/ul>\n\t\t\t\tS\u1ef1 kh\u00e1c bi\u1ec7t gi\u1eefa ch\u01b0\u01a1ng tr\u00ecnh ph\u00f9 h\u1ee3p v\u00e0 ch\u01b0a ph\u00f9 h\u1ee3p l\u00e0 g\u00ec?\n\t\t\t\t\t<ul>\n<li>C\u00e1c <strong>T\u00e0i kho\u1ea3n ph\u00f9 h\u1ee3p<\/strong> ch\u1ee7 y\u1ebfu d\u00e0nh cho nh\u1eefng kh\u00e1ch h\u00e0ng c\u00f3 nhu c\u1ea7u t\u00e0i ch\u00ednh l\u1edbn, \u0111\u0103ng k\u00fd tr\u01b0\u1edbc khi c\u1ea5y gh\u00e9p m\u00e0 nhu c\u1ea7u t\u00e0i ch\u00ednh c\u1ee7a h\u1ecd t\u1eadp trung v\u00e0o vi\u1ec7c c\u00f3 \u0111\u1ee7 ti\u1ec1n \u0111\u1ec3 mua thu\u1ed1c sau ph\u1eabu thu\u1eadt. N\u00f3 cung c\u1ea5p m\u1ed9t \u0111\u00f4 la cho kh\u1edbp \u0111\u00f4 la l\u00ean \u0111\u1ebfn $10.000 n\u1ebfu \u0111\u01b0\u1ee3c huy \u0111\u1ed9ng trong n\u0103m \u0111\u1ea7u ti\u00ean.\n<ul>\n<li>B\u1ea1n ch\u1ec9 c\u00f3 th\u1ec3 truy c\u1eadp $1,000 \u0111\u1ec3 \u0111\u01b0\u1ee3c ho\u00e0n tr\u1ea3 ti\u1ec1n thu\u1ed1c kh\u00f4ng theo toa n\u1ebfu b\u1ea1n \u0111ang tham gia ch\u01b0\u01a1ng tr\u00ecnh qu\u1ef9 ph\u00f9 h\u1ee3p.<\/li>\n<\/ul>\n<\/li>\n<li>C\u00e1c <strong>T\u00e0i kho\u1ea3n ch\u01b0a t\u1eebng c\u00f3<\/strong>\u00a0ch\u1ee7 y\u1ebfu d\u00e0nh cho nh\u1eefng kh\u00e1ch h\u00e0ng c\u00f3 nhu c\u1ea7u t\u00e0i ch\u00ednh th\u1ea5p h\u01a1n ho\u1eb7c nh\u1eefng ng\u01b0\u1eddi \u0111ang \u00e1p d\u1ee5ng sau khi c\u1ea5y gh\u00e9p, ho\u1eb7c cho nh\u1eefng kh\u00e1ch h\u00e0ng c\u00f3 nhu c\u1ea7u t\u00e0i ch\u00ednh l\u1edbn nh\u1ea5t l\u00e0 chi ph\u00ed ph\u00e1t sinh t\u1eeb vi\u1ec7c \u0111i l\u1ea1i ho\u1eb7c h\u00f3a \u0111\u01a1n y t\u1ebf v\u00e0 ph\u00ed b\u1ea3o hi\u1ec3m. S\u1ed1 ti\u1ec1n n\u00e0y c\u00f3 th\u1ec3 \u0111\u01b0\u1ee3c s\u1eed d\u1ee5ng \u0111\u1ec3 mua thu\u1ed1c sau ph\u1eabu thu\u1eadt ho\u1eb7c cho c\u00e1c nhu c\u1ea7u h\u1eadu ph\u1eabu kh\u00e1c \u0111\u00e1p \u1ee9ng c\u00e1c nguy\u00ean t\u1eafc c\u1ee7a GTF nh\u01b0 ch\u1ed7 \u1edf v\u00e0 \u0111i l\u1ea1i sau khi c\u1ea5y gh\u00e9p.<\/li>\n<\/ul>\n\t\t\t\tL\u00e0m c\u00e1ch n\u00e0o \u0111\u1ec3 g\u1eedi ti\u1ec1n v\u00e0o t\u00e0i kho\u1ea3n TFP c\u1ee7a t\u00f4i?\n\t\t\t\t\t<ol>\n<li>Kh\u00e1ch h\u00e0ng c\u00f3 th\u1ec3 s\u1eed d\u1ee5ng c\u00e1c phong b\u00ec m\u00e0u xanh m\u00e0 h\u1ecd nh\u1eadn \u0111\u01b0\u1ee3c trong g\u00f3i Ch\u00e0o m\u1eebng c\u1ee7a h\u1ecd \u0111\u1ec3 g\u1eedi c\u00e1c kho\u1ea3n \u0111\u00f3ng g\u00f3p m\u00e0 h\u1ecd nh\u1eadn \u0111\u01b0\u1ee3c t\u1eeb c\u00e1c n\u1ed7 l\u1ef1c g\u00e2y qu\u1ef9 c\u1ee7a h\u1ecd.\n<ul>\n<li>T\u1ea5t c\u1ea3 c\u00e1c kho\u1ea3n \u0111\u00f3ng g\u00f3p nh\u1eadn \u0111\u01b0\u1ee3c trong phong b\u00ec m\u00e0u xanh lam \u0111\u01b0\u1ee3c GTF coi l\u00e0 \u0111\u00e3 \u0111\u01b0\u1ee3c kh\u00e1ch h\u00e0ng th\u1eeba nh\u1eadn v\u00e0 ng\u01b0\u1eddi quy\u00ean g\u00f3p kh\u00f4ng nh\u1eadn \u0111\u01b0\u1ee3c s\u1ef1 x\u00e1c nh\u1eadn t\u1eeb GTF.<\/li>\n<\/ul>\n<\/li>\n<li>C\u00e1c nh\u00e0 t\u00e0i tr\u1ee3 c\u00f3 th\u1ec3 g\u1eedi qu\u00e0 tr\u1ef1c ti\u1ebfp \u0111\u1ebfn GTF.\n<ul>\n<li>Qu\u00e0 t\u1eb7ng nh\u1eadn tr\u1ef1c ti\u1ebfp t\u1eeb ng\u01b0\u1eddi t\u1eb7ng s\u1ebd \u0111\u01b0\u1ee3c ghi nh\u1eadn cho c\u1ea3 ng\u01b0\u1eddi t\u1eb7ng v\u00e0 kh\u00e1ch h\u00e0ng.<\/li>\n<\/ul>\n<\/li>\n<li>C\u00e1c kho\u1ea3n \u0111\u00f3ng g\u00f3p c\u00f3 th\u1ec3 \u0111\u01b0\u1ee3c th\u1ef1c hi\u1ec7n qua trang web TFP c\u1ee7a kh\u00e1ch h\u00e0ng.<\/li>\n<\/ol>\n\t\t\t\tL\u00e0m c\u00e1ch n\u00e0o \u0111\u1ec3 t\u00ecm s\u1ed1 d\u01b0 c\u1ee7a t\u00f4i?\n\t\t\t\t\t<ul>\n<li>M\u1ed7i kh\u00e1ch h\u00e0ng \u0111\u00e3 c\u00f3 ho\u1ea1t \u0111\u1ed9ng tr\u00ean t\u00e0i kho\u1ea3n, ti\u1ec1n g\u1eedi ho\u1eb7c thanh to\u00e1n c\u1ee7a h\u1ecd, \u0111\u1ec1u \u0111\u1ee7 \u0111i\u1ec1u ki\u1ec7n \u0111\u1ec3 nh\u1eadn \u0111\u01b0\u1ee3c b\u1ea3n sao k\u00ea h\u00e0ng qu\u00fd. B\u1ea1n c\u00f3 th\u1ec3 g\u1ecdi \u0111i\u1ec7n ho\u1eb7c g\u1eedi email cho Ng\u01b0\u1eddi qu\u1ea3n l\u00fd Ch\u01b0\u01a1ng tr\u00ecnh TFP \u0111\u1ec3 y\u00eau c\u1ea7u b\u00e1o c\u00e1o c\u1ee7a b\u1ea1n. Y\u00eau c\u1ea7u sao k\u00ea c\u00f3 th\u1ec3 \u0111\u01b0\u1ee3c th\u1ef1c hi\u1ec7n ch\u00edn m\u01b0\u01a1i (90) ng\u00e0y m\u1ed9t l\u1ea7n.<\/li>\n<li>N\u1ebfu b\u1ea1n c\u1ea7n s\u1ed1 d\u01b0 gi\u1eefa c\u00e1c b\u1ea3n sao k\u00ea, h\u00e3y g\u1ecdi ho\u1eb7c g\u1eedi email cho Ng\u01b0\u1eddi qu\u1ea3n l\u00fd Ch\u01b0\u01a1ng tr\u00ecnh TFP \u0111\u1ec3 y\u00eau c\u1ea7u s\u1ed1 d\u01b0. Email ph\u1ea3i \u0111\u1ebfn t\u1eeb \u0111\u1ecba ch\u1ec9 email \u0111\u01b0\u1ee3c li\u00ean k\u1ebft v\u1edbi t\u00e0i kho\u1ea3n TFP c\u1ee7a b\u1ea1n. Y\u00eau c\u1ea7u s\u1ed1 d\u01b0 c\u00f3 th\u1ec3 \u0111\u01b0\u1ee3c th\u1ef1c hi\u1ec7n ba m\u01b0\u01a1i (30) ng\u00e0y m\u1ed9t l\u1ea7n.<\/li>\n<\/ul>\n\t\t\t\tQuy tr\u00ecnh \u0111\u1ec3 \u0111\u01b0\u1ee3c ho\u00e0n tr\u1ea3 l\u00e0 g\u00ec?\n\t\t\t\t\t<p>\u0110\u1ec3 g\u1eedi chi ph\u00ed cho vi\u1ec7c ho\u00e0n tr\u1ea3, h\u00e3y \u0111i\u1ec1n \u0111\u1ea7y \u0111\u1ee7 v\u00e0o bi\u1ec3u m\u1eabu \u0111\u01b0\u1ee3c y\u00eau c\u1ea7u. Bao g\u1ed3m:<\/p>\n<ul>\n<li>C\u1eeda h\u00e0ng <em>bi\u00ean lai<\/em> ho\u1eb7c th\u01b0<em> h\u00f3a \u0111\u01a1n<\/em> cho t\u1ea5t c\u1ea3 c\u00e1c lo\u1ea1i thu\u1ed1c theo toa.<\/li>\n<li><i>Ch\u1ee9ng t\u1eeb thanh to\u00e1n <\/i>cho t\u1ea5t c\u1ea3 chi ph\u00ed thu\u1ed1c men<\/li>\n<li><i>B\u1eb1ng ch\u1ee9ng v\u1ec1 cu\u1ed9c h\u1eb9n <\/i>v\u00e0 <i>Ch\u1ee9ng t\u1eeb thanh to\u00e1n <\/i>cho m\u1ed7i chi ph\u00ed \u0111i l\u1ea1i - H\u00e3y nh\u1edb r\u1eb1ng b\u1ea1n ph\u1ea3i tr\u1ea3 tr\u01b0\u1edbc v\u00e0 \u0111\u01b0\u1ee3c ho\u00e0n l\u1ea1i chi ph\u00ed b\u1eb1ng ti\u1ec1n t\u1eeb t\u00e0i kho\u1ea3n c\u1ee7a b\u1ea1n.<\/li>\n<li>T\u1ed5ng t\u1ea5t c\u1ea3 c\u00e1c chi ph\u00ed v\u00e0 k\u00fd t\u00ean v\u00e0 g\u1eedi bi\u1ec3u m\u1eabu.<\/li>\n<\/ul>\n<p>T\u1ea5t c\u1ea3 c\u00e1c Kho\u1ea3n b\u1ed3i ho\u00e0n \u0111\u01b0\u1ee3c x\u1eed l\u00fd h\u00e0ng th\u00e1ng, v\u00e0o ng\u00e0y 15. C\u00e1c bi\u1ec3u m\u1eabu v\u00e0 t\u1ea5t c\u1ea3 t\u00e0i li\u1ec7u h\u1ed7 tr\u1ee3 ph\u1ea3i \u0111\u01b0\u1ee3c nh\u1eadn t\u1ea1i c\u00e1c v\u0103n ph\u00f2ng TFP c\u1ee7a GTF tr\u01b0\u1edbc ng\u00e0y 15 c\u1ee7a th\u00e1ng. M\u1ecdi bi\u1ec3u m\u1eabu nh\u1eadn \u0111\u01b0\u1ee3c sau ng\u00e0y 15 s\u1ebd \u0111\u01b0\u1ee3c x\u1eed l\u00fd v\u1edbi c\u00e1c y\u00eau c\u1ea7u c\u1ee7a th\u00e1ng ti\u1ebfp theo.<\/p>\n\t\t\t\tC\u00e1c kho\u1ea3n ph\u00ed li\u00ean quan \u0111\u1ebfn t\u00e0i kho\u1ea3n c\u1ee7a t\u00f4i l\u00e0 g\u00ec?\n\t\t\t\t\t<p>T\u1ea5t c\u1ea3 c\u00e1c t\u00e0i kho\u1ea3n TFP \u0111\u1ec1u ph\u1ea3i ch\u1ecbu ph\u00ed qu\u1ea3n l\u00fd 3%.<\/p>\n<ul>\n<li>Ph\u00ed \u0111\u01b0\u1ee3c t\u00ednh t\u1eeb m\u1ed7i kho\u1ea3n ti\u1ec1n g\u1eedi v\u00e0o t\u00e0i kho\u1ea3n c\u1ee7a kh\u00e1ch h\u00e0ng.\n<ul>\n<li>Trong v\u00f2ng \u0111\u1eddi c\u1ee7a t\u00e0i kho\u1ea3n, n\u1ebfu b\u1ea1n n\u1ea1p $10.000, ph\u00ed qu\u1ea3n l\u00fd ch\u1ec9 l\u00e0 $300.<\/li>\n<\/ul>\n<\/li>\n<li>All donations made via the websites are assessed an additional 5.25% credit card and processing fee.<\/li>\n<\/ul>\n\t\t\t\t\u0110i\u1ec1u g\u00ec x\u1ea3y ra n\u1ebfu t\u00f4i b\u1ecb lo\u1ea1i kh\u1ecfi danh s\u00e1ch c\u1ea5y gh\u00e9p ho\u1eb7c chuy\u1ec3n ra kh\u1ecfi ti\u1ec3u bang?\n\t\t\t\t\t<p>N\u1ebfu b\u1ea1n b\u1ecb lo\u1ea1i kh\u1ecfi danh s\u00e1ch v\u00ec b\u1ea5t k\u1ef3 l\u00fd do g\u00ec ho\u1eb7c chuy\u1ec3n sang tr\u1ea1ng th\u00e1i kh\u00e1c, t\u00e0i kho\u1ea3n ph\u00f9 h\u1ee3p TFP c\u1ee7a b\u1ea1n s\u1ebd \u0111\u01b0\u1ee3c chuy\u1ec3n sang t\u00e0i kho\u1ea3n ch\u01b0a kh\u1edbp v\u00e0 sau \u0111\u00f3 b\u1ea1n c\u00f3 th\u1ec3 b\u1eaft \u0111\u1ea7u s\u1eed d\u1ee5ng ti\u1ec1n ngay l\u1eadp t\u1ee9c th\u00f4ng qua quy tr\u00ecnh ho\u00e0n tr\u1ea3 v\u00e0 n\u00f3 c\u00f3 th\u1ec3 \u0111\u01b0\u1ee3c s\u1eed d\u1ee5ng cho \u0111\u01a1n thu\u1ed1c v\u00e0 b\u1ea5t k\u1ef3 h\u00f3a \u0111\u01a1n y t\u1ebf n\u00e0o n\u1eb1m d\u01b0\u1edbi gi\u1edbi h\u1ea1n $1.000 trong ch\u01b0\u01a1ng tr\u00ecnh ph\u00f9 h\u1ee3p.<\/p>\n\t\t<h2>\n\t\t\tOther Resources\n\t\t<\/h2>\n\t<p><a href=\"https:\/\/www.cigna.com\/legal\/compliance\/machine-readable-files\" target=\"_blank\" rel=\"noopener\">https:\/\/www.cigna.com\/legal\/compliance\/machine-readable-files<\/a><\/p>","protected":false},"excerpt":{"rendered":"<p>C\u00e1c \u1ee9ng d\u1ee5ng, h\u01b0\u1edbng d\u1eabn v\u00e0 c\u00e1c t\u00e0i nguy\u00ean kh\u00e1c li\u00ean quan \u0111\u1ebfn c\u00e1c ch\u01b0\u01a1ng tr\u00ecnh c\u1ee7a ch\u00fang t\u00f4i.<\/p>","protected":false},"author":43,"featured_media":7005,"parent":6839,"menu_order":53,"comment_status":"closed","ping_status":"closed","template":"","meta":{"_acf_changed":false,"_monsterinsights_skip_tracking":false,"_monsterinsights_sitenote_active":false,"_monsterinsights_sitenote_note":"","_monsterinsights_sitenote_category":0,"footnotes":""},"class_list":["post-6913","page","type-page","status-publish","has-post-thumbnail","hentry"],"acf":[],"aioseo_notices":[],"_links":{"self":[{"href":"https:\/\/gatransplant.blackbaudwp.com\/vi\/wp-json\/wp\/v2\/pages\/6913","targetHints":{"allow":["GET"]}}],"collection":[{"href":"https:\/\/gatransplant.blackbaudwp.com\/vi\/wp-json\/wp\/v2\/pages"}],"about":[{"href":"https:\/\/gatransplant.blackbaudwp.com\/vi\/wp-json\/wp\/v2\/types\/page"}],"author":[{"embeddable":true,"href":"https:\/\/gatransplant.blackbaudwp.com\/vi\/wp-json\/wp\/v2\/users\/43"}],"replies":[{"embeddable":true,"href":"https:\/\/gatransplant.blackbaudwp.com\/vi\/wp-json\/wp\/v2\/comments?post=6913"}],"version-history":[{"count":5,"href":"https:\/\/gatransplant.blackbaudwp.com\/vi\/wp-json\/wp\/v2\/pages\/6913\/revisions"}],"predecessor-version":[{"id":62533,"href":"https:\/\/gatransplant.blackbaudwp.com\/vi\/wp-json\/wp\/v2\/pages\/6913\/revisions\/62533"}],"up":[{"embeddable":true,"href":"https:\/\/gatransplant.blackbaudwp.com\/vi\/wp-json\/wp\/v2\/pages\/6839"}],"wp:featuredmedia":[{"embeddable":true,"href":"https:\/\/gatransplant.blackbaudwp.com\/vi\/wp-json\/wp\/v2\/media\/7005"}],"wp:attachment":[{"href":"https:\/\/gatransplant.blackbaudwp.com\/vi\/wp-json\/wp\/v2\/media?parent=6913"}],"curies":[{"name":"wp","href":"https:\/\/api.w.org\/{rel}","templated":true}]}}