{"id":6912,"date":"2020-06-22T17:45:17","date_gmt":"2020-06-22T21:45:17","guid":{"rendered":"https:\/\/gatransplant.org\/about-us\/reports-financials\/"},"modified":"2025-09-08T11:39:41","modified_gmt":"2025-09-08T15:39:41","slug":"reports-financials","status":"publish","type":"page","link":"https:\/\/gatransplant.blackbaudwp.com\/vi\/about-us\/reports-financials\/","title":{"rendered":"B\u00e1o c\u00e1o &amp; T\u00e0i ch\u00ednh"},"content":{"rendered":"<h1>\n\t\t\tB\u00e1o c\u00e1o &amp; T\u00e0i ch\u00ednh\n\t\t<\/h1>\n\t\t\t<p>T\u00ecm hi\u1ec3u c\u00e1ch Qu\u1ef9 C\u1ea5y gh\u00e9p Georgia s\u1eed d\u1ee5ng ti\u1ec1n c\u1ee7a b\u1ea1n \u0111\u1ec3 l\u00e0m vi\u1ec7c b\u1eb1ng c\u00e1ch L\u00e0m gi\u00e0u Cu\u1ed9c s\u1ed1ng v\u00e0 thu h\u1eb9p kho\u1ea3ng c\u00e1ch gi\u1eefa hy v\u1ecdng v\u00e0 c\u01a1 h\u1ed9i.<\/p>\n\t\t<h2>\n\t\t\tM\u1ed7i \u0111\u00f4 la \u0111\u00f3ng g\u00f3p \u0111\u1ea3m b\u1ea3o r\u1eb1ng ch\u00fang t\u00f4i c\u00f3 th\u1ec3 ti\u1ebfp t\u1ee5c l\u00e0m gi\u00e0u cu\u1ed9c s\u1ed1ng c\u1ee7a c\u1ed9ng \u0111\u1ed3ng c\u1ea5y gh\u00e9p m\u00e0 ch\u00fang t\u00f4i ph\u1ee5c v\u1ee5.\n\t\t<\/h2>\n\t\t\t<p>Georgia Transplant Foundation works hard to keep administrative costs down &#8211; more than 94 cents of every dollar donated to our organization goes directly to support client services.Your generous support, in addition to the funding we receive from The Carlos and Marguerite Mason Trust, makes a positive impact in the lives of thousands of Georgians living with an organ transplant through the financial, educational and emotional assistance they need. Thanks to your contribution:<ul><li>H\u01a1n 2.000 b\u1ec7nh nh\u00e2n c\u1ea5y gh\u00e9p tr\u1ebb em v\u00e0 ng\u01b0\u1eddi l\u1edbn nh\u1eadn \u0111\u01b0\u1ee3c c\u00e1c d\u1ecbch v\u1ee5 quan tr\u1ecdng v\u00e0 h\u1ed7 tr\u1ee3 m\u1ed7i n\u0103m.<\/li><li>C\u00e1c Ch\u01b0\u01a1ng tr\u00ecnh H\u1ed7 tr\u1ee3 T\u00e0i ch\u00ednh gi\u00fap trang tr\u1ea3i chi ph\u00ed li\u00ean quan \u0111\u1ebfn c\u1ea5y gh\u00e9p<\/li><li>C\u00e1c \u1ee9ng vi\u00ean v\u00e0 ng\u01b0\u1eddi nh\u1eadn c\u1ea5y gh\u00e9p c\u00f3 th\u1ec3 duy tr\u00ec c\u1ea5y gh\u00e9p th\u00e0nh c\u00f4ng.<\/li><\/ul><strong>\u0110\u01b0a ti\u1ec1n c\u1ee7a b\u1ea1n \u0111\u1ec3 l\u00e0m vi\u1ec7c<\/strong><br \/>In recognition of the Georgia Transplant Foundation&#8217;s commitment to accountability and transparency, we have received the highest rating and accreditation from the non-profit watchdog organizations designed to help contributors make well-informed giving decisions: Charity Navigator and GuideStar.<\/p>\t\t\n\t\t\t\tDonor Report\n\t\t\t\tIRS Form 990\n\t\t\t\tAudit Report\n\t\t\t\t\t\t\tDonor Report\n\t\t\t\t<p>B\u00e1o c\u00e1o t\u00e0i tr\u1ee3 c\u1ee7a GTF,\u00a0<em>D\u1ea5u \u1ea5n l\u00e2u d\u00e0i<\/em>, cung c\u1ea5p b\u1ea3n \u0111\u00e1nh gi\u00e1 t\u1ed5ng k\u1ebft h\u00e0ng n\u0103m v\u1ec1 th\u00e0nh t\u00edch v\u00e0 t\u00e0i ch\u00ednh c\u1ee7a ch\u00fang t\u00f4i c\u0169ng nh\u01b0 danh s\u00e1ch c\u00e1c c\u1ed9ng t\u00e1c vi\u00ean c\u1ee7a ch\u00fang t\u00f4i. Vui l\u00f2ng nh\u1ea5p v\u00e0o b\u00e1o c\u00e1o b\u00ean d\u01b0\u1edbi \u0111\u1ec3 t\u1ea3i xu\u1ed1ng b\u1ea3n PDF c\u1ee7a D\u1ea5u \u1ea4n L\u00e2u D\u00e0i.<\/p>\n<ul>\n<li>B\u00e1o c\u00e1o nh\u00e0 t\u00e0i tr\u1ee3 n\u0103m 2018<\/li>\n<li>B\u00e1o c\u00e1o nh\u00e0 t\u00e0i tr\u1ee3 2015<\/li>\n<li>B\u00e1o c\u00e1o nh\u00e0 t\u00e0i tr\u1ee3 2014<\/li>\n<li>B\u00e1o c\u00e1o t\u00e0i tr\u1ee3 n\u0103m 2013<\/li>\n<\/ul>\n\t\t\t\t\t\t\tIRS Form 990\n\t\t\t\t<p>L\u00e0 m\u1ed9t t\u1ed5 ch\u1ee9c \u0111\u01b0\u1ee3c mi\u1ec5n thu\u1ebf theo \u0111i\u1ec1u 501 (c) (3), m\u1ed7i n\u0103m T\u1ed5 ch\u1ee9c C\u1ea5y gh\u00e9p Georgia n\u1ed9p M\u1eabu 990 cho S\u1edf Thu\u1ebf v\u1ee5.<\/p>\n<ul>\n<li><a href=\"https:\/\/gatransplant.org\/wp-content\/uploads\/2021\/01\/990_2019.pdf\" target=\"\">Bi\u1ec3u m\u1eabu 990 c\u1ee7a IRS cho n\u0103m 2019<\/a><\/li>\n<li><a href=\"https:\/\/gatransplant.org\/wp-content\/uploads\/2021\/01\/990_2018.pdf\" target=\"\">IRS Bi\u1ec3u m\u1eabu 990 cho n\u0103m 2018<\/a><\/li>\n<li><a href=\"https:\/\/gatransplant.org\/wp-content\/uploads\/2021\/01\/990_2017.pdf\" target=\"\">IRS Bi\u1ec3u m\u1eabu 990 cho n\u0103m 2017<\/a><\/li>\n<\/ul>\n\t\t\t\t\t\t\tAudit Report\n\t\t\t\t<p>M\u1ed7i n\u0103m, Qu\u1ef9 C\u1ea5y gh\u00e9p Georgia tr\u1ea3i qua m\u1ed9t cu\u1ed9c ki\u1ec3m to\u00e1n nghi\u00eam ng\u1eb7t do c\u00e1c ki\u1ec3m to\u00e1n vi\u00ean \u0111\u1ed9c l\u1eadp, b\u00ean ngo\u00e0i th\u1ef1c hi\u1ec7n v\u1edbi m\u1ee5c \u0111\u00edch xem x\u00e9t t\u1ea5t c\u1ea3 c\u00e1c kho\u1ea3n thu nh\u1eadp v\u00e0 chi ti\u00eau c\u1ee7a Qu\u1ef9. B\u1ea1n c\u00f3 th\u1ec3 t\u1ea3i xu\u1ed1ng c\u00e1c b\u00e1o c\u00e1o ph\u00e1t hi\u1ec7n n\u00e0y c\u00f9ng v\u1edbi b\u00e1o c\u00e1o t\u00e0i ch\u00ednh h\u1ee3p nh\u1ea5t c\u1ee7a ch\u00fang t\u00f4i d\u01b0\u1edbi \u0111\u00e2y:<\/p>\n<ul>\n<li><a href=\"https:\/\/gatransplant.org\/wp-content\/uploads\/2020\/10\/2019-AUDIT.pdf\" target=\"\">B\u00e1o c\u00e1o t\u00e0i ch\u00ednh H\u1ee3p nh\u1ea5t Cu\u1ed1i n\u0103m ng\u00e0y 31 th\u00e1ng 12 n\u0103m 2019<\/a><\/li>\n<li><a href=\"https:\/\/gatransplant.org\/wp-content\/uploads\/2020\/10\/2018_Audit.pdf\" target=\"\">B\u00e1o c\u00e1o t\u00e0i ch\u00ednh H\u1ee3p nh\u1ea5t Cu\u1ed1i n\u0103m ng\u00e0y 31 th\u00e1ng 12 n\u0103m 2018<\/a><\/li>\n<li><a href=\"https:\/\/gatransplant.org\/wp-content\/uploads\/2020\/10\/2017_Audit.pdf\" target=\"\">B\u00e1o c\u00e1o t\u00e0i ch\u00ednh H\u1ee3p nh\u1ea5t Cu\u1ed1i n\u0103m ng\u00e0y 31 th\u00e1ng 12 n\u0103m 2017<\/a><\/li>\n<\/ul>\n\t\t<h2>\n\t\t\tL\u00e0m gi\u00e0u cu\u1ed9c s\u1ed1ng\n\t\t<\/h2>\n\t\t\t\t\t\t\t\t\t\t<p>GTF h\u1ed7 tr\u1ee3 b\u1ec7nh nh\u00e2n c\u1ea5y gh\u00e9p c\u1ee7a t\u00f4i theo nh\u1eefng c\u00e1ch ngo\u00e0i nh\u1eefng g\u00ec b\u1ec7nh vi\u1ec7n c\u00f3 th\u1ec3 l\u00e0m. C\u00e1c d\u1ecbch v\u1ee5 c\u1ee7a GTF h\u1ed7 tr\u1ee3 b\u1ec7nh nh\u00e2n l\u1ea5y thu\u1ed1c c\u1ea7n thi\u1ebft v\u00e0 duy tr\u00ec ca c\u1ea5y gh\u00e9p th\u00e0nh c\u00f4ng. V\u00ec l\u00fd do n\u00e0y, t\u00f4i ti\u1ebfp t\u1ee5c h\u1ed7 tr\u1ee3 GTF v\u00e0 c\u00e1c ch\u01b0\u01a1ng tr\u00ecnh m\u00e0 h\u1ecd cung c\u1ea5p.<\/p>\n\t\t\t\t\t\t\t\t\t<h3>-Andy S<\/h3>\n\t\t\t\t\t\t\t\t\t\t\t\t\t<h4>Financial Contributor<\/h4>\n\t<!-- \/.pp-testimonials -->\n\t<a href=\"#\" id=\"trigger-\" role=\"button\" data-modal=\"\" data-node=\"\">\n\t\t\t\t\t<\/a>\n\t\t\t\t\t\tXem tr\u01b0\u1edbc ph\u01b0\u01a1ng th\u1ee9c-\n\t\t\t\t\t\t<iframe width=\"960\" height=\"715\" src=\"https:\/\/www.youtube.com\/embed\/W1BQR3vyjLc\" frameborder=\"0\" allow=\"accelerometer; autoplay; clipboard-write; encrypted-media; gyroscope; picture-in-picture\" allowfullscreen><\/iframe>\t\t\t\t\t\n\t<p>Video t\u1ed5ng quan v\u1ec1 c\u00e1c ch\u01b0\u01a1ng tr\u00ecnh v\u00e0 d\u1ecbch v\u1ee5 c\u1ee7a ch\u00fang t\u00f4i.<\/p>","protected":false},"excerpt":{"rendered":"<p>T\u00ecm hi\u1ec3u c\u00e1ch Qu\u1ef9 C\u1ea5y gh\u00e9p Georgia s\u1eed d\u1ee5ng ti\u1ec1n c\u1ee7a b\u1ea1n \u0111\u1ec3 l\u00e0m vi\u1ec7c b\u1eb1ng c\u00e1ch L\u00e0m gi\u00e0u Cu\u1ed9c s\u1ed1ng v\u00e0 thu h\u1eb9p kho\u1ea3ng c\u00e1ch gi\u1eefa hy v\u1ecdng v\u00e0 c\u01a1 h\u1ed9i.<\/p>","protected":false},"author":43,"featured_media":8283,"parent":6839,"menu_order":52,"comment_status":"closed","ping_status":"closed","template":"","meta":{"_acf_changed":false,"_monsterinsights_skip_tracking":false,"_monsterinsights_sitenote_active":false,"_monsterinsights_sitenote_note":"","_monsterinsights_sitenote_category":0,"footnotes":""},"class_list":["post-6912","page","type-page","status-publish","has-post-thumbnail","hentry"],"acf":[],"aioseo_notices":[],"_links":{"self":[{"href":"https:\/\/gatransplant.blackbaudwp.com\/vi\/wp-json\/wp\/v2\/pages\/6912","targetHints":{"allow":["GET"]}}],"collection":[{"href":"https:\/\/gatransplant.blackbaudwp.com\/vi\/wp-json\/wp\/v2\/pages"}],"about":[{"href":"https:\/\/gatransplant.blackbaudwp.com\/vi\/wp-json\/wp\/v2\/types\/page"}],"author":[{"embeddable":true,"href":"https:\/\/gatransplant.blackbaudwp.com\/vi\/wp-json\/wp\/v2\/users\/43"}],"replies":[{"embeddable":true,"href":"https:\/\/gatransplant.blackbaudwp.com\/vi\/wp-json\/wp\/v2\/comments?post=6912"}],"version-history":[{"count":5,"href":"https:\/\/gatransplant.blackbaudwp.com\/vi\/wp-json\/wp\/v2\/pages\/6912\/revisions"}],"predecessor-version":[{"id":62536,"href":"https:\/\/gatransplant.blackbaudwp.com\/vi\/wp-json\/wp\/v2\/pages\/6912\/revisions\/62536"}],"up":[{"embeddable":true,"href":"https:\/\/gatransplant.blackbaudwp.com\/vi\/wp-json\/wp\/v2\/pages\/6839"}],"wp:featuredmedia":[{"embeddable":true,"href":"https:\/\/gatransplant.blackbaudwp.com\/vi\/wp-json\/wp\/v2\/media\/8283"}],"wp:attachment":[{"href":"https:\/\/gatransplant.blackbaudwp.com\/vi\/wp-json\/wp\/v2\/media?parent=6912"}],"curies":[{"name":"wp","href":"https:\/\/api.w.org\/{rel}","templated":true}]}}