{"id":6911,"date":"2020-06-22T17:45:17","date_gmt":"2020-06-22T21:45:17","guid":{"rendered":"https:\/\/gatransplant.org\/about-us\/imprint-magazine\/"},"modified":"2025-09-08T10:33:00","modified_gmt":"2025-09-08T14:33:00","slug":"imprint-magazine","status":"publish","type":"page","link":"https:\/\/gatransplant.blackbaudwp.com\/vi\/about-us\/imprint-magazine\/","title":{"rendered":"T\u1ea1p ch\u00ed D\u1ea5u \u1ea5n"},"content":{"rendered":"<h1>\n\t\t\tT\u1ea0P CH\u00cd IMPRINT\n\t\t<\/h1>\n\t\t<h2>\n\t\t\tT\u1ea1p ch\u00ed D\u1ea5u \u1ea5n GTF\n\t\t<\/h2>\n\t\t\t<p>Imprint Magazine is published twice a year and distributed to more than 28,000+ transplant candidates, recipients, living donors, healthcare professional, event attendees, sponsors, and other members of Georgia&#8217;s transplant community.\u00a0<h3>Need to make updates, changes, or to cancel your subscription?<\/h3>Please email: <a href=\"mailto:Imprint@gatransplant.org\">Imprint@gatransplant.org<\/a>. N\u1ebfu b\u1ea1n c\u00f3 th\u1eafc m\u1eafc v\u1ec1 qu\u1ea3ng c\u00e1o tr\u00ean T\u1ea1p ch\u00ed D\u1ea5u \u1ea5n, vui l\u00f2ng li\u00ean h\u1ec7 v\u1edbi Rita t\u1ea1i <a href=\"mailto:RMichaels@gatransplant.org\">RMichaels@gatransplant.org<\/a> ho\u1eb7c (678) 514.1180.<\/p>\t\t\n\t\t<h2>\n\t\t\tPrevious Imprint Magazine Issues\n\t\t<\/h2>\n\t\t<h3>\n\t\t\tVolume 13 (2019)\n\t\t<\/h3>\n\t\t\t<p><a href=\"https:\/\/issuu.com\/rghm\/docs\/issue13_bleeds\"><img decoding=\"async\" src=\"https:\/\/gatransplant.org\/wp-content\/uploads\/2022\/02\/Issue13_bleeds_Page_01-Medium.png\" alt=\"\" width=\"303\" height=\"402\" \/><\/a><\/p>\n\t\t<h3>\n\t\t\tVolume 12 (2018)\n\t\t<\/h3>\n\t\t\t<p><a href=\"https:\/\/issuu.com\/rghm\/docs\/vol12_bleeds_2\"><img decoding=\"async\" src=\"https:\/\/gatransplant.org\/wp-content\/uploads\/2022\/02\/Vol12_cover_Page_01.png\" alt=\"\" width=\"295\" height=\"374\" srcset=\"https:\/\/gatransplant.org\/wp-content\/uploads\/2022\/02\/Vol12_cover_Page_01.png 2048w, https:\/\/gatransplant.org\/wp-content\/uploads\/2022\/02\/Vol12_cover_Page_01-1104x1400.png 1104w, https:\/\/gatransplant.org\/wp-content\/uploads\/2022\/02\/Vol12_cover_Page_01-768x974.png 768w, https:\/\/gatransplant.org\/wp-content\/uploads\/2022\/02\/Vol12_cover_Page_01-1211x1536.png 1211w, https:\/\/gatransplant.org\/wp-content\/uploads\/2022\/02\/Vol12_cover_Page_01-1615x2048.png 1615w, https:\/\/gatransplant.org\/wp-content\/uploads\/2022\/02\/Vol12_cover_Page_01-9x12.png 9w\" sizes=\"(max-width: 295px) 100vw, 295px\"\/><\/a><\/p>\n\t\t<h3>\n\t\t\tVolume 9 (Spring\/Summer 2016)\n\t\t<\/h3>\n\t\t\t<p><a href=\"https:\/\/issuu.com\/rghm\/docs\/imprint_9_final\"><img decoding=\"async\" src=\"https:\/\/gatransplant.org\/wp-content\/uploads\/2022\/02\/Imprint-9-Final_Page_01-Small.png\" alt=\"\" width=\"254\" height=\"320\" srcset=\"https:\/\/gatransplant.org\/wp-content\/uploads\/2022\/02\/Imprint-9-Final_Page_01-Small.png 254w, https:\/\/gatransplant.org\/wp-content\/uploads\/2022\/02\/Imprint-9-Final_Page_01-Small-10x12.png 10w\" sizes=\"(max-width: 254px) 100vw, 254px\"\/><\/a><\/p>\n\t\t<h3>\n\t\t\tVolume 8 (Summer\/Fall 2015)\n\t\t<\/h3>\n\t\t\t<p><a href=\"https:\/\/issuu.com\/rghm\/docs\/vol_8_final\"><img decoding=\"async\" src=\"https:\/\/gatransplant.org\/wp-content\/uploads\/2022\/02\/VOL-8-FINAL_Page_01-Small.png\" alt=\"\" width=\"251\" height=\"320\" srcset=\"https:\/\/gatransplant.org\/wp-content\/uploads\/2022\/02\/VOL-8-FINAL_Page_01-Small.png 251w, https:\/\/gatransplant.org\/wp-content\/uploads\/2022\/02\/VOL-8-FINAL_Page_01-Small-9x12.png 9w\" sizes=\"(max-width: 251px) 100vw, 251px\"\/><\/a><\/p>","protected":false},"excerpt":{"rendered":"<p>T\u1ea1p ch\u00ed D\u1ea5u \u1ea5n \u0111\u01b0\u1ee3c xu\u1ea5t b\u1ea3n hai l\u1ea7n m\u1ed9t n\u0103m v\u00e0 ph\u00e2n ph\u1ed1i cho h\u01a1n 28.000+ \u1ee9ng vi\u00ean gh\u00e9p t\u1ea1ng, ng\u01b0\u1eddi nh\u1eadn, ng\u01b0\u1eddi hi\u1ebfn t\u1eb7ng c\u00f2n s\u1ed1ng v\u00e0 c\u00e1c th\u00e0nh vi\u00ean kh\u00e1c c\u1ee7a c\u1ed9ng \u0111\u1ed3ng c\u1ea5y gh\u00e9p Georgia.<\/p>","protected":false},"author":43,"featured_media":7206,"parent":6839,"menu_order":51,"comment_status":"closed","ping_status":"closed","template":"","meta":{"_acf_changed":false,"_monsterinsights_skip_tracking":false,"_monsterinsights_sitenote_active":false,"_monsterinsights_sitenote_note":"","_monsterinsights_sitenote_category":0,"footnotes":""},"class_list":["post-6911","page","type-page","status-publish","has-post-thumbnail","hentry"],"acf":[],"aioseo_notices":[],"_links":{"self":[{"href":"https:\/\/gatransplant.blackbaudwp.com\/vi\/wp-json\/wp\/v2\/pages\/6911","targetHints":{"allow":["GET"]}}],"collection":[{"href":"https:\/\/gatransplant.blackbaudwp.com\/vi\/wp-json\/wp\/v2\/pages"}],"about":[{"href":"https:\/\/gatransplant.blackbaudwp.com\/vi\/wp-json\/wp\/v2\/types\/page"}],"author":[{"embeddable":true,"href":"https:\/\/gatransplant.blackbaudwp.com\/vi\/wp-json\/wp\/v2\/users\/43"}],"replies":[{"embeddable":true,"href":"https:\/\/gatransplant.blackbaudwp.com\/vi\/wp-json\/wp\/v2\/comments?post=6911"}],"version-history":[{"count":5,"href":"https:\/\/gatransplant.blackbaudwp.com\/vi\/wp-json\/wp\/v2\/pages\/6911\/revisions"}],"predecessor-version":[{"id":62513,"href":"https:\/\/gatransplant.blackbaudwp.com\/vi\/wp-json\/wp\/v2\/pages\/6911\/revisions\/62513"}],"up":[{"embeddable":true,"href":"https:\/\/gatransplant.blackbaudwp.com\/vi\/wp-json\/wp\/v2\/pages\/6839"}],"wp:featuredmedia":[{"embeddable":true,"href":"https:\/\/gatransplant.blackbaudwp.com\/vi\/wp-json\/wp\/v2\/media\/7206"}],"wp:attachment":[{"href":"https:\/\/gatransplant.blackbaudwp.com\/vi\/wp-json\/wp\/v2\/media?parent=6911"}],"curies":[{"name":"wp","href":"https:\/\/api.w.org\/{rel}","templated":true}]}}