{"id":6910,"date":"2020-06-22T17:45:17","date_gmt":"2020-06-22T21:45:17","guid":{"rendered":"https:\/\/gatransplant.org\/about-us\/contact-us\/"},"modified":"2025-09-03T10:47:19","modified_gmt":"2025-09-03T14:47:19","slug":"contact-us","status":"publish","type":"page","link":"https:\/\/gatransplant.blackbaudwp.com\/vi\/about-us\/contact-us\/","title":{"rendered":"Li\u00ean h\u1ec7 ch\u00fang t\u00f4i"},"content":{"rendered":"<h1>\n\t\t\tContact Us\n\t\t\t\t\t\t\t\t\t\t\tThank you for your interest in the Georgia Transplant Foundation.\n\t\t<\/h1>\n\t\t\t<p>N\u1ebfu b\u1ea1n mu\u1ed1n li\u00ean h\u1ec7 v\u1edbi ch\u00fang t\u00f4i, vui l\u00f2ng \u0111i\u1ec1n v\u00e0o bi\u1ec3u m\u1eabu b\u00ean d\u01b0\u1edbi ho\u1eb7c s\u1eed d\u1ee5ng s\u1ed1 \u0111i\u1ec7n tho\u1ea1i \/ \u0111\u1ecba ch\u1ec9 email \u0111\u01b0\u1ee3c li\u1ec7t k\u00ea b\u00ean d\u01b0\u1edbi. Ng\u01b0\u1eddi th\u00edch h\u1ee3p s\u1ebd li\u00ean h\u1ec7 l\u1ea1i v\u1edbi b\u1ea1n trong th\u1eddi gian s\u1edbm nh\u1ea5t.<\/p>\t\t\n\t<h3>Send us a message<\/h3>\n                            \n\t\t\t\t\t\t\t&quot;*&quot; indicates required fields\n                        <form method='post' enctype='multipart\/form-data' target='gform_ajax_frame_1' id='gform_1'  action='https:\/\/gatransplant.blackbaudwp.com\/vi\/about-us\/contact-us\/?fl_builder&#038;fl_builder_ui_iframe#gf_1' data-formid='1' novalidate data-trp-original-action=\"https:\/\/gatransplant.blackbaudwp.com\/about-us\/contact-us\/?fl_builder&#038;fl_builder_ui_iframe#gf_1\">\n                        <fieldset id=\"field_1_1\"><legend class='gfield_label gform-field-label gfield_label_before_complex'>T\u00ean*<\/legend>\n                                                    <input type='text' name='input_1.3' id='input_1_1_3' value=''   aria-required='true'     \/>\n                                                    <label for='input_1_1_3' class='gform-field-label gform-field-label--type-sub'>\u0110\u1ea7u ti\u00ean<\/label>\n                                                    <input type='text' name='input_1.6' id='input_1_1_6' value=''   aria-required='true'     \/>\n                                                    <label for='input_1_1_6' class='gform-field-label gform-field-label--type-sub'>Cu\u1ed1i c\u00f9ng<\/label>\n                        <\/fieldset><label class='gfield_label gform-field-label' for='input_1_2'>E-mail*<\/label>\n                            <input name='input_2' id='input_1_2' type='email' value='' class='large'    aria-required=\"true\" aria-invalid=\"false\"  \/>\n                        <label class='gfield_label gform-field-label' for='input_1_6'>\u0110i\u1ec7n tho\u1ea1i*<\/label><input name='input_6' id='input_1_6' type='tel' value='' class='large'   aria-required=\"true\" aria-invalid=\"false\"   \/><label class='gfield_label gform-field-label' for='input_1_4'>Message*<\/label><textarea name='input_4' id='input_1_4' class='textarea medium'     aria-required=\"true\" aria-invalid=\"false\"   rows='10' cols='50'><\/textarea><label class='gfield_label gform-field-label' for='input_1_7'>M\u00c3 NG\u1eaaU NHI\u00caN<\/label><label class='gfield_label gform-field-label' for='input_1_8'>E-mail<\/label><input name='input_8' id='input_1_8' type='text' value='' autocomplete='new-password'\/>Tr\u01b0\u1eddng n\u00e0y d\u00e0nh cho m\u1ee5c \u0111\u00edch x\u00e1c th\u1ef1c v\u00e0 n\u00ean \u0111\u01b0\u1ee3c gi\u1eef nguy\u00ean.\n         <input type='submit' id='gform_submit_button_1' class='gform_button button' onclick='gform.submission.handleButtonClick(this);' data-submission-type='submit' value='G\u1eedi \u0111i'  \/> <input type='hidden' name='gform_ajax' value='form_id=1&amp;title=&amp;description=1&amp;tabindex=0&amp;theme=gravity-theme&amp;styles=[]&amp;hash=2e1a592017975be5e2419e9cb74e2d08' \/>\n            <input type='hidden' class='gform_hidden' name='gform_submission_method' data-js='gform_submission_method_1' value='iframe' \/>\n            <input type='hidden' class='gform_hidden' name='gform_theme' data-js='gform_theme_1' id='gform_theme_1' value='gravity-theme' \/>\n            <input type='hidden' class='gform_hidden' name='gform_style_settings' data-js='gform_style_settings_1' id='gform_style_settings_1' value='[]' \/>\n            <input type='hidden' class='gform_hidden' name='is_submit_1' value='1' \/>\n            <input type='hidden' class='gform_hidden' name='gform_submit' value='1' \/>\n            <input type='hidden' class='gform_hidden' name='gform_unique_id' value='' \/>\n            <input type='hidden' class='gform_hidden' name='state_1' value='WyJbXSIsIjQ2ZDIxYzhkOGRhYzAzNWExNmM2ZjRmNTMxNmRjODdiIl0=' \/>\n            <input type='hidden' autocomplete='off' class='gform_hidden' name='gform_target_page_number_1' id='gform_target_page_number_1' value='0' \/>\n            <input type='hidden' autocomplete='off' class='gform_hidden' name='gform_source_page_number_1' id='gform_source_page_number_1' value='1' \/>\n            <input type='hidden' name='gform_field_values' value='' \/>\n                        <input type=\"hidden\" name=\"trp-form-language\" value=\"vi\"\/><\/form>\n\t\t                <iframe style='display:none;width:0px;height:0px;' src='about:blank' name='gform_ajax_frame_1' id='gform_ajax_frame_1' title='Khung n\u1ed9i tuy\u1ebfn n\u00e0y ch\u1ee9a logic c\u1ea7n thi\u1ebft \u0111\u1ec3 x\u1eed l\u00fd c\u00e1c Bi\u1ec3u m\u1eabu tr\u1ecdng l\u1ef1c do Ajax cung c\u1ea5p.'><\/iframe>\n\t\t<h3>\n\t\t\tOther Ways to Contact Us\n\t\t<\/h3>\n\t\t\t<p>N\u1ebfu b\u1ea1n \u0111ang c\u1ed1 g\u1eafng ti\u1ebfp c\u1eadn m\u1ed9t ai \u0111\u00f3 c\u1ee5 th\u1ec3, vui l\u00f2ng xem <a href=\"https:\/\/gatransplant.blackbaudwp.com\/vi\/about-us\/our-staff\/\">danh s\u00e1ch nh\u00e2n vi\u00ean<\/a> cho c\u00e1c \u0111\u1ecba ch\u1ec9 email tr\u1ef1c ti\u1ebfp.<strong>B\u1eb1ng \u0111i\u1ec7n tho\u1ea1i:<\/strong><ul><li>Ch\u00ednh: 770-457-3796<\/li><li>T\u1ed5ng \u0111\u00e0i mi\u1ec5n ph\u00ed: 1-866-428-9411<\/li><\/ul><strong>B\u1eb1ng Fax:<\/strong><ul><li>Ch\u01b0\u01a1ng tr\u00ecnh G\u00e2y qu\u1ef9 C\u1ea5y gh\u00e9p: 678-666-1371<\/li><li>Ch\u01b0\u01a1ng tr\u00ecnh H\u1ed7 tr\u1ee3 T\u00e0i ch\u00ednh: 770-212-2178<\/li><\/ul><strong>B\u1eb1ng email:<\/strong><ul><li>Ch\u1ee7 y\u1ebfu: <a href=\"mailto:GTF@gatransplant.org\">GTF@gatransplant.org<\/a><\/li><li>Ti\u1ebfng T\u00e2y Ban Nha (Espanol): <a href=\"mailto:espanol@gatransplant.org\">espanol@gatransplant.org<\/a><\/li><li>Ch\u01b0\u01a1ng tr\u00ecnh G\u00e2y qu\u1ef9 C\u1ea5y gh\u00e9p: <a href=\"mailto:TFP@gatransplant.org\">TFP@gatransplant.org<\/a><\/li><li>Xu h\u01b0\u1edbng c\u1ea5y gh\u00e9p: <a href=\"mailto:TNT@gatransplant.org\">TNT@gatransplant.org<\/a><\/li><li>Th\u00f4ng tin t\u00ecnh nguy\u1ec7n vi\u00ean: <a href=\"mailto:volunteer@gatransplant.org\">volunteer@gatransplant.org<\/a><\/li><li>T\u1ea1p ch\u00ed D\u1ea5u \u1ea5n: <a href=\"mailto:imprint@gatransplant.org\">imprint@gatransplant.org<\/a><\/li><li>D\u1ef1 \u00e1n C\u1ed1 v\u1ea5n: <a href=\"mailto:mentor@gatransplant.org\">mentor@gatransplant.org<\/a><\/li><li>JumpStart Program: <a href=\"mailto:jumpstart@gatransplant.org\">jumpstart@gatransplant.org<\/a><\/li><\/ul><strong>B\u1eb1ng th\u01b0 t\u1eeb:<\/strong><br \/>T\u1ed5 ch\u1ee9c c\u1ea5y gh\u00e9p Georgia<br \/>885 Woodstock Road, Suite 430-542<br \/>Roswell, GA 30075-2274<strong>Georgia Transplant Foundation Office (In-Person):<\/strong><br \/>T\u1ed5 ch\u1ee9c c\u1ea5y gh\u00e9p Georgia<br \/>2201 Macy Drive<br \/>Roswell, GA 30076Our office is located at the corner of Crossville and Crabapple Road in Roswell, behind the QT gas station and Slopes BBQ restaurant.\u00a0<i>***If you are driving to GTF, please type in the office&#8217;s physical address and not just &#8220;Georgia Transplant Foundation&#8221; into your GPS\u00a0system, or you run the risk of navigating to our old office in Sandy Springs.\u00a0<\/i>Xin l\u01b0u \u00fd r\u1eb1ng ch\u00fang t\u00f4i kh\u00f4ng th\u1ec3 \u0111\u01b0a ra l\u1eddi khuy\u00ean y t\u1ebf v\u00e0 c\u00f3 th\u1ec3 kh\u00f4ng cung c\u1ea5p cho b\u1ea1n m\u1ed9t s\u1ed1 th\u00f4ng tin qua \u0111i\u1ec7n tho\u1ea1i.<\/p>","protected":false},"excerpt":{"rendered":"<p>N\u1ebfu b\u1ea1n mu\u1ed1n li\u00ean h\u1ec7 v\u1edbi ch\u00fang t\u00f4i, vui l\u00f2ng \u0111i\u1ec1n v\u00e0o bi\u1ec3u m\u1eabu tr\u00ean trang n\u00e0y. Ng\u01b0\u1eddi th\u00edch h\u1ee3p s\u1ebd li\u00ean h\u1ec7 l\u1ea1i v\u1edbi b\u1ea1n trong th\u1eddi gian s\u1edbm nh\u1ea5t.<\/p>","protected":false},"author":43,"featured_media":7092,"parent":6839,"menu_order":50,"comment_status":"closed","ping_status":"closed","template":"","meta":{"_acf_changed":false,"_monsterinsights_skip_tracking":false,"_monsterinsights_sitenote_active":false,"_monsterinsights_sitenote_note":"","_monsterinsights_sitenote_category":0,"footnotes":""},"class_list":["post-6910","page","type-page","status-publish","has-post-thumbnail","hentry"],"acf":[],"aioseo_notices":[],"_links":{"self":[{"href":"https:\/\/gatransplant.blackbaudwp.com\/vi\/wp-json\/wp\/v2\/pages\/6910","targetHints":{"allow":["GET"]}}],"collection":[{"href":"https:\/\/gatransplant.blackbaudwp.com\/vi\/wp-json\/wp\/v2\/pages"}],"about":[{"href":"https:\/\/gatransplant.blackbaudwp.com\/vi\/wp-json\/wp\/v2\/types\/page"}],"author":[{"embeddable":true,"href":"https:\/\/gatransplant.blackbaudwp.com\/vi\/wp-json\/wp\/v2\/users\/43"}],"replies":[{"embeddable":true,"href":"https:\/\/gatransplant.blackbaudwp.com\/vi\/wp-json\/wp\/v2\/comments?post=6910"}],"version-history":[{"count":5,"href":"https:\/\/gatransplant.blackbaudwp.com\/vi\/wp-json\/wp\/v2\/pages\/6910\/revisions"}],"predecessor-version":[{"id":62448,"href":"https:\/\/gatransplant.blackbaudwp.com\/vi\/wp-json\/wp\/v2\/pages\/6910\/revisions\/62448"}],"up":[{"embeddable":true,"href":"https:\/\/gatransplant.blackbaudwp.com\/vi\/wp-json\/wp\/v2\/pages\/6839"}],"wp:featuredmedia":[{"embeddable":true,"href":"https:\/\/gatransplant.blackbaudwp.com\/vi\/wp-json\/wp\/v2\/media\/7092"}],"wp:attachment":[{"href":"https:\/\/gatransplant.blackbaudwp.com\/vi\/wp-json\/wp\/v2\/media?parent=6910"}],"curies":[{"name":"wp","href":"https:\/\/api.w.org\/{rel}","templated":true}]}}