{"id":6908,"date":"2020-06-22T17:45:17","date_gmt":"2020-06-22T21:45:17","guid":{"rendered":"https:\/\/gatransplant.org\/about-us\/board-of-directors\/"},"modified":"2025-09-08T11:13:42","modified_gmt":"2025-09-08T15:13:42","slug":"board-of-directors","status":"publish","type":"page","link":"https:\/\/gatransplant.blackbaudwp.com\/vi\/about-us\/board-of-directors\/","title":{"rendered":"Ban gi\u00e1m \u0111\u1ed1c"},"content":{"rendered":"<h1>\n\t\t\tBan gi\u00e1m \u0111\u1ed1c\n\t\t<\/h1>\n\t\t\t<p>H\u1ed9i \u0111\u1ed3ng qu\u1ea3n tr\u1ecb c\u1ee7a ch\u00fang t\u00f4i bao g\u1ed3m c\u00e1c chuy\u00ean gia y t\u1ebf t\u1eadn t\u00e2m, c\u00e1c nh\u00e0 l\u00e3nh \u0111\u1ea1o doanh nghi\u1ec7p, nh\u1eefng ng\u01b0\u1eddi \u0111\u01b0\u1ee3c c\u1ea5y gh\u00e9p v\u00e0 c\u00e1c t\u00ecnh nguy\u1ec7n vi\u00ean trong c\u1ed9ng \u0111\u1ed3ng c\u00f9ng l\u00e0m vi\u1ec7c \u0111\u1ec3 c\u1ea3i thi\u1ec7n ch\u1ea5t l\u01b0\u1ee3ng cu\u1ed9c s\u1ed1ng c\u1ee7a nh\u1eefng ng\u01b0\u1eddi b\u1ecb \u1ea3nh h\u01b0\u1edfng b\u1edfi c\u1ea5y gh\u00e9p.<\/p>\t\t\n\t\t<h2>\n\t\t\t2025 BOARD OF DIRECTORS\n\t\t<\/h2>\n\t\t\t<p>H\u1ed9i \u0111\u1ed3ng qu\u1ea3n tr\u1ecb c\u1ee7a GTF h\u1ecdp b\u1ed1n l\u1ea7n m\u1ed9t n\u0103m, cung c\u1ea5p gi\u00e1m s\u00e1t v\u00e0 h\u01b0\u1edbng d\u1eabn cho nh\u00e2n vi\u00ean, \u0111\u1ed3ng th\u1eddi ch\u1ecbu tr\u00e1ch nhi\u1ec7m qu\u1ea3n l\u00fd v\u00e0 \u1ee7y th\u00e1c cho Qu\u1ef9. Th\u00e0nh vi\u00ean h\u1ed9i \u0111\u1ed3ng qu\u1ea3n tr\u1ecb c\u00f3 nhi\u1ec7m k\u1ef3 ba n\u0103m v\u00e0 c\u00f3 th\u1ec3 ch\u1ecdn gia h\u1ea1n nhi\u1ec7m k\u1ef3 th\u1ee9 hai.<\/p>\n                        <img decoding=\"async\" src=\"https:\/\/gatransplant.blackbaudwp.com\/wp-content\/uploads\/bb-plugin\/cache\/Melanie-150x150-circle.jpg\" alt=\"Melanie\" itemprop=\"image\" title=\"Melanie\"  \/>\n\t\t                    <h4>Melanie Calkins<\/h4>\n                \t\t        \t\n\t\t        \t\t        \t<h6>Board Chair<\/h6><p>LBS (retired)<\/p>\n                        <img decoding=\"async\" src=\"https:\/\/gatransplant.blackbaudwp.com\/wp-content\/uploads\/bb-plugin\/cache\/Jennie-scaled-e1737581858668-150x150-circle.jpeg\" alt=\"Jennie\" itemprop=\"image\" title=\"Jennie\"  \/>\n\t\t                    <h4>Jennie Perryman,*<\/h4>\n                \t\t        \t<p>RN, PhD<\/p>\n\t\t        \t\t        \t<h5>Chair-Elect<\/h5><p>Emory Transplant (retired)<\/p>\n                        <img decoding=\"async\" src=\"https:\/\/gatransplant.blackbaudwp.com\/wp-content\/uploads\/bb-plugin\/cache\/Jansen-150x150-circle.jpg\" alt=\"Jansen Bailey\" itemprop=\"image\" title=\"Jansen Bailey\"  \/>\n\t\t                    <h4>Jansen Bailey<\/h4>\n                \t\t        \t\n\t\t        \t\t        \t<h6>Th\u1ee7 qu\u1ef9<\/h6><p>Acunis Wealth Partners<\/p>\n                        <img decoding=\"async\" src=\"https:\/\/gatransplant.blackbaudwp.com\/wp-content\/uploads\/bb-plugin\/cache\/Lester-1-150x150-circle.jpeg\" alt=\"Lester Crowell\" itemprop=\"image\" title=\"Lester Crowell\"  \/>\n\t\t                    <h4>Lester Crowell, Jr.<\/h4>\n                \t\t        \t\n\t\t        \t\t        \t<h6>At Large<\/h6><p>Three-13 Salon, Spa &amp; Boutique<\/p>\n                        <img decoding=\"async\" src=\"https:\/\/gatransplant.blackbaudwp.com\/wp-content\/uploads\/bb-plugin\/cache\/Meghan-Muldoon-150x150-circle.jpg\" alt=\"Meghan Muldoon\" itemprop=\"image\" height=\"150\" width=\"150\" title=\"Meghan Muldoon\"  \/>\n\t\t                    <h4>Meghan Schaub,<\/h4>\n                \t\t        \tMPH, CPHQ\n\t\t        \t\t        \t<h6>At Large<\/h6><p>B\u1ec7nh vi\u1ec7n \u0110\u1ea1i h\u1ecdc Emory<\/p>\n                        <img decoding=\"async\" src=\"https:\/\/gatransplant.blackbaudwp.com\/wp-content\/uploads\/bb-plugin\/cache\/robert_paredes-150x150-circle.png\" alt=\"Robert Paredes\" itemprop=\"image\" title=\"Robert Paredes\"  \/>\n\t\t                    <h4>Robert Paredes<\/h4>\n                \t\t        \t\n\t\t        \t\t        \t<h6>At Large<\/h6><p>Jackson + Coker Healthcare<\/p>\n                        <img decoding=\"async\" src=\"https:\/\/gatransplant.blackbaudwp.com\/wp-content\/uploads\/bb-plugin\/cache\/Janett-150x150-circle.jpg\" alt=\"Janet Barnett\" itemprop=\"image\" title=\"Janet Barnett\"  \/>\n\t\t                    <h4>Janet Barnett *<\/h4>\n                \t\t        \t<p>P.A.-C.<\/p>\n\t\t        \t\t        \t<p>Wellstar MCG (retired)<\/p>\n                        <img decoding=\"async\" src=\"https:\/\/gatransplant.blackbaudwp.com\/wp-content\/uploads\/bb-plugin\/cache\/Albers-150x150-circle.jpeg\" alt=\"Senator Albers\" itemprop=\"image\" title=\"Senator Albers\"  \/>\n\t\t                    <h4>John Albers,<\/h4>\n                \t\t        \t<p>Senator<\/p>\n\t\t        \t\t        \t<p>GA Senate District 56<\/p>\n                        <img decoding=\"async\" src=\"https:\/\/gatransplant.blackbaudwp.com\/wp-content\/uploads\/bb-plugin\/cache\/Linda-Heiden-150x150-circle.jpeg\" alt=\"Linda Heiden\" itemprop=\"image\" title=\"Linda Heiden\"  \/>\n\t\t                    <h4>Linda Heiden,*<\/h4>\n                \t\t        \t<p>RN<\/p>\n\t\t        \t\t        \t<p>LifeLink of Georgia (retired)<\/p>\n                        <img decoding=\"async\" src=\"https:\/\/gatransplant.blackbaudwp.com\/wp-content\/uploads\/bb-plugin\/cache\/Rusty-150x150-circle.jpg\" alt=\"Rusty\" itemprop=\"image\" title=\"Rusty\"  \/>\n\t\t                    <h4>Rusty Humphrey<\/h4>\n                \t\t        \t\n\t\t        \t\t        \t<p>CareDx, Inc<\/p>\n                        <img decoding=\"async\" src=\"https:\/\/gatransplant.blackbaudwp.com\/wp-content\/uploads\/bb-plugin\/cache\/kittinger-150x150-circle.jpg\" alt=\"Kittinger\" itemprop=\"image\" title=\"Kittinger\"  \/>\n\t\t                    <h4>Jennifer Kittinger,<\/h4>\n                \t\t        \t<p>LCSW<\/p>\n\t\t        \t\t        \t<p>Mayo Clinic, Jacksonville<\/p>\n                        <img decoding=\"async\" src=\"https:\/\/gatransplant.blackbaudwp.com\/wp-content\/uploads\/bb-plugin\/cache\/Christina-Klein-150x150-circle.jpeg\" alt=\"Christina Klein\" itemprop=\"image\" title=\"Christina Klein\"  \/>\n\t\t                    <h4>Christina Klein,<\/h4>\n                \t\t        \t<p>MD<\/p>\n\t\t        \t\t        \t<p>Vi\u1ec7n c\u1ea5y gh\u00e9p Piedmont<\/p>\n                        <img decoding=\"async\" src=\"https:\/\/gatransplant.blackbaudwp.com\/wp-content\/uploads\/bb-plugin\/cache\/TinaK-150x150-circle.png\" alt=\"Tina\" itemprop=\"image\" height=\"150\" width=\"150\" title=\"Tina K\"  \/>\n\t\t                    <h4>Tina Kroeppler<\/h4>\n                \t\t        \t\n\t\t        \t\t        \t<p>LifeLink c\u1ee7a Georgia<\/p>\n                        <img decoding=\"async\" src=\"https:\/\/gatransplant.blackbaudwp.com\/wp-content\/uploads\/bb-plugin\/cache\/GA_Liverman-150x150-circle.jpg\" alt=\"GA Liverman\" itemprop=\"image\" title=\"GA Liverman\"  \/>\n\t\t                    <h4>Rochelle Liverman,<\/h4>\n                \t\t        \t<p>PharmD<\/p>\n\t\t        \t\t        \t<p>Alexion AstraZeneca Rare Disease<\/p>\n                        <img decoding=\"async\" src=\"https:\/\/gatransplant.blackbaudwp.com\/wp-content\/uploads\/bb-plugin\/cache\/Chad-Mao-150x150-circle.jpeg\" alt=\"Chad Mao\" itemprop=\"image\" title=\"Chad Mao\"  \/>\n\t\t                    <h4>Chad Y. Mao,<\/h4>\n                \t\t        \t<p>MD<\/p>\n\t\t        \t\t        \t<p>Ch\u0103m s\u00f3c s\u1ee9c kh\u1ecfe tr\u1ebb em c\u1ee7a Atlanta<\/p>\n                        <img decoding=\"async\" src=\"https:\/\/gatransplant.blackbaudwp.com\/wp-content\/uploads\/bb-plugin\/cache\/Homepage-150x150-circle.jpg\" alt=\"Red heart in child kid  mother and father hands in vintage color tone. love,care and family concept\" itemprop=\"image\" title=\"Homepage Red Heart\"  \/>\n\t\t                    <h4>Marshall Norseng<\/h4>\n                \t\t        \t\n                        <img decoding=\"async\" src=\"https:\/\/gatransplant.blackbaudwp.com\/wp-content\/uploads\/bb-plugin\/cache\/reshamwala-preeti-ambrish-circle.jpg\" alt=\"Reshamwala Preeti Ambrish\" itemprop=\"image\" title=\"Reshamwala Preeti Ambrish\"  \/>\n\t\t                    <h4>Preeti<\/h4>\n                \t\t        \tReshamwala, MD\n\t\t        \t\t        \t<p>Emory University<\/p>\n                        <img decoding=\"async\" src=\"https:\/\/gatransplant.blackbaudwp.com\/wp-content\/uploads\/bb-plugin\/cache\/Matt-Smith-150x150-circle.jpeg\" alt=\"Matt Smith\" itemprop=\"image\" title=\"Matt Smith\"  \/>\n\t\t                    <h4>Matthew Smith<\/h4>\n                \t\t        \t\n\t\t        \t\t        \t<p>UnitedHealthcare<\/p>\n                        <img decoding=\"async\" src=\"https:\/\/gatransplant.blackbaudwp.com\/wp-content\/uploads\/bb-plugin\/cache\/QuincyW-150x150-circle.jpeg\" alt=\"Quincy Weatherspoon\" itemprop=\"image\" height=\"150\" width=\"150\" title=\"Quincy Weatherspoon\"  \/>\n\t\t                    <h4>Quincy<\/h4>\n                \t\t        \t<p>Weatherspoon<\/p>\n\t\t        \t\t        \t<p>Flatiron Health<\/p>\n                        <img decoding=\"async\" src=\"https:\/\/gatransplant.blackbaudwp.com\/wp-content\/uploads\/bb-plugin\/cache\/C-Wiggins-150x150-circle.jpg\" alt=\"C Wiggins\" itemprop=\"image\" title=\"C Wiggins\"  \/>\n\t\t                    <h4>Christina Wiggins,<\/h4>\n                \t\t        \t<p>RN, BSN, MBA<\/p>\n\t\t        \t\t        \t<p>Wellstar MCG Health<\/p>\n                        <img decoding=\"async\" src=\"https:\/\/gatransplant.blackbaudwp.com\/wp-content\/uploads\/bb-plugin\/cache\/Ben-150x150-circle.jpeg\" alt=\"Ben Barkley\" itemprop=\"image\" title=\"Ben Barkley\"  \/>\n\t\t                    <h4>Ben Barkley, JD<\/h4>\n                \t\t        \t\n\t\t        \t\t        \t<h6>C\u1ed1 v\u1ea5n<\/h6><p>Kilpatrick Townsend &amp; Stockton LLP<\/p>\n                        <img decoding=\"async\" src=\"https:\/\/gatransplant.blackbaudwp.com\/wp-content\/uploads\/bb-plugin\/cache\/Noah-Benz-150x150-circle.jpeg\" alt=\"Noah Benz\" itemprop=\"image\" title=\"Noah Benz\"  \/>\n\t\t                    <h4>Noah Benz, JD<\/h4>\n                \t\t        \t\n\t\t        \t\t        \t<h6>Th\u01b0 k\u00fd<\/h6><p>SilverStream<\/p>\n\t\t\t\t\t\t\t\t\t\t\t\n\t\t\t<p><em>* Th\u00e0nh vi\u00ean Ban s\u00e1ng l\u1eadp<\/em><\/p>","protected":false},"excerpt":{"rendered":"<p>H\u1ed9i \u0111\u1ed3ng qu\u1ea3n tr\u1ecb c\u1ee7a ch\u00fang t\u00f4i bao g\u1ed3m c\u00e1c chuy\u00ean gia y t\u1ebf t\u1eadn t\u00e2m, c\u00e1c nh\u00e0 l\u00e3nh \u0111\u1ea1o doanh nghi\u1ec7p, nh\u1eefng ng\u01b0\u1eddi \u0111\u01b0\u1ee3c c\u1ea5y gh\u00e9p v\u00e0 c\u00e1c t\u00ecnh nguy\u1ec7n vi\u00ean trong c\u1ed9ng \u0111\u1ed3ng c\u00f9ng l\u00e0m vi\u1ec7c \u0111\u1ec3 c\u1ea3i thi\u1ec7n ch\u1ea5t l\u01b0\u1ee3ng cu\u1ed9c s\u1ed1ng c\u1ee7a nh\u1eefng ng\u01b0\u1eddi b\u1ecb \u1ea3nh h\u01b0\u1edfng b\u1edfi c\u1ea5y gh\u00e9p.<\/p>","protected":false},"author":43,"featured_media":7137,"parent":6839,"menu_order":48,"comment_status":"closed","ping_status":"closed","template":"","meta":{"_acf_changed":false,"_monsterinsights_skip_tracking":false,"_monsterinsights_sitenote_active":false,"_monsterinsights_sitenote_note":"","_monsterinsights_sitenote_category":0,"footnotes":""},"class_list":["post-6908","page","type-page","status-publish","has-post-thumbnail","hentry"],"acf":[],"aioseo_notices":[],"_links":{"self":[{"href":"https:\/\/gatransplant.blackbaudwp.com\/vi\/wp-json\/wp\/v2\/pages\/6908","targetHints":{"allow":["GET"]}}],"collection":[{"href":"https:\/\/gatransplant.blackbaudwp.com\/vi\/wp-json\/wp\/v2\/pages"}],"about":[{"href":"https:\/\/gatransplant.blackbaudwp.com\/vi\/wp-json\/wp\/v2\/types\/page"}],"author":[{"embeddable":true,"href":"https:\/\/gatransplant.blackbaudwp.com\/vi\/wp-json\/wp\/v2\/users\/43"}],"replies":[{"embeddable":true,"href":"https:\/\/gatransplant.blackbaudwp.com\/vi\/wp-json\/wp\/v2\/comments?post=6908"}],"version-history":[{"count":5,"href":"https:\/\/gatransplant.blackbaudwp.com\/vi\/wp-json\/wp\/v2\/pages\/6908\/revisions"}],"predecessor-version":[{"id":62524,"href":"https:\/\/gatransplant.blackbaudwp.com\/vi\/wp-json\/wp\/v2\/pages\/6908\/revisions\/62524"}],"up":[{"embeddable":true,"href":"https:\/\/gatransplant.blackbaudwp.com\/vi\/wp-json\/wp\/v2\/pages\/6839"}],"wp:featuredmedia":[{"embeddable":true,"href":"https:\/\/gatransplant.blackbaudwp.com\/vi\/wp-json\/wp\/v2\/media\/7137"}],"wp:attachment":[{"href":"https:\/\/gatransplant.blackbaudwp.com\/vi\/wp-json\/wp\/v2\/media?parent=6908"}],"curies":[{"name":"wp","href":"https:\/\/api.w.org\/{rel}","templated":true}]}}