{"id":6907,"date":"2020-06-22T17:45:17","date_gmt":"2020-06-22T21:45:17","guid":{"rendered":"https:\/\/gatransplant.org\/about-us\/our-impact\/"},"modified":"2025-09-08T11:05:49","modified_gmt":"2025-09-08T15:05:49","slug":"our-impact","status":"publish","type":"page","link":"https:\/\/gatransplant.blackbaudwp.com\/vi\/about-us\/our-impact\/","title":{"rendered":"T\u00e1c \u0111\u1ed9ng c\u1ee7a ch\u00fang t\u00f4i"},"content":{"rendered":"<h1>\n\t\t\tT\u00e1c \u0111\u1ed9ng c\u1ee7a ch\u00fang t\u00f4i\n\t\t<\/h1>\n\t\t\t<p>Ch\u00fang t\u00f4i cung c\u1ea5p h\u1ed7 tr\u1ee3 t\u00e0i ch\u00ednh, gi\u00e1o d\u1ee5c v\u00e0 tinh th\u1ea7n cho c\u00e1c \u1ee9ng c\u1eed vi\u00ean c\u1ea5y gh\u00e9p n\u1ed9i t\u1ea1ng, ng\u01b0\u1eddi nh\u1eadn, ng\u01b0\u1eddi hi\u1ebfn t\u1eb7ng c\u00f2n s\u1ed1ng v\u00e0 gia \u0111\u00ecnh c\u1ee7a h\u1ecd \u1edf Georgia.<\/p>\t\t\n\t\t<h2>\n\t\t\t$2.03 million\n\t\t\t\t\t\t\t\t\t\t\tdistributed in financial assistance in 2022\n\t\t<\/h2>\n\t\t$673,337\n\t\t\t\t\tin Emergency Assistance\n\t\t$205,668\n\t\t\t\t\tin Medication Assistance\n\t\t$401,963\n\t\t\t\t\tin Lodging Assistance\n\t\t$101,824\n\t\t\t\t\tin Pre-Transplant Assistance\n\t\t$293,903\n\t\t\t\t\tin Insurance Assistance\n\t\t$30,474\n\t\t\t\t\tin Dental Assistance\n\t\t<h2>\n\t\t\tC\u00f9ng nhau b\u01b0\u1edbc\n\t\t<\/h2>\n\t\t\t\t\t\t\t\t\t\t<p>C\u1ea3m \u01a1n b\u1ea1n \u0111\u00e3 cho ch\u00fang t\u00f4i m\u1ed9t li\u1ec1u l\u01b0\u1ee3ng l\u1edbn hy v\u1ecdng v\u00e0 \u0111\u1ed9ng vi\u00ean - c\u1ea3m gi\u00e1c nh\u01b0 cu\u1ed9c s\u1ed1ng m\u1edbi \u0111\u00e3 \u0111\u01b0\u1ee3c th\u1ed5i v\u00e0o cu\u1ed9c s\u1ed1ng c\u1ee7a nh\u1eefng ng\u01b0\u1eddi ch\u0103m s\u00f3c v\u00e0 t\u00f4i \u0111\u01b0\u1ee3c trang b\u1ecb c\u00f4ng c\u1ee5 \u0111\u1ec3 \u0111\u1ed1i ph\u00f3!<\/p>\n\t\t\t\t\t\t\t\t\t<h3>- Nh\u1eefng ng\u01b0\u1eddi tham d\u1ef1 kh\u00f3a tu d\u01b0\u1ee1ng l\u00e0m gi\u00e0u cho c\u00e1c c\u1eb7p \u0111\u00f4i<\/h3>\n\t<!-- \/.pp-testimonials -->\n\t\t<h4>\n\t\t\tGTF c\u0169ng cung c\u1ea5p c\u00e1c h\u1ed9i ngh\u1ecb gi\u00e1o d\u1ee5c, c\u1ed1 v\u1ea5n, d\u1ecbch v\u1ee5 ngh\u1ec1 nghi\u1ec7p, v.v.\n\t\t<\/h4>\n\t\t\t<a href=\"https:\/\/gatransplant.org\/our-programs\/education-community-programs\/\" target=\"_self\">\n\t\t\t\t\t\t\tLearn more\n\t\t\t\t\t<\/a>\n\t\t<h2>\n\t\t\tH\u1ed7 tr\u1ee3 ng\u01b0\u1eddi Gruzia \u1edf c\u1ea3 khu v\u1ef1c t\u00e0u \u0111i\u1ec7n ng\u1ea7m Atlanta v\u00e0 kh\u1eafp ti\u1ec3u bang\n\t\t<\/h2>\n\t\t129\n\t\t\t\t\ttransplant patients took part in the JumpStart return to work initiative in 2021\n\t\t2,000+\n\t\t\t\t\torgan transplant patients received support through GTF&#8217;s programs and services\n\t\t3,584\n\t\t\t\t\tpatients enrolled in the Transplant Fundraising Program\n\t\t<h2>\n\t\t\tGi\u00fap ch\u00fang t\u00f4i gi\u00e1o d\u1ee5c v\u00e0 l\u00e0m phong ph\u00fa cu\u1ed9c s\u1ed1ng c\u1ee7a nh\u1eefng ng\u01b0\u1eddi b\u1ecb \u1ea3nh h\u01b0\u1edfng b\u1edfi c\u1ea5y gh\u00e9p n\u1ed9i t\u1ea1ng.\n\t\t<\/h2>\n\t\t\t<a href=\"https:\/\/support.gatransplant.org\/\" target=\"_self\">\n\t\t\t\t\t\t\t\u0110\u00f3ng g\u00f3p\n\t\t\t\t\t<\/a>\n\t\t\t<a href=\"https:\/\/gatransplant.org\/giving\/tribute-donation\/\" target=\"_self\">\n\t\t\t\t\t\t\tL\u00e0m qu\u00e0 t\u1eb7ng tri \u00e2n\n\t\t\t\t\t<\/a>","protected":false},"excerpt":{"rendered":"<p>Our Impact We provide financial, educational, and emotional assistance to organ transplant candidates, recipients, living donors, and their families in Georgia. $2.03 million distributed in financial assistance in 2022 $673,337&hellip;<\/p>","protected":false},"author":43,"featured_media":0,"parent":6839,"menu_order":47,"comment_status":"closed","ping_status":"closed","template":"","meta":{"_acf_changed":false,"_monsterinsights_skip_tracking":false,"_monsterinsights_sitenote_active":false,"_monsterinsights_sitenote_note":"","_monsterinsights_sitenote_category":0,"footnotes":""},"class_list":["post-6907","page","type-page","status-publish","hentry"],"acf":[],"aioseo_notices":[],"_links":{"self":[{"href":"https:\/\/gatransplant.blackbaudwp.com\/vi\/wp-json\/wp\/v2\/pages\/6907","targetHints":{"allow":["GET"]}}],"collection":[{"href":"https:\/\/gatransplant.blackbaudwp.com\/vi\/wp-json\/wp\/v2\/pages"}],"about":[{"href":"https:\/\/gatransplant.blackbaudwp.com\/vi\/wp-json\/wp\/v2\/types\/page"}],"author":[{"embeddable":true,"href":"https:\/\/gatransplant.blackbaudwp.com\/vi\/wp-json\/wp\/v2\/users\/43"}],"replies":[{"embeddable":true,"href":"https:\/\/gatransplant.blackbaudwp.com\/vi\/wp-json\/wp\/v2\/comments?post=6907"}],"version-history":[{"count":5,"href":"https:\/\/gatransplant.blackbaudwp.com\/vi\/wp-json\/wp\/v2\/pages\/6907\/revisions"}],"predecessor-version":[{"id":62519,"href":"https:\/\/gatransplant.blackbaudwp.com\/vi\/wp-json\/wp\/v2\/pages\/6907\/revisions\/62519"}],"up":[{"embeddable":true,"href":"https:\/\/gatransplant.blackbaudwp.com\/vi\/wp-json\/wp\/v2\/pages\/6839"}],"wp:attachment":[{"href":"https:\/\/gatransplant.blackbaudwp.com\/vi\/wp-json\/wp\/v2\/media?parent=6907"}],"curies":[{"name":"wp","href":"https:\/\/api.w.org\/{rel}","templated":true}]}}