{"id":6899,"date":"2020-06-22T17:44:07","date_gmt":"2020-06-22T21:44:07","guid":{"rendered":"https:\/\/gatransplant.org\/giving\/employee-giving\/"},"modified":"2025-09-09T10:17:02","modified_gmt":"2025-09-09T14:17:02","slug":"employee-giving","status":"publish","type":"page","link":"https:\/\/gatransplant.blackbaudwp.com\/vi\/giving\/employee-giving\/","title":{"rendered":"Nh\u00e2n vi\u00ean t\u1eb7ng"},"content":{"rendered":"<h1>\n\t\t\tNh\u00e2n vi\u00ean t\u1eb7ng\n\t\t<\/h1>\n\t\t\t<p>C\u00f3 hai c\u00e1ch \u0111\u1ec3 quy\u00ean g\u00f3p cho Qu\u1ef9 C\u1ea5y gh\u00e9p Georgia th\u00f4ng qua n\u01a1i l\u00e0m vi\u1ec7c c\u1ee7a b\u1ea1n.<\/p>\t\t\n\t\t<h1>\n\t\t\tGive Via your paycheck\n\t\t<\/h1>\n\t\t\t<p>C\u00e1c ch\u01b0\u01a1ng tr\u00ecnh t\u1eb7ng qu\u00e0 t\u1ea1i n\u01a1i l\u00e0m vi\u1ec7c cho ph\u00e9p c\u00e1c kho\u1ea3n \u0111\u00f3ng g\u00f3p c\u1ee7a b\u1ea1n \u0111\u01b0\u1ee3c kh\u1ea5u tr\u1eeb tr\u1ef1c ti\u1ebfp t\u1eeb ti\u1ec1n l\u01b0\u01a1ng c\u1ee7a b\u1ea1n v\u00e0 v\u1edbi c\u00e1c ch\u01b0\u01a1ng tr\u00ecnh qu\u00e0 t\u1eb7ng ph\u00f9 h\u1ee3p, c\u00e1c c\u00f4ng ty s\u1ebd so kh\u1edbp c\u00e1c kho\u1ea3n \u0111\u00f3ng g\u00f3p m\u00e0 b\u1ea1n th\u1ef1c hi\u1ec7n cho c\u00e1c t\u1ed5 ch\u1ee9c t\u1eeb thi\u1ec7n.<\/p>\t\t\n\t<h4>N\u01a1i l\u00e0m vi\u1ec7c cho<\/h4>\n<p>Nhi\u1ec1u c\u00f4ng ty khuy\u1ebfn kh\u00edch nh\u00e2n vi\u00ean c\u1ee7a h\u1ecd \u0111\u00f3ng g\u00f3p t\u1eeb thi\u1ec7n b\u1eb1ng c\u00e1ch cung c\u1ea5p c\u00e1c ch\u01b0\u01a1ng tr\u00ecnh \u1ee7ng h\u1ed9 t\u1ea1i n\u01a1i l\u00e0m vi\u1ec7c m\u00e0 th\u00f4ng qua \u0111\u00f3, \u0111\u00f3ng g\u00f3p c\u1ee7a b\u1ea1n \u0111\u01b0\u1ee3c kh\u1ea5u tr\u1eeb tr\u1ef1c ti\u1ebfp v\u00e0o ti\u1ec1n l\u01b0\u01a1ng c\u1ee7a b\u1ea1n. H\u1ecfi b\u1ed9 ph\u1eadn nh\u00e2n s\u1ef1 c\u1ee7a b\u1ea1n xem c\u00f4ng ty c\u1ee7a b\u1ea1n c\u00f3 cung c\u1ea5p c\u01a1 h\u1ed9i trao t\u1eb7ng n\u00e0y hay kh\u00f4ng.<\/p>\n\t<h4>Qu\u00e0 t\u1eb7ng ph\u00f9 h\u1ee3p<\/h4>\n<p>N\u1ebfu b\u1ea1n l\u00e0m vi\u1ec7c cho (ho\u1eb7c \u0111\u00e3 ngh\u1ec9 vi\u1ec7c) m\u1ed9t trong nhi\u1ec1u c\u00f4ng ty s\u1ebd t\u01b0\u01a1ng \u1ee9ng v\u1edbi c\u00e1c kho\u1ea3n quy\u00ean g\u00f3p c\u1ee7a nh\u00e2n vi\u00ean cho GTF, b\u1ea1n ch\u1ec9 c\u1ea7n li\u00ean h\u1ec7 v\u1edbi v\u0103n ph\u00f2ng qu\u00e0 t\u1eb7ng ph\u00f9 h\u1ee3p c\u1ee7a c\u00f4ng ty m\u00ecnh (th\u01b0\u1eddng l\u00e0 b\u1ed9 ph\u1eadn nh\u00e2n s\u1ef1 ho\u1eb7c b\u1ed9 ph\u1eadn qu\u1ea3n l\u00fd, tr\u1eeb khi c\u00f4ng ty c\u00f3 n\u1ec1n t\u1ea3ng ho\u1eb7c v\u0103n ph\u00f2ng t\u1eeb thi\u1ec7n \/ h\u1ed7 tr\u1ee3 c\u1ed9ng \u0111\u1ed3ng), y\u00eau c\u1ea7u m\u1ed9t m\u1eabu qu\u00e0 t\u1eb7ng ph\u00f9 h\u1ee3p (\u0111i\u1ec1u n\u00e0y s\u1ebd gi\u00fap ch\u00fang t\u00f4i x\u1eed l\u00fd \u0111\u00fang c\u00e1ch kho\u1ea3n quy\u00ean g\u00f3p c\u1ee7a b\u1ea1n) v\u00e0 g\u1eedi n\u00f3 c\u00f9ng v\u1edbi kho\u1ea3n \u0111\u00f3ng g\u00f3p c\u1ee7a b\u1ea1n.<\/p>\n\t\t<h4>\n\t\t\tB\u1eaft \u0111\u1ea7u\n\t\t<\/h4>\n\t\t\t<p><em>Vui l\u00f2ng g\u1eedi m\u1eabu qu\u00e0 t\u1eb7ng ph\u00f9 h\u1ee3p c\u1ee7a b\u1ea1n qua th\u01b0 \u0111\u1ebfn:<\/em><br \/>T\u1ed5 ch\u1ee9c c\u1ea5y gh\u00e9p Georgia<br \/>Attn: Qu\u00e0 t\u1eb7ng ph\u00f9 h\u1ee3p<br \/>2201 Macy Drive<br \/>Roswell, GA 30076<\/p>\t\t\n\t\t<h2>\n\t\t\tL\u00e0m gi\u00e0u cu\u1ed9c s\u1ed1ng\n\t\t<\/h2>\n\t\t\t\t\t\t\t\t\t\t<p>Sau khi \u0111\u01b0\u1ee3c c\u1ea5y gh\u00e9p tim, t\u00f4i \u0111\u00e3 \u0111\u0103ng k\u00fd v\u00e0o Ch\u01b0\u01a1ng tr\u00ecnh Kh\u1edfi \u0111\u1ed9ng v\u00e0 nh\u1eadn \u0111\u01b0\u1ee3c h\u1ed7 tr\u1ee3 t\u00e0i ch\u00ednh \u0111\u1ec3 tham gia c\u00e1c L\u1edbp h\u1ed7 tr\u1ee3 \u0111i\u1ec1u d\u01b0\u1ee1ng \u0111\u01b0\u1ee3c ch\u1ee9ng nh\u1eadn. B\u00e2y gi\u1edd, t\u00f4i c\u00f3 m\u1ed9t s\u1ef1 nghi\u1ec7p m\u00e0 t\u00f4i s\u1ebd kh\u00f4ng bao gi\u1edd \u0111\u1ea1t \u0111\u01b0\u1ee3c n\u1ebfu kh\u00f4ng c\u00f3 Ch\u01b0\u01a1ng tr\u00ecnh Kh\u1edfi \u0111\u1ed9ng v\u00e0 s\u1ef1 h\u1ed7 tr\u1ee3 t\u1eeb GTF.<\/p>\n\t\t\t\t\t\t\t\t\t<h3>&#8211; Sherry C<\/h3>\n\t\t\t\t\t\t\t\t\t\t\t\t\t<h4>Heart Transplant Recipient<\/h4>\n\t<!-- \/.pp-testimonials -->","protected":false},"excerpt":{"rendered":"<p>Employee Giving There are two ways to donate to the Georgia Transplant Foundation through your workplace. Give Via your paycheck Workplace giving programs allow your contributions to be deducted directly&hellip;<\/p>","protected":false},"author":43,"featured_media":0,"parent":6838,"menu_order":44,"comment_status":"closed","ping_status":"closed","template":"","meta":{"_acf_changed":false,"_monsterinsights_skip_tracking":false,"_monsterinsights_sitenote_active":false,"_monsterinsights_sitenote_note":"","_monsterinsights_sitenote_category":0,"footnotes":""},"class_list":["post-6899","page","type-page","status-publish","hentry"],"acf":[],"aioseo_notices":[],"_links":{"self":[{"href":"https:\/\/gatransplant.blackbaudwp.com\/vi\/wp-json\/wp\/v2\/pages\/6899","targetHints":{"allow":["GET"]}}],"collection":[{"href":"https:\/\/gatransplant.blackbaudwp.com\/vi\/wp-json\/wp\/v2\/pages"}],"about":[{"href":"https:\/\/gatransplant.blackbaudwp.com\/vi\/wp-json\/wp\/v2\/types\/page"}],"author":[{"embeddable":true,"href":"https:\/\/gatransplant.blackbaudwp.com\/vi\/wp-json\/wp\/v2\/users\/43"}],"replies":[{"embeddable":true,"href":"https:\/\/gatransplant.blackbaudwp.com\/vi\/wp-json\/wp\/v2\/comments?post=6899"}],"version-history":[{"count":5,"href":"https:\/\/gatransplant.blackbaudwp.com\/vi\/wp-json\/wp\/v2\/pages\/6899\/revisions"}],"predecessor-version":[{"id":62557,"href":"https:\/\/gatransplant.blackbaudwp.com\/vi\/wp-json\/wp\/v2\/pages\/6899\/revisions\/62557"}],"up":[{"embeddable":true,"href":"https:\/\/gatransplant.blackbaudwp.com\/vi\/wp-json\/wp\/v2\/pages\/6838"}],"wp:attachment":[{"href":"https:\/\/gatransplant.blackbaudwp.com\/vi\/wp-json\/wp\/v2\/media?parent=6899"}],"curies":[{"name":"wp","href":"https:\/\/api.w.org\/{rel}","templated":true}]}}