{"id":6891,"date":"2020-06-22T17:42:56","date_gmt":"2020-06-22T21:42:56","guid":{"rendered":"https:\/\/gatransplant.org\/get-involved\/become-a-sponsor\/"},"modified":"2025-09-08T12:24:52","modified_gmt":"2025-09-08T16:24:52","slug":"become-a-partner","status":"publish","type":"page","link":"https:\/\/gatransplant.blackbaudwp.com\/vi\/get-involved\/become-a-partner\/","title":{"rendered":"Tr\u1edf th\u00e0nh \u0111\u1ed1i t\u00e1c"},"content":{"rendered":"<h1>\n\t\t\tTr\u1edf th\u00e0nh \u0111\u1ed1i t\u00e1c\n\t\t<\/h1>\n\t\t\t<p>Nhi\u1ec1u c\u00e1 nh\u00e2n, c\u00f4ng ty, qu\u1ef9 v\u00e0 t\u1ed5 ch\u1ee9c \u0111\u00e3 th\u1ec3 hi\u1ec7n s\u1ef1 \u1ee7ng h\u1ed9 c\u1ee7a h\u1ecd \u0111\u1ed1i v\u1edbi Qu\u1ef9 C\u1ea5y gh\u00e9p Georgia b\u1eb1ng nhi\u1ec1u c\u00e1ch kh\u00e1c nhau.<\/p>\n\t\t<h2>\n\t\t\tC\u00e1c l\u1ef1a ch\u1ecdn \u0111\u1ed1i t\u00e1c\n\t\t<\/h2>\n\t\t\t<p>D\u00e0nh ri\u00eang cho vi\u1ec7c h\u1ed7 tr\u1ee3 t\u00e0i ch\u00ednh, gi\u00e1o d\u1ee5c v\u00e0 tinh th\u1ea7n cho t\u1ea5t c\u1ea3 c\u00e1c b\u1ec7nh nh\u00e2n gh\u00e9p t\u1ea1ng \u1edf bang Georgia, GTF s\u1ebd kh\u00f4ng ho\u00e0n th\u00e0nh s\u1ee9 m\u1ec7nh c\u1ee7a m\u00ecnh n\u1ebfu kh\u00f4ng c\u00f3 th\u1eddi gian, s\u1ef1 c\u1ed1ng hi\u1ebfn v\u00e0 l\u00f2ng h\u1ea3o t\u00e2m c\u1ee7a c\u00e1c \u0111\u1ed1i t\u00e1c c\u1ee7a ch\u00fang t\u00f4i.<\/p>\t\t\n\t\t\t\t\t\t<h4>Nh\u00f3m \u0111\u1ed1i t\u00e1c c\u1ed9ng \u0111\u1ed3ng<\/h4>\t\t\t\t\t\n\t\t\t<p>T\u1eadn d\u1ee5ng c\u01a1 h\u1ed9i duy nh\u1ea5t \u0111\u1ec3 l\u00e0m vi\u1ec7c trong c\u1ed9ng \u0111\u1ed3ng c\u1ee7a ri\u00eang b\u1ea1n b\u1eb1ng c\u00e1ch <strong>g\u00e2y qu\u1ef9 v\u00e0 n\u00e2ng cao nh\u1eadn th\u1ee9c cho GTF<\/strong> v\u00e0 c\u00e1c d\u1ecbch v\u1ee5 kh\u00e1c nhau m\u00e0 ch\u00fang t\u00f4i cung c\u1ea5p.<\/p>\t\t\n\t\t\t\t\t\t<h4>S\u1ef1 ki\u1ec7n t\u00e0i tr\u1ee3<\/h4>\t\t\t\t\t\n\t\t\t<p>T\u00e0i tr\u1ee3 s\u1ef1 ki\u1ec7n l\u00e0 m\u1ed9t c\u01a1 h\u1ed9i ti\u1ebfp th\u1ecb tuy\u1ec7t v\u1eddi cho ph\u00e9p b\u1ea1n <strong>ti\u1ebfp c\u1eadn nhi\u1ec1u h\u01a1n cho b\u1ea1n v\u00e0 c\u00f4ng ty c\u1ee7a b\u1ea1n<\/strong>, s\u1ebd t\u1ea1o ra nhi\u1ec1u li\u00ean h\u1ec7 \u0111\u1ee7 \u0111i\u1ec1u ki\u1ec7n h\u01a1n.<\/p>\t\t\n\t\t\t\t\t\t<h4>\u0110\u1ed1i t\u00e1c chi\u1ebfn l\u01b0\u1ee3c JumpStart<\/h4>\t\t\t\t\t\n\t\t\t<p>S\u1ef1 h\u1ee3p t\u00e1c n\u00e0y s\u1ebd <strong>cung c\u1ea5p cho c\u00f4ng ty c\u1ee7a b\u1ea1n m\u1ed9t nh\u00e2n vi\u00ean n\u0103ng \u0111\u1ed9ng<\/strong> ng\u01b0\u1eddi s\u1ebd t\u00edch l\u0169y kinh nghi\u1ec7m trong c\u00f4ng vi\u1ec7c \u0111\u1ed3ng th\u1eddi cung c\u1ea5p cho b\u1ea1n m\u1ed9t nh\u00e2n vi\u00ean \u0111\u00e1ng tin c\u1eady.<\/p>\t\t\n\t\t\t\t\t\t<h4>\u0110\u1ed1i t\u00e1c s\u1ee9 m\u1ec7nh<\/h4>\t\t\t\t\t\n\t\t\t<p>Quan h\u1ec7 \u0111\u1ed1i t\u00e1c c\u1ee7a GTF v\u1edbi c\u00e1c c\u00f4ng ty \u0111\u1ecba ph\u01b0\u01a1ng, qu\u1ef9 t\u01b0 nh\u00e2n v\u00e0 c\u00e1 nh\u00e2n, cho ph\u00e9p ch\u00fang t\u00f4i <strong>c\u1ee7ng c\u1ed1 c\u00e1c ch\u01b0\u01a1ng tr\u00ecnh v\u00e0 d\u1ecbch v\u1ee5 m\u00e0 ch\u00fang t\u00f4i c\u00f3 th\u1ec3 cung c\u1ea5p<\/strong> cho c\u1ed9ng \u0111\u1ed3ng c\u1ea5y gh\u00e9p.<\/p>\t\t\n\t\t\t<a href=\"#form\" target=\"_self\">\n\t\t\t\t\t\t\tB\u1eaft \u0111\u1ea7u\n\t\t\t<\/a>\n\t\t<h2>\n\t\t\t\u0110\u1ed1i t\u00e1c v\u00e0 nh\u00e0 t\u00e0i tr\u1ee3 c\u1ee7a ch\u00fang t\u00f4i\n\t\t<\/h2>\n\t\t\t<p><strong>Ch\u00fang t\u00f4i r\u1ea5t bi\u1ebft \u01a1n c\u00e1c \u0111\u1ed1i t\u00e1c b\u00ean d\u01b0\u1edbi \u0111\u00e3 \u0111\u00f3ng g\u00f3p $25.000 tr\u1edf l\u00ean trong n\u0103m nay ho\u1eb7c $250.000 tr\u1edf l\u00ean trong su\u1ed1t th\u1eddi gian t\u1ed3n t\u1ea1i c\u1ee7a m\u1ed1i quan h\u1ec7.<\/strong><\/p>\t\t\n\t\t\t\t\t\t\t\t\t<img decoding=\"async\" src=\"https:\/\/gatransplant.blackbaudwp.com\/wp-content\/uploads\/2020\/10\/Emory.jpg\" alt=\"Master\" itemprop=\"image\" height=\"395\" width=\"1277\" srcset=\"https:\/\/gatransplant.blackbaudwp.com\/wp-content\/uploads\/2020\/10\/Emory.jpg 1277w, https:\/\/gatransplant.blackbaudwp.com\/wp-content\/uploads\/2020\/10\/Emory-768x238.jpg 768w, https:\/\/gatransplant.blackbaudwp.com\/wp-content\/uploads\/2020\/10\/Emory-16x5.jpg 16w\" sizes=\"(max-width: 1277px) 100vw, 1277px\" title=\"Master\" onerror=\"this.style.display='none'\"  \/>\n\t\t\t\t\t\t\t\t\t<img decoding=\"async\" src=\"https:\/\/gatransplant.blackbaudwp.com\/wp-content\/uploads\/2020\/10\/Piedmont.jpg\" alt=\"Piedmont\" itemprop=\"image\" height=\"168\" width=\"693\" srcset=\"https:\/\/gatransplant.blackbaudwp.com\/wp-content\/uploads\/2020\/10\/Piedmont.jpg 693w, https:\/\/gatransplant.blackbaudwp.com\/wp-content\/uploads\/2020\/10\/Piedmont-16x4.jpg 16w\" sizes=\"(max-width: 693px) 100vw, 693px\" title=\"Piedmont\" onerror=\"this.style.display='none'\"  \/>\n\t\t\t\t\t\t\t\t\t<img decoding=\"async\" src=\"https:\/\/gatransplant.blackbaudwp.com\/wp-content\/uploads\/2020\/10\/CHOA-logo1.png\" alt=\"CHOA Logo(1)\" itemprop=\"image\" height=\"480\" width=\"600\" srcset=\"https:\/\/gatransplant.blackbaudwp.com\/wp-content\/uploads\/2020\/10\/CHOA-logo1.png 600w, https:\/\/gatransplant.blackbaudwp.com\/wp-content\/uploads\/2020\/10\/CHOA-logo1-16x12.png 16w\" sizes=\"(max-width: 600px) 100vw, 600px\" title=\"CHOA Logo(1)\" onerror=\"this.style.display='none'\"  \/>\n\t\t\t\t\t\t\t\t\t<img decoding=\"async\" src=\"https:\/\/gatransplant.blackbaudwp.com\/wp-content\/uploads\/2020\/10\/Three-13.png\" alt=\"Three 13\" itemprop=\"image\" height=\"328\" width=\"500\" srcset=\"https:\/\/gatransplant.blackbaudwp.com\/wp-content\/uploads\/2020\/10\/Three-13.png 500w, https:\/\/gatransplant.blackbaudwp.com\/wp-content\/uploads\/2020\/10\/Three-13-16x10.png 16w\" sizes=\"(max-width: 500px) 100vw, 500px\" title=\"Three 13\" onerror=\"this.style.display='none'\"  \/>\n\t\t\t\t\t\t\t\t\t<img decoding=\"async\" src=\"https:\/\/gatransplant.blackbaudwp.com\/wp-content\/uploads\/2020\/10\/Henrys.jpg\" alt=\"Henrys\" itemprop=\"image\" height=\"205\" width=\"527\" srcset=\"https:\/\/gatransplant.blackbaudwp.com\/wp-content\/uploads\/2020\/10\/Henrys.jpg 527w, https:\/\/gatransplant.blackbaudwp.com\/wp-content\/uploads\/2020\/10\/Henrys-16x6.jpg 16w\" sizes=\"(max-width: 527px) 100vw, 527px\" title=\"Henrys\" onerror=\"this.style.display='none'\"  \/>\n\t\t\t\t\t\t\t\t\t<img decoding=\"async\" src=\"https:\/\/gatransplant.blackbaudwp.com\/wp-content\/uploads\/2020\/10\/Shanes.png\" alt=\"Shanes\" itemprop=\"image\" height=\"345\" width=\"1024\" srcset=\"https:\/\/gatransplant.blackbaudwp.com\/wp-content\/uploads\/2020\/10\/Shanes.png 1024w, https:\/\/gatransplant.blackbaudwp.com\/wp-content\/uploads\/2020\/10\/Shanes-768x259.png 768w, https:\/\/gatransplant.blackbaudwp.com\/wp-content\/uploads\/2020\/10\/Shanes-16x5.png 16w\" sizes=\"(max-width: 1024px) 100vw, 1024px\" title=\"Shanes\" onerror=\"this.style.display='none'\"  \/>\n\t\t\t\t\t\t\t\t\t<img decoding=\"async\" src=\"https:\/\/gatransplant.blackbaudwp.com\/wp-content\/uploads\/2020\/10\/CareDx.png\" alt=\"CareDx\" itemprop=\"image\" height=\"147\" width=\"500\" srcset=\"https:\/\/gatransplant.blackbaudwp.com\/wp-content\/uploads\/2020\/10\/CareDx.png 500w, https:\/\/gatransplant.blackbaudwp.com\/wp-content\/uploads\/2020\/10\/CareDx-16x5.png 16w\" sizes=\"(max-width: 500px) 100vw, 500px\" title=\"CareDx\" onerror=\"this.style.display='none'\"  \/>\n\t<p>Carlos v\u00e0 Marguerite Mason Trust<\/p>\n\t\t<h2>\n\t\t\tSpecial Thanks to Our Partners\n\t\t<\/h2>\n\t\t\t<p>We would like to give special thanks to <a href=\"https:\/\/www.theadairgroup.com\" target=\"_blank\" rel=\"noopener\">The Adair Group<\/a> for their donation of t-shirts free of charge to GTF to help with our outreach efforts.<a href=\"https:\/\/www.facebook.com\/atlantaneuropathyclinic\/\" target=\"_blank\" rel=\"noopener\">Atlanta Neuropathy Clinic: <\/a>Our goal is to help you achieve a pain-free state so that you can once again enjoy life to the fullest. We provide effective relief for our patients through Combined Electrochemical Treatment (CET).<\/p>\t\t\n\t\t\t\t\t\t\t\t\t\t<p>T\u00f4i \u1ee7ng h\u1ed9 GTF h\u00e0ng n\u0103m v\u00ec t\u00f4i bi\u1ebft m\u1ed7i \u0111\u00f4 la quy\u00ean g\u00f3p s\u1ebd gi\u00fap m\u1ed9t gia \u0111\u00ecnh \u0111\u1ed1i ph\u00f3 v\u1edbi g\u00e1nh n\u1eb7ng t\u00e0i ch\u00ednh \u0111i k\u00e8m v\u1edbi c\u01a1 quan m\u1edbi c\u1ee7a h\u1ecd. Nh\u00ecn th\u1ea5y cha t\u00f4i nh\u1eadn \u0111\u01b0\u1ee3c m\u00f3n qu\u00e0 l\u00e0 m\u1ed9t ca gh\u00e9p tim, t\u00f4i nhanh ch\u00f3ng bi\u1ebft r\u1eb1ng c\u1ea5y gh\u00e9p n\u1ed9i t\u1ea1ng mang l\u1ea1i m\u1ed9t cu\u1ed9c s\u1ed1ng m\u1edbi nh\u01b0ng c\u0169ng mang theo m\u1ed9t danh s\u00e1ch c\u00e1c nhu c\u1ea7u bao g\u1ed3m ch\u0103m s\u00f3c theo d\u00f5i v\u00e0 thu\u1ed1c men. GTF \u1edf \u0111\u00f3 \u0111\u1ec3 \u0111\u1ea3m b\u1ea3o m\u00f3n qu\u00e0 tuy\u1ec7t v\u1eddi v\u1ec1 cu\u1ed9c s\u1ed1ng k\u00e9o d\u00e0i n\u00e0y kh\u00f4ng b\u1ecb lu m\u1edd b\u1edfi c\u00e1c chi ph\u00ed v\u00e0 cam k\u1ebft th\u1ebf ch\u1ea5p.<\/p>\n\t\t\t\t\t\t\t\t\t<h3>-Jon Stinchcomb, C\u1ef1u UGA Bulldawg<\/h3>\n\t\t\t\t\t\t\t\t\t\t\t\t\t<h4>C\u1ef1u th\u00e1nh New Orleans v\u00e0 ng\u01b0\u1eddi chi\u1ebfn th\u1eafng Super Bowl<\/h4>\n\t<!-- \/.pp-testimonials -->\n\t\t<h2>\n\t\t\tB\u1eaft \u0111\u1ea7u\n\t\t<\/h2>\n\t\t\t<p>Partnerships, in the format that best suits your needs, allow you to demonstrate your commitment to advancing GTF&#8217;s mission of bridging the gap between hope and opportunity.<strong>\u0110\u1ec3 t\u00ecm hi\u1ec3u th\u00eam v\u1ec1 vi\u1ec7c tr\u1edf th\u00e0nh \u0111\u1ed1i t\u00e1c, vui l\u00f2ng \u0111i\u1ec1n v\u00e0o bi\u1ec3u m\u1eabu b\u00ean d\u01b0\u1edbi:<\/strong><\/p>\t\t\n                <form method='post' enctype='multipart\/form-data' target='gform_ajax_frame_5' id='gform_5'  action='https:\/\/gatransplant.blackbaudwp.com\/vi\/get-involved\/become-a-partner\/?fl_builder&#038;fl_builder_ui_iframe#gf_5' data-formid='5' novalidate data-trp-original-action=\"https:\/\/gatransplant.blackbaudwp.com\/get-involved\/become-a-partner\/?fl_builder&#038;fl_builder_ui_iframe#gf_5\">\n                        <ul id='gform_fields_5' class='gform_fields top_label form_sublabel_below description_below validation_below'><li id=\"field_5_1\"><label class='gfield_label gform-field-label gfield_label_before_complex'>T\u00ean*<\/label>\n                                                    <select name='input_1.2' id='input_5_1_2'    aria-required='false'>\n                          <option value=''><\/option><option value='Dr.'>Dr.<\/option><option value='Miss'>C\u00f4<\/option><option value='Mr.'>\u00d4ng.<\/option><option value='Mrs.'>B\u00e0.<\/option><option value='Ms.'>B\u1ec7nh \u0111a x\u01a1 c\u1ee9ng.<\/option><option value='Prof.'>GS.<\/option><option value='Rev.'>Rev.<\/option>\n                      <\/select>\n                                                    <label for='input_5_1_2' class='gform-field-label gform-field-label--type-sub'>Ti\u1ebfp \u0111\u1ea7u ng\u1eef<\/label>\n                                                    <input type='text' name='input_1.3' id='input_5_1_3' value=''   aria-required='true'     \/>\n                                                    <label for='input_5_1_3' class='gform-field-label gform-field-label--type-sub'>\u0110\u1ea7u ti\u00ean<\/label>\n                                                    <input type='text' name='input_1.6' id='input_5_1_6' value=''   aria-required='true'     \/>\n                                                    <label for='input_5_1_6' class='gform-field-label gform-field-label--type-sub'>Cu\u1ed1i c\u00f9ng<\/label>\n                        <\/li><li id=\"field_5_2\"><label class='gfield_label gform-field-label' for='input_5_2'>E-mail*<\/label>\n                            <input name='input_2' id='input_5_2' type='email' value='' class='large'    aria-required=\"true\" aria-invalid=\"false\"  \/>\n                        <\/li><li id=\"field_5_6\"><label class='gfield_label gform-field-label' for='input_5_6'>\u0110i\u1ec7n tho\u1ea1i*<\/label><input name='input_6' id='input_5_6' type='tel' value='' class='large'   aria-required=\"true\" aria-invalid=\"false\"   \/><\/li><li id=\"field_5_3\"><label class='gfield_label gform-field-label' for='input_5_3'>T\u00ean t\u1ed5 ch\u1ee9c ho\u1eb7c doanh nghi\u1ec7p<\/label><input name='input_3' id='input_5_3' type='text' value='' class='large'      aria-invalid=\"false\"   \/><\/li><li id=\"field_5_4\"><label class='gfield_label gform-field-label gfield_label_before_complex'>Quan h\u1ec7 \u0111\u1ed1i t\u00e1c m\u00e0 b\u1ea1n quan t\u00e2m: *<\/label><ul class='gfield_checkbox' id='input_5_4'><li class='gchoice gchoice_5_4_1'>\n\t\t\t\t\t\t\t\t<input class='gfield-choice-input' name='input_4.1' type='checkbox'  value='Community Partner Group'  id='choice_5_4_1'   \/>\n\t\t\t\t\t\t\t\t<label for='choice_5_4_1' id='label_5_4_1' class='gform-field-label gform-field-label--type-inline'>Nh\u00f3m \u0111\u1ed1i t\u00e1c c\u1ed9ng \u0111\u1ed3ng<\/label>\n\t\t\t\t\t\t\t<\/li><li class='gchoice gchoice_5_4_2'>\n\t\t\t\t\t\t\t\t<input class='gfield-choice-input' name='input_4.2' type='checkbox'  value='Sponsor an Event'  id='choice_5_4_2'   \/>\n\t\t\t\t\t\t\t\t<label for='choice_5_4_2' id='label_5_4_2' class='gform-field-label gform-field-label--type-inline'>T\u00e0i tr\u1ee3 cho m\u1ed9t s\u1ef1 ki\u1ec7n<\/label>\n\t\t\t\t\t\t\t<\/li><li class='gchoice gchoice_5_4_3'>\n\t\t\t\t\t\t\t\t<input class='gfield-choice-input' name='input_4.3' type='checkbox'  value='JumpStart Strategic Partner'  id='choice_5_4_3'   \/>\n\t\t\t\t\t\t\t\t<label for='choice_5_4_3' id='label_5_4_3' class='gform-field-label gform-field-label--type-inline'>\u0110\u1ed1i t\u00e1c chi\u1ebfn l\u01b0\u1ee3c JumpStart<\/label>\n\t\t\t\t\t\t\t<\/li><li class='gchoice gchoice_5_4_4'>\n\t\t\t\t\t\t\t\t<input class='gfield-choice-input' name='input_4.4' type='checkbox'  value='Mission Partner'  id='choice_5_4_4'   \/>\n\t\t\t\t\t\t\t\t<label for='choice_5_4_4' id='label_5_4_4' class='gform-field-label gform-field-label--type-inline'>\u0110\u1ed1i t\u00e1c s\u1ee9 m\u1ec7nh<\/label>\n\t\t\t\t\t\t\t<\/li><li class='gchoice gchoice_5_4_5'>\n\t\t\t\t\t\t\t\t<input class='gfield-choice-input' name='input_4.5' type='checkbox'  value='Other'  id='choice_5_4_5'   \/>\n\t\t\t\t\t\t\t\t<label for='choice_5_4_5' id='label_5_4_5' class='gform-field-label gform-field-label--type-inline'>Kh\u00e1c<\/label>\n\t\t\t\t\t\t\t<\/li><\/ul><\/li><li id=\"field_5_5\"><label class='gfield_label gform-field-label' for='input_5_5'>M\u00f4 t\u1ea3 lo\u1ea1i quan h\u1ec7 \u0111\u1ed1i t\u00e1c m\u00e0 b\u1ea1n &amp; #039; \u0111ang t\u00ecm ki\u1ebfm b\u00ean d\u01b0\u1edbi:<\/label><textarea name='input_5' id='input_5_5' class='textarea large'      aria-invalid=\"false\"   rows='10' cols='50'><\/textarea><\/li><li id=\"field_5_7\"><label class='gfield_label gform-field-label' for='input_5_7'>C\u00e2u h\u1ecfi ho\u1eb7c nh\u1eadn x\u00e9t<\/label><textarea name='input_7' id='input_5_7' class='textarea large'      aria-invalid=\"false\"   rows='10' cols='50'><\/textarea><\/li><li id=\"field_5_8\"><label class='gfield_label gform-field-label' for='input_5_8'>M\u00c3 NG\u1eaaU NHI\u00caN<\/label><\/li><\/ul>\n         <input type='submit' id='gform_submit_button_5' class='gform_button button' onclick='gform.submission.handleButtonClick(this);' data-submission-type='submit' value='G\u1eedi \u0111i'  \/> <input type='hidden' name='gform_ajax' value='form_id=5&amp;title=&amp;description=&amp;tabindex=0&amp;theme=legacy&amp;styles=[]&amp;hash=8c43b135a68ac10019e2a89c493e4cec' \/>\n            <input type='hidden' class='gform_hidden' name='gform_submission_method' data-js='gform_submission_method_5' value='iframe' \/>\n            <input type='hidden' class='gform_hidden' name='gform_theme' data-js='gform_theme_5' id='gform_theme_5' value='legacy' \/>\n            <input type='hidden' class='gform_hidden' name='gform_style_settings' data-js='gform_style_settings_5' id='gform_style_settings_5' value='[]' \/>\n            <input type='hidden' class='gform_hidden' name='is_submit_5' value='1' \/>\n            <input type='hidden' class='gform_hidden' name='gform_submit' value='5' \/>\n            <input type='hidden' class='gform_hidden' name='gform_unique_id' value='' \/>\n            <input type='hidden' class='gform_hidden' name='state_5' value='WyJbXSIsIjQ2ZDIxYzhkOGRhYzAzNWExNmM2ZjRmNTMxNmRjODdiIl0=' \/>\n            <input type='hidden' autocomplete='off' class='gform_hidden' name='gform_target_page_number_5' id='gform_target_page_number_5' value='0' \/>\n            <input type='hidden' autocomplete='off' class='gform_hidden' name='gform_source_page_number_5' id='gform_source_page_number_5' value='1' \/>\n            <input type='hidden' name='gform_field_values' value='' \/>\n                        <input type=\"hidden\" name=\"trp-form-language\" value=\"vi\"\/><\/form>\n\t\t                <iframe style='display:none;width:0px;height:0px;' src='about:blank' name='gform_ajax_frame_5' id='gform_ajax_frame_5' title='Khung n\u1ed9i tuy\u1ebfn n\u00e0y ch\u1ee9a logic c\u1ea7n thi\u1ebft \u0111\u1ec3 x\u1eed l\u00fd c\u00e1c Bi\u1ec3u m\u1eabu tr\u1ecdng l\u1ef1c do Ajax cung c\u1ea5p.'><\/iframe>","protected":false},"excerpt":{"rendered":"<p>Become a Partner Many individuals, companies, foundations, and organizations have shown their support of the Georgia Transplant Foundation in a variety of ways. Partnership Options Dedicated to financial, educational, and&hellip;<\/p>","protected":false},"author":43,"featured_media":0,"parent":6837,"menu_order":41,"comment_status":"closed","ping_status":"closed","template":"","meta":{"_acf_changed":false,"_monsterinsights_skip_tracking":false,"_monsterinsights_sitenote_active":false,"_monsterinsights_sitenote_note":"","_monsterinsights_sitenote_category":0,"footnotes":""},"class_list":["post-6891","page","type-page","status-publish","hentry"],"acf":[],"aioseo_notices":[],"_links":{"self":[{"href":"https:\/\/gatransplant.blackbaudwp.com\/vi\/wp-json\/wp\/v2\/pages\/6891","targetHints":{"allow":["GET"]}}],"collection":[{"href":"https:\/\/gatransplant.blackbaudwp.com\/vi\/wp-json\/wp\/v2\/pages"}],"about":[{"href":"https:\/\/gatransplant.blackbaudwp.com\/vi\/wp-json\/wp\/v2\/types\/page"}],"author":[{"embeddable":true,"href":"https:\/\/gatransplant.blackbaudwp.com\/vi\/wp-json\/wp\/v2\/users\/43"}],"replies":[{"embeddable":true,"href":"https:\/\/gatransplant.blackbaudwp.com\/vi\/wp-json\/wp\/v2\/comments?post=6891"}],"version-history":[{"count":5,"href":"https:\/\/gatransplant.blackbaudwp.com\/vi\/wp-json\/wp\/v2\/pages\/6891\/revisions"}],"predecessor-version":[{"id":62546,"href":"https:\/\/gatransplant.blackbaudwp.com\/vi\/wp-json\/wp\/v2\/pages\/6891\/revisions\/62546"}],"up":[{"embeddable":true,"href":"https:\/\/gatransplant.blackbaudwp.com\/vi\/wp-json\/wp\/v2\/pages\/6837"}],"wp:attachment":[{"href":"https:\/\/gatransplant.blackbaudwp.com\/vi\/wp-json\/wp\/v2\/media?parent=6891"}],"curies":[{"name":"wp","href":"https:\/\/api.w.org\/{rel}","templated":true}]}}