{"id":6890,"date":"2020-06-22T17:42:56","date_gmt":"2020-06-22T21:42:56","guid":{"rendered":"https:\/\/gatransplant.org\/get-involved\/become-a-community-partner\/"},"modified":"2025-09-08T12:31:45","modified_gmt":"2025-09-08T16:31:45","slug":"community-partner-group","status":"publish","type":"page","link":"https:\/\/gatransplant.blackbaudwp.com\/vi\/get-involved\/community-partner-group\/","title":{"rendered":"Nh\u00f3m \u0111\u1ed1i t\u00e1c c\u1ed9ng \u0111\u1ed3ng"},"content":{"rendered":"<h1>\n\t\t\t\u0110\u1ed1i t\u00e1c c\u1ed9ng \u0111\u1ed3ng\n\t\t<\/h1>\n\t\t\t<p>Nhi\u1ec1u b\u1ec7nh nh\u00e2n \u0111\u00e3 \u1ee7ng h\u1ed9 Qu\u1ef9 C\u1ea5y gh\u00e9p Georgia v\u1edbi t\u01b0 c\u00e1ch l\u00e0 Nh\u00f3m \u0110\u1ed1i t\u00e1c C\u1ed9ng \u0111\u1ed3ng (CPG).<\/p>\n\t\t<h2>\n\t\t\tNh\u00f3m \u0111\u1ed1i t\u00e1c c\u1ed9ng \u0111\u1ed3ng\n\t\t<\/h2>\n\t\t\t<p>C\u00e1c Nh\u00f3m \u0110\u1ed1i t\u00e1c C\u1ed9ng \u0111\u1ed3ng c\u00f3 c\u01a1 h\u1ed9i duy nh\u1ea5t \u0111\u1ec3 l\u00e0m vi\u1ec7c trong c\u1ed9ng \u0111\u1ed3ng c\u1ee7a h\u1ecd b\u1eb1ng c\u00e1ch g\u00e2y qu\u1ef9 v\u00e0 nh\u1eadn th\u1ee9c v\u1ec1 GTF v\u00e0 c\u00e1c d\u1ecbch v\u1ee5 kh\u00e1c nhau m\u00e0 h\u1ecd cung c\u1ea5p.\u00a0<strong>Nh\u00f3m \u0111\u1ed1i t\u00e1c c\u1ed9ng \u0111\u1ed3ng l\u00e0m g\u00ec?<\/strong><ul><li>L\u1eadp k\u1ebf ho\u1ea1ch v\u00e0 th\u1ef1c hi\u1ec7n c\u00e1c s\u1ef1 ki\u1ec7n g\u00e2y qu\u1ef9 trong c\u1ed9ng \u0111\u1ed3ng c\u1ee7a h\u1ecd \u0111\u1ec3 mang l\u1ea1i l\u1ee3i \u00edch cho GTF.<\/li><li>L\u00e0m t\u00ecnh nguy\u1ec7n vi\u00ean t\u1ea1i c\u00e1c s\u1ef1 ki\u1ec7n g\u00e2y qu\u1ef9 kh\u00e1c nhau trong su\u1ed1t n\u0103m.<\/li><li>Qu\u1ea3ng c\u00e1o v\u1ec1 s\u1ee9 m\u1ec7nh v\u00e0 m\u1ee5c ti\u00eau chung c\u1ee7a GTF.<\/li><\/ul><strong>Nh\u1eefng h\u00ecnh th\u1ee9c g\u00e2y qu\u1ef9 n\u00e0o c\u00f3 th\u1ec3 \u0111\u01b0\u1ee3c th\u1ef1c hi\u1ec7n?<\/strong><ul><li>Kh\u00f4ng c\u00f3 cu\u1ed9c g\u00e2y qu\u1ef9 n\u00e0o qu\u00e1 l\u1edbn ho\u1eb7c qu\u00e1 nh\u1ecf; t\u1ea5t c\u1ea3 c\u00e1c \u00fd t\u01b0\u1edfng \u0111\u1ec1u l\u00e0 nh\u1eefng \u00fd t\u01b0\u1edfng TUY\u1ec6T V\u1edcI! \u0110\u00e2y l\u00e0 c\u01a1 h\u1ed9i \u0111\u1ec3 s\u00e1ng t\u1ea1o v\u00e0 suy ngh\u0129 b\u00ean ngo\u00e0i.<\/li><li>M\u1ed9t s\u1ed1 v\u00ed d\u1ee5 v\u1ec1 ho\u1ea1t \u0111\u1ed9ng g\u00e2y qu\u1ef9 bao g\u1ed3m: ti\u1ec7c r\u01b0\u1ee3u v\u00e0 pho m\u00e1t, b\u00e1n nh\u00e0 \u0111\u1ec3 xe h\u00e0ng x\u00f3m, trang tr\u00ed c\u1eeda ng\u00e0y l\u1ec5, ti\u1ec7c cocktail, r\u1eeda xe, \u0111\u1ea5u gi\u00e1 im l\u1eb7ng v\u00e0 h\u01a1n th\u1ebf n\u1eefa.<\/li><\/ul><strong>Nh\u00f3m \u0111\u1ed1i t\u00e1c c\u1ed9ng \u0111\u1ed3ng ho\u1ea1t \u0111\u1ed9ng nh\u01b0 th\u1ebf n\u00e0o?<\/strong>M\u1ed7i Nh\u00f3m \u0111\u1ed1i t\u00e1c c\u1ed9ng \u0111\u1ed3ng s\u1ebd bao g\u1ed3m \u00edt nh\u1ea5t n\u0103m (5) th\u00e0nh vi\u00ean. Khi m\u1ed9t nh\u00f3m \u0111\u01b0\u1ee3c th\u00e0nh l\u1eadp, h\u1ecd s\u1ebd l\u00e0m vi\u1ec7c c\u00f9ng nhau \u0111\u1ec3 t\u1ea1o, l\u1eadp k\u1ebf ho\u1ea1ch v\u00e0 t\u1ea1o \u0111i\u1ec1u ki\u1ec7n cho nh\u1eefng ng\u01b0\u1eddi g\u00e2y qu\u1ef9 c\u1ee7a h\u1ecd. T\u1ea5t c\u1ea3 c\u00e1c nh\u00f3m s\u1ebd c\u00f3 \u0110i\u1ec1u ph\u1ed1i vi\u00ean ch\u00ednh, do m\u1ed9t nh\u00e2n vi\u00ean GTF l\u1ef1a ch\u1ecdn, ng\u01b0\u1eddi s\u1ebd ph\u1ee5c v\u1ee5 trong nhi\u1ec7m k\u1ef3 m\u1ed9t n\u0103m v\u00e0 ch\u1ecbu tr\u00e1ch nhi\u1ec7m l\u00ean l\u1ecbch h\u1ecdp nh\u00f3m, b\u00e1o c\u00e1o th\u00f4ng tin cho GTF, thu th\u1eadp t\u1ea5t c\u1ea3 ti\u1ec1n thu \u0111\u01b0\u1ee3c v\u00e0 chuy\u1ec3n ch\u00fang \u0111\u1ebfn t\u1ed5 ch\u1ee9c. M\u1ed9t nh\u00e2n vi\u00ean GTF s\u1ebd c\u00f3 m\u1eb7t \u0111\u1ec3 gi\u00fap h\u01b0\u1edbng d\u1eabn nh\u00f3m v\u00e0 \u0111\u01b0a ra c\u00e1c m\u1eb9o g\u00e2y qu\u1ef9.<strong>Ai c\u00f3 th\u1ec3 tr\u1edf th\u00e0nh th\u00e0nh vi\u00ean c\u1ee7a Nh\u00f3m \u0111\u1ed1i t\u00e1c c\u1ed9ng \u0111\u1ed3ng?<\/strong>B\u1ea5t k\u1ef3 c\u00e1 nh\u00e2n ho\u1eb7c nh\u00f3m ng\u01b0\u1eddi n\u00e0o chuy\u00ean h\u1ed7 tr\u1ee3 GTF \u0111\u1ec1u \u0111\u01b0\u1ee3c hoan ngh\u00eanh tham gia v\u00e0o Nh\u00f3m \u0111\u1ed1i t\u00e1c c\u1ed9ng \u0111\u1ed3ng. Ch\u00fang c\u00f3 th\u1ec3 bao g\u1ed3m:<ul><li>Nh\u00f3m nh\u00e0 th\u1edd<\/li><li>B\u1ea1n b\u00e8<\/li><li>Ng\u01b0\u1eddi h\u00e0ng x\u00f3m<\/li><li>\u0110\u1ed3ng nghi\u1ec7p<\/li><li>B\u1ea1n c\u00f9ng l\u1edbp<\/li><\/ul><strong>L\u00e0m c\u00e1ch n\u00e0o \u0111\u1ec3 tr\u1edf th\u00e0nh th\u00e0nh vi\u00ean c\u1ee7a Nh\u00f3m \u0111\u1ed1i t\u00e1c c\u1ed9ng \u0111\u1ed3ng?<\/strong>B\u1ea5t k\u1ef3 ng\u01b0\u1eddi ho\u1eb7c nh\u00f3m n\u00e0o chuy\u00ean h\u1ed7 tr\u1ee3 GTF \u0111\u1ec1u \u0111\u01b0\u1ee3c hoan ngh\u00eanh tham gia v\u00e0o Nh\u00f3m \u0111\u1ed1i t\u00e1c c\u1ed9ng \u0111\u1ed3ng. N\u1ebfu b\u1ea1n c\u00f3 b\u1ea5t k\u1ef3 c\u00e2u h\u1ecfi n\u00e0o ho\u1eb7c mu\u1ed1n bi\u1ebft th\u00eam th\u00f4ng tin v\u1ec1 Nh\u00f3m \u0111\u1ed1i t\u00e1c c\u1ed9ng \u0111\u1ed3ng, vui l\u00f2ng li\u00ean h\u1ec7 tr\u1ef1c ti\u1ebfp v\u1edbi Rita Michaels t\u1ea1i\u00a0<a href=\"http:\/\/rmichaels@gatransplant.org\/\">rmichaels@gatrans\u00adplant.org<\/a>\u00a0ho\u1eb7c (678) 514-1180.<\/p>\t\t\n\t\t<h2>\n\t\t\tL\u00e0m gi\u00e0u cu\u1ed9c s\u1ed1ng\n\t\t<\/h2>\n\t\t\t\t\t\t\t\t\t\t<p>Chris v\u00e0 t\u00f4i th\u01b0\u1eddng nghe nh\u1eefng c\u00e2u chuy\u1ec7n t\u1eeb nh\u1eefng gia \u0111\u00ecnh \u0111ang h\u1ed3i ph\u1ee5c sau ca c\u1ea5y gh\u00e9p v\u00e0 \u0111ang g\u1eb7p ph\u1ea3i nh\u1eefng th\u00e1ch th\u1ee9c nghi\u00eam tr\u1ecdng v\u1ec1 t\u00e0i ch\u00ednh. GTF mang \u0111\u1ebfn cho nh\u1eefng gia \u0111\u00ecnh n\u00e0y s\u1ef1 h\u1ed7 tr\u1ee3 thi\u1ebft y\u1ebfu v\u00e0 gi\u00fap h\u1ecd t\u1eadp trung v\u00e0o vi\u1ec7c ch\u1eefa b\u1ec7nh ch\u1ee9 kh\u00f4ng ph\u1ea3i chi ph\u00ed trong su\u1ed1t h\u00e0nh tr\u00ecnh c\u1ea5y gh\u00e9p c\u1ee7a h\u1ecd.<\/p>\n\t\t\t\t\t\t\t\t\t<h3>&#8211; Tom Glavine<\/h3>\n\t\t\t\t\t\t\t\t\t\t\t\t\t<h4>Hall of Famer and Honorary GTF Board Member<\/h4>\n\t<!-- \/.pp-testimonials -->","protected":false},"excerpt":{"rendered":"<p>Community Partners Many patients give back to the Georgia Transplant Foundation as a Community Partner Group (CPG). Community Partner Groups Community Partner Groups have the unique opportunity to work in&hellip;<\/p>","protected":false},"author":43,"featured_media":0,"parent":6837,"menu_order":40,"comment_status":"closed","ping_status":"closed","template":"","meta":{"_acf_changed":false,"_monsterinsights_skip_tracking":false,"_monsterinsights_sitenote_active":false,"_monsterinsights_sitenote_note":"","_monsterinsights_sitenote_category":0,"footnotes":""},"class_list":["post-6890","page","type-page","status-publish","hentry"],"acf":[],"aioseo_notices":[],"_links":{"self":[{"href":"https:\/\/gatransplant.blackbaudwp.com\/vi\/wp-json\/wp\/v2\/pages\/6890","targetHints":{"allow":["GET"]}}],"collection":[{"href":"https:\/\/gatransplant.blackbaudwp.com\/vi\/wp-json\/wp\/v2\/pages"}],"about":[{"href":"https:\/\/gatransplant.blackbaudwp.com\/vi\/wp-json\/wp\/v2\/types\/page"}],"author":[{"embeddable":true,"href":"https:\/\/gatransplant.blackbaudwp.com\/vi\/wp-json\/wp\/v2\/users\/43"}],"replies":[{"embeddable":true,"href":"https:\/\/gatransplant.blackbaudwp.com\/vi\/wp-json\/wp\/v2\/comments?post=6890"}],"version-history":[{"count":5,"href":"https:\/\/gatransplant.blackbaudwp.com\/vi\/wp-json\/wp\/v2\/pages\/6890\/revisions"}],"predecessor-version":[{"id":62549,"href":"https:\/\/gatransplant.blackbaudwp.com\/vi\/wp-json\/wp\/v2\/pages\/6890\/revisions\/62549"}],"up":[{"embeddable":true,"href":"https:\/\/gatransplant.blackbaudwp.com\/vi\/wp-json\/wp\/v2\/pages\/6837"}],"wp:attachment":[{"href":"https:\/\/gatransplant.blackbaudwp.com\/vi\/wp-json\/wp\/v2\/media?parent=6890"}],"curies":[{"name":"wp","href":"https:\/\/api.w.org\/{rel}","templated":true}]}}