{"id":6889,"date":"2020-06-22T17:42:56","date_gmt":"2020-06-22T21:42:56","guid":{"rendered":"https:\/\/gatransplant.org\/get-involved\/volunteer\/"},"modified":"2025-09-08T12:41:11","modified_gmt":"2025-09-08T16:41:11","slug":"volunteer","status":"publish","type":"page","link":"https:\/\/gatransplant.blackbaudwp.com\/vi\/get-involved\/volunteer\/","title":{"rendered":"T\u00ecnh nguy\u1ec7n vi\u00ean"},"content":{"rendered":"<h1>\n\t\t\tT\u00ecnh nguy\u1ec7n vi\u00ean\n\t\t<\/h1>\n\t\t\t<p>C\u00e1c t\u00ecnh nguy\u1ec7n vi\u00ean \u0111\u00f3ng vai tr\u00f2 quan tr\u1ecdng \u0111\u1ed1i v\u1edbi s\u1ee9 m\u1ec7nh c\u1ee7a T\u1ed5 ch\u1ee9c C\u1ea5y gh\u00e9p Georgia. V\u1edbi s\u1ef1 gi\u00fap \u0111\u1ee1 c\u1ee7a b\u1ea1n, ch\u00fang t\u00f4i c\u00f3 th\u1ec3 n\u00e2ng cao nh\u1eadn th\u1ee9c, qu\u1ef9 v\u00e0 ti\u1ebfp t\u1ee5c l\u00e0m phong ph\u00fa th\u00eam cu\u1ed9c s\u1ed1ng c\u1ee7a b\u1ec7nh nh\u00e2n c\u1ea5y gh\u00e9p v\u00e0 gia \u0111\u00ecnh c\u1ee7a h\u1ecd.<\/p>\n\t\t<h2>\n\t\t\tB\u1ea1n c\u00f3 th\u1ec3 gi\u00fap g\u00ec?\n\t\t<\/h2>\n\t\t\t<p>GTF needs people of all ages and backgrounds to help. Your time and dedication have a real impact on the lives of Georgia&#8217;s transplant community. We have various volunteer opportunities to meet your skills and interests. Current volunteer roles include:<\/p>\t\t\n\t<strong>\u1ee6y ban s\u1ef1 ki\u1ec7n \u0111\u1eb7c bi\u1ec7t<\/strong><br \/>\nCh\u00fang t\u00f4i lu\u00f4n c\u1ea7n tr\u1ee3 gi\u00fap \u0111\u1ec3 mua v\u1eadt ph\u1ea9m \u0111\u1ea5u gi\u00e1, nh\u00e0 t\u00e0i tr\u1ee3 m\u1edbi, b\u00e1n v\u00e9 s\u1ef1 ki\u1ec7n, v.v.\n<strong>T\u00ecnh nguy\u1ec7n vi\u00ean V\u0103n ph\u00f2ng<\/strong><br \/>\nV\u0103n ph\u00f2ng GTF \u0111\u1eb7t t\u1ea1i Roswell, Georgia. Ch\u00fang t\u00f4i lu\u00f4n t\u00ecm ki\u1ebfm nh\u1eefng t\u00ecnh nguy\u1ec7n vi\u00ean \u0111\u00e1ng tin c\u1eady \u0111\u1ec3 h\u1ed7 tr\u1ee3 ch\u00fang t\u00f4i n\u1ed9p h\u1ed3 s\u01a1, sao ch\u00e9p, nh\u1eadp d\u1eef li\u1ec7u m\u00e1y t\u00ednh, t\u1eadp h\u1ee3p c\u00e1c g\u00f3i tin, t\u1eadp h\u1ee3p c\u00e1c th\u01b0 t\u1eeb, v.v.\n<strong>Chia s\u1ebb c\u00e2u chuy\u1ec7n c\u1ee7a b\u1ea1n<\/strong><br \/>\n\u1ee8ng vi\u00ean c\u1ea5y gh\u00e9p, ng\u01b0\u1eddi nh\u1eadn, ng\u01b0\u1eddi hi\u1ebfn t\u1eb7ng c\u00f2n s\u1ed1ng v\u00e0 ng\u01b0\u1eddi ch\u0103m s\u00f3c s\u1eb5n s\u00e0ng chia s\u1ebb c\u00e2u chuy\u1ec7n \/ h\u00e0nh tr\u00ecnh c\u1ea5y gh\u00e9p c\u1ee7a h\u1ecd v\u1edbi nh\u1eefng ng\u01b0\u1eddi kh\u00e1c th\u00f4ng qua: T\u1ea1p ch\u00ed D\u1ea5u \u1ea5n c\u1ee7a GTF, c\u00e1c chi\u1ebfn d\u1ecbch truy\u1ec1n th\u00f4ng x\u00e3 h\u1ed9i, s\u00e1ng ki\u1ebfn ti\u1ebfp th\u1ecb, h\u1ed9i ngh\u1ecb Xu h\u01b0\u1edbng c\u1ea5y gh\u00e9p (TNT), ph\u1ecfng v\u1ea5n tr\u00ean c\u00e1c ph\u01b0\u01a1ng ti\u1ec7n truy\u1ec1n th\u00f4ng v\u00e0 v\u1edbi t\u01b0 c\u00e1ch l\u00e0 di\u1ec5n gi\u1ea3 t\u1ea1i c\u00e1c s\u1ef1 ki\u1ec7n .\n\t<strong>Tr\u1edf th\u00e0nh ng\u01b0\u1eddi c\u1ed1 v\u1ea5n<\/strong><br \/>\nTr\u1edf th\u00e0nh C\u1ed1 v\u1ea5n GTF \u0111\u01b0\u1ee3c \u0111\u00e0o t\u1ea1o v\u00e0 gi\u00fap h\u01b0\u1edbng d\u1eabn nh\u1eefng ng\u01b0\u1eddi kh\u00e1c trong h\u00e0nh tr\u00ecnh c\u1ea5y gh\u00e9p c\u1ee7a h\u1ecd b\u1eb1ng c\u00e1ch tham gia\u00a0<a href=\"https:\/\/gatransplant.org\/our-programs\/education-community-programs\/the-mentor-project\/\">D\u1ef1 \u00e1n C\u1ed1 v\u1ea5n<\/a>.\n<strong>C\u1ed1 v\u1ea5n li\u00ean l\u1ea1c c\u1ee7a Trung t\u00e2m L\u1ecdc m\u00e1u<\/strong><br \/>\nCh\u00fang t\u00f4i \u0111ang t\u00ecm ki\u1ebfm nh\u1eefng ng\u01b0\u1eddi gh\u00e9p th\u1eadn tr\u01b0\u1edbc \u0111\u00e2y \u0111ang ch\u1ea1y th\u1eadn nh\u00e2n t\u1ea1o \u0111\u1ec3 tr\u1edf th\u00e0nh C\u1ed1 v\u1ea5n c\u1ee7a Li\u00ean l\u1ea1c vi\u00ean Trung t\u00e2m L\u1ecdc m\u00e1u (DCL). C\u1ed1 v\u1ea5n s\u1ebd c\u1ea7n ph\u1ea3i quay l\u1ea1i trung t\u00e2m l\u1ecdc m\u00e1u c\u1ee7a h\u1ecd v\u00e0 n\u00f3i \/ h\u01b0\u1edbng d\u1eabn nh\u1eefng ng\u01b0\u1eddi ch\u1ea1y th\u1eadn v\u1ec1 vi\u1ec7c c\u1ea5y gh\u00e9p nh\u01b0 m\u1ed9t l\u1ef1a ch\u1ecdn \u0111i\u1ec1u tr\u1ecb v\u00e0 c\u00e1c d\u1ecbch v\u1ee5 m\u00e0 GTF cung c\u1ea5p \u0111\u1ec3 gi\u00fap \u0111\u1ee1 trong su\u1ed1t qu\u00e1 tr\u00ecnh.\n<p><strong>\u0110\u1ea1i s\u1ee9 truy\u1ec1n th\u00f4ng x\u00e3 h\u1ed9i<\/strong><\/p>\n\t\t\t<a href=\"#form\" target=\"_self\">\n\t\t\t\t\t\t\tB\u1eaft \u0111\u1ea7u\n\t\t\t<\/a>\n\t\t\t\t\t\t\t\t\t\t<p>Khi t\u00f4i 61 tu\u1ed5i, t\u00f4i \u0111\u00e3 \u0111\u01b0\u1ee3c c\u1ea5y gh\u00e9p tim v\u00e0 cho ph\u00e9p t\u00f4i c\u00f3 m\u1ed9t cu\u1ed9c s\u1ed1ng b\u00ecnh th\u01b0\u1eddng v\u00e0 vui v\u1ebb v\u1edbi gia \u0111\u00ecnh, con ch\u00e1u. Bi\u1ebft \u0111\u01b0\u1ee3c t\u00e1c \u0111\u1ed9ng t\u00edch c\u1ef1c c\u1ee7a \u0111i\u1ec1u n\u00e0y \u0111\u1ed1i v\u1edbi cu\u1ed9c s\u1ed1ng c\u1ee7a t\u00f4i v\u00e0 s\u1ed1 l\u01b0\u1ee3ng ng\u01b0\u1eddi c\u1ea7n c\u1ea5y gh\u00e9p, t\u00f4i mu\u1ed1n t\u00edch c\u1ef1c tham gia v\u1edbi GTF \u0111\u1ec3 \u0111\u1ea3m b\u1ea3o r\u1eb1ng c\u00e0ng nhi\u1ec1u ng\u01b0\u1eddi c\u00e0ng t\u1ed1t c\u00f3 th\u1ec3 c\u00f3 \u0111\u01b0\u1ee3c tr\u1ea3i nghi\u1ec7m t\u00edch c\u1ef1c m\u00e0 t\u00f4i c\u00f3 c\u01a1 h\u1ed9i c\u00f3 \u0111\u01b0\u1ee3c.<\/p>\n\t\t\t\t\t\t\t\t\t<h3>&#8211; William B<\/h3>\n\t\t\t\t\t\t\t\t\t\t\t\t\t<h4>Heart Transplant Recipient<\/h4>\n\t<!-- \/.pp-testimonials -->\n\t\t\t<h3>B\u1eaft \u0111\u1ea7u<\/h3>\n\t\t<p>H\u00e3y tr\u1edf th\u00e0nh t\u00ecnh nguy\u1ec7n vi\u00ean ngay h\u00f4m nay! N\u1ebfu b\u1ea5t k\u1ef3 c\u01a1 h\u1ed9i n\u00e0o \u0111\u01b0\u1ee3c \u0111\u1ec1 c\u1eadp \u1edf tr\u00ean gi\u1ed1ng nh\u01b0 b\u1ea1n mu\u1ed1n l\u00e0m, vui l\u00f2ng cho ch\u00fang t\u00f4i bi\u1ebft b\u1eb1ng c\u00e1ch \u0111i\u1ec1n v\u00e0o bi\u1ec3u m\u1eabu b\u00ean d\u01b0\u1edbi.<\/p>\n                <form method='post' enctype='multipart\/form-data' target='gform_ajax_frame_14' id='gform_14'  action='https:\/\/gatransplant.blackbaudwp.com\/vi\/get-involved\/volunteer\/?fl_builder&#038;fl_builder_ui_iframe#gf_14' data-formid='14' novalidate data-trp-original-action=\"https:\/\/gatransplant.blackbaudwp.com\/get-involved\/volunteer\/?fl_builder&#038;fl_builder_ui_iframe#gf_14\">\n                        <ul id='gform_fields_14' class='gform_fields top_label form_sublabel_below description_below validation_below'><li id=\"field_14_1\"><label class='gfield_label gform-field-label gfield_label_before_complex'>T\u00ean*<\/label>\n                                                    <select name='input_1.2' id='input_14_1_2'    aria-required='false'>\n                          <option value=''><\/option><option value='Dr.'>Dr.<\/option><option value='Miss'>C\u00f4<\/option><option value='Mr.'>\u00d4ng.<\/option><option value='Mrs.'>B\u00e0.<\/option><option value='Ms.'>B\u1ec7nh \u0111a x\u01a1 c\u1ee9ng.<\/option><option value='Prof.'>GS.<\/option><option value='Rev.'>Rev.<\/option>\n                      <\/select>\n                                                    <label for='input_14_1_2' class='gform-field-label gform-field-label--type-sub'>Ti\u1ebfp \u0111\u1ea7u ng\u1eef<\/label>\n                                                    <input type='text' name='input_1.3' id='input_14_1_3' value=''   aria-required='true'     \/>\n                                                    <label for='input_14_1_3' class='gform-field-label gform-field-label--type-sub'>\u0110\u1ea7u ti\u00ean<\/label>\n                                                    <input type='text' name='input_1.6' id='input_14_1_6' value=''   aria-required='true'     \/>\n                                                    <label for='input_14_1_6' class='gform-field-label gform-field-label--type-sub'>Cu\u1ed1i c\u00f9ng<\/label>\n                        <\/li><li id=\"field_14_2\"><label class='gfield_label gform-field-label' for='input_14_2'>E-mail*<\/label>\n                            <input name='input_2' id='input_14_2' type='email' value='' class='large'    aria-required=\"true\" aria-invalid=\"false\"  \/>\n                        <\/li><li id=\"field_14_6\"><label class='gfield_label gform-field-label' for='input_14_6'>\u0110i\u1ec7n tho\u1ea1i*<\/label><input name='input_6' id='input_14_6' type='tel' value='' class='large'   aria-required=\"true\" aria-invalid=\"false\"   \/><\/li><li id=\"field_14_9\"><label class='gfield_label gform-field-label' for='input_14_9'>Vui l\u00f2ng ch\u1ecdn m\u1ed9t trong nh\u1eefng m\u00f4 t\u1ea3 t\u1ed1t nh\u1ea5t v\u1ec1 b\u1ea1n: *<\/label><select name='input_9' id='input_14_9' class='large gfield_select'    aria-required=\"true\" aria-invalid=\"false\"><option value='Transplant recipient'>Ng\u01b0\u1eddi nh\u1eadn c\u1ea5y gh\u00e9p<\/option><option value='Candidate - waiting for a transplant'>\u1ee8ng vi\u00ean - \u0111ang ch\u1edd gh\u00e9p<\/option><option value='Family member of a transplant recipient (caregiver)'>Th\u00e0nh vi\u00ean gia \u0111\u00ecnh c\u1ee7a ng\u01b0\u1eddi nh\u1eadn c\u1ea5y gh\u00e9p (ng\u01b0\u1eddi ch\u0103m s\u00f3c)<\/option><option value='Living Donor'>Ng\u01b0\u1eddi hi\u1ebfn t\u1eb7ng c\u00f2n s\u1ed1ng<\/option><option value='Donor Family'>Gia \u0111\u00ecnh nh\u00e0 t\u00e0i tr\u1ee3<\/option><option value='General Volunteer\/Other'>T\u00ecnh nguy\u1ec7n vi\u00ean chung \/ Kh\u00e1c<\/option><\/select><\/li><li id=\"field_14_4\"><label class='gfield_label gform-field-label gfield_label_before_complex'>C\u00e1c ho\u1ea1t \u0111\u1ed9ng t\u00ecnh nguy\u1ec7n m\u00e0 b\u1ea1n quan t\u00e2m (\u0111\u00e1nh d\u1ea5u v\u00e0o t\u1ea5t c\u1ea3 c\u00e1c c\u00e2u ph\u00f9 h\u1ee3p): *<\/label><ul class='gfield_checkbox' id='input_14_4'><li class='gchoice gchoice_14_4_1'>\n\t\t\t\t\t\t\t\t<input class='gfield-choice-input' name='input_4.1' type='checkbox'  value='Special Events Committee'  id='choice_14_4_1'   \/>\n\t\t\t\t\t\t\t\t<label for='choice_14_4_1' id='label_14_4_1' class='gform-field-label gform-field-label--type-inline'>\u1ee6y ban s\u1ef1 ki\u1ec7n \u0111\u1eb7c bi\u1ec7t<\/label>\n\t\t\t\t\t\t\t<\/li><li class='gchoice gchoice_14_4_2'>\n\t\t\t\t\t\t\t\t<input class='gfield-choice-input' name='input_4.2' type='checkbox'  value='Office Volunteer'  id='choice_14_4_2'   \/>\n\t\t\t\t\t\t\t\t<label for='choice_14_4_2' id='label_14_4_2' class='gform-field-label gform-field-label--type-inline'>T\u00ecnh nguy\u1ec7n vi\u00ean v\u0103n ph\u00f2ng<\/label>\n\t\t\t\t\t\t\t<\/li><li class='gchoice gchoice_14_4_3'>\n\t\t\t\t\t\t\t\t<input class='gfield-choice-input' name='input_4.3' type='checkbox'  value='Social Media Ambassador'  id='choice_14_4_3'   \/>\n\t\t\t\t\t\t\t\t<label for='choice_14_4_3' id='label_14_4_3' class='gform-field-label gform-field-label--type-inline'>\u0110\u1ea1i s\u1ee9 truy\u1ec1n th\u00f4ng x\u00e3 h\u1ed9i<\/label>\n\t\t\t\t\t\t\t<\/li><li class='gchoice gchoice_14_4_4'>\n\t\t\t\t\t\t\t\t<input class='gfield-choice-input' name='input_4.4' type='checkbox'  value='Share Your Story'  id='choice_14_4_4'   \/>\n\t\t\t\t\t\t\t\t<label for='choice_14_4_4' id='label_14_4_4' class='gform-field-label gform-field-label--type-inline'>Chia s\u1ebb c\u00e2u chuy\u1ec7n c\u1ee7a b\u1ea1n<\/label>\n\t\t\t\t\t\t\t<\/li><li class='gchoice gchoice_14_4_5'>\n\t\t\t\t\t\t\t\t<input class='gfield-choice-input' name='input_4.5' type='checkbox'  value='Become a Mentor\/Dialysis Center Liaison'  id='choice_14_4_5'   \/>\n\t\t\t\t\t\t\t\t<label for='choice_14_4_5' id='label_14_4_5' class='gform-field-label gform-field-label--type-inline'>Tr\u1edf th\u00e0nh C\u1ed1 v\u1ea5n \/ Li\u00ean l\u1ea1c vi\u00ean c\u1ee7a Trung t\u00e2m L\u1ecdc m\u00e1u<\/label>\n\t\t\t\t\t\t\t<\/li><\/ul><\/li><li id=\"field_14_11\"><label class='gfield_label gform-field-label gfield_label_before_complex'>T\u00ednh kh\u1ea3 d\u1ee5ng (\u0111\u00e1nh d\u1ea5u v\u00e0o t\u1ea5t c\u1ea3 c\u00e1c c\u00e2u ph\u00f9 h\u1ee3p): *<\/label><ul class='gfield_checkbox' id='input_14_11'><li class='gchoice gchoice_14_11_1'>\n\t\t\t\t\t\t\t\t<input class='gfield-choice-input' name='input_11.1' type='checkbox'  value='Weekday Mornings'  id='choice_14_11_1'   \/>\n\t\t\t\t\t\t\t\t<label for='choice_14_11_1' id='label_14_11_1' class='gform-field-label gform-field-label--type-inline'>C\u00e1c bu\u1ed5i s\u00e1ng trong tu\u1ea7n<\/label>\n\t\t\t\t\t\t\t<\/li><li class='gchoice gchoice_14_11_2'>\n\t\t\t\t\t\t\t\t<input class='gfield-choice-input' name='input_11.2' type='checkbox'  value='Weekday Afternoons'  id='choice_14_11_2'   \/>\n\t\t\t\t\t\t\t\t<label for='choice_14_11_2' id='label_14_11_2' class='gform-field-label gform-field-label--type-inline'>C\u00e1c bu\u1ed5i chi\u1ec1u trong tu\u1ea7n<\/label>\n\t\t\t\t\t\t\t<\/li><li class='gchoice gchoice_14_11_3'>\n\t\t\t\t\t\t\t\t<input class='gfield-choice-input' name='input_11.3' type='checkbox'  value='Weekday Evenings'  id='choice_14_11_3'   \/>\n\t\t\t\t\t\t\t\t<label for='choice_14_11_3' id='label_14_11_3' class='gform-field-label gform-field-label--type-inline'>C\u00e1c bu\u1ed5i t\u1ed1i trong tu\u1ea7n<\/label>\n\t\t\t\t\t\t\t<\/li><li class='gchoice gchoice_14_11_4'>\n\t\t\t\t\t\t\t\t<input class='gfield-choice-input' name='input_11.4' type='checkbox'  value='Weekends'  id='choice_14_11_4'   \/>\n\t\t\t\t\t\t\t\t<label for='choice_14_11_4' id='label_14_11_4' class='gform-field-label gform-field-label--type-inline'>Nh\u01b0ng ngay cu\u1ed1i tu\u1ea7n<\/label>\n\t\t\t\t\t\t\t<\/li><\/ul><\/li><li id=\"field_14_7\"><label class='gfield_label gform-field-label' for='input_14_7'>C\u00e2u h\u1ecfi ho\u1eb7c nh\u1eadn x\u00e9t:<\/label><textarea name='input_7' id='input_14_7' class='textarea medium'      aria-invalid=\"false\"   rows='10' cols='50'><\/textarea><\/li><li id=\"field_14_8\"><label class='gfield_label gform-field-label' for='input_14_8'>M\u00c3 NG\u1eaaU NHI\u00caN<\/label><\/li><\/ul>\n         <input type='submit' id='gform_submit_button_14' class='gform_button button' onclick='gform.submission.handleButtonClick(this);' data-submission-type='submit' value='G\u1eedi \u0111i'  \/> <input type='hidden' name='gform_ajax' value='form_id=14&amp;title=&amp;description=&amp;tabindex=0&amp;theme=legacy&amp;styles=[]&amp;hash=6ee1707885e0664c4397d41f933ca79d' \/>\n            <input type='hidden' class='gform_hidden' name='gform_submission_method' data-js='gform_submission_method_14' value='iframe' \/>\n            <input type='hidden' class='gform_hidden' name='gform_theme' data-js='gform_theme_14' id='gform_theme_14' value='legacy' \/>\n            <input type='hidden' class='gform_hidden' name='gform_style_settings' data-js='gform_style_settings_14' id='gform_style_settings_14' value='[]' \/>\n            <input type='hidden' class='gform_hidden' name='is_submit_14' value='1' \/>\n            <input type='hidden' class='gform_hidden' name='gform_submit' value='14' \/>\n            <input type='hidden' class='gform_hidden' name='gform_unique_id' value='' \/>\n            <input type='hidden' class='gform_hidden' name='state_14' value='WyJbXSIsIjQ2ZDIxYzhkOGRhYzAzNWExNmM2ZjRmNTMxNmRjODdiIl0=' \/>\n            <input type='hidden' autocomplete='off' class='gform_hidden' name='gform_target_page_number_14' id='gform_target_page_number_14' value='0' \/>\n            <input type='hidden' autocomplete='off' class='gform_hidden' name='gform_source_page_number_14' id='gform_source_page_number_14' value='1' \/>\n            <input type='hidden' name='gform_field_values' value='' \/>\n                        <input type=\"hidden\" name=\"trp-form-language\" value=\"vi\"\/><\/form>\n\t\t                <iframe style='display:none;width:0px;height:0px;' src='about:blank' name='gform_ajax_frame_14' id='gform_ajax_frame_14' title='Khung n\u1ed9i tuy\u1ebfn n\u00e0y ch\u1ee9a logic c\u1ea7n thi\u1ebft \u0111\u1ec3 x\u1eed l\u00fd c\u00e1c Bi\u1ec3u m\u1eabu tr\u1ecdng l\u1ef1c do Ajax cung c\u1ea5p.'><\/iframe>","protected":false},"excerpt":{"rendered":"<p>GTF c\u1ea7n m\u1ecdi ng\u01b0\u1eddi \u1edf m\u1ecdi l\u1ee9a tu\u1ed5i v\u00e0 ho\u00e0n c\u1ea3nh \u0111\u1ec3 gi\u00fap m\u1ed9t tay!<\/p>","protected":false},"author":43,"featured_media":960,"parent":6837,"menu_order":39,"comment_status":"closed","ping_status":"closed","template":"","meta":{"_acf_changed":false,"_monsterinsights_skip_tracking":false,"_monsterinsights_sitenote_active":false,"_monsterinsights_sitenote_note":"","_monsterinsights_sitenote_category":0,"footnotes":""},"class_list":["post-6889","page","type-page","status-publish","has-post-thumbnail","hentry"],"acf":[],"aioseo_notices":[],"_links":{"self":[{"href":"https:\/\/gatransplant.blackbaudwp.com\/vi\/wp-json\/wp\/v2\/pages\/6889","targetHints":{"allow":["GET"]}}],"collection":[{"href":"https:\/\/gatransplant.blackbaudwp.com\/vi\/wp-json\/wp\/v2\/pages"}],"about":[{"href":"https:\/\/gatransplant.blackbaudwp.com\/vi\/wp-json\/wp\/v2\/types\/page"}],"author":[{"embeddable":true,"href":"https:\/\/gatransplant.blackbaudwp.com\/vi\/wp-json\/wp\/v2\/users\/43"}],"replies":[{"embeddable":true,"href":"https:\/\/gatransplant.blackbaudwp.com\/vi\/wp-json\/wp\/v2\/comments?post=6889"}],"version-history":[{"count":5,"href":"https:\/\/gatransplant.blackbaudwp.com\/vi\/wp-json\/wp\/v2\/pages\/6889\/revisions"}],"predecessor-version":[{"id":62551,"href":"https:\/\/gatransplant.blackbaudwp.com\/vi\/wp-json\/wp\/v2\/pages\/6889\/revisions\/62551"}],"up":[{"embeddable":true,"href":"https:\/\/gatransplant.blackbaudwp.com\/vi\/wp-json\/wp\/v2\/pages\/6837"}],"wp:featuredmedia":[{"embeddable":true,"href":"https:\/\/gatransplant.blackbaudwp.com\/vi\/wp-json\/wp\/v2\/media\/960"}],"wp:attachment":[{"href":"https:\/\/gatransplant.blackbaudwp.com\/vi\/wp-json\/wp\/v2\/media?parent=6889"}],"curies":[{"name":"wp","href":"https:\/\/api.w.org\/{rel}","templated":true}]}}