{"id":6883,"date":"2020-06-22T17:41:47","date_gmt":"2020-06-22T21:41:47","guid":{"rendered":"https:\/\/gatransplant.org\/our-events\/angels-of-life\/"},"modified":"2025-09-07T15:10:58","modified_gmt":"2025-09-07T19:10:58","slug":"angels-of-life","status":"publish","type":"page","link":"https:\/\/gatransplant.blackbaudwp.com\/vi\/our-events\/angels-of-life\/","title":{"rendered":"Thi\u00ean th\u1ea7n c\u1ee7a s\u1ef1 s\u1ed1ng"},"content":{"rendered":"<h1>\n\t\t\tThi\u00ean th\u1ea7n c\u1ee7a cu\u1ed9c s\u1ed1ng\n\t\t<\/h1>\n\t\t\t\t\tNg\u00e0y gi\u1edd:\n\t\t\t\t\t\t<h3>Sunday, October 13, 2024<\/h3>\t\t\t\t\t\n\t\t\t\t\tLocation\n\t\t\t\t\t\t<h3>Cobb Galleria<\/h3>\t\t\t\t\t\n\t\t\t\t\tCost\n\t\t\t\t\t\t<h3>T\u00e0i tr\u1ee3 &amp; V\u00e9 c\u00f3 s\u1eb5n<\/h3>\t\t\t\t\t\n\t\t<h2>\n\t\t\t14th Annual &#8220;Angels of Life&#8221; Hair and Fashion Show\n\t\t<\/h2>\n\t\t\t<p>Angels of Life l\u00e0 g\u00ec? Angels of Life ... nh\u1eefng ng\u01b0\u1eddi trao s\u1ef1 s\u1ed1ng cho ng\u01b0\u1eddi kh\u00e1c. H\u00e3y tham gia c\u00f9ng ch\u00fang t\u00f4i \u0111\u1ec3 t\u00f4n vinh m\u00f3n qu\u00e0 cu\u1ed9c s\u1ed1ng v\u00e0 nh\u1eefng Thi\u00ean th\u1ea7n \u0111\u00e3 bi\u1ebfn n\u00f3 th\u00e0nh hi\u1ec7n th\u1ef1c. Trong s\u1ef1 ki\u1ec7n n\u0103m nay, b\u1ea1n s\u1ebd \u0111\u01b0\u1ee3c nghe nh\u1eefng l\u1eddi ch\u1ee9ng th\u1ef1c v\u1ec1 cu\u1ed9c s\u1ed1ng t\u1eeb nh\u1eefng ng\u01b0\u1eddi \u0111\u01b0\u1ee3c gh\u00e9p t\u1ea1ng v\u00e0 gia \u0111\u00ecnh ng\u01b0\u1eddi hi\u1ebfn t\u1eb7ng, nh\u1eefng ng\u01b0\u1eddi chia s\u1ebb h\u00e0nh tr\u00ecnh c\u1ea3m \u0111\u1ed9ng c\u1ee7a h\u1ecd v\u00e0 c\u00e1ch GTF \u0111\u00e3 h\u1ed7 tr\u1ee3 h\u1ecd trong th\u1eddi \u0111i\u1ec3m c\u1ea7n thi\u1ebft. Bu\u1ed5i t\u1ed1i n\u1ed5i b\u1eadt v\u1edbi h\u01a1n 200 cu\u1ed9c \u0111\u1ea5u gi\u00e1 tr\u1ef1c ti\u1ebfp v\u00e0 im l\u1eb7ng, gi\u1ea3i tr\u00ed, \u00e2m nh\u1ea1c v\u00e0 qu\u00e0 t\u1eb7ng cu\u1ed9c s\u1ed1ng truy\u1ec1n c\u1ea3m h\u1ee9ng cho Ch\u01b0\u01a1ng tr\u00ecnh Th\u1eddi trang v\u00e0 T\u00f3c \u0111\u01b0\u1ee3c thi\u1ebft k\u1ebf b\u1edfi <a href=\"https:\/\/three-13.com\/angels-of-life\/\">Three-13 Salon, Spa &amp; Boutique&#039;s<\/a> Artistic Team! &#8220;Angel of Life&#8221; Donation since 2011, $950,313!!!<h3>Ngu\u1ed3n c\u1ea3m h\u1ee9ng \u0111\u1eb1ng sau nh\u1eefng thi\u00ean th\u1ea7n c\u1ee7a cu\u1ed9c s\u1ed1ng<\/h3><img decoding=\"async\" src=\"https:\/\/gatransplant.org\/wp-content\/uploads\/2020\/12\/IMG_2014.jpg\" alt=\"\" width=\"399\" height=\"300\" \/>Lester E. Crowell Jr., <a href=\"https:\/\/three-13.com\/\">Three-13 Salon, Spa &amp; Boutique&#039;s<\/a> \u0110\u1ed1i t\u00e1c qu\u1ea3n l\u00fd v\u00e0 ng\u01b0\u1eddi \u0111\u01b0\u1ee3c gh\u00e9p tim hai l\u1ea7n, \u0111\u00e3 chi\u1ebfn \u0111\u1ea5u c\u1ea3 \u0111\u1eddi v\u1edbi IHSS (H\u1eb9p eo \u0111\u1ed9ng m\u1ea1ch ch\u1ee7 ph\u00ec \u0111\u1ea1i t\u1ef1 ph\u00e1t) v\u00e0 \u1edf tu\u1ed5i 43, anh \u0111\u01b0\u1ee3c gh\u00e9p tim \u0111\u1ea7u ti\u00ean khi tr\u00e1i tim qu\u00ea h\u01b0\u01a1ng c\u1ee7a anh kh\u00f4ng c\u00f2n s\u1ee9c chi\u1ebfn \u0111\u1ea5u. Sau ca c\u1ea5y gh\u00e9p \u0111\u1ea7u ti\u00ean c\u1ee7a m\u00ecnh, Lester \u0111\u00e3 s\u1ed1ng kh\u1ecfe m\u1ea1nh v\u00e0 kh\u1ecfe m\u1ea1nh, c\u1ea3m th\u1ea5y t\u1ed1t h\u01a1n bao gi\u1edd h\u1ebft. Tuy nhi\u00ean, sau 9 n\u0103m, tr\u00e1i tim \u0111\u01b0\u1ee3c c\u1ea5y gh\u00e9p \u0111\u00e3 ph\u00e1t tri\u1ec3n ch\u1ee9ng \u0111\u00e0o th\u1ea3i m\u00e3n t\u00ednh, t\u01b0\u01a1ng t\u1ef1 nh\u01b0 b\u1ec7nh m\u1ea1ch v\u00e0nh, m\u1ed9t m\u1ed1i \u0111e d\u1ecda chung cho t\u1ea5t c\u1ea3 c\u00e1c c\u01a1 quan \u0111\u01b0\u1ee3c c\u1ea5y gh\u00e9p\u2026 Anh \u1ea5y l\u1ea1i \u0111\u01b0\u1ee3c \u0111\u01b0a v\u00e0o danh s\u00e1ch c\u1ea5y gh\u00e9p, s\u1ed1ng v\u1edbi n\u1ed7i s\u1ee3 h\u00e3i h\u00e0ng ng\u00e0y m\u1edbi v\u1ec1 vi\u1ec7c c\u00f3 th\u1ec3 b\u1ecb m\u1ed9t c\u01a1n \u0111au tim l\u1edbn. V\u00e0o ng\u00e0y 3 th\u00e1ng 12 n\u0103m 2010, Lester nh\u1eadn \u0111\u01b0\u1ee3c cu\u1ed9c g\u1ecdi thay \u0111\u1ed5i cu\u1ed9c \u0111\u1eddi r\u1eb1ng m\u1ed9t tr\u00e1i tim m\u1edbi \u0111\u00e3 \u0111\u01b0\u1ee3c t\u00ecm th\u1ea5y v\u00e0 \u0111ang ch\u1edd \u0111\u1ee3i anh. Sau ca c\u1ea5y gh\u00e9p th\u1ee9 hai th\u00e0nh c\u00f4ng, Lester th\u1ee9c d\u1eady \u0111\u1ea7y c\u1ea3m h\u1ee9ng v\u00e0 tr\u00e0n \u0111\u1ea7y l\u00f2ng bi\u1ebft \u01a1n\u2026 \u0111\u00e2y l\u00e0 l\u00fac Thi\u00ean th\u1ea7n Cu\u1ed9c s\u1ed1ng \u0111\u01b0\u1ee3c sinh ra. Ni\u1ec1m \u0111am m\u00ea gi\u00fap \u0111\u1ee1 nh\u1eefng ng\u01b0\u1eddi kh\u00e1c trong c\u1ed9ng \u0111\u1ed3ng c\u1ea5y gh\u00e9p c\u1ee7a anh \u1ea5y \u0111\u00e3 tr\u1edf th\u00e0nh m\u1ed9t s\u1ee9 m\u1ec7nh cu\u1ed9c \u0111\u1eddi.<\/p>\t\t\n\t\t\t<a href=\"https:\/\/three-13.com\/angels-of-life\/\" target=\"_blank\" rel=\"noopener\">\n\t\t\t\t\t\t\tT\u00ecm hi\u1ec3u th\u00eam v\u1ec1 s\u1ef1 ki\u1ec7n\n\t\t\t\t\t<\/a>\n\t\t<h2>\n\t\t\tTri\u1ec3n l\u00e3m \u1ea3nh\n\t\t<\/h2>\n\t\t\t\t<a\n\t\t\thref=\"https:\/\/gatransplant.blackbaudwp.com\/wp-content\/uploads\/2020\/12\/angels4.jpg\"\n\t\t\t\t\t\tdata-fancybox=\"images\" \n\t\t\ttitle=\"Thi\u00ean th\u1ea7n4\" \n\t\t\t\t\t\tdata-caption=\"\"\n\t\t\t\t\t\tdata-description=\"\" \n\t\t\titemprop=\"contentUrl\">\n\t\t\t<img decoding=\"async\" src=\"https:\/\/gatransplant.blackbaudwp.com\/wp-content\/uploads\/2020\/12\/angels4-760x760.jpg\" alt=\"\" data-no-lazy=\"1\" itemprop=\"thumbnail\" width=\"760\" height=\"760\" \/>\n\t\t\t<!-- Overlay Wrapper -->\n\t\t\t <!-- Overlay Wrapper Closed -->\n\t\t\t\t<\/a>\n\t\t\t\t\t\t\t<meta itemprop=\"width\" content=\"760\" \/>\n\t\t\t<meta itemprop=\"height\" content=\"760\" \/>\n\t\t\t\t<a\n\t\t\thref=\"https:\/\/gatransplant.blackbaudwp.com\/wp-content\/uploads\/2020\/12\/angels1-rotated.jpg\"\n\t\t\t\t\t\tdata-fancybox=\"images\" \n\t\t\ttitle=\"Thi\u00ean th\u1ea7n1\" \n\t\t\t\t\t\tdata-caption=\"\"\n\t\t\t\t\t\tdata-description=\"\" \n\t\t\titemprop=\"contentUrl\">\n\t\t\t<img decoding=\"async\" src=\"https:\/\/gatransplant.blackbaudwp.com\/wp-content\/uploads\/2020\/12\/angels1-760x760.jpg\" alt=\"\" data-no-lazy=\"1\" itemprop=\"thumbnail\" width=\"760\" height=\"760\" \/>\n\t\t\t<!-- Overlay Wrapper -->\n\t\t\t <!-- Overlay Wrapper Closed -->\n\t\t\t\t<\/a>\n\t\t\t\t\t\t\t<meta itemprop=\"width\" content=\"760\" \/>\n\t\t\t<meta itemprop=\"height\" content=\"760\" \/>\n\t\t\t\t<a\n\t\t\thref=\"https:\/\/gatransplant.blackbaudwp.com\/wp-content\/uploads\/2020\/12\/angels.jpg\"\n\t\t\t\t\t\tdata-fancybox=\"images\" \n\t\t\ttitle=\"Thi\u00ean th\u1ea7n\" \n\t\t\t\t\t\tdata-caption=\"\"\n\t\t\t\t\t\tdata-description=\"\" \n\t\t\titemprop=\"contentUrl\">\n\t\t\t<img decoding=\"async\" src=\"https:\/\/gatransplant.blackbaudwp.com\/wp-content\/uploads\/2020\/12\/angels-760x760.jpg\" alt=\"\" data-no-lazy=\"1\" itemprop=\"thumbnail\" width=\"760\" height=\"760\" \/>\n\t\t\t<!-- Overlay Wrapper -->\n\t\t\t <!-- Overlay Wrapper Closed -->\n\t\t\t\t<\/a>\n\t\t\t\t\t\t\t<meta itemprop=\"width\" content=\"760\" \/>\n\t\t\t<meta itemprop=\"height\" content=\"760\" \/>\n\t\t\t\t<a\n\t\t\thref=\"https:\/\/gatransplant.blackbaudwp.com\/wp-content\/uploads\/2020\/12\/angels5.jpg\"\n\t\t\t\t\t\tdata-fancybox=\"images\" \n\t\t\ttitle=\"Thi\u00ean th\u1ea7n5\" \n\t\t\t\t\t\tdata-caption=\"\"\n\t\t\t\t\t\tdata-description=\"\" \n\t\t\titemprop=\"contentUrl\">\n\t\t\t<img decoding=\"async\" src=\"https:\/\/gatransplant.blackbaudwp.com\/wp-content\/uploads\/2020\/12\/angels5-760x760.jpg\" alt=\"\" data-no-lazy=\"1\" itemprop=\"thumbnail\" width=\"760\" height=\"760\" \/>\n\t\t\t<!-- Overlay Wrapper -->\n\t\t\t <!-- Overlay Wrapper Closed -->\n\t\t\t\t<\/a>\n\t\t\t\t\t\t\t<meta itemprop=\"width\" content=\"760\" \/>\n\t\t\t<meta itemprop=\"height\" content=\"760\" \/>\n\t\t\t\t<a\n\t\t\thref=\"https:\/\/gatransplant.blackbaudwp.com\/wp-content\/uploads\/2020\/12\/angels2.jpg\"\n\t\t\t\t\t\tdata-fancybox=\"images\" \n\t\t\ttitle=\"Thi\u00ean th\u1ea7n2\" \n\t\t\t\t\t\tdata-caption=\"\"\n\t\t\t\t\t\tdata-description=\"\" \n\t\t\titemprop=\"contentUrl\">\n\t\t\t<img decoding=\"async\" src=\"https:\/\/gatransplant.blackbaudwp.com\/wp-content\/uploads\/2020\/12\/angels2-760x760.jpg\" alt=\"\" data-no-lazy=\"1\" itemprop=\"thumbnail\" width=\"760\" height=\"760\" \/>\n\t\t\t<!-- Overlay Wrapper -->\n\t\t\t <!-- Overlay Wrapper Closed -->\n\t\t\t\t<\/a>\n\t\t\t\t\t\t\t<meta itemprop=\"width\" content=\"760\" \/>\n\t\t\t<meta itemprop=\"height\" content=\"760\" \/>\n\t\t\t\t<a\n\t\t\thref=\"https:\/\/gatransplant.blackbaudwp.com\/wp-content\/uploads\/2020\/12\/angels3.jpg\"\n\t\t\t\t\t\tdata-fancybox=\"images\" \n\t\t\ttitle=\"Thi\u00ean th\u1ea7n3\" \n\t\t\t\t\t\tdata-caption=\"\"\n\t\t\t\t\t\tdata-description=\"\" \n\t\t\titemprop=\"contentUrl\">\n\t\t\t<img decoding=\"async\" src=\"https:\/\/gatransplant.blackbaudwp.com\/wp-content\/uploads\/2020\/12\/angels3-760x760.jpg\" alt=\"\" data-no-lazy=\"1\" itemprop=\"thumbnail\" width=\"760\" height=\"760\" \/>\n\t\t\t<!-- Overlay Wrapper -->\n\t\t\t <!-- Overlay Wrapper Closed -->\n\t\t\t\t<\/a>\n\t\t\t\t\t\t\t<meta itemprop=\"width\" content=\"760\" \/>\n\t\t\t<meta itemprop=\"height\" content=\"760\" \/>","protected":false},"excerpt":{"rendered":"<p>Angels of life Date &#038; Time: Sunday, October 13, 2024 Location Cobb Galleria Cost Sponsorships &#038; Tickets Available 14th Annual &#8220;Angels of Life&#8221; Hair and Fashion Show What is Angels&hellip;<\/p>","protected":false},"author":43,"featured_media":0,"parent":6836,"menu_order":38,"comment_status":"closed","ping_status":"closed","template":"","meta":{"_acf_changed":false,"_monsterinsights_skip_tracking":false,"_monsterinsights_sitenote_active":false,"_monsterinsights_sitenote_note":"","_monsterinsights_sitenote_category":0,"footnotes":""},"class_list":["post-6883","page","type-page","status-publish","hentry"],"acf":[],"aioseo_notices":[],"_links":{"self":[{"href":"https:\/\/gatransplant.blackbaudwp.com\/vi\/wp-json\/wp\/v2\/pages\/6883","targetHints":{"allow":["GET"]}}],"collection":[{"href":"https:\/\/gatransplant.blackbaudwp.com\/vi\/wp-json\/wp\/v2\/pages"}],"about":[{"href":"https:\/\/gatransplant.blackbaudwp.com\/vi\/wp-json\/wp\/v2\/types\/page"}],"author":[{"embeddable":true,"href":"https:\/\/gatransplant.blackbaudwp.com\/vi\/wp-json\/wp\/v2\/users\/43"}],"replies":[{"embeddable":true,"href":"https:\/\/gatransplant.blackbaudwp.com\/vi\/wp-json\/wp\/v2\/comments?post=6883"}],"version-history":[{"count":5,"href":"https:\/\/gatransplant.blackbaudwp.com\/vi\/wp-json\/wp\/v2\/pages\/6883\/revisions"}],"predecessor-version":[{"id":62494,"href":"https:\/\/gatransplant.blackbaudwp.com\/vi\/wp-json\/wp\/v2\/pages\/6883\/revisions\/62494"}],"up":[{"embeddable":true,"href":"https:\/\/gatransplant.blackbaudwp.com\/vi\/wp-json\/wp\/v2\/pages\/6836"}],"wp:attachment":[{"href":"https:\/\/gatransplant.blackbaudwp.com\/vi\/wp-json\/wp\/v2\/media?parent=6883"}],"curies":[{"name":"wp","href":"https:\/\/api.w.org\/{rel}","templated":true}]}}