{"id":6858,"date":"2020-06-22T17:38:49","date_gmt":"2020-06-22T21:38:49","guid":{"rendered":"https:\/\/gatransplant.org\/our-programs\/education-community-programs\/couples-enrichment-weekend\/"},"modified":"2025-12-19T13:11:14","modified_gmt":"2025-12-19T18:11:14","slug":"couples-enrichment-retreat","status":"publish","type":"page","link":"https:\/\/gatransplant.blackbaudwp.com\/vi\/our-programs\/education-community-programs\/couples-enrichment-retreat\/","title":{"rendered":"Kh\u00f3a tu l\u00e0m gi\u00e0u cho c\u00e1c c\u1eb7p \u0111\u00f4i"},"content":{"rendered":"<a href=\"#register\" target=\"_self\">\n\t\t\t\t\t\t\t\u0110\u0103ng k\u00fd\n\t\t\t<\/a>\n\t\t\t<a href=\"#map\" target=\"_self\">\n\t\t\t\t\t\t\tB\u1ea3n \u0111\u1ed3 &amp; th\u00f4ng tin b\u1ed5 sung\n\t\t\t<\/a>\n\t\t\t<a href=\"#sponsors\" target=\"_self\">\n\t\t\t\t\t\t\tNh\u00e0 t\u00e0i tr\u1ee3 s\u1ef1 ki\u1ec7n\n\t\t\t<\/a>\n\t\t\t<a href=\"#gallery\" target=\"_self\">\n\t\t\t\t\t\t\tTri\u1ec3n l\u00e3m \u1ea3nh\n\t\t\t<\/a>\n\t\t<h1>\n\t\t\tKh\u00f3a tu l\u00e0m gi\u00e0u cho c\u00e1c c\u1eb7p \u0111\u00f4i\n\t\t<\/h1>\n\t\t\t\t\tNg\u00e0y gi\u1edd:\n\t\t\t\t\t\t<h3>May 16 to May 18, 2025<\/h3>\t\t\t\t\t\n\t\t\t\t\tLocation\n\t\t\t\t\t\t<h3>\u0110\u1ea3o St Simons, GA<\/h3>\t\t\t\t\t\n\t\t\t\t\tCost\n\t\t\t\t\t\t<h3>$50 per couple<\/h3>\t\t\t\t\t\n\t\t<h2>\n\t\t\tKh\u00f3a Tu L\u00e0m Gi\u00e0u Cho C\u1eb7p \u0110\u00f4i, \u201cChung M\u1ed9t B\u01b0\u1edbc\u201d, d\u00e0nh cho nh\u1eefng ng\u01b0\u1eddi \u0111\u01b0\u1ee3c gh\u00e9p t\u1ea1ng v\u00e0 v\u1ee3 \/ ch\u1ed3ng \/ nh\u1eefng ng\u01b0\u1eddi quan tr\u1ecdng c\u1ee7a h\u1ecd.\n\t\t<\/h2>\n\t\t\t<p>Cu\u1ed1i tu\u1ea7n (t\u1eeb chi\u1ec1u th\u1ee9 S\u00e1u \u0111\u1ebfn tr\u01b0a Ch\u1ee7 nh\u1eadt) di\u1ec5n ra t\u1ea1i \u0110\u1ea3o Saint Simons xinh \u0111\u1eb9p, Georgia, v\u00e0 m\u1edf c\u1eeda cho nh\u1eefng ng\u01b0\u1eddi nh\u1eadn gh\u00e9p t\u1ea1ng v\u00e0 v\u1ee3 \/ ch\u1ed3ng \/ ng\u01b0\u1eddi kh\u00e1c c\u1ee7a h\u1ecd, v\u00e0 cha m\u1eb9 c\u1ee7a nh\u1eefng ng\u01b0\u1eddi nh\u1eadn gh\u00e9p t\u1ea1ng tr\u1ebb em. <strong>M\u1ee5c \u0111\u00edch l\u00e0 t\u1ea1o \u0111i\u1ec1u ki\u1ec7n cho c\u00e1c c\u1eb7p v\u1ee3 ch\u1ed3ng h\u1ecdc h\u1ecfi c\u00e1c k\u1ef9 n\u0103ng v\u00e0 chia s\u1ebb kinh nghi\u1ec7m gi\u00fap t\u0103ng c\u01b0\u1eddng s\u1ef1 hi\u1ec3u bi\u1ebft l\u1eabn nhau v\u00e0 cam k\u1ebft v\u1edbi nhau.<\/strong>Kh\u00f3a tu \u0111\u01b0\u1ee3c thi\u1ebft k\u1ebf cho nh\u1eefng ng\u01b0\u1eddi coi tr\u1ecdng m\u1ed1i quan h\u1ec7 c\u1ee7a h\u1ecd v\u00e0 mu\u1ed1n n\u00f3 b\u1ec1n ch\u1eb7t v\u00e0 l\u00e2u d\u00e0i trong khi \u0111\u1ed1i ph\u00f3 v\u1edbi c\u0103ng th\u1eb3ng li\u00ean t\u1ee5c li\u00ean quan \u0111\u1ebfn c\u1ea5y gh\u00e9p. <strong>Ng\u01b0\u1eddi \u0111i\u1ec1u h\u00e0nh cu\u1ed1i tu\u1ea7n l\u00e0 Jackson P. Rainer, Ti\u1ebfn s\u0129, (<a href=\"#map\">\u0111\u1ecdc sinh h\u1ecdc<\/a>) m\u1ed9t nh\u00e0 t\u00e2m l\u00fd h\u1ecdc<\/strong> n\u1ed5i ti\u1ebfng to\u00e0n qu\u1ed1c v\u1ec1 c\u00f4ng vi\u1ec7c c\u1ee7a m\u00ecnh v\u1edbi c\u00e1c c\u1eb7p v\u1ee3 ch\u1ed3ng \u0111\u1ed1i m\u1eb7t v\u1edbi nh\u1eefng th\u00e1ch th\u1ee9c c\u1ee7a b\u1ec7nh m\u00e3n t\u00ednh. Ngo\u00e0i ra, c\u00f2n c\u00f3 m\u1ed9t bu\u1ed5i g\u1ecdi l\u00e0 \u201cCh\u0103m s\u00f3c Ng\u01b0\u1eddi ch\u0103m s\u00f3c\u201d \u0111\u1ec3 gi\u00fap c\u00e1c b\u1eadc cha m\u1eb9 \u0111\u1ed1i ph\u00f3 v\u1edbi vi\u1ec7c ch\u0103m s\u00f3c m\u1ed9t \u0111\u1ee9a tr\u1ebb b\u1ecb b\u1ec7nh m\u00e3n t\u00ednh. Cu\u1ed1i tu\u1ea7n \u0111\u01b0\u1ee3c l\u00ean k\u1ebf ho\u1ea1ch \u0111\u1ec3 bao g\u1ed3m c\u1ea3 th\u1eddi gian ri\u00eang t\u01b0 c\u1ee7a &quot;c\u00e1c c\u1eb7p \u0111\u00f4i&quot;, c\u0169ng nh\u01b0 c\u00e1c cu\u1ed9c th\u1ea3o lu\u1eadn nh\u00f3m chia s\u1ebb.<\/p>\t\t\n\t\t\t\t\t\t\t\t\t\t<p>Cho d\u00f9 b\u1ea1n c\u00f3 m\u1ed9t m\u1ed1i quan h\u1ec7 t\u1ed1t v\u1edbi ng\u01b0\u1eddi y\u00eau hay \u0111ang \u1edf trong m\u1ed9t m\u1ed1i quan h\u1ec7 c\u1ea7n \u0111\u01b0\u1ee3c c\u1ea3i thi\u1ec7n, th\u00ec Kh\u00f3a tu d\u00e0nh cho c\u00e1c c\u1eb7p \u0111\u00f4i s\u1ebd gi\u00fap b\u1ea1n t\u1eadp trung l\u1ea1i s\u1ef1 ch\u00fa \u00fd c\u1ee7a m\u00ecnh v\u00e0o nhau thay v\u00ec gh\u00e9p \u0111\u00f4i l\u00e0m trung t\u00e2m c\u1ee7a cu\u1ed9c th\u1ea3o lu\u1eadn. B\u1ea1n kh\u00f4ng c\u1ea3m th\u1ea5y \u0111\u01a1n \u0111\u1ed9c ho\u1eb7c nh\u01b0 th\u1ec3 b\u1ea1n l\u00e0 ng\u01b0\u1eddi duy nh\u1ea5t c\u00f3 nh\u1eefng c\u1ea3m x\u00fac v\u00e0 th\u1eafc m\u1eafc n\u00e0y. B\u1ea1n g\u1eb7p nh\u1eefng ng\u01b0\u1eddi kh\u00e1c c\u00f9ng h\u1ed9i v\u1edbi b\u1ea1n v\u00e0 kh\u00f4ng ai ph\u00e1n x\u00e9t b\u1ea1n.<\/p>\n\t\t\t\t\t\t\t\t\t<h3>-Christine C, Ng\u01b0\u1eddi nh\u1eadn C\u1ea5y gh\u00e9p Gan v\u00e0 Th\u1eadn <\/h3>\n\t\t\t\t\t\t\t\t\t\t\t\t\t<h4>Ng\u01b0\u1eddi tham d\u1ef1 kh\u00f3a tu d\u01b0\u1ee1ng l\u00e0m gi\u00e0u cho c\u00e1c c\u1eb7p \u0111\u00f4i tr\u01b0\u1edbc<\/h4>\n\t<!-- \/.pp-testimonials -->\n\t\t<h2>\n\t\t\t\u0110\u0103ng k\u00fd\n\t\t<\/h2>\n\t<h3>Details:<\/h3>\n<p>The next Couples Enrichment Retreat will be held from <strong>May 16 to May 18, 2025<\/strong>. Please note that space is limited and on a first-come, first-serve basis &#8211; so get on our waiting list asap!<\/p>\n\t<h3>Y\u00eau c\u1ea7u:<\/h3>\n<ul>\n<li>PH\u1ea2I l\u00e0 ng\u01b0\u1eddi nh\u1eadn c\u1ea5y gh\u00e9p v\u00e0 v\u1ee3 \/ ch\u1ed3ng \/ ng\u01b0\u1eddi quan tr\u1ecdng kh\u00e1c (trong m\u1ed9t m\u1ed1i quan h\u1ec7 cam k\u1ebft l\u00e2u d\u00e0i) c\u1ee7a ng\u01b0\u1eddi \u0111\u01b0\u1ee3c c\u1ea5y gh\u00e9p, ho\u1eb7c c\u00f3 con l\u00e0 ng\u01b0\u1eddi nh\u1eadn c\u1ea5y gh\u00e9p.<\/li>\n<li>Ng\u01b0\u1eddi nh\u1eadn c\u1ea5y gh\u00e9p ph\u1ea3i \u00edt nh\u1ea5t s\u00e1u th\u00e1ng sau khi c\u1ea5y gh\u00e9p.<\/li>\n<li>Cam k\u1ebft tham d\u1ef1 to\u00e0n b\u1ed9 ng\u00e0y cu\u1ed1i tu\u1ea7n b\u1eaft \u0111\u1ea7u t\u1eeb t\u1ed1i th\u1ee9 S\u00e1u l\u00fac 6:00 chi\u1ec1u.<\/li>\n<li>L\u00ean k\u1ebf ho\u1ea1ch du l\u1ecbch \u0111\u1ebfn v\u00e0 \u0111i t\u1eeb \u0110\u1ea3o Saint Simons, v\u00e0 ph\u1ea3i c\u00f3 k\u1ebf ho\u1ea1ch \u0111\u1ebfn \u0111\u00fang gi\u1edd.<\/li>\n<li>R\u00fat lui l\u00e0 <u>kh\u00f4ng ph\u1ea3i<\/u> m\u1edf cho nh\u1eefng ng\u01b0\u1eddi \u0111\u00e3 tham d\u1ef1 tr\u01b0\u1edbc \u0111\u00e2y.<\/li>\n<\/ul>\n\t\t<h3>\n\t\t\tInterested?\n\t\t<\/h3>\n\t\t\t<p>Vui l\u00f2ng \u0111i\u1ec1n v\u00e0o bi\u1ec3u m\u1eabu d\u01b0\u1edbi \u0111\u00e2y \u0111\u1ec3 cho ch\u00fang t\u00f4i bi\u1ebft r\u1eb1ng b\u1ea1n mu\u1ed1n tham d\u1ef1 Kh\u00f3a tu L\u00e0m gi\u00e0u cho C\u1eb7p \u0111\u00f4i ti\u1ebfp theo \u0111\u1ec3 ch\u00fang t\u00f4i c\u00f3 th\u1ec3 \u0111\u01b0a b\u1ea1n v\u00e0o danh s\u00e1ch ch\u1edd c\u1ee7a ch\u00fang t\u00f4i.<\/p>\t\t\n\t\t\t\t\t\t\t&quot;*&quot; indicates required fields\n                        <form method='post' enctype='multipart\/form-data' target='gform_ajax_frame_10' id='gform_10'  action='https:\/\/gatransplant.blackbaudwp.com\/vi\/our-programs\/education-community-programs\/couples-enrichment-retreat\/?fl_builder&#038;fl_builder_ui_iframe#gf_10' data-formid='10' novalidate data-trp-original-action=\"https:\/\/gatransplant.blackbaudwp.com\/our-programs\/education-community-programs\/couples-enrichment-retreat\/?fl_builder&#038;fl_builder_ui_iframe#gf_10\">\n                        <label class='gfield_label gform-field-label' for='input_10_10'>LinkedIn<\/label><input name='input_10' id='input_10_10' type='text' value='' autocomplete='new-password'\/>Tr\u01b0\u1eddng n\u00e0y d\u00e0nh cho m\u1ee5c \u0111\u00edch x\u00e1c th\u1ef1c v\u00e0 n\u00ean \u0111\u01b0\u1ee3c gi\u1eef nguy\u00ean.<fieldset id=\"field_10_1\"><legend class='gfield_label gform-field-label gfield_label_before_complex'>T\u00ean*<\/legend>\n                                                    <select name='input_1.2' id='input_10_1_2'    aria-required='false'>\n                          <option value=''><\/option><option value='Mr.'>\u00d4ng.<\/option><option value='Mrs.'>B\u00e0.<\/option><option value='Miss'>C\u00f4<\/option><option value='Ms.'>B\u1ec7nh \u0111a x\u01a1 c\u1ee9ng.<\/option><option value='Dr.'>Dr.<\/option><option value='Prof.'>GS.<\/option><option value='Rev.'>Rev.<\/option>\n                      <\/select>\n                                                    <label for='input_10_1_2' class='gform-field-label gform-field-label--type-sub'>Ti\u00eau \u0111\u1ec1<\/label>\n                                                    <input type='text' name='input_1.3' id='input_10_1_3' value=''   aria-required='true'     \/>\n                                                    <label for='input_10_1_3' class='gform-field-label gform-field-label--type-sub'>\u0110\u1ea7u ti\u00ean<\/label>\n                                                    <input type='text' name='input_1.6' id='input_10_1_6' value=''   aria-required='true'     \/>\n                                                    <label for='input_10_1_6' class='gform-field-label gform-field-label--type-sub'>Cu\u1ed1i c\u00f9ng<\/label>\n                        <\/fieldset><label class='gfield_label gform-field-label' for='input_10_2'>E-mail*<\/label>\n                            <input name='input_2' id='input_10_2' type='email' value='' class='large'    aria-required=\"true\" aria-invalid=\"false\"  \/>\n                        <label class='gfield_label gform-field-label' for='input_10_8'>\u0110i\u1ec7n tho\u1ea1i*<\/label><input name='input_8' id='input_10_8' type='tel' value='' class='large'   aria-required=\"true\" aria-invalid=\"false\"   \/><label class='gfield_label gform-field-label' for='input_10_9'>T\u00f4i l\u00e0..*<\/label><select name='input_9' id='input_10_9' class='large gfield_select'    aria-required=\"true\" aria-invalid=\"false\"><option value='Transplant recipient'>Ng\u01b0\u1eddi nh\u1eadn c\u1ea5y gh\u00e9p<\/option><option value='Transplant candidate'>\u1ee8ng c\u1eed vi\u00ean c\u1ea5y gh\u00e9p<\/option><option value='Caregiver to a transplant patient'>Ng\u01b0\u1eddi ch\u0103m s\u00f3c b\u1ec7nh nh\u00e2n c\u1ea5y gh\u00e9p<\/option><option value='Parent of a transplant patient under the age of 18'>Cha m\u1eb9 c\u1ee7a b\u1ec7nh nh\u00e2n c\u1ea5y gh\u00e9p d\u01b0\u1edbi 18 tu\u1ed5i<\/option><\/select><label class='gfield_label gform-field-label' for='input_10_7'>Ng\u00e0y c\u1ea5y gh\u00e9p *<\/label>\n                            <input name='input_7' id='input_10_7' type='text' value='' class='datepicker gform-datepicker dmy datepicker_no_icon gdatepicker-no-icon'   placeholder='dd\/mm\/yyyy' aria-describedby=\"input_10_7_date_format\" aria-invalid=\"false\" aria-required=\"true\"\/>\n                            DD slash MM slash YYYY\n                        <input type='hidden' id='gforms_calendar_icon_input_10_7' class='gform_hidden' value='https:\/\/gatransplant.blackbaudwp.com\/wp-content\/plugins\/gravityforms\/images\/datepicker\/datepicker.svg'\/><label class='gfield_label gform-field-label' for='input_10_5'>M\u00c3 NG\u1eaaU NHI\u00caN<\/label>\n         <input type='submit' id='gform_submit_button_10' class='gform_button button' onclick='gform.submission.handleButtonClick(this);' data-submission-type='submit' value='G\u1eedi \u0111i'  \/> <input type='hidden' name='gform_ajax' value='form_id=10&amp;title=&amp;description=&amp;tabindex=0&amp;theme=gravity-theme&amp;styles=[]&amp;hash=297662b7803c16e0d81cef21cde3e492' \/>\n            <input type='hidden' class='gform_hidden' name='gform_submission_method' data-js='gform_submission_method_10' value='iframe' \/>\n            <input type='hidden' class='gform_hidden' name='gform_theme' data-js='gform_theme_10' id='gform_theme_10' value='gravity-theme' \/>\n            <input type='hidden' class='gform_hidden' name='gform_style_settings' data-js='gform_style_settings_10' id='gform_style_settings_10' value='[]' \/>\n            <input type='hidden' class='gform_hidden' name='is_submit_10' value='1' \/>\n            <input type='hidden' class='gform_hidden' name='gform_submit' value='10' \/>\n            <input type='hidden' class='gform_hidden' name='gform_unique_id' value='' \/>\n            <input type='hidden' class='gform_hidden' name='state_10' value='WyJbXSIsIjQ2ZDIxYzhkOGRhYzAzNWExNmM2ZjRmNTMxNmRjODdiIl0=' \/>\n            <input type='hidden' autocomplete='off' class='gform_hidden' name='gform_target_page_number_10' id='gform_target_page_number_10' value='0' \/>\n            <input type='hidden' autocomplete='off' class='gform_hidden' name='gform_source_page_number_10' id='gform_source_page_number_10' value='1' \/>\n            <input type='hidden' name='gform_field_values' value='' \/>\n                        <input type=\"hidden\" name=\"trp-form-language\" value=\"vi\"\/><\/form>\n\t\t                <iframe style='display:none;width:0px;height:0px;' src='about:blank' name='gform_ajax_frame_10' id='gform_ajax_frame_10' title='Khung n\u1ed9i tuy\u1ebfn n\u00e0y ch\u1ee9a logic c\u1ea7n thi\u1ebft \u0111\u1ec3 x\u1eed l\u00fd c\u00e1c Bi\u1ec3u m\u1eabu tr\u1ecdng l\u1ef1c do Ajax cung c\u1ea5p.'><\/iframe>\n\t\t<h2>\n\t\t\tNH\u00c0 T\u00c0I TR\u1ee2 S\u1ef0 KI\u1ec6N\n\t\t<\/h2>\n\t<strong>\u0110\u01b0\u1ee3c h\u1ed7 tr\u1ee3 b\u1edfi:<\/strong><em><br \/>\n<\/em>\n<p><img decoding=\"async\" src=\"https:\/\/gatransplant.blackbaudwp.com\/wp-content\/uploads\/2020\/10\/Just_Heart.jpg\" alt=\"\" width=\"232\" height=\"144\" \/><\/p>\n\t<p><strong>H\u1ee3p t\u00e1c v\u1edbi:<\/strong><\/p>\n<p><img decoding=\"async\" src=\"https:\/\/gatransplant.blackbaudwp.com\/wp-content\/uploads\/2020\/10\/CHOA-logo1.png\" alt=\"\" width=\"147\" height=\"118\" \/><\/p>\n\t\t<h2>\n\t\t\tB\u1ea3n \u0111\u1ed3 &amp; th\u00f4ng tin b\u1ed5 sung\n\t\t<\/h2>\n\t\t<h3>\n\t\t\tMeet the facilitator\n\t\t<\/h3>\n\t<p><img decoding=\"async\" src=\"https:\/\/gatransplant.blackbaudwp.com\/wp-content\/uploads\/2020\/10\/Jackson_Rainer.png\" alt=\"\" width=\"200\" height=\"300\" \/>Jackson Rainer, Ph.D., ABPP, is nationally known and respected as a psychotherapist, educator, author and expert in the areas of grief and bereavement, and end of life and palliative care. Dr. Rainer is a practicing psychologist at the Care and Counseling Center of Georgia.<\/p>\n<p><a href=\"#modal-5mbcjtlx0d2s\">Read Full Bio<\/a><\/p>\n\t\t<h4>\n\t\t\tModal Box\n\t\t\t\t\t\t\t&#8211; Bio Popup\n\t\t\t\t\t<\/h4>\n\t\t<h5>ph\u01b0\u01a1ng th\u1ee9c-<\/h5>\n\t\tNh\u1ea5p v\u00e0o \u0111\u00e2y \u0111\u1ec3 ch\u1ec9nh s\u1eeda c\u00e0i \u0111\u1eb7t &quot;h\u1ed9p ph\u01b0\u01a1ng th\u1ee9c&quot;. V\u0103n b\u1ea3n n\u00e0y ch\u1ec9 \u0111\u1ec3 ch\u1ec9nh s\u1eeda v\u00e0 s\u1ebd kh\u00f4ng xu\u1ea5t hi\u1ec7n sau khi b\u1ea1n xu\u1ea5t b\u1ea3n c\u00e1c thay \u0111\u1ed5i. Xem tr\u01b0\u1edbc ph\u01b0\u01a1ng th\u1ee9c-\n\t\t\t\t\t\t<p><img decoding=\"async\" src=\"https:\/\/gatransplant.blackbaudwp.com\/wp-content\/uploads\/2020\/10\/Jackson_Rainer.png\" alt=\"\" width=\"184\" height=\"276\" \/>Jackson Rainer, Ti\u1ebfn s\u0129, ABPP, Nh\u00e0 t\u00e2m l\u00fd h\u1ecdc L\u00e2m s\u00e0ng \u0111\u01b0\u1ee3c H\u1ed9i \u0111\u1ed3ng Ch\u1ee9ng nh\u1eadn, \u0111\u01b0\u1ee3c bi\u1ebft \u0111\u1ebfn v\u00e0 t\u00f4n tr\u1ecdng tr\u00ean to\u00e0n qu\u1ed1c v\u1edbi t\u01b0 c\u00e1ch l\u00e0 m\u1ed9t nh\u00e0 tr\u1ecb li\u1ec7u t\u00e2m l\u00fd, nh\u00e0 gi\u00e1o d\u1ee5c, t\u00e1c gi\u1ea3 v\u00e0 chuy\u00ean gia trong c\u00e1c l\u0129nh v\u1ef1c \u0111au bu\u1ed3n v\u00e0 m\u1ea5t m\u00e1t, cu\u1ed1i \u0111\u1eddi v\u00e0 ch\u0103m s\u00f3c gi\u1ea3m nh\u1eb9. Ti\u1ebfn s\u0129 Rainer l\u00e0 m\u1ed9t nh\u00e0 t\u00e2m l\u00fd h\u1ecdc th\u1ef1c h\u00e0nh t\u1ea1i Trung t\u00e2m T\u01b0 v\u1ea5n v\u00e0 Ch\u0103m s\u00f3c Georgia, Atlanta, Georgia, \u00d4ng \u0111\u00e3 gi\u1ea3ng d\u1ea1y, t\u01b0 v\u1ea5n, gi\u00e1m s\u00e1t v\u00e0 vi\u1ebft v\u1ec1 c\u00e1c v\u1ea5n \u0111\u1ec1 li\u00ean quan \u0111\u1ebfn cu\u1ed9c s\u1ed1ng v\u00e0 m\u1ea5t m\u00e1t, c\u00e1i ch\u1ebft v\u00e0 c\u00e1i ch\u1ebft, c\u0169ng nh\u01b0 \u0111au bu\u1ed3n v\u00e0 m\u1ea5t m\u00e1t cho h\u01a1n 25 nhi\u1ec1u n\u0103m trong d\u1ecbch v\u1ee5 x\u00e3 h\u1ed9i \u0111a l\u0129nh v\u1ef1c v\u00e0 c\u01a1 s\u1edf s\u1ee9c kh\u1ecfe t\u00e2m th\u1ea7n. Anh \u1ea5y duy tr\u00ec m\u1ed9t ph\u01b0\u01a1ng ph\u00e1p tr\u1ecb li\u1ec7u t\u00e2m l\u00fd t\u00edch c\u1ef1c bao g\u1ed3m t\u01b0 v\u1ea5n \u0111au bu\u1ed3n, v\u00e0 tham v\u1ea5n v\u1edbi c\u00e1c c\u00e1 nh\u00e2n v\u00e0 gia \u0111\u00ecnh khi c\u00f3 c\u00e1c b\u1ec7nh nguy hi\u1ec3m \u0111\u1ebfn t\u00ednh m\u1ea1ng, m\u00e3n t\u00ednh v\u00e0 suy nh\u01b0\u1ee3c.<\/p>\n<p>\u00d4ng l\u00e0 c\u1ef1u ch\u1ee7 t\u1ecbch c\u1ee7a Ban xu\u1ea5t b\u1ea3n Ph\u00f2ng 29, T\u00e2m l\u00fd tr\u1ecb li\u1ec7u, c\u1ee7a Hi\u1ec7p h\u1ed9i T\u00e2m l\u00fd Hoa K\u1ef3, l\u00e0 th\u00e0nh vi\u00ean ban bi\u00ean t\u1eadp v\u00e0 xu\u1ea5t b\u1ea3n c\u1ee7a b\u1ea3y t\u1ea1p ch\u00ed t\u00e2m l\u00fd h\u1ecdc, v\u00e0 l\u00e0 \u0110\u1ea1i di\u1ec7n Truy\u1ec1n th\u00f4ng cho APA. Nghi\u00ean c\u1ee9u c\u1ee7a \u00f4ng xu\u1ea5t hi\u1ec7n tr\u00ean c\u00e1c t\u1ea1p ch\u00ed nh\u01b0 \u0110\u1ed5i m\u1edbi trong Th\u1ef1c h\u00e0nh L\u00e2m s\u00e0ng v\u00e0 T\u1ea1p ch\u00ed T\u00e2m l\u00fd h\u1ecdc L\u00e2m s\u00e0ng. Anh \u1ea5y l\u00e0 t\u00e1c gi\u1ea3 c\u1ee7a\u00a0<em>Cu\u1ed9c s\u1ed1ng sau khi m\u1ea5t m\u00e1t: T\u01b0 v\u1ea5n v\u00e0 tr\u1ecb li\u1ec7u \u0111au bu\u1ed3n \u0111\u01b0\u01a1ng th\u1eddi<\/em>.<\/p>\n\t\t<h3>\n\t\t\tEvent Location\n\t\t<\/h3>\n\t<iframe src=\"https:\/\/www.google.com\/maps\/embed\/v1\/place?q=Epworth+By+The+Sea%0A100+Arthur+J+Moore+Dr%2C+St+Simons%2C+GA+31522&#038;key=AIzaSyD09zQ9PNDNNy9TadMuzRV_UsPUoWKntt8\" aria-hidden=\"true\"><\/iframe>\n\t\t<h2>\n\t\t\tTri\u1ec3n l\u00e3m \u1ea3nh\n\t\t<\/h2>\n\t\t\t\t<a\n\t\t\thref=\"https:\/\/gatransplant.blackbaudwp.com\/wp-content\/uploads\/2020\/10\/Couples-Weekend-21.jpg\"\n\t\t\t\t\t\tdata-fancybox=\"images\" \n\t\t\ttitle=\"C\u1eb7p \u0111\u00f4i cu\u1ed1i tu\u1ea7n 2 (1)\" \n\t\t\t\t\t\tdata-caption=\"\"\n\t\t\t\t\t\tdata-description=\"\" \n\t\t\titemprop=\"contentUrl\">\n\t\t\t<img decoding=\"async\" src=\"https:\/\/gatransplant.blackbaudwp.com\/wp-content\/uploads\/2020\/10\/Couples-Weekend-21-760x760.jpg\" alt=\"\" data-no-lazy=\"1\" itemprop=\"thumbnail\" width=\"760\" height=\"760\" \/>\n\t\t\t<!-- Overlay Wrapper -->\n\t\t\t <!-- Overlay Wrapper Closed -->\n\t\t\t\t<\/a>\n\t\t\t\t\t\t\t<meta itemprop=\"width\" content=\"760\" \/>\n\t\t\t<meta itemprop=\"height\" content=\"760\" \/>\n\t\t\t\t<a\n\t\t\thref=\"https:\/\/gatransplant.blackbaudwp.com\/wp-content\/uploads\/2020\/12\/Couples7.png\"\n\t\t\t\t\t\tdata-fancybox=\"images\" \n\t\t\ttitle=\"C\u00e1c c\u1eb7p \u0111\u00f4i7\" \n\t\t\t\t\t\tdata-caption=\"\"\n\t\t\t\t\t\tdata-description=\"\" \n\t\t\titemprop=\"contentUrl\">\n\t\t\t<img decoding=\"async\" src=\"https:\/\/gatransplant.blackbaudwp.com\/wp-content\/uploads\/2020\/12\/Couples7-760x760.png\" alt=\"\" data-no-lazy=\"1\" itemprop=\"thumbnail\" width=\"760\" height=\"760\" \/>\n\t\t\t<!-- Overlay Wrapper -->\n\t\t\t <!-- Overlay Wrapper Closed -->\n\t\t\t\t<\/a>\n\t\t\t\t\t\t\t<meta itemprop=\"width\" content=\"760\" \/>\n\t\t\t<meta itemprop=\"height\" content=\"760\" \/>\n\t\t\t\t<a\n\t\t\thref=\"https:\/\/gatransplant.blackbaudwp.com\/wp-content\/uploads\/2020\/10\/Couples3.jpg\"\n\t\t\t\t\t\tdata-fancybox=\"images\" \n\t\t\ttitle=\"C\u00e1c c\u1eb7p \u0111\u00f4i3\" \n\t\t\t\t\t\tdata-caption=\"\"\n\t\t\t\t\t\tdata-description=\"\" \n\t\t\titemprop=\"contentUrl\">\n\t\t\t<img decoding=\"async\" src=\"https:\/\/gatransplant.blackbaudwp.com\/wp-content\/uploads\/2020\/10\/Couples3-760x760.jpg\" alt=\"\" data-no-lazy=\"1\" itemprop=\"thumbnail\" width=\"760\" height=\"760\" \/>\n\t\t\t<!-- Overlay Wrapper -->\n\t\t\t <!-- Overlay Wrapper Closed -->\n\t\t\t\t<\/a>\n\t\t\t\t\t\t\t<meta itemprop=\"width\" content=\"760\" \/>\n\t\t\t<meta itemprop=\"height\" content=\"760\" \/>\n\t\t\t\t<a\n\t\t\thref=\"https:\/\/gatransplant.blackbaudwp.com\/wp-content\/uploads\/2020\/12\/Couples4-1.png\"\n\t\t\t\t\t\tdata-fancybox=\"images\" \n\t\t\ttitle=\"C\u00e1c c\u1eb7p \u0111\u00f4i 4\" \n\t\t\t\t\t\tdata-caption=\"\"\n\t\t\t\t\t\tdata-description=\"\" \n\t\t\titemprop=\"contentUrl\">\n\t\t\t<img decoding=\"async\" src=\"https:\/\/gatransplant.blackbaudwp.com\/wp-content\/uploads\/2020\/12\/Couples4-1-760x760.png\" alt=\"\" data-no-lazy=\"1\" itemprop=\"thumbnail\" width=\"760\" height=\"760\" \/>\n\t\t\t<!-- Overlay Wrapper -->\n\t\t\t <!-- Overlay Wrapper Closed -->\n\t\t\t\t<\/a>\n\t\t\t\t\t\t\t<meta itemprop=\"width\" content=\"760\" \/>\n\t\t\t<meta itemprop=\"height\" content=\"760\" \/>\n\t\t\t\t<a\n\t\t\thref=\"https:\/\/gatransplant.blackbaudwp.com\/wp-content\/uploads\/2020\/10\/Couples11.jpg\"\n\t\t\t\t\t\tdata-fancybox=\"images\" \n\t\t\ttitle=\"C\u00e1c c\u1eb7p \u0111\u00f4i1 (1)\" \n\t\t\t\t\t\tdata-caption=\"\"\n\t\t\t\t\t\tdata-description=\"\" \n\t\t\titemprop=\"contentUrl\">\n\t\t\t<img decoding=\"async\" src=\"https:\/\/gatransplant.blackbaudwp.com\/wp-content\/uploads\/2020\/10\/Couples11-760x760.jpg\" alt=\"\" data-no-lazy=\"1\" itemprop=\"thumbnail\" width=\"760\" height=\"760\" \/>\n\t\t\t<!-- Overlay Wrapper -->\n\t\t\t <!-- Overlay Wrapper Closed -->\n\t\t\t\t<\/a>\n\t\t\t\t\t\t\t<meta itemprop=\"width\" content=\"760\" \/>\n\t\t\t<meta itemprop=\"height\" content=\"760\" \/>\n\t\t\t\t<a\n\t\t\thref=\"https:\/\/gatransplant.blackbaudwp.com\/wp-content\/uploads\/2020\/10\/Couples6.jpg\"\n\t\t\t\t\t\tdata-fancybox=\"images\" \n\t\t\ttitle=\"C\u00e1c c\u1eb7p \u0111\u00f4i6\" \n\t\t\t\t\t\tdata-caption=\"\"\n\t\t\t\t\t\tdata-description=\"\" \n\t\t\titemprop=\"contentUrl\">\n\t\t\t<img decoding=\"async\" src=\"https:\/\/gatransplant.blackbaudwp.com\/wp-content\/uploads\/2020\/10\/Couples6-760x760.jpg\" alt=\"\" data-no-lazy=\"1\" itemprop=\"thumbnail\" width=\"760\" height=\"760\" \/>\n\t\t\t<!-- Overlay Wrapper -->\n\t\t\t <!-- Overlay Wrapper Closed -->\n\t\t\t\t<\/a>\n\t\t\t\t\t\t\t<meta itemprop=\"width\" content=\"760\" \/>\n\t\t\t<meta itemprop=\"height\" content=\"760\" \/>\n\t\t\t\t<a\n\t\t\thref=\"https:\/\/gatransplant.blackbaudwp.com\/wp-content\/uploads\/2020\/10\/Couples9.jpg\"\n\t\t\t\t\t\tdata-fancybox=\"images\" \n\t\t\ttitle=\"C\u00e1c c\u1eb7p \u0111\u00f4i9\" \n\t\t\t\t\t\tdata-caption=\"\"\n\t\t\t\t\t\tdata-description=\"\" \n\t\t\titemprop=\"contentUrl\">\n\t\t\t<img decoding=\"async\" src=\"https:\/\/gatransplant.blackbaudwp.com\/wp-content\/uploads\/2020\/10\/Couples9-760x760.jpg\" alt=\"\" data-no-lazy=\"1\" itemprop=\"thumbnail\" width=\"760\" height=\"760\" \/>\n\t\t\t<!-- Overlay Wrapper -->\n\t\t\t <!-- Overlay Wrapper Closed -->\n\t\t\t\t<\/a>\n\t\t\t\t\t\t\t<meta itemprop=\"width\" content=\"760\" \/>\n\t\t\t<meta itemprop=\"height\" content=\"760\" \/>\n\t\t\t\t<a\n\t\t\thref=\"https:\/\/gatransplant.blackbaudwp.com\/wp-content\/uploads\/2020\/10\/Couples5.jpg\"\n\t\t\t\t\t\tdata-fancybox=\"images\" \n\t\t\ttitle=\"C\u00e1c c\u1eb7p \u0111\u00f4i5\" \n\t\t\t\t\t\tdata-caption=\"\"\n\t\t\t\t\t\tdata-description=\"\" \n\t\t\titemprop=\"contentUrl\">\n\t\t\t<img decoding=\"async\" src=\"https:\/\/gatransplant.blackbaudwp.com\/wp-content\/uploads\/2020\/10\/Couples5-760x760.jpg\" alt=\"\" data-no-lazy=\"1\" itemprop=\"thumbnail\" width=\"760\" height=\"760\" \/>\n\t\t\t<!-- Overlay Wrapper -->\n\t\t\t <!-- Overlay Wrapper Closed -->\n\t\t\t\t<\/a>\n\t\t\t\t\t\t\t<meta itemprop=\"width\" content=\"760\" \/>\n\t\t\t<meta itemprop=\"height\" content=\"760\" \/>","protected":false},"excerpt":{"rendered":"<p>Kh\u00f3a Tu L\u00e0m Gi\u00e0u Cho C\u1eb7p \u0110\u00f4i, \u201cChung M\u1ed9t B\u01b0\u1edbc\u201d, d\u00e0nh cho nh\u1eefng ng\u01b0\u1eddi \u0111\u01b0\u1ee3c gh\u00e9p t\u1ea1ng v\u00e0 v\u1ee3 \/ ch\u1ed3ng \/ nh\u1eefng ng\u01b0\u1eddi quan tr\u1ecdng c\u1ee7a h\u1ecd.<\/p>","protected":false},"author":43,"featured_media":973,"parent":6842,"menu_order":34,"comment_status":"closed","ping_status":"closed","template":"","meta":{"_acf_changed":false,"_monsterinsights_skip_tracking":false,"_monsterinsights_sitenote_active":false,"_monsterinsights_sitenote_note":"","_monsterinsights_sitenote_category":0,"footnotes":""},"class_list":["post-6858","page","type-page","status-publish","has-post-thumbnail","hentry"],"acf":[],"aioseo_notices":[],"_links":{"self":[{"href":"https:\/\/gatransplant.blackbaudwp.com\/vi\/wp-json\/wp\/v2\/pages\/6858","targetHints":{"allow":["GET"]}}],"collection":[{"href":"https:\/\/gatransplant.blackbaudwp.com\/vi\/wp-json\/wp\/v2\/pages"}],"about":[{"href":"https:\/\/gatransplant.blackbaudwp.com\/vi\/wp-json\/wp\/v2\/types\/page"}],"author":[{"embeddable":true,"href":"https:\/\/gatransplant.blackbaudwp.com\/vi\/wp-json\/wp\/v2\/users\/43"}],"replies":[{"embeddable":true,"href":"https:\/\/gatransplant.blackbaudwp.com\/vi\/wp-json\/wp\/v2\/comments?post=6858"}],"version-history":[{"count":11,"href":"https:\/\/gatransplant.blackbaudwp.com\/vi\/wp-json\/wp\/v2\/pages\/6858\/revisions"}],"predecessor-version":[{"id":62609,"href":"https:\/\/gatransplant.blackbaudwp.com\/vi\/wp-json\/wp\/v2\/pages\/6858\/revisions\/62609"}],"up":[{"embeddable":true,"href":"https:\/\/gatransplant.blackbaudwp.com\/vi\/wp-json\/wp\/v2\/pages\/6842"}],"wp:featuredmedia":[{"embeddable":true,"href":"https:\/\/gatransplant.blackbaudwp.com\/vi\/wp-json\/wp\/v2\/media\/973"}],"wp:attachment":[{"href":"https:\/\/gatransplant.blackbaudwp.com\/vi\/wp-json\/wp\/v2\/media?parent=6858"}],"curies":[{"name":"wp","href":"https:\/\/api.w.org\/{rel}","templated":true}]}}