{"id":6857,"date":"2020-06-22T17:38:49","date_gmt":"2020-06-22T21:38:49","guid":{"rendered":"https:\/\/gatransplant.org\/our-programs\/education-community-programs\/trends-in-transplant\/"},"modified":"2025-09-09T11:14:51","modified_gmt":"2025-09-09T15:14:51","slug":"trends-in-transplant","status":"publish","type":"page","link":"https:\/\/gatransplant.blackbaudwp.com\/vi\/our-programs\/education-community-programs\/trends-in-transplant\/","title":{"rendered":"Xu h\u01b0\u1edbng c\u1ea5y gh\u00e9p"},"content":{"rendered":"<h1>\n\t\t\tTrends In Transplant\n\t\t\t\t\t\t\t\t\t\t\t(TNT) Conferences\n\t\t<\/h1>\n\t\t<h2>\n\t\t\tTransplant-related resources and education\n\t\t<\/h2>\n\t\t\t<h3>L\u00e0 m\u1ed9t t\u1ed5 ch\u1ee9c to\u00e0n ti\u1ec3u bang, m\u1ee5c ti\u00eau c\u1ee7a ch\u00fang t\u00f4i l\u00e0 cung c\u1ea5p c\u00e1c d\u1ecbch v\u1ee5 cho m\u1ecdi b\u1ec7nh nh\u00e2n v\u00e0 gia \u0111\u00ecnh c\u1ea5y gh\u00e9p \u1edf Georgia.<\/h3><p>With that in mind, GTF developed the Trends in Transplant (TNT) Conferences to bring transplant-related resources and education to all areas of Georgia. Each year, the program offers new topics specifically of interest to pre- and post-transplant patients.Typically at a TNT conference, transplant physicians and medical experts offer seminars on topics such as: <em>\u0110\u1ecbnh h\u01b0\u1edbng S\u1ee9c kh\u1ecfe C\u1ea5y gh\u00e9p, Duy tr\u00ec Ch\u0103m s\u00f3c Da, H\u00e0nh tr\u00ecnh C\u1ea5y gh\u00e9p: Quan \u0111i\u1ec3m c\u1ee7a B\u1ec7nh nh\u00e2n<\/em>, v\u00e0 h\u01a1n th\u1ebf n\u1eefa. Nh\u00e2n vi\u00ean c\u1ee7a GTF c\u0169ng cung c\u1ea5p th\u00f4ng tin v\u1ec1 vi\u1ec7c g\u00e2y qu\u1ef9 tr\u01b0\u1edbc khi c\u1ea5y gh\u00e9p, \u0111\u01b0a ra l\u1eddi khuy\u00ean cho nh\u1eefng \u1ee9ng vi\u00ean t\u00ecm c\u00e1ch g\u00e2y qu\u1ef9 trong c\u1ed9ng \u0111\u1ed3ng cho c\u00e1c nhu c\u1ea7u sau gh\u00e9p t\u1ea1ng c\u1ee7a h\u1ecd. Ngo\u00e0i ra, n\u00f3 t\u1ea1o c\u01a1 h\u1ed9i cho m\u1ea1ng l\u01b0\u1edbi cho ph\u00e9p nh\u1eefng ng\u01b0\u1eddi tham d\u1ef1 k\u1ebft n\u1ed1i v\u1edbi nh\u1eefng ng\u01b0\u1eddi nh\u1eadn gh\u00e9p t\u1ea1ng kh\u00e1c s\u1ed1ng trong c\u1ed9ng \u0111\u1ed3ng c\u1ee7a h\u1ecd. Qu\u00fd kh\u00e1ch v\u00e0 kh\u00e1ch m\u1eddi tham gia h\u1ed9i ngh\u1ecb TNT mi\u1ec5n ph\u00ed v\u00e0 bao g\u1ed3m b\u1eefa tr\u01b0a.<\/p>\t\t\n\t\t<h2>\n\t\t\tUPCOMING TNT&#8217;S\n\t\t<\/h2>\n\t\t\t<p>Click on an upcoming TNT below for more information and to register<\/p>","protected":false},"excerpt":{"rendered":"<p>GTF \u0111\u00e3 ph\u00e1t tri\u1ec3n Xu h\u01b0\u1edbng trong H\u1ed9i ngh\u1ecb C\u1ea5y gh\u00e9p \u0111\u1ec3 mang c\u00e1c ngu\u1ed3n l\u1ef1c v\u00e0 gi\u00e1o d\u1ee5c li\u00ean quan \u0111\u1ebfn c\u1ea5y gh\u00e9p \u0111\u1ebfn t\u1ea5t c\u1ea3 c\u00e1c khu v\u1ef1c c\u1ee7a Georgia.<\/p>","protected":false},"author":43,"featured_media":7975,"parent":6842,"menu_order":33,"comment_status":"closed","ping_status":"closed","template":"","meta":{"_acf_changed":false,"_monsterinsights_skip_tracking":false,"_monsterinsights_sitenote_active":false,"_monsterinsights_sitenote_note":"","_monsterinsights_sitenote_category":0,"footnotes":""},"class_list":["post-6857","page","type-page","status-publish","has-post-thumbnail","hentry"],"acf":[],"aioseo_notices":[],"_links":{"self":[{"href":"https:\/\/gatransplant.blackbaudwp.com\/vi\/wp-json\/wp\/v2\/pages\/6857","targetHints":{"allow":["GET"]}}],"collection":[{"href":"https:\/\/gatransplant.blackbaudwp.com\/vi\/wp-json\/wp\/v2\/pages"}],"about":[{"href":"https:\/\/gatransplant.blackbaudwp.com\/vi\/wp-json\/wp\/v2\/types\/page"}],"author":[{"embeddable":true,"href":"https:\/\/gatransplant.blackbaudwp.com\/vi\/wp-json\/wp\/v2\/users\/43"}],"replies":[{"embeddable":true,"href":"https:\/\/gatransplant.blackbaudwp.com\/vi\/wp-json\/wp\/v2\/comments?post=6857"}],"version-history":[{"count":5,"href":"https:\/\/gatransplant.blackbaudwp.com\/vi\/wp-json\/wp\/v2\/pages\/6857\/revisions"}],"predecessor-version":[{"id":62561,"href":"https:\/\/gatransplant.blackbaudwp.com\/vi\/wp-json\/wp\/v2\/pages\/6857\/revisions\/62561"}],"up":[{"embeddable":true,"href":"https:\/\/gatransplant.blackbaudwp.com\/vi\/wp-json\/wp\/v2\/pages\/6842"}],"wp:featuredmedia":[{"embeddable":true,"href":"https:\/\/gatransplant.blackbaudwp.com\/vi\/wp-json\/wp\/v2\/media\/7975"}],"wp:attachment":[{"href":"https:\/\/gatransplant.blackbaudwp.com\/vi\/wp-json\/wp\/v2\/media?parent=6857"}],"curies":[{"name":"wp","href":"https:\/\/api.w.org\/{rel}","templated":true}]}}