{"id":6855,"date":"2020-06-22T17:38:49","date_gmt":"2020-06-22T21:38:49","guid":{"rendered":"https:\/\/gatransplant.org\/our-programs\/education-community-programs\/jumpstart-program\/"},"modified":"2025-12-19T11:50:04","modified_gmt":"2025-12-19T16:50:04","slug":"jumpstart-program","status":"publish","type":"page","link":"https:\/\/gatransplant.blackbaudwp.com\/vi\/our-programs\/education-community-programs\/jumpstart-program\/","title":{"rendered":"Ch\u01b0\u01a1ng tr\u00ecnh Kh\u1edfi \u0111\u1ed9ng"},"content":{"rendered":"<a href=\"#services\" target=\"_self\">\n\t\t\t\t\t\t\tServices\n\t\t\t<\/a>\n\t\t\t<a href=\"#howto\" target=\"_self\">\n\t\t\t\t\t\t\tHow To Apply\n\t\t\t<\/a>\n\t\t\t<a href=\"#guidelines\" target=\"_self\">\n\t\t\t\t\t\t\tGuidelines\n\t\t\t<\/a>\n\t\t\t<a href=\"https:\/\/gatransplant.blackbaudwp.com\/vi\/our-programs\/transplant-fundraising-program\/tfp-application\/\" target=\"_self\">\n\t\t\t\t\t\t\t\u00c1p d\u1ee5ng ngay b\u00e2y gi\u1edd\n\t\t\t<\/a>\n\t<a href=\"#\" id=\"trigger-\" role=\"button\" data-modal=\"\" data-node=\"\">\n\t\t\t\t\t<\/a>\n\t\t\t\t\t\tXem tr\u01b0\u1edbc ph\u01b0\u01a1ng th\u1ee9c-\n\t\t\t\t\t\t<iframe width=\"960\" height=\"715\" src=\"https:\/\/www.youtube.com\/embed\/gtnYZcxzAEE\" frameborder=\"0\" allow=\"accelerometer; autoplay; clipboard-write; encrypted-media; gyroscope; picture-in-picture\" allowfullscreen><\/iframe>\t\t\t\t\t\n\t<p>T\u1ed5ng quan v\u1ec1 Video Ch\u01b0\u01a1ng tr\u00ecnh JumpStart<\/p>\n\t\t<h1>\n\t\t\tJumpstart Program\n\t\t<\/h1>\n\t\t\t<p>JumpStart l\u00e0 m\u1ed9t d\u1ecbch v\u1ee5 vi\u1ec7c l\u00e0m v\u00e0 ph\u00e1t tri\u1ec3n ngh\u1ec1 nghi\u1ec7p d\u00e0nh cho b\u1ea5t k\u1ef3 ng\u01b0\u1eddi nh\u1eadn c\u1ea5y gh\u00e9p, \u1ee9ng vi\u00ean, cha m\u1eb9 c\u1ee7a \u0111\u1ee9a tr\u1ebb \u0111\u01b0\u1ee3c c\u1ea5y gh\u00e9p, v\u1ee3 \/ ch\u1ed3ng \/ ng\u01b0\u1eddi th\u00e2n y\u00eau kh\u00e1c, ho\u1eb7c ng\u01b0\u1eddi hi\u1ebfn t\u1eb7ng c\u00f2n s\u1ed1ng. C\u00e1c c\u1ed1 v\u1ea5n c\u1ee7a JumpStart l\u00e0m vi\u1ec7c ri\u00eang v\u1edbi kh\u00e1ch h\u00e0ng \u0111\u1ec3 x\u00e1c \u0111\u1ecbnh nhu c\u1ea7u, kh\u1ea3 n\u0103ng c\u1ee7a h\u1ecd v\u00e0 h\u1ed7 tr\u1ee3 t\u00ecm vi\u1ec7c l\u00e0m th\u00edch h\u1ee3p.<\/p>\n<p><a href=\"#\">\u00c1p d\u1ee5ng ngay b\u00e2y gi\u1edd<\/a><\/p>\n\t\t\t\t\t\t\t\t\t\t<p>Sau khi \u0111\u01b0\u1ee3c c\u1ea5y gh\u00e9p tim, t\u00f4i \u0111\u00e3 \u0111\u0103ng k\u00fd v\u00e0o Ch\u01b0\u01a1ng tr\u00ecnh Kh\u1edfi \u0111\u1ed9ng v\u00e0 nh\u1eadn \u0111\u01b0\u1ee3c h\u1ed7 tr\u1ee3 t\u00e0i ch\u00ednh \u0111\u1ec3 tham gia c\u00e1c L\u1edbp h\u1ed7 tr\u1ee3 \u0111i\u1ec1u d\u01b0\u1ee1ng \u0111\u01b0\u1ee3c ch\u1ee9ng nh\u1eadn. B\u00e2y gi\u1edd, t\u00f4i c\u00f3 m\u1ed9t s\u1ef1 nghi\u1ec7p m\u00e0 t\u00f4i s\u1ebd kh\u00f4ng bao gi\u1edd \u0111\u1ea1t \u0111\u01b0\u1ee3c n\u1ebfu kh\u00f4ng c\u00f3 Ch\u01b0\u01a1ng tr\u00ecnh Kh\u1edfi \u0111\u1ed9ng v\u00e0 s\u1ef1 h\u1ed7 tr\u1ee3 t\u1eeb GTF.<\/p>\n\t\t\t\t\t\t\t\t\t<h3>&#8211; Sherry C, Heart Transplant Recipient<\/h3>\n\t<!-- \/.pp-testimonials -->\n\t\t<h2>\n\t\t\temployment and career development services\n\t\t<\/h2>\n\t\t\t<p><strong>V\u00ec quy\u1ec1n l\u1ee3i ch\u0103m s\u00f3c s\u1ee9c kh\u1ecfe l\u00e0 y\u1ebfu t\u1ed1 \u0111\u00f3ng g\u00f3p ch\u00ednh cho s\u1ee9c kh\u1ecfe sau c\u1ea5y gh\u00e9p, JumpStart lu\u00f4n n\u1ed7 l\u1ef1c \u0111\u1ec3 h\u1ed7 tr\u1ee3 kh\u00e1ch h\u00e0ng \u0111\u00e1p \u1ee9ng nhu c\u1ea7u b\u1ea3o hi\u1ec3m th\u00f4ng qua vi\u1ec7c l\u00e0m to\u00e0n th\u1eddi gian.\u00a0<\/strong>Ngo\u00e0i ra, ch\u01b0\u01a1ng tr\u00ecnh c\u00f3 th\u1ec3 h\u1ed7 tr\u1ee3 kh\u00e1ch h\u00e0ng l\u00e0m vi\u1ec7c b\u00e1n th\u1eddi gian trong khi v\u1eabn duy tr\u00ec c\u00e1c quy\u1ec1n l\u1ee3i An sinh X\u00e3 h\u1ed9i c\u1ee7a h\u1ecd.<\/p>\t\t\n\t\t<h3>\n\t\t\tservices Provided\n\t\t<\/h3>\n\t<ul>\n<li>X\u00e1c \u0111\u1ecbnh c\u00e1c l\u1ef1a ch\u1ecdn ngh\u1ec1 nghi\u1ec7p.<\/li>\n<li>X\u00e1c \u0111\u1ecbnh m\u1ee5c ti\u00eau t\u00ecm vi\u1ec7c.<\/li>\n<li>X\u00e1c \u0111\u1ecbnh c\u00e1c k\u1ef9 n\u0103ng c\u00f3 th\u1ec3 chuy\u1ec3n giao \u0111\u1ec3 cho ph\u00e9p chuy\u1ec3n sang m\u1ed9t l\u0129nh v\u1ef1c c\u00f4ng vi\u1ec7c m\u1edbi.<\/li>\n<li>Th\u00f4ng tin v\u1ec1 \u0110\u1ea1o lu\u1eadt Ng\u01b0\u1eddi M\u1ef9 Khuy\u1ebft t\u1eadt v\u00e0 b\u1ea3o v\u1ec7 s\u1eeda \u0111\u1ed5i \u0111\u1ecba \u0111i\u1ec3m l\u00e0m vi\u1ec7c.<\/li>\n<\/ul>\n\t<ul>\n<li>\u0110\u1ed1i t\u00e1c v\u1edbi B\u1ed9 D\u1ecbch v\u1ee5 Ph\u1ee5c h\u1ed3i ch\u1ee9c n\u0103ng Lao \u0111\u1ed9ng.<\/li>\n<li>Ph\u00e2n t\u00edch k\u1ef9 n\u0103ng tr\u01b0\u1edbc khi l\u00e0m vi\u1ec7c.<\/li>\n<li>C\u01a1 h\u1ed9i \u0111\u00e0o t\u1ea1o t\u1ea1i ch\u1ed7.<\/li>\n<li>S\u1eb5n s\u00e0ng c\u00f4ng vi\u1ec7c- chu\u1ea9n b\u1ecb cho qu\u00e1 tr\u00ecnh ph\u1ecfng v\u1ea5n (s\u01a1 y\u1ebfu l\u00fd l\u1ecbch v\u00e0 k\u1ef9 n\u0103ng ph\u1ecfng v\u1ea5n).<\/li>\n<\/ul>\n\t<ul>\n<li>Hu\u1ea5n luy\u1ec7n tr\u1ef1c ti\u1ebfp \u0111\u1ec3 gi\u00fap kh\u1edfi \u0111\u1ed9ng t\u00ecm ki\u1ebfm vi\u1ec7c l\u00e0m th\u00e0nh c\u00f4ng.<\/li>\n<li>Gi\u1edbi thi\u1ec7u \u0111\u1ebfn c\u00e1c ch\u01b0\u01a1ng tr\u00ecnh gi\u00e1o d\u1ee5c v\u00e0 \u0111\u00e0o t\u1ea1o.<\/li>\n<li>\u0110i\u1ec1u h\u01b0\u1edbng c\u00e1c khuy\u1ebfn kh\u00edch c\u00f4ng vi\u1ec7c c\u1ee7a C\u01a1 quan An sinh X\u00e3 h\u1ed9i.<\/li>\n<li>S\u1eed d\u1ee5ng c\u00e1c c\u00f4ng c\u1ee5 \u0111\u00e1nh gi\u00e1 k\u1ef9 n\u0103ng.<\/li>\n<\/ul>\n\t\t<h3>\n\t\t\tD\u1ecbch v\u1ee5 ngh\u1ec1 nghi\u1ec7p\n\t\t<\/h3>\n\t\t\t\tQuan h\u1ec7 \u0111\u1ed1i t\u00e1c chi\u1ebfn l\u01b0\u1ee3c\n\t\t\t\t\t<p>JumpStart h\u1ee3p t\u00e1c v\u1edbi C\u01a1 quan Ph\u1ee5c h\u1ed3i Ngh\u1ec1 nghi\u1ec7p Georgia v\u00e0 c\u00e1c ngu\u1ed3n l\u1ef1c c\u1ed9ng \u0111\u1ed3ng cung c\u1ea5p th\u00f4ng tin v\u1ec1 b\u1ea3o hi\u1ec3m y t\u1ebf, ph\u00fac l\u1ee3i An sinh X\u00e3 h\u1ed9i, h\u1ed7 tr\u1ee3 c\u1ee7a ch\u00ednh ph\u1ee7 v\u00e0 c\u00e1c nhu c\u1ea7u ph\u00e1p l\u00fd. Ch\u01b0\u01a1ng tr\u00ecnh c\u0169ng cung c\u1ea5p cho kh\u00e1ch h\u00e0ng gi\u1edbi thi\u1ec7u \u0111\u1ebfn c\u00e1c ngu\u1ed3n t\u00e0i nguy\u00ean gi\u00e1o d\u1ee5c v\u00e0 \u0111\u00e0o t\u1ea1o ng\u1eafn h\u1ea1n trong c\u00e1c l\u0129nh v\u1ef1c nh\u01b0 k\u1ef9 n\u0103ng m\u00e1y t\u00ednh, d\u1ecbch v\u1ee5 kh\u00e1ch h\u00e0ng v\u00e0 khai thu\u1ebf thu nh\u1eadp.<\/p>\n\t\t\t\tGi\u00e1o d\u1ee5c &amp; \u0110\u00e0o t\u1ea1o\n\t\t\t\t\t<p>Gi\u1edbi thi\u1ec7u \u0111\u1ebfn c\u00e1c t\u00e0i nguy\u00ean gi\u00e1o d\u1ee5c v\u00e0 \u0111\u00e0o t\u1ea1o l\u00e0 m\u1ed9t d\u1ecbch v\u1ee5 quan tr\u1ecdng \u0111\u01b0\u1ee3c cung c\u1ea5p cho kh\u00e1ch h\u00e0ng c\u1ee7a JumpStart. Trong giai \u0111o\u1ea1n \u0111\u00e1nh gi\u00e1, c\u1ed1 v\u1ea5n ngh\u1ec1 nghi\u1ec7p x\u00e1c \u0111\u1ecbnh nhu c\u1ea7u gi\u00e1o d\u1ee5c ho\u1eb7c \u0111\u00e0o t\u1ea1o c\u1ee7a kh\u00e1ch h\u00e0ng \u0111\u1ec3 chu\u1ea9n b\u1ecb cho v\u1ecb tr\u00ed vi\u1ec7c l\u00e0m v\u00e0 c\u00e1c c\u01a1 h\u1ed9i ngh\u1ec1 nghi\u1ec7p su\u1ed1t \u0111\u1eddi. \u0110\u00e1nh gi\u00e1 gi\u00e1o d\u1ee5c v\u00e0 \u0111\u00e0o t\u1ea1o c\u00f3 th\u1ec3 bao g\u1ed3m:<\/p>\n<ul>\n<li>Kh\u00e1m ph\u00e1 c\u00e1c l\u1ef1a ch\u1ecdn ngh\u1ec1 nghi\u1ec7p.<\/li>\n<li>Ho\u00e0n thi\u1ec7n c\u00f4ng c\u1ee5 \u0111\u00e1nh gi\u00e1 k\u1ef9 n\u0103ng ph\u00f9 h\u1ee3p v\u1edbi s\u1edf th\u00edch c\u1ee7a kh\u00e1ch h\u00e0ng.<\/li>\n<li>X\u00e1c \u0111\u1ecbnh c\u00e1c k\u1ef9 n\u0103ng c\u00f3 th\u1ec3 chuy\u1ec3n giao \u0111\u1ec3 cho ph\u00e9p chuy\u1ec3n \u0111\u1ed5i sang m\u1ed9t l\u0129nh v\u1ef1c c\u00f4ng vi\u1ec7c m\u1edbi.<\/li>\n<li>Th\u1ef1c hi\u1ec7n Kh\u1ea3o s\u00e1t Th\u1ecb tr\u01b0\u1eddng Lao \u0111\u1ed9ng \u0111\u1ec3 \u0111i\u1ec1u tra c\u00e1c y\u00eau c\u1ea7u v\u1ec1 l\u01b0\u01a1ng v\u00e0 tr\u00ecnh \u0111\u1ed9 h\u1ecdc v\u1ea5n.<\/li>\n<\/ul>\n\t\t\t\tC\u01a1 h\u1ed9i h\u1ecdc ngh\u1ec1\n\t\t\t\t\t<p>Th\u00f4ng qua Ch\u01b0\u01a1ng tr\u00ecnh H\u1ecdc vi\u1ec7c c\u1ee7a JumpStart, kh\u00e1ch h\u00e0ng c\u00f3 c\u01a1 h\u1ed9i nh\u1eadn \u0111\u01b0\u1ee3c kinh nghi\u1ec7m th\u1ef1c t\u1ebf trong nhi\u1ec1u m\u00f4i tr\u01b0\u1eddng l\u00e0m vi\u1ec7c c\u00f3 k\u1ef9 n\u0103ng v\u00e0 kh\u00f4ng c\u00f3 k\u1ef9 n\u0103ng b\u1eb1ng c\u00e1ch k\u1ebft n\u1ed1i v\u1edbi c\u00e1c ngu\u1ed3n l\u1ef1c c\u1ed9ng \u0111\u1ed3ng v\u00e0 c\u00e1c t\u1ed5 ch\u1ee9c \u0111\u1ed1i t\u00e1c chi\u1ebfn l\u01b0\u1ee3c cung c\u1ea5p \u0111\u00e0o t\u1ea1o mi\u1ec5n ph\u00ed. Ch\u01b0\u01a1ng tr\u00ecnh n\u00e0y nh\u1eb1m c\u1ee7ng c\u1ed1 s\u1ee9c m\u1ea1nh c\u1ea1nh tranh c\u1ee7a h\u1ed3 s\u01a1 v\u00e0 k\u1ef9 n\u0103ng l\u00e0m vi\u1ec7c c\u1ee7a kh\u00e1ch h\u00e0ng b\u1eb1ng c\u00e1ch l\u00e0m cho ch\u00fang tr\u1edf n\u00ean d\u1ec5 ti\u1ebfp th\u1ecb h\u01a1n th\u00f4ng qua c\u00e1c v\u1ecb tr\u00ed \u0111\u00e0o t\u1ea1o ng\u1eafn h\u1ea1n v\u00e0 c\u1ea3i thi\u1ec7n c\u01a1 h\u1ed9i t\u1ed5ng th\u1ec3 \u0111\u1ec3 nh\u1eadn \u0111\u01b0\u1ee3c vi\u1ec7c l\u00e0m l\u00e2u d\u00e0i.<\/p>\n<p>Nh\u1eefng ng\u01b0\u1eddi h\u1ecdc vi\u1ec7c c\u1ee7a JumpStart c\u00f3 th\u1ec3 \u0111\u01b0\u1ee3c t\u1ed5 ch\u1ee9c tuy\u1ec3n d\u1ee5ng ho\u1eb7c c\u00f3 th\u1ec3 tham gia nh\u01b0 m\u1ed9t nh\u00e0 th\u1ea7u \u0111\u1ed9c l\u1eadp. H\u1ecdc ngh\u1ec1 d\u1ef1a tr\u00ean nhu c\u1ea7u:<\/p>\n<ul>\n<li>V\u00e0o \u0111\u00e0o t\u1ea1o ngh\u1ec1.<\/li>\n<li>C\u00f3 \u0111\u01b0\u1ee3c m\u1ed9t b\u1ed9 k\u1ef9 n\u0103ng m\u1edbi.<\/li>\n<li>Kinh nghi\u1ec7m l\u00e0m vi\u1ec7c.<\/li>\n<li>X\u00e2y d\u1ef1ng s\u1ef1 t\u1ef1 tin v\u00e0 chuy\u1ec3n \u0111\u1ed5i su\u00f4n s\u1ebb tr\u1edf l\u1ea1i c\u00f4ng vi\u1ec7c.<\/li>\n<li>C\u1eadp nh\u1eadt s\u01a1 y\u1ebfu l\u00fd l\u1ecbch v\u1edbi qu\u00e1 tr\u00ecnh l\u00e0m vi\u1ec7c hi\u1ec7n t\u1ea1i.<\/li>\n<\/ul>\n<p><em>Xin L\u01b0u \u00fd: C\u00e1c c\u01a1 h\u1ed9i \u0111\u00e0o t\u1ea1o v\u00e0 h\u1ecdc vi\u1ec7c \u0111\u01b0\u1ee3c thu\u00ea ngo\u00e0i th\u00f4ng qua \u0110\u1ed1i t\u00e1c Chi\u1ebfn l\u01b0\u1ee3c v\u00e0 c\u00e1c ngu\u1ed3n l\u1ef1c c\u1ed9ng \u0111\u1ed3ng c\u1ee7a ch\u00fang t\u00f4i. JumpStart kh\u00f4ng t\u1ed5 ch\u1ee9c \u0111\u00e0o t\u1ea1o t\u1ea1i c\u01a1 s\u1edf c\u1ee7a T\u1ed5 ch\u1ee9c C\u1ea5y gh\u00e9p Georgia.<\/em><\/p>\n\t\t\t\tL\u1ed9 tr\u00ecnh \u0111\u1ebfn h\u1ed9i th\u1ea3o th\u00e0nh c\u00f4ng\n\t\t\t\t\t<p>Ch\u01b0\u01a1ng tr\u00ecnh Kh\u1edfi \u0111\u1ed9ng t\u1ed5 ch\u1ee9c c\u00e1c h\u1ed9i th\u1ea3o \u0111\u01b0\u1ee3c thi\u1ebft k\u1ebf ri\u00eang cho nh\u1eefng ng\u01b0\u1eddi \u0111\u01b0\u1ee3c gh\u00e9p t\u1ea1ng tham gia ho\u1eb7c t\u00e1i \u0111\u1ea7u t\u01b0 l\u1ef1c l\u01b0\u1ee3ng lao \u0111\u1ed9ng cho th\u1ecb tr\u01b0\u1eddng vi\u1ec7c l\u00e0m ng\u00e0y nay. Nh\u1eefng bu\u1ed5i h\u1ed9i th\u1ea3o n\u00e0y r\u1ea5t nhi\u1ec1u th\u00f4ng tin v\u00e0 t\u01b0\u01a1ng t\u00e1c, v\u00e0 b\u1ea1n ph\u1ea3i chu\u1ea9n b\u1ecb k\u1ef9 l\u01b0\u1ee1ng c\u00f9ng v\u1edbi s\u1ef1 k\u1ebft n\u1ed1i \u0111\u1ec3 t\u00ecm ki\u1ebfm vi\u1ec7c l\u00e0m th\u00e0nh c\u00f4ng. Ngo\u00e0i ra, h\u1ecd c\u00f3 m\u1ed9t l\u1edbp \u0111\u00e0o t\u1ea1o m\u00e1y t\u00ednh th\u1ef1c h\u00e0nh \u0111\u1ec3 \u0111\u01b0\u1ee3c h\u01b0\u1edbng d\u1eabn v\u1ec1\u00a0<em>C\u00e1ch t\u00ecm vi\u1ec7c l\u00e0m tr\u1ef1c tuy\u1ebfn<\/em>.<\/p>\n<p>Check out our calendar of events to view our upcoming workshops. <strong>To register or for questions, email <a href=\"mailto:jumpstart@gatransplant.org\">jumpstart@gatransplant.org<\/a>.<\/strong><\/p>\n\t\t\t\tNh\u1eefng ngu\u1ed3n th\u00f4ng tin tr\u00ean m\u1ea1ng\n\t\t\t\t\t<h4>Giao du\u0323c va \u0111ao ta\u0323o<\/h4>\n<ul>\n<li><a href=\"http:\/\/www.usg.edu\" target=\"_blank\" rel=\"noopener\">C\u00e1c tr\u01b0\u1eddng cao \u0111\u1eb3ng v\u00e0 \u0111\u1ea1i h\u1ecdc c\u1ee7a Georgia<\/a><\/li>\n<li><a href=\"http:\/\/gacollege411.org\/\" target=\"_blank\" rel=\"noopener\">T\u01b0 v\u1ea5n \u0110\u1ea1i h\u1ecdc &amp; Xu h\u01b0\u1edbng Vi\u1ec7c l\u00e0m \u1edf Georgia<\/a><\/li>\n<li><a href=\"http:\/\/www.dtae.org\" target=\"_blank\" rel=\"noopener\">Georgia Dept. of Technical and Adult Education<\/a> (Oversees the state&#8217;s system of education colleges, the adult literacy program and a host of economic and workforce development programs)<\/li>\n<li><a href=\"http:\/\/www.doleta.gov\/\" target=\"_blank\" rel=\"noopener\">Employment &amp; Training Administration<\/a> (Training opportunities)<\/li>\n<li><a href=\"http:\/\/www.gvtc.org\" target=\"_blank\" rel=\"noopener\">Cao \u0111\u1eb3ng k\u1ef9 thu\u1eadt \u1ea3o Georgia<\/a><\/li>\n<li>H\u1ec7 th\u1ed1ng Cao \u0111\u1eb3ng K\u1ef9 thu\u1eadt c\u1ee7a Georgia (T\u1ed5ng quan v\u1ec1 GED)<\/li>\n<\/ul>\n<h4>H\u1ed7 tr\u1ee3 c\u1ee7a Ch\u00ednh ph\u1ee7<\/h4>\n<ul>\n<li><a href=\"http:\/\/www.medicare.gov\" target=\"_blank\" rel=\"noopener\">Medicare<\/a><\/li>\n<li><a href=\"http:\/\/gvra.georgia.gov\" target=\"_blank\" rel=\"noopener\">Georgia Vocational Rehabilitation Agency<\/a> (Assisting people with disabilities to work)<\/li>\n<li><a href=\"http:\/\/www.eeoc.gov\" target=\"_blank\" rel=\"noopener\">Equal Employment Opportunity Commission<\/a> (Access to laws, regulations, guidance and local office contact)<\/li>\n<li><a href=\"http:\/\/www.benefitsnavigator.org\" target=\"_blank\" rel=\"noopener\">Benefits Navigator Project<\/a> (Information about how work will affect your Social Security Disability Income (SSDI) and your Supplemental Security Income (SSI))<\/li>\n<li><a href=\"http:\/\/www.ssa.gov\" target=\"_blank\" rel=\"noopener\">Social Security Administration<\/a> (Full-service contact link for benefits, direct answers and information)<\/li>\n<li><a href=\"http:\/\/www.yourtickettowork.com\" target=\"_blank\" rel=\"noopener\">Ticket to Work<\/a> (Provides most people receiving Social Security Benefits more choices for receiving employment services)<\/li>\n<li><a href=\"http:\/\/www.dol.gov\/\" target=\"_blank\" rel=\"noopener\">S. Dept. of Labor<\/a> (Job and Training resources)<\/li>\n<\/ul>\n<h4>Vi\u1ec7c l\u00e0m<\/h4>\n<ul>\n<li><a href=\"http:\/\/www.dol.state.ga.us\/js\/replace\/chapter05.htm\" target=\"_blank\" rel=\"noopener\">Georgia Dept. of Labor<\/a> (Includes information for job seekers, employers, news, regulations, statistics, and contacts.)<\/li>\n<li><a href=\"http:\/\/www.dressforsuccess.org\" target=\"_blank\" rel=\"noopener\">Dress for Success<\/a> (Provides interview suits, confidence boosts, career development to low-income women.)<\/li>\n<li><a href=\"http:\/\/www.goodwill.org\" target=\"_blank\" rel=\"noopener\">Goodwill<\/a> (Provides job training and employment opportunities for people with disabilities and disadvantages.)<\/li>\n<li><a href=\"http:\/\/www.careerbuilder.com\" target=\"_blank\" rel=\"noopener\">CareerBuilder<\/a> (Allows the user to search by category of job.)<\/li>\n<li><a href=\"http:\/\/experienceworks.org\" target=\"_blank\" rel=\"noopener\">Experience Works<\/a> (Senior workforce services.)<\/li>\n<li><a href=\"http:\/\/insurancequotes.org\/health-insurance\" target=\"_blank\" rel=\"noopener\">Insurance Quotes<\/a> (Health Insurance Resources)<\/li>\n<\/ul>\n\t<p><em>M\u1eb7c d\u00f9 JumpStart kh\u00f4ng ph\u1ea3i l\u00e0 m\u1ed9t d\u1ecbch v\u1ee5 s\u1eafp x\u1ebfp, nh\u01b0ng n\u00f3 cung c\u1ea5p cho kh\u00e1ch h\u00e0ng nh\u1eefng c\u00f4ng c\u1ee5 c\u1ea7n thi\u1ebft \u0111\u1ec3 chu\u1ea9n b\u1ecb cho vi\u1ec7c l\u00e0m c\u1ee7a h\u1ecd. T\u1ea5t c\u1ea3 c\u00e1c d\u1ecbch v\u1ee5 \u0111\u01b0\u1ee3c t\u00f9y ch\u1ec9nh cho c\u1ed9ng \u0111\u1ed3ng gh\u00e9p t\u1ea1ng v\u00e0 \u0111\u01b0\u1ee3c \u0111i\u1ec1u ch\u1ec9nh \u0111\u1ec3 \u0111\u00e1p \u1ee9ng nhu c\u1ea7u c\u1ee5 th\u1ec3 v\u00e0 tr\u00ecnh \u0111\u1ed9 ngh\u1ec1 nghi\u1ec7p c\u1ee7a t\u1eebng kh\u00e1ch h\u00e0ng.<\/em><\/p>\n\t\t<h2>\n\t\t\tHow To Apply\n\t\t<\/h2>\n\t\t<h3>\n\t\t\tStep 1.\n\t\t\t\t\t\t\t\t\t\t\tConfirm Eligibility\n\t\t<\/h3>\n\t\t\t<ul><li>L\u00e0 m\u1ed9t c\u01b0 d\u00e2n Georgia.<\/li><li>T\u1eeb 16 tu\u1ed5i tr\u1edf l\u00ean.<\/li><li>\u0110\u00e1p \u1ee9ng m\u1ed9t trong c\u00e1c ti\u00eau ch\u00ed sau:<ul><li>L\u00e0 ng\u01b0\u1eddi \u0111\u01b0\u1ee3c gh\u00e9p t\u1ea1ng.<\/li><li>\u1ee8ng c\u1eed vi\u00ean gh\u00e9p t\u1ea1ng trong danh s\u00e1ch UNOS.<\/li><li>V\u1ee3 \/ ch\u1ed3ng c\u1ee7a m\u1ed9t \u1ee9ng c\u1eed vi\u00ean ho\u1eb7c ng\u01b0\u1eddi nh\u1eadn c\u1ea5y gh\u00e9p.<\/li><li>Cha m\u1eb9 c\u1ee7a tr\u1ebb \u0111\u01b0\u1ee3c c\u1ea5y gh\u00e9p d\u01b0\u1edbi 21 tu\u1ed5i.<\/li><\/ul><\/li><\/ul>\t\t\n\t\t<h3>\n\t\t\tStep 2.\n\t\t\t\t\t\t\t\t\t\t\tComplete Referral Form\n\t\t<\/h3>\n\t\t\t<ul><li>\u0110\u1ec3 b\u1eaft \u0111\u1ea7u qu\u00e1 tr\u00ecnh \u0111\u0103ng k\u00fd, vui l\u00f2ng \u0111i\u1ec1n v\u00e0o <strong>Gi\u1ea5y gi\u1edbi thi\u1ec7u<\/strong><\/li><li><strong><a href=\"#options\">See Form Options for more details<\/a><\/strong><\/li><\/ul>\t\t\n\t\t<h3>\n\t\t\tStep 3.\n\t\t\t\t\t\t\t\t\t\t\tSpeak with a career counselor\n\t\t<\/h3>\n\t\t\t<p>After you&#8217;ve submitted the referral form, a career counselor will be in touch with you to begin the process and to answer your questions.<\/p>\t\t\n\t\t<h3>\n\t\t\tHave Questions?\n\t\t<\/h3>\n\t\t\t<p>We&#8217;re happy to answer any questions you have about our Academic Scholarships.<\/p>\t\t\n\t\t\t<a href=\"tel:770-457-3796\" target=\"_self\">\n\t\t\t\t\t\tCall: 770-457-3796\t\t\t\t\t\n\t\t<\/a>\n\t\t\t<a href=\"mailto:GTF@gatransplant.org\" target=\"_self\">\n\t\t\t\t\t\tEmail: GTF@gatransplant.org\t\t\t\t\t\n\t\t<\/a>\n\t\t<h2>\n\t\t\tReferral Options\n\t\t<\/h2>\n\t\t<h3>\n\t\t\tOnline\n\t\t<\/h3>\n\t\t\t<p>Use our online form to submit your referral form<a href=\"#\">\u00c1p d\u1ee5ng ngay b\u00e2y gi\u1edd<\/a><\/p>\t\t\n\t\t<h3>\n\t\t\tMail\n\t\t<\/h3>\n\t\t\t<p><a href=\"https:\/\/gatransplant.org\/wp-content\/uploads\/2020\/10\/JumpStart_Enrollment_Form.pdf\" target=\"_blank\" rel=\"noopener\">Download<\/a>, fill out and mail your referral form to:Georgia Transplant Foundation<br \/>Attn: Ch\u01b0\u01a1ng tr\u00ecnh JumpStart<br \/>2201 Macy Drive<br \/>Roswell, GA 30076<\/p>","protected":false},"excerpt":{"rendered":"<p>JumpStart l\u00e0 m\u1ed9t d\u1ecbch v\u1ee5 vi\u1ec7c l\u00e0m v\u00e0 ph\u00e1t tri\u1ec3n ngh\u1ec1 nghi\u1ec7p d\u00e0nh cho c\u1ed9ng \u0111\u1ed3ng c\u1ea5y gh\u00e9p. C\u00e1c c\u1ed1 v\u1ea5n c\u1ee7a JumpStart l\u00e0m vi\u1ec7c ri\u00eang v\u1edbi kh\u00e1ch h\u00e0ng \u0111\u1ec3 x\u00e1c \u0111\u1ecbnh nhu c\u1ea7u, kh\u1ea3 n\u0103ng c\u1ee7a h\u1ecd v\u00e0 h\u1ed7 tr\u1ee3 t\u00ecm vi\u1ec7c l\u00e0m th\u00edch h\u1ee3p.<\/p>","protected":false},"author":43,"featured_media":8226,"parent":6842,"menu_order":31,"comment_status":"closed","ping_status":"closed","template":"","meta":{"_acf_changed":false,"_monsterinsights_skip_tracking":false,"_monsterinsights_sitenote_active":false,"_monsterinsights_sitenote_note":"","_monsterinsights_sitenote_category":0,"footnotes":""},"class_list":["post-6855","page","type-page","status-publish","has-post-thumbnail","hentry"],"acf":[],"aioseo_notices":[],"_links":{"self":[{"href":"https:\/\/gatransplant.blackbaudwp.com\/vi\/wp-json\/wp\/v2\/pages\/6855","targetHints":{"allow":["GET"]}}],"collection":[{"href":"https:\/\/gatransplant.blackbaudwp.com\/vi\/wp-json\/wp\/v2\/pages"}],"about":[{"href":"https:\/\/gatransplant.blackbaudwp.com\/vi\/wp-json\/wp\/v2\/types\/page"}],"author":[{"embeddable":true,"href":"https:\/\/gatransplant.blackbaudwp.com\/vi\/wp-json\/wp\/v2\/users\/43"}],"replies":[{"embeddable":true,"href":"https:\/\/gatransplant.blackbaudwp.com\/vi\/wp-json\/wp\/v2\/comments?post=6855"}],"version-history":[{"count":9,"href":"https:\/\/gatransplant.blackbaudwp.com\/vi\/wp-json\/wp\/v2\/pages\/6855\/revisions"}],"predecessor-version":[{"id":62602,"href":"https:\/\/gatransplant.blackbaudwp.com\/vi\/wp-json\/wp\/v2\/pages\/6855\/revisions\/62602"}],"up":[{"embeddable":true,"href":"https:\/\/gatransplant.blackbaudwp.com\/vi\/wp-json\/wp\/v2\/pages\/6842"}],"wp:featuredmedia":[{"embeddable":true,"href":"https:\/\/gatransplant.blackbaudwp.com\/vi\/wp-json\/wp\/v2\/media\/8226"}],"wp:attachment":[{"href":"https:\/\/gatransplant.blackbaudwp.com\/vi\/wp-json\/wp\/v2\/media?parent=6855"}],"curies":[{"name":"wp","href":"https:\/\/api.w.org\/{rel}","templated":true}]}}