{"id":6854,"date":"2020-06-22T17:38:49","date_gmt":"2020-06-22T21:38:49","guid":{"rendered":"https:\/\/gatransplant.org\/our-programs\/education-community-programs\/academic-scholarships\/"},"modified":"2025-09-22T16:44:06","modified_gmt":"2025-09-22T20:44:06","slug":"academic-scholarships","status":"publish","type":"page","link":"https:\/\/gatransplant.blackbaudwp.com\/vi\/our-programs\/education-community-programs\/academic-scholarships\/","title":{"rendered":"H\u1ecdc b\u1ed5ng h\u1ecdc thu\u1eadt"},"content":{"rendered":"<h1>\n\t\t\tH\u1ecdc b\u1ed5ng h\u1ecdc thu\u1eadt\n\t\t<\/h1>\n\t\t\t<p>Realizing that organ transplantation poses financial hardships on the entire family, the Georgia Transplant Foundation annually awards academic scholarships to selected students who are organ transplant recipients, dependents of an organ transplant recipient, living donors, parents or the sibling of an organ transplant recipient under the age of 22. The scholarships are awarded to students who are presently enrolled in an accredited institution or beginning such a program.<a href=\"https:\/\/gatransplant.blackbaudwp.com\/vi\/our-programs\/education-community-programs\/academic-scholarships\/as-application\/\">\u00c1p d\u1ee5ng ngay b\u00e2y gi\u1edd<\/a><\/p>\t\t\n\t\t\t<a href=\"#types\" target=\"_self\">\n\t\t\t\t\t\t\tAvailable Scholarships\n\t\t\t<\/a>\n\t\t\t<a href=\"#howto\" target=\"_self\">\n\t\t\t\t\t\t\tHow To Apply\n\t\t\t<\/a>\n\t\t\t<a href=\"#guidelines\" target=\"_self\">\n\t\t\t\t\t\t\tGuidelines\n\t\t\t<\/a>\n\t\t\t<a href=\"https:\/\/gatransplant.blackbaudwp.com\/vi\/our-programs\/education-community-programs\/academic-scholarships\/as-application\/\" target=\"_self\">\n\t\t\t\t\t\t\t\u00c1p d\u1ee5ng ngay b\u00e2y gi\u1edd\n\t\t\t<\/a>\n\t\t\t\t\t\t\t\t\t\t<p>Theo b\u01b0\u1edbc ch\u00e2n c\u1ee7a c\u00e1c b\u00e1c s\u0129, nh\u1eefng ng\u01b0\u1eddi \u0111\u00e3 tr\u1edf th\u00e0nh c\u1ee9u tinh cho em trai t\u00f4i l\u00e0 l\u00fd do t\u1ea1i sao t\u00f4i c\u1ed1 g\u1eafng \u0111\u1ea1t \u0111\u01b0\u1ee3c th\u00e0nh t\u00edch \u1edf tr\u01b0\u1eddng. H\u1ecdc b\u1ed5ng GTF s\u1ebd gi\u00fap t\u00f4i b\u1eaft \u0111\u1ea7u ch\u01b0\u01a1ng ti\u1ebfp theo trong cu\u1ed9c phi\u00eau l\u01b0u c\u1ee7a m\u00ecnh trong vi\u1ec7c theo \u0111u\u1ed5i b\u1eb1ng c\u1ea5p y khoa. T\u1eeb ngu\u1ed3n h\u1ed7 tr\u1ee3 t\u00e0i ch\u00ednh n\u00e0y, t\u00f4i s\u1ebd c\u00f3 th\u1ec3 cung c\u1ea5p cho gia \u0111\u00ecnh m\u00ecnh nh\u1eefng hy v\u1ecdng v\u1ec1 m\u1ed9t t\u01b0\u01a1ng lai t\u1ed1t \u0111\u1eb9p h\u01a1n.<\/p>\n\t\t\t\t\t\t\t\t\t<h3>-James P, anh ch\u1ecb em c\u1ee7a ng\u01b0\u1eddi nh\u1eadn c\u1ea5y gh\u00e9p gan<\/h3>\n\t<!-- \/.pp-testimonials -->\n\t\t<h2>\n\t\t\tH\u1ecdc b\u1ed5ng\n\t\t<\/h2>\n\t\t\t<p>H\u1ecdc b\u1ed5ng tr\u1ecb gi\u00e1 $1,000 v\u00e0 c\u00f3 th\u1ec3 gia h\u1ea1n trong th\u1eddi gian l\u00ean \u0111\u1ebfn b\u1ed1n n\u0103m (tr\u1eeb khi c\u00f3 ghi ch\u00fa kh\u00e1c) t\u00f9y thu\u1ed9c v\u00e0o y\u00eau c\u1ea7u c\u1ee7a ch\u01b0\u01a1ng tr\u00ecnh gi\u00e1o d\u1ee5c v\u00e0 ti\u1ebfp t\u1ee5c \u0111\u00e1p \u1ee9ng c\u00e1c y\u00eau c\u1ea7u c\u1ee7a l\u1edbp.<\/p>\t\t\n\t\t<h3>\n\t\t\tTypes of Scholarships and Availability:\n\t\t<\/h3>\n\t\t\t\tOrgan transplant recipient\n\t\t\t\t\t<p><strong>H\u1ecdc b\u1ed5ng ng\u01b0\u1eddi nh\u1eadn Thomas F. Smith<\/strong>\u00a0\u0111\u01b0\u1ee3c trao cho ng\u01b0\u1eddi nh\u1eadn c\u1ea5y gh\u00e9p \u0111\u1ec3 vinh danh Thomas F. Smith. \u00d4ng Smith, m\u1ed9t ng\u01b0\u1eddi nh\u1eadn th\u1eadn, th\u00e0nh l\u1eadp T\u1ed5 ch\u1ee9c Gh\u00e9p t\u1ea1ng Georgia v\u00e0o n\u0103m 1992.<\/p>\n<p><strong>H\u1ecdc b\u1ed5ng Di s\u1ea3n Mallory Smith<\/strong>\u00a0\u0111\u01b0\u1ee3c trao cho ng\u01b0\u1eddi nh\u1eadn c\u1ea5y gh\u00e9p ho\u1eb7c ng\u01b0\u1eddi ph\u1ee5 thu\u1ed9c. H\u1ecdc b\u1ed5ng n\u00e0y \u0111\u01b0\u1ee3c trao t\u1eb7ng b\u1edfi gia \u0111\u00ecnh Smith \u0111\u1ec3 t\u01b0\u1edfng nh\u1edb Mallory Smith, m\u1ed9t ng\u01b0\u1eddi hai l\u1ea7n nh\u1eadn gan, ng\u01b0\u1eddi c\u1ed5 v\u0169 v\u00e0 ng\u01b0\u1eddi c\u1ed1 v\u1ea5n.<\/p>\n<p><strong>H\u1ecdc b\u1ed5ng t\u01b0\u1edfng ni\u1ec7m Michael Calkins<\/strong>\u00a0\u0111\u01b0\u1ee3c trao cho ng\u01b0\u1eddi nh\u1eadn c\u1ea5y gh\u00e9p, ng\u01b0\u1eddi ph\u1ee5 thu\u1ed9c ho\u1eb7c anh ch\u1ecb em c\u1ee7a tr\u1ebb \u0111\u01b0\u1ee3c c\u1ea5y gh\u00e9p. N\u00f3 t\u00f4n vinh s\u1ef1 ki\u00ean tr\u00ec \u0111\u01b0\u1ee3c th\u1ec3 hi\u1ec7n b\u1edfi nh\u1eefng ng\u01b0\u1eddi b\u1ecb \u1ea3nh h\u01b0\u1edfng b\u1edfi c\u1ea5y gh\u00e9p; ng\u01b0\u1eddi \u0111\u00e3 v\u01b0\u1ee3t qua c\u01a1n b\u1ea1o b\u1ec7nh v\u00e0 nhi\u1ec1u ch\u1ee9ng b\u1ec7nh hi\u1ec3m ngh\u00e8o \u0111\u1ec3 theo \u0111u\u1ed5i m\u1ed9t n\u1ec1n gi\u00e1o d\u1ee5c cho ph\u00e9p h\u1ecd ph\u00e1t tri\u1ec3n tr\u00ed tu\u1ec7, t\u00ecnh c\u1ea3m v\u00e0 th\u1ec3 ch\u1ea5t.<\/p>\n<p><strong>H\u1ecdc b\u1ed5ng Daly \u201cPerfect Match\u201d\u00a0<\/strong>\u0111\u01b0\u1ee3c trao cho ng\u01b0\u1eddi nh\u1eadn c\u1ea5y gh\u00e9p, ng\u01b0\u1eddi ph\u1ee5 thu\u1ed9c ho\u1eb7c anh ch\u1ecb em c\u1ee7a tr\u1ebb \u0111\u01b0\u1ee3c c\u1ea5y gh\u00e9p. H\u1ecdc b\u1ed5ng n\u00e0y \u0111\u01b0\u1ee3c th\u00e0nh l\u1eadp \u0111\u1ec3 vinh danh ca gh\u00e9p th\u1eadn th\u00e0nh c\u00f4ng c\u1ee7a b\u00e0 Daly t\u1eeb ng\u01b0\u1eddi hi\u1ebfn th\u1eadn &quot;ho\u00e0n h\u1ea3o&quot; c\u1ee7a b\u00e0, \u00f4ng Daly. Gia \u0111\u00ecnh Daly mu\u1ed1n vinh danh nh\u1eefng b\u1ec7nh nh\u00e2n v\u00e0 gia \u0111\u00ecnh c\u1ea5y gh\u00e9p kh\u00e1c b\u1eb1ng c\u00e1ch cung c\u1ea5p h\u1ecdc b\u1ed5ng n\u00e0y cho m\u1ed9t \u1ee9ng vi\u00ean x\u1ee9ng \u0111\u00e1ng.<\/p>\n<p><strong>T\u1eb7ng h\u1ecdc b\u1ed5ng Life Georgia<\/strong>\u00a0t\u00f4n vinh c\u00e1c gia \u0111\u00ecnh hi\u1ebfn t\u1eb7ng n\u1ebfu kh\u00f4ng c\u00f3 vi\u1ec7c c\u1ea5y gh\u00e9p s\u1ebd kh\u00f4ng th\u1ec3 th\u1ef1c hi\u1ec7n \u0111\u01b0\u1ee3c. N\u00f3 \u0111\u01b0\u1ee3c trao cho m\u1ed9t th\u00e0nh vi\u00ean gia \u0111\u00ecnh hi\u1ebfn t\u1eb7ng n\u1ed9i t\u1ea1ng, ng\u01b0\u1eddi nh\u1eadn n\u1ed9i t\u1ea1ng ho\u1eb7c ng\u01b0\u1eddi ph\u1ee5 thu\u1ed9c c\u1ee7a ng\u01b0\u1eddi nh\u1eadn n\u1ed9i t\u1ea1ng \u0111ang theo h\u1ecdc t\u1ea1i m\u1ed9t tr\u01b0\u1eddng cao \u0111\u1eb3ng \u1edf bang Georgia. H\u1ecdc b\u1ed5ng n\u00e0y \u0111\u01b0\u1ee3c t\u1ea1o ra b\u1edfi Donate Life Georgia, m\u1ed9t li\u00ean minh to\u00e0n ti\u1ec3u bang \u0111\u01b0\u1ee3c th\u00e0nh l\u1eadp \u0111\u1ec3 gi\u00e1o d\u1ee5c c\u00f4ng ch\u00fang v\u1ec1 vi\u1ec7c hi\u1ebfn t\u1eb7ng n\u1ed9i t\u1ea1ng, m\u00f4 v\u00e0 m\u1eaft c\u00f3 nhi\u1ec7m v\u1ee5 h\u1ed7 tr\u1ee3 v\u1eadn \u0111\u1ed9ng c\u1ed9ng \u0111\u1ed3ng c\u1ea5y gh\u00e9p \u0111\u1ec3 gi\u00e1o d\u1ee5c ng\u01b0\u1eddi Georgia v\u1ec1 nhu c\u1ea7u hi\u1ebfn t\u1eb7ng n\u1ed9i t\u1ea1ng, m\u1eaft v\u00e0 m\u00f4 v\u00e0 \u0111\u1ec3 th\u00fac \u0111\u1ea9y c\u00f4ng ch\u00fang \u0111\u01b0a ra ch\u1ec9 \u0111\u1ecbnh nh\u00e0 t\u00e0i tr\u1ee3 c\u00f3 th\u1ec3 h\u00e0nh \u0111\u1ed9ng. \u0110\u1ec3 t\u00ecm hi\u1ec3u th\u00eam v\u1ec1 Donate Life Georgia, h\u00e3y truy c\u1eadp\u00a0<a href=\"https:\/\/www.donatelifegeorgia.org\/\" target=\"_blank\" rel=\"noopener\">DonateLifeGeorgia.org<\/a>.<\/p>\n<p><strong>Georgia Chapter c\u1ee7a H\u1ecdc b\u1ed5ng Hi\u1ec7p h\u1ed9i Y t\u00e1 C\u1ea5y gh\u00e9p Qu\u1ed1c t\u1ebf<\/strong>\u00a0l\u00e0 m\u1ed9t h\u1ecdc b\u1ed5ng m\u1ed9t n\u0103m \u0111\u1ec3 h\u1ed7 tr\u1ee3 m\u1ed9t \u1ee9ng vi\u00ean, trong c\u00e1c lo\u1ea1i tr\u00ean, nh\u1eefng ng\u01b0\u1eddi quan t\u00e2m \u0111\u1ebfn vi\u1ec7c theo \u0111u\u1ed5i b\u1eb1ng c\u1ea5p v\u1ec1 ch\u0103m s\u00f3c s\u1ee9c kh\u1ecfe. H\u1ecdc b\u1ed5ng n\u00e0y \u0111\u01b0\u1ee3c t\u00e0i tr\u1ee3 b\u1edfi Georgia Chapter ITNS.<\/p>\n<p><strong>Chelsea Long Memorial Scholarship<\/strong>\u00a0is awarded to a transplant recipient in memory of Chelsea Long, a two-time kidney transplant recipient, animal lover, and aspiring nurse. Chelsea&#8217;s family and friends have permanently endowed this scholarship to ensure that her legacy will support other transplant recipients as they pursue their own wild, weird, and wonderful dreams.<\/p>\n\t\t\t\tDependent of an organ transplant recipient\n\t\t\t\t\t<p><strong>H\u1ecdc b\u1ed5ng ng\u01b0\u1eddi nh\u1eadn Thomas F. Smith<\/strong>\u00a0\u0111\u01b0\u1ee3c trao cho ng\u01b0\u1eddi nh\u1eadn c\u1ea5y gh\u00e9p \u0111\u1ec3 vinh danh Thomas F. Smith. \u00d4ng Smith, m\u1ed9t ng\u01b0\u1eddi nh\u1eadn th\u1eadn, th\u00e0nh l\u1eadp T\u1ed5 ch\u1ee9c Gh\u00e9p t\u1ea1ng Georgia v\u00e0o n\u0103m 1992.<\/p>\n<p><strong>H\u1ecdc b\u1ed5ng t\u01b0\u1edfng ni\u1ec7m Michael Calkins<\/strong>\u00a0\u0111\u01b0\u1ee3c trao cho ng\u01b0\u1eddi nh\u1eadn c\u1ea5y gh\u00e9p, ng\u01b0\u1eddi ph\u1ee5 thu\u1ed9c ho\u1eb7c anh ch\u1ecb em c\u1ee7a tr\u1ebb \u0111\u01b0\u1ee3c c\u1ea5y gh\u00e9p. N\u00f3 t\u00f4n vinh s\u1ef1 ki\u00ean tr\u00ec \u0111\u01b0\u1ee3c th\u1ec3 hi\u1ec7n b\u1edfi nh\u1eefng ng\u01b0\u1eddi b\u1ecb \u1ea3nh h\u01b0\u1edfng b\u1edfi c\u1ea5y gh\u00e9p; ng\u01b0\u1eddi \u0111\u00e3 v\u01b0\u1ee3t qua c\u01a1n b\u1ea1o b\u1ec7nh v\u00e0 nhi\u1ec1u ch\u1ee9ng b\u1ec7nh hi\u1ec3m ngh\u00e8o \u0111\u1ec3 theo \u0111u\u1ed5i m\u1ed9t n\u1ec1n gi\u00e1o d\u1ee5c cho ph\u00e9p h\u1ecd ph\u00e1t tri\u1ec3n tr\u00ed tu\u1ec7, t\u00ecnh c\u1ea3m v\u00e0 th\u1ec3 ch\u1ea5t.<\/p>\n<p><strong>H\u1ecdc b\u1ed5ng Daly \u201cPerfect Match\u201d\u00a0<\/strong>\u0111\u01b0\u1ee3c trao cho ng\u01b0\u1eddi nh\u1eadn c\u1ea5y gh\u00e9p, ng\u01b0\u1eddi ph\u1ee5 thu\u1ed9c ho\u1eb7c anh ch\u1ecb em c\u1ee7a tr\u1ebb \u0111\u01b0\u1ee3c c\u1ea5y gh\u00e9p. H\u1ecdc b\u1ed5ng n\u00e0y \u0111\u01b0\u1ee3c th\u00e0nh l\u1eadp \u0111\u1ec3 vinh danh ca gh\u00e9p th\u1eadn th\u00e0nh c\u00f4ng c\u1ee7a b\u00e0 Daly t\u1eeb ng\u01b0\u1eddi hi\u1ebfn th\u1eadn &quot;ho\u00e0n h\u1ea3o&quot; c\u1ee7a b\u00e0, \u00f4ng Daly. Gia \u0111\u00ecnh Daly mu\u1ed1n vinh danh nh\u1eefng b\u1ec7nh nh\u00e2n v\u00e0 gia \u0111\u00ecnh c\u1ea5y gh\u00e9p kh\u00e1c b\u1eb1ng c\u00e1ch cung c\u1ea5p h\u1ecdc b\u1ed5ng n\u00e0y cho m\u1ed9t \u1ee9ng vi\u00ean x\u1ee9ng \u0111\u00e1ng.<\/p>\n<p><strong>T\u1eb7ng h\u1ecdc b\u1ed5ng Life Georgia<\/strong>\u00a0t\u00f4n vinh c\u00e1c gia \u0111\u00ecnh hi\u1ebfn t\u1eb7ng n\u1ebfu kh\u00f4ng c\u00f3 vi\u1ec7c c\u1ea5y gh\u00e9p s\u1ebd kh\u00f4ng th\u1ec3 th\u1ef1c hi\u1ec7n \u0111\u01b0\u1ee3c. N\u00f3 \u0111\u01b0\u1ee3c trao cho m\u1ed9t th\u00e0nh vi\u00ean gia \u0111\u00ecnh hi\u1ebfn t\u1eb7ng n\u1ed9i t\u1ea1ng, ng\u01b0\u1eddi nh\u1eadn n\u1ed9i t\u1ea1ng ho\u1eb7c ng\u01b0\u1eddi ph\u1ee5 thu\u1ed9c c\u1ee7a ng\u01b0\u1eddi nh\u1eadn n\u1ed9i t\u1ea1ng \u0111ang theo h\u1ecdc t\u1ea1i m\u1ed9t tr\u01b0\u1eddng cao \u0111\u1eb3ng \u1edf bang Georgia. H\u1ecdc b\u1ed5ng n\u00e0y \u0111\u01b0\u1ee3c t\u1ea1o ra b\u1edfi Donate Life Georgia, m\u1ed9t li\u00ean minh to\u00e0n ti\u1ec3u bang \u0111\u01b0\u1ee3c th\u00e0nh l\u1eadp \u0111\u1ec3 gi\u00e1o d\u1ee5c c\u00f4ng ch\u00fang v\u1ec1 vi\u1ec7c hi\u1ebfn t\u1eb7ng n\u1ed9i t\u1ea1ng, m\u00f4 v\u00e0 m\u1eaft c\u00f3 nhi\u1ec7m v\u1ee5 h\u1ed7 tr\u1ee3 v\u1eadn \u0111\u1ed9ng c\u1ed9ng \u0111\u1ed3ng c\u1ea5y gh\u00e9p \u0111\u1ec3 gi\u00e1o d\u1ee5c ng\u01b0\u1eddi Georgia v\u1ec1 nhu c\u1ea7u hi\u1ebfn t\u1eb7ng n\u1ed9i t\u1ea1ng, m\u1eaft v\u00e0 m\u00f4 v\u00e0 \u0111\u1ec3 th\u00fac \u0111\u1ea9y c\u00f4ng ch\u00fang \u0111\u01b0a ra ch\u1ec9 \u0111\u1ecbnh nh\u00e0 t\u00e0i tr\u1ee3 c\u00f3 th\u1ec3 h\u00e0nh \u0111\u1ed9ng. \u0110\u1ec3 t\u00ecm hi\u1ec3u th\u00eam v\u1ec1 Donate Life Georgia, h\u00e3y truy c\u1eadp\u00a0<a href=\"https:\/\/www.donatelifegeorgia.org\/\" target=\"_blank\" rel=\"noopener\">DonateLifeGeorgia.org<\/a>.<\/p>\n<p><strong>Georgia Chapter c\u1ee7a H\u1ecdc b\u1ed5ng Hi\u1ec7p h\u1ed9i Y t\u00e1 C\u1ea5y gh\u00e9p Qu\u1ed1c t\u1ebf<\/strong>\u00a0l\u00e0 m\u1ed9t h\u1ecdc b\u1ed5ng m\u1ed9t n\u0103m \u0111\u1ec3 h\u1ed7 tr\u1ee3 m\u1ed9t \u1ee9ng vi\u00ean, trong c\u00e1c lo\u1ea1i tr\u00ean, nh\u1eefng ng\u01b0\u1eddi quan t\u00e2m \u0111\u1ebfn vi\u1ec7c theo \u0111u\u1ed5i b\u1eb1ng c\u1ea5p v\u1ec1 ch\u0103m s\u00f3c s\u1ee9c kh\u1ecfe. H\u1ecdc b\u1ed5ng n\u00e0y \u0111\u01b0\u1ee3c t\u00e0i tr\u1ee3 b\u1edfi Georgia Chapter ITNS.<\/p>\n\t\t\t\tParent or Sibling of an organ transplant recipient\n\t\t\t\t\t<p><strong>For siblings of an organ transplant recipient, both the sibling and the recipient must be 22 years of age or younger.<\/strong><\/p>\n<p><strong>GTF Hope &amp; Legacy Scholarship<\/strong>\u00a0is awarded to the sibling of a transplanted child 22 years old or younger or to the dependent of a transplant recipient.<\/p>\n<p><strong>H\u1ecdc b\u1ed5ng t\u01b0\u1edfng ni\u1ec7m Michael Calkins<\/strong>\u00a0\u0111\u01b0\u1ee3c trao cho ng\u01b0\u1eddi nh\u1eadn c\u1ea5y gh\u00e9p, ng\u01b0\u1eddi ph\u1ee5 thu\u1ed9c ho\u1eb7c anh ch\u1ecb em c\u1ee7a tr\u1ebb \u0111\u01b0\u1ee3c c\u1ea5y gh\u00e9p. N\u00f3 t\u00f4n vinh s\u1ef1 ki\u00ean tr\u00ec \u0111\u01b0\u1ee3c th\u1ec3 hi\u1ec7n b\u1edfi nh\u1eefng ng\u01b0\u1eddi b\u1ecb \u1ea3nh h\u01b0\u1edfng b\u1edfi c\u1ea5y gh\u00e9p; ng\u01b0\u1eddi \u0111\u00e3 v\u01b0\u1ee3t qua c\u01a1n b\u1ea1o b\u1ec7nh v\u00e0 nhi\u1ec1u ch\u1ee9ng b\u1ec7nh hi\u1ec3m ngh\u00e8o \u0111\u1ec3 theo \u0111u\u1ed5i m\u1ed9t n\u1ec1n gi\u00e1o d\u1ee5c cho ph\u00e9p h\u1ecd ph\u00e1t tri\u1ec3n tr\u00ed tu\u1ec7, t\u00ecnh c\u1ea3m v\u00e0 th\u1ec3 ch\u1ea5t.<\/p>\n<p><strong>H\u1ecdc b\u1ed5ng Daly \u201cPerfect Match\u201d\u00a0<\/strong>\u0111\u01b0\u1ee3c trao cho ng\u01b0\u1eddi nh\u1eadn c\u1ea5y gh\u00e9p, ng\u01b0\u1eddi ph\u1ee5 thu\u1ed9c ho\u1eb7c anh ch\u1ecb em c\u1ee7a tr\u1ebb \u0111\u01b0\u1ee3c c\u1ea5y gh\u00e9p. H\u1ecdc b\u1ed5ng n\u00e0y \u0111\u01b0\u1ee3c th\u00e0nh l\u1eadp \u0111\u1ec3 vinh danh ca gh\u00e9p th\u1eadn th\u00e0nh c\u00f4ng c\u1ee7a b\u00e0 Daly t\u1eeb ng\u01b0\u1eddi hi\u1ebfn th\u1eadn &quot;ho\u00e0n h\u1ea3o&quot; c\u1ee7a b\u00e0, \u00f4ng Daly. Gia \u0111\u00ecnh Daly mu\u1ed1n vinh danh nh\u1eefng b\u1ec7nh nh\u00e2n v\u00e0 gia \u0111\u00ecnh c\u1ea5y gh\u00e9p kh\u00e1c b\u1eb1ng c\u00e1ch cung c\u1ea5p h\u1ecdc b\u1ed5ng n\u00e0y cho m\u1ed9t \u1ee9ng vi\u00ean x\u1ee9ng \u0111\u00e1ng.<\/p>\n<p><strong>Georgia Chapter c\u1ee7a H\u1ecdc b\u1ed5ng Hi\u1ec7p h\u1ed9i Y t\u00e1 C\u1ea5y gh\u00e9p Qu\u1ed1c t\u1ebf<\/strong>\u00a0l\u00e0 m\u1ed9t h\u1ecdc b\u1ed5ng m\u1ed9t n\u0103m \u0111\u1ec3 h\u1ed7 tr\u1ee3 m\u1ed9t \u1ee9ng vi\u00ean, trong c\u00e1c lo\u1ea1i tr\u00ean, nh\u1eefng ng\u01b0\u1eddi quan t\u00e2m \u0111\u1ebfn vi\u1ec7c theo \u0111u\u1ed5i b\u1eb1ng c\u1ea5p v\u1ec1 ch\u0103m s\u00f3c s\u1ee9c kh\u1ecfe. H\u1ecdc b\u1ed5ng n\u00e0y \u0111\u01b0\u1ee3c t\u00e0i tr\u1ee3 b\u1edfi Georgia Chapter ITNS.<\/p>\n\t\t\t\tNg\u01b0\u1eddi hi\u1ebfn t\u1eb7ng c\u00f2n s\u1ed1ng\n\t\t\t\t\t<p><strong>H\u1ecdc b\u1ed5ng Nh\u00e0 t\u00e0i tr\u1ee3 S\u1ed1ng Theresa Lackey<\/strong>\u00a0\u0111\u01b0\u1ee3c trao cho m\u1ed9t nh\u00e0 t\u00e0i tr\u1ee3 s\u1ed1ng. H\u1ecdc b\u1ed5ng n\u00e0y do gia \u0111\u00ecnh Lumpkin trao t\u1eb7ng \u0111\u1ec3 vinh danh ng\u01b0\u1eddi hi\u1ebfn th\u1eadn Theresa Karen Lumpkin Sortor.<\/p>\n<p><strong>T\u1eb7ng h\u1ecdc b\u1ed5ng Life Georgia<\/strong>\u00a0t\u00f4n vinh c\u00e1c gia \u0111\u00ecnh hi\u1ebfn t\u1eb7ng n\u1ebfu kh\u00f4ng c\u00f3 vi\u1ec7c c\u1ea5y gh\u00e9p s\u1ebd kh\u00f4ng th\u1ec3 th\u1ef1c hi\u1ec7n \u0111\u01b0\u1ee3c. N\u00f3 \u0111\u01b0\u1ee3c trao cho m\u1ed9t th\u00e0nh vi\u00ean gia \u0111\u00ecnh hi\u1ebfn t\u1eb7ng n\u1ed9i t\u1ea1ng, ng\u01b0\u1eddi nh\u1eadn n\u1ed9i t\u1ea1ng ho\u1eb7c ng\u01b0\u1eddi ph\u1ee5 thu\u1ed9c c\u1ee7a ng\u01b0\u1eddi nh\u1eadn n\u1ed9i t\u1ea1ng \u0111ang theo h\u1ecdc t\u1ea1i m\u1ed9t tr\u01b0\u1eddng cao \u0111\u1eb3ng \u1edf bang Georgia. H\u1ecdc b\u1ed5ng n\u00e0y \u0111\u01b0\u1ee3c t\u1ea1o ra b\u1edfi Donate Life Georgia, m\u1ed9t li\u00ean minh to\u00e0n ti\u1ec3u bang \u0111\u01b0\u1ee3c th\u00e0nh l\u1eadp \u0111\u1ec3 gi\u00e1o d\u1ee5c c\u00f4ng ch\u00fang v\u1ec1 vi\u1ec7c hi\u1ebfn t\u1eb7ng n\u1ed9i t\u1ea1ng, m\u00f4 v\u00e0 m\u1eaft c\u00f3 nhi\u1ec7m v\u1ee5 h\u1ed7 tr\u1ee3 v\u1eadn \u0111\u1ed9ng c\u1ed9ng \u0111\u1ed3ng c\u1ea5y gh\u00e9p \u0111\u1ec3 gi\u00e1o d\u1ee5c ng\u01b0\u1eddi Georgia v\u1ec1 nhu c\u1ea7u hi\u1ebfn t\u1eb7ng n\u1ed9i t\u1ea1ng, m\u1eaft v\u00e0 m\u00f4 v\u00e0 \u0111\u1ec3 th\u00fac \u0111\u1ea9y c\u00f4ng ch\u00fang \u0111\u01b0a ra ch\u1ec9 \u0111\u1ecbnh nh\u00e0 t\u00e0i tr\u1ee3 c\u00f3 th\u1ec3 h\u00e0nh \u0111\u1ed9ng. \u0110\u1ec3 t\u00ecm hi\u1ec3u th\u00eam v\u1ec1 Donate Life Georgia, h\u00e3y truy c\u1eadp\u00a0<a href=\"https:\/\/www.donatelifegeorgia.org\/\" target=\"_blank\" rel=\"noopener\">DonateLifeGeorgia.org<\/a>.<\/p>\n<p><strong>Georgia Chapter c\u1ee7a H\u1ecdc b\u1ed5ng Hi\u1ec7p h\u1ed9i Y t\u00e1 C\u1ea5y gh\u00e9p Qu\u1ed1c t\u1ebf<\/strong>\u00a0l\u00e0 m\u1ed9t h\u1ecdc b\u1ed5ng m\u1ed9t n\u0103m \u0111\u1ec3 h\u1ed7 tr\u1ee3 m\u1ed9t \u1ee9ng vi\u00ean, trong c\u00e1c lo\u1ea1i tr\u00ean, nh\u1eefng ng\u01b0\u1eddi quan t\u00e2m \u0111\u1ebfn vi\u1ec7c theo \u0111u\u1ed5i b\u1eb1ng c\u1ea5p v\u1ec1 ch\u0103m s\u00f3c s\u1ee9c kh\u1ecfe. H\u1ecdc b\u1ed5ng n\u00e0y \u0111\u01b0\u1ee3c t\u00e0i tr\u1ee3 b\u1edfi Georgia Chapter ITNS.<\/p>\n\t\t<h4>\n\t\t\tThanks to our partners for their generosity in helping to fund these scholarships:\n\t\t<\/h4>\n\t\t\t<p><em>Georgia Chapter of the International Transplant Nurses Society; Mike and Lisa Smith; Susan Lumpkin; the Calkins Family; the Daly Family; Donate Life Georgia; Friends and Family of Chelsea Long.<\/em><\/p>\t\t\n\t\t<h2>\n\t\t\tHow To Apply\n\t\t<\/h2>\n\t\t<h3>\n\t\t\tStep 1.\n\t\t\t\t\t\t\t\t\t\t\tConfirm Eligibility\n\t\t<\/h3>\n\t\t\t<ul><li>Theo \u0111u\u1ed5i ch\u01b0\u01a1ng tr\u00ecnh gi\u00e1o d\u1ee5c sau trung h\u1ecdc ph\u1ed5 th\u00f4ng t\u1ea1i m\u1ed9t tr\u01b0\u1eddng cao \u0111\u1eb3ng, \u0111\u1ea1i h\u1ecdc ho\u1eb7c tr\u01b0\u1eddng k\u1ef9 thu\u1eadt \u0111\u01b0\u1ee3c c\u00f4ng nh\u1eadn.<\/li><li>M\u1ed9t c\u01b0 d\u00e2n c\u1ee7a Georgia.<\/li><li>\u0110\u01b0\u1ee3c ch\u1ea5p nh\u1eadn ho\u1eb7c ghi danh v\u00e0o m\u1ed9t ch\u01b0\u01a1ng tr\u00ecnh c\u1ea5p b\u1eb1ng cao \u0111\u1eb3ng, \u0111\u1ea1i h\u1ecdc, k\u1ef9 thu\u1eadt ngh\u1ec1 ho\u1eb7c chuy\u00ean nghi\u1ec7p \u0111\u01b0\u1ee3c c\u00f4ng nh\u1eadn.<\/li><\/ul>\t\t\n\t\t<h3>\n\t\t\tStep 2.\n\t\t\t\t\t\t\t\t\t\t\tProvide Application Materials\n\t\t<\/h3>\n\t\t\t<ul><li>School Verification\/Transcripts<\/li><li>Acceptance letter\u00a0to your current institution (or the one you will be attending in the Fall)<\/li><li>Tuy\u00ean b\u1ed1 c\u00e1 nh\u00e2n<\/li><li>Hai (2) th\u01b0 gi\u1edbi thi\u1ec7u<\/li><li><strong>Deadline: May 1st<\/strong><\/li><li><strong><a href=\"#guidelines\">See Guidelines for more details<\/a><\/strong><\/li><\/ul>\t\t\n\t\t<h3>\n\t\t\tStep 3.\n\t\t\t\t\t\t\t\t\t\t\tComplete Application\n\t\t<\/h3>\n\t\t\t<ul><li><strong>Deadline: May 1st<\/strong><\/li><li><strong><a href=\"#options\">See Application Options for more details<\/a><\/strong><\/li><\/ul><p><em>T\u1ea5t c\u1ea3 c\u00e1c th\u00f4ng tin s\u1ebd \u0111\u01b0\u1ee3c gi\u1eef b\u00ed m\u1eadt. \u1ee8ng vi\u00ean kh\u00f4ng n\u1ed9p \u0111\u1ea7y \u0111\u1ee7 c\u00e1c th\u00f4ng tin tr\u00ean s\u1ebd kh\u00f4ng \u0111\u01b0\u1ee3c xem x\u00e9t.<\/em><\/p>\t\t\n\t\t<h3>\n\t\t\tHave Questions?\n\t\t<\/h3>\n\t\t\t<p>We&#8217;re happy to answer any questions you have about our Academic Scholarships.<\/p>\t\t\n\t\t\t<a href=\"#guidelines\" target=\"_self\">\n\t\t\t\t\t\tRead Guidelines\t\t\t\t\t\n\t\t<\/a>\n\t\t\t<a href=\"tel:770-457-3796\" target=\"_self\">\n\t\t\t\t\t\tCall: 770-457-3796\t\t\t\t\t\n\t\t<\/a>\n\t\t\t<a href=\"mailto:GTF@gatransplant.org\" target=\"_self\">\n\t\t\t\t\t\tEmail: GTF@gatransplant.org\t\t\t\t\t\n\t\t<\/a>\n\t\t<h2>\n\t\t\tApplication Options\n\t\t<\/h2>\n\t\t<h3>\n\t\t\tOnline\n\t\t<\/h3>\n\t\t\t<p>Use our online form to submit your application<a href=\"https:\/\/gatransplant.blackbaudwp.com\/vi\/our-programs\/education-community-programs\/academic-scholarships\/as-application\/\">\u00c1p d\u1ee5ng ngay b\u00e2y gi\u1edd<\/a><\/p>\t\t\n\t\t<h3>\n\t\t\tMail\n\t\t<\/h3>\n\t\t\t<p><a href=\"https:\/\/gatransplant.org\/wp-content\/uploads\/2020\/10\/SCHOLARSHIP-APPLICATION.pdf\" target=\"_blank\" rel=\"noopener\">Download<\/a>, fill out and mail your application, along with supporting materials to:Georgia Transplant Foundation<br \/>885 Woodstock Rd<br \/>Suite 430-542<br \/>Roswell, GA 30075-2274<strong>Must be postmarked by the May 1 deadline to be considered for review<\/strong><\/p>\t\t\n\t\t<h2>\n\t\t\tGuidelines\n\t\t<\/h2>\n\t\t\t\tSchool Verification and Transcript\n\t\t\t\t\t<ul>\n<li><strong>H\u1ecdc b\u1ea1 trung h\u1ecdc ch\u00ednh th\u1ee9c\u00a0<\/strong>(l\u1edbp 9-12, ho\u1eb7c h\u1ecdc k\u1ef3 m\u00f9a thu)\u00a0<strong>HO\u1eb6C b\u1ea3ng \u0111i\u1ec3m \u0111\u1ea1i h\u1ecdc \/ tr\u01b0\u1eddng k\u1ef9 thu\u1eadt<\/strong>\u00a0cho t\u1ea5t c\u1ea3 c\u00e1c kh\u00f3a h\u1ecdc.<\/li>\n<li>Ch\u1ee9ng ch\u1ec9 GED, n\u1ebfu c\u00f3.<\/li>\n<li>N\u1ebfu l\u1ea7n \u0111i h\u1ecdc g\u1ea7n \u0111\u00e2y nh\u1ea5t c\u1ee7a b\u1ea1n c\u00e1ch \u0111\u00e2y h\u01a1n 5 n\u0103m, vi\u1ec7c x\u00e9t tuy\u1ec3n hi\u1ec7n t\u1ea1i \u0111\u01b0\u1ee3c ch\u1ea5p nh\u1eadn thay cho h\u1ecdc b\u1ea1 trung h\u1ecdc.<\/li>\n<\/ul>\n\t\t\t\tTuy\u00ean b\u1ed1 c\u00e1 nh\u00e2n\n\t\t\t\t\t<ul>\n<li>\u0110\u00e3 \u0111\u00e1nh m\u00e1y.<\/li>\n<li>T\u1ed1i \u0111a ba (3) trang.<\/li>\n<li>M\u00f4 t\u1ea3 b\u1ea3n th\u00e2n v\u00e0 c\u00e1ch th\u1ee9c c\u1ea5y gh\u00e9p \u0111\u00e3 \u1ea3nh h\u01b0\u1edfng \u0111\u1ebfn cu\u1ed9c s\u1ed1ng c\u1ee7a b\u1ea1n. H\u00e3y cho ch\u00fang t\u00f4i bi\u1ebft \u0111i\u1ec1u g\u00ec \u0111\u00f3 v\u1ec1 b\u1ea1n s\u1ebd gi\u00fap ch\u00fang t\u00f4i hi\u1ec3u r\u00f5 h\u01a1n v\u1ec1 b\u1ea1n. B\u1ea1n c\u00f3 th\u1ec3 k\u1ec3 l\u1ea1i m\u1ed9t s\u1ed1 s\u1ef1 ki\u1ec7n \u0111\u00e3 thay \u0111\u1ed5i cu\u1ed9c s\u1ed1ng ho\u1eb7c ni\u1ec1m tin c\u1ee7a b\u1ea1n, ho\u1eb7c m\u1ed9t v\u1ea5n \u0111\u1ec1 m\u00e0 b\u1ea1n c\u00f3 c\u1ea3m x\u00fac m\u00e3nh li\u1ec7t. Vui l\u00f2ng cho ch\u00fang t\u00f4i bi\u1ebft v\u1ec1 m\u1ee5c ti\u00eau cu\u1ed9c s\u1ed1ng c\u1ee7a b\u1ea1n v\u00ec ch\u00fang li\u00ean quan \u0111\u1ebfn ng\u00e0nh h\u1ecdc c\u1ee7a b\u1ea1n.<\/li>\n<\/ul>\n\t\t\t\tLetters of recommendation\n\t\t\t\t\t<p>\u00a0<\/p>\n<ul>\n<li>At least one letter should be from an academic source<\/li>\n<li>NO letters from relatives or classmates<\/li>\n<li>Contact information for each letter<\/li>\n<\/ul>","protected":false},"excerpt":{"rendered":"<p>Nh\u1eadn th\u1ea5y vi\u1ec7c c\u1ea5y gh\u00e9p g\u00e2y kh\u00f3 kh\u0103n v\u1ec1 t\u00e0i ch\u00ednh cho to\u00e0n b\u1ed9 gia \u0111\u00ecnh, T\u1ed5 ch\u1ee9c Gh\u00e9p t\u1ea1ng Georgia h\u00e0ng n\u0103m trao h\u1ecdc b\u1ed5ng h\u1ecdc t\u1eadp cho nh\u1eefng sinh vi\u00ean \u0111\u01b0\u1ee3c ch\u1ecdn l\u00e0 ng\u01b0\u1eddi nh\u1eadn c\u1ea5y gh\u00e9p, ng\u01b0\u1eddi ph\u1ee5 thu\u1ed9c c\u1ee7a ng\u01b0\u1eddi \u0111\u01b0\u1ee3c gh\u00e9p t\u1ea1ng, ng\u01b0\u1eddi hi\u1ebfn t\u1eb7ng c\u00f2n s\u1ed1ng, cha m\u1eb9 ho\u1eb7c anh ch\u1ecb em c\u1ee7a ng\u01b0\u1eddi \u0111\u01b0\u1ee3c gh\u00e9p t\u1ea1ng d\u01b0\u1edbi 22 tu\u1ed5i. <\/p>","protected":false},"author":43,"featured_media":7908,"parent":6842,"menu_order":30,"comment_status":"closed","ping_status":"closed","template":"","meta":{"_acf_changed":false,"_monsterinsights_skip_tracking":false,"_monsterinsights_sitenote_active":false,"_monsterinsights_sitenote_note":"","_monsterinsights_sitenote_category":0,"footnotes":""},"class_list":["post-6854","page","type-page","status-publish","has-post-thumbnail","hentry"],"acf":[],"aioseo_notices":[],"_links":{"self":[{"href":"https:\/\/gatransplant.blackbaudwp.com\/vi\/wp-json\/wp\/v2\/pages\/6854","targetHints":{"allow":["GET"]}}],"collection":[{"href":"https:\/\/gatransplant.blackbaudwp.com\/vi\/wp-json\/wp\/v2\/pages"}],"about":[{"href":"https:\/\/gatransplant.blackbaudwp.com\/vi\/wp-json\/wp\/v2\/types\/page"}],"author":[{"embeddable":true,"href":"https:\/\/gatransplant.blackbaudwp.com\/vi\/wp-json\/wp\/v2\/users\/43"}],"replies":[{"embeddable":true,"href":"https:\/\/gatransplant.blackbaudwp.com\/vi\/wp-json\/wp\/v2\/comments?post=6854"}],"version-history":[{"count":5,"href":"https:\/\/gatransplant.blackbaudwp.com\/vi\/wp-json\/wp\/v2\/pages\/6854\/revisions"}],"predecessor-version":[{"id":62562,"href":"https:\/\/gatransplant.blackbaudwp.com\/vi\/wp-json\/wp\/v2\/pages\/6854\/revisions\/62562"}],"up":[{"embeddable":true,"href":"https:\/\/gatransplant.blackbaudwp.com\/vi\/wp-json\/wp\/v2\/pages\/6842"}],"wp:featuredmedia":[{"embeddable":true,"href":"https:\/\/gatransplant.blackbaudwp.com\/vi\/wp-json\/wp\/v2\/media\/7908"}],"wp:attachment":[{"href":"https:\/\/gatransplant.blackbaudwp.com\/vi\/wp-json\/wp\/v2\/media?parent=6854"}],"curies":[{"name":"wp","href":"https:\/\/api.w.org\/{rel}","templated":true}]}}