{"id":6851,"date":"2020-06-22T17:38:03","date_gmt":"2020-06-22T21:38:03","guid":{"rendered":"https:\/\/gatransplant.org\/our-programs\/financial-assistance-programs\/transportation-assistance\/"},"modified":"2025-08-13T13:43:35","modified_gmt":"2025-08-13T17:43:35","slug":"transportation-assistance","status":"publish","type":"page","link":"https:\/\/gatransplant.blackbaudwp.com\/vi\/our-programs\/financial-assistance-programs\/transportation-assistance\/","title":{"rendered":"H\u1ed7 tr\u1ee3 v\u1eadn chuy\u1ec3n"},"content":{"rendered":"<h1>\n\t\t\tH\u1ed7 tr\u1ee3 v\u1eadn chuy\u1ec3n\n\t\t<\/h1>\n\t\t\t<p>M\u1ee5c ti\u00eau c\u1ee7a Ch\u01b0\u01a1ng tr\u00ecnh H\u1ed7 tr\u1ee3 V\u1eadn chuy\u1ec3n l\u00e0 cung c\u1ea5p h\u1ed7 tr\u1ee3 t\u00e0i ch\u00ednh cho nh\u1eefng ng\u01b0\u1eddi m\u1edbi gh\u00e9p t\u1ea1ng \u0111\u1ec3 gi\u1ea3m thi\u1ec3u chi ph\u00ed nhi\u00ean li\u1ec7u li\u00ean quan \u0111\u1ebfn vi\u1ec7c ch\u0103m s\u00f3c theo d\u00f5i trong nh\u1eefng th\u00e1ng sau quy tr\u00ecnh c\u1ee7a h\u1ecd.<a href=\"https:\/\/gatransplant.blackbaudwp.com\/vi\/our-programs\/financial-assistance-programs\/transportation-assistance\/transportation-assistance-application\/\">Apply now<\/a><\/p>\t\t\n\t\t\t<a href=\"#about\" target=\"_self\" rel=\"noopener\">\n\t\t\t\t\t\t\tAbout This Program\n\t\t\t<\/a>\n\t\t\t<a href=\"#howto\" target=\"_self\" rel=\"noopener\">\n\t\t\t\t\t\t\tHow To Apply\n\t\t\t<\/a>\n\t\t\t<a href=\"https:\/\/gatransplant.blackbaudwp.com\/vi\/our-programs\/financial-assistance-programs\/transportation-assistance\/transportation-assistance-application\/\" target=\"_self\" rel=\"noopener\">\n\t\t\t\t\t\t\t\u00c1p d\u1ee5ng ngay b\u00e2y gi\u1edd\n\t\t\t<\/a>\n\t\t\t\t\t\t\t\t\t\t<p>T\u00f4i mu\u1ed1n b\u00e0y t\u1ecf s\u1ef1 c\u1ea3m k\u00edch tr\u01b0\u1edbc s\u1ef1 gi\u00fap \u0111\u1ee1 v\u00e0 h\u1ed7 tr\u1ee3 c\u1ee7a b\u1ea1n. T\u00f4i m\u1ea5t vi\u1ec7c l\u00e0m, b\u1ea3o hi\u1ec3m v\u00e0 s\u1ee9c kh\u1ecfe c\u1ee7a m\u00ecnh c\u00f9ng m\u1ed9t l\u00fac. S\u1ef1 h\u00e0o ph\u00f3ng c\u1ee7a b\u1ea1n l\u00e0 m\u1ed9t v\u00ed d\u1ee5 \u0111\u1eb9p v\u1ec1 t\u00ecnh y\u00eau th\u01b0\u01a1ng v\u00e0 s\u1ef1 th\u1ea5u hi\u1ec3u m\u00e0 t\u1ea5t c\u1ea3 c\u00e1c b\u1ec7nh nh\u00e2n c\u1ea3m th\u1ea5y khi nh\u1eadn \u0111\u01b0\u1ee3c s\u1ef1 h\u1ed7 tr\u1ee3 t\u1eeb GTF.\u00a0<\/p>\n\t\t\t\t\t\t\t\t\t<h3>&#8211; Cristi K, Liver Recipient<\/h3>\n\t<!-- \/.pp-testimonials -->\n\t\t<h2>\n\t\t\tHelping to mitigate fuel costs\n\t\t<\/h2>\n\t\t\t<h3>Ng\u01b0\u1eddi nh\u1eadn c\u1ea5y gh\u00e9p ph\u1ea3i \u0111\u1ebfn b\u1ec7nh vi\u1ec7n \u0111\u1ec3 t\u00e1i kh\u00e1m th\u01b0\u1eddng xuy\u00ean v\u00e0 \u0111\u1ebfn ph\u00f2ng th\u00ed nghi\u1ec7m trong nh\u1eefng th\u00e1ng sau khi c\u1ea5y gh\u00e9p.<\/h3><p>Ch\u01b0\u01a1ng tr\u00ecnh H\u1ed7 tr\u1ee3 V\u1eadn chuy\u1ec3n c\u1ee7a T\u1ed5 ch\u1ee9c C\u1ea5y gh\u00e9p Georgia ch\u00ednh th\u1ee9c ra m\u1eaft v\u00e0o n\u0103m 2014 v\u1edbi m\u1ee5c ti\u00eau cung c\u1ea5p h\u1ed7 tr\u1ee3 t\u00e0i ch\u00ednh cho nh\u1eefng ng\u01b0\u1eddi Gruzia \u0111\u01b0\u1ee3c gh\u00e9p t\u1ea1ng g\u1ea7n \u0111\u00e2y nh\u1eb1m gi\u1ea3m thi\u1ec3u chi ph\u00ed nhi\u00ean li\u1ec7u li\u00ean quan \u0111\u1ebfn vi\u1ec7c ch\u0103m s\u00f3c theo d\u00f5i. . Ch\u01b0\u01a1ng tr\u00ecnh V\u1eadn chuy\u1ec3n kh\u00f4ng nh\u1eb1m m\u1ee5c \u0111\u00edch bao tr\u1ea3 t\u1ea5t c\u1ea3 c\u00e1c chi ph\u00ed nhi\u00ean li\u1ec7u ho\u1eb7c ph\u00ed \u0111\u1eadu xe, c\u0169ng kh\u00f4ng nh\u1eb1m gi\u1ea3i quy\u1ebft nh\u1eefng l\u1ea7n theo d\u00f5i d\u00e0i h\u1ea1n \u0111\u1ebfn trung t\u00e2m c\u1ea5y gh\u00e9p.<h3>Additional Details<\/h3>Assistance is based on financial need and must be approved in 30-day increments. It will be offered for a maximum of three (3) months following the date of transplant.The amount of the assistance offered will be based on the distance from the patient&#8217;s home to the transplant center. Frequency of required follow-up visits will be considered as well.<\/p>\t\t\n\t\t<h2>\n\t\t\tHow To Apply\n\t\t<\/h2>\n\t\t<h3>\n\t\t\tStep 1.\n\t\t\t\t\t\t\t\t\t\t\tConfirm Eligibility\n\t\t<\/h3>\n\t\t\t<ul><li>Must be a Georgia resident<\/li><li>Ng\u01b0\u1eddi nh\u1eadn c\u1ea5y gh\u00e9p<\/li><li>Show evidence of financial need (must be approved in 30-day increments)<\/li><\/ul>\t\t\n\t\t<h3>\n\t\t\tStep 2.\n\t\t\t\t\t\t\t\t\t\t\tDiscuss Your Needs\n\t\t<\/h3>\n\t\t\t<p>Talk with your transplant center social worker about your needs.<\/p>\t\t\n\t\t<h3>\n\t\t\tStep 3.\n\t\t\t\t\t\t\t\t\t\t\tApply &#038; Send Documents\n\t\t<\/h3>\n\t\t\t<ul><li>Submit completed application to your social worker or through the online application form<ul><li><strong><a href=\"#apply\">See Application Options for more details<\/a><\/strong><\/li><\/ul><\/li><li>Provide documents to support the requested assistance<\/li><\/ul>\t\t\n\t\t<h3>\n\t\t\tStep 4.\n\t\t\t\t\t\t\t\t\t\t\tReview\n\t\t<\/h3>\n\t\t\t<ul><li>Applications will be reviewed, once submitted and complete<\/li><li>Requesting social worker will be notified regarding the review decision<\/li><\/ul>\t\t\n\t\t<h3>\n\t\t\tStep 5.\n\t\t\t\t\t\t\t\t\t\t\tFunding Provided\n\t\t<\/h3>\n\t\t\t<p>S\u00e9c \u0111\u01b0\u1ee3c vi\u1ebft, tr\u1ea3 cho nh\u00e0 cung c\u1ea5p, v\u00e0 g\u1eedi \u0111\u1ebfn nh\u00e0 ng\u01b0\u1eddi nh\u1eadn c\u1ea5y gh\u00e9p.<\/p>\t\t\n\t\t<h3>\n\t\t\tHave Questions?\n\t\t<\/h3>\n\t\t\t<p>We&#8217;re happy to answer any questions you have about our Transportation Assistance Program.<\/p>\t\t\n\t\t\t<a href=\"tel:770-457-3796\" target=\"_self\" rel=\"noopener\">\n\t\t\t\t\t\tCall: 770-457-3796\t\t\t\t\t\n\t\t<\/a>\n\t\t\t<a href=\"mailto:GTF@gatransplant.org\" target=\"_self\" rel=\"noopener\">\n\t\t\t\t\t\tEmail: GTF@gatransplant.org\t\t\t\t\t\n\t\t<\/a>\n\t\t<h2>\n\t\t\tApplication Options\n\t\t<\/h2>\n\t\t<h3>\n\t\t\tOnline\n\t\t<\/h3>\n\t\t\t<p>Use our online form to submit your application. <em>L\u01b0u \u00fd: \u0110\u1ec3 truy c\u1eadp \u1ee9ng d\u1ee5ng tr\u1ef1c tuy\u1ebfn, b\u1ea1n s\u1ebd c\u1ea7n m\u1eadt kh\u1ea9u do nh\u00e2n vi\u00ean x\u00e3 h\u1ed9i c\u1ee7a trung t\u00e2m c\u1ea5y gh\u00e9p c\u1ee7a b\u1ea1n cung c\u1ea5p.<\/em><a href=\"https:\/\/gatransplant.blackbaudwp.com\/vi\/our-programs\/financial-assistance-programs\/transportation-assistance\/transportation-assistance-application\/\">\u00c1p d\u1ee5ng ngay b\u00e2y gi\u1edd<\/a><\/p>\t\t\n\t\t<h3>\n\t\t\tNh\u00e2n vi\u00ean x\u00e3 h\u1ed9i\n\t\t<\/h3>\n\t\t\t<p><a href=\"https:\/\/gatransplant.org\/wp-content\/uploads\/2020\/10\/FINANCIAL-ASSISTANCE.pdf\" target=\"_blank\" rel=\"noopener\">Download<\/a>, print and fill out\u00a0 your application. Once completed, submit it to your transplant center social worker with the necessary documentation.<\/p>","protected":false},"excerpt":{"rendered":"<p>Gi\u00fap \u0111\u1ee1 chi ph\u00ed \u0111i l\u1ea1i \u0111\u1ebfn v\u00e0 t\u1eeb trung t\u00e2m c\u1ea5y gh\u00e9p \u0111\u1ec3 ch\u0103m s\u00f3c theo d\u00f5i.<\/p>","protected":false},"author":43,"featured_media":7872,"parent":6840,"menu_order":27,"comment_status":"closed","ping_status":"closed","template":"","meta":{"_acf_changed":false,"_monsterinsights_skip_tracking":false,"_monsterinsights_sitenote_active":false,"_monsterinsights_sitenote_note":"","_monsterinsights_sitenote_category":0,"footnotes":""},"class_list":["post-6851","page","type-page","status-publish","has-post-thumbnail","hentry"],"acf":[],"aioseo_notices":[],"_links":{"self":[{"href":"https:\/\/gatransplant.blackbaudwp.com\/vi\/wp-json\/wp\/v2\/pages\/6851","targetHints":{"allow":["GET"]}}],"collection":[{"href":"https:\/\/gatransplant.blackbaudwp.com\/vi\/wp-json\/wp\/v2\/pages"}],"about":[{"href":"https:\/\/gatransplant.blackbaudwp.com\/vi\/wp-json\/wp\/v2\/types\/page"}],"author":[{"embeddable":true,"href":"https:\/\/gatransplant.blackbaudwp.com\/vi\/wp-json\/wp\/v2\/users\/43"}],"replies":[{"embeddable":true,"href":"https:\/\/gatransplant.blackbaudwp.com\/vi\/wp-json\/wp\/v2\/comments?post=6851"}],"version-history":[{"count":5,"href":"https:\/\/gatransplant.blackbaudwp.com\/vi\/wp-json\/wp\/v2\/pages\/6851\/revisions"}],"predecessor-version":[{"id":62379,"href":"https:\/\/gatransplant.blackbaudwp.com\/vi\/wp-json\/wp\/v2\/pages\/6851\/revisions\/62379"}],"up":[{"embeddable":true,"href":"https:\/\/gatransplant.blackbaudwp.com\/vi\/wp-json\/wp\/v2\/pages\/6840"}],"wp:featuredmedia":[{"embeddable":true,"href":"https:\/\/gatransplant.blackbaudwp.com\/vi\/wp-json\/wp\/v2\/media\/7872"}],"wp:attachment":[{"href":"https:\/\/gatransplant.blackbaudwp.com\/vi\/wp-json\/wp\/v2\/media?parent=6851"}],"curies":[{"name":"wp","href":"https:\/\/api.w.org\/{rel}","templated":true}]}}