{"id":6850,"date":"2020-06-22T17:38:03","date_gmt":"2020-06-22T21:38:03","guid":{"rendered":"https:\/\/gatransplant.org\/our-programs\/financial-assistance-programs\/medication-assistance\/"},"modified":"2025-08-13T10:04:18","modified_gmt":"2025-08-13T14:04:18","slug":"medication-assistance","status":"publish","type":"page","link":"https:\/\/gatransplant.blackbaudwp.com\/vi\/our-programs\/financial-assistance-programs\/medication-assistance\/","title":{"rendered":"H\u1ed7 tr\u1ee3 Thu\u1ed1c men"},"content":{"rendered":"<h1>\n\t\t\tH\u1ed7 tr\u1ee3 Thu\u1ed1c men\n\t\t<\/h1>\n\t\t\t<p>\u0110\u1ec3 b\u1ea3o v\u1ec7 c\u01a1 quan \u0111\u01b0\u1ee3c c\u1ea5y gh\u00e9p v\u00e0 t\u00ednh m\u1ea1ng c\u1ee7a b\u1ec7nh nh\u00e2n, T\u1ed5 ch\u1ee9c Gh\u00e9p t\u1ea1ng Georgia cung c\u1ea5p Ch\u01b0\u01a1ng tr\u00ecnh H\u1ed7 tr\u1ee3 Thu\u1ed1c t\u1ea1m th\u1eddi \u0111\u1ec3 gi\u00fap thanh to\u00e1n chi ph\u00ed thu\u1ed1c k\u00ea \u0111\u01a1n sau gh\u00e9p t\u1ea1ng.<a href=\"https:\/\/gatransplant.blackbaudwp.com\/vi\/our-programs\/financial-assistance-programs\/medication-assistance\/medication-assistance-application\/\">Apply now<\/a><\/p>\t\t\n\t\t\t<a href=\"#about\" target=\"_self\" rel=\"noopener\">\n\t\t\t\t\t\t\tAbout This Program\n\t\t\t<\/a>\n\t\t\t<a href=\"#howto\" target=\"_self\" rel=\"noopener\">\n\t\t\t\t\t\t\tHow To Apply\n\t\t\t<\/a>\n\t\t\t<a href=\"https:\/\/gatransplant.blackbaudwp.com\/vi\/our-programs\/financial-assistance-programs\/medication-assistance\/medication-assistance-application\/\" target=\"_self\" rel=\"noopener\">\n\t\t\t\t\t\t\t\u00c1p d\u1ee5ng ngay b\u00e2y gi\u1edd\n\t\t\t<\/a>\n\t\t\t\t\t\t\t\t\t\t<p>Khi chu\u1ea9n b\u1ecb tr\u1edf v\u1ec1 nh\u00e0 t\u1eeb b\u1ec7nh vi\u1ec7n sau khi gh\u00e9p th\u1eadn, t\u00f4i ph\u00e1t hi\u1ec7n ra r\u1eb1ng b\u1ea3o hi\u1ec3m c\u1ee7a t\u00f4i s\u1ebd kh\u00f4ng chi tr\u1ea3 cho m\u1ed9t lo\u1ea1i thu\u1ed1c c\u1ef1c k\u1ef3 \u0111\u1eaft ti\u1ec1n cho \u0111\u1ebfn khi ho\u00e0n t\u1ea5t m\u1ed9t s\u1ed1 th\u1ee7 t\u1ee5c gi\u1ea5y t\u1edd v\u00e0 th\u1ee7 t\u1ee5c h\u00e0nh ch\u00ednh. Gi\u1ed1ng nh\u01b0 m\u1ed9t hi\u1ec7p s\u0129 trong b\u1ed9 \u00e1o gi\u00e1p s\u00e1ng ch\u00f3i, Ch\u01b0\u01a1ng tr\u00ecnh H\u1ed7 tr\u1ee3 Thu\u1ed1c c\u1ee7a GTF \u0111\u00e3 x\u1eed l\u00fd chi ph\u00ed c\u1ee7a lo\u1ea1i thu\u1ed1c ch\u1ed1ng th\u1ea3i gh\u00e9p thi\u1ebft y\u1ebfu n\u00e0y cho \u0111\u1ebfn khi b\u1ea3o hi\u1ec3m c\u1ee7a t\u00f4i c\u00f3 s\u1eb5n \u0111\u1ec3 tr\u1ee3 gi\u00fap. T\u00f4i s\u1ebd m\u00e3i m\u00e3i bi\u1ebft \u01a1n GTF v\u00ec \u0111\u00e3 h\u1ed7 tr\u1ee3.<\/p>\n\t\t\t\t\t\t\t\t\t<h3>&#8211; Tony H, Kidney Transplant Recipient<\/h3>\n\t<!-- \/.pp-testimonials -->\n\t\t<h2>\n\t\t\tHelping patients with medication\n\t\t\t\t\t\t\t\t\t\t\tPrescription medications are an essential part of the post-transplant medical regimen.\n\t\t<\/h2>\n\t<p><strong>C\u00f3 nh\u1eefng t\u00ecnh hu\u1ed1ng kh\u1ea9n c\u1ea5p v\u00e0 chuy\u1ec3n ti\u1ebfp trong \u0111\u00f3 b\u1ec7nh nh\u00e2n c\u1ea5y gh\u00e9p th\u1ea5y m\u00ecnh kh\u00f4ng c\u00f3 b\u1ea3o hi\u1ec3m cho thu\u1ed1c men v\u00e0 kh\u00f4ng th\u1ec3 t\u1ef1 trang tr\u1ea3i chi ph\u00ed t\u1eeb t\u00e0i ch\u00ednh c\u1ee7a m\u00ecnh.<\/strong><\/p>\n<p>\u0110\u1ec3 b\u1ea3o v\u1ec7 c\u01a1 quan \u0111\u01b0\u1ee3c c\u1ea5y gh\u00e9p v\u00e0 t\u00ednh m\u1ea1ng c\u1ee7a b\u1ec7nh nh\u00e2n, T\u1ed5 ch\u1ee9c Gh\u00e9p t\u1ea1ng Georgia \u0111\u01b0a ra Ch\u01b0\u01a1ng tr\u00ecnh H\u1ed7 tr\u1ee3 Thu\u1ed1c t\u1ea1m th\u1eddi. S\u1ed1 ti\u1ec1n h\u1ed7 tr\u1ee3 \u0111\u01b0\u1ee3c gi\u1edbi h\u1ea1n t\u00f9y theo ho\u00e0n c\u1ea3nh v\u00e0 th\u1eddi gian c\u1ea7n thi\u1ebft \u0111\u1ec3 th\u1ef1c hi\u1ec7n m\u1ed9t k\u1ebf ho\u1ea1ch l\u00e2u d\u00e0i v\u1ec1 chi ph\u00ed thu\u1ed1c men.<\/p>\n\t<p><strong>Additional Details:<\/strong><\/p>\n<ul>\n<li>(C\u00e1c) \u0111\u01a1n thu\u1ed1c ph\u1ea3i k\u00e8m theo \u0111\u01a1n xin t\u00e0i ch\u00ednh.<\/li>\n<li>Thu\u1ed1c kh\u00f4ng k\u00ea \u0111\u01a1n kh\u00f4ng \u0111\u01b0\u1ee3c b\u1ea3o hi\u1ec3m.<\/li>\n<li>C\u00e1c \u1ee9ng vi\u00ean ph\u1ea3i l\u00e0m vi\u1ec7c v\u1edbi nh\u00e2n vi\u00ean x\u00e3 h\u1ed9i c\u1ee7a trung t\u00e2m c\u1ea5y gh\u00e9p c\u1ee7a h\u1ecd \u0111\u1ec3 bi\u1ebft th\u00f4ng tin v\u1ec1 c\u00e1c ngu\u1ed3n s\u1eb5n c\u00f3 kh\u00e1c c\u00f3 th\u1ec3 gi\u00fap b\u00f9 \u0111\u1eafp chi ph\u00ed v\u00e0 ph\u00e1t tri\u1ec3n m\u1ed9t k\u1ebf ho\u1ea1ch l\u00e2u d\u00e0i \u0111\u1ec3 nh\u1eadn (c\u00e1c) thu\u1ed1c.<\/li>\n<\/ul>\n\t\t<h2>\n\t\t\tHow To Apply\n\t\t<\/h2>\n\t\t<h3>\n\t\t\tStep 1.\n\t\t\t\t\t\t\t\t\t\t\tConfirm Eligibility\n\t\t<\/h3>\n\t\t\t<ul><li>Georgia resident<\/li><li>Solid organ transplant recipient<\/li><li>Proof of financial need<\/li><li>Evidence of working on a permanent solution to address the need<\/li><li>Show a transplant-related need<\/li><\/ul>\t\t\n\t\t<h3>\n\t\t\tStep 2.\n\t\t\t\t\t\t\t\t\t\t\tDiscuss Your Needs\n\t\t<\/h3>\n\t\t\t<p>Talk with your transplant center social worker about your needs.<\/p>\t\t\n\t\t<h3>\n\t\t\tStep 3.\n\t\t\t\t\t\t\t\t\t\t\tApply &#038; Send Documents\n\t\t<\/h3>\n\t\t\t<ul><li>Submit completed application to your social worker or through the online application form<ul><li><strong><a href=\"#apply\">See Application Options for more details<\/a><\/strong><\/li><\/ul><\/li><li>Provide documents to support the requested assistance<\/li><\/ul>\t\t\n\t\t<h3>\n\t\t\tStep 4.\n\t\t\t\t\t\t\t\t\t\t\tReview\n\t\t<\/h3>\n\t\t\t<ul><li>Applications will be reviewed, once submitted and complete<\/li><li>Requesting social worker will be notified regarding the review decision<\/li><\/ul>\t\t\n\t\t<h3>\n\t\t\tStep 5.\n\t\t\t\t\t\t\t\t\t\t\tFunding Provided\n\t\t<\/h3>\n\t\t\t<p>S\u00e9c \u0111\u01b0\u1ee3c vi\u1ebft, tr\u1ea3 cho nh\u00e0 cung c\u1ea5p, v\u00e0 g\u1eedi \u0111\u1ebfn nh\u00e0 ng\u01b0\u1eddi nh\u1eadn c\u1ea5y gh\u00e9p.<\/p>\t\t\n\t\t<h3>\n\t\t\tHave Questions?\n\t\t<\/h3>\n\t\t\t<p>We&#8217;re happy to answer any questions you have about our Medication Assistance Program.<\/p>\t\t\n\t\t\t<a href=\"tel:770-457-3796\" target=\"_self\" rel=\"noopener\">\n\t\t\t\t\t\tCall: 770-457-3796\t\t\t\t\t\n\t\t<\/a>\n\t\t\t<a href=\"mailto:GTF@gatransplant.org\" target=\"_self\" rel=\"noopener\">\n\t\t\t\t\t\tEmail: GTF@gatransplant.org\t\t\t\t\t\n\t\t<\/a>\n\t\t<h2>\n\t\t\tApplication Options\n\t\t<\/h2>\n\t\t<h3>\n\t\t\tOnline\n\t\t<\/h3>\n\t\t\t<p>Use our online form to submit your application. <em>L\u01b0u \u00fd: \u0110\u1ec3 truy c\u1eadp \u1ee9ng d\u1ee5ng tr\u1ef1c tuy\u1ebfn, b\u1ea1n s\u1ebd c\u1ea7n m\u1eadt kh\u1ea9u do nh\u00e2n vi\u00ean x\u00e3 h\u1ed9i c\u1ee7a trung t\u00e2m c\u1ea5y gh\u00e9p c\u1ee7a b\u1ea1n cung c\u1ea5p.<\/em><a href=\"https:\/\/gatransplant.blackbaudwp.com\/vi\/our-programs\/financial-assistance-programs\/medication-assistance\/medication-assistance-application\/\">\u00c1p d\u1ee5ng ngay b\u00e2y gi\u1edd<\/a><\/p>\t\t\n\t\t<h3>\n\t\t\tNh\u00e2n vi\u00ean x\u00e3 h\u1ed9i\n\t\t<\/h3>\n\t\t\t<p><a href=\"https:\/\/gatransplant.org\/wp-content\/uploads\/2020\/10\/FINANCIAL-ASSISTANCE.pdf\" target=\"_blank\" rel=\"noopener\">Download<\/a>, print and fill out\u00a0 your application. Once completed, submit it to your transplant center social worker with the necessary documentation.<\/p>","protected":false},"excerpt":{"rendered":"<p>Gi\u00fap ng\u01b0\u1eddi nh\u1eadn c\u00f3 thu\u1ed1c b\u1eb1ng c\u00e1ch cung c\u1ea5p h\u1ed7 tr\u1ee3 t\u00e0i ch\u00ednh tr\u00ean c\u01a1 s\u1edf gi\u1edbi h\u1ea1n \u0111\u1ec3 c\u00f3 th\u1eddi gian th\u1ef1c hi\u1ec7n k\u1ebf ho\u1ea1ch l\u00e2u d\u00e0i cho vi\u1ec7c mua thu\u1ed1c.<\/p>","protected":false},"author":43,"featured_media":7887,"parent":6840,"menu_order":26,"comment_status":"closed","ping_status":"closed","template":"","meta":{"_acf_changed":false,"_monsterinsights_skip_tracking":false,"_monsterinsights_sitenote_active":false,"_monsterinsights_sitenote_note":"","_monsterinsights_sitenote_category":0,"footnotes":""},"class_list":["post-6850","page","type-page","status-publish","has-post-thumbnail","hentry"],"acf":[],"aioseo_notices":[],"_links":{"self":[{"href":"https:\/\/gatransplant.blackbaudwp.com\/vi\/wp-json\/wp\/v2\/pages\/6850","targetHints":{"allow":["GET"]}}],"collection":[{"href":"https:\/\/gatransplant.blackbaudwp.com\/vi\/wp-json\/wp\/v2\/pages"}],"about":[{"href":"https:\/\/gatransplant.blackbaudwp.com\/vi\/wp-json\/wp\/v2\/types\/page"}],"author":[{"embeddable":true,"href":"https:\/\/gatransplant.blackbaudwp.com\/vi\/wp-json\/wp\/v2\/users\/43"}],"replies":[{"embeddable":true,"href":"https:\/\/gatransplant.blackbaudwp.com\/vi\/wp-json\/wp\/v2\/comments?post=6850"}],"version-history":[{"count":5,"href":"https:\/\/gatransplant.blackbaudwp.com\/vi\/wp-json\/wp\/v2\/pages\/6850\/revisions"}],"predecessor-version":[{"id":62373,"href":"https:\/\/gatransplant.blackbaudwp.com\/vi\/wp-json\/wp\/v2\/pages\/6850\/revisions\/62373"}],"up":[{"embeddable":true,"href":"https:\/\/gatransplant.blackbaudwp.com\/vi\/wp-json\/wp\/v2\/pages\/6840"}],"wp:featuredmedia":[{"embeddable":true,"href":"https:\/\/gatransplant.blackbaudwp.com\/vi\/wp-json\/wp\/v2\/media\/7887"}],"wp:attachment":[{"href":"https:\/\/gatransplant.blackbaudwp.com\/vi\/wp-json\/wp\/v2\/media?parent=6850"}],"curies":[{"name":"wp","href":"https:\/\/api.w.org\/{rel}","templated":true}]}}