{"id":6849,"date":"2020-06-22T17:38:03","date_gmt":"2020-06-22T21:38:03","guid":{"rendered":"https:\/\/gatransplant.org\/our-programs\/financial-assistance-programs\/living-donor-assistance\/"},"modified":"2025-08-13T09:55:54","modified_gmt":"2025-08-13T13:55:54","slug":"living-donor-assistance","status":"publish","type":"page","link":"https:\/\/gatransplant.blackbaudwp.com\/vi\/our-programs\/financial-assistance-programs\/living-donor-assistance\/","title":{"rendered":"H\u1ed7 tr\u1ee3 Nh\u00e0 t\u00e0i tr\u1ee3 S\u1ed1ng"},"content":{"rendered":"<h1>\n\t\t\tH\u1ed7 tr\u1ee3 Nh\u00e0 t\u00e0i tr\u1ee3 S\u1ed1ng\n\t\t<\/h1>\n\t\t\t<p>Ch\u01b0\u01a1ng tr\u00ecnh H\u1ed7 tr\u1ee3 Ng\u01b0\u1eddi hi\u1ebfn t\u1eb7ng c\u00f2n s\u1ed1ng cung c\u1ea5p h\u1ed7 tr\u1ee3 t\u00e0i ch\u00ednh cho nh\u1eefng ng\u01b0\u1eddi hi\u1ebfn t\u1eb7ng th\u1eadn v\u00e0 gan c\u00f2n s\u1ed1ng t\u00f9y theo t\u00ecnh h\u00ecnh t\u00e0i ch\u00ednh c\u1ee7a h\u1ecd v\u00e0 nh\u1eefng kh\u00f3 kh\u0103n do k\u1ebft qu\u1ea3 c\u1ee7a vi\u1ec7c hi\u1ebfn t\u1eb7ng n\u1ed9i t\u1ea1ng c\u1ee7a h\u1ecd.<a href=\"https:\/\/gatransplant.blackbaudwp.com\/vi\/our-programs\/financial-assistance-programs\/living-donor-assistance\/living-donor-assistance-application\/\">Apply now<\/a><\/p>\t\t\n\t\t\t<a href=\"#about\" target=\"_self\" rel=\"noopener\">\n\t\t\t\t\t\t\tAbout This Program\n\t\t\t<\/a>\n\t\t\t<a href=\"#howto\" target=\"_self\" rel=\"noopener\">\n\t\t\t\t\t\t\tHow To Apply\n\t\t\t<\/a>\n\t\t\t<a href=\"https:\/\/gatransplant.blackbaudwp.com\/vi\/our-programs\/financial-assistance-programs\/living-donor-assistance\/living-donor-assistance-application\/\" target=\"_self\" rel=\"noopener\">\n\t\t\t\t\t\t\t\u00c1p d\u1ee5ng ngay b\u00e2y gi\u1edd\n\t\t\t<\/a>\n\t\t\t\t\t\t\t\t\t\t<p>T\u00f4i r\u1ea5t bi\u1ebft \u01a1n s\u1ef1 gi\u00fap \u0111\u1ee1 c\u1ee7a b\u1ea1n. N\u1ebfu kh\u00f4ng c\u00f3 h\u1ed7 tr\u1ee3 t\u00e0i ch\u00ednh t\u1eeb Qu\u1ef9 Gh\u00e9p t\u1ea1ng Georgia, t\u00f4i \u0111\u00e3 kh\u00f4ng th\u1ec3 hi\u1ebfn th\u1eadn c\u1ee7a m\u00ecnh. B\u00e2y gi\u1edd ng\u01b0\u1eddi nh\u1eadn c\u1ee7a t\u00f4i v\u00e0 t\u00f4i \u0111ang l\u00e0m r\u1ea5t t\u1ed1t.<\/p>\n\t\t\t\t\t\t\t\t\t<h3>&#8211; Kristin D, Kidney Living Donor<\/h3>\n\t<!-- \/.pp-testimonials -->\n\t\t<h2>\n\t\t\tAltruism for living donation\n\t\t<\/h2>\n\t<p>M\u1ed9t s\u1ed1 nh\u00e0 t\u00e0i tr\u1ee3 \u0111ang s\u1ed1ng ph\u1ea3i \u0111\u1ed1i m\u1eb7t v\u1edbi c\u00e1c t\u00ecnh hu\u1ed1ng kh\u00f3 kh\u0103n v\u1ec1 t\u00e0i ch\u00ednh li\u00ean quan \u0111\u1ebfn vi\u1ec7c m\u1ea5t ti\u1ec1n l\u01b0\u01a1ng trong th\u1eddi gian v\u1eafng m\u1eb7t \u0111\u1ec3 ph\u1eabu thu\u1eadt cho ng\u01b0\u1eddi hi\u1ebfn t\u1eb7ng, chi ph\u00ed \u0111i l\u1ea1i, h\u1ed7 tr\u1ee3 ch\u0103m s\u00f3c tr\u1ebb em v\u00e0 c\u00e1c chi ph\u00ed li\u00ean quan kh\u00e1c.<\/p>\n<p><strong>M\u1ee5c ti\u00eau c\u1ee7a Ch\u01b0\u01a1ng tr\u00ecnh H\u1ed7 tr\u1ee3 Ng\u01b0\u1eddi hi\u1ebfn t\u1eb7ng c\u00f2n s\u1ed1ng l\u00e0 cung c\u1ea5p h\u1ed7 tr\u1ee3 t\u00e0i ch\u00ednh cho nh\u1eefng ng\u01b0\u1eddi hi\u1ebfn t\u1eb7ng th\u1eadn ho\u1eb7c gan c\u00f2n s\u1ed1ng t\u00f9y theo t\u00ecnh h\u00ecnh t\u00e0i ch\u00ednh c\u1ee7a h\u1ecd v\u00e0 nh\u1eefng kh\u00f3 kh\u0103n do h\u1ecd g\u00e2y ra.<\/strong><\/p>\n\t<ul>\n<li>Ng\u01b0\u1eddi hi\u1ebfn t\u1eb7ng c\u00f2n s\u1ed1ng ho\u1eb7c ng\u01b0\u1eddi nh\u1eadn c\u1ea5y gh\u00e9p ph\u1ea3i l\u00e0 c\u01b0 d\u00e2n c\u1ee7a Georgia.<\/li>\n<li>H\u1ed7 tr\u1ee3 c\u00f3 s\u1eb5n cho c\u00e1c chi ph\u00ed kh\u00f3 kh\u0103n do quy\u00ean g\u00f3p tr\u1ef1c ti\u1ebfp t\u1ea1o ra.<\/li>\n<li>C\u00e1c \u1ee9ng d\u1ee5ng ph\u1ea3i \u0111\u01b0\u1ee3c n\u1ed9p tr\u01b0\u1edbc khi \u0111i\u1ec1u tr\u1ecb.<\/li>\n<li>Ng\u01b0\u1eddi hi\u1ebfn t\u1eb7ng c\u00f2n s\u1ed1ng d\u1ef1 ki\u1ebfn s\u1ebd s\u1eed d\u1ee5ng t\u1ea5t c\u1ea3 nh\u1eefng ng\u00e0y \u1ed1m \u0111au c\u00f3 s\u1eb5n, nh\u01b0ng c\u00f3 th\u1ec3 gi\u1eef l\u1ea1i th\u1eddi gian ngh\u1ec9 ph\u00e9p l\u00ean \u0111\u1ebfn hai tu\u1ea7n.<\/li>\n<li>C\u00e1c \u0111\u01a1n xin t\u00e0i tr\u1ee3 s\u1ed1ng \u0111\u01b0\u1ee3c mong \u0111\u1ee3i \u0111\u1ec3 \u0111\u01b0a ra b\u1eb1ng ch\u1ee9ng v\u1ec1 s\u1ef1 h\u1ed7 tr\u1ee3 c\u1ee7a b\u1ec7nh nh\u00e2n \/ gia \u0111\u00ecnh v\u00e0 l\u1eadp k\u1ebf ho\u1ea1ch t\u00e0i ch\u00ednh cho th\u1eddi gian ph\u1eabu thu\u1eadt v\u00e0 ph\u1ee5c h\u1ed3i.<\/li>\n<\/ul>\n\t\t<h2>\n\t\t\tHow To Apply\n\t\t<\/h2>\n\t\t<h3>\n\t\t\tStep 1.\n\t\t\t\t\t\t\t\t\t\t\tConfirm Eligibility\n\t\t<\/h3>\n\t\t\t<ul><li>Georgia resident (at least one person from the donation chain must be a resident of the state)<\/li><li>Solid organ transplant<\/li><li>Proof of financial need<\/li><li>Evidence of working on a permanent solution to address the need<\/li><li>Show a transplant-related need<\/li><\/ul>\t\t\n\t\t<h3>\n\t\t\tStep 2.\n\t\t\t\t\t\t\t\t\t\t\tDiscuss Your Needs\n\t\t<\/h3>\n\t\t\t<p>Talk with your transplant center social worker about your needs.<\/p>\t\t\n\t\t<h3>\n\t\t\tStep 3.\n\t\t\t\t\t\t\t\t\t\t\tApply &#038; Send Documents\n\t\t<\/h3>\n\t\t\t<ul><li>Submit completed application to your social worker or through the online application form<ul><li><strong><a href=\"#apply\">See Application Options for more details<\/a><\/strong><\/li><\/ul><\/li><li>Provide documents to support the requested assistance<\/li><\/ul>\t\t\n\t\t<h3>\n\t\t\tStep 4.\n\t\t\t\t\t\t\t\t\t\t\tReview\n\t\t<\/h3>\n\t\t\t<ul><li>Applications will be reviewed, once submitted and complete<\/li><li>Requesting social worker will be notified regarding the review decision<\/li><\/ul>\t\t\n\t\t<h3>\n\t\t\tStep 5.\n\t\t\t\t\t\t\t\t\t\t\tFunding Provided\n\t\t<\/h3>\n\t\t\t<p>S\u00e9c \u0111\u01b0\u1ee3c vi\u1ebft, tr\u1ea3 cho nh\u00e0 cung c\u1ea5p, v\u00e0 g\u1eedi \u0111\u1ebfn nh\u00e0 ng\u01b0\u1eddi nh\u1eadn c\u1ea5y gh\u00e9p.<\/p>\t\t\n\t\t<h3>\n\t\t\tHave Questions?\n\t\t<\/h3>\n\t\t\t<p>We&#8217;re happy to answer any questions you have about our Living Donor Assistance Program.<\/p>\t\t\n\t\t\t<a href=\"tel:770-457-3796\" target=\"_self\" rel=\"noopener\">\n\t\t\t\t\t\tCall: 770-457-3796\t\t\t\t\t\n\t\t<\/a>\n\t\t\t<a href=\"mailto:GTF@gatransplant.org\" target=\"_self\" rel=\"noopener\">\n\t\t\t\t\t\tEmail: GTF@gatransplant.org\t\t\t\t\t\n\t\t<\/a>\n\t\t<h2>\n\t\t\tApplication Options\n\t\t<\/h2>\n\t\t<h3>\n\t\t\tOnline\n\t\t<\/h3>\n\t\t\t<p>Use our online form to submit your application. <em>L\u01b0u \u00fd: \u0110\u1ec3 truy c\u1eadp \u1ee9ng d\u1ee5ng tr\u1ef1c tuy\u1ebfn, b\u1ea1n s\u1ebd c\u1ea7n m\u1eadt kh\u1ea9u do nh\u00e2n vi\u00ean x\u00e3 h\u1ed9i c\u1ee7a trung t\u00e2m c\u1ea5y gh\u00e9p c\u1ee7a b\u1ea1n cung c\u1ea5p.<\/em><a href=\"https:\/\/gatransplant.blackbaudwp.com\/vi\/our-programs\/financial-assistance-programs\/living-donor-assistance\/living-donor-assistance-application\/\">\u00c1p d\u1ee5ng ngay b\u00e2y gi\u1edd<\/a><\/p>\t\t\n\t\t<h3>\n\t\t\tNh\u00e2n vi\u00ean x\u00e3 h\u1ed9i\n\t\t<\/h3>\n\t\t\t<p><a href=\"https:\/\/gatransplant.org\/wp-content\/uploads\/2020\/10\/LD-Application.pdf\" target=\"_blank\" rel=\"noopener\">Download<\/a>, print and fill out\u00a0 your application. Once completed, submit it to your transplant center social worker with the necessary documentation.<\/p>","protected":false},"excerpt":{"rendered":"<p>Cung c\u1ea5p h\u1ed7 tr\u1ee3 d\u1ef1a tr\u00ean nhu c\u1ea7u cho nh\u1eefng ng\u01b0\u1eddi hi\u1ebfn t\u1eb7ng c\u00f2n s\u1ed1ng \u0111\u1ed1i v\u1edbi nh\u1eefng kh\u00f3 kh\u0103n v\u1ec1 t\u00e0i ch\u00ednh do ho\u1ea1t \u0111\u1ed9ng hi\u1ebfn t\u1ea1ng c\u1ee7a h\u1ecd.<\/p>","protected":false},"author":43,"featured_media":7884,"parent":6840,"menu_order":25,"comment_status":"closed","ping_status":"closed","template":"","meta":{"_acf_changed":false,"_monsterinsights_skip_tracking":false,"_monsterinsights_sitenote_active":false,"_monsterinsights_sitenote_note":"","_monsterinsights_sitenote_category":0,"footnotes":""},"class_list":["post-6849","page","type-page","status-publish","has-post-thumbnail","hentry"],"acf":[],"aioseo_notices":[],"_links":{"self":[{"href":"https:\/\/gatransplant.blackbaudwp.com\/vi\/wp-json\/wp\/v2\/pages\/6849","targetHints":{"allow":["GET"]}}],"collection":[{"href":"https:\/\/gatransplant.blackbaudwp.com\/vi\/wp-json\/wp\/v2\/pages"}],"about":[{"href":"https:\/\/gatransplant.blackbaudwp.com\/vi\/wp-json\/wp\/v2\/types\/page"}],"author":[{"embeddable":true,"href":"https:\/\/gatransplant.blackbaudwp.com\/vi\/wp-json\/wp\/v2\/users\/43"}],"replies":[{"embeddable":true,"href":"https:\/\/gatransplant.blackbaudwp.com\/vi\/wp-json\/wp\/v2\/comments?post=6849"}],"version-history":[{"count":5,"href":"https:\/\/gatransplant.blackbaudwp.com\/vi\/wp-json\/wp\/v2\/pages\/6849\/revisions"}],"predecessor-version":[{"id":62371,"href":"https:\/\/gatransplant.blackbaudwp.com\/vi\/wp-json\/wp\/v2\/pages\/6849\/revisions\/62371"}],"up":[{"embeddable":true,"href":"https:\/\/gatransplant.blackbaudwp.com\/vi\/wp-json\/wp\/v2\/pages\/6840"}],"wp:featuredmedia":[{"embeddable":true,"href":"https:\/\/gatransplant.blackbaudwp.com\/vi\/wp-json\/wp\/v2\/media\/7884"}],"wp:attachment":[{"href":"https:\/\/gatransplant.blackbaudwp.com\/vi\/wp-json\/wp\/v2\/media?parent=6849"}],"curies":[{"name":"wp","href":"https:\/\/api.w.org\/{rel}","templated":true}]}}