{"id":6848,"date":"2020-06-22T17:38:02","date_gmt":"2020-06-22T21:38:02","guid":{"rendered":"https:\/\/gatransplant.org\/our-programs\/financial-assistance-programs\/insurance-assistance\/"},"modified":"2025-08-13T09:56:18","modified_gmt":"2025-08-13T13:56:18","slug":"insurance-assistance","status":"publish","type":"page","link":"https:\/\/gatransplant.blackbaudwp.com\/vi\/our-programs\/financial-assistance-programs\/insurance-assistance\/","title":{"rendered":"H\u1ed7 tr\u1ee3 b\u1ea3o hi\u1ec3m"},"content":{"rendered":"<h1>\n\t\t\tH\u1ed7 tr\u1ee3 b\u1ea3o hi\u1ec3m\n\t\t<\/h1>\n\t\t\t<p>M\u1ee5c ti\u00eau c\u1ee7a Ch\u01b0\u01a1ng tr\u00ecnh H\u1ed7 tr\u1ee3 B\u1ea3o hi\u1ec3m l\u00e0 cung c\u1ea5p h\u1ed7 tr\u1ee3 t\u00e0i ch\u00ednh cho c\u00e1c b\u1ec7nh nh\u00e2n tr\u01b0\u1edbc v\u00e0 sau gh\u00e9p t\u1ea1ng kh\u00f4ng thu\u1ed9c Medicare v\u1ec1 chi ph\u00ed b\u1ea3o hi\u1ec3m c\u1ee7a h\u1ecd nh\u1eb1m ti\u1ebfp t\u1ee5c b\u1ea3o hi\u1ec3m y t\u1ebf.<a href=\"https:\/\/gatransplant.blackbaudwp.com\/vi\/our-programs\/financial-assistance-programs\/insurance-assistance\/insurance-assistance-application\/\">Apply now<\/a><\/p>\t\t\n\t\t\t<a href=\"#about\" target=\"_self\" rel=\"noopener\">\n\t\t\t\t\t\t\tAbout This Program\n\t\t\t<\/a>\n\t\t\t<a href=\"#howto\" target=\"_self\" rel=\"noopener\">\n\t\t\t\t\t\t\tHow To Apply\n\t\t\t<\/a>\n\t\t\t<a href=\"https:\/\/gatransplant.blackbaudwp.com\/vi\/our-programs\/financial-assistance-programs\/insurance-assistance\/insurance-assistance-application\/\" target=\"_self\" rel=\"noopener\">\n\t\t\t\t\t\t\t\u00c1p d\u1ee5ng ngay b\u00e2y gi\u1edd\n\t\t\t<\/a>\n\t\t\t\t\t\t\t\t\t\t<p>T\u00f4i mu\u1ed1n b\u00e0y t\u1ecf s\u1ef1 c\u1ea3m k\u00edch tr\u01b0\u1edbc s\u1ef1 gi\u00fap \u0111\u1ee1 v\u00e0 h\u1ed7 tr\u1ee3 c\u1ee7a b\u1ea1n. T\u00f4i m\u1ea5t vi\u1ec7c l\u00e0m, b\u1ea3o hi\u1ec3m v\u00e0 s\u1ee9c kh\u1ecfe c\u1ee7a m\u00ecnh c\u00f9ng m\u1ed9t l\u00fac. S\u1ef1 h\u00e0o ph\u00f3ng c\u1ee7a b\u1ea1n l\u00e0 m\u1ed9t v\u00ed d\u1ee5 \u0111\u1eb9p v\u1ec1 t\u00ecnh y\u00eau th\u01b0\u01a1ng v\u00e0 s\u1ef1 th\u1ea5u hi\u1ec3u m\u00e0 t\u1ea5t c\u1ea3 c\u00e1c b\u1ec7nh nh\u00e2n c\u1ea3m th\u1ea5y khi nh\u1eadn \u0111\u01b0\u1ee3c s\u1ef1 h\u1ed7 tr\u1ee3 t\u1eeb GTF.\u00a0<\/p>\n\t\t\t\t\t\t\t\t\t<h3>&#8211; Cristi K, Liver Transplant Recipient<\/h3>\n\t<!-- \/.pp-testimonials -->\n\t\t<h2>\n\t\t\tProviding financial assistance\n\t\t<\/h2>\n\t\t\t<h2>Vi\u1ec7c ch\u1ea9n \u0111o\u00e1n m\u1ed9t c\u0103n b\u1ec7nh c\u1ea5p t\u00ednh \u0111e d\u1ecda t\u00ednh m\u1ea1ng c\u1ea7n c\u1ea5y gh\u00e9p l\u00e0 m\u1ed9t s\u1ef1 ki\u1ec7n kh\u00f4ng mong mu\u1ed1n \u0111\u1ed1i v\u1edbi nhi\u1ec1u ng\u01b0\u1eddi.<\/h2><p>As the medical crisis unfolds there are many demands on a family&#8217;s budget, creating an enormous hardship for families who live to the full capacity of their income. The patient, usually unable to work, must now pay out-of-pocket for health insurance coverage.COBRA health insurance coverage is costly and non-renal transplant patient candidates will not be eligible for Medicare coverage for up to 29 months. Maintaining health care coverage in the face of transplantation is of utmost importance but often times becomes an unaffordable expense. Loss of coverage due to lack of funds has a lasting impact on a patient&#8217;s access to health care.<strong>M\u1ee5c ti\u00eau c\u1ee7a Ch\u01b0\u01a1ng tr\u00ecnh H\u1ed7 tr\u1ee3 B\u1ea3o hi\u1ec3m l\u00e0 cung c\u1ea5p h\u1ed7 tr\u1ee3 t\u00e0i ch\u00ednh cho b\u1ec7nh nh\u00e2n tr\u01b0\u1edbc v\u00e0 sau gh\u00e9p t\u1ea1ng kh\u00f4ng thu\u1ed9c Medicare \u0111\u1ec3 chi tr\u1ea3 ph\u00ed b\u1ea3o hi\u1ec3m c\u1ee7a h\u1ecd \u0111\u1ec3 duy tr\u00ec ti\u1ebfp t\u1ee5c b\u1ea3o hi\u1ec3m y t\u1ebf.<\/strong><\/p>\t\t\n\t\t<h2>\n\t\t\tHow To Apply\n\t\t<\/h2>\n\t\t<h3>\n\t\t\tStep 1.\n\t\t\t\t\t\t\t\t\t\t\tConfirm Eligibility\n\t\t<\/h3>\n\t\t\t<ul><li>Be a Georgia resident<\/li><li>UNOS \u0111\u01b0\u1ee3c li\u1ec7t k\u00ea.<\/li><li>Show evidence of financial need<\/li><li>Candidates or recipient not currently receiving Medicare, Medicaid, or having eligibility for other state assistance programs<\/li><\/ul>\t\t\n\t\t<h3>\n\t\t\tStep 2.\n\t\t\t\t\t\t\t\t\t\t\tDiscuss Your Needs\n\t\t<\/h3>\n\t\t\t<p>Talk with your transplant center social worker about your needs.<\/p>\t\t\n\t\t<h3>\n\t\t\tStep 3.\n\t\t\t\t\t\t\t\t\t\t\tApply &#038; Send Documents\n\t\t<\/h3>\n\t\t\t<ul><li>Submit completed application to your social worker or through the online application form<ul><li><strong><a href=\"#apply\">See Application Options for more details<\/a><\/strong><\/li><\/ul><\/li><li>Provide documents to support the requested assistance<\/li><\/ul>\t\t\n\t\t<h3>\n\t\t\tStep 4.\n\t\t\t\t\t\t\t\t\t\t\tReview\n\t\t<\/h3>\n\t\t\t<ul><li>Applications will be reviewed, once submitted and complete<\/li><li>Requesting social worker will be notified regarding the review decision<\/li><\/ul>\t\t\n\t\t<h3>\n\t\t\tStep 5.\n\t\t\t\t\t\t\t\t\t\t\tFunding Provided\n\t\t<\/h3>\n\t\t\t<p>S\u00e9c \u0111\u01b0\u1ee3c vi\u1ebft, tr\u1ea3 cho nh\u00e0 cung c\u1ea5p, v\u00e0 g\u1eedi \u0111\u1ebfn nh\u00e0 ng\u01b0\u1eddi nh\u1eadn c\u1ea5y gh\u00e9p.<\/p>\t\t\n\t\t<h3>\n\t\t\tHave Questions?\n\t\t<\/h3>\n\t\t\t<p>We&#8217;re happy to answer any questions you have about our Insurance Assistance Program.<\/p>\t\t\n\t\t\t<a href=\"tel:770-457-3796\" target=\"_self\" rel=\"noopener\">\n\t\t\t\t\t\tCall: 770-457-3796\t\t\t\t\t\n\t\t<\/a>\n\t\t\t<a href=\"mailto:GTF@gatransplant.org\" target=\"_self\" rel=\"noopener\">\n\t\t\t\t\t\tEmail: GTF@gatransplant.org\t\t\t\t\t\n\t\t<\/a>\n\t\t<h2>\n\t\t\tApplication Options\n\t\t<\/h2>\n\t\t<h3>\n\t\t\tOnline\n\t\t<\/h3>\n\t\t\t<p>Use our online form to submit your application. <em>L\u01b0u \u00fd: \u0110\u1ec3 truy c\u1eadp \u1ee9ng d\u1ee5ng tr\u1ef1c tuy\u1ebfn, b\u1ea1n s\u1ebd c\u1ea7n m\u1eadt kh\u1ea9u do nh\u00e2n vi\u00ean x\u00e3 h\u1ed9i c\u1ee7a trung t\u00e2m c\u1ea5y gh\u00e9p c\u1ee7a b\u1ea1n cung c\u1ea5p.<\/em><a href=\"https:\/\/gatransplant.blackbaudwp.com\/vi\/our-programs\/financial-assistance-programs\/insurance-assistance\/insurance-assistance-application\/\">\u00c1p d\u1ee5ng ngay b\u00e2y gi\u1edd<\/a><\/p>\t\t\n\t\t<h3>\n\t\t\tNh\u00e2n vi\u00ean x\u00e3 h\u1ed9i\n\t\t<\/h3>\n\t\t\t<p><a href=\"https:\/\/gatransplant.org\/wp-content\/uploads\/2020\/10\/FINANCIAL-ASSISTANCE.pdf\" target=\"_blank\" rel=\"noopener\">Download<\/a>, print and fill out\u00a0 your application. Once completed, submit it to your transplant center social worker with the necessary documentation.<\/p>","protected":false},"excerpt":{"rendered":"<p>Cung c\u1ea5p h\u1ed7 tr\u1ee3 t\u00e0i ch\u00ednh cho chi ph\u00ed \u0111\u00f3ng b\u1ea3o hi\u1ec3m c\u1ee7a m\u1ed9t c\u00e1 nh\u00e2n trong m\u1ed9t th\u1eddi gian gi\u1edbi h\u1ea1n cho c\u00e1c \u1ee9ng c\u1eed vi\u00ean kh\u00f4ng \u0111\u01b0\u1ee3c Medicare chi tr\u1ea3 v\u00e0 cho nh\u1eefng ng\u01b0\u1eddi nh\u1eadn.<\/p>","protected":false},"author":43,"featured_media":7873,"parent":6840,"menu_order":24,"comment_status":"closed","ping_status":"closed","template":"","meta":{"_acf_changed":false,"_monsterinsights_skip_tracking":false,"_monsterinsights_sitenote_active":false,"_monsterinsights_sitenote_note":"","_monsterinsights_sitenote_category":0,"footnotes":""},"class_list":["post-6848","page","type-page","status-publish","has-post-thumbnail","hentry"],"acf":[],"aioseo_notices":[],"_links":{"self":[{"href":"https:\/\/gatransplant.blackbaudwp.com\/vi\/wp-json\/wp\/v2\/pages\/6848","targetHints":{"allow":["GET"]}}],"collection":[{"href":"https:\/\/gatransplant.blackbaudwp.com\/vi\/wp-json\/wp\/v2\/pages"}],"about":[{"href":"https:\/\/gatransplant.blackbaudwp.com\/vi\/wp-json\/wp\/v2\/types\/page"}],"author":[{"embeddable":true,"href":"https:\/\/gatransplant.blackbaudwp.com\/vi\/wp-json\/wp\/v2\/users\/43"}],"replies":[{"embeddable":true,"href":"https:\/\/gatransplant.blackbaudwp.com\/vi\/wp-json\/wp\/v2\/comments?post=6848"}],"version-history":[{"count":5,"href":"https:\/\/gatransplant.blackbaudwp.com\/vi\/wp-json\/wp\/v2\/pages\/6848\/revisions"}],"predecessor-version":[{"id":62372,"href":"https:\/\/gatransplant.blackbaudwp.com\/vi\/wp-json\/wp\/v2\/pages\/6848\/revisions\/62372"}],"up":[{"embeddable":true,"href":"https:\/\/gatransplant.blackbaudwp.com\/vi\/wp-json\/wp\/v2\/pages\/6840"}],"wp:featuredmedia":[{"embeddable":true,"href":"https:\/\/gatransplant.blackbaudwp.com\/vi\/wp-json\/wp\/v2\/media\/7873"}],"wp:attachment":[{"href":"https:\/\/gatransplant.blackbaudwp.com\/vi\/wp-json\/wp\/v2\/media?parent=6848"}],"curies":[{"name":"wp","href":"https:\/\/api.w.org\/{rel}","templated":true}]}}