{"id":6847,"date":"2020-06-22T17:38:02","date_gmt":"2020-06-22T21:38:02","guid":{"rendered":"https:\/\/gatransplant.org\/our-programs\/financial-assistance-programs\/dental-assistance\/"},"modified":"2025-08-12T21:29:23","modified_gmt":"2025-08-13T01:29:23","slug":"dental-assistance","status":"publish","type":"page","link":"https:\/\/gatransplant.blackbaudwp.com\/vi\/our-programs\/financial-assistance-programs\/dental-assistance\/","title":{"rendered":"H\u1ed7 tr\u1ee3 nha khoa"},"content":{"rendered":"<h1>\n\t\t\tH\u1ed6 TR\u1ee2 NHA\n\t\t<\/h1>\n\t\t\t<p>Ch\u01b0\u01a1ng tr\u00ecnh H\u1ed7 tr\u1ee3 Nha khoa cung c\u1ea5p c\u00e1c kho\u1ea3n tr\u1ee3 c\u1ea5p cho c\u1ea3 \u1ee9ng vi\u00ean tr\u01b0\u1edbc khi c\u1ea5y gh\u00e9p v\u00e0 ng\u01b0\u1eddi nh\u1eadn sau c\u1ea5y gh\u00e9p \u0111\u1ec3 h\u1ed7 tr\u1ee3 ti\u1ebfp c\u1eadn d\u1ecbch v\u1ee5 ch\u0103m s\u00f3c nha khoa th\u00edch h\u1ee3p li\u00ean quan tr\u1ef1c ti\u1ebfp \u0111\u1ebfn nhu c\u1ea7u c\u1ea5y gh\u00e9p c\u1ee7a h\u1ecd.<a href=\"https:\/\/gatransplant.blackbaudwp.com\/vi\/our-programs\/financial-assistance-programs\/dental-assistance\/dental-assistance-application-2\/\">\u00c1p d\u1ee5ng ngay b\u00e2y gi\u1edd<\/a><\/p>\t\t\n\t\t\t<a href=\"#about\" target=\"_self\" rel=\"noopener\">\n\t\t\t\t\t\t\tAbout This Program\n\t\t\t<\/a>\n\t\t\t<a href=\"#howto\" target=\"_self\" rel=\"noopener\">\n\t\t\t\t\t\t\tHow To Apply\n\t\t\t<\/a>\n\t\t\t<a href=\"#guidelines\" target=\"_self\" rel=\"noopener\">\n\t\t\t\t\t\t\tGuidelines\n\t\t\t<\/a>\n\t\t\t<a href=\"https:\/\/gatransplant.blackbaudwp.com\/vi\/our-programs\/financial-assistance-programs\/dental-assistance\/dental-assistance-application-2\/\" target=\"_self\" rel=\"noopener\">\n\t\t\t\t\t\t\t\u00c1p d\u1ee5ng ngay b\u00e2y gi\u1edd\n\t\t\t<\/a>\n\t\t\t\t\t\t\t\t\t\t<p>T\u00f4i kh\u00f4ng bi\u1ebft m\u00ecnh s\u1ebd l\u00e0m g\u00ec n\u1ebfu kh\u00f4ng c\u00f3 GTF. Th\u1eddi \u0111i\u1ec3m \u0111\u00f3 trong cu\u1ed9c s\u1ed1ng c\u1ee7a b\u1ea1n khi b\u1ea1n tr\u1ea3i qua m\u1ed9t cu\u1ed9c c\u1ea5y gh\u00e9p l\u00e0 \u0111\u1ee7 \u0111\u00e1ng s\u1ee3 v\u00e0 c\u0103ng th\u1eb3ng. \u0110\u1ec3 c\u00f3 m\u1ed9t t\u1ed5 ch\u1ee9c nh\u01b0 GTF t\u1ea1o ra s\u1ef1 kh\u00e1c bi\u1ec7t l\u1edbn v\u1edbi nh\u1eefng th\u1ee9 quan tr\u1ecdng \u1edf nhi\u1ec1u c\u1ea5p \u0111\u1ed9 kh\u00e1c nhau. T\u00f4i kh\u00f4ng ph\u1ea3i lo l\u1eafng v\u1ec1 vi\u1ec7c m\u1ea5t th\u1eadn v\u00ec ti\u1ec1n. N\u00f3 th\u1ef1c s\u1ef1 l\u00e0 v\u00f4 gi\u00e1 nh\u1eefng g\u00ec GTF l\u00e0m.<\/p>\n\t\t\t\t\t\t\t\t\t<h3>&#8211; Charlene L, Kidney Transplant Recipient<\/h3>\n\t<!-- \/.pp-testimonials -->\n\t\t<h2>\n\t\t\tDental care directly related to to transplant needs\n\t\t<\/h2>\n\t\t\t<p><strong>Ch\u01b0\u01a1ng tr\u00ecnh h\u1ed7 tr\u1ee3 nha khoa cung c\u1ea5p c\u00e1c kho\u1ea3n t\u00e0i tr\u1ee3 cho c\u1ea3 \u1ee9ng vi\u00ean tr\u01b0\u1edbc khi c\u1ea5y gh\u00e9p v\u00e0 ng\u01b0\u1eddi nh\u1eadn sau c\u1ea5y gh\u00e9p \u0111\u1ec3 h\u1ed7 tr\u1ee3 ti\u1ebfp c\u1eadn d\u1ecbch v\u1ee5 ch\u0103m s\u00f3c nha khoa th\u00edch h\u1ee3p li\u00ean quan tr\u1ef1c ti\u1ebfp \u0111\u1ebfn nhu c\u1ea7u c\u1ea5y gh\u00e9p c\u1ee7a h\u1ecd<\/strong>Nh\u1eefng b\u1ec7nh nh\u00e2n b\u1ecb b\u1ec7nh tr\u1edb tr\u00eau thay, th\u01b0\u1eddng s\u1ed1ng v\u1edbi thu nh\u1eadp c\u1ed1 \u0111\u1ecbnh, kh\u00f4ng th\u1ec3 tr\u1ea3 th\u00eam chi ph\u00ed nha khoa, nh\u01b0ng h\u1ecd ph\u1ea3i \u0111\u01b0\u1ee3c l\u00e0m s\u1ea1ch t\u1eeb g\u00f3c \u0111\u1ed9 nha khoa \u0111\u1ec3 \u0111\u1ee7 \u0111i\u1ec1u ki\u1ec7n c\u1ea5y gh\u00e9p. Ch\u01b0\u01a1ng tr\u00ecnh cho ph\u00e9p b\u1ec7nh nh\u00e2n ti\u1ebfp t\u1ee5c c\u00f4ng vi\u1ec7c h\u1ecd c\u1ea7n l\u00e0m \u0111\u1ec3 ph\u1ee5c h\u1ed3i s\u1ee9c kh\u1ecfe r\u0103ng mi\u1ec7ng, do \u0111\u00f3 \u0111\u1ea9y nhanh danh s\u00e1ch c\u1ea5y gh\u00e9p. Ch\u0103m s\u00f3c theo d\u00f5i, bao g\u1ed3m c\u1ea3 v\u1ec7 sinh \u0111\u1ecbnh k\u1ef3, l\u00e0 tr\u00e1ch nhi\u1ec7m t\u00e0i ch\u00ednh c\u1ee7a b\u1ec7nh nh\u00e2n.<\/p>\t\t\n\t\t<h2>\n\t\t\tHow To Apply\n\t\t<\/h2>\n\t\t<h3>\n\t\t\tStep 1.\n\t\t\t\t\t\t\t\t\t\t\tConfirm Eligibility\n\t\t<\/h3>\n\t\t\t<ul><li>The patient must be a permanent Georgia resident<\/li><li>Solid organ transplant candidate and recipient<\/li><li>Proof of financial need<\/li><li>Evidence of need related to transplant<\/li><li>Documentation from your transplant center, <strong><a href=\"#guidelines\">see Guidelines for more details<\/a><\/strong><\/li><\/ul>\t\t\n\t\t<h3>\n\t\t\tStep 2.\n\t\t\t\t\t\t\t\t\t\t\tSchedule Treatment Plan\n\t\t<\/h3>\n\t\t\t<p><strong>B\u1ec7nh nh\u00e2n s\u1ebd \u0111\u1eb7t l\u1ecbch h\u1eb9n v\u1edbi nha s\u0129 v\u00e0 nh\u1eadn k\u1ebf ho\u1ea1ch \u0111i\u1ec1u tr\u1ecb<\/strong>. Cu\u1ed9c h\u1eb9n n\u00e0y do b\u1ec7nh nh\u00e2n chi tr\u1ea3, GTF kh\u00f4ng chi tr\u1ea3 chi ph\u00ed cho l\u1ea7n kh\u00e1m n\u00e0y.<\/p>\t\t\n\t\t<h3>\n\t\t\tStep 3.\n\t\t\t\t\t\t\t\t\t\t\tDental Provider Information\n\t\t<\/h3>\n\t\t\t<ul><li>B\u1ec7nh nh\u00e2n tr\u00ecnh b\u00e0y\u00a0<a href=\"https:\/\/gatransplant.org\/wp-content\/uploads\/2021\/08\/Dental-provider-info-updated.pdf\" target=\"\" rel=\"noopener\">Th\u00f4ng tin nh\u00e0 cung c\u1ea5p nha khoa<\/a>\u00a0t\u1edd v\u00e0\u00a0<a href=\"https:\/\/gatransplant.org\/wp-content\/uploads\/2020\/10\/Dental-Fee-Schedule.pdf\" target=\"\" rel=\"noopener\">Bi\u1ec3u ph\u00ed nha khoa<\/a>\u00a0\u0111\u1ebfn nha s\u0129 \u0111\u1ec3 xem x\u00e9t.<\/li><li>N\u1ebfu s\u1eb5n s\u00e0ng cung c\u1ea5p c\u00e1c d\u1ecbch v\u1ee5 v\u1edbi m\u1ee9c ph\u00ed \u0111\u00e3 ghi, nha s\u0129 s\u1ebd k\u00fd v\u00e0o\u00a0<a href=\"https:\/\/gatransplant.org\/wp-content\/uploads\/2020\/10\/Dental-Provider-Agreement.pdf\" target=\"\" rel=\"noopener\">Th\u1ecfa thu\u1eadn nh\u00e0 cung c\u1ea5p nha khoa<\/a>\u00a0T\u1ea1o m\u1eabu v\u00e0 g\u1eedi l\u1ea1i, c\u00f9ng v\u1edbi k\u1ebf ho\u1ea1ch \u0111i\u1ec1u tr\u1ecb, cho b\u1ec7nh nh\u00e2n \u0111\u1ec3 \u0111\u00ednh k\u00e8m v\u1edbi \u0111\u01a1n \u0111\u0103ng k\u00fd GTF.<\/li><\/ul>\t\t\n\t\t<h3>\n\t\t\tStep 4.\n\t\t\t\t\t\t\t\t\t\t\tComplete Application\n\t\t<\/h3>\n\t\t\t<p>Patient completes the application (online or by mail) and submits it to their transplant social worker\/coordinator with the signed agreement from the dentist and treatment plan for dental needs. <strong><a href=\"#apply\">See Application Options for more details<\/a><\/strong><\/p>\t\t\n\t\t<h3>\n\t\t\tStep 5.\n\t\t\t\t\t\t\t\t\t\t\tApplication Review\n\t\t<\/h3>\n\t\t\t<ul><li>GTF xem x\u00e9t \u0111\u01a1n \u0111\u0103ng k\u00fd v\u00e0 th\u00f4ng b\u00e1o cho nh\u00e2n vi\u00ean x\u00e3 h\u1ed9i \/ \u0111i\u1ec1u ph\u1ed1i vi\u00ean y\u00eau c\u1ea7u v\u1ec1 quy\u1ebft \u0111\u1ecbnh.<\/li><li><strong>GTF ph\u1ea3i ch\u1ea5p thu\u1eadn c\u00f4ng vi\u1ec7c nha khoa c\u1ee7a b\u1ea1n tr\u01b0\u1edbc khi b\u1ea1n b\u1eaft \u0111\u1ea7u \u0111i\u1ec1u tr\u1ecb, n\u1ebfu kh\u00f4ng b\u1ea1n s\u1ebd ch\u1ecbu tr\u00e1ch nhi\u1ec7m v\u1ec1 chi ph\u00ed.<\/strong><\/li><\/ul>\t\t\n\t\t<h3>\n\t\t\tStep 6.\n\t\t\t\t\t\t\t\t\t\t\tApproval\n\t\t<\/h3>\n\t\t\t<ul><li><strong>GTF g\u1eedi th\u01b0 cho nha s\u0129<\/strong>\u00a0ph\u00e1c th\u1ea3o s\u1ed1 ti\u1ec1n \u0111\u00e3 th\u1ecfa thu\u1eadn \u0111\u1ec3 thanh to\u00e1n.<\/li><li><strong>Ph\u00ea duy\u1ec7t c\u00f3 hi\u1ec7u l\u1ef1c trong 90 ng\u00e0y<\/strong>. Ch\u1ec9 nh\u1eefng d\u1ecbch v\u1ee5 \u0111\u01b0\u1ee3c li\u1ec7t k\u00ea trong k\u1ebf ho\u1ea1ch \u0111i\u1ec1u tr\u1ecb \u0111\u00e3 th\u1ecfa thu\u1eadn ban \u0111\u1ea7u m\u1edbi \u0111\u01b0\u1ee3c GTF chi tr\u1ea3.<\/li><\/ul>\t\t\n\t\t<h3>\n\t\t\tStep 7.\n\t\t\t\t\t\t\t\t\t\t\tTreatment\n\t\t<\/h3>\n\t\t\t<ul><li>Sau khi ho\u00e0n th\u00e0nh t\u1ea5t c\u1ea3 c\u00e1c \u0111i\u1ec1u tr\u1ecb, nh\u00e0 cung c\u1ea5p d\u1ecbch v\u1ee5 nha khoa s\u1ebd g\u1eedi h\u00f3a \u0111\u01a1n cu\u1ed1i c\u00f9ng cho GTF \u0111\u1ec3 thanh to\u00e1n s\u1ed1 ti\u1ec1n \u0111\u00e3 th\u1ecfa thu\u1eadn. <strong>GTF s\u1ebd thanh to\u00e1n h\u00f3a \u0111\u01a1n<\/strong>\u00a0trong v\u00f2ng m\u01b0\u1eddi (10) ng\u00e0y l\u00e0m vi\u1ec7c k\u1ec3 t\u1eeb ng\u00e0y nh\u1eadn \u0111\u01b0\u1ee3c.<\/li><li><strong>B\u1ec7nh nh\u00e2n th\u00f4ng b\u00e1o cho trung t\u00e2m c\u1ea5y gh\u00e9p c\u1ee7a h\u1ecd v\u1ec1 vi\u1ec7c ho\u00e0n th\u00e0nh c\u00f4ng vi\u1ec7c nha khoa c\u1ee7a h\u1ecd.<\/strong><\/li><\/ul>\t\t\n\t\t<h3>\n\t\t\tHave Questions?\n\t\t<\/h3>\n\t\t\t<p>We&#8217;re happy to answer any questions you have about The Dental Assistance Program.<\/p>\t\t\n\t\t\t<a href=\"#guidelines\" target=\"_self\" rel=\"noopener\">\n\t\t\t\t\t\tRead Guidelines\t\t\t\t\t\n\t\t<\/a>\n\t\t\t<a href=\"tel:770-457-3796\" target=\"_self\" rel=\"noopener\">\n\t\t\t\t\t\tCall: 770-457-3796\t\t\t\t\t\n\t\t<\/a>\n\t\t\t<a href=\"mailto:GTF@gatransplant.org\" target=\"_self\" rel=\"noopener\">\n\t\t\t\t\t\tEmail: GTF@gatransplant.org\t\t\t\t\t\n\t\t<\/a>\n\t\t<h2>\n\t\t\tApplication Options\n\t\t<\/h2>\n\t\t<h3>\n\t\t\tOnline\n\t\t<\/h3>\n\t\t\t<p>Use our online form to submit your application<a href=\"https:\/\/gatransplant.blackbaudwp.com\/vi\/our-programs\/financial-assistance-programs\/dental-assistance\/dental-assistance-application-2\/\">\u00c1p d\u1ee5ng ngay b\u00e2y gi\u1edd<\/a><\/p>\t\t\n\t\t<h3>\n\t\t\tMail\n\t\t<\/h3>\n\t\t\t<p><a href=\"https:\/\/gatransplant.org\/wp-content\/uploads\/2021\/08\/Dental-Assistance-Application.pdf\" target=\"_blank\" rel=\"noopener\">Download<\/a>, fill out and mail your application to:Georgia Transplant Foundation<br \/>885 Woodstock Rd<br \/>Suite 430-542<br \/>Roswell, GA 30075-2274<\/p>\t\t\n\t\t<h2>\n\t\t\tGuidelines\n\t\t<\/h2>\n\t\t\t\tDocumentation from your transplant center\n\t\t\t\t\t<h4>Pre-transplant patients<\/h4>\n<p>To be eligible for the Dental Assistance Program, dental needs must be the FINAL item required by your transplant center to be listed for transplant.<\/p>\n<h4>B\u1ec7nh nh\u00e2n sau c\u1ea5y gh\u00e9p<\/h4>\n<p>There must be a serious health threat, such as risk of infection, that is documented by your transplant center in order to be eligible for the Dental Assistance Program.<\/p>\n\t\t\t\tC\u00e1c h\u00ecnh th\u1ee9c\n\t\t\t\t\t<ul>\n<li><a href=\"https:\/\/gatransplant.org\/wp-content\/uploads\/2021\/08\/Dental-Assistance-Application.pdf\" target=\"\" rel=\"noopener\">\u0110\u01a1n xin h\u1ed7 tr\u1ee3 nha khoa (PDF)<\/a><\/li>\n<li><a href=\"https:\/\/gatransplant.org\/our-programs\/financial-assistance-programs\/dental-assistance\/dental-assistance-application-2\/\">\u0110\u01a1n xin h\u1ed7 tr\u1ee3 nha khoa (tr\u1ef1c tuy\u1ebfn)<\/a><\/li>\n<li><a href=\"https:\/\/gatransplant.org\/wp-content\/uploads\/2021\/08\/Dental-provider-info-updated.pdf\" target=\"\" rel=\"noopener\">B\u1ea3ng th\u00f4ng tin nh\u00e0 cung c\u1ea5p d\u1ecbch v\u1ee5 nha khoa (PDF)<\/a><\/li>\n<li><a href=\"https:\/\/gatransplant.org\/wp-content\/uploads\/2020\/10\/Dental-Fee-Schedule.pdf\" target=\"\" rel=\"noopener\">Bi\u1ec3u ph\u00ed nha khoa (PDF)<\/a><\/li>\n<li><a href=\"https:\/\/gatransplant.org\/wp-content\/uploads\/2021\/08\/Dental-provider-info-updated.pdf\" target=\"\" rel=\"noopener\">M\u1eabu Th\u1ecfa thu\u1eadn Nh\u00e0 cung c\u1ea5p Nha khoa (PDF)<\/a><\/li>\n<\/ul>","protected":false},"excerpt":{"rendered":"<p>Cung c\u1ea5p c\u00e1c kho\u1ea3n tr\u1ee3 c\u1ea5p cho c\u1ea3 kh\u00e1ch h\u00e0ng tr\u01b0\u1edbc v\u00e0 sau khi c\u1ea5y gh\u00e9p \u0111\u1ec3 h\u1ed7 tr\u1ee3 ti\u1ebfp c\u1eadn d\u1ecbch v\u1ee5 ch\u0103m s\u00f3c nha khoa th\u00edch h\u1ee3p li\u00ean quan tr\u1ef1c ti\u1ebfp \u0111\u1ebfn nhu c\u1ea7u c\u1ea5y gh\u00e9p. T\u1ea5t c\u1ea3 c\u00e1c ch\u0103m s\u00f3c r\u0103ng mi\u1ec7ng ph\u1ea3i \u0111\u01b0\u1ee3c ph\u00ea duy\u1ec7t tr\u01b0\u1edbc.<\/p>","protected":false},"author":43,"featured_media":7862,"parent":6840,"menu_order":23,"comment_status":"closed","ping_status":"closed","template":"","meta":{"_acf_changed":false,"_monsterinsights_skip_tracking":false,"_monsterinsights_sitenote_active":false,"_monsterinsights_sitenote_note":"","_monsterinsights_sitenote_category":0,"footnotes":""},"class_list":["post-6847","page","type-page","status-publish","has-post-thumbnail","hentry"],"acf":[],"aioseo_notices":[],"_links":{"self":[{"href":"https:\/\/gatransplant.blackbaudwp.com\/vi\/wp-json\/wp\/v2\/pages\/6847","targetHints":{"allow":["GET"]}}],"collection":[{"href":"https:\/\/gatransplant.blackbaudwp.com\/vi\/wp-json\/wp\/v2\/pages"}],"about":[{"href":"https:\/\/gatransplant.blackbaudwp.com\/vi\/wp-json\/wp\/v2\/types\/page"}],"author":[{"embeddable":true,"href":"https:\/\/gatransplant.blackbaudwp.com\/vi\/wp-json\/wp\/v2\/users\/43"}],"replies":[{"embeddable":true,"href":"https:\/\/gatransplant.blackbaudwp.com\/vi\/wp-json\/wp\/v2\/comments?post=6847"}],"version-history":[{"count":5,"href":"https:\/\/gatransplant.blackbaudwp.com\/vi\/wp-json\/wp\/v2\/pages\/6847\/revisions"}],"predecessor-version":[{"id":62344,"href":"https:\/\/gatransplant.blackbaudwp.com\/vi\/wp-json\/wp\/v2\/pages\/6847\/revisions\/62344"}],"up":[{"embeddable":true,"href":"https:\/\/gatransplant.blackbaudwp.com\/vi\/wp-json\/wp\/v2\/pages\/6840"}],"wp:featuredmedia":[{"embeddable":true,"href":"https:\/\/gatransplant.blackbaudwp.com\/vi\/wp-json\/wp\/v2\/media\/7862"}],"wp:attachment":[{"href":"https:\/\/gatransplant.blackbaudwp.com\/vi\/wp-json\/wp\/v2\/media?parent=6847"}],"curies":[{"name":"wp","href":"https:\/\/api.w.org\/{rel}","templated":true}]}}