{"id":6845,"date":"2020-06-22T17:38:02","date_gmt":"2020-06-22T21:38:02","guid":{"rendered":"https:\/\/gatransplant.org\/our-programs\/financial-assistance-programs\/lodging-assistance\/"},"modified":"2025-08-13T09:55:28","modified_gmt":"2025-08-13T13:55:28","slug":"lodging-assistance","status":"publish","type":"page","link":"https:\/\/gatransplant.blackbaudwp.com\/vi\/our-programs\/financial-assistance-programs\/lodging-assistance\/","title":{"rendered":"H\u1ed7 tr\u1ee3 ch\u1ed7 \u1edf"},"content":{"rendered":"<h1>\n\t\t\tH\u1ed7 tr\u1ee3 ch\u1ed7 \u1edf\n\t\t<\/h1>\n\t\t\t<p>Ch\u01b0\u01a1ng tr\u00ecnh H\u1ed7 tr\u1ee3 Nh\u00e0 \u1edf cung c\u1ea5p h\u1ed7 tr\u1ee3 t\u00e0i ch\u00ednh v\u1edbi chi ph\u00ed nh\u00e0 \u1edf t\u1ea1m th\u1eddi li\u00ean quan c\u1ee5 th\u1ec3 \u0111\u1ebfn vi\u1ec7c c\u1ea5y gh\u00e9p ph\u00e1t sinh do ch\u0103m s\u00f3c theo d\u00f5i v\u00e0 c\u00e1c bi\u1ebfn ch\u1ee9ng kh\u00f4ng mong mu\u1ed1n.<a href=\"https:\/\/gatransplant.blackbaudwp.com\/vi\/our-programs\/financial-assistance-programs\/lodging-assistance\/lodging-assistance-application\/\">Apply now<\/a><\/p>\t\t\n\t\t\t<a href=\"#about\" target=\"_self\" rel=\"noopener\">\n\t\t\t\t\t\t\tAbout This Program\n\t\t\t<\/a>\n\t\t\t<a href=\"#guidelines\" target=\"_self\" rel=\"noopener\">\n\t\t\t\t\t\t\tT\u00f9y ch\u1ecdn ch\u1ed7 \u1edf\n\t\t\t<\/a>\n\t\t\t<a href=\"#howto\" target=\"_self\" rel=\"noopener\">\n\t\t\t\t\t\t\tHow To Apply\n\t\t\t<\/a>\n\t\t\t<a href=\"https:\/\/gatransplant.blackbaudwp.com\/vi\/our-programs\/financial-assistance-programs\/lodging-assistance\/lodging-assistance-application\/\" target=\"_self\" rel=\"noopener\">\n\t\t\t\t\t\t\t\u00c1p d\u1ee5ng ngay b\u00e2y gi\u1edd\n\t\t\t<\/a>\n\t\t\t\t\t\t\t\t\t\t<p>Nh\u1eefng v\u1ebft s\u1eb9o c\u1ee7a t\u00f4i l\u00e0 l\u1eddi nh\u1eafc nh\u1edf li\u00ean t\u1ee5c c\u1ee7a t\u00f4i v\u1ec1 vi\u1ec7c t\u00f4i \u0111\u00e3 ban ph\u01b0\u1edbc cho ng\u01b0\u1eddi hi\u1ebfn t\u1ea1ng v\u00e0 Ch\u00faa \u0111\u00e3 ban cho t\u00f4i m\u1ed9t l\u00e1 gan m\u1edbi v\u00e0 m\u1ed9t cu\u1ed9c s\u1ed1ng m\u1edbi. GTF \u0111\u00e3 \u1edf \u0111\u00f3 \u0111\u1ec3 gi\u00fap t\u00f4i trong su\u1ed1t ch\u1eb7ng \u0111\u01b0\u1eddng!<\/p>\n\t\t\t\t\t\t\t\t\t<h3>&#8211; Jennifer S, Liver Transplant Recipient<\/h3>\n\t<!-- \/.pp-testimonials -->\n\t\t<h2>\n\t\t\tProviding Lodging assistance\n\t\t<\/h2>\n\t\t\t<h3>Nhi\u1ec1u ng\u01b0\u1eddi nh\u1eadn, \u1ee9ng c\u1eed vi\u00ean v\u00e0 th\u00e0nh vi\u00ean gia \u0111\u00ecnh y\u00eau c\u1ea7u ph\u1ea3i \u1edf trong khu v\u1ef1c xung quanh trung t\u00e2m c\u1ea5y gh\u00e9p c\u1ee7a h\u1ecd \u0111\u1ec3 \u0111\u01b0\u1ee3c ch\u0103m s\u00f3c y t\u1ebf theo d\u00f5i.<\/h3><p>Th\u00f4ng th\u01b0\u1eddng, c\u00e1c \u1ee9ng c\u1eed vi\u00ean v\u00e0 ng\u01b0\u1eddi nh\u1eadn thi\u1ebfu ngu\u1ed3n l\u1ef1c \u0111\u1ec3 chi tr\u1ea3 c\u00e1c chi ph\u00ed b\u1ed5 sung m\u00e0 h\u1ecd ph\u1ea3i ch\u1ecbu trong khi \u0111i\u1ec1u tr\u1ecb xa nh\u00e0 khi h\u1ecd v\u1eabn ph\u1ea3i tr\u1ea3 ti\u1ec1n cho nh\u00e0 c\u1ed1 \u0111\u1ecbnh c\u1ee7a m\u00ecnh. Ngo\u00e0i ra, th\u01b0\u1eddng c\u00f3 nh\u1eefng nhu c\u1ea7u v\u1ec1 ch\u1ed7 \u1edf \u0111\u1ed9t xu\u1ea5t ph\u00e1t sinh v\u1edbi vi\u1ec7c ch\u0103m s\u00f3c theo d\u00f5i v\u00e0 c\u00e1c bi\u1ebfn ch\u1ee9ng kh\u00f4ng mong mu\u1ed1n, v\u00e0 nhi\u1ec1u b\u1ec7nh nh\u00e2n v\u00e0 gia \u0111\u00ecnh kh\u00f4ng th\u1ec3 trang tr\u1ea3i chi ph\u00ed n\u00e0y.\u00a0<em>Ch\u01b0\u01a1ng tr\u00ecnh kh\u00f4ng nh\u1eb1m thay th\u1ebf cho vi\u1ec7c l\u1eadp k\u1ebf ho\u1ea1ch tr\u01b0\u1edbc khi c\u1ea5y gh\u00e9p v\u00e0 c\u0169ng kh\u00f4ng nh\u1eb1m m\u1ee5c \u0111\u00edch gi\u1ea3i quy\u1ebft nh\u1eefng l\u1ea7n t\u00e1i kh\u00e1m ng\u1eafn h\u1ea1n \/ s\u1eafp t\u1edbi t\u1ea1i trung t\u00e2m c\u1ea5y gh\u00e9p. Y\u00eau c\u1ea7u h\u1ed7 tr\u1ee3 sau c\u1ea5y gh\u00e9p s\u1ebd kh\u00f4ng \u0111\u01b0\u1ee3c ch\u1ea5p thu\u1eadn tr\u01b0\u1edbc khi c\u1ea5y gh\u00e9p.<\/em><em>H\u1ed7 tr\u1ee3 ch\u1ed7 \u1edf c\u00f3 th\u1ec3 \u0111\u01b0\u1ee3c cung c\u1ea5p cho gia \u0111\u00ecnh trong th\u1eddi gian l\u01b0u tr\u00fa tr\u01b0\u1edbc khi gh\u00e9p t\u1ea1ng trong khi b\u1ec7nh nh\u00e2n n\u1eb1m vi\u1ec7n, ho\u1eb7c sau khi gh\u00e9p t\u1ea1ng, theo y\u00eau c\u1ea7u c\u1ee7a nh\u00f3m y t\u1ebf.<\/em><\/p>\t\t\n\t\t<h2>\n\t\t\tHow To Apply\n\t\t<\/h2>\n\t\t<h3>\n\t\t\tStep 1.\n\t\t\t\t\t\t\t\t\t\t\tConfirm Eligibility\n\t\t<\/h3>\n\t\t\t<ul><li>Georgia resident<\/li><li>Solid organ transplant recipient<\/li><li>Proof of a need related to transplant<\/li><li>Proof of financial need<\/li><li>Proof of working towards a permanent solution<\/li><li>Lodging needs are pre-approved<\/li><\/ul>\t\t\n\t\t<h3>\n\t\t\tStep 2.\n\t\t\t\t\t\t\t\t\t\t\tDiscuss Your Needs\n\t\t<\/h3>\n\t\t\t<p>Talk with your transplant center social worker about your needs.<\/p>\t\t\n\t\t<h3>\n\t\t\tStep 3.\n\t\t\t\t\t\t\t\t\t\t\tApply &#038; Send Documents\n\t\t<\/h3>\n\t\t\t<ul><li>Submit completed application to your social worker or through the online application form<ul><li><strong><a href=\"#apply\">See Application Options for more details<\/a><\/strong><\/li><\/ul><\/li><li>Provide documents to support the requested assistance<\/li><\/ul>\t\t\n\t\t<h3>\n\t\t\tStep 4.\n\t\t\t\t\t\t\t\t\t\t\tReview\n\t\t<\/h3>\n\t\t\t<ul><li>Applications will be reviewed, once submitted and complete<\/li><li>Requesting social worker will be notified regarding the review decision<\/li><\/ul>\t\t\n\t\t<h3>\n\t\t\tStep 5.\n\t\t\t\t\t\t\t\t\t\t\tFunding Provided\n\t\t<\/h3>\n\t\t\t<p>Checks are written payable to the vendor.<\/p>\n\t\t<h3>\n\t\t\tHave Questions?\n\t\t<\/h3>\n\t\t\t<p>We&#8217;re happy to answer any questions you have about our Lodging Assistance Program.<\/p>\t\t\n\t\t\t<a href=\"tel:770-457-3796\" target=\"_self\" rel=\"noopener\">\n\t\t\t\t\t\tCall: 770-457-3796\t\t\t\t\t\n\t\t<\/a>\n\t\t\t<a href=\"#guidelines\" target=\"_self\" rel=\"noopener\">\n\t\t\t\t\t\tView Lodging Options\t\t\t\t\t\n\t\t<\/a>\n\t\t\t<a href=\"mailto:GTF@gatransplant.org\" target=\"_self\" rel=\"noopener\">\n\t\t\t\t\t\tEmail: GTF@gatransplant.org\t\t\t\t\t\n\t\t<\/a>\n\t\t<h2>\n\t\t\tApplication Options\n\t\t<\/h2>\n\t\t<h3>\n\t\t\tOnline\n\t\t<\/h3>\n\t\t\t<p>Use our online form to submit your application. <em>L\u01b0u \u00fd: \u0110\u1ec3 truy c\u1eadp \u1ee9ng d\u1ee5ng tr\u1ef1c tuy\u1ebfn, b\u1ea1n s\u1ebd c\u1ea7n m\u1eadt kh\u1ea9u do nh\u00e2n vi\u00ean x\u00e3 h\u1ed9i c\u1ee7a trung t\u00e2m c\u1ea5y gh\u00e9p c\u1ee7a b\u1ea1n cung c\u1ea5p.<\/em><a href=\"https:\/\/gatransplant.blackbaudwp.com\/vi\/our-programs\/financial-assistance-programs\/lodging-assistance\/lodging-assistance-application\/\">\u00c1p d\u1ee5ng ngay b\u00e2y gi\u1edd<\/a><\/p>\t\t\n\t\t<h3>\n\t\t\tNh\u00e2n vi\u00ean x\u00e3 h\u1ed9i\n\t\t<\/h3>\n\t\t\t<p><a href=\"https:\/\/gatransplant.org\/wp-content\/uploads\/2020\/10\/FINANCIAL-ASSISTANCE.pdf\" target=\"_blank\" rel=\"noopener\">Download<\/a>, print and fill out\u00a0 your application. Once completed, submit it to your transplant center social worker with the necessary documentation.<\/p>\t\t\n\t\t<h2>\n\t\t\tC\u00c1C L\u1ef0A CH\u1eccN LODGING\n\t\t<\/h2>\n\t\t\t<p><em>Xin vui l\u00f2ng ch\u1ec9 h\u1ecfi l\u00e0 kh\u00f4ng gian c\u00f3 s\u1eb5n.\u00a0<strong>\u0110\u1eebng<\/strong>\u00a0<strong>d\u1ef1 tr\u1eef<\/strong> v\u1edbi b\u1ea5t k\u1ef3 t\u00f9y ch\u1ecdn n\u00e0o trong s\u1ed1 n\u00e0y tr\u01b0\u1edbc khi GTF cho ph\u00e9p nh\u00e2n vi\u00ean x\u00e3 h\u1ed9i c\u1ee7a b\u1ea1n.<\/em><\/p>\t\t\n\t\t\t\tT\u00e0i nguy\u00ean Khu v\u1ef1c Atlanta\n\t\t\t\t\t<h3>L\u1ef1a ch\u1ecdn nh\u00e0 \u1edf<\/h3>\n<ul>\n<li><a href=\"https:\/\/jcevansfoundation.org\/\">Jeffrey Campbell Evans Foundation Apartments<\/a> (404) 644-7144<\/li>\n<li><a href=\"https:\/\/www.emoryhealthcare.org\/centers-programs\/transplant-center\/mason-house.html\">Nh\u00e0 kh\u00e1ch Mason<\/a> (404) 712-5110 &#8211; <em>Trong khu\u00f4n vi\u00ean c\u1ee7a Emory; ch\u00e0o m\u1eebng c\u00e1c b\u1ec7nh nh\u00e2n v\u00e0 ng\u01b0\u1eddi ch\u0103m s\u00f3c c\u1ee7a Emory v\u00e0 Piedmont.<\/em><\/li>\n<li><a href=\"https:\/\/www.piedmont.org\/locations\/piedmont-atlanta\/pah-guest-services\">Trung t\u00e2m kh\u00e1ch Piedmont<\/a> (404) 605-3800<\/li>\n<li><a href=\"https:\/\/armhc.org\/our-houses\/\">Ronald McDonald House<\/a> (404) 315-1133 &#8211; <em>D\u00e0nh ri\u00eang cho c\u00e1c gia \u0111\u00ecnh gh\u00e9p tr\u1ebb em.<\/em><\/li>\n<\/ul>\n<h3>T\u00f9y ch\u1ecdn kh\u00e1ch s\u1ea1n<\/h3>\n<ul>\n<li><a href=\"https:\/\/www.hilton.com\/en\/hotels\/atldhhx-hampton-atlanta-north-druid-hills\/\">Hampton Inn<\/a><\/li>\n<li><a href=\"https:\/\/www.choicehotels.com\/georgia\/atlanta\/quality-inn-hotels\/ga873\">Suite ch\u1ea5t l\u01b0\u1ee3ng<\/a><\/li>\n<li><a href=\"https:\/\/www.marriott.com\/hotels\/travel\/atlbu-towneplace-suites-atlanta-buckhead\/\">TownePlace Suites<\/a>\/<a href=\"https:\/\/www.ihg.com\/holidayinnexpress\/hotels\/us\/en\/atlanta\/atlbe\/hoteldetail\">Holiday Inn Express<\/a><\/li>\n<\/ul>\n\t\t\t\tT\u00e0i nguy\u00ean Khu v\u1ef1c Jacksonville\n\t\t\t\t\t<h3>L\u1ef1a ch\u1ecdn nh\u00e0 \u1edf<\/h3>\n<ul>\n<li><a href=\"https:\/\/gabrielhouseofcare.org\/\">Gabriel House of Care<\/a><\/li>\n<li><a href=\"https:\/\/brooksrehab.org\/helens-house\/\">Nh\u00e0 c\u1ee7a Helen<\/a><\/li>\n<\/ul>\n<h3>T\u00f9y ch\u1ecdn kh\u00e1ch s\u1ea1n<\/h3>\n<ul>\n<li><a href=\"https:\/\/www.marriott.com\/hotel-info\/jaxmc-courtyard-jacksonville-mayo-clinic-beaches\/visiting-the-mayo-clinic\/flzlpk9\/home-page.mi\">S\u00e2n<\/a><\/li>\n<li><a href=\"https:\/\/www.sonesta.com\/us\/florida\/jacksonville\/sonesta-es-suites-jacksonville\">Sonesta<\/a><\/li>\n<li><a href=\"https:\/\/www.hospitalityonline.com\/homewood-jacksonville\">Homewood Suites<\/a><\/li>\n<\/ul>\n\t\t\t\tT\u00e0i nguy\u00ean Khu v\u1ef1c Birmingham\n\t\t\t\t\t<h3>L\u1ef1a ch\u1ecdn kh\u00e1ch s\u1ea1n<\/h3>\n<ul>\n<li><a href=\"https:\/\/www3.hilton.com\/en\/hotels\/alabama\/hilton-birmingham-at-uab-BHMHHHH\/index.html\">Kh\u00e1ch s\u1ea1n Hilton \u1edf Birmingham<\/a><\/li>\n<\/ul>\n\t\t\t\tAugusta-Area Resources\n\t\t\t\t\t<h3>L\u1ef1a ch\u1ecdn kh\u00e1ch s\u1ea1n<\/h3>\n<ul>\n<li><a href=\"https:\/\/www.ihg.com\/holidayinnexpress\/hotels\/us\/en\/augusta\/agsdt\/hoteldetail\">Holiday Inn Express<\/a><\/li>\n<\/ul>\n\t\t\t\tT\u00e0i nguy\u00ean Khu v\u1ef1c Charleston\n\t\t\t\t\t<h3>L\u1ef1a ch\u1ecdn kh\u00e1ch s\u1ea1n<\/h3>\n<ul>\n<li>K\u1ef3 ngh\u1ec9 tr\u1ecd<\/li>\n<\/ul>","protected":false},"excerpt":{"rendered":"<p>Gi\u00fap \u0111\u1ee1 chi ph\u00ed ch\u1ed7 \u1edf t\u1ea1m th\u1eddi trong khi m\u1ed9t ng\u01b0\u1eddi v\u1eafng nh\u00e0 \u0111\u1ec3 t\u00ecm ki\u1ebfm d\u1ecbch v\u1ee5 ch\u0103m s\u00f3c li\u00ean quan \u0111\u1ebfn c\u1ea5y gh\u00e9p. \u0110i\u1ec1u n\u00e0y ph\u1ea3i \u0111\u01b0\u1ee3c ph\u00ea duy\u1ec7t tr\u01b0\u1edbc v\u00e0 c\u00f3 m\u1ee9c t\u1ed1i \u0111a h\u00e0ng ng\u00e0y.<\/p>","protected":false},"author":43,"featured_media":7852,"parent":6840,"menu_order":21,"comment_status":"closed","ping_status":"closed","template":"","meta":{"_acf_changed":false,"_monsterinsights_skip_tracking":false,"_monsterinsights_sitenote_active":false,"_monsterinsights_sitenote_note":"","_monsterinsights_sitenote_category":0,"footnotes":""},"class_list":["post-6845","page","type-page","status-publish","has-post-thumbnail","hentry"],"acf":[],"aioseo_notices":[],"_links":{"self":[{"href":"https:\/\/gatransplant.blackbaudwp.com\/vi\/wp-json\/wp\/v2\/pages\/6845","targetHints":{"allow":["GET"]}}],"collection":[{"href":"https:\/\/gatransplant.blackbaudwp.com\/vi\/wp-json\/wp\/v2\/pages"}],"about":[{"href":"https:\/\/gatransplant.blackbaudwp.com\/vi\/wp-json\/wp\/v2\/types\/page"}],"author":[{"embeddable":true,"href":"https:\/\/gatransplant.blackbaudwp.com\/vi\/wp-json\/wp\/v2\/users\/43"}],"replies":[{"embeddable":true,"href":"https:\/\/gatransplant.blackbaudwp.com\/vi\/wp-json\/wp\/v2\/comments?post=6845"}],"version-history":[{"count":5,"href":"https:\/\/gatransplant.blackbaudwp.com\/vi\/wp-json\/wp\/v2\/pages\/6845\/revisions"}],"predecessor-version":[{"id":62370,"href":"https:\/\/gatransplant.blackbaudwp.com\/vi\/wp-json\/wp\/v2\/pages\/6845\/revisions\/62370"}],"up":[{"embeddable":true,"href":"https:\/\/gatransplant.blackbaudwp.com\/vi\/wp-json\/wp\/v2\/pages\/6840"}],"wp:featuredmedia":[{"embeddable":true,"href":"https:\/\/gatransplant.blackbaudwp.com\/vi\/wp-json\/wp\/v2\/media\/7852"}],"wp:attachment":[{"href":"https:\/\/gatransplant.blackbaudwp.com\/vi\/wp-json\/wp\/v2\/media?parent=6845"}],"curies":[{"name":"wp","href":"https:\/\/api.w.org\/{rel}","templated":true}]}}