{"id":6844,"date":"2020-06-22T17:38:02","date_gmt":"2020-06-22T21:38:02","guid":{"rendered":"https:\/\/gatransplant.org\/our-programs\/financial-assistance-programs\/evaluation-assistance\/"},"modified":"2025-08-13T09:04:34","modified_gmt":"2025-08-13T13:04:34","slug":"evaluation-assistance","status":"publish","type":"page","link":"https:\/\/gatransplant.blackbaudwp.com\/vi\/our-programs\/financial-assistance-programs\/evaluation-assistance\/","title":{"rendered":"H\u1ed7 tr\u1ee3 \u0111\u00e1nh gi\u00e1"},"content":{"rendered":"<h1>\n\t\t\tH\u1ed7 tr\u1ee3 \u0111\u00e1nh gi\u00e1\n\t\t<\/h1>\n\t\t\t<p>C\u00e1c \u1ee9ng c\u1eed vi\u00ean ti\u1ec1m n\u0103ng cho vi\u1ec7c c\u1ea5y gh\u00e9p ph\u1ea3i \u0111\u1ebfn b\u1ec7nh vi\u1ec7n \u0111\u1ec3 \u0111\u00e1nh gi\u00e1 \u0111\u1ec3 \u0111\u01b0\u1ee3c \u0111\u01b0a v\u00e0o danh s\u00e1ch c\u1ea5y gh\u00e9p. Nh\u1eefng \u1ee9ng vi\u00ean ti\u1ec1m n\u0103ng n\u00e0y th\u01b0\u1eddng thi\u1ebfu ngu\u1ed3n l\u1ef1c \u0111\u1ec3 trang tr\u1ea3i chi ph\u00ed nhi\u00ean li\u1ec7u v\u00e0 ch\u1ed7 \u1edf li\u00ean quan \u0111\u1ebfn vi\u1ec7c \u0111i l\u1ea1i. M\u1ee5c ti\u00eau c\u1ee7a Ch\u01b0\u01a1ng tr\u00ecnh H\u1ed7 tr\u1ee3 \u0110\u00e1nh gi\u00e1 l\u00e0 cung c\u1ea5p kh\u1ea3 n\u0103ng ti\u1ebfp c\u1eadn c\u1ea5y gh\u00e9p b\u1eb1ng c\u00e1ch cung c\u1ea5p h\u1ed7 tr\u1ee3 t\u00e0i ch\u00ednh cho c\u00e1c c\u01b0 d\u00e2n c\u1ee7a Georgia \u0111ang t\u00ecm ki\u1ebfm \u0111\u00e1nh gi\u00e1 c\u1ea5y gh\u00e9p.<a href=\"https:\/\/gatransplant.blackbaudwp.com\/vi\/our-programs\/financial-assistance-programs\/evaluation-assistance\/evaluation-assistance-application\/\">\u00c1p d\u1ee5ng ngay b\u00e2y gi\u1edd<\/a><\/p>\t\t\n\t\t\t<a href=\"#about\" target=\"_self\" rel=\"noopener\">\n\t\t\t\t\t\t\tAbout This Program\n\t\t\t<\/a>\n\t\t\t<a href=\"#howto\" target=\"_self\" rel=\"noopener\">\n\t\t\t\t\t\t\tHow To Apply\n\t\t\t<\/a>\n\t\t\t<a href=\"https:\/\/gatransplant.blackbaudwp.com\/vi\/our-programs\/financial-assistance-programs\/evaluation-assistance\/evaluation-assistance-application\/\" target=\"_self\" rel=\"noopener\">\n\t\t\t\t\t\t\t\u00c1p d\u1ee5ng ngay b\u00e2y gi\u1edd\n\t\t\t<\/a>\n\t\t\t\t\t\t\t\t\t\t<p>T\u00f4i kh\u00f4ng bi\u1ebft l\u00e0m th\u1ebf n\u00e0o \u0111\u1ec3 b\u00e0y t\u1ecf s\u1ef1 c\u1ea3m \u01a1n c\u1ee7a m\u00ecnh ngo\u00e0i vi\u1ec7c n\u00f3i l\u1eddi C\u1ea2M \u01a0N. Hai t\u1eeb \u0111\u00f3 kh\u00f4ng \u0111\u1ee7 \u0111\u1ec3 n\u00f3i l\u00ean s\u1ef1 c\u1ea3m k\u00edch c\u1ee7a t\u00f4i v\u1ec1 vi\u1ec7c b\u1ea1n \u0111\u00e3 \u0111\u1ed3ng h\u00e0nh c\u00f9ng ch\u00fang t\u00f4i trong cu\u1ed9c h\u00e0nh tr\u00ecnh c\u1ea5y gh\u00e9p \u0111\u1ea7y th\u1eed th\u00e1ch n\u00e0y. S\u1ef1 h\u00e0o ph\u00f3ng c\u1ee7a b\u1ea1n cho ph\u00e9p GTF h\u1ed7 tr\u1ee3 t\u00e0i ch\u00ednh v\u00e0 khuy\u1ebfn kh\u00edch t\u00f4i tr\u00ean t\u1eebng b\u01b0\u1edbc \u0111\u01b0\u1eddng.<\/p>\n\t\t\t\t\t\t\t\t\t<h3>&#8211; Jim T, Liver Transplant Recipient<\/h3>\n\t<!-- \/.pp-testimonials -->\n\t\t<h2>\n\t\t\tProvideing access to transplantation\n\t\t<\/h2>\n\t\t\t<p>C\u00e1c \u1ee9ng c\u1eed vi\u00ean ti\u1ec1m n\u0103ng cho vi\u1ec7c c\u1ea5y gh\u00e9p ph\u1ea3i \u0111\u1ebfn b\u1ec7nh vi\u1ec7n \u0111\u1ec3 \u0111\u00e1nh gi\u00e1 nh\u1eb1m tr\u1ea3i qua c\u00e1c x\u00e9t nghi\u1ec7m c\u1ea7n thi\u1ebft \u0111\u1ec3 \u0111\u01b0\u1ee3c li\u1ec7t k\u00ea v\u00e0o danh s\u00e1ch c\u1ea5y gh\u00e9p. Nh\u1eefng \u1ee9ng vi\u00ean ti\u1ec1m n\u0103ng n\u00e0y th\u01b0\u1eddng thi\u1ebfu ngu\u1ed3n l\u1ef1c \u0111\u1ec3 trang tr\u1ea3i chi ph\u00ed nhi\u00ean li\u1ec7u, ch\u1ed7 \u1edf v\u00e0 ph\u00ed \u0111\u1eadu xe li\u00ean quan \u0111\u1ebfn vi\u1ec7c \u0111i l\u1ea1i v\u00e0 qu\u00e1 tr\u00ecnh \u0111\u00e1nh gi\u00e1 c\u1ea5y gh\u00e9p th\u01b0\u1eddng k\u00e9o d\u00e0i t\u1eeb ba \u0111\u1ebfn n\u0103m ng\u00e0y.<strong>M\u1ee5c ti\u00eau c\u1ee7a Ch\u01b0\u01a1ng tr\u00ecnh h\u1ed7 tr\u1ee3 \u0111\u00e1nh gi\u00e1 l\u00e0 cung c\u1ea5p quy\u1ec1n truy c\u1eadp v\u00e0o c\u1ea5y gh\u00e9p b\u1eb1ng c\u00e1ch cung c\u1ea5p h\u1ed7 tr\u1ee3 t\u00e0i ch\u00ednh cho c\u00e1c c\u01b0 d\u00e2n c\u1ee7a Georgia ng\u01b0\u1eddi s\u1ed1ng \u00edt nh\u1ea5t 75 d\u1eb7m t\u1eeb trung t\u00e2m c\u1ea5y gh\u00e9p n\u01a1i h\u1ecd c\u00f3 h\u1eb9n \u0111\u00e1nh gi\u00e1 c\u1ee7a h\u1ecd l\u00ean k\u1ebf ho\u1ea1ch v\u00e0 th\u1ec3 hi\u1ec7n nhu c\u1ea7u t\u00e0i ch\u00ednh.<\/strong><\/p>\t\t\n\t\t<h2>\n\t\t\tHow To Apply\n\t\t<\/h2>\n\t\t<h3>\n\t\t\tStep 1.\n\t\t\t\t\t\t\t\t\t\t\tConfirm Eligibility\n\t\t<\/h3>\n\t\t\t<ul><li>Be a Georgia resident<\/li><li>Potential candidate for transplant who has their initial evaluation appointment scheduled and live at least 75-miles away from the transplant center<\/li><li>Show evidence of financial need<\/li><\/ul>\t\t\n\t\t<h3>\n\t\t\tStep 2.\n\t\t\t\t\t\t\t\t\t\t\tDiscuss Needs\n\t\t<\/h3>\n\t\t\t<p>Talk to your transplant center or dialysis center social worker about your needs.<\/p>\t\t\n\t\t<h3>\n\t\t\tStep 3.\n\t\t\t\t\t\t\t\t\t\t\tApply &#038; Send Documents\n\t\t<\/h3>\n\t\t\t<ul><li>Submit a completed application to your social worker or through the online application form<\/li><li>Provide documents to support the requested assistance<\/li><li><strong><a href=\"#apply\">See Application Options for more details<\/a><\/strong><\/li><\/ul>\t\t\n\t\t<h3>\n\t\t\tStep 4.\n\t\t\t\t\t\t\t\t\t\t\tReview\n\t\t<\/h3>\n\t\t\t<ul><li>Applications will be reviewed, once submitted and complete<\/li><li>Requesting social worker will be notified regarding the review decision<\/li><\/ul>\t\t\n\t\t<h3>\n\t\t\tHave Questions?\n\t\t<\/h3>\n\t\t\t<p>We&#8217;re happy to answer any questions you have about our Evaluation Assistance program.<\/p>\t\t\n\t\t\t<a href=\"tel:770-457-3796\" target=\"_self\" rel=\"noopener\">\n\t\t\t\t\t\tCall: 770-457-3796\t\t\t\t\t\n\t\t<\/a>\n\t\t\t<a href=\"mailto:GTF@gatransplant.org\" target=\"_self\" rel=\"noopener\">\n\t\t\t\t\t\tEmail: GTF@gatransplant.org\t\t\t\t\t\n\t\t<\/a>\n\t\t<h2>\n\t\t\tApplication Options\n\t\t<\/h2>\n\t\t<h3>\n\t\t\tOnline\n\t\t<\/h3>\n\t\t\t<p>Use our online form to submit your application. <em>L\u01b0u \u00fd: \u0110\u1ec3 truy c\u1eadp \u1ee9ng d\u1ee5ng tr\u1ef1c tuy\u1ebfn, b\u1ea1n s\u1ebd c\u1ea7n m\u1eadt kh\u1ea9u do nh\u00e2n vi\u00ean x\u00e3 h\u1ed9i c\u1ee7a trung t\u00e2m l\u1ecdc m\u00e1u ho\u1eb7c c\u1ea5y gh\u00e9p cung c\u1ea5p.<\/em><a href=\"https:\/\/gatransplant.blackbaudwp.com\/vi\/our-programs\/financial-assistance-programs\/evaluation-assistance\/evaluation-assistance-application\/\">\u00c1p d\u1ee5ng ngay b\u00e2y gi\u1edd<\/a><\/p>\t\t\n\t\t<h3>\n\t\t\tNh\u00e2n vi\u00ean x\u00e3 h\u1ed9i\n\t\t<\/h3>\n\t\t\t<p><a href=\"https:\/\/gatransplant.org\/wp-content\/uploads\/2020\/12\/Evaluation_Application.pdf\" target=\"_blank\" rel=\"noopener\">Download<\/a>, print and fill out\u00a0 your application. Once completed, submit it to your transplant center social worker with the necessary documentation.<\/p>","protected":false},"excerpt":{"rendered":"<p>Cung c\u1ea5p kh\u1ea3 n\u0103ng ti\u1ebfp c\u1eadn vi\u1ec7c c\u1ea5y gh\u00e9p cho c\u00e1c \u1ee9ng vi\u00ean ti\u1ec1m n\u0103ng, nh\u1eefng ng\u01b0\u1eddi ph\u1ea3i \u0111\u1ebfn b\u1ec7nh vi\u1ec7n \u0111\u1ec3 \u0111\u00e1nh gi\u00e1 v\u00e0 c\u1ea7n tr\u1ee3 gi\u00fap v\u1ec1 chi ph\u00ed nhi\u00ean li\u1ec7u v\u00e0 ch\u1ed7 \u1edf li\u00ean quan \u0111\u1ebfn vi\u1ec7c \u0111i l\u1ea1i.<\/p>","protected":false},"author":43,"featured_media":7845,"parent":6840,"menu_order":20,"comment_status":"closed","ping_status":"closed","template":"","meta":{"_acf_changed":false,"_monsterinsights_skip_tracking":false,"_monsterinsights_sitenote_active":false,"_monsterinsights_sitenote_note":"","_monsterinsights_sitenote_category":0,"footnotes":""},"class_list":["post-6844","page","type-page","status-publish","has-post-thumbnail","hentry"],"acf":[],"aioseo_notices":[],"_links":{"self":[{"href":"https:\/\/gatransplant.blackbaudwp.com\/vi\/wp-json\/wp\/v2\/pages\/6844","targetHints":{"allow":["GET"]}}],"collection":[{"href":"https:\/\/gatransplant.blackbaudwp.com\/vi\/wp-json\/wp\/v2\/pages"}],"about":[{"href":"https:\/\/gatransplant.blackbaudwp.com\/vi\/wp-json\/wp\/v2\/types\/page"}],"author":[{"embeddable":true,"href":"https:\/\/gatransplant.blackbaudwp.com\/vi\/wp-json\/wp\/v2\/users\/43"}],"replies":[{"embeddable":true,"href":"https:\/\/gatransplant.blackbaudwp.com\/vi\/wp-json\/wp\/v2\/comments?post=6844"}],"version-history":[{"count":5,"href":"https:\/\/gatransplant.blackbaudwp.com\/vi\/wp-json\/wp\/v2\/pages\/6844\/revisions"}],"predecessor-version":[{"id":62356,"href":"https:\/\/gatransplant.blackbaudwp.com\/vi\/wp-json\/wp\/v2\/pages\/6844\/revisions\/62356"}],"up":[{"embeddable":true,"href":"https:\/\/gatransplant.blackbaudwp.com\/vi\/wp-json\/wp\/v2\/pages\/6840"}],"wp:featuredmedia":[{"embeddable":true,"href":"https:\/\/gatransplant.blackbaudwp.com\/vi\/wp-json\/wp\/v2\/media\/7845"}],"wp:attachment":[{"href":"https:\/\/gatransplant.blackbaudwp.com\/vi\/wp-json\/wp\/v2\/media?parent=6844"}],"curies":[{"name":"wp","href":"https:\/\/api.w.org\/{rel}","templated":true}]}}