{"id":6843,"date":"2020-06-22T17:38:02","date_gmt":"2020-06-22T21:38:02","guid":{"rendered":"https:\/\/gatransplant.org\/our-programs\/financial-assistance-programs\/emergency-assistance\/"},"modified":"2025-08-13T09:02:15","modified_gmt":"2025-08-13T13:02:15","slug":"emergency-assistance","status":"publish","type":"page","link":"https:\/\/gatransplant.blackbaudwp.com\/vi\/our-programs\/financial-assistance-programs\/emergency-assistance\/","title":{"rendered":"H\u1ed7 tr\u1ee3 kh\u1ea9n c\u1ea5p"},"content":{"rendered":"<h1>\n\t\t\tH\u1ed6 TR\u1ee2 KH\u1ea8N C\u1ea4P\n\t\t<\/h1>\n\t\t\t<p>The Emergency Financial Assistance Program is intended to offer transitional support for emergency needs that are not considered medical in nature but have a direct impact on the survival and health of the transplant recipient.<a href=\"https:\/\/gatransplant.blackbaudwp.com\/vi\/our-programs\/financial-assistance-programs\/emergency-assistance\/emergency-assistance-application\/\">\u00c1p d\u1ee5ng ngay b\u00e2y gi\u1edd<\/a><\/p>\t\t\n\t\t\t<a href=\"#about\" target=\"_self\" rel=\"noopener\">\n\t\t\t\t\t\t\tAbout This Program\n\t\t\t<\/a>\n\t\t\t<a href=\"#howto\" target=\"_self\" rel=\"noopener\">\n\t\t\t\t\t\t\tHow To Apply\n\t\t\t<\/a>\n\t\t\t<a href=\"https:\/\/gatransplant.blackbaudwp.com\/vi\/our-programs\/financial-assistance-programs\/emergency-assistance\/emergency-assistance-application\/\" target=\"_self\" rel=\"noopener\">\n\t\t\t\t\t\t\t\u00c1p d\u1ee5ng ngay b\u00e2y gi\u1edd\n\t\t\t<\/a>\n\t\t\t\t\t\t\t\t\t\t<p>T\u00f4i v\u1eabn \u1ed5n sau khi \u0111\u01b0\u1ee3c gh\u00e9p th\u1eadn - t\u00f4i t\u1ef1 t\u00fac v\u00e0 trang tr\u1ea3i cu\u1ed9c s\u1ed1ng. Nh\u01b0ng \u1edf tu\u1ed5i 39, t\u00f4i ph\u00e1t hi\u1ec7n ra r\u1eb1ng t\u00f4i c\u1ea7n ph\u1ea3i ph\u1eabu thu\u1eadt ti\u1ebfp theo v\u00e0 ph\u1ea3i ngh\u1ec9 vi\u1ec7c kh\u00f4ng l\u01b0\u01a1ng. T\u00f4i bi\u1ebft \u01a1n GTF v\u00ec h\u1ecd \u0111\u00e3 gi\u00fap t\u00f4i v\u01b0\u1ee3t qua giai \u0111o\u1ea1n kh\u1ee7ng ho\u1ea3ng b\u1eb1ng c\u00e1ch tr\u1ea3 ti\u1ec1n thu\u1ed1c h\u00e0ng ng\u00e0y, ph\u00ed b\u1ea3o hi\u1ec3m y t\u1ebf v\u00e0 ti\u1ec1n thu\u00ea nh\u00e0 h\u00e0ng th\u00e1ng cho \u0111\u1ebfn khi t\u00f4i c\u00f3 th\u1ec3 tr\u1edf l\u1ea1i l\u00e0m vi\u1ec7c.<\/p>\n\t\t\t\t\t\t\t\t\t<h3>- Leslie B, Ng\u01b0\u1eddi nh\u1eadn C\u1ea5y gh\u00e9p Th\u1eadn<\/h3>\n\t<!-- \/.pp-testimonials -->\n\t\t<h2>\n\t\t\tTransitional, short-term support\n\t\t<\/h2>\n\t\t\t<p><strong>M\u1ee5c ti\u00eau c\u1ee7a ch\u01b0\u01a1ng tr\u00ecnh l\u00e0 cung c\u1ea5p c\u1ee9u tr\u1ee3 cho c\u00e1c tr\u01b0\u1eddng h\u1ee3p kh\u1ea9n c\u1ea5p kh\u00f4ng l\u01b0\u1eddng tr\u01b0\u1edbc \u0111\u01b0\u1ee3c ph\u00e1t sinh cho nh\u1eefng ng\u01b0\u1eddi nh\u1eadn gh\u00e9p t\u1ea1ng r\u1eafn m\u00e0 s\u1ef1 gi\u00fap \u0111\u1ee1 n\u00e0y c\u00f3 th\u1ec3 \u0111\u01b0\u1ee3c mong \u0111\u1ee3i \u0111\u1ec3 gi\u1ea3m b\u1edbt kh\u1ee7ng ho\u1ea3ng.<\/strong>Ch\u01b0\u01a1ng tr\u00ecnh \u0111\u00e1p \u1ee9ng nhanh ch\u00f3ng nh\u1eefng nhu c\u1ea7u kh\u1ea9n c\u1ea5p kh\u00f4ng \u0111\u01b0\u1ee3c coi l\u00e0 y t\u1ebf n\u00e0y v\u1ec1 b\u1ea3n ch\u1ea5t nh\u01b0ng c\u00f3 t\u00e1c \u0111\u1ed9ng tr\u1ef1c ti\u1ebfp \u0111\u1ebfn s\u1ef1 s\u1ed1ng c\u00f2n v\u00e0 s\u1ee9c kh\u1ecfe c\u1ee7a ng\u01b0\u1eddi nh\u1eadn c\u1ea5y gh\u00e9p, \u0111\u1ed3ng th\u1eddi cung c\u1ea5p h\u1ed7 tr\u1ee3 chuy\u1ec3n ti\u1ebfp trong khi c\u00e1c k\u1ebf ho\u1ea1ch v\u0129nh vi\u1ec5n \u0111\u01b0\u1ee3c th\u1ef1c hi\u1ec7n.<\/p>\t\t\n\t\t<h2>\n\t\t\tHow To Apply\n\t\t<\/h2>\n\t\t<h3>\n\t\t\tStep 1.\n\t\t\t\t\t\t\t\t\t\t\tConfirm Eligibility\n\t\t<\/h3>\n\t\t\t<ul><li>Be a Georgia resident<\/li><li>Be a solid organ transplant recipient<\/li><li>Show evidence of financial need<\/li><li>Provide evidence of working on a permanent solution to address the need<\/li><li>Have a need related to transplant<\/li><\/ul>\t\t\n\t\t<h3>\n\t\t\tStep 2.\n\t\t\t\t\t\t\t\t\t\t\tTalk to your social worker\n\t\t<\/h3>\n\t\t\t<p>Th\u1ea3o lu\u1eadn v\u1ec1 nhu c\u1ea7u c\u1ee7a b\u1ea1n v\u1edbi nh\u00e2n vi\u00ean x\u00e3 h\u1ed9i c\u1ee7a trung t\u00e2m c\u1ea5y gh\u00e9p c\u1ee7a b\u1ea1n.<\/p>\t\t\n\t\t<h3>\n\t\t\tStep 3.\n\t\t\t\t\t\t\t\t\t\t\tComplete Application\n\t\t<\/h3>\n\t\t\t<p>Submit a completed Emergency Financial Assistance application to your social worker, along with the documents to support the requested assistance. <strong><a href=\"#apply\">See Application Options for more details<\/a>.<\/strong><\/p>\t\t\n\t\t<h3>\n\t\t\tStep 4.\n\t\t\t\t\t\t\t\t\t\t\tReview\n\t\t<\/h3>\n\t\t\t<ul><li>Applications will be reviewed, once submitted and complete<\/li><li>Requesting social worker will be notified regarding the review decision within three business days<\/li><\/ul>\t\t\n\t\t<h3>\n\t\t\tStep 5.\n\t\t\t\t\t\t\t\t\t\t\tFunding Provided\n\t\t<\/h3>\n\t\t\t<p>S\u00e9c \u0111\u01b0\u1ee3c vi\u1ebft, tr\u1ea3 cho nh\u00e0 cung c\u1ea5p, v\u00e0 g\u1eedi \u0111\u1ebfn nh\u00e0 ng\u01b0\u1eddi nh\u1eadn c\u1ea5y gh\u00e9p.<\/p>\t\t\n\t\t<h3>\n\t\t\tHave Questions?\n\t\t<\/h3>\n\t\t\t<p>We&#8217;re happy to answer any questions you have about our Emergency Assistance program.<\/p>\t\t\n\t\t\t<a href=\"tel:770-457-3796\" target=\"_self\" rel=\"noopener\">\n\t\t\t\t\t\tCall: 770-457-3796\t\t\t\t\t\n\t\t<\/a>\n\t\t\t<a href=\"mailto:GTF@gatransplant.org\" target=\"_self\" rel=\"noopener\">\n\t\t\t\t\t\tEmail: GTF@gatransplant.org\t\t\t\t\t\n\t\t<\/a>\n\t\t<h2>\n\t\t\tApplication Options\n\t\t<\/h2>\n\t\t<h3>\n\t\t\tOnline\n\t\t<\/h3>\n\t\t\t<p>Use our online form to submit your application. <em>L\u01b0u \u00fd: \u0110\u1ec3 truy c\u1eadp \u1ee9ng d\u1ee5ng tr\u1ef1c tuy\u1ebfn, b\u1ea1n s\u1ebd c\u1ea7n m\u1eadt kh\u1ea9u do nh\u00e2n vi\u00ean x\u00e3 h\u1ed9i c\u1ee7a trung t\u00e2m c\u1ea5y gh\u00e9p c\u1ee7a b\u1ea1n cung c\u1ea5p.<\/em><a href=\"https:\/\/gatransplant.blackbaudwp.com\/vi\/our-programs\/financial-assistance-programs\/emergency-assistance\/emergency-assistance-application\/\">\u00c1p d\u1ee5ng ngay b\u00e2y gi\u1edd<\/a><\/p>\t\t\n\t\t<h3>\n\t\t\tNh\u00e2n vi\u00ean x\u00e3 h\u1ed9i\n\t\t<\/h3>\n\t\t\t<p><a href=\"https:\/\/gatransplant.org\/wp-content\/uploads\/2020\/10\/FINANCIAL-ASSISTANCE.pdf\" target=\"_blank\" rel=\"noopener\">Download<\/a>, print, and fill out your application. Once completed, submit it to your dialysis or transplant center social worker with the necessary documentation.<\/p>","protected":false},"excerpt":{"rendered":"<p>Cung c\u1ea5p h\u1ed7 tr\u1ee3 t\u00e0i ch\u00ednh \u0111\u1ec3 gi\u1ea3m b\u1edbt t\u00ecnh tr\u1ea1ng kh\u1ee7ng ho\u1ea3ng ho\u1eb7c cung c\u1ea5p h\u1ed7 tr\u1ee3 chuy\u1ec3n ti\u1ebfp cho c\u00e1c nhu c\u1ea7u kh\u1ea9n c\u1ea5p kh\u00f4ng \u0111\u01b0\u1ee3c coi l\u00e0 y t\u1ebf v\u1ec1 b\u1ea3n ch\u1ea5t nh\u01b0ng c\u00f3 t\u00e1c \u0111\u1ed9ng tr\u1ef1c ti\u1ebfp \u0111\u1ebfn s\u1ef1 s\u1ed1ng c\u00f2n v\u00e0 s\u1ee9c kh\u1ecfe c\u1ee7a ng\u01b0\u1eddi \u0111\u01b0\u1ee3c c\u1ea5y gh\u00e9p.<\/p>","protected":false},"author":43,"featured_media":7746,"parent":6840,"menu_order":19,"comment_status":"closed","ping_status":"closed","template":"","meta":{"_acf_changed":false,"_monsterinsights_skip_tracking":false,"_monsterinsights_sitenote_active":false,"_monsterinsights_sitenote_note":"","_monsterinsights_sitenote_category":0,"footnotes":""},"class_list":["post-6843","page","type-page","status-publish","has-post-thumbnail","hentry"],"acf":[],"aioseo_notices":[],"_links":{"self":[{"href":"https:\/\/gatransplant.blackbaudwp.com\/vi\/wp-json\/wp\/v2\/pages\/6843","targetHints":{"allow":["GET"]}}],"collection":[{"href":"https:\/\/gatransplant.blackbaudwp.com\/vi\/wp-json\/wp\/v2\/pages"}],"about":[{"href":"https:\/\/gatransplant.blackbaudwp.com\/vi\/wp-json\/wp\/v2\/types\/page"}],"author":[{"embeddable":true,"href":"https:\/\/gatransplant.blackbaudwp.com\/vi\/wp-json\/wp\/v2\/users\/43"}],"replies":[{"embeddable":true,"href":"https:\/\/gatransplant.blackbaudwp.com\/vi\/wp-json\/wp\/v2\/comments?post=6843"}],"version-history":[{"count":5,"href":"https:\/\/gatransplant.blackbaudwp.com\/vi\/wp-json\/wp\/v2\/pages\/6843\/revisions"}],"predecessor-version":[{"id":62355,"href":"https:\/\/gatransplant.blackbaudwp.com\/vi\/wp-json\/wp\/v2\/pages\/6843\/revisions\/62355"}],"up":[{"embeddable":true,"href":"https:\/\/gatransplant.blackbaudwp.com\/vi\/wp-json\/wp\/v2\/pages\/6840"}],"wp:featuredmedia":[{"embeddable":true,"href":"https:\/\/gatransplant.blackbaudwp.com\/vi\/wp-json\/wp\/v2\/media\/7746"}],"wp:attachment":[{"href":"https:\/\/gatransplant.blackbaudwp.com\/vi\/wp-json\/wp\/v2\/media?parent=6843"}],"curies":[{"name":"wp","href":"https:\/\/api.w.org\/{rel}","templated":true}]}}