{"id":6842,"date":"2020-06-22T17:37:26","date_gmt":"2020-06-22T21:37:26","guid":{"rendered":"https:\/\/gatransplant.org\/our-programs\/education-community-programs\/"},"modified":"2025-12-19T13:17:29","modified_gmt":"2025-12-19T18:17:29","slug":"education-community-programs","status":"publish","type":"page","link":"https:\/\/gatransplant.blackbaudwp.com\/vi\/our-programs\/education-community-programs\/","title":{"rendered":"Ch\u01b0\u01a1ng tr\u00ecnh Gi\u00e1o d\u1ee5c &amp; C\u1ed9ng \u0111\u1ed3ng"},"content":{"rendered":"<h1>\n\t\t\tGi\u00e1o d\u1ee5c &amp; C\u1ed9ng \u0111\u1ed3ng\n\t\t<\/h1>\n\t\t\t<p>Ch\u00fang t\u00f4i t\u1ef1 h\u00e0o c\u00f3 th\u1ec3 cung c\u1ea5p cho c\u1ed9ng \u0111\u1ed3ng c\u1ea5y gh\u00e9p m\u1ed9t lo\u1ea1t c\u00e1c ch\u01b0\u01a1ng tr\u00ecnh h\u1ed7 tr\u1ee3 gi\u00e1o d\u1ee5c v\u00e0 tinh th\u1ea7n.<\/p>\t\t\n\t\t\t\t\t\t<h2>H\u1ecdc b\u1ed5ng h\u1ecdc thu\u1eadt<\/h2>\t\t\t\t\t\n\t\t\t<p>Nh\u1eadn th\u1ea5y r\u1eb1ng vi\u1ec7c c\u1ea5y gh\u00e9p g\u00e2y kh\u00f3 kh\u0103n v\u1ec1 t\u00e0i ch\u00ednh cho c\u1ea3 gia \u0111\u00ecnh, GTF h\u00e0ng n\u0103m trao h\u1ecdc b\u1ed5ng h\u1ecdc t\u1eadp cho nh\u1eefng sinh vi\u00ean \u0111\u01b0\u1ee3c ch\u1ecdn l\u00e0 ng\u01b0\u1eddi nh\u1eadn c\u1ea5y gh\u00e9p, ng\u01b0\u1eddi ph\u1ee5 thu\u1ed9c ho\u1eb7c anh ch\u1ecb em c\u1ee7a ng\u01b0\u1eddi \u0111\u01b0\u1ee3c c\u1ea5y gh\u00e9p v\u00e0 nh\u1eefng ng\u01b0\u1eddi hi\u1ebfn t\u1eb7ng c\u00f2n s\u1ed1ng.<\/p>\t\t\n\t\t\t\t<a href=\"https:\/\/gatransplant.org\/our-programs\/education-community-programs\/academic-scholarships\/\" role=\"button\" target=\"_self\">\n\t\t\t\t\t\t\t\t\t\tT\u00ecm hi\u1ec3u th\u00eam\n\t\t\t\t\t\t\t\t\t<\/a>\n\t\t\t\t\t\t<h2>D\u1ef1 \u00e1n C\u1ed1 v\u1ea5n<\/h2>\t\t\t\t\t\n\t\t\t<p>D\u1ef1 \u00e1n Mentor cung c\u1ea5p s\u1ef1 ti\u1ebfp x\u00fac tr\u1ef1c ti\u1ebfp gi\u1eefa nh\u1eefng ng\u01b0\u1eddi s\u1ed1ng th\u00e0nh c\u00f4ng v\u1edbi ca c\u1ea5y gh\u00e9p v\u00e0 nh\u1eefng ng\u01b0\u1eddi m\u1edbi ho\u1eb7c \u0111ang th\u00edch nghi v\u1edbi th\u1ebf gi\u1edbi c\u1ea5y gh\u00e9p. D\u1ef1 \u00e1n Mentor \u0111\u00e3 \u0111\u00e0o t\u1ea1o nh\u1eefng ng\u01b0\u1eddi c\u1ed1 v\u1ea5n c\u00f3 mong mu\u1ed1n gi\u00fap \u0111\u1ee1 nh\u1eefng ng\u01b0\u1eddi kh\u00e1c trong qu\u00e1 tr\u00ecnh c\u1ea5y gh\u00e9p.<\/p>\t\t\n\t\t\t\t<a href=\"https:\/\/gatransplant.org\/our-programs\/education-community-programs\/the-mentor-project\/\" role=\"button\" target=\"_self\">\n\t\t\t\t\t\t\t\t\t\tT\u00ecm hi\u1ec3u th\u00eam\n\t\t\t\t\t\t\t\t\t<\/a>\n\t\t<h1>\n\t\t\tMore Programs\n\t\t<\/h1>\n\t\t<h2>\n\t\t\tL\u00e0m gi\u00e0u cu\u1ed9c s\u1ed1ng\n\t\t<\/h2>\n\t\t\t\t\t\t\t\t\t\t<p>Tr\u01b0\u1edbc khi c\u1ea5y gh\u00e9p, t\u00f4i ch\u01b0a bao gi\u1edd t\u01b0\u1edfng t\u01b0\u1ee3ng \u0111\u01b0\u1ee3c h\u01b0\u1edbng \u0111i m\u00e0 cu\u1ed9c \u0111\u1eddi t\u00f4i c\u00f3 th\u1ec3 \u0111i. T\u00f4i r\u1ea5t bi\u1ebft \u01a1n c\u1ed9ng \u0111\u1ed3ng c\u1ea5y gh\u00e9p \u0111\u00e3 cho t\u00f4i c\u01a1 h\u1ed9i th\u00e0nh c\u00f4ng trong nhi\u1ec1u kh\u00eda c\u1ea1nh kh\u00e1c nhau c\u1ee7a cu\u1ed9c s\u1ed1ng!<\/p>\n\t\t\t\t\t\t\t\t\t<h3>&#8211; Ken S<\/h3>\n\t\t\t\t\t\t\t\t\t\t\t\t\t<h4>Two-Time Kidney Transplant Recipient<\/h4>\n\t<!-- \/.pp-testimonials -->","protected":false},"excerpt":{"rendered":"<p>Education &#038; Community We are proud to be able to provide the transplant community with a wide range of educational and emotional support programs. Academic Scholarships Realizing that transplantation poses&hellip;<\/p>","protected":false},"author":43,"featured_media":0,"parent":6835,"menu_order":18,"comment_status":"closed","ping_status":"closed","template":"","meta":{"_acf_changed":false,"_monsterinsights_skip_tracking":false,"_monsterinsights_sitenote_active":false,"_monsterinsights_sitenote_note":"","_monsterinsights_sitenote_category":0,"footnotes":""},"class_list":["post-6842","page","type-page","status-publish","hentry"],"acf":[],"aioseo_notices":[],"_links":{"self":[{"href":"https:\/\/gatransplant.blackbaudwp.com\/vi\/wp-json\/wp\/v2\/pages\/6842","targetHints":{"allow":["GET"]}}],"collection":[{"href":"https:\/\/gatransplant.blackbaudwp.com\/vi\/wp-json\/wp\/v2\/pages"}],"about":[{"href":"https:\/\/gatransplant.blackbaudwp.com\/vi\/wp-json\/wp\/v2\/types\/page"}],"author":[{"embeddable":true,"href":"https:\/\/gatransplant.blackbaudwp.com\/vi\/wp-json\/wp\/v2\/users\/43"}],"replies":[{"embeddable":true,"href":"https:\/\/gatransplant.blackbaudwp.com\/vi\/wp-json\/wp\/v2\/comments?post=6842"}],"version-history":[{"count":7,"href":"https:\/\/gatransplant.blackbaudwp.com\/vi\/wp-json\/wp\/v2\/pages\/6842\/revisions"}],"predecessor-version":[{"id":62610,"href":"https:\/\/gatransplant.blackbaudwp.com\/vi\/wp-json\/wp\/v2\/pages\/6842\/revisions\/62610"}],"up":[{"embeddable":true,"href":"https:\/\/gatransplant.blackbaudwp.com\/vi\/wp-json\/wp\/v2\/pages\/6835"}],"wp:attachment":[{"href":"https:\/\/gatransplant.blackbaudwp.com\/vi\/wp-json\/wp\/v2\/media?parent=6842"}],"curies":[{"name":"wp","href":"https:\/\/api.w.org\/{rel}","templated":true}]}}