{"id":6840,"date":"2020-06-22T17:37:26","date_gmt":"2020-06-22T21:37:26","guid":{"rendered":"https:\/\/gatransplant.org\/our-programs\/financial-assistance-programs\/"},"modified":"2025-09-07T14:25:51","modified_gmt":"2025-09-07T18:25:51","slug":"financial-assistance-programs","status":"publish","type":"page","link":"https:\/\/gatransplant.blackbaudwp.com\/vi\/our-programs\/financial-assistance-programs\/","title":{"rendered":"C\u00e1c ch\u01b0\u01a1ng tr\u00ecnh h\u1ed7 tr\u1ee3 t\u00e0i ch\u00ednh"},"content":{"rendered":"<h1>\n\t\t\tH\u1ed7 tr\u1ee3 t\u00e0i ch\u00ednh\n\t\t<\/h1>\n\t\t\t<p>GTF \u0111\u00e1p \u1ee9ng nhu c\u1ea7u t\u00e0i ch\u00ednh qu\u00e1 l\u1edbn li\u00ean quan \u0111\u1ebfn c\u1ea5y gh\u00e9p b\u1eb1ng c\u00e1ch cung c\u1ea5p h\u1ed7 tr\u1ee3 ng\u1eafn h\u1ea1n, chuy\u1ec3n ti\u1ebfp trong nh\u1eefng th\u1eddi \u0111i\u1ec3m quan tr\u1ecdng n\u00e0y.<\/p>\n\t\t<h2>\n\t\t\tB\u1ec7nh nh\u00e2n c\u1ea5y gh\u00e9p v\u00e0 gia \u0111\u00ecnh c\u1ee7a h\u1ecd th\u01b0\u1eddng ph\u1ea3i \u0111\u1ed1i m\u1eb7t v\u1edbi nhu c\u1ea7u t\u00e0i ch\u00ednh qu\u00e1 l\u1edbn li\u00ean quan \u0111\u1ebfn vi\u1ec7c c\u1ea5y gh\u00e9p c\u1ee7a h\u1ecd.\n\t\t<\/h2>\n\t\t\t<p><strong>Our Financial Assistance Programs are available to applicants who have demonstrated an acute financial need related to their transplant &#8211; one that cannot be met through other resources.<\/strong>T\u1ea5t c\u1ea3 c\u00e1c ch\u01b0\u01a1ng tr\u00ecnh \u0111\u01b0\u1ee3c gi\u1edbi h\u1ea1n cho c\u01b0 d\u00e2n Georgia. C\u00e1c ch\u01b0\u01a1ng tr\u00ecnh ph\u1ee5c v\u1ee5 nh\u1eefng ng\u01b0\u1eddi nh\u1eadn gh\u00e9p t\u1ea1ng r\u1eafn, nh\u1eefng \u1ee9ng c\u1eed vi\u00ean \u0111\u01b0\u1ee3c UNOS li\u1ec7t k\u00ea, nh\u1eefng b\u1ec7nh nh\u00e2n l\u1ecdc m\u00e1u \u0111ang t\u00ecm c\u00e1ch c\u1ea5y gh\u00e9p v\u00e0 nh\u1eefng ng\u01b0\u1eddi hi\u1ebfn t\u1eb7ng c\u00f2n s\u1ed1ng. Ng\u01b0\u1eddi n\u1ed9p \u0111\u01a1n c\u00f3 th\u1ec3 ti\u1ebfp c\u1eadn c\u00e1c ch\u01b0\u01a1ng tr\u00ecnh n\u00e0y th\u00f4ng qua nh\u00e2n vi\u00ean x\u00e3 h\u1ed9i c\u1ee7a trung t\u00e2m l\u1ecdc m\u00e1u ho\u1eb7c c\u1ea5y gh\u00e9p c\u1ee7a h\u1ecd.<\/p>\t\t\n\t\t<h1>\n\t\t\tBrowse Our Programs\n\t\t<\/h1>\n\t\t<h2>\n\t\t\tL\u00e0m gi\u00e0u cu\u1ed9c s\u1ed1ng\n\t\t<\/h2>\n\t\t\t\t\t\t\t\t\t\t<p>Ng\u01b0\u1eddi c\u1ed1 v\u1ea5n c\u1ee7a t\u00f4i \u0111\u00e3 gi\u00fap t\u00f4i hi\u1ec3u c\u1ea3m x\u00fac c\u1ee7a t\u00f4i l\u00e0 b\u00ecnh th\u01b0\u1eddng. T\u00f4i c\u00f3 th\u1ec3 g\u1ecdi cho c\u00f4 \u1ea5y b\u1ea5t c\u1ee9 l\u00fac n\u00e0o v\u00e0 c\u00f4 \u1ea5y lu\u00f4n l\u1eafng nghe v\u00e0 th\u1ea5u hi\u1ec3u. C\u00f4 \u1ea5y kh\u00f4ng n\u00f3i v\u1edbi t\u00f4i r\u1eb1ng n\u00f3 s\u1ebd \u1ed5n nh\u01b0 nh\u1eefng ng\u01b0\u1eddi kh\u00e1c v\u1eabn l\u00e0m. C\u00f4 \u1ea5y bi\u1ebft c\u00f4 \u1ea5y kh\u00f4ng th\u1ec3 h\u1ee9a \u0111i\u1ec1u \u0111\u00f3, nh\u01b0ng c\u00f4 \u1ea5y \u0111\u00e3 l\u00e0m \u0111\u01b0\u1ee3c v\u00e0 \u0111i\u1ec1u \u0111\u00f3 cho t\u00f4i hy v\u1ecdng. C\u00f4 \u1ea5y \u0111\u00e3 tr\u1edf th\u00e0nh c\u1ee9u c\u00e1nh c\u1ee7a t\u00f4i v\u1edbi kh\u1ea3 n\u0103ng m\u1ecdi th\u1ee9 c\u0169ng s\u1ebd t\u1ed1t h\u01a1n cho t\u00f4i. T\u00f4i bi\u1ebft m\u00ecnh c\u0169ng mu\u1ed1n l\u00e0m \u0111i\u1ec1u t\u01b0\u01a1ng t\u1ef1 cho ng\u01b0\u1eddi kh\u00e1c v\u00e0 tr\u1edf th\u00e0nh ng\u01b0\u1eddi c\u1ed1 v\u1ea5n GTF.<\/p>\n\t\t\t\t\t\t\t\t\t<h3>-Leigh T<\/h3>\n\t\t\t\t\t\t\t\t\t\t\t\t\t<h4>Lung Transplant Recipient<\/h4>\n\t<!-- \/.pp-testimonials -->\n\t<a href=\"#\" id=\"trigger-\" role=\"button\" data-modal=\"\" data-node=\"\">\n\t\t\t\t\t<\/a>\n\t\t\t\t\t\tXem tr\u01b0\u1edbc ph\u01b0\u01a1ng th\u1ee9c-\n\t\t\t\t\t\t<iframe width=\"960\" height=\"715\" src=\"https:\/\/www.youtube.com\/embed\/W1BQR3vyjLc\" frameborder=\"0\" allow=\"accelerometer; autoplay; clipboard-write; encrypted-media; gyroscope; picture-in-picture\" allowfullscreen><\/iframe>\t\t\t\t\t\n\t<p>Video t\u1ed5ng quan v\u1ec1 c\u00e1c ch\u01b0\u01a1ng tr\u00ecnh v\u00e0 d\u1ecbch v\u1ee5 c\u1ee7a ch\u00fang t\u00f4i.<\/p>","protected":false},"excerpt":{"rendered":"<p>Financial Assistance GTF responds to overwhelming financial needs related to transplant by offering transitional, short-term support during these critical times. Transplant patients and their families often face overwhelming financial needs&hellip;<\/p>","protected":false},"author":43,"featured_media":0,"parent":6835,"menu_order":16,"comment_status":"closed","ping_status":"closed","template":"","meta":{"_acf_changed":false,"_monsterinsights_skip_tracking":false,"_monsterinsights_sitenote_active":false,"_monsterinsights_sitenote_note":"","_monsterinsights_sitenote_category":0,"footnotes":""},"class_list":["post-6840","page","type-page","status-publish","hentry"],"acf":[],"aioseo_notices":[],"_links":{"self":[{"href":"https:\/\/gatransplant.blackbaudwp.com\/vi\/wp-json\/wp\/v2\/pages\/6840","targetHints":{"allow":["GET"]}}],"collection":[{"href":"https:\/\/gatransplant.blackbaudwp.com\/vi\/wp-json\/wp\/v2\/pages"}],"about":[{"href":"https:\/\/gatransplant.blackbaudwp.com\/vi\/wp-json\/wp\/v2\/types\/page"}],"author":[{"embeddable":true,"href":"https:\/\/gatransplant.blackbaudwp.com\/vi\/wp-json\/wp\/v2\/users\/43"}],"replies":[{"embeddable":true,"href":"https:\/\/gatransplant.blackbaudwp.com\/vi\/wp-json\/wp\/v2\/comments?post=6840"}],"version-history":[{"count":5,"href":"https:\/\/gatransplant.blackbaudwp.com\/vi\/wp-json\/wp\/v2\/pages\/6840\/revisions"}],"predecessor-version":[{"id":62479,"href":"https:\/\/gatransplant.blackbaudwp.com\/vi\/wp-json\/wp\/v2\/pages\/6840\/revisions\/62479"}],"up":[{"embeddable":true,"href":"https:\/\/gatransplant.blackbaudwp.com\/vi\/wp-json\/wp\/v2\/pages\/6835"}],"wp:attachment":[{"href":"https:\/\/gatransplant.blackbaudwp.com\/vi\/wp-json\/wp\/v2\/media?parent=6840"}],"curies":[{"name":"wp","href":"https:\/\/api.w.org\/{rel}","templated":true}]}}