{"id":6838,"date":"2020-06-22T17:36:55","date_gmt":"2020-06-22T21:36:55","guid":{"rendered":"https:\/\/gatransplant.org\/giving\/"},"modified":"2025-08-13T15:52:04","modified_gmt":"2025-08-13T19:52:04","slug":"giving","status":"publish","type":"page","link":"https:\/\/gatransplant.blackbaudwp.com\/vi\/giving\/","title":{"rendered":"Cho"},"content":{"rendered":"<h1>\n\t\t\tCho\n\t\t<\/h1>\n\t\t\t<p>Cho d\u00f9 b\u1ea1n l\u00e0 m\u1ed9t c\u00e1 nh\u00e2n hay m\u1ed9t c\u00f4ng ty, s\u1ef1 h\u1ed7 tr\u1ee3 c\u1ee7a b\u1ea1n s\u1ebd gi\u00fap t\u1ea1o ra s\u1ef1 kh\u00e1c bi\u1ec7t trong cu\u1ed9c s\u1ed1ng c\u1ee7a r\u1ea5t nhi\u1ec1u b\u1ec7nh nhi gh\u00e9p t\u1ea1ng v\u00e0 ng\u01b0\u1eddi l\u1edbn c\u00f3 ho\u00e0n c\u1ea3nh kh\u00f3 kh\u0103n.<\/p>\t\t\n\t\t<h2>\n\t\t\tC\u1ea3m \u01a1n b\u1ea1n \u0111\u00e3 \u1ee7ng h\u1ed9 Qu\u1ef9 C\u1ea5y gh\u00e9p Georgia v\u00e0 \u0111\u00e3 gi\u00fap ch\u00fang t\u00f4i L\u00e0m gi\u00e0u Cu\u1ed9c s\u1ed1ng M\u1ed7i ng\u00e0y!\n\t\t<\/h2>\n\t\t\t<p>GTF \u0111\u1ea3m b\u1ea3o r\u1eb1ng t\u1ea5t c\u1ea3 c\u00e1c \u1ee9ng vi\u00ean v\u00e0 ng\u01b0\u1eddi nh\u1eadn c\u1ea5y gh\u00e9p s\u1eb5n s\u00e0ng \u0111\u1ea1t \u0111\u01b0\u1ee3c c\u00e1c k\u1ebft qu\u1ea3 sau:<ul><li>Chu\u1ea9n b\u1ecb t\u1ed1t h\u01a1n cho vi\u1ec7c c\u1ea5y gh\u00e9p th\u00f4ng qua l\u1eadp k\u1ebf ho\u1ea1ch t\u00e0i ch\u00ednh v\u00e0 gi\u00e1o d\u1ee5c ch\u0103m s\u00f3c s\u1ee9c kh\u1ecfe.<\/li><li>H\u1ed7 tr\u1ee3 tinh th\u1ea7n nhi\u1ec1u h\u01a1n tr\u01b0\u1edbc v\u00e0 sau c\u1ea5y gh\u00e9p th\u00f4ng qua gi\u00e1o d\u1ee5c th\u01b0\u1eddng xuy\u00ean, c\u1ed1 v\u1ea5n t\u00edch c\u1ef1c v\u00e0 l\u1eadp k\u1ebf ho\u1ea1ch cu\u1ed9c s\u1ed1ng ph\u00f9 h\u1ee3p.<\/li><li>Kh\u1ea3 n\u0103ng t\u1ef1 cung t\u1ef1 c\u1ea5p cao h\u01a1n sau khi gh\u00e9p do \u0111\u01b0\u1ee3c \u0111\u00e0o t\u1ea1o v\u00e0 b\u1ed1 tr\u00ed vi\u1ec7c l\u00e0m ph\u00f9 h\u1ee3p.<\/li><\/ul>Your generosity makes it possible to bridge the gap between hope and opportunity. Give in a way that is comfortable for you and start enriching lives today.<\/p>\t\t\n\t\t\t\t\t\t<h3>\u0110\u00f3ng g\u00f3p<\/h3>\t\t\t\t\t\n\t\t\t<p>L\u00e0m m\u1ed9t\u00a0<strong>one-time donation<\/strong>\u00a0or a\u00a0<strong>reoccurring monthly donation<\/strong>.<\/p>\t\t\n\t\t\t\t<a href=\"https:\/\/support.gatransplant.org\/\" role=\"button\" target=\"_blank\" rel=\"noopener\">\n\t\t\t\t\t\t\t\t\t\tQuy\u00ean g\u00f3p ngay b\u00e2y gi\u1edd\n\t\t\t\t\t\t\t\t\t<\/a>\n\t\t\t\t\t\t<h3>Nh\u00e2n vi\u00ean t\u1eb7ng<\/h3>\t\t\t\t\t\n\t\t\t<p>Encourage giving through<strong> payroll deductions <\/strong>v\u00e0<strong>\u00a0matching gifts<\/strong>.<\/p>\t\t\n\t\t\t\t<a href=\"https:\/\/gatransplant.blackbaudwp.com\/vi\/giving\/employee-giving\/\" role=\"button\" target=\"_self\" rel=\"noopener\">\n\t\t\t\t\t\t\t\t\t\tT\u00ecm hi\u1ec3u th\u00eam\n\t\t\t\t\t\t\t\t\t<\/a>\n\t\t\t\t\t\t<h3>Quy\u00ean g\u00f3p c\u1ed1ng hi\u1ebfn<\/h3>\t\t\t\t\t\n\t\t\t<p>T\u00f4n vinh m\u1ed9t ng\u01b0\u1eddi th\u00e2n y\u00eau v\u1edbi\u00a0<strong>quy\u00ean g\u00f3p nh\u00e2n danh h\u1ecd ho\u1eb7c t\u1ea1o ra m\u1ed9t s\u1ef1 t\u01b0\u1edfng nh\u1edb l\u00e2u d\u00e0i<\/strong>\u00a0in honor of a loved one.<\/p>\t\t\n\t\t\t\t<a href=\"https:\/\/support.gatransplant.org\/\" role=\"button\" target=\"_blank\" rel=\"noopener\">\n\t\t\t\t\t\t\t\t\t\tQuy\u00ean g\u00f3p \u0111\u1ec3 vinh danh ho\u1eb7c t\u01b0\u1edfng nh\u1edb\n\t\t\t\t\t\t\t\t\t<\/a>\n\t\t<h1>\n\t\t\tOther giving options\n\t\t<\/h1>\n\t<meta itemscope itemprop=\"mainEntityOfPage\" itemtype=\"https:\/\/schema.org\/WebPage\" itemid=\"http:\/\/6900\" content=\"In-Kind Donations\" \/><meta itemprop=\"datePublished\" content=\"2020-06-22\" \/><meta itemprop=\"dateModified\" content=\"2025-08-13\" \/><meta itemprop=\"name\" content=\"Georgia Transplant Foundation\"\/><meta itemprop=\"url\" content=\"https:\/\/gatransplant.blackbaudwp.com\/author\/aharris\/\" \/><meta itemprop=\"name\" content=\"aharris\" \/><meta itemprop=\"url\" content=\"https:\/\/gatransplant.blackbaudwp.com\/wp-content\/uploads\/2022\/09\/Homepage-scaled.jpg\" \/><meta itemprop=\"width\" content=\"2048\" \/><meta itemprop=\"height\" content=\"1160\" \/><meta itemprop=\"interactionType\" content=\"https:\/\/schema.org\/CommentAction\" \/><meta itemprop=\"userInteractionCount\" content=\"0\" \/>\n    <a href=\"https:\/\/gatransplant.blackbaudwp.com\/vi\/giving\/in-kind-donations\/\"><\/a>\n            Jun 22, 2020\n            August 13 @ 3:52 pm\n        <h4>Quy\u00ean g\u00f3p b\u1eb1ng hi\u1ec7n v\u1eadt<\/h4>\n            <p>In addition to financial support, the Georgia Transplant Foundation gladly accepts in-kind donations.<\/p>\nmore\n\t<meta itemscope itemprop=\"mainEntityOfPage\" itemtype=\"https:\/\/schema.org\/WebPage\" itemid=\"http:\/\/8821\" content=\"Donate in Crypto\" \/><meta itemprop=\"datePublished\" content=\"2021-12-16\" \/><meta itemprop=\"dateModified\" content=\"2025-08-13\" \/><meta itemprop=\"name\" content=\"Georgia Transplant Foundation\"\/><meta itemprop=\"url\" content=\"https:\/\/gatransplant.blackbaudwp.com\/author\/rmichaels\/\" \/><meta itemprop=\"name\" content=\"Rita Michaels\" \/><meta itemprop=\"url\" content=\"https:\/\/gatransplant.blackbaudwp.com\/wp-content\/uploads\/2021\/12\/stock.jpeg\" \/><meta itemprop=\"width\" content=\"612\" \/><meta itemprop=\"height\" content=\"354\" \/><meta itemprop=\"interactionType\" content=\"https:\/\/schema.org\/CommentAction\" \/><meta itemprop=\"userInteractionCount\" content=\"0\" \/>\n    <a href=\"https:\/\/gatransplant.blackbaudwp.com\/vi\/giving\/crypto\/\"><\/a>\n            Dec 16, 2021\n            August 13 @ 3:52 pm\n        <h4>Donate in Crypto<\/h4>\n            <p>Your generous support via Cryptocurrency will ensure that transplant patients and their families have access to the vital programs and services.<\/p>\nmore\n\t\t<!-- .pp-content-posts -->\n\t\t<h2>\n\t\t\tL\u00e0m gi\u00e0u cu\u1ed9c s\u1ed1ng\n\t\t<\/h2>\n\t\t\t\t\t\t\t\t\t\t<p>M\u1ecdi ng\u01b0\u1eddi kh\u00f4ng nh\u1eadn ra kh\u00f4ng ch\u1ec9 chi ph\u00ed ph\u1eabu thu\u1eadt m\u00e0 c\u00f2n c\u1ea3 chi ph\u00ed ch\u0103m s\u00f3c sau khi c\u1ea5y gh\u00e9p th\u1ef1c t\u1ebf, c\u00f3 th\u1ec3 l\u00ean t\u1edbi $250,000 \u0111\u1ebfn $1 tri\u1ec7u n\u1ebfu b\u1ea1n kh\u00f4ng c\u00f3 b\u1ea3o hi\u1ec3m. V\u00e0, c\u00f3 nh\u1eefng lo\u1ea1i thu\u1ed1c b\u1eaft bu\u1ed9c t\u1ed1n k\u00e9m, \u0103n u\u1ed1ng \u0111\u1ea7y \u0111\u1ee7, ch\u0103m s\u00f3c t\u1ea1i nh\u00e0, v.v. \u0110\u00f3 l\u00e0 vi\u1ec7c g\u00e2y qu\u1ef9 l\u00e0 c\u1ea7n thi\u1ebft, \u0111\u1ec3 gi\u00fap h\u1ed7 tr\u1ee3 nh\u1eefng ng\u01b0\u1eddi nh\u1eadn sau khi c\u1ea5y gh\u00e9p. V\u00e0, \u0111\u00f3 l\u00e0 l\u00fd do t\u1ea1i sao ch\u00fang t\u00f4i c\u1ed1ng hi\u1ebfn v\u00e0 t\u1ea1i sao con g\u00e1i c\u1ee7a ch\u00fang t\u00f4i gi\u1edd \u0111\u00e2y c\u0169ng r\u1ea5t t\u1ef1 h\u00e0o khi \u0111\u01b0\u1ee3c t\u1eb7ng l\u1ea1i GTF.<\/p>\n\t\t\t\t\t\t\t\t\t<h3>&#8211; Mina Y<\/h3>\n\t\t\t\t\t\t\t\t\t\t\t\t\t<h4>Pediatric Liver Transplant Recipient Parent<\/h4>\n\t<!-- \/.pp-testimonials -->\n\t<a href=\"#\" id=\"trigger-\" role=\"button\" data-modal=\"\" data-node=\"\">\n\t\t\t\t\t<\/a>\n\t\t\t\t\t\tXem tr\u01b0\u1edbc ph\u01b0\u01a1ng th\u1ee9c-\n\t\t\t\t\t\t<iframe width=\"960\" height=\"715\" src=\"https:\/\/www.youtube.com\/embed\/goWbkkuAzaQ?si=V9H8u7x1SZK5vsXV\" frameborder=\"0\" allow=\"accelerometer; autoplay; clipboard-write; encrypted-media; gyroscope; picture-in-picture\" allowfullscreen><\/iframe>\t\t\t\t\t\n\t<p>GTF \u0111\u00e3 gi\u00fap Maddie nh\u01b0 th\u1ebf n\u00e0o<\/p>","protected":false},"excerpt":{"rendered":"<p>Giving Whether you are an individual or a company, your support helps make a difference in the lives of so many needy pediatric and adult transplant patients. Thank you for&hellip;<\/p>","protected":false},"author":43,"featured_media":0,"parent":0,"menu_order":14,"comment_status":"closed","ping_status":"closed","template":"","meta":{"_acf_changed":false,"_monsterinsights_skip_tracking":false,"_monsterinsights_sitenote_active":false,"_monsterinsights_sitenote_note":"","_monsterinsights_sitenote_category":0,"footnotes":""},"class_list":["post-6838","page","type-page","status-publish","hentry"],"acf":[],"aioseo_notices":[],"_links":{"self":[{"href":"https:\/\/gatransplant.blackbaudwp.com\/vi\/wp-json\/wp\/v2\/pages\/6838","targetHints":{"allow":["GET"]}}],"collection":[{"href":"https:\/\/gatransplant.blackbaudwp.com\/vi\/wp-json\/wp\/v2\/pages"}],"about":[{"href":"https:\/\/gatransplant.blackbaudwp.com\/vi\/wp-json\/wp\/v2\/types\/page"}],"author":[{"embeddable":true,"href":"https:\/\/gatransplant.blackbaudwp.com\/vi\/wp-json\/wp\/v2\/users\/43"}],"replies":[{"embeddable":true,"href":"https:\/\/gatransplant.blackbaudwp.com\/vi\/wp-json\/wp\/v2\/comments?post=6838"}],"version-history":[{"count":5,"href":"https:\/\/gatransplant.blackbaudwp.com\/vi\/wp-json\/wp\/v2\/pages\/6838\/revisions"}],"predecessor-version":[{"id":62414,"href":"https:\/\/gatransplant.blackbaudwp.com\/vi\/wp-json\/wp\/v2\/pages\/6838\/revisions\/62414"}],"wp:attachment":[{"href":"https:\/\/gatransplant.blackbaudwp.com\/vi\/wp-json\/wp\/v2\/media?parent=6838"}],"curies":[{"name":"wp","href":"https:\/\/api.w.org\/{rel}","templated":true}]}}