{"id":6837,"date":"2020-06-22T17:36:55","date_gmt":"2020-06-22T21:36:55","guid":{"rendered":"https:\/\/gatransplant.org\/get-involved\/"},"modified":"2025-08-13T15:14:17","modified_gmt":"2025-08-13T19:14:17","slug":"get-involved","status":"publish","type":"page","link":"https:\/\/gatransplant.blackbaudwp.com\/vi\/get-involved\/","title":{"rendered":"Tham gia v\u00e0o"},"content":{"rendered":"<h1>\n\t\t\tTham gia v\u00e0o\n\t\t<\/h1>\n\t\t\t<p>Cho d\u00f9 b\u1ea1n mu\u1ed1n d\u00e0nh th\u1eddi gian t\u00ecnh nguy\u1ec7n c\u1ee7a m\u00ecnh t\u1ea1i m\u1ed9t trong nh\u1eefng s\u1ef1 ki\u1ec7n \u0111\u1eb7c bi\u1ec7t, h\u1ed9i ngh\u1ecb gi\u00e1o d\u1ee5c c\u1ee7a ch\u00fang t\u00f4i ho\u1eb7c b\u1eb1ng c\u00e1ch t\u1ed5 ch\u1ee9c m\u1ed9t s\u1ef1 ki\u1ec7n v\u00e0 quy\u00ean g\u00f3p s\u1ed1 ti\u1ec1n thu \u0111\u01b0\u1ee3c cho GTF, c\u1ed9ng \u0111\u1ed3ng c\u1ea5y gh\u00e9p n\u1ed9i t\u1ea1ng c\u1ee7a Georgia c\u1ea7n s\u1ef1 gi\u00fap \u0111\u1ee1 c\u1ee7a b\u1ea1n.<\/p>\t\t\n\t\t<h2>\n\t\t\tHow Can I Help?\n\t\t<\/h2>\n\t\t\t<p>GTF needs people of all ages and backgrounds to help. Your time and dedication have a real impact on the lives of Georgia&#8217;s transplant community.<\/p>\t\t\n\t\t\t\t\t\t<h3>Tr\u1edf th\u00e0nh Nh\u00f3m \u0111\u1ed1i t\u00e1c c\u1ed9ng \u0111\u1ed3ng<\/h3>\t\t\t\t\t\n\t\t\t<p>Nh\u00f3m \u0111\u1ed1i t\u00e1c c\u00f3 c\u01a1 h\u1ed9i duy nh\u1ea5t \u0111\u1ec3 l\u00e0m vi\u1ec7c trong c\u1ed9ng \u0111\u1ed3ng c\u1ee7a h\u1ecd b\u1eb1ng c\u00e1ch\u00a0<strong>t\u1ea1o ra c\u00e1c s\u1ef1 ki\u1ec7n c\u1ee7a ri\u00eang h\u1ecd \u0111\u1ec3 g\u00e2y qu\u1ef9 v\u00e0 nh\u1eadn th\u1ee9c<\/strong>\u00a0cho GTF v\u00e0 c\u00e1c d\u1ecbch v\u1ee5 kh\u00e1c nhau m\u00e0 T\u1ed5 ch\u1ee9c cung c\u1ea5p.<\/p>\t\t\n\t\t\t\t<a href=\"#\" role=\"button\" target=\"_self\" rel=\"noopener\">\n\t\t\t\t\t\t\t\t\t\tT\u00ecm hi\u1ec3u th\u00eam\n\t\t\t\t\t\t\t\t\t<\/a>\n\t\t\t\t\t\t<h3>Tr\u1edf th\u00e0nh nh\u00e0 t\u00e0i tr\u1ee3<\/h3>\t\t\t\t\t\n\t\t\t<p>T\u00e0i tr\u1ee3 l\u00e0 m\u1ed9t\u00a0<strong>c\u01a1 h\u1ed9i ti\u1ebfp th\u1ecb tuy\u1ec7t v\u1eddi<\/strong>\u00a0\u0111i\u1ec1u \u0111\u00f3 cho ph\u00e9p b\u1ea1n ti\u1ebfp c\u1eadn nhi\u1ec1u h\u01a1n cho b\u1ea1n v\u00e0 c\u00f4ng ty c\u1ee7a b\u1ea1n, n\u01a1i s\u1ebd t\u1ea1o ra nhi\u1ec1u li\u00ean h\u1ec7 \u0111\u1ee7 \u0111i\u1ec1u ki\u1ec7n h\u01a1n.<\/p>\n\t\t\t\t<a href=\"#\" role=\"button\" target=\"_self\" rel=\"noopener\">\n\t\t\t\t\t\t\t\t\t\tT\u00ecm hi\u1ec3u th\u00eam\n\t\t\t\t\t\t\t\t\t<\/a>\n\t\t<h1>\n\t\t\tOther Ways to Get Involved\n\t\t<\/h1>\n\t<meta itemscope itemprop=\"mainEntityOfPage\" itemtype=\"https:\/\/schema.org\/WebPage\" itemid=\"http:\/\/8075\" content=\"Become a Mentor\" \/><meta itemprop=\"datePublished\" content=\"2020-12-11\" \/><meta itemprop=\"dateModified\" content=\"2020-12-17\" \/><meta itemprop=\"name\" content=\"Georgia Transplant Foundation\"\/><meta itemprop=\"url\" content=\"https:\/\/gatransplant.blackbaudwp.com\/author\/rmichaels\/\" \/><meta itemprop=\"name\" content=\"Rita Michaels\" \/><meta itemprop=\"url\" content=\"https:\/\/gatransplant.blackbaudwp.com\/wp-content\/uploads\/2020\/12\/Become-a-mentor-scaled.jpg\" \/><meta itemprop=\"width\" content=\"2048\" \/><meta itemprop=\"height\" content=\"1365\" \/><meta itemprop=\"interactionType\" content=\"https:\/\/schema.org\/CommentAction\" \/><meta itemprop=\"userInteractionCount\" content=\"0\" \/>\n    <a href=\"https:\/\/gatransplant.blackbaudwp.com\/vi\/get-involved\/become-a-mentor\/\"><\/a>\n            Dec 11, 2020\n            August 13 @ 3:14 pm\n        <h4>Tr\u1edf th\u00e0nh ng\u01b0\u1eddi c\u1ed1 v\u1ea5n<\/h4>\n            <p>D\u1ef1 \u00e1n Mentor cung c\u1ea5p s\u1ef1 ti\u1ebfp x\u00fac tr\u1ef1c ti\u1ebfp gi\u1eefa nh\u1eefng ng\u01b0\u1eddi s\u1ed1ng th\u00e0nh c\u00f4ng v\u1edbi ca c\u1ea5y gh\u00e9p v\u00e0 nh\u1eefng ng\u01b0\u1eddi m\u1edbi ho\u1eb7c \u0111ang th\u00edch nghi v\u1edbi th\u1ebf gi\u1edbi c\u1ea5y gh\u00e9p.<\/p>\nmore\n\t<meta itemscope itemprop=\"mainEntityOfPage\" itemtype=\"https:\/\/schema.org\/WebPage\" itemid=\"http:\/\/6889\" content=\"Volunteer\" \/><meta itemprop=\"datePublished\" content=\"2020-06-22\" \/><meta itemprop=\"dateModified\" content=\"2020-12-17\" \/><meta itemprop=\"name\" content=\"Georgia Transplant Foundation\"\/><meta itemprop=\"url\" content=\"https:\/\/gatransplant.blackbaudwp.com\/author\/aharris\/\" \/><meta itemprop=\"name\" content=\"aharris\" \/><meta itemprop=\"url\" content=\"https:\/\/gatransplant.blackbaudwp.com\/wp-content\/uploads\/2018\/09\/iStock_000042678358_Medium.jpg\" \/><meta itemprop=\"width\" content=\"1400\" \/><meta itemprop=\"height\" content=\"933\" \/><meta itemprop=\"interactionType\" content=\"https:\/\/schema.org\/CommentAction\" \/><meta itemprop=\"userInteractionCount\" content=\"0\" \/>\n    <a href=\"https:\/\/gatransplant.blackbaudwp.com\/vi\/get-involved\/volunteer\/\"><\/a>\n            Jun 22, 2020\n            August 13 @ 3:14 pm\n        <h4>T\u00ecnh nguy\u1ec7n vi\u00ean<\/h4>\n            <p>GTF c\u1ea7n m\u1ecdi ng\u01b0\u1eddi \u1edf m\u1ecdi l\u1ee9a tu\u1ed5i v\u00e0 ho\u00e0n c\u1ea3nh \u0111\u1ec3 gi\u00fap m\u1ed9t tay!<\/p>\nmore\n\t<meta itemscope itemprop=\"mainEntityOfPage\" itemtype=\"https:\/\/schema.org\/WebPage\" itemid=\"http:\/\/6836\" content=\"Our Events\" \/><meta itemprop=\"datePublished\" content=\"2020-06-22\" \/><meta itemprop=\"dateModified\" content=\"2024-02-08\" \/><meta itemprop=\"name\" content=\"Georgia Transplant Foundation\"\/><meta itemprop=\"url\" content=\"https:\/\/gatransplant.blackbaudwp.com\/author\/aharris\/\" \/><meta itemprop=\"name\" content=\"aharris\" \/><meta itemprop=\"interactionType\" content=\"https:\/\/schema.org\/CommentAction\" \/><meta itemprop=\"userInteractionCount\" content=\"0\" \/>\n    <a href=\"https:\/\/gatransplant.blackbaudwp.com\/vi\/our-events\/\"><\/a>\n            Jun 22, 2020\n            August 13 @ 3:14 pm\n        <h4>S\u1ef1 ki\u1ec7n c\u1ee7a ch\u00fang t\u00f4i<\/h4>\n            <p>Events &#038; Happenings Georgia Transplant Foundation, in an effort to diversify funding and raise awareness, regularly holds special events in addition to our patient support events. All members of the&#8230;<\/p>\nmore\n\t\t<!-- .pp-content-posts -->\n\t\t<h2>\n\t\t\tL\u00e0m gi\u00e0u cu\u1ed9c s\u1ed1ng\n\t\t<\/h2>\n\t\t\t\t\t\t\t\t\t\t<p>GTF h\u1ed7 tr\u1ee3 b\u1ec7nh nh\u00e2n c\u1ea5y gh\u00e9p c\u1ee7a t\u00f4i theo nh\u1eefng c\u00e1ch ngo\u00e0i nh\u1eefng g\u00ec b\u1ec7nh vi\u1ec7n c\u00f3 th\u1ec3 l\u00e0m. C\u00e1c d\u1ecbch v\u1ee5 c\u1ee7a GTF h\u1ed7 tr\u1ee3 b\u1ec7nh nh\u00e2n l\u1ea5y thu\u1ed1c c\u1ea7n thi\u1ebft v\u00e0 duy tr\u00ec ca c\u1ea5y gh\u00e9p th\u00e0nh c\u00f4ng. V\u00ec l\u00fd do n\u00e0y, t\u00f4i ti\u1ebfp t\u1ee5c h\u1ed7 tr\u1ee3 GTF v\u00e0 c\u00e1c ch\u01b0\u01a1ng tr\u00ecnh m\u00e0 h\u1ecd cung c\u1ea5p.<\/p>\n\t\t\t\t\t\t\t\t\t<h3>- Andy Smith, MD<\/h3>\n\t\t\t\t\t\t\t\t\t\t\t\t\t<h4>Ch\u1ee7 t\u1ecbch H\u1ed9i \u0111\u1ed3ng qu\u1ea3n tr\u1ecb c\u0169 v\u00e0 B\u00e1c s\u0129 c\u1ea5y gh\u00e9p<\/h4>\n\t<!-- \/.pp-testimonials -->\n\t<a href=\"#\" id=\"trigger-\" role=\"button\" data-modal=\"\" data-node=\"\">\n\t\t\t\t\t<\/a>\n\t\t\t\t\t\tXem tr\u01b0\u1edbc ph\u01b0\u01a1ng th\u1ee9c-\n\t\t\t\t\t\t<iframe width=\"960\" height=\"715\" src=\"https:\/\/www.youtube.com\/embed\/goWbkkuAzaQ\" frameborder=\"0\" allow=\"accelerometer; autoplay; clipboard-write; encrypted-media; gyroscope; picture-in-picture\" allowfullscreen><\/iframe>\t\t\t\t\t\n\t<p>Video T\u1ed5ng quan v\u1ec1 c\u00e1ch GTF c\u00f3 th\u1ec3 tr\u1ee3 gi\u00fap<\/p>","protected":false},"excerpt":{"rendered":"<p>Get Involved Whether you want volunteer your time at one of our special events, educational conferences, or by hosting an event and donating the proceeds back to GTF, Georgia&#8217;s organ&hellip;<\/p>","protected":false},"author":43,"featured_media":0,"parent":0,"menu_order":13,"comment_status":"closed","ping_status":"closed","template":"","meta":{"_acf_changed":false,"_monsterinsights_skip_tracking":false,"_monsterinsights_sitenote_active":false,"_monsterinsights_sitenote_note":"","_monsterinsights_sitenote_category":0,"footnotes":""},"class_list":["post-6837","page","type-page","status-publish","hentry"],"acf":[],"aioseo_notices":[],"_links":{"self":[{"href":"https:\/\/gatransplant.blackbaudwp.com\/vi\/wp-json\/wp\/v2\/pages\/6837","targetHints":{"allow":["GET"]}}],"collection":[{"href":"https:\/\/gatransplant.blackbaudwp.com\/vi\/wp-json\/wp\/v2\/pages"}],"about":[{"href":"https:\/\/gatransplant.blackbaudwp.com\/vi\/wp-json\/wp\/v2\/types\/page"}],"author":[{"embeddable":true,"href":"https:\/\/gatransplant.blackbaudwp.com\/vi\/wp-json\/wp\/v2\/users\/43"}],"replies":[{"embeddable":true,"href":"https:\/\/gatransplant.blackbaudwp.com\/vi\/wp-json\/wp\/v2\/comments?post=6837"}],"version-history":[{"count":5,"href":"https:\/\/gatransplant.blackbaudwp.com\/vi\/wp-json\/wp\/v2\/pages\/6837\/revisions"}],"predecessor-version":[{"id":62406,"href":"https:\/\/gatransplant.blackbaudwp.com\/vi\/wp-json\/wp\/v2\/pages\/6837\/revisions\/62406"}],"wp:attachment":[{"href":"https:\/\/gatransplant.blackbaudwp.com\/vi\/wp-json\/wp\/v2\/media?parent=6837"}],"curies":[{"name":"wp","href":"https:\/\/api.w.org\/{rel}","templated":true}]}}