{"id":6836,"date":"2020-06-22T17:36:55","date_gmt":"2020-06-22T21:36:55","guid":{"rendered":"https:\/\/gatransplant.org\/our-events\/"},"modified":"2025-09-07T13:49:01","modified_gmt":"2025-09-07T17:49:01","slug":"our-events","status":"publish","type":"page","link":"https:\/\/gatransplant.blackbaudwp.com\/vi\/our-events\/","title":{"rendered":"S\u1ef1 ki\u1ec7n c\u1ee7a ch\u00fang t\u00f4i"},"content":{"rendered":"<h1>\n\t\t\tS\u1ef1 ki\u1ec7n &amp; Di\u1ec5n bi\u1ebfn\n\t\t<\/h1>\n\t\t<h2>\n\t\t\tRaising Awareness\n\t\t<\/h2>\n\t\t\t<p>Georgia Transplant Foundation, in an effort to diversify funding and raise awareness, regularly holds special events in addition to our patient support events.All members of the transplant community are invited to be a part of these events, either by attending, providing auction items and in-kind goods and services, or by asking your employer to become a sponsor.<\/p>\t\t\n\t\t<h1>\n\t\t\ts\u1ef1 ki\u1ec7n s\u1eafp t\u1edbi\n\t\t<\/h1>\n\t\t<h2>\n\t\t\tFundraising Events\n\t\t<\/h2>\n\t\t\t<h4>Gala m\u1eebng th\u1ecd<\/h4><p>The Celebrate Life gala will takes place annually, honoring leaders in the transplant community during a magical evening of dinner, dancing, and unique auction items. GTF uses these funds to provide emergency financial assistance, mentoring, academic scholarships, and a host of other essential services to transplant candidates, recipients, living donors, and their families throughout the state of Georgia.\u00a0\u00a0<h4>Angels of Life Hair &amp; Fashion Show<\/h4>Join us in the celebration of life during the annual Angels of Life Hair and Fashion Show, presented by Three-13 Salon, Spa &amp; Boutique. This Community Partner Group event features guest speakers, hors d&#8217;oeuvres, cocktails, dancing, music, and the &#8220;Angels of Life&#8221; inspiring Hair and Fashion show designed by Three-13&#8217;s Artistic Team! <strong>For more information, please <a href=\"https:\/\/gatransplant.org\/ai1ec_event\/angels-of-life\/?instance_id=\">b\u1ea5m v\u00e0o \u0111\u00e2y<\/a>\u00a0or contact Christina Herrera at <a href=\"tel:770-426-0313\">770-426-0313<\/a>.<\/strong><\/p>","protected":false},"excerpt":{"rendered":"<p>In an effort to diversify funding and raise awareness, we regularly hold special events in addition to our patient support events.<\/p>","protected":false},"author":43,"featured_media":6758,"parent":0,"menu_order":12,"comment_status":"closed","ping_status":"closed","template":"","meta":{"_acf_changed":false,"_monsterinsights_skip_tracking":false,"_monsterinsights_sitenote_active":false,"_monsterinsights_sitenote_note":"","_monsterinsights_sitenote_category":0,"footnotes":""},"class_list":["post-6836","page","type-page","status-publish","has-post-thumbnail","hentry"],"acf":[],"aioseo_notices":[],"_links":{"self":[{"href":"https:\/\/gatransplant.blackbaudwp.com\/vi\/wp-json\/wp\/v2\/pages\/6836","targetHints":{"allow":["GET"]}}],"collection":[{"href":"https:\/\/gatransplant.blackbaudwp.com\/vi\/wp-json\/wp\/v2\/pages"}],"about":[{"href":"https:\/\/gatransplant.blackbaudwp.com\/vi\/wp-json\/wp\/v2\/types\/page"}],"author":[{"embeddable":true,"href":"https:\/\/gatransplant.blackbaudwp.com\/vi\/wp-json\/wp\/v2\/users\/43"}],"replies":[{"embeddable":true,"href":"https:\/\/gatransplant.blackbaudwp.com\/vi\/wp-json\/wp\/v2\/comments?post=6836"}],"version-history":[{"count":5,"href":"https:\/\/gatransplant.blackbaudwp.com\/vi\/wp-json\/wp\/v2\/pages\/6836\/revisions"}],"predecessor-version":[{"id":62474,"href":"https:\/\/gatransplant.blackbaudwp.com\/vi\/wp-json\/wp\/v2\/pages\/6836\/revisions\/62474"}],"wp:featuredmedia":[{"embeddable":true,"href":"https:\/\/gatransplant.blackbaudwp.com\/vi\/wp-json\/wp\/v2\/media\/6758"}],"wp:attachment":[{"href":"https:\/\/gatransplant.blackbaudwp.com\/vi\/wp-json\/wp\/v2\/media?parent=6836"}],"curies":[{"name":"wp","href":"https:\/\/api.w.org\/{rel}","templated":true}]}}