{"id":6835,"date":"2020-06-22T17:36:55","date_gmt":"2020-06-22T21:36:55","guid":{"rendered":"https:\/\/gatransplant.org\/our-programs\/"},"modified":"2025-10-02T14:22:06","modified_gmt":"2025-10-02T18:22:06","slug":"our-programs","status":"publish","type":"page","link":"https:\/\/gatransplant.blackbaudwp.com\/vi\/our-programs\/","title":{"rendered":"C\u00e1c ch\u01b0\u01a1ng tr\u00ecnh c\u1ee7a ch\u00fang t\u00f4i"},"content":{"rendered":"<h1>\n\t\t\tC\u00e1c ch\u01b0\u01a1ng tr\u00ecnh c\u1ee7a ch\u00fang t\u00f4i\n\t\t<\/h1>\n\t\t\t<p>T\u1ed5 ch\u1ee9c Gh\u00e9p t\u1ea1ng Georgia cung c\u1ea5p m\u1ed9t lo\u1ea1t c\u00e1c ch\u01b0\u01a1ng tr\u00ecnh v\u00e0 d\u1ecbch v\u1ee5 \u0111\u1ec3 gi\u00fap b\u1ec7nh nh\u00e2n c\u1ea5y gh\u00e9p v\u00e0 gia \u0111\u00ecnh c\u1ee7a h\u1ecd \u1edf t\u1ea5t c\u1ea3 c\u00e1c giai \u0111o\u1ea1n trong h\u00e0nh tr\u00ecnh c\u1ea5y gh\u00e9p c\u1ee7a h\u1ecd.<\/p>\t\t\n\t\t<h2>\n\t\t\tS\u1ed1ng l\u00e2u h\u01a1n, s\u1ed1ng kh\u1ecfe h\u01a1n\n\t\t<\/h2>\n\t\t\t<p>Thanks to GTF services, more people in Georgia are living longer with transplanted organs and are resuming healthy, productive lives. As Georgia&#8217;s organ transplant population continues to increase, <strong>GTF v\u1eabn l\u00e0 t\u1ed5 ch\u1ee9c duy nh\u1ea5t cung c\u1ea5p h\u1ed7 tr\u1ee3 quan tr\u1ecdng, phi y t\u1ebf.<\/strong><\/p>\t\t\n\t\t\t\t\t\t<h3>C\u00e1c ch\u01b0\u01a1ng tr\u00ecnh h\u1ed7 tr\u1ee3 t\u00e0i ch\u00ednh<\/h3>\t\t\t\t\t\n\t\t\t<p>C\u00e1c ch\u01b0\u01a1ng tr\u00ecnh n\u00e0y cung c\u1ea5p <strong>chuy\u1ec3n ti\u1ebfp,<\/strong> <strong>h\u1ed7 tr\u1ee3 ng\u1eafn h\u1ea1n<\/strong> cho c\u00e1c c\u00e1 nh\u00e2n v\u00e0 gia \u0111\u00ecnh b\u1ecb \u1ea3nh h\u01b0\u1edfng b\u1edfi vi\u1ec7c c\u1ea5y gh\u00e9p.<\/p>\t\t\n\t\t\t\t<a href=\"https:\/\/gatransplant.blackbaudwp.com\/vi\/our-programs\/financial-assistance-programs\/\" role=\"button\" target=\"_self\">\n\t\t\t\t\t\t\t\t\t\tT\u00ecm hi\u1ec3u th\u00eam\n\t\t\t\t\t\t\t\t\t<\/a>\n\t\t\t\t\t\t<h3>Ch\u01b0\u01a1ng tr\u00ecnh G\u00e2y qu\u1ef9 C\u1ea5y gh\u00e9p (TFP)<\/h3>\t\t\t\t\t\n\t\t\t<p>Ch\u01b0\u01a1ng tr\u00ecnh n\u00e0y h\u1ed7 tr\u1ee3 c\u00e1c \u1ee9ng vi\u00ean v\u00e0 ng\u01b0\u1eddi nh\u1eadn c\u1ea5y gh\u00e9p chu\u1ea9n b\u1ecb t\u00e0i ch\u00ednh cho qu\u00e1 tr\u00ecnh <strong>chi ph\u00ed c\u1ea5y gh\u00e9p, c\u1ee5 th\u1ec3 l\u00e0 chi ph\u00ed thu\u1ed1c theo toa v\u00e0 ph\u00ed b\u1ea3o hi\u1ec3m.<\/strong><\/p>\t\t\n\t\t\t\t<a href=\"https:\/\/gatransplant.blackbaudwp.com\/vi\/our-programs\/transplant-fundraising-program\/\" role=\"button\" target=\"_self\">\n\t\t\t\t\t\t\t\t\t\tT\u00ecm hi\u1ec3u th\u00eam\n\t\t\t\t\t\t\t\t\t<\/a>\n\t\t\t\t\t\t<h3>Ch\u01b0\u01a1ng tr\u00ecnh Gi\u00e1o d\u1ee5c &amp; C\u1ed9ng \u0111\u1ed3ng<\/h3>\t\t\t\t\t\n\t\t\t<p>C\u00e1c ch\u01b0\u01a1ng tr\u00ecnh v\u00e0 d\u1ecbch v\u1ee5 h\u1ed7 tr\u1ee3 h\u01b0\u1edbng t\u1edbi <strong>gi\u00e1o d\u1ee5c v\u00e0 h\u1ed7 tr\u1ee3 c\u1ed9ng \u0111\u1ed3ng<\/strong> b\u1ecb \u1ea3nh h\u01b0\u1edfng b\u1edfi c\u1ea5y gh\u00e9p.<\/p>\t\t\n\t\t\t\t<a href=\"https:\/\/gatransplant.blackbaudwp.com\/vi\/our-programs\/education-community-programs\/\" role=\"button\" target=\"_self\">\n\t\t\t\t\t\t\t\t\t\tT\u00ecm hi\u1ec3u th\u00eam\n\t\t\t\t\t\t\t\t\t<\/a>\n\t\t<h1>\n\t\t\tBrowse Programs\n\t\t<\/h1>\n\t\t<h2>\n\t\t\tL\u00e0m gi\u00e0u cu\u1ed9c s\u1ed1ng\n\t\t<\/h2>\n\t\t\t\t\t\t\t\t\t\t<p>GTF h\u1ed7 tr\u1ee3 b\u1ec7nh nh\u00e2n c\u1ea5y gh\u00e9p c\u1ee7a t\u00f4i theo nh\u1eefng c\u00e1ch ngo\u00e0i nh\u1eefng g\u00ec b\u1ec7nh vi\u1ec7n c\u00f3 th\u1ec3 l\u00e0m. C\u00e1c d\u1ecbch v\u1ee5 c\u1ee7a GTF h\u1ed7 tr\u1ee3 b\u1ec7nh nh\u00e2n l\u1ea5y thu\u1ed1c c\u1ea7n thi\u1ebft v\u00e0 duy tr\u00ec ca c\u1ea5y gh\u00e9p th\u00e0nh c\u00f4ng. V\u00ec l\u00fd do n\u00e0y, t\u00f4i ti\u1ebfp t\u1ee5c h\u1ed7 tr\u1ee3 GTF v\u00e0 c\u00e1c ch\u01b0\u01a1ng tr\u00ecnh m\u00e0 h\u1ecd cung c\u1ea5p.<\/p>\n\t\t\t\t\t\t\t\t\t<h3>- Andy Smith, MD<\/h3>\n\t\t\t\t\t\t\t\t\t\t\t\t\t<h4>Ch\u1ee7 t\u1ecbch H\u1ed9i \u0111\u1ed3ng qu\u1ea3n tr\u1ecb c\u0169 v\u00e0 B\u00e1c s\u0129 c\u1ea5y gh\u00e9p<\/h4>\n\t<!-- \/.pp-testimonials -->\n\t<a href=\"#\" id=\"trigger-\" role=\"button\" data-modal=\"\" data-node=\"\">\n\t\t\t\t\t<\/a>\n\t\t\t\t\t\tXem tr\u01b0\u1edbc ph\u01b0\u01a1ng th\u1ee9c-\n\t\t\t\t\t\t<iframe width=\"960\" height=\"715\" src=\"https:\/\/www.youtube.com\/embed\/goWbkkuAzaQ\" frameborder=\"0\" allow=\"accelerometer; autoplay; clipboard-write; encrypted-media; gyroscope; picture-in-picture\" allowfullscreen><\/iframe>\t\t\t\t\t\n\t<p>Video T\u1ed5ng quan v\u1ec1 c\u00e1ch GTF c\u00f3 th\u1ec3 tr\u1ee3 gi\u00fap<\/p>","protected":false},"excerpt":{"rendered":"<p>Our Programs Georgia Transplant Foundation provides a complete range of programs and services to help transplant patients and their families at all stages of their transplant journey. Living Longer, Healthier&hellip;<\/p>","protected":false},"author":43,"featured_media":0,"parent":0,"menu_order":11,"comment_status":"closed","ping_status":"closed","template":"","meta":{"_acf_changed":false,"_monsterinsights_skip_tracking":false,"_monsterinsights_sitenote_active":false,"_monsterinsights_sitenote_note":"","_monsterinsights_sitenote_category":0,"footnotes":""},"class_list":["post-6835","page","type-page","status-publish","hentry"],"acf":[],"aioseo_notices":[],"_links":{"self":[{"href":"https:\/\/gatransplant.blackbaudwp.com\/vi\/wp-json\/wp\/v2\/pages\/6835","targetHints":{"allow":["GET"]}}],"collection":[{"href":"https:\/\/gatransplant.blackbaudwp.com\/vi\/wp-json\/wp\/v2\/pages"}],"about":[{"href":"https:\/\/gatransplant.blackbaudwp.com\/vi\/wp-json\/wp\/v2\/types\/page"}],"author":[{"embeddable":true,"href":"https:\/\/gatransplant.blackbaudwp.com\/vi\/wp-json\/wp\/v2\/users\/43"}],"replies":[{"embeddable":true,"href":"https:\/\/gatransplant.blackbaudwp.com\/vi\/wp-json\/wp\/v2\/comments?post=6835"}],"version-history":[{"count":5,"href":"https:\/\/gatransplant.blackbaudwp.com\/vi\/wp-json\/wp\/v2\/pages\/6835\/revisions"}],"predecessor-version":[{"id":62574,"href":"https:\/\/gatransplant.blackbaudwp.com\/vi\/wp-json\/wp\/v2\/pages\/6835\/revisions\/62574"}],"wp:attachment":[{"href":"https:\/\/gatransplant.blackbaudwp.com\/vi\/wp-json\/wp\/v2\/media?parent=6835"}],"curies":[{"name":"wp","href":"https:\/\/api.w.org\/{rel}","templated":true}]}}