{"id":2,"date":"2018-04-04T17:13:02","date_gmt":"2018-04-04T17:13:02","guid":{"rendered":"http:\/\/bbwpmaster.blackbaudwp.com\/?page_id=2"},"modified":"2025-10-02T13:00:04","modified_gmt":"2025-10-02T17:00:04","slug":"homepage","status":"publish","type":"page","link":"https:\/\/gatransplant.blackbaudwp.com\/vi\/","title":{"rendered":"Trang ch\u1ee7"},"content":{"rendered":"<h1>\n\t\t\tL\u00e0m gi\u00e0u cu\u1ed9c s\u1ed1ng\n\t\t<\/h1>\n\t\t\t<p>Ch\u00fang t\u00f4i thu h\u1eb9p kho\u1ea3ng c\u00e1ch gi\u1eefa hy v\u1ecdng v\u00e0 c\u01a1 h\u1ed9i b\u1eb1ng c\u00e1ch gi\u00e1o d\u1ee5c v\u00e0 l\u00e0m phong ph\u00fa th\u00eam cu\u1ed9c s\u1ed1ng c\u1ee7a nh\u1eefng ng\u01b0\u1eddi b\u1ecb \u1ea3nh h\u01b0\u1edfng b\u1edfi c\u1ea5y gh\u00e9p n\u1ed9i t\u1ea1ng.<\/p>\t\t\n\t\t\t<a href=\"#\" target=\"_self\">\n\t\t\t\t\t\t<h3>Xin tr\u1ee3 gi\u00fap<\/h3>\t\t\t\t\t\n\t\t\t<p><a href=\"#\">Name\/Link to Resource<\/a><a href=\"#\">Name\/Link to Resource<\/a><a href=\"#\">Name\/Link to Resource<\/a><a href=\"#\">Xem t\u1ea5t c\u1ea3<\/a><\/p>\t\t\n\t\t<\/a>\n\t\t\t<a href=\"#\" target=\"_self\">\n\t\t\t\t\t\t<h3>Community<\/h3>\t\t\t\t\t\n\t\t\t<p><a href=\"#\">Name\/Link to Resource<\/a><a href=\"#\">Name\/Link to Resource<\/a><a href=\"#\">Name\/Link to Resource<\/a><a href=\"#\">Xem t\u1ea5t c\u1ea3<\/a><\/p>\t\t\n\t\t<\/a>\n\t\t\t<a href=\"#\" target=\"_self\">\n\t\t\t\t\t\t<h3>C\u00e1c t\u00e0i li\u1ec7u<\/h3>\t\t\t\t\t\n\t\t\t<p><a href=\"#\">Name\/Link to Resource<\/a><a href=\"#\">Name\/Link to Resource<\/a><a href=\"#\">Name\/Link to Resource<\/a><a href=\"#\">Xem t\u1ea5t c\u1ea3<\/a><\/p>\t\t\n\t\t<\/a>\n\t\t<h2>\n\t\t\tFinancial Aid\n\t\t<\/h2>\n\t\t\t<p>C\u00e1c Ch\u01b0\u01a1ng tr\u00ecnh H\u1ed7 tr\u1ee3 T\u00e0i ch\u00ednh c\u1ee7a ch\u00fang t\u00f4i cung c\u1ea5p h\u1ed7 tr\u1ee3 ng\u1eafn h\u1ea1n, chuy\u1ec3n ti\u1ebfp cho c\u00e1c c\u00e1 nh\u00e2n v\u00e0 gia \u0111\u00ecnh b\u1ecb \u1ea3nh h\u01b0\u1edfng b\u1edfi vi\u1ec7c c\u1ea5y gh\u00e9p.<\/p>\t\t\n\t\t\t<a href=\"#\" target=\"_self\">\n\t\t\t\t\t\tEmergencies\t\t\t\t\t\n\t\t<\/a>\n\t\t\t<a href=\"#\" target=\"_self\">\n\t\t\t\t\t\tThu\u1ed1c men\t\t\t\t\t\n\t\t<\/a>\n\t\t\t<a href=\"#\" target=\"_self\">\n\t\t\t\t\t\tEvaluation\t\t\t\t\t\n\t\t<\/a>\n\t\t\t<a href=\"#\" target=\"_self\">\n\t\t\t\t\t\tLodging\t\t\t\t\t\n\t\t<\/a>\n\t\t\t<a href=\"#\" target=\"_self\">\n\t\t\t\t\t\tTransportation\t\t\t\t\t\n\t\t<\/a>\n\t\t\t<a href=\"#\" target=\"_self\">\n\t\t\t\t\t\tXem t\u1ea5t c\u1ea3\t\t\t\t\t\n\t\t<\/a>\n\t\t<h2>\n\t\t\tFundraising\n\t\t<\/h2>\n\t\t\t<p>We help transplant patients prepare for ongoing transplant costs through fundraising assistance and account management for transplant funds.<\/p>\t\t\n\t\t\t<a href=\"#\" target=\"_self\">\n\t\t\t\t\t\tG\u00e2y qu\u1ef9 c\u00e1 nh\u00e2n\t\t\t\t\t\n\t\t<\/a>\n\t\t\t<a href=\"#\" target=\"_self\">\n\t\t\t\t\t\tWorkshops\t\t\t\t\t\n\t\t<\/a>\n\t\t<h2>\n\t\t\tGi\u00e1o d\u1ee5c &amp; C\u1ed9ng \u0111\u1ed3ng\n\t\t<\/h2>\n\t\t\t<p>T\u1ed5 ch\u1ee9c cung c\u1ea5p c\u00e1c ch\u01b0\u01a1ng tr\u00ecnh h\u1ed7 tr\u1ee3 v\u00e0 d\u1ecbch v\u1ee5 kh\u00e1c nhau \u0111\u1ec3 tr\u1ee3 gi\u00fap c\u00e1c nhu c\u1ea7u gi\u00e1o d\u1ee5c.<\/p>\t\t\n\t\t\t<a href=\"#\" target=\"_self\">\n\t\t\t\t\t\tH\u1ecdc b\u1ed5ng\t\t\t\t\t\n\t\t<\/a>\n\t\t\t<a href=\"#\" target=\"_self\">\n\t\t\t\t\t\tMentoring\t\t\t\t\t\n\t\t<\/a>\n\t\t\t<a href=\"#\" target=\"_self\">\n\t\t\t\t\t\tEmployment &#038; Career Development\t\t\t\t\t\n\t\t<\/a>\n\t\t<h2>\n\t\t\tUpcoming Programs and Events\n\t\t<\/h2>\n\t\t<h2>\n\t\t\tT\u00e1c \u0111\u1ed9ng c\u1ee7a ch\u00fang t\u00f4i \u1edf Georgia\n\t\t<\/h2>\n\t\t94%\n\t\t\t\t\tof donations go to programs and services\n\t\t$34,000\n\t\t\t\t\tawarded yearly in academic scholarships\n\t\t$3,975\n\t\t\t\t\tPatients enrolled in the Transplant Fundraising Program\n\t\t\t\t\t\t\t\t\t\t<p>GTF h\u1ed7 tr\u1ee3 b\u1ec7nh nh\u00e2n c\u1ea5y gh\u00e9p c\u1ee7a t\u00f4i theo nh\u1eefng c\u00e1ch ngo\u00e0i nh\u1eefng g\u00ec b\u1ec7nh vi\u1ec7n c\u00f3 th\u1ec3 l\u00e0m. C\u00e1c d\u1ecbch v\u1ee5 c\u1ee7a GTF h\u1ed7 tr\u1ee3 b\u1ec7nh nh\u00e2n l\u1ea5y thu\u1ed1c c\u1ea7n thi\u1ebft v\u00e0 duy tr\u00ec ca c\u1ea5y gh\u00e9p th\u00e0nh c\u00f4ng. V\u00ec l\u00fd do n\u00e0y, t\u00f4i ti\u1ebfp t\u1ee5c h\u1ed7 tr\u1ee3 GTF v\u00e0 c\u00e1c ch\u01b0\u01a1ng tr\u00ecnh m\u00e0 h\u1ecd cung c\u1ea5p.<\/p>\n\t\t\t\t\t\t\t\t\t<h3>- Andy Smith, MD<\/h3>\n\t\t\t\t\t\t\t\t\t\t\t\t\t<h4>Ch\u1ee7 t\u1ecbch H\u1ed9i \u0111\u1ed3ng qu\u1ea3n tr\u1ecb c\u0169 v\u00e0 B\u00e1c s\u0129 c\u1ea5y gh\u00e9p<\/h4>\n\t\t\t\t\t\t\t\t\t\t<p>Sau khi \u0111\u01b0\u1ee3c c\u1ea5y gh\u00e9p tim, t\u00f4i \u0111\u00e3 \u0111\u0103ng k\u00fd v\u00e0o Ch\u01b0\u01a1ng tr\u00ecnh Kh\u1edfi \u0111\u1ed9ng v\u00e0 nh\u1eadn \u0111\u01b0\u1ee3c h\u1ed7 tr\u1ee3 t\u00e0i ch\u00ednh \u0111\u1ec3 tham gia c\u00e1c L\u1edbp h\u1ed7 tr\u1ee3 \u0111i\u1ec1u d\u01b0\u1ee1ng \u0111\u01b0\u1ee3c ch\u1ee9ng nh\u1eadn. B\u00e2y gi\u1edd, t\u00f4i c\u00f3 m\u1ed9t s\u1ef1 nghi\u1ec7p m\u00e0 t\u00f4i s\u1ebd kh\u00f4ng bao gi\u1edd \u0111\u1ea1t \u0111\u01b0\u1ee3c n\u1ebfu kh\u00f4ng c\u00f3 Ch\u01b0\u01a1ng tr\u00ecnh Kh\u1edfi \u0111\u1ed9ng v\u00e0 s\u1ef1 h\u1ed7 tr\u1ee3 t\u1eeb GTF.<\/p>\n\t\t\t\t\t\t\t\t\t<h3>&#8211; Sherry C<\/h3>\n\t\t\t\t\t\t\t\t\t\t\t\t\t<h4>Heart Transplant Recipient<\/h4>\n\t\t\t\t\t\t\t\t\t\t<p>Tr\u01b0\u1edbc khi c\u1ea5y gh\u00e9p, t\u00f4i ch\u01b0a bao gi\u1edd t\u01b0\u1edfng t\u01b0\u1ee3ng \u0111\u01b0\u1ee3c h\u01b0\u1edbng \u0111i m\u00e0 cu\u1ed9c \u0111\u1eddi t\u00f4i c\u00f3 th\u1ec3 \u0111i. T\u00f4i r\u1ea5t bi\u1ebft \u01a1n c\u1ed9ng \u0111\u1ed3ng c\u1ea5y gh\u00e9p \u0111\u00e3 cho t\u00f4i c\u01a1 h\u1ed9i th\u00e0nh c\u00f4ng trong nhi\u1ec1u kh\u00eda c\u1ea1nh kh\u00e1c nhau c\u1ee7a cu\u1ed9c s\u1ed1ng!<\/p>\n\t\t\t\t\t\t\t\t\t<h3>&#8211; Ken Sutha, MD<\/h3>\n\t\t\t\t\t\t\t\t\t\t\t\t\t<h4>Academic Scholarship Recipient<\/h4>\n\t\t\t\t\t\t\t\t\t\t<p>C\u1ea5y gh\u00e9p ch\u1ec9 l\u00e0 m\u1ed9t t\u1eeb cho \u0111\u1ebfn khi b\u1ea1n ph\u1ea3i \u0111\u1ed1i m\u1eb7t v\u1edbi n\u00f3. Ng\u01b0\u1eddi c\u1ed1 v\u1ea5n c\u1ee7a t\u00f4i \u0111\u00e3 khi\u1ebfn t\u00f4i nh\u1eadn ra r\u1eb1ng t\u00f4i kh\u00f4ng \u0111\u01a1n \u0111\u1ed9c. \u0110\u00e2y l\u00e0 m\u1ed9t ng\u01b0\u1eddi \u0111\u00e3 \u0111i tr\u00ean con \u0111\u01b0\u1eddng m\u00e0 t\u00f4i \u0111ang \u0111i. H\u01b0\u1edbng d\u1eabn v\u1ec1 nh\u1eefng g\u00ec c\u00f3 th\u1ec3 \u1edf ph\u00eda tr\u01b0\u1edbc v\u00e0 l\u00e0 ngu\u1ed3n \u0111\u1ed9ng vi\u00ean kh\u00f4ng ng\u1eebng.<\/p>\n\t\t\t\t\t\t\t\t\t<h3>&#8211; Brian<\/h3>\n\t\t\t\t\t\t\t\t\t\t\t\t\t<h4>Kidney and Pancreas Transplant Recipient<\/h4>\n\t<!-- \/.pp-testimonials -->\n\t\t<h2>\n\t\t\tGi\u00fap c\u1ed9ng \u0111\u1ed3ng gh\u00e9p t\u1ea1ng\n\t\t<\/h2>\n\t\t\t<a href=\"https:\/\/gatransplant.org\/giving\/donate\/\" target=\"_self\">\n\t\t\t\t\t\t\tQuy\u00ean g\u00f3p\n\t\t\t\t\t<\/a>\n\t\t\t<a href=\"https:\/\/gatransplant.org\/get-involved\/become-a-partner\/\" target=\"_self\">\n\t\t\t\t\t\t\tTr\u1edf th\u00e0nh nh\u00e0 t\u00e0i tr\u1ee3\n\t\t\t\t\t<\/a>\n\t\t\t<a href=\"https:\/\/gatransplant.org\/get-involved\/volunteer\/\" target=\"_self\">\n\t\t\t\t\t\t\tT\u00ecnh nguy\u1ec7n vi\u00ean\n\t\t\t\t\t<\/a>","protected":false},"excerpt":{"rendered":"<p>Enriching Lives We bridge the gap between hope and opportunity by educating and enriching the lives of those affected by organ transplant. Apply for Help Name\/Link to ResourceName\/Link to ResourceName\/Link&hellip;<\/p>","protected":false},"author":1,"featured_media":0,"parent":0,"menu_order":0,"comment_status":"closed","ping_status":"open","template":"","meta":{"_acf_changed":false,"_monsterinsights_skip_tracking":false,"_monsterinsights_sitenote_active":false,"_monsterinsights_sitenote_note":"","_monsterinsights_sitenote_category":0,"footnotes":""},"class_list":["post-2","page","type-page","status-publish","hentry"],"acf":[],"aioseo_notices":[],"_links":{"self":[{"href":"https:\/\/gatransplant.blackbaudwp.com\/vi\/wp-json\/wp\/v2\/pages\/2","targetHints":{"allow":["GET"]}}],"collection":[{"href":"https:\/\/gatransplant.blackbaudwp.com\/vi\/wp-json\/wp\/v2\/pages"}],"about":[{"href":"https:\/\/gatransplant.blackbaudwp.com\/vi\/wp-json\/wp\/v2\/types\/page"}],"author":[{"embeddable":true,"href":"https:\/\/gatransplant.blackbaudwp.com\/vi\/wp-json\/wp\/v2\/users\/1"}],"replies":[{"embeddable":true,"href":"https:\/\/gatransplant.blackbaudwp.com\/vi\/wp-json\/wp\/v2\/comments?post=2"}],"version-history":[{"count":5,"href":"https:\/\/gatransplant.blackbaudwp.com\/vi\/wp-json\/wp\/v2\/pages\/2\/revisions"}],"predecessor-version":[{"id":62572,"href":"https:\/\/gatransplant.blackbaudwp.com\/vi\/wp-json\/wp\/v2\/pages\/2\/revisions\/62572"}],"wp:attachment":[{"href":"https:\/\/gatransplant.blackbaudwp.com\/vi\/wp-json\/wp\/v2\/media?parent=2"}],"curies":[{"name":"wp","href":"https:\/\/api.w.org\/{rel}","templated":true}]}}