{"id":12,"date":"2018-04-04T16:58:00","date_gmt":"2018-04-04T20:58:00","guid":{"rendered":"http:\/\/bbwpmaster.blackbaudwp.com\/?page_id=12"},"modified":"2025-09-07T15:29:16","modified_gmt":"2025-09-07T19:29:16","slug":"privacy-policy","status":"publish","type":"page","link":"https:\/\/gatransplant.blackbaudwp.com\/vi\/privacy-policy\/","title":{"rendered":"Ch\u00ednh s\u00e1ch b\u1ea3o m\u1eadt"},"content":{"rendered":"<h1>Ch\u00ednh s\u00e1ch b\u1ea3o m\u1eadt<\/h1>\n<h2>Cam k\u1ebft b\u1ea3o m\u1eadt<\/h2>\n<p>B\u1ea3o m\u1eadt th\u00f4ng tin c\u00e1 nh\u00e2n c\u1ee7a b\u1ea1n l\u00e0 quan tr\u1ecdng \u0111\u1ed1i v\u1edbi ch\u00fang t\u00f4i. Ch\u00fang t\u00f4i kh\u00f4ng bao gi\u1edd b\u00e1n ho\u1eb7c cho thu\u00ea th\u00f4ng tin c\u00e1 nh\u00e2n c\u1ee7a b\u1ea1n cho b\u1ea5t k\u1ef3 b\u00ean th\u1ee9 ba n\u00e0o trong b\u1ea5t k\u1ef3 tr\u01b0\u1eddng h\u1ee3p n\u00e0o. Ch\u00fang t\u00f4i \u0111\u00e1nh gi\u00e1 cao s\u1ef1 tin t\u01b0\u1edfng c\u1ee7a b\u1ea1n v\u00e0 s\u1ebd n\u1ed7 l\u1ef1c \u0111\u1ec3 b\u1ea3o v\u1ec7 t\u00ednh b\u1ea3o m\u1eadt v\u00e0 quy\u1ec1n ri\u00eang t\u01b0 c\u1ee7a b\u1ea5t k\u1ef3 th\u00f4ng tin c\u00e1 nh\u00e2n n\u00e0o m\u00e0 b\u1ea1n cung c\u1ea5p cho ch\u00fang t\u00f4i. Th\u00f4ng tin ch\u00fang t\u00f4i thu th\u1eadp khi b\u1ea1n quy\u00ean g\u00f3p cho GTF ch\u1ec9 \u0111\u01b0\u1ee3c s\u1eed d\u1ee5ng cho m\u1ee5c \u0111\u00edch ch\u1ea5p nh\u1eadn thanh to\u00e1n c\u1ee7a b\u1ea1n.<\/p>\n\t<h2>Non-Discrimination Policy<\/h2>\n<p>Georgia Transplant Foundation is committed to creating a friendly environment where each individual is welcomed and respected. We believe that no person should be excluded from the Foundation&#8217;s services, employment, or volunteer participation on the basis of race, color, religion (creed), gender, gender expression, age, national origin (ancestry), disability, marital status, sexual orientation, or military status, or for any other discriminatory practice.<\/p>\n<p>Georgia Transplant Foundation is expressly nonpolitical and is not aligned with any political party, creed, organization, or movement. Georgia Transplant Foundation is not aligned with any religious belief. We invite faith-based organizations to partner with our programs so long as they meet our nonprofit partner eligibility criteria and fulfill a strictly charitable purpose.<\/p>\n<p>Georgia Transplant Foundation does not and shall not discriminate on the basis of race, color, religion (creed), gender, gender expression, age, national origin (ancestry), disability, marital status, sexual orientation, or military status, in any of its activities or operations. These activities include, but are not limited to, the appointment to and termination from its Board of Directors, hiring and firing of staff or contractors, selection of volunteers or vendors, and providing of services.<\/p>\n<p>We are committed to providing an inclusive and welcoming environment for all clients, volunteers, partners, staff, and Board members. We aim to build relationships with a wide spectrum of people and organizations as to continue being able to <em>Enrich Lives Everyday.<\/em><\/p>","protected":false},"excerpt":{"rendered":"<p>Privacy Policy Privacy Statement The security of your personal information is important to us. We never sell or rent your personal information to any third parties under any circumstances. We&hellip;<\/p>","protected":false},"author":1,"featured_media":963,"parent":0,"menu_order":7,"comment_status":"closed","ping_status":"closed","template":"","meta":{"_acf_changed":false,"_monsterinsights_skip_tracking":false,"_monsterinsights_sitenote_active":false,"_monsterinsights_sitenote_note":"","_monsterinsights_sitenote_category":0,"footnotes":""},"class_list":["post-12","page","type-page","status-publish","has-post-thumbnail","hentry"],"acf":[],"aioseo_notices":[],"_links":{"self":[{"href":"https:\/\/gatransplant.blackbaudwp.com\/vi\/wp-json\/wp\/v2\/pages\/12","targetHints":{"allow":["GET"]}}],"collection":[{"href":"https:\/\/gatransplant.blackbaudwp.com\/vi\/wp-json\/wp\/v2\/pages"}],"about":[{"href":"https:\/\/gatransplant.blackbaudwp.com\/vi\/wp-json\/wp\/v2\/types\/page"}],"author":[{"embeddable":true,"href":"https:\/\/gatransplant.blackbaudwp.com\/vi\/wp-json\/wp\/v2\/users\/1"}],"replies":[{"embeddable":true,"href":"https:\/\/gatransplant.blackbaudwp.com\/vi\/wp-json\/wp\/v2\/comments?post=12"}],"version-history":[{"count":5,"href":"https:\/\/gatransplant.blackbaudwp.com\/vi\/wp-json\/wp\/v2\/pages\/12\/revisions"}],"predecessor-version":[{"id":62498,"href":"https:\/\/gatransplant.blackbaudwp.com\/vi\/wp-json\/wp\/v2\/pages\/12\/revisions\/62498"}],"wp:featuredmedia":[{"embeddable":true,"href":"https:\/\/gatransplant.blackbaudwp.com\/vi\/wp-json\/wp\/v2\/media\/963"}],"wp:attachment":[{"href":"https:\/\/gatransplant.blackbaudwp.com\/vi\/wp-json\/wp\/v2\/media?parent=12"}],"curies":[{"name":"wp","href":"https:\/\/api.w.org\/{rel}","templated":true}]}}