{"id":8075,"date":"2020-12-11T03:20:10","date_gmt":"2020-12-11T08:20:10","guid":{"rendered":"https:\/\/gatransplant.org\/?page_id=8075"},"modified":"2025-09-08T11:56:20","modified_gmt":"2025-09-08T15:56:20","slug":"become-a-mentor","status":"publish","type":"page","link":"https:\/\/gatransplant.blackbaudwp.com\/es\/get-involved\/become-a-mentor\/","title":{"rendered":"Convi\u00e9rtete en mentor"},"content":{"rendered":"<h1>\n\t\t\tConvi\u00e9rtete en mentor\n\t\t<\/h1>\n\t\t\t<p>El Proyecto Mentor proporciona un contacto personal entre las personas que viven con \u00e9xito con un trasplante y las personas que son nuevas o se est\u00e1n adaptando al mundo del trasplante.<\/p>\t\t\n\t\t<h2>\n\t\t\t&quot;Ser un mentor me ha dado la oportunidad de ayudar a los dem\u00e1s y mantener mi don&quot;.\n\t\t<\/h2>\n\t\t\t<p>El Proyecto Mentor proporciona un contacto personal entre las personas que viven con \u00e9xito con un trasplante y las personas que son nuevas o se est\u00e1n adaptando al mundo del trasplante. Los receptores de trasplantes, los donantes vivos, los cuidadores y los padres de los receptores pedi\u00e1tricos pueden ser mentores capacitados. Son personas que desean ayudar a apoyar a otros durante el proceso de trasplante y, a menudo, son el &quot;rostro de esperanza&quot; para cualquier persona que se enfrente a un trasplante. Para ser considerado un mentor, debe tener seis meses despu\u00e9s del trasplante \/ donaci\u00f3n en vida, un Residente de Georgia, viviendo exitosamente despu\u00e9s del trasplante \/ donaci\u00f3n y capaz de completar un taller de capacitaci\u00f3n de un d\u00eda (en persona o virtualmente, seg\u00fan el momento en que se ofrezca) .Si est\u00e1 interesado, complete el formulario a continuaci\u00f3n y estaremos en contactarte pronto con un partido! Si tiene alguna pregunta sobre The Mentor Project o sobre c\u00f3mo convertirse en mentor, cont\u00e1ctenos al (678) 514-1178 o mentor@gatransplant.org.<\/p>\t\t\n\t\t\t<h3>Convi\u00e9rtete en mentor<\/h3>\n\t\t<p>Please fill out the form below if you would like to be trained as a GTF Mentor.<\/p>\n                            \n                        <form method='post' enctype='multipart\/form-data' target='gform_ajax_frame_8' id='gform_8' class='compact' action='https:\/\/gatransplant.blackbaudwp.com\/es\/get-involved\/become-a-mentor\/?fl_builder&#038;fl_builder_ui_iframe#gf_8' data-formid='8' novalidate data-trp-original-action=\"https:\/\/gatransplant.blackbaudwp.com\/get-involved\/become-a-mentor\/?fl_builder&#038;fl_builder_ui_iframe#gf_8\">\n                        <ul id='gform_fields_8' class='gform_fields top_label form_sublabel_below description_below validation_below'><li id=\"field_8_4\"><label class='gfield_label gform-field-label gfield_label_before_complex'>Nombre*<\/label>\n                                                    <select name='input_4.2' id='input_8_4_2'    aria-required='false'>\n                          <option value=''><\/option><option value='Dr.'>Dr.<\/option><option value='Miss'>Pierda<\/option><option value='Mr.'>se\u00f1or.<\/option><option value='Mrs.'>Se\u00f1ora.<\/option><option value='Ms.'>Em.<\/option><option value='Prof.'>Profe.<\/option><option value='Rev.'>Rvdo.<\/option>\n                      <\/select>\n                                                    <label for='input_8_4_2' class='gform-field-label gform-field-label--type-sub'>T\u00edtulo<\/label>\n                                                    <input type='text' name='input_4.3' id='input_8_4_3' value=''   aria-required='true'     \/>\n                                                    <label for='input_8_4_3' class='gform-field-label gform-field-label--type-sub'>Primero<\/label>\n                                                    <input type='text' name='input_4.4' id='input_8_4_4' value=''   aria-required='false'     \/>\n                                                    <label for='input_8_4_4' class='gform-field-label gform-field-label--type-sub'>Medio<\/label>\n                                                    <input type='text' name='input_4.6' id='input_8_4_6' value=''   aria-required='true'     \/>\n                                                    <label for='input_8_4_6' class='gform-field-label gform-field-label--type-sub'>\u00daltimo<\/label>\n                        <\/li><li id=\"field_8_5\"><label class='gfield_label gform-field-label gfield_label_before_complex'>Direcci\u00f3n*<\/label>    \n                                        <input type='text' name='input_5.1' id='input_8_5_1' value=''    aria-required='true'    \/>\n                                        <label for='input_8_5_1' id='input_8_5_1_label' class='gform-field-label gform-field-label--type-sub'>Direcci\u00f3n<\/label>\n                                    <input type='text' name='input_5.3' id='input_8_5_3' value=''    aria-required='true'    \/>\n                                    <label for='input_8_5_3' id='input_8_5_3_label' class='gform-field-label gform-field-label--type-sub'>Ciudad<\/label>\n                                        <select name='input_5.4' id='input_8_5_4'     aria-required='true'><option value=''><\/option><option value='Alabama'>Alabama<\/option><option value='Alaska'>Alaska<\/option><option value='American Samoa'>American Samoa<\/option><option value='Arizona'>Arizona<\/option><option value='Arkansas'>Arkansas<\/option><option value='California'>California<\/option><option value='Colorado'>Colorado<\/option><option value='Connecticut'>Connecticut<\/option><option value='Delaware'>Delaware<\/option><option value='District of Columbia'>Distrito de Columbia<\/option><option value='Florida'>Florida<\/option><option value='Georgia' selected='selected'>Georgia<\/option><option value='Guam'>Guam<\/option><option value='Hawaii'>Hawai<\/option><option value='Idaho'>Idaho<\/option><option value='Illinois'>Illinois<\/option><option value='Indiana'>Indiana<\/option><option value='Iowa'>Iowa<\/option><option value='Kansas'>Kansas<\/option><option value='Kentucky'>Kentucky<\/option><option value='Louisiana'>Luisiana<\/option><option value='Maine'>Maine<\/option><option value='Maryland'>Maryland<\/option><option value='Massachusetts'>Massachusetts<\/option><option value='Michigan'>Michigan<\/option><option value='Minnesota'>Minnesota<\/option><option value='Mississippi'>Misisip\u00ed<\/option><option value='Missouri'>Misuri<\/option><option value='Montana'>Montana<\/option><option value='Nebraska'>Nebraska<\/option><option value='Nevada'>Nevada<\/option><option value='New Hampshire'>New Hampshire<\/option><option value='New Jersey'>New Jersey<\/option><option value='New Mexico'>Nuevo Mexico<\/option><option value='New York'>Nueva York<\/option><option value='North Carolina'>Carolina del Norte<\/option><option value='North Dakota'>Dakota del Norte<\/option><option value='Northern Mariana Islands'>Northern Mariana Islands<\/option><option value='Ohio'>Ohio<\/option><option value='Oklahoma'>Oklahoma<\/option><option value='Oregon'>Oreg\u00f3n<\/option><option value='Pennsylvania'>Pensilvania<\/option><option value='Puerto Rico'>Puerto Rico<\/option><option value='Rhode Island'>Rhode Island<\/option><option value='South Carolina'>Carolina del Sur<\/option><option value='South Dakota'>Dakota del Sur<\/option><option value='Tennessee'>Tennesse<\/option><option value='Texas'>Texas<\/option><option value='Utah'>Utah<\/option><option value='U.S. Virgin Islands'>U.S. Virgin Islands<\/option><option value='Vermont'>Vermont<\/option><option value='Virginia'>Virginia<\/option><option value='Washington'>Washington<\/option><option value='West Virginia'>Virginia del Oeste<\/option><option value='Wisconsin'>Wisconsin<\/option><option value='Wyoming'>Wyoming<\/option><option value='Armed Forces Americas'>Fuerzas Armadas Am\u00e9ricas<\/option><option value='Armed Forces Europe'>Fuerzas Armadas de Europa<\/option><option value='Armed Forces Pacific'>Fuerzas Armadas del Pac\u00edfico<\/option><\/select>\n                                        <label for='input_8_5_4' id='input_8_5_4_label' class='gform-field-label gform-field-label--type-sub'>Estado<\/label>\n                                    <input type='text' name='input_5.5' id='input_8_5_5' value=''    aria-required='true'    \/>\n                                    <label for='input_8_5_5' id='input_8_5_5_label' class='gform-field-label gform-field-label--type-sub'>C\u00f3digo postal<\/label>\n                                <input type='hidden' class='gform_hidden' name='input_5.6' id='input_8_5_6' value='United States' \/>\n                <\/li><li id=\"field_8_6\"><label class='gfield_label gform-field-label' for='input_8_6'>Tel\u00e9fono Principal*<\/label><input name='input_6' id='input_8_6' type='tel' value='' class='large'   aria-required=\"true\" aria-invalid=\"false\"   \/><\/li><li id=\"field_8_7\"><label class='gfield_label gform-field-label' for='input_8_7'>Correo electr\u00f3nico*<\/label>\n                            <input name='input_7' id='input_8_7' type='email' value='' class='large'    aria-required=\"true\" aria-invalid=\"false\"  \/>\n                        <\/li><li id=\"field_8_8\"><label class='gfield_label gform-field-label' for='input_8_8'>Fecha de nacimiento*<\/label>\n                            <input name='input_8' id='input_8_8' type='text' value='' class='datepicker gform-datepicker mdy datepicker_no_icon gdatepicker-no-icon'   placeholder='mm\/dd\/yyyy' aria-describedby=\"input_8_8_date_format\" aria-invalid=\"false\" aria-required=\"true\"\/>\n                            MM slash DD slash YYYY\n                        <input type='hidden' id='gforms_calendar_icon_input_8_8' class='gform_hidden' value='https:\/\/gatransplant.blackbaudwp.com\/wp-content\/plugins\/gravityforms\/images\/datepicker\/datepicker.svg'\/><\/li><li id=\"field_8_11\"><label class='gfield_label gform-field-label' for='input_8_11'>G\u00e9nero*<\/label><select name='input_11' id='input_8_11' class='large gfield_select'    aria-required=\"true\" aria-invalid=\"false\"><option value='' selected='selected'><\/option><option value='Male'>Masculino<\/option><option value='Female'>Hembra<\/option><option value='Prefer Not to Answer'>Prefiero no responder<\/option><\/select><\/li><li id=\"field_8_12\"><label class='gfield_label gform-field-label' for='input_8_12'>Estado civil*<\/label><select name='input_12' id='input_8_12' class='large gfield_select'    aria-required=\"true\" aria-invalid=\"false\"><option value='' selected='selected'><\/option><option value='Single'>Soltero<\/option><option value='Married'>Casado<\/option><option value='Divorced'>Divorciado<\/option><option value='Widowed'>Viudo<\/option><option value='Other'>Otro<\/option><\/select><\/li><li id=\"field_8_13\"><label class='gfield_label gform-field-label gfield_label_before_complex'>Organo*<\/label><ul class='gfield_checkbox' id='input_8_13'><li class='gchoice gchoice_8_13_1'>\n\t\t\t\t\t\t\t\t<input class='gfield-choice-input' name='input_13.1' type='checkbox'  value='Kidney'  id='choice_8_13_1'   \/>\n\t\t\t\t\t\t\t\t<label for='choice_8_13_1' id='label_8_13_1' class='gform-field-label gform-field-label--type-inline'>Ri\u00f1\u00f3n<\/label>\n\t\t\t\t\t\t\t<\/li><li class='gchoice gchoice_8_13_2'>\n\t\t\t\t\t\t\t\t<input class='gfield-choice-input' name='input_13.2' type='checkbox'  value='Liver'  id='choice_8_13_2'   \/>\n\t\t\t\t\t\t\t\t<label for='choice_8_13_2' id='label_8_13_2' class='gform-field-label gform-field-label--type-inline'>H\u00edgado<\/label>\n\t\t\t\t\t\t\t<\/li><li class='gchoice gchoice_8_13_3'>\n\t\t\t\t\t\t\t\t<input class='gfield-choice-input' name='input_13.3' type='checkbox'  value='Heart'  id='choice_8_13_3'   \/>\n\t\t\t\t\t\t\t\t<label for='choice_8_13_3' id='label_8_13_3' class='gform-field-label gform-field-label--type-inline'>Coraz\u00f3n<\/label>\n\t\t\t\t\t\t\t<\/li><li class='gchoice gchoice_8_13_4'>\n\t\t\t\t\t\t\t\t<input class='gfield-choice-input' name='input_13.4' type='checkbox'  value='Pancreas'  id='choice_8_13_4'   \/>\n\t\t\t\t\t\t\t\t<label for='choice_8_13_4' id='label_8_13_4' class='gform-field-label gform-field-label--type-inline'>P\u00e1ncreas<\/label>\n\t\t\t\t\t\t\t<\/li><li class='gchoice gchoice_8_13_5'>\n\t\t\t\t\t\t\t\t<input class='gfield-choice-input' name='input_13.5' type='checkbox'  value='Lung(s)'  id='choice_8_13_5'   \/>\n\t\t\t\t\t\t\t\t<label for='choice_8_13_5' id='label_8_13_5' class='gform-field-label gform-field-label--type-inline'>Livianos)<\/label>\n\t\t\t\t\t\t\t<\/li><li class='gchoice gchoice_8_13_6'>\n\t\t\t\t\t\t\t\t<input class='gfield-choice-input' name='input_13.6' type='checkbox'  value='Other'  id='choice_8_13_6'   \/>\n\t\t\t\t\t\t\t\t<label for='choice_8_13_6' id='label_8_13_6' class='gform-field-label gform-field-label--type-inline'>Otro<\/label>\n\t\t\t\t\t\t\t<\/li><\/ul><\/li><li id=\"field_8_17\"><label class='gfield_label gform-field-label' for='input_8_17'>Otro tipo de trasplante:<\/label><input name='input_17' id='input_8_17' type='text' value='' class='large'      aria-invalid=\"false\"   \/><\/li><li id=\"field_8_15\"><label class='gfield_label gform-field-label' for='input_8_15'>Estado del trasplante *<\/label><select name='input_15' id='input_8_15' class='large gfield_select'    aria-required=\"true\" aria-invalid=\"false\"><option value='' selected='selected'><\/option><option value='Evaluee'>Evaluar<\/option><option value='Listed Candidate'>Candidato listado<\/option><option value='Recipient'>Recipiente<\/option><option value='Spouse\/Partner'>C\u00f3nyuge \/ pareja<\/option><option value='Living donor'>Donante vivo<\/option><option value='Caregiver\/Parent'>Cuidador \/ Padre<\/option><option value='Other'>Otro<\/option><\/select><\/li><li id=\"field_8_16\"><label class='gfield_label gform-field-label' for='input_8_16'>Otro tipo de estado de trasplante:<\/label><input name='input_16' id='input_8_16' type='text' value='' class='large'      aria-invalid=\"false\"   \/><\/li><li id=\"field_8_18\"><label class='gfield_label gform-field-label' for='input_8_18'>Otro estado de trasplante:<\/label><input name='input_18' id='input_8_18' type='text' value='' class='large'      aria-invalid=\"false\"   \/><\/li><li id=\"field_8_23\"><label class='gfield_label gform-field-label' for='input_8_23'>Fecha de trasplante<\/label>\n                            <input name='input_23' id='input_8_23' type='text' value='' class='datepicker gform-datepicker dmy datepicker_no_icon gdatepicker-no-icon'   placeholder='dd\/mm\/yyyy' aria-describedby=\"input_8_23_date_format\" aria-invalid=\"false\" \/>\n                            DD slash MM slash YYYY\n                        <input type='hidden' id='gforms_calendar_icon_input_8_23' class='gform_hidden' value='https:\/\/gatransplant.blackbaudwp.com\/wp-content\/plugins\/gravityforms\/images\/datepicker\/datepicker.svg'\/><\/li><li id=\"field_8_19\"><label class='gfield_label gform-field-label' for='input_8_19'>Centro de trasplantes *<\/label><select name='input_19' id='input_8_19' class='large gfield_select'    aria-required=\"true\" aria-invalid=\"false\"><option value='' selected='selected'><\/option><option value='Augusta University Health'>Salud de la Universidad de Augusta<\/option><option value='Children's healthcare of atlanta'>Children&#039;s Healthcare of Atlanta<\/option><option value='Duke Health'>Duke Health<\/option><option value='Emory University Hospital'>Hospital Universitario de Emory<\/option><option value='Mayo Clinic (Jacksonville)'>Cl\u00ednica Mayo (Jacksonville)<\/option><option value='MUSC Health'>Salud MUSC<\/option><option value='Piedmont Healthcare'>Piedmont Healthcare<\/option><option value='UAB Medicine'>Medicina UAB<\/option><option value='Other'>Otro<\/option><\/select><\/li><li id=\"field_8_20\"><label class='gfield_label gform-field-label' for='input_8_20'>Otro centro de trasplantes:<\/label><input name='input_20' id='input_8_20' type='text' value='' class='large'      aria-invalid=\"false\"   \/><\/li><li id=\"field_8_21\"><label class='gfield_label gform-field-label' for='input_8_21'>Resumen del viaje de trasplante \/ donaci\u00f3n: *<\/label><textarea name='input_21' id='input_8_21' class='textarea large'     aria-required=\"true\" aria-invalid=\"false\"   rows='10' cols='50'><\/textarea><\/li><li id=\"field_8_25\"><label class='gfield_label gform-field-label gfield_label_before_complex'>Indique una persona que trabaje en su centro de trasplantes, un miembro del personal de GTF o un mentor l\u00edder del proyecto Mentor que le dar\u00e1 una recomendaci\u00f3n para convertirse en mentor de GTF. *<\/label><style type=\"text\/css\">\n\t\t\t\t\t\tbody .ginput_container_list table.gfield_list tbody tr td.gfield_list_icons {\n\t\t\t\t\t\t\tvertical-align: middle !important;\n\t\t\t\t\t\t}\n\t\t\t\t\t\tbody .ginput_container_list table.gfield_list tbody tr td.gfield_list_icons img {\n\t\t\t\t\t\t\tbackground-color: transparent !important;\n\t\t\t\t\t\t\tbackground-position: 0 0;\n\t\t\t\t\t\t\tbackground-size: 16px 16px !important;\n\t\t\t\t\t\t\tbackground-repeat: no-repeat;\n\t\t\t\t\t\t\tborder: none !important;\n\t\t\t\t\t\t\twidth: 16px !important;\n\t\t\t\t\t\t\theight: 16px !important;\n\t\t\t\t\t\t\topacity: 0.5;\n\t\t\t\t\t\t\ttransition: opacity .5s ease-out;\n\t\t\t\t\t\t    -moz-transition: opacity .5s ease-out;\n\t\t\t\t\t\t    -webkit-transition: opacity .5s ease-out;\n\t\t\t\t\t\t    -o-transition: opacity .5s ease-out;\n\t\t\t\t\t\t}\n\t\t\t\t\t\tbody .ginput_container_list table.gfield_list tbody tr td.gfield_list_icons a:hover img {\n\t\t\t\t\t\t\topacity: 1.0;\n\t\t\t\t\t\t}\n\t\t\t\t\t\t<\/style><table class='gfield_list gfield_list_container'><colgroup><col id='gfield_list_25_col_1' class='gfield_list_col_odd' \/><col id='gfield_list_25_col_2' class='gfield_list_col_even' \/><col id='gfield_list_25_col_3' class='gfield_list_col_odd' \/><\/colgroup><thead><tr><th scope=\"col\">Nombre<\/th><th scope=\"col\">Direcci\u00f3n de correo electr\u00f3nico<\/th><\/tr><\/thead><tbody><tr class='gfield_list_row_odd gfield_list_group'><td class='gfield_list_cell gfield_list_25_cell1' data-label='Name'><input aria-invalid='false' aria-required=\"true\"  aria-label='Name, Row 1' data-aria-label-template='Name, Row {0}' type='text' name='input_25[]' value=''   \/><\/td><td class='gfield_list_cell gfield_list_25_cell2' data-label='E-Mail Address'><input aria-invalid='false' aria-required=\"true\"  aria-label='E-Mail Address, Row 1' data-aria-label-template='E-Mail Address, Row {0}' type='text' name='input_25[]' value=''   \/><\/td><\/tr><\/tbody><\/table><\/li><li id=\"field_8_1\"><label class='gfield_label gform-field-label' for='input_8_1'>CAPTCHA<\/label><\/li><\/ul>\n         <input type='submit' id='gform_submit_button_8' class='gform_button button' onclick='gform.submission.handleButtonClick(this);' data-submission-type='submit' value='Enviar'  \/> <input type='hidden' name='gform_ajax' value='form_id=8&amp;title=&amp;description=1&amp;tabindex=0&amp;theme=legacy&amp;styles=[]&amp;hash=8c49de0bb6583e23a98f581d36bcc8df' \/>\n            <input type='hidden' class='gform_hidden' name='gform_submission_method' data-js='gform_submission_method_8' value='iframe' \/>\n            <input type='hidden' class='gform_hidden' name='gform_theme' data-js='gform_theme_8' id='gform_theme_8' value='legacy' \/>\n            <input type='hidden' class='gform_hidden' name='gform_style_settings' data-js='gform_style_settings_8' id='gform_style_settings_8' value='[]' \/>\n            <input type='hidden' class='gform_hidden' name='is_submit_8' value='1' \/>\n            <input type='hidden' class='gform_hidden' name='gform_submit' value='8' \/>\n            <input type='hidden' class='gform_hidden' name='gform_unique_id' value='' \/>\n            <input type='hidden' class='gform_hidden' name='state_8' value='WyJbXSIsIjQ2ZDIxYzhkOGRhYzAzNWExNmM2ZjRmNTMxNmRjODdiIl0=' \/>\n            <input type='hidden' autocomplete='off' class='gform_hidden' name='gform_target_page_number_8' id='gform_target_page_number_8' value='0' \/>\n            <input type='hidden' autocomplete='off' class='gform_hidden' name='gform_source_page_number_8' id='gform_source_page_number_8' value='1' \/>\n            <input type='hidden' name='gform_field_values' value='' \/>\n                        <input type=\"hidden\" name=\"trp-form-language\" value=\"es\"\/><\/form>\n\t\t                <iframe style='display:none;width:0px;height:0px;' src='about:blank' name='gform_ajax_frame_8' id='gform_ajax_frame_8' title='Este iframe contiene la l\u00f3gica necesaria para manejar Gravity Forms con tecnolog\u00eda Ajax.'><\/iframe>","protected":false},"excerpt":{"rendered":"<p>El Proyecto Mentor proporciona un contacto personal entre las personas que viven con \u00e9xito con un trasplante y las personas que son nuevas o se est\u00e1n adaptando al mundo del trasplante.<\/p>","protected":false},"author":57,"featured_media":8081,"parent":6837,"menu_order":2,"comment_status":"closed","ping_status":"closed","template":"","meta":{"_acf_changed":false,"_monsterinsights_skip_tracking":false,"_monsterinsights_sitenote_active":false,"_monsterinsights_sitenote_note":"","_monsterinsights_sitenote_category":0,"footnotes":""},"class_list":["post-8075","page","type-page","status-publish","has-post-thumbnail","hentry"],"acf":[],"aioseo_notices":[],"_links":{"self":[{"href":"https:\/\/gatransplant.blackbaudwp.com\/es\/wp-json\/wp\/v2\/pages\/8075","targetHints":{"allow":["GET"]}}],"collection":[{"href":"https:\/\/gatransplant.blackbaudwp.com\/es\/wp-json\/wp\/v2\/pages"}],"about":[{"href":"https:\/\/gatransplant.blackbaudwp.com\/es\/wp-json\/wp\/v2\/types\/page"}],"author":[{"embeddable":true,"href":"https:\/\/gatransplant.blackbaudwp.com\/es\/wp-json\/wp\/v2\/users\/57"}],"replies":[{"embeddable":true,"href":"https:\/\/gatransplant.blackbaudwp.com\/es\/wp-json\/wp\/v2\/comments?post=8075"}],"version-history":[{"count":6,"href":"https:\/\/gatransplant.blackbaudwp.com\/es\/wp-json\/wp\/v2\/pages\/8075\/revisions"}],"predecessor-version":[{"id":62542,"href":"https:\/\/gatransplant.blackbaudwp.com\/es\/wp-json\/wp\/v2\/pages\/8075\/revisions\/62542"}],"up":[{"embeddable":true,"href":"https:\/\/gatransplant.blackbaudwp.com\/es\/wp-json\/wp\/v2\/pages\/6837"}],"wp:featuredmedia":[{"embeddable":true,"href":"https:\/\/gatransplant.blackbaudwp.com\/es\/wp-json\/wp\/v2\/media\/8081"}],"wp:attachment":[{"href":"https:\/\/gatransplant.blackbaudwp.com\/es\/wp-json\/wp\/v2\/media?parent=8075"}],"curies":[{"name":"wp","href":"https:\/\/api.w.org\/{rel}","templated":true}]}}