{"id":8051,"date":"2020-12-11T00:17:12","date_gmt":"2020-12-11T05:17:12","guid":{"rendered":"https:\/\/gatransplant.org\/?page_id=8051"},"modified":"2025-08-12T11:01:43","modified_gmt":"2025-08-12T15:01:43","slug":"support-groups","status":"publish","type":"page","link":"https:\/\/gatransplant.blackbaudwp.com\/es\/our-programs\/education-community-programs\/support-groups\/","title":{"rendered":"Grupos de apoyo"},"content":{"rendered":"<h1>\n\t\t\tGrupos de apoyo virtual\n\t\t<\/h1>\n\t\t\t<p>GTF organiza grupos de apoyo virtualmente para satisfacer las necesidades de la comunidad de trasplantes conect\u00e1ndose digitalmente para apoyo y trabajo en red.\u00a0<strong>Support groups are held the third Wednesday of each month at 7PM, via Zoom.<\/strong><\/p>\t\t\n\t\t<h2>\n\t\t\tDetails\n\t\t<\/h2>\n\t\t\t<p>Todos los grupos de \u00f3rganos son bienvenidos; el \u00fanico requisito es ser residente de Georgia y estar en alg\u00fan lugar a lo largo del viaje del trasplante (pacientes antes o despu\u00e9s del trasplante, di\u00e1lisis, cuidadores). Seguimos el ejemplo del grupo para discutir temas relevantes y ofreceremos orientaci\u00f3n \u00fatil seg\u00fan sea necesario. Los grupos est\u00e1n limitados a no m\u00e1s de 20 asistentes por sesi\u00f3n de soporte. Consulte a continuaci\u00f3n los pr\u00f3ximos grupos de apoyo. Es necesario registrarse.<\/p>\t\t\n\t\t<h2>\n\t\t\tUpcoming Dates\n\t\t<\/h2>\n\t\t\t<ul><li>Wednesday,\u00a0<strong>January 15<\/strong> at 7 pm<\/li><li>Wednesday,<strong>\u00a0February 19<\/strong> at 7 pm<\/li><li>Wednesday,\u00a0<strong>March 19<\/strong> at 7 pm<\/li><li>Wednesday,\u00a0<strong>April 16<\/strong> at 7 pm<\/li><li>Wednesday,\u00a0<strong>May 21<\/strong> at 7 pm<\/li><li>Wednesday,\u00a0<strong>June 18<\/strong> at 7 pm<\/li><li>Wednesday,\u00a0<strong>July 16<\/strong> at 7 pm<\/li><li>Wednesday,\u00a0<strong>August 20<\/strong> at 7 pm<\/li><li>Wednesday,\u00a0<strong>September 17<\/strong> at 7 pm<\/li><li>Wednesday,\u00a0<strong>October 15<\/strong> at 7 pm<\/li><li>Wednesday,\u00a0<strong>November 19<\/strong> at 7 pm<\/li><li>Wednesday,\u00a0<strong>December 17<\/strong>\u00a0at 7 pm<\/li><\/ul>\t\t\n\t\t<h2>\n\t\t\tRegistrarse\n\t\t<\/h2>\n\t\t\t<p>Complete el formulario a continuaci\u00f3n para registrarse en un pr\u00f3ximo Grupo de soporte virtual. Las instrucciones para unirse al grupo de apoyo se le enviar\u00e1n por correo electr\u00f3nico despu\u00e9s de la presentaci\u00f3n.<\/p>\t\t\n                <form method='post' enctype='multipart\/form-data' target='gform_ajax_frame_15' id='gform_15' class='compact' action='https:\/\/gatransplant.blackbaudwp.com\/es\/our-programs\/education-community-programs\/support-groups\/?fl_builder&#038;fl_builder_ui_iframe#gf_15' data-formid='15' novalidate data-trp-original-action=\"https:\/\/gatransplant.blackbaudwp.com\/our-programs\/education-community-programs\/support-groups\/?fl_builder&#038;fl_builder_ui_iframe#gf_15\">\n                        <ul id='gform_fields_15' class='gform_fields top_label form_sublabel_below description_below validation_below'><li id=\"field_15_33\"><label class='gfield_label gform-field-label gfield_label_before_complex'>Nombre*<\/label>\n                                                    <select name='input_33.2' id='input_15_33_2'    aria-required='false'>\n                          <option value=''><\/option><option value='Dr.'>Dr.<\/option><option value='Miss'>Pierda<\/option><option value='Mr.'>se\u00f1or.<\/option><option value='Mrs.'>Se\u00f1ora.<\/option><option value='Ms.'>Em.<\/option><option value='Prof.'>Profe.<\/option><option value='Rev.'>Rvdo.<\/option>\n                      <\/select>\n                                                    <label for='input_15_33_2' class='gform-field-label gform-field-label--type-sub'>T\u00edtulo<\/label>\n                                                    <input type='text' name='input_33.3' id='input_15_33_3' value=''   aria-required='true'     \/>\n                                                    <label for='input_15_33_3' class='gform-field-label gform-field-label--type-sub'>Primero<\/label>\n                                                    <input type='text' name='input_33.4' id='input_15_33_4' value=''   aria-required='false'     \/>\n                                                    <label for='input_15_33_4' class='gform-field-label gform-field-label--type-sub'>Medio<\/label>\n                                                    <input type='text' name='input_33.6' id='input_15_33_6' value=''   aria-required='true'     \/>\n                                                    <label for='input_15_33_6' class='gform-field-label gform-field-label--type-sub'>\u00daltimo<\/label>\n                        <\/li><li id=\"field_15_30\"><label class='gfield_label gform-field-label gfield_label_before_complex'>Direcci\u00f3n*<\/label>    \n                                        <input type='text' name='input_30.1' id='input_15_30_1' value=''    aria-required='true'    \/>\n                                        <label for='input_15_30_1' id='input_15_30_1_label' class='gform-field-label gform-field-label--type-sub'>Direcci\u00f3n<\/label>\n                                    <input type='text' name='input_30.3' id='input_15_30_3' value=''    aria-required='true'    \/>\n                                    <label for='input_15_30_3' id='input_15_30_3_label' class='gform-field-label gform-field-label--type-sub'>Ciudad<\/label>\n                                        <input type='text' name='input_30.4' id='input_15_30_4' value=''      aria-required='true'    \/>\n                                        <label for='input_15_30_4' id='input_15_30_4_label' class='gform-field-label gform-field-label--type-sub'>Estado<\/label>\n                                    <input type='text' name='input_30.5' id='input_15_30_5' value=''    aria-required='true'    \/>\n                                    <label for='input_15_30_5' id='input_15_30_5_label' class='gform-field-label gform-field-label--type-sub'>C\u00f3digo Postal<\/label>\n                                <input type='hidden' class='gform_hidden' name='input_30.6' id='input_15_30_6' value='' \/>\n                <\/li><li id=\"field_15_7\"><label class='gfield_label gform-field-label gfield_label_before_complex'>Correo electr\u00f3nico*<\/label>\n                                    <input class='' type='email' name='input_7' id='input_15_7' value=''    aria-required=\"true\" aria-invalid=\"false\"  \/>\n                                    <label for='input_15_7' class='gform-field-label gform-field-label--type-sub'>Enter Email<\/label>\n                                    <input class='' type='email' name='input_7_2' id='input_15_7_2' value=''    aria-required=\"true\" aria-invalid=\"false\"  \/>\n                                    <label for='input_15_7_2' class='gform-field-label gform-field-label--type-sub'>Confirm Email<\/label>\n                            <\/li><li id=\"field_15_6\"><label class='gfield_label gform-field-label' for='input_15_6'>Tel\u00e9fono Principal*<\/label><input name='input_6' id='input_15_6' type='tel' value='' class='large'   aria-required=\"true\" aria-invalid=\"false\"   \/><\/li><li id=\"field_15_15\"><label class='gfield_label gform-field-label' for='input_15_15'>Estado del trasplante *<\/label><select name='input_15' id='input_15_15' class='large gfield_select'    aria-required=\"true\" aria-invalid=\"false\"><option value='' selected='selected'><\/option><option value='Evaluee'>Evaluar<\/option><option value='Listed candidate'>Candidato listado<\/option><option value='Recipient'>Recipiente<\/option><option value='Spouse\/partner'>C\u00f3nyuge \/ pareja<\/option><option value='Living donor'>Donante vivo<\/option><option value='Caregiver\/parent'>Cuidador \/ padre<\/option><option value='Other'>Otro<\/option><\/select><\/li><li id=\"field_15_8\"><label class='gfield_label gform-field-label' for='input_15_8'>Fecha de trasplante (si corresponde)<\/label>\n                            <input name='input_8' id='input_15_8' type='text' value='' class='datepicker gform-datepicker mdy datepicker_no_icon gdatepicker-no-icon'   placeholder='mm\/dd\/yyyy' aria-describedby=\"input_15_8_date_format\" aria-invalid=\"false\" \/>\n                            MM slash DD slash YYYY\n                        <input type='hidden' id='gforms_calendar_icon_input_15_8' class='gform_hidden' value='https:\/\/gatransplant.blackbaudwp.com\/wp-content\/plugins\/gravityforms\/images\/datepicker\/datepicker.svg'\/><\/li><li id=\"field_15_19\"><label class='gfield_label gform-field-label' for='input_15_19'>Centro de trasplantes *<\/label><select name='input_19' id='input_15_19' class='large gfield_select'    aria-required=\"true\" aria-invalid=\"false\"><option value='' selected='selected'><\/option><option value='Augusta University Health'>Salud de la Universidad de Augusta<\/option><option value='Children's healthcare of atlanta'>Children&#039;s Healthcare of Atlanta<\/option><option value='Duke Health'>Duke Health<\/option><option value='Emory University Hospital'>Hospital Universitario de Emory<\/option><option value='Mayo Clinic (Jacksonville)'>Cl\u00ednica Mayo (Jacksonville)<\/option><option value='MUSC Health'>Salud MUSC<\/option><option value='Piedmont Healthcare'>Piedmont Healthcare<\/option><option value='UAB Medicine'>Medicina UAB<\/option><option value='Other'>Otro<\/option><\/select><\/li><li id=\"field_15_20\"><label class='gfield_label gform-field-label' for='input_15_20'>Otro centro de trasplantes:<\/label><input name='input_20' id='input_15_20' type='text' value='' class='large'      aria-invalid=\"false\"   \/><\/li><li id=\"field_15_26\"><label class='gfield_label gform-field-label' for='input_15_26'>\u00bfPermite que GTF comparta su informaci\u00f3n de contacto con otros miembros que asisten al grupo de apoyo para continuar la conversaci\u00f3n? *<\/label><select name='input_26' id='input_15_26' class='large gfield_select'    aria-required=\"true\" aria-invalid=\"false\"><option value='Yes'>si<\/option><option value='No'>No<\/option><\/select><\/li><li id=\"field_15_31\"><label class='gfield_label gform-field-label' for='input_15_31'>\u00bfLe da permiso a GTF para usar su imagen en las redes sociales y otros materiales de marketing? *<\/label><select name='input_31' id='input_15_31' class='large gfield_select'    aria-required=\"true\" aria-invalid=\"false\"><option value='Yes'>si<\/option><option value='No'>No<\/option><\/select><\/li><li id=\"field_15_1\"><label class='gfield_label gform-field-label' for='input_15_1'>CAPTCHA<\/label><\/li><\/ul>\n         <input type='submit' id='gform_submit_button_15' class='gform_button button' onclick='gform.submission.handleButtonClick(this);' data-submission-type='submit' value='Enviar'  \/> <input type='hidden' name='gform_ajax' value='form_id=15&amp;title=&amp;description=&amp;tabindex=0&amp;theme=legacy&amp;styles=[]&amp;hash=cd3b3011b0f6b68bcfc830bab5ad94d7' \/>\n            <input type='hidden' class='gform_hidden' name='gform_submission_method' data-js='gform_submission_method_15' value='iframe' \/>\n            <input type='hidden' class='gform_hidden' name='gform_theme' data-js='gform_theme_15' id='gform_theme_15' value='legacy' \/>\n            <input type='hidden' class='gform_hidden' name='gform_style_settings' data-js='gform_style_settings_15' id='gform_style_settings_15' value='[]' \/>\n            <input type='hidden' class='gform_hidden' name='is_submit_15' value='1' \/>\n            <input type='hidden' class='gform_hidden' name='gform_submit' value='15' \/>\n            <input type='hidden' class='gform_hidden' name='gform_unique_id' value='' \/>\n            <input type='hidden' class='gform_hidden' name='state_15' value='WyJbXSIsIjQ2ZDIxYzhkOGRhYzAzNWExNmM2ZjRmNTMxNmRjODdiIl0=' \/>\n            <input type='hidden' autocomplete='off' class='gform_hidden' name='gform_target_page_number_15' id='gform_target_page_number_15' value='0' \/>\n            <input type='hidden' autocomplete='off' class='gform_hidden' name='gform_source_page_number_15' id='gform_source_page_number_15' value='1' \/>\n            <input type='hidden' name='gform_field_values' value='' \/>\n                        <input type=\"hidden\" name=\"trp-form-language\" value=\"es\"\/><\/form>\n\t\t                <iframe style='display:none;width:0px;height:0px;' src='about:blank' name='gform_ajax_frame_15' id='gform_ajax_frame_15' title='Este iframe contiene la l\u00f3gica necesaria para manejar Gravity Forms con tecnolog\u00eda Ajax.'><\/iframe>","protected":false},"excerpt":{"rendered":"<p>GTF organiza grupos de apoyo virtualmente para satisfacer las necesidades de la comunidad de trasplantes conect\u00e1ndose digitalmente para apoyo y trabajo en red.<\/p>","protected":false},"author":57,"featured_media":7128,"parent":6842,"menu_order":6,"comment_status":"closed","ping_status":"closed","template":"","meta":{"_acf_changed":false,"_monsterinsights_skip_tracking":false,"_monsterinsights_sitenote_active":false,"_monsterinsights_sitenote_note":"","_monsterinsights_sitenote_category":0,"footnotes":""},"class_list":["post-8051","page","type-page","status-publish","has-post-thumbnail","hentry"],"acf":[],"aioseo_notices":[],"_links":{"self":[{"href":"https:\/\/gatransplant.blackbaudwp.com\/es\/wp-json\/wp\/v2\/pages\/8051","targetHints":{"allow":["GET"]}}],"collection":[{"href":"https:\/\/gatransplant.blackbaudwp.com\/es\/wp-json\/wp\/v2\/pages"}],"about":[{"href":"https:\/\/gatransplant.blackbaudwp.com\/es\/wp-json\/wp\/v2\/types\/page"}],"author":[{"embeddable":true,"href":"https:\/\/gatransplant.blackbaudwp.com\/es\/wp-json\/wp\/v2\/users\/57"}],"replies":[{"embeddable":true,"href":"https:\/\/gatransplant.blackbaudwp.com\/es\/wp-json\/wp\/v2\/comments?post=8051"}],"version-history":[{"count":5,"href":"https:\/\/gatransplant.blackbaudwp.com\/es\/wp-json\/wp\/v2\/pages\/8051\/revisions"}],"predecessor-version":[{"id":62312,"href":"https:\/\/gatransplant.blackbaudwp.com\/es\/wp-json\/wp\/v2\/pages\/8051\/revisions\/62312"}],"up":[{"embeddable":true,"href":"https:\/\/gatransplant.blackbaudwp.com\/es\/wp-json\/wp\/v2\/pages\/6842"}],"wp:featuredmedia":[{"embeddable":true,"href":"https:\/\/gatransplant.blackbaudwp.com\/es\/wp-json\/wp\/v2\/media\/7128"}],"wp:attachment":[{"href":"https:\/\/gatransplant.blackbaudwp.com\/es\/wp-json\/wp\/v2\/media?parent=8051"}],"curies":[{"name":"wp","href":"https:\/\/api.w.org\/{rel}","templated":true}]}}