{"id":6913,"date":"2020-06-22T17:45:17","date_gmt":"2020-06-22T21:45:17","guid":{"rendered":"https:\/\/gatransplant.org\/about-us\/resources-documents\/"},"modified":"2025-09-08T11:30:36","modified_gmt":"2025-09-08T15:30:36","slug":"resources-documents","status":"publish","type":"page","link":"https:\/\/gatransplant.blackbaudwp.com\/es\/about-us\/resources-documents\/","title":{"rendered":"Recursos y documentos"},"content":{"rendered":"<a href=\"#\" id=\"trigger-\" role=\"button\" data-modal=\"\" data-node=\"\">\n\t\t\t\t\t<\/a>\n\t\t\t\t\t\tVista previa modal\n\t\t\t\t\t\t<iframe width=\"960\" height=\"715\" src=\"https:\/\/www.youtube.com\/embed\/XAJZBTiEsIg\" frameborder=\"0\" allow=\"accelerometer; autoplay; clipboard-write; encrypted-media; gyroscope; picture-in-picture\" allowfullscreen><\/iframe>\t\t\t\t\t\n\t<p>Video Title<\/p>\n\t\t<h1>\n\t\t\tRecursos y documentos\n\t\t<\/h1>\n\t\t\t<p>Haga clic en los enlaces a continuaci\u00f3n para descargar las aplicaciones, formularios y documentos del programa, y para acceder a varios enlaces y recursos relacionados con el trasplante.<\/p>\t\t\n\t\t\t\tProgram Applications\n\t\t\t\tForms &#038; Documents\n\t\t\t\tResources\n\t\t\t\tLinks\n\t\t\t\t\t\t\tProgram Applications\n\t\t\t\t<ul>\n<li><a href=\"https:\/\/gatransplant.blackbaudwp.com\/wp-content\/uploads\/2020\/10\/SCHOLARSHIP-APPLICATION.pdf\" target=\"_blank\" rel=\"noopener\">Solicitud de beca acad\u00e9mica (pdf)<\/a><\/li>\n<li><a href=\"https:\/\/gatransplant.blackbaudwp.com\/wp-content\/uploads\/2021\/08\/Dental-Assistance-Application.pdf\" target=\"_blank\" rel=\"noopener\">Solicitud de asistencia dental (pdf)<\/a><\/li>\n<li><a href=\"https:\/\/gatransplant.blackbaudwp.com\/wp-content\/uploads\/2020\/10\/SPANISH_Financial_Application.pdf\" target=\"_blank\" rel=\"noopener\">Solicitud de asistencia financiera (pdf en espa\u00f1ol)<\/a><\/li>\n<li><a href=\"https:\/\/gatransplant.blackbaudwp.com\/wp-content\/uploads\/2020\/12\/Evaluation_Application.pdf\" target=\"\">Solicitud de asistencia para la evaluaci\u00f3n (pdf)<\/a>\u00a0<\/li>\n<li><a href=\"https:\/\/gatransplant.blackbaudwp.com\/wp-content\/uploads\/2020\/10\/FINANCIAL-ASSISTANCE.pdf\" target=\"_blank\" rel=\"noopener\">Solicitud de asistencia financiera (pdf) <em>(esta solicitud es para los programas de asistencia de emergencia, alojamiento, seguro y transporte)<\/em><\/a><\/li>\n<li><a href=\"https:\/\/gatransplant.blackbaudwp.com\/wp-content\/uploads\/2020\/10\/JumpStart_Enrollment_Form.pdf\" target=\"_blank\" rel=\"noopener\">Solicitud de inscripci\u00f3n JumpStart (pdf)<\/a><\/li>\n<li><a href=\"https:\/\/gatransplant.blackbaudwp.com\/wp-content\/uploads\/2020\/10\/LD-Application.pdf\" target=\"_blank\" rel=\"noopener\">Solicitud de asistencia para donantes vivos (pdf)<\/a><\/li>\n<li><a href=\"https:\/\/gatransplant.blackbaudwp.com\/wp-content\/uploads\/2020\/10\/Pediatric-Application.pdf\" target=\"_blank\" rel=\"noopener\">Solicitud de asistencia pedi\u00e1trica (pdf)<\/a><\/li>\n<li><a href=\"https:\/\/gatransplant.blackbaudwp.com\/wp-content\/uploads\/2020\/10\/TFP-Application.pdf\" target=\"_blank\" rel=\"noopener\">Solicitud del programa de recaudaci\u00f3n de fondos para trasplantes (pdf)<\/a><\/li>\n<\/ul>\n\t\t\t\t\t\t\tFormularios y documentos\n\t\t\t\t<ul>\n<li><a href=\"https:\/\/gatransplant.blackbaudwp.com\/wp-content\/uploads\/2020\/10\/Auction-Donation-Form.pdf\" target=\"_blank\" rel=\"noopener\">Formulario de donaci\u00f3n de subasta (pdf)<\/a><\/li>\n<li><a href=\"https:\/\/gatransplant.blackbaudwp.com\/es\/our-programs\/education-community-programs\/the-mentor-project\/\" target=\"_blank\" rel=\"noopener\">Convi\u00e9rtase en mentor (formulario en l\u00ednea)<\/a><\/li>\n<li><a href=\"https:\/\/gatransplant.blackbaudwp.com\/wp-content\/uploads\/2020\/10\/Dental-Fee-Schedule.pdf\" target=\"_blank\" rel=\"noopener\">Lista de tarifas dentales (pdf)<\/a><\/li>\n<li><a href=\"https:\/\/gatransplant.blackbaudwp.com\/wp-content\/uploads\/2020\/10\/Dental-Provider-Agreement.pdf\" target=\"_blank\" rel=\"noopener\">Formulario de acuerdo de proveedor dental (pdf)<\/a><\/li>\n<li><a href=\"https:\/\/gatransplant.blackbaudwp.com\/wp-content\/uploads\/2021\/08\/Dental-provider-info-updated.pdf\" target=\"_blank\" rel=\"noopener\">Informaci\u00f3n del proveedor dental (pdf)<\/a><\/li>\n<li><a href=\"https:\/\/gatransplant.blackbaudwp.com\/wp-content\/uploads\/2020\/10\/Donation-Form.pdf\" target=\"_blank\" rel=\"noopener\">Formulario de donaci\u00f3n (pdf)<\/a><\/li>\n<li><a href=\"https:\/\/gatransplant.blackbaudwp.com\/wp-content\/uploads\/2020\/10\/JumpStart-CP_Eval.pdf\" target=\"_blank\" rel=\"noopener\">Formulario de evaluaci\u00f3n de socios comunitarios de JumpStart (pdf)<\/a><\/li>\n<li><a href=\"https:\/\/gatransplant.blackbaudwp.com\/wp-content\/uploads\/2020\/10\/RELEASE-FORM-FOR-PR.pdf\" target=\"_blank\" rel=\"noopener\">Formulario de liberaci\u00f3n de relaciones p\u00fablicas (pdf)<\/a><\/li>\n<li><a href=\"https:\/\/gatransplant.blackbaudwp.com\/es\/our-programs\/education-community-programs\/the-mentor-project\/#application\" target=\"_blank\" rel=\"noopener\">Solicite un mentor (formulario en l\u00ednea)<\/a><\/li>\n<li><a href=\"https:\/\/gatransplant.blackbaudwp.com\/wp-content\/uploads\/2020\/12\/Tutoring_Provider_Agreement.pdf\" target=\"\">Formulario de acuerdo del proveedor de tutor\u00eda (pdf)<\/a><\/li>\n<li><a href=\"https:\/\/gatransplant.blackbaudwp.com\/wp-content\/uploads\/2020\/12\/Tutoring_Provider_Information.pdf\" target=\"\">Formulario de informaci\u00f3n para el proveedor de tutor\u00eda (pdf)<\/a><\/li>\n<li><a href=\"https:\/\/gatransplant.blackbaudwp.com\/wp-content\/uploads\/2020\/10\/Volunteer-Information-Form.pdf\" target=\"_blank\" rel=\"noopener\">Formulario de informaci\u00f3n para voluntarios (pdf)<\/a><\/li>\n<\/ul>\n\t\t\t\t\t\t\tRecursos\n\t\t\t\t<ul>\n<li><a href=\"https:\/\/docs.google.com\/document\/d\/1FH6hhg1RTerwMJnOMTTQl3jwQ-0OsHqd3K_eIS05H7g\/edit?usp=sharing\">Recursos de ayuda COVID-19<\/a><\/li>\n<li><a href=\"https:\/\/gatransplant.blackbaudwp.com\/wp-content\/uploads\/2020\/10\/Creative-Ways-Insurance-411.pdf\" target=\"_blank\" rel=\"noopener\">Informaci\u00f3n 411: formas creativas de obtener un seguro PDF<\/a><\/li>\n<li><a href=\"https:\/\/gatransplant.blackbaudwp.com\/wp-content\/uploads\/2020\/10\/Financial-Plan-411.pdf\" target=\"_blank\" rel=\"noopener\">Informaci\u00f3n 411 - Folleto del plan financiero PDF<\/a><\/li>\n<li><a href=\"https:\/\/gatransplant.blackbaudwp.com\/wp-content\/uploads\/2020\/10\/Who-Pays-What-411.pdf\" target=\"_blank\" rel=\"noopener\">Informaci\u00f3n 411 - \u00bfQui\u00e9n paga qu\u00e9? PDF<\/a><\/li>\n<li><a href=\"https:\/\/gatransplant.blackbaudwp.com\/wp-content\/uploads\/2020\/10\/RTW-411.pdf\" target=\"_blank\" rel=\"noopener\">Informaci\u00f3n 411 - PDF de regreso al trabajo<\/a><\/li>\n<li><a href=\"https:\/\/gatransplant.blackbaudwp.com\/wp-content\/uploads\/2020\/10\/Glossary-Tx-Terms.pdf\" target=\"_blank\" rel=\"noopener\">Glosario de t\u00e9rminos de trasplantes PDF<\/a><\/li>\n<\/ul>\n\t\t\t\t\t\t\tEnlaces\n\t\t\t\t<h3>Centros de trasplante<\/h3>\n<ul>\n<li><a href=\"https:\/\/www.piedmont.org\/transplant\/transplant-home\" target=\"_blank\" rel=\"noopener\">Instituto de Trasplantes de Piedmont<\/a><\/li>\n<li><a href=\"https:\/\/www.emoryhealthcare.org\/centers-programs\/transplant-center\/index.html\" target=\"_blank\" rel=\"noopener\">Centro de trasplantes de Emory<\/a><\/li>\n<li><a href=\"https:\/\/www.augustahealth.org\/kidney-and-pancreas-transplant\/kidney-and-pancreas-transplant-about-us\" target=\"_blank\" rel=\"noopener\">Centro m\u00e9dico de la Universidad de Augusta<\/a><\/li>\n<li><a href=\"https:\/\/www.choa.org\/medical-services\/transplants\" target=\"_blank\" rel=\"noopener\">Children&#039;s Healthcare of Atlanta<\/a><\/li>\n<\/ul>\n<h3>Recursos espec\u00edficos para trasplantes<\/h3>\n<ul>\n<li><a href=\"https:\/\/www.kidney.org\/\" target=\"_blank\" rel=\"noopener\">Fundaci\u00f3n Nacional del Ri\u00f1\u00f3n<\/a><\/li>\n<li><a href=\"https:\/\/www.kidneyfund.org\/\" target=\"_blank\" rel=\"noopener\">Fondo Americano del Ri\u00f1\u00f3n (AKF)<\/a><\/li>\n<li><a href=\"https:\/\/www.aakp.org\/\" target=\"_blank\" rel=\"noopener\">Asociaci\u00f3n Americana de Pacientes Renales<\/a><\/li>\n<li><a href=\"https:\/\/unos.org\/\" target=\"_blank\" rel=\"noopener\">United Network for Organ Sharing (UNOS)<\/a><\/li>\n<li><a href=\"https:\/\/www.donatelife.net\/\" target=\"_blank\" rel=\"noopener\">Done Vida Am\u00e9rica<\/a><\/li>\n<li><a href=\"https:\/\/cota.org\/\" target=\"_blank\" rel=\"noopener\">Asociaci\u00f3n de trasplantes de \u00f3rganos para ni\u00f1os<\/a><\/li>\n<\/ul>\n<h3>Recursos de asistencia del gobierno<\/h3>\n<ul>\n<li><a href=\"https:\/\/optn.transplant.hrsa.gov\/\" target=\"_blank\" rel=\"noopener\">Red de obtenci\u00f3n y trasplante de \u00f3rganos<\/a><\/li>\n<li><a href=\"https:\/\/www.organdonor.gov\/\" target=\"_blank\" rel=\"noopener\">Divisi\u00f3n de Trasplantes del Departamento de Salud y Servicios Humanos de EE. UU.<\/a><\/li>\n<li><a href=\"https:\/\/www.fda.gov\/vaccines-blood-biologics\" target=\"_blank\" rel=\"noopener\">Administraci\u00f3n de alimentos y medicamentos<\/a><\/li>\n<\/ul>\n\t\t\tTransplant Fundraising Program-Related\n\t\t<h2>\n\t\t\tDocuments &#038; FAQs\n\t\t<\/h2>\n\t\t\t\tRecursos y documentos de TFP\n\t\t\t\t\t<ul>\n<li><a href=\"https:\/\/gatransplant.blackbaudwp.com\/wp-content\/uploads\/2020\/10\/Fundraising_Manual.pdf\" target=\"_blank\" rel=\"noopener\">Manual de recaudaci\u00f3n de fondos (pdf)<\/a><\/li>\n<li><a href=\"http:\/\/client.gatransplant.org\" target=\"_blank\" rel=\"noopener\">P\u00e1ginas de recaudaci\u00f3n de fondos individuales (busque el sitio web de recaudaci\u00f3n de fondos de un cliente)<\/a><\/li>\n<li><a href=\"https:\/\/gatransplant.blackbaudwp.com\/wp-content\/uploads\/2020\/12\/Direct-Bill-Election-of-Pharmacy.pdf\" target=\"\">Elecci\u00f3n de factura directa de farmacia (pdf)<\/a><\/li>\n<li><a href=\"https:\/\/gatransplant.blackbaudwp.com\/wp-content\/uploads\/2020\/12\/Direct-Bill-Selection-of-Pharmacy.pdf\" target=\"\">Selecci\u00f3n de factura directa de farmacia (pdf)<\/a><\/li>\n<li><a href=\"https:\/\/gatransplant.blackbaudwp.com\/wp-content\/uploads\/2020\/10\/TFP-Reimbursement-request.pdf\" target=\"_blank\" rel=\"noopener\">Formulario de solicitud de reembolso PDF<\/a><\/li>\n<li><a href=\"https:\/\/gatransplant.blackbaudwp.com\/wp-content\/uploads\/2020\/12\/TFP_APPLICATION_PKT.pdf\" target=\"\">Paquete de solicitud de TFP (pdf)<\/a><\/li>\n<li><a href=\"https:\/\/gatransplant.blackbaudwp.com\/wp-content\/uploads\/2020\/12\/TFP-Webpage-Request.pdf\" target=\"\">Formulario de solicitud de la p\u00e1gina web de TFP (pdf)<\/a>\u00a0<\/li>\n<\/ul>\n\t\t\t\t\u00bfQui\u00e9n puede postularse al Programa de Recaudaci\u00f3n de Fondos para Trasplantes de GTF?\n\t\t\t\t\t<ul>\n<li>Una vez que hayan completado su evaluaci\u00f3n, cualquier persona que sea trasplantada en un centro de trasplantes en el estado de Georgia puede solicitar el Programa de Fondos Incomparables.<\/li>\n<li>Los solicitantes del programa de fondos complementarios deben ser residentes del estado de Georgia durante al menos seis meses antes de la solicitud. Esto tambi\u00e9n es v\u00e1lido para los residentes de Georgia que est\u00e1n siendo trasplantados fuera del estado de Georgia.<\/li>\n<\/ul>\n\t\t\t\t\u00bfC\u00f3mo me inscribo en el programa de recaudaci\u00f3n de fondos para trasplantes de GTF?\n\t\t\t\t\t<ol>\n<li>Complete la solicitud en https:\/\/gatransplant.blackbaudwp.com\/our-programs\/transplant-fundraising-program\/ o reciba una del coordinador financiero de su centro de trasplantes o por correo de USPS de GTF.<\/li>\n<li>Complete la solicitud por completo.<\/li>\n<li>Devuelva la solicitud completa con <b><i>TODAS <\/i><\/b>la documentaci\u00f3n necesaria:\n<ol>\n<li><b>Prueba de residencia:<\/b> esto puede ser una copia de su licencia de conducir (o identificaci\u00f3n de no conductor) con la fecha de EMISI\u00d3N de <b>seis (6) meses mayor <\/b>que la fecha de solicitud (la fecha de emisi\u00f3n se encuentra junto a su fecha de nacimiento), un <b>seis (6) meses de edad <\/b>factura de servicios p\u00fablicos, una <b>seis (6) meses de edad <\/b>extracto bancario, una carta de su centro de di\u00e1lisis o trasplante que indique que ha sido paciente all\u00ed durante seis (6) meses. Este documento debe incluir su nombre, direcci\u00f3n actual y una fecha seis (6) meses antes de la fecha en que est\u00e1 completando la solicitud.<\/li>\n<li><b>Prueba de ingreso <\/b>para <b><i>TODOS LOS ADULTOS <\/i><\/b>(18 a\u00f1os o m\u00e1s) en el hogar. Esto puede ser en forma de su tal\u00f3n de cheque de pago m\u00e1s reciente, una declaraci\u00f3n de ingresos del Seguro Social, un estado de cuenta bancario que muestre el dep\u00f3sito de cheques del Seguro Social mensual o la declaraci\u00f3n de impuestos federales sobre la renta m\u00e1s reciente del hogar.<\/li>\n<\/ol>\n<\/li>\n<\/ol>\n\t\t\t\t\u00bfCu\u00e1nto tiempo toma el proceso de solicitud e inscripci\u00f3n?\n\t\t\t\t\t<p>El proceso de solicitud e inscripci\u00f3n puede demorar hasta treinta (30) d\u00edas h\u00e1biles y debe completarse antes de recibir su trasplante para que sea elegible para el Programa de fondos complementarios. El proceso de solicitud tomar\u00e1 m\u00e1s tiempo si:<\/p>\n<ul>\n<li>La solicitud no est\u00e1 completa al enviarla.<\/li>\n<li>No incluye toda la documentaci\u00f3n necesaria con la solicitud al enviarla.<\/li>\n<li>No ha completado su evaluaci\u00f3n antes de enviar la solicitud.<\/li>\n<li>No devuelve su contrato de cliente, firmado y completado en su totalidad de manera oportuna.<\/li>\n<\/ul>\n\t\t\t\t\u00bfCu\u00e1l es la diferencia entre los programas emparejados y no emparejados?\n\t\t\t\t\t<ul>\n<li>los <strong>Cuenta emparejada<\/strong> es principalmente para clientes con una gran necesidad econ\u00f3mica, que solicitan antes del trasplante cuyas necesidades econ\u00f3micas se concentran en tener los fondos disponibles para sus medicamentos posoperatorios. Proporciona un equivalente d\u00f3lar por d\u00f3lar hasta $10,000 si se recauda en el primer a\u00f1o.\n<ul>\n<li>Solo puede acceder a $1,000 para el reembolso de medicamentos sin receta si est\u00e1 en el programa de fondos igualados.<\/li>\n<\/ul>\n<\/li>\n<li>los <strong>Cuenta incomparable<\/strong>\u00a0es principalmente para clientes que tienen una necesidad econ\u00f3mica menor o que est\u00e1n solicitando un trasplante, o para aquellos clientes cuya mayor necesidad econ\u00f3mica son los gastos derivados de viajes o facturas m\u00e9dicas y primas de seguros. Los fondos se pueden utilizar para medicamentos posoperatorios o para otras necesidades posoperatorias que cumplan con las pautas de GTF, como alojamiento y viajes despu\u00e9s del trasplante.<\/li>\n<\/ul>\n\t\t\t\t\u00bfC\u00f3mo hago dep\u00f3sitos en mi cuenta TFP?\n\t\t\t\t\t<ol>\n<li>Los clientes pueden utilizar los sobres azules que reciben en sus paquetes de bienvenida para enviar las contribuciones que recibieron de sus esfuerzos de recaudaci\u00f3n de fondos.\n<ul>\n<li>GTF considera que todas las donaciones recibidas en sobres azules ya han sido reconocidas por el cliente, y el donante no recibe reconocimiento de GTF.<\/li>\n<\/ul>\n<\/li>\n<li>Los donantes pueden enviar sus obsequios directamente a GTF.\n<ul>\n<li>Los obsequios recibidos directamente de los donantes se reconocer\u00e1n tanto al donante como al cliente.<\/li>\n<\/ul>\n<\/li>\n<li>Las donaciones se pueden realizar a trav\u00e9s del sitio web de TFP del cliente.<\/li>\n<\/ol>\n\t\t\t\t\u00bfC\u00f3mo puedo averiguar mi saldo?\n\t\t\t\t\t<ul>\n<li>Cada cliente que haya tenido actividad en su cuenta, dep\u00f3sitos o pagos, es elegible para recibir un estado de cuenta trimestral. Puede llamar o enviar un correo electr\u00f3nico al administrador del programa TFP para solicitar su estado de cuenta. Las solicitudes de estados de cuenta se pueden realizar cada noventa (90) d\u00edas.<\/li>\n<li>Si necesita su saldo entre estados de cuenta, llame o env\u00ede un correo electr\u00f3nico al administrador del programa TFP para solicitar el saldo. El correo electr\u00f3nico debe provenir de la direcci\u00f3n de correo electr\u00f3nico asociada a su cuenta de TFP. Las solicitudes de saldos se pueden realizar cada treinta (30) d\u00edas.<\/li>\n<\/ul>\n\t\t\t\t\u00bfCu\u00e1l es el proceso para obtener un reembolso?\n\t\t\t\t\t<p>Para enviar gastos para reembolso, complete el formulario requerido en su totalidad. Incluir:<\/p>\n<ul>\n<li>Tienda <em>ingresos<\/em> o correo<em> facturas<\/em> para todos los medicamentos recetados.<\/li>\n<li><i>Prueba de pago <\/i>para todos los gastos de medicaci\u00f3n<\/li>\n<li><i>Comprobante de nombramiento <\/i>y <i>Prueba de pago <\/i>por cada gasto de viaje: recuerde que debe pagar por adelantado y que los costos se reembolsen con fondos de su cuenta.<\/li>\n<li>Sume todos los gastos y firme y env\u00ede el formulario.<\/li>\n<\/ul>\n<p>Todos los reembolsos se procesan mensualmente, el d\u00eda 15. Los formularios y toda la documentaci\u00f3n de respaldo deben recibirse en las oficinas de TFP de GTF antes del d\u00eda 15 del mes. Cualquier formulario recibido despu\u00e9s del d\u00eda 15 ser\u00e1 procesado con las solicitudes del mes siguiente.<\/p>\n\t\t\t\t\u00bfCu\u00e1les son las tarifas asociadas con mi cuenta?\n\t\t\t\t\t<p>Todas las cuentas de TFP est\u00e1n sujetas a una tarifa administrativa 3%.<\/p>\n<ul>\n<li>La tarifa se calcula de cada dep\u00f3sito en la cuenta del cliente.\n<ul>\n<li>En la vida de la cuenta, si deposita $10,000, la tarifa administrativa es solo $300.<\/li>\n<\/ul>\n<\/li>\n<li>All donations made via the websites are assessed an additional 5.25% credit card and processing fee.<\/li>\n<\/ul>\n\t\t\t\t\u00bfQu\u00e9 sucede si me retiran de la lista de trasplantes o me mudo fuera del estado?\n\t\t\t\t\t<p>Si lo eliminan de la lista por cualquier motivo o se muda a otro estado, su cuenta igualada de TFP se transferir\u00e1 a una cuenta no igualada y luego podr\u00e1 comenzar a utilizar los fondos de inmediato a trav\u00e9s del proceso de reembolso y se puede utilizar para recetas y facturas m\u00e9dicas que hubieran ca\u00eddo por debajo del l\u00edmite de $1,000 en el programa combinado.<\/p>\n\t\t<h2>\n\t\t\tOther Resources\n\t\t<\/h2>\n\t<p><a href=\"https:\/\/www.cigna.com\/legal\/compliance\/machine-readable-files\" target=\"_blank\" rel=\"noopener\">https:\/\/www.cigna.com\/legal\/compliance\/machine-readable-files<\/a><\/p>","protected":false},"excerpt":{"rendered":"<p>Aplicaciones, pautas y otros recursos relacionados con nuestros programas.<\/p>","protected":false},"author":43,"featured_media":7005,"parent":6839,"menu_order":53,"comment_status":"closed","ping_status":"closed","template":"","meta":{"_acf_changed":false,"_monsterinsights_skip_tracking":false,"_monsterinsights_sitenote_active":false,"_monsterinsights_sitenote_note":"","_monsterinsights_sitenote_category":0,"footnotes":""},"class_list":["post-6913","page","type-page","status-publish","has-post-thumbnail","hentry"],"acf":[],"aioseo_notices":[],"_links":{"self":[{"href":"https:\/\/gatransplant.blackbaudwp.com\/es\/wp-json\/wp\/v2\/pages\/6913","targetHints":{"allow":["GET"]}}],"collection":[{"href":"https:\/\/gatransplant.blackbaudwp.com\/es\/wp-json\/wp\/v2\/pages"}],"about":[{"href":"https:\/\/gatransplant.blackbaudwp.com\/es\/wp-json\/wp\/v2\/types\/page"}],"author":[{"embeddable":true,"href":"https:\/\/gatransplant.blackbaudwp.com\/es\/wp-json\/wp\/v2\/users\/43"}],"replies":[{"embeddable":true,"href":"https:\/\/gatransplant.blackbaudwp.com\/es\/wp-json\/wp\/v2\/comments?post=6913"}],"version-history":[{"count":5,"href":"https:\/\/gatransplant.blackbaudwp.com\/es\/wp-json\/wp\/v2\/pages\/6913\/revisions"}],"predecessor-version":[{"id":62533,"href":"https:\/\/gatransplant.blackbaudwp.com\/es\/wp-json\/wp\/v2\/pages\/6913\/revisions\/62533"}],"up":[{"embeddable":true,"href":"https:\/\/gatransplant.blackbaudwp.com\/es\/wp-json\/wp\/v2\/pages\/6839"}],"wp:featuredmedia":[{"embeddable":true,"href":"https:\/\/gatransplant.blackbaudwp.com\/es\/wp-json\/wp\/v2\/media\/7005"}],"wp:attachment":[{"href":"https:\/\/gatransplant.blackbaudwp.com\/es\/wp-json\/wp\/v2\/media?parent=6913"}],"curies":[{"name":"wp","href":"https:\/\/api.w.org\/{rel}","templated":true}]}}