{"id":6912,"date":"2020-06-22T17:45:17","date_gmt":"2020-06-22T21:45:17","guid":{"rendered":"https:\/\/gatransplant.org\/about-us\/reports-financials\/"},"modified":"2025-09-08T11:39:41","modified_gmt":"2025-09-08T15:39:41","slug":"reports-financials","status":"publish","type":"page","link":"https:\/\/gatransplant.blackbaudwp.com\/es\/about-us\/reports-financials\/","title":{"rendered":"Informes y finanzas"},"content":{"rendered":"<h1>\n\t\t\tInformes y finanzas\n\t\t<\/h1>\n\t\t\t<p>Descubra c\u00f3mo la Georgia Transplant Foundation pone su dinero a trabajar enriqueciendo vidas y reduciendo la brecha entre la esperanza y la oportunidad.<\/p>\n\t\t<h2>\n\t\t\tCada d\u00f3lar aportado asegura que podamos continuar enriqueciendo las vidas de la comunidad de trasplantes a la que servimos.\n\t\t<\/h2>\n\t\t\t<p>Georgia Transplant Foundation works hard to keep administrative costs down &#8211; more than 94 cents of every dollar donated to our organization goes directly to support client services.Your generous support, in addition to the funding we receive from The Carlos and Marguerite Mason Trust, makes a positive impact in the lives of thousands of Georgians living with an organ transplant through the financial, educational and emotional assistance they need. Thanks to your contribution:<ul><li>M\u00e1s de 2000 pacientes pedi\u00e1tricos y adultos trasplantados reciben servicios y apoyo vitales cada a\u00f1o.<\/li><li>Los programas de asistencia financiera ayudan a cubrir el costo de los gastos relacionados con el trasplante<\/li><li>Los candidatos y receptores de trasplante pueden mantener con \u00e9xito su trasplante.<\/li><\/ul><strong>Poniendo sus d\u00f3lares a trabajar<\/strong><br \/>In recognition of the Georgia Transplant Foundation&#8217;s commitment to accountability and transparency, we have received the highest rating and accreditation from the non-profit watchdog organizations designed to help contributors make well-informed giving decisions: Charity Navigator and GuideStar.<\/p>\t\t\n\t\t\t\tDonor Report\n\t\t\t\tIRS Form 990\n\t\t\t\tAudit Report\n\t\t\t\t\t\t\tDonor Report\n\t\t\t\t<p>Informe de donantes de GTF,\u00a0<em>Una huella duradera<\/em>, proporciona una revisi\u00f3n anual de nuestros logros y finanzas, y una lista de nuestros colaboradores. Haga clic en el informe a continuaci\u00f3n para descargar un PDF de la impresi\u00f3n duradera.<\/p>\n<ul>\n<li>Informe de donantes 2018<\/li>\n<li>Informe de donantes de 2015<\/li>\n<li>Informe de donantes 2014<\/li>\n<li>Informe de donantes de 2013<\/li>\n<\/ul>\n\t\t\t\t\t\t\tIRS Form 990\n\t\t\t\t<p>Como organizaci\u00f3n 501 (c) (3) exenta de impuestos, cada a\u00f1o la Georgia Transplant Foundation presenta el Formulario 990 al Servicio de Impuestos Internos.<\/p>\n<ul>\n<li><a href=\"https:\/\/gatransplant.org\/wp-content\/uploads\/2021\/01\/990_2019.pdf\" target=\"\">Formulario 990 del IRS para 2019<\/a><\/li>\n<li><a href=\"https:\/\/gatransplant.org\/wp-content\/uploads\/2021\/01\/990_2018.pdf\" target=\"\">Formulario 990 del IRS para 2018<\/a><\/li>\n<li><a href=\"https:\/\/gatransplant.org\/wp-content\/uploads\/2021\/01\/990_2017.pdf\" target=\"\">Formulario 990 del IRS para 2017<\/a><\/li>\n<\/ul>\n\t\t\t\t\t\t\tAudit Report\n\t\t\t\t<p>Cada a\u00f1o, la Georgia Transplant Foundation se somete a una auditor\u00eda rigurosa realizada por auditores externos independientes cuyo prop\u00f3sito es revisar todos los ingresos y gastos de la Fundaci\u00f3n. Estos informes de sus hallazgos con nuestros estados financieros consolidados se pueden descargar a continuaci\u00f3n:<\/p>\n<ul>\n<li><a href=\"https:\/\/gatransplant.org\/wp-content\/uploads\/2020\/10\/2019-AUDIT.pdf\" target=\"\">Estados Financieros Consolidados al 31 de diciembre de 2019<\/a><\/li>\n<li><a href=\"https:\/\/gatransplant.org\/wp-content\/uploads\/2020\/10\/2018_Audit.pdf\" target=\"\">Estados financieros consolidados al 31 de diciembre de 2018<\/a><\/li>\n<li><a href=\"https:\/\/gatransplant.org\/wp-content\/uploads\/2020\/10\/2017_Audit.pdf\" target=\"\">Estados financieros consolidados al 31 de diciembre de 2017<\/a><\/li>\n<\/ul>\n\t\t<h2>\n\t\t\tEnriqueciendo vidas\n\t\t<\/h2>\n\t\t\t\t\t\t\t\t\t\t<p>GTF apoya a mis pacientes de trasplantes de formas m\u00e1s all\u00e1 de lo que los hospitales pueden hacer. Los servicios de GTF ayudan a los pacientes a obtener medicamentos esenciales y a mantener un trasplante exitoso. Por esta raz\u00f3n, sigo apoyando a GTF y los programas que ofrece.<\/p>\n\t\t\t\t\t\t\t\t\t<h3>-Andy S<\/h3>\n\t\t\t\t\t\t\t\t\t\t\t\t\t<h4>Financial Contributor<\/h4>\n\t<!-- \/.pp-testimonials -->\n\t<a href=\"#\" id=\"trigger-\" role=\"button\" data-modal=\"\" data-node=\"\">\n\t\t\t\t\t<\/a>\n\t\t\t\t\t\tVista previa modal\n\t\t\t\t\t\t<iframe width=\"960\" height=\"715\" src=\"https:\/\/www.youtube.com\/embed\/W1BQR3vyjLc\" frameborder=\"0\" allow=\"accelerometer; autoplay; clipboard-write; encrypted-media; gyroscope; picture-in-picture\" allowfullscreen><\/iframe>\t\t\t\t\t\n\t<p>Video de descripci\u00f3n general de nuestros programas y servicios.<\/p>","protected":false},"excerpt":{"rendered":"<p>Descubra c\u00f3mo la Georgia Transplant Foundation pone su dinero a trabajar enriqueciendo vidas y reduciendo la brecha entre la esperanza y la oportunidad.<\/p>","protected":false},"author":43,"featured_media":8283,"parent":6839,"menu_order":52,"comment_status":"closed","ping_status":"closed","template":"","meta":{"_acf_changed":false,"_monsterinsights_skip_tracking":false,"_monsterinsights_sitenote_active":false,"_monsterinsights_sitenote_note":"","_monsterinsights_sitenote_category":0,"footnotes":""},"class_list":["post-6912","page","type-page","status-publish","has-post-thumbnail","hentry"],"acf":[],"aioseo_notices":[],"_links":{"self":[{"href":"https:\/\/gatransplant.blackbaudwp.com\/es\/wp-json\/wp\/v2\/pages\/6912","targetHints":{"allow":["GET"]}}],"collection":[{"href":"https:\/\/gatransplant.blackbaudwp.com\/es\/wp-json\/wp\/v2\/pages"}],"about":[{"href":"https:\/\/gatransplant.blackbaudwp.com\/es\/wp-json\/wp\/v2\/types\/page"}],"author":[{"embeddable":true,"href":"https:\/\/gatransplant.blackbaudwp.com\/es\/wp-json\/wp\/v2\/users\/43"}],"replies":[{"embeddable":true,"href":"https:\/\/gatransplant.blackbaudwp.com\/es\/wp-json\/wp\/v2\/comments?post=6912"}],"version-history":[{"count":5,"href":"https:\/\/gatransplant.blackbaudwp.com\/es\/wp-json\/wp\/v2\/pages\/6912\/revisions"}],"predecessor-version":[{"id":62536,"href":"https:\/\/gatransplant.blackbaudwp.com\/es\/wp-json\/wp\/v2\/pages\/6912\/revisions\/62536"}],"up":[{"embeddable":true,"href":"https:\/\/gatransplant.blackbaudwp.com\/es\/wp-json\/wp\/v2\/pages\/6839"}],"wp:featuredmedia":[{"embeddable":true,"href":"https:\/\/gatransplant.blackbaudwp.com\/es\/wp-json\/wp\/v2\/media\/8283"}],"wp:attachment":[{"href":"https:\/\/gatransplant.blackbaudwp.com\/es\/wp-json\/wp\/v2\/media?parent=6912"}],"curies":[{"name":"wp","href":"https:\/\/api.w.org\/{rel}","templated":true}]}}