{"id":6910,"date":"2020-06-22T17:45:17","date_gmt":"2020-06-22T21:45:17","guid":{"rendered":"https:\/\/gatransplant.org\/about-us\/contact-us\/"},"modified":"2025-09-03T10:47:19","modified_gmt":"2025-09-03T14:47:19","slug":"contact-us","status":"publish","type":"page","link":"https:\/\/gatransplant.blackbaudwp.com\/es\/about-us\/contact-us\/","title":{"rendered":"Cont\u00e1ctenos"},"content":{"rendered":"<h1>\n\t\t\tContact Us\n\t\t\t\t\t\t\t\t\t\t\tThank you for your interest in the Georgia Transplant Foundation.\n\t\t<\/h1>\n\t\t\t<p>Si desea comunicarse con nosotros, complete el formulario a continuaci\u00f3n o use el n\u00famero de tel\u00e9fono \/ direcci\u00f3n de correo electr\u00f3nico que se indica a continuaci\u00f3n. La persona adecuada se comunicar\u00e1 con usted lo antes posible.<\/p>\t\t\n\t<h3>Send us a message<\/h3>\n                            \n\t\t\t\t\t\t\t&quot;*&quot; indicates required fields\n                        <form method='post' enctype='multipart\/form-data' target='gform_ajax_frame_1' id='gform_1'  action='https:\/\/gatransplant.blackbaudwp.com\/es\/about-us\/contact-us\/?fl_builder&#038;fl_builder_ui_iframe#gf_1' data-formid='1' novalidate data-trp-original-action=\"https:\/\/gatransplant.blackbaudwp.com\/about-us\/contact-us\/?fl_builder&#038;fl_builder_ui_iframe#gf_1\">\n                        <fieldset id=\"field_1_1\"><legend class='gfield_label gform-field-label gfield_label_before_complex'>Nombre*<\/legend>\n                                                    <input type='text' name='input_1.3' id='input_1_1_3' value=''   aria-required='true'     \/>\n                                                    <label for='input_1_1_3' class='gform-field-label gform-field-label--type-sub'>Primero<\/label>\n                                                    <input type='text' name='input_1.6' id='input_1_1_6' value=''   aria-required='true'     \/>\n                                                    <label for='input_1_1_6' class='gform-field-label gform-field-label--type-sub'>\u00daltimo<\/label>\n                        <\/fieldset><label class='gfield_label gform-field-label' for='input_1_2'>Correo electr\u00f3nico*<\/label>\n                            <input name='input_2' id='input_1_2' type='email' value='' class='large'    aria-required=\"true\" aria-invalid=\"false\"  \/>\n                        <label class='gfield_label gform-field-label' for='input_1_6'>Tel\u00e9fono*<\/label><input name='input_6' id='input_1_6' type='tel' value='' class='large'   aria-required=\"true\" aria-invalid=\"false\"   \/><label class='gfield_label gform-field-label' for='input_1_4'>Message*<\/label><textarea name='input_4' id='input_1_4' class='textarea medium'     aria-required=\"true\" aria-invalid=\"false\"   rows='10' cols='50'><\/textarea><label class='gfield_label gform-field-label' for='input_1_7'>CAPTCHA<\/label><label class='gfield_label gform-field-label' for='input_1_8'>Email<\/label><input name='input_8' id='input_1_8' type='text' value='' autocomplete='new-password'\/>Este campo tiene fines de validaci\u00f3n y no debe modificarse.\n         <input type='submit' id='gform_submit_button_1' class='gform_button button' onclick='gform.submission.handleButtonClick(this);' data-submission-type='submit' value='Enviar'  \/> <input type='hidden' name='gform_ajax' value='form_id=1&amp;title=&amp;description=1&amp;tabindex=0&amp;theme=gravity-theme&amp;styles=[]&amp;hash=2e1a592017975be5e2419e9cb74e2d08' \/>\n            <input type='hidden' class='gform_hidden' name='gform_submission_method' data-js='gform_submission_method_1' value='iframe' \/>\n            <input type='hidden' class='gform_hidden' name='gform_theme' data-js='gform_theme_1' id='gform_theme_1' value='gravity-theme' \/>\n            <input type='hidden' class='gform_hidden' name='gform_style_settings' data-js='gform_style_settings_1' id='gform_style_settings_1' value='[]' \/>\n            <input type='hidden' class='gform_hidden' name='is_submit_1' value='1' \/>\n            <input type='hidden' class='gform_hidden' name='gform_submit' value='1' \/>\n            <input type='hidden' class='gform_hidden' name='gform_unique_id' value='' \/>\n            <input type='hidden' class='gform_hidden' name='state_1' value='WyJbXSIsIjQ2ZDIxYzhkOGRhYzAzNWExNmM2ZjRmNTMxNmRjODdiIl0=' \/>\n            <input type='hidden' autocomplete='off' class='gform_hidden' name='gform_target_page_number_1' id='gform_target_page_number_1' value='0' \/>\n            <input type='hidden' autocomplete='off' class='gform_hidden' name='gform_source_page_number_1' id='gform_source_page_number_1' value='1' \/>\n            <input type='hidden' name='gform_field_values' value='' \/>\n                        <input type=\"hidden\" name=\"trp-form-language\" value=\"es\"\/><\/form>\n\t\t                <iframe style='display:none;width:0px;height:0px;' src='about:blank' name='gform_ajax_frame_1' id='gform_ajax_frame_1' title='Este iframe contiene la l\u00f3gica necesaria para manejar Gravity Forms con tecnolog\u00eda Ajax.'><\/iframe>\n\t\t<h3>\n\t\t\tOther Ways to Contact Us\n\t\t<\/h3>\n\t\t\t<p>Si est\u00e1 intentando comunicarse con alguien en particular, consulte la <a href=\"https:\/\/gatransplant.blackbaudwp.com\/es\/about-us\/our-staff\/\">lista de personal<\/a> para direcciones de correo electr\u00f3nico directas.<strong>Por tel\u00e9fono:<\/strong><ul><li>Principal: 770-457-3796<\/li><li>N\u00famero gratuito: 1-866-428-9411<\/li><\/ul><strong>Por fax:<\/strong><ul><li>Programa de recaudaci\u00f3n de fondos para trasplantes: 678-666-1371<\/li><li>Programa de asistencia financiera: 770-212-2178<\/li><\/ul><strong>Por correo electr\u00f3nico:<\/strong><ul><li>Principal: <a href=\"mailto:GTF@gatransplant.org\">GTF@gatransplant.org<\/a><\/li><li>Espa\u00f1ol (Espanol): <a href=\"mailto:espanol@gatransplant.org\">espanol@gatransplant.org<\/a><\/li><li>Programa de recaudaci\u00f3n de fondos para trasplantes: <a href=\"mailto:TFP@gatransplant.org\">TFP@gatransplant.org<\/a><\/li><li>Tendencias en trasplantes: <a href=\"mailto:TNT@gatransplant.org\">TNT@gatransplant.org<\/a><\/li><li>Informaci\u00f3n para voluntarios: <a href=\"mailto:volunteer@gatransplant.org\">volunteer@gatransplant.org<\/a><\/li><li>Revista Imprint: <a href=\"mailto:imprint@gatransplant.org\">imprint@gatransplant.org<\/a><\/li><li>El Proyecto Mentor: <a href=\"mailto:mentor@gatransplant.org\">mentor@gatransplant.org<\/a><\/li><li>JumpStart Program: <a href=\"mailto:jumpstart@gatransplant.org\">jumpstart@gatransplant.org<\/a><\/li><\/ul><strong>Por correo:<\/strong><br \/>Fundaci\u00f3n de trasplantes de Georgia<br \/>885 Woodstock Road, Suite 430-542<br \/>Roswell, GA 30075-2274<strong>Georgia Transplant Foundation Office (In-Person):<\/strong><br \/>Fundaci\u00f3n de trasplantes de Georgia<br \/>2201 Macy Drive<br \/>Roswell, GA 30076Our office is located at the corner of Crossville and Crabapple Road in Roswell, behind the QT gas station and Slopes BBQ restaurant.\u00a0<i>***If you are driving to GTF, please type in the office&#8217;s physical address and not just &#8220;Georgia Transplant Foundation&#8221; into your GPS\u00a0system, or you run the risk of navigating to our old office in Sandy Springs.\u00a0<\/i>Tenga en cuenta que no podemos brindar asesoramiento m\u00e9dico y es posible que no podamos brindarle informaci\u00f3n por tel\u00e9fono.<\/p>","protected":false},"excerpt":{"rendered":"<p>Si desea comunicarse con nosotros, complete el formulario en esta p\u00e1gina. La persona adecuada se comunicar\u00e1 con usted lo antes posible.<\/p>","protected":false},"author":43,"featured_media":7092,"parent":6839,"menu_order":50,"comment_status":"closed","ping_status":"closed","template":"","meta":{"_acf_changed":false,"_monsterinsights_skip_tracking":false,"_monsterinsights_sitenote_active":false,"_monsterinsights_sitenote_note":"","_monsterinsights_sitenote_category":0,"footnotes":""},"class_list":["post-6910","page","type-page","status-publish","has-post-thumbnail","hentry"],"acf":[],"aioseo_notices":[],"_links":{"self":[{"href":"https:\/\/gatransplant.blackbaudwp.com\/es\/wp-json\/wp\/v2\/pages\/6910","targetHints":{"allow":["GET"]}}],"collection":[{"href":"https:\/\/gatransplant.blackbaudwp.com\/es\/wp-json\/wp\/v2\/pages"}],"about":[{"href":"https:\/\/gatransplant.blackbaudwp.com\/es\/wp-json\/wp\/v2\/types\/page"}],"author":[{"embeddable":true,"href":"https:\/\/gatransplant.blackbaudwp.com\/es\/wp-json\/wp\/v2\/users\/43"}],"replies":[{"embeddable":true,"href":"https:\/\/gatransplant.blackbaudwp.com\/es\/wp-json\/wp\/v2\/comments?post=6910"}],"version-history":[{"count":5,"href":"https:\/\/gatransplant.blackbaudwp.com\/es\/wp-json\/wp\/v2\/pages\/6910\/revisions"}],"predecessor-version":[{"id":62448,"href":"https:\/\/gatransplant.blackbaudwp.com\/es\/wp-json\/wp\/v2\/pages\/6910\/revisions\/62448"}],"up":[{"embeddable":true,"href":"https:\/\/gatransplant.blackbaudwp.com\/es\/wp-json\/wp\/v2\/pages\/6839"}],"wp:featuredmedia":[{"embeddable":true,"href":"https:\/\/gatransplant.blackbaudwp.com\/es\/wp-json\/wp\/v2\/media\/7092"}],"wp:attachment":[{"href":"https:\/\/gatransplant.blackbaudwp.com\/es\/wp-json\/wp\/v2\/media?parent=6910"}],"curies":[{"name":"wp","href":"https:\/\/api.w.org\/{rel}","templated":true}]}}