{"id":6907,"date":"2020-06-22T17:45:17","date_gmt":"2020-06-22T21:45:17","guid":{"rendered":"https:\/\/gatransplant.org\/about-us\/our-impact\/"},"modified":"2025-09-08T11:05:49","modified_gmt":"2025-09-08T15:05:49","slug":"our-impact","status":"publish","type":"page","link":"https:\/\/gatransplant.blackbaudwp.com\/es\/about-us\/our-impact\/","title":{"rendered":"Nuestro Impacto"},"content":{"rendered":"<h1>\n\t\t\tNuestro Impacto\n\t\t<\/h1>\n\t\t\t<p>Brindamos asistencia financiera, educativa y emocional a los candidatos a trasplantes de \u00f3rganos, receptores, donantes vivos y sus familias en Georgia.<\/p>\t\t\n\t\t<h2>\n\t\t\t$2.03 million\n\t\t\t\t\t\t\t\t\t\t\tdistributed in financial assistance in 2022\n\t\t<\/h2>\n\t\t$673,337\n\t\t\t\t\tin Emergency Assistance\n\t\t$205,668\n\t\t\t\t\tin Medication Assistance\n\t\t$401,963\n\t\t\t\t\tin Lodging Assistance\n\t\t$101,824\n\t\t\t\t\tin Pre-Transplant Assistance\n\t\t$293,903\n\t\t\t\t\tin Insurance Assistance\n\t\t$30,474\n\t\t\t\t\tin Dental Assistance\n\t\t<h2>\n\t\t\tUn paso juntos\n\t\t<\/h2>\n\t\t\t\t\t\t\t\t\t\t<p>Gracias por darnos una gran dosis de esperanza y aliento, se siente como si se hubiera insuflado una nueva vida a la vida de un cuidador y estoy equipado con herramientas para afrontarlo.<\/p>\n\t\t\t\t\t\t\t\t\t<h3>- Asistentes al retiro de enriquecimiento para parejas<\/h3>\n\t<!-- \/.pp-testimonials -->\n\t\t<h4>\n\t\t\tGTF tambi\u00e9n ofrece conferencias educativas, tutor\u00eda, servicios profesionales y m\u00e1s.\n\t\t<\/h4>\n\t\t\t<a href=\"https:\/\/gatransplant.org\/our-programs\/education-community-programs\/\" target=\"_self\">\n\t\t\t\t\t\t\tLearn more\n\t\t\t\t\t<\/a>\n\t\t<h2>\n\t\t\tApoyando a los georgianos tanto en el \u00e1rea metropolitana de Atlanta como en todo el estado\n\t\t<\/h2>\n\t\t129\n\t\t\t\t\ttransplant patients took part in the JumpStart return to work initiative in 2021\n\t\t2,000+\n\t\t\t\t\torgan transplant patients received support through GTF&#8217;s programs and services\n\t\t3,584\n\t\t\t\t\tpatients enrolled in the Transplant Fundraising Program\n\t\t<h2>\n\t\t\tAy\u00fadanos a educar y enriquecer la vida de las personas afectadas por el trasplante de \u00f3rganos.\n\t\t<\/h2>\n\t\t\t<a href=\"https:\/\/support.gatransplant.org\/\" target=\"_self\">\n\t\t\t\t\t\t\tHaz una donaci\u00f3n\n\t\t\t\t\t<\/a>\n\t\t\t<a href=\"https:\/\/gatransplant.org\/giving\/tribute-donation\/\" target=\"_self\">\n\t\t\t\t\t\t\tHacer un regalo de tributo\n\t\t\t\t\t<\/a>","protected":false},"excerpt":{"rendered":"<p>Our Impact We provide financial, educational, and emotional assistance to organ transplant candidates, recipients, living donors, and their families in Georgia. $2.03 million distributed in financial assistance in 2022 $673,337&hellip;<\/p>","protected":false},"author":43,"featured_media":0,"parent":6839,"menu_order":47,"comment_status":"closed","ping_status":"closed","template":"","meta":{"_acf_changed":false,"_monsterinsights_skip_tracking":false,"_monsterinsights_sitenote_active":false,"_monsterinsights_sitenote_note":"","_monsterinsights_sitenote_category":0,"footnotes":""},"class_list":["post-6907","page","type-page","status-publish","hentry"],"acf":[],"aioseo_notices":[],"_links":{"self":[{"href":"https:\/\/gatransplant.blackbaudwp.com\/es\/wp-json\/wp\/v2\/pages\/6907","targetHints":{"allow":["GET"]}}],"collection":[{"href":"https:\/\/gatransplant.blackbaudwp.com\/es\/wp-json\/wp\/v2\/pages"}],"about":[{"href":"https:\/\/gatransplant.blackbaudwp.com\/es\/wp-json\/wp\/v2\/types\/page"}],"author":[{"embeddable":true,"href":"https:\/\/gatransplant.blackbaudwp.com\/es\/wp-json\/wp\/v2\/users\/43"}],"replies":[{"embeddable":true,"href":"https:\/\/gatransplant.blackbaudwp.com\/es\/wp-json\/wp\/v2\/comments?post=6907"}],"version-history":[{"count":5,"href":"https:\/\/gatransplant.blackbaudwp.com\/es\/wp-json\/wp\/v2\/pages\/6907\/revisions"}],"predecessor-version":[{"id":62519,"href":"https:\/\/gatransplant.blackbaudwp.com\/es\/wp-json\/wp\/v2\/pages\/6907\/revisions\/62519"}],"up":[{"embeddable":true,"href":"https:\/\/gatransplant.blackbaudwp.com\/es\/wp-json\/wp\/v2\/pages\/6839"}],"wp:attachment":[{"href":"https:\/\/gatransplant.blackbaudwp.com\/es\/wp-json\/wp\/v2\/media?parent=6907"}],"curies":[{"name":"wp","href":"https:\/\/api.w.org\/{rel}","templated":true}]}}