{"id":6899,"date":"2020-06-22T17:44:07","date_gmt":"2020-06-22T21:44:07","guid":{"rendered":"https:\/\/gatransplant.org\/giving\/employee-giving\/"},"modified":"2025-09-09T10:17:02","modified_gmt":"2025-09-09T14:17:02","slug":"employee-giving","status":"publish","type":"page","link":"https:\/\/gatransplant.blackbaudwp.com\/es\/giving\/employee-giving\/","title":{"rendered":"Donaciones de empleados"},"content":{"rendered":"<h1>\n\t\t\tDonaciones de empleados\n\t\t<\/h1>\n\t\t\t<p>Hay dos formas de donar a la Georgia Transplant Foundation a trav\u00e9s de su lugar de trabajo.<\/p>\t\t\n\t\t<h1>\n\t\t\tGive Via your paycheck\n\t\t<\/h1>\n\t\t\t<p>Los programas de donaciones en el lugar de trabajo permiten que sus contribuciones se deduzcan directamente de sus cheques de pago y, con los programas de donaciones paralelas, las empresas igualan las donaciones que realiza a organizaciones ben\u00e9ficas.<\/p>\t\t\n\t<h4>Donaciones en el lugar de trabajo<\/h4>\n<p>Muchas empresas alientan a sus empleados a realizar contribuciones caritativas ofreciendo programas de donaciones en el lugar de trabajo mediante los cuales sus contribuciones se deducen directamente de su cheque de pago. Pregunte a su departamento de recursos humanos si su empresa ofrece esta oportunidad de dar.<\/p>\n\t<h4>Regalos a juego<\/h4>\n<p>If you work for (or have retired from) one of the many companies that will match employee donations to GTF, you simply need to contact your company&#8217;s matching gift office (usually the HR department or division management, unless the company has a foundation or a philanthropy\/community support office), request a matching gift form (this will help us properly process your donation), and send it in with your donation.<\/p>\n\t\t<h4>\n\t\t\tEmpezar\n\t\t<\/h4>\n\t\t\t<p><em>Env\u00ede por correo su formulario de donaci\u00f3n correspondiente a:<\/em><br \/>Fundaci\u00f3n de trasplantes de Georgia<br \/>Attn: Matching Gifts<br \/>2201 Macy Drive<br \/>Roswell, GA 30076<\/p>\t\t\n\t\t<h2>\n\t\t\tEnriqueciendo vidas\n\t\t<\/h2>\n\t\t\t\t\t\t\t\t\t\t<p>Despu\u00e9s de recibir mi trasplante de coraz\u00f3n, me inscrib\u00ed en el programa JumpStart y recib\u00ed apoyo financiero para tomar clases de asistente de enfermer\u00eda certificado. Ahora, tengo una carrera que nunca hubiera podido lograr sin el Programa JumpStart y la asistencia de GTF.<\/p>\n\t\t\t\t\t\t\t\t\t<h3>&#8211; Sherry C<\/h3>\n\t\t\t\t\t\t\t\t\t\t\t\t\t<h4>Heart Transplant Recipient<\/h4>\n\t<!-- \/.pp-testimonials -->","protected":false},"excerpt":{"rendered":"<p>Employee Giving There are two ways to donate to the Georgia Transplant Foundation through your workplace. Give Via your paycheck Workplace giving programs allow your contributions to be deducted directly&hellip;<\/p>","protected":false},"author":43,"featured_media":0,"parent":6838,"menu_order":44,"comment_status":"closed","ping_status":"closed","template":"","meta":{"_acf_changed":false,"_monsterinsights_skip_tracking":false,"_monsterinsights_sitenote_active":false,"_monsterinsights_sitenote_note":"","_monsterinsights_sitenote_category":0,"footnotes":""},"class_list":["post-6899","page","type-page","status-publish","hentry"],"acf":[],"aioseo_notices":[],"_links":{"self":[{"href":"https:\/\/gatransplant.blackbaudwp.com\/es\/wp-json\/wp\/v2\/pages\/6899","targetHints":{"allow":["GET"]}}],"collection":[{"href":"https:\/\/gatransplant.blackbaudwp.com\/es\/wp-json\/wp\/v2\/pages"}],"about":[{"href":"https:\/\/gatransplant.blackbaudwp.com\/es\/wp-json\/wp\/v2\/types\/page"}],"author":[{"embeddable":true,"href":"https:\/\/gatransplant.blackbaudwp.com\/es\/wp-json\/wp\/v2\/users\/43"}],"replies":[{"embeddable":true,"href":"https:\/\/gatransplant.blackbaudwp.com\/es\/wp-json\/wp\/v2\/comments?post=6899"}],"version-history":[{"count":5,"href":"https:\/\/gatransplant.blackbaudwp.com\/es\/wp-json\/wp\/v2\/pages\/6899\/revisions"}],"predecessor-version":[{"id":62557,"href":"https:\/\/gatransplant.blackbaudwp.com\/es\/wp-json\/wp\/v2\/pages\/6899\/revisions\/62557"}],"up":[{"embeddable":true,"href":"https:\/\/gatransplant.blackbaudwp.com\/es\/wp-json\/wp\/v2\/pages\/6838"}],"wp:attachment":[{"href":"https:\/\/gatransplant.blackbaudwp.com\/es\/wp-json\/wp\/v2\/media?parent=6899"}],"curies":[{"name":"wp","href":"https:\/\/api.w.org\/{rel}","templated":true}]}}