{"id":6891,"date":"2020-06-22T17:42:56","date_gmt":"2020-06-22T21:42:56","guid":{"rendered":"https:\/\/gatransplant.org\/get-involved\/become-a-sponsor\/"},"modified":"2025-09-08T12:24:52","modified_gmt":"2025-09-08T16:24:52","slug":"become-a-partner","status":"publish","type":"page","link":"https:\/\/gatransplant.blackbaudwp.com\/es\/get-involved\/become-a-partner\/","title":{"rendered":"Convertirse en un compa\u00f1ero"},"content":{"rendered":"<h1>\n\t\t\tConvertirse en un compa\u00f1ero\n\t\t<\/h1>\n\t\t\t<p>Muchas personas, empresas, fundaciones y organizaciones han mostrado su apoyo a la Georgia Transplant Foundation de diversas formas.<\/p>\n\t\t<h2>\n\t\t\tOpciones de asociaci\u00f3n\n\t\t<\/h2>\n\t\t\t<p>Dedicado a la asistencia financiera, educativa y emocional para todos los pacientes con trasplante de \u00f3rganos s\u00f3lidos en el estado de Georgia, GTF no cumplir\u00eda su misi\u00f3n sin el tiempo, la dedicaci\u00f3n y la generosidad de nuestros socios.<\/p>\t\t\n\t\t\t\t\t\t<h4>Grupo de socios comunitarios<\/h4>\t\t\t\t\t\n\t\t\t<p>Aproveche una oportunidad \u00fanica de trabajar en su propia comunidad al <strong>recaudar fondos y concienciar sobre GTF<\/strong> y los diversos servicios que brindamos.<\/p>\t\t\n\t\t\t\t\t\t<h4>Patrocinio de eventos<\/h4>\t\t\t\t\t\n\t\t\t<p>Los patrocinios de eventos son una excelente oportunidad de marketing que le permite <strong>obtenga m\u00e1s exposici\u00f3n para usted y su empresa<\/strong>, lo que generar\u00e1 contactos m\u00e1s calificados.<\/p>\t\t\n\t\t\t\t\t\t<h4>Socio estrat\u00e9gico de JumpStart<\/h4>\t\t\t\t\t\n\t\t\t<p>Esta asociaci\u00f3n <strong>proporcione a su empresa un empleado altamente motivado<\/strong> quien obtendr\u00e1 experiencia en el trabajo mientras le brinda un trabajador confiable.<\/p>\t\t\n\t\t\t\t\t\t<h4>Socios de misi\u00f3n<\/h4>\t\t\t\t\t\n\t\t\t<p>La asociaci\u00f3n de GTF con empresas locales, fundaciones privadas e individuos nos permite <strong>fortalecer los programas y servicios que podemos brindar<\/strong> a la comunidad de trasplantes.<\/p>\t\t\n\t\t\t<a href=\"#form\" target=\"_self\">\n\t\t\t\t\t\t\tEmpezar\n\t\t\t<\/a>\n\t\t<h2>\n\t\t\tNuestros socios y patrocinadores\n\t\t<\/h2>\n\t\t\t<p><strong>Agradecemos a nuestros socios a continuaci\u00f3n que han contribuido $25,000 o m\u00e1s este a\u00f1o o $250,000 o m\u00e1s durante la vida de la relaci\u00f3n.<\/strong><\/p>\t\t\n\t\t\t\t\t\t\t\t\t<img decoding=\"async\" src=\"https:\/\/gatransplant.blackbaudwp.com\/wp-content\/uploads\/2020\/10\/Emory.jpg\" alt=\"Master\" itemprop=\"image\" height=\"395\" width=\"1277\" srcset=\"https:\/\/gatransplant.blackbaudwp.com\/wp-content\/uploads\/2020\/10\/Emory.jpg 1277w, https:\/\/gatransplant.blackbaudwp.com\/wp-content\/uploads\/2020\/10\/Emory-768x238.jpg 768w, https:\/\/gatransplant.blackbaudwp.com\/wp-content\/uploads\/2020\/10\/Emory-16x5.jpg 16w\" sizes=\"(max-width: 1277px) 100vw, 1277px\" title=\"Master\" onerror=\"this.style.display='none'\"  \/>\n\t\t\t\t\t\t\t\t\t<img decoding=\"async\" src=\"https:\/\/gatransplant.blackbaudwp.com\/wp-content\/uploads\/2020\/10\/Piedmont.jpg\" alt=\"Piedmont\" itemprop=\"image\" height=\"168\" width=\"693\" srcset=\"https:\/\/gatransplant.blackbaudwp.com\/wp-content\/uploads\/2020\/10\/Piedmont.jpg 693w, https:\/\/gatransplant.blackbaudwp.com\/wp-content\/uploads\/2020\/10\/Piedmont-16x4.jpg 16w\" sizes=\"(max-width: 693px) 100vw, 693px\" title=\"Piedmont\" onerror=\"this.style.display='none'\"  \/>\n\t\t\t\t\t\t\t\t\t<img decoding=\"async\" src=\"https:\/\/gatransplant.blackbaudwp.com\/wp-content\/uploads\/2020\/10\/CHOA-logo1.png\" alt=\"CHOA Logo(1)\" itemprop=\"image\" height=\"480\" width=\"600\" srcset=\"https:\/\/gatransplant.blackbaudwp.com\/wp-content\/uploads\/2020\/10\/CHOA-logo1.png 600w, https:\/\/gatransplant.blackbaudwp.com\/wp-content\/uploads\/2020\/10\/CHOA-logo1-16x12.png 16w\" sizes=\"(max-width: 600px) 100vw, 600px\" title=\"CHOA Logo(1)\" onerror=\"this.style.display='none'\"  \/>\n\t\t\t\t\t\t\t\t\t<img decoding=\"async\" src=\"https:\/\/gatransplant.blackbaudwp.com\/wp-content\/uploads\/2020\/10\/Three-13.png\" alt=\"Three 13\" itemprop=\"image\" height=\"328\" width=\"500\" srcset=\"https:\/\/gatransplant.blackbaudwp.com\/wp-content\/uploads\/2020\/10\/Three-13.png 500w, https:\/\/gatransplant.blackbaudwp.com\/wp-content\/uploads\/2020\/10\/Three-13-16x10.png 16w\" sizes=\"(max-width: 500px) 100vw, 500px\" title=\"Three 13\" onerror=\"this.style.display='none'\"  \/>\n\t\t\t\t\t\t\t\t\t<img decoding=\"async\" src=\"https:\/\/gatransplant.blackbaudwp.com\/wp-content\/uploads\/2020\/10\/Henrys.jpg\" alt=\"Henrys\" itemprop=\"image\" height=\"205\" width=\"527\" srcset=\"https:\/\/gatransplant.blackbaudwp.com\/wp-content\/uploads\/2020\/10\/Henrys.jpg 527w, https:\/\/gatransplant.blackbaudwp.com\/wp-content\/uploads\/2020\/10\/Henrys-16x6.jpg 16w\" sizes=\"(max-width: 527px) 100vw, 527px\" title=\"Henrys\" onerror=\"this.style.display='none'\"  \/>\n\t\t\t\t\t\t\t\t\t<img decoding=\"async\" src=\"https:\/\/gatransplant.blackbaudwp.com\/wp-content\/uploads\/2020\/10\/Shanes.png\" alt=\"Shanes\" itemprop=\"image\" height=\"345\" width=\"1024\" srcset=\"https:\/\/gatransplant.blackbaudwp.com\/wp-content\/uploads\/2020\/10\/Shanes.png 1024w, https:\/\/gatransplant.blackbaudwp.com\/wp-content\/uploads\/2020\/10\/Shanes-768x259.png 768w, https:\/\/gatransplant.blackbaudwp.com\/wp-content\/uploads\/2020\/10\/Shanes-16x5.png 16w\" sizes=\"(max-width: 1024px) 100vw, 1024px\" title=\"Shanes\" onerror=\"this.style.display='none'\"  \/>\n\t\t\t\t\t\t\t\t\t<img decoding=\"async\" src=\"https:\/\/gatransplant.blackbaudwp.com\/wp-content\/uploads\/2020\/10\/CareDx.png\" alt=\"CareDx\" itemprop=\"image\" height=\"147\" width=\"500\" srcset=\"https:\/\/gatransplant.blackbaudwp.com\/wp-content\/uploads\/2020\/10\/CareDx.png 500w, https:\/\/gatransplant.blackbaudwp.com\/wp-content\/uploads\/2020\/10\/CareDx-16x5.png 16w\" sizes=\"(max-width: 500px) 100vw, 500px\" title=\"CareDx\" onerror=\"this.style.display='none'\"  \/>\n\t<p>Fideicomiso Carlos y Marguerite Mason<\/p>\n\t\t<h2>\n\t\t\tSpecial Thanks to Our Partners\n\t\t<\/h2>\n\t\t\t<p>We would like to give special thanks to <a href=\"https:\/\/www.theadairgroup.com\" target=\"_blank\" rel=\"noopener\">The Adair Group<\/a> for their donation of t-shirts free of charge to GTF to help with our outreach efforts.<a href=\"https:\/\/www.facebook.com\/atlantaneuropathyclinic\/\" target=\"_blank\" rel=\"noopener\">Atlanta Neuropathy Clinic: <\/a>Our goal is to help you achieve a pain-free state so that you can once again enjoy life to the fullest. We provide effective relief for our patients through Combined Electrochemical Treatment (CET).<\/p>\t\t\n\t\t\t\t\t\t\t\t\t\t<p>Apoyo a GTF anualmente porque s\u00e9 que cada d\u00f3lar donado ayuda a una familia a hacer frente a la carga financiera que conlleva su nuevo \u00f3rgano. Al ver a mi padre recibir el regalo de un trasplante de coraz\u00f3n, aprend\u00ed r\u00e1pidamente que los trasplantes de \u00f3rganos brindan una nueva oportunidad de vida, pero tambi\u00e9n traen una lista de necesidades que incluyen atenci\u00f3n de seguimiento y medicamentos. GTF est\u00e1 ah\u00ed para asegurar que este asombroso regalo de vida extendida no se vea ensombrecido por los costos y compromisos colaterales.<\/p>\n\t\t\t\t\t\t\t\t\t<h3>-Jon Stinchcomb, ex Bulldawg de la UGA<\/h3>\n\t\t\t\t\t\t\t\t\t\t\t\t\t<h4>Ex New Orleans Saints y ganador del Super Bowl<\/h4>\n\t<!-- \/.pp-testimonials -->\n\t\t<h2>\n\t\t\tEmpezar\n\t\t<\/h2>\n\t\t\t<p>Partnerships, in the format that best suits your needs, allow you to demonstrate your commitment to advancing GTF&#8217;s mission of bridging the gap between hope and opportunity.<strong>Para obtener m\u00e1s informaci\u00f3n sobre c\u00f3mo convertirse en socio, complete el formulario a continuaci\u00f3n:<\/strong><\/p>\t\t\n                <form method='post' enctype='multipart\/form-data' target='gform_ajax_frame_5' id='gform_5'  action='https:\/\/gatransplant.blackbaudwp.com\/es\/get-involved\/become-a-partner\/?fl_builder&#038;fl_builder_ui_iframe#gf_5' data-formid='5' novalidate data-trp-original-action=\"https:\/\/gatransplant.blackbaudwp.com\/get-involved\/become-a-partner\/?fl_builder&#038;fl_builder_ui_iframe#gf_5\">\n                        <ul id='gform_fields_5' class='gform_fields top_label form_sublabel_below description_below validation_below'><li id=\"field_5_1\"><label class='gfield_label gform-field-label gfield_label_before_complex'>Nombre*<\/label>\n                                                    <select name='input_1.2' id='input_5_1_2'    aria-required='false'>\n                          <option value=''><\/option><option value='Dr.'>Dr.<\/option><option value='Miss'>Pierda<\/option><option value='Mr.'>se\u00f1or.<\/option><option value='Mrs.'>Se\u00f1ora.<\/option><option value='Ms.'>Em.<\/option><option value='Prof.'>Profe.<\/option><option value='Rev.'>Rvdo.<\/option>\n                      <\/select>\n                                                    <label for='input_5_1_2' class='gform-field-label gform-field-label--type-sub'>Prefijo<\/label>\n                                                    <input type='text' name='input_1.3' id='input_5_1_3' value=''   aria-required='true'     \/>\n                                                    <label for='input_5_1_3' class='gform-field-label gform-field-label--type-sub'>Primero<\/label>\n                                                    <input type='text' name='input_1.6' id='input_5_1_6' value=''   aria-required='true'     \/>\n                                                    <label for='input_5_1_6' class='gform-field-label gform-field-label--type-sub'>\u00daltimo<\/label>\n                        <\/li><li id=\"field_5_2\"><label class='gfield_label gform-field-label' for='input_5_2'>Correo electr\u00f3nico*<\/label>\n                            <input name='input_2' id='input_5_2' type='email' value='' class='large'    aria-required=\"true\" aria-invalid=\"false\"  \/>\n                        <\/li><li id=\"field_5_6\"><label class='gfield_label gform-field-label' for='input_5_6'>Tel\u00e9fono*<\/label><input name='input_6' id='input_5_6' type='tel' value='' class='large'   aria-required=\"true\" aria-invalid=\"false\"   \/><\/li><li id=\"field_5_3\"><label class='gfield_label gform-field-label' for='input_5_3'>Organizaci\u00f3n o nombre comercial<\/label><input name='input_3' id='input_5_3' type='text' value='' class='large'      aria-invalid=\"false\"   \/><\/li><li id=\"field_5_4\"><label class='gfield_label gform-field-label gfield_label_before_complex'>Asociaci\u00f3n en la que est\u00e1 interesado: *<\/label><ul class='gfield_checkbox' id='input_5_4'><li class='gchoice gchoice_5_4_1'>\n\t\t\t\t\t\t\t\t<input class='gfield-choice-input' name='input_4.1' type='checkbox'  value='Community Partner Group'  id='choice_5_4_1'   \/>\n\t\t\t\t\t\t\t\t<label for='choice_5_4_1' id='label_5_4_1' class='gform-field-label gform-field-label--type-inline'>Grupo de socios comunitarios<\/label>\n\t\t\t\t\t\t\t<\/li><li class='gchoice gchoice_5_4_2'>\n\t\t\t\t\t\t\t\t<input class='gfield-choice-input' name='input_4.2' type='checkbox'  value='Sponsor an Event'  id='choice_5_4_2'   \/>\n\t\t\t\t\t\t\t\t<label for='choice_5_4_2' id='label_5_4_2' class='gform-field-label gform-field-label--type-inline'>Patrocinar un evento<\/label>\n\t\t\t\t\t\t\t<\/li><li class='gchoice gchoice_5_4_3'>\n\t\t\t\t\t\t\t\t<input class='gfield-choice-input' name='input_4.3' type='checkbox'  value='JumpStart Strategic Partner'  id='choice_5_4_3'   \/>\n\t\t\t\t\t\t\t\t<label for='choice_5_4_3' id='label_5_4_3' class='gform-field-label gform-field-label--type-inline'>Socio estrat\u00e9gico de JumpStart<\/label>\n\t\t\t\t\t\t\t<\/li><li class='gchoice gchoice_5_4_4'>\n\t\t\t\t\t\t\t\t<input class='gfield-choice-input' name='input_4.4' type='checkbox'  value='Mission Partner'  id='choice_5_4_4'   \/>\n\t\t\t\t\t\t\t\t<label for='choice_5_4_4' id='label_5_4_4' class='gform-field-label gform-field-label--type-inline'>Socio de misi\u00f3n<\/label>\n\t\t\t\t\t\t\t<\/li><li class='gchoice gchoice_5_4_5'>\n\t\t\t\t\t\t\t\t<input class='gfield-choice-input' name='input_4.5' type='checkbox'  value='Other'  id='choice_5_4_5'   \/>\n\t\t\t\t\t\t\t\t<label for='choice_5_4_5' id='label_5_4_5' class='gform-field-label gform-field-label--type-inline'>Otro<\/label>\n\t\t\t\t\t\t\t<\/li><\/ul><\/li><li id=\"field_5_5\"><label class='gfield_label gform-field-label' for='input_5_5'>Describa el tipo de asociaci\u00f3n que est\u00e1 buscando a continuaci\u00f3n:<\/label><textarea name='input_5' id='input_5_5' class='textarea large'      aria-invalid=\"false\"   rows='10' cols='50'><\/textarea><\/li><li id=\"field_5_7\"><label class='gfield_label gform-field-label' for='input_5_7'>Pregunta o comentarios<\/label><textarea name='input_7' id='input_5_7' class='textarea large'      aria-invalid=\"false\"   rows='10' cols='50'><\/textarea><\/li><li id=\"field_5_8\"><label class='gfield_label gform-field-label' for='input_5_8'>CAPTCHA<\/label><\/li><\/ul>\n         <input type='submit' id='gform_submit_button_5' class='gform_button button' onclick='gform.submission.handleButtonClick(this);' data-submission-type='submit' value='Enviar'  \/> <input type='hidden' name='gform_ajax' value='form_id=5&amp;title=&amp;description=&amp;tabindex=0&amp;theme=legacy&amp;styles=[]&amp;hash=8c43b135a68ac10019e2a89c493e4cec' \/>\n            <input type='hidden' class='gform_hidden' name='gform_submission_method' data-js='gform_submission_method_5' value='iframe' \/>\n            <input type='hidden' class='gform_hidden' name='gform_theme' data-js='gform_theme_5' id='gform_theme_5' value='legacy' \/>\n            <input type='hidden' class='gform_hidden' name='gform_style_settings' data-js='gform_style_settings_5' id='gform_style_settings_5' value='[]' \/>\n            <input type='hidden' class='gform_hidden' name='is_submit_5' value='1' \/>\n            <input type='hidden' class='gform_hidden' name='gform_submit' value='5' \/>\n            <input type='hidden' class='gform_hidden' name='gform_unique_id' value='' \/>\n            <input type='hidden' class='gform_hidden' name='state_5' value='WyJbXSIsIjQ2ZDIxYzhkOGRhYzAzNWExNmM2ZjRmNTMxNmRjODdiIl0=' \/>\n            <input type='hidden' autocomplete='off' class='gform_hidden' name='gform_target_page_number_5' id='gform_target_page_number_5' value='0' \/>\n            <input type='hidden' autocomplete='off' class='gform_hidden' name='gform_source_page_number_5' id='gform_source_page_number_5' value='1' \/>\n            <input type='hidden' name='gform_field_values' value='' \/>\n                        <input type=\"hidden\" name=\"trp-form-language\" value=\"es\"\/><\/form>\n\t\t                <iframe style='display:none;width:0px;height:0px;' src='about:blank' name='gform_ajax_frame_5' id='gform_ajax_frame_5' title='Este iframe contiene la l\u00f3gica necesaria para manejar Gravity Forms con tecnolog\u00eda Ajax.'><\/iframe>","protected":false},"excerpt":{"rendered":"<p>Become a Partner Many individuals, companies, foundations, and organizations have shown their support of the Georgia Transplant Foundation in a variety of ways. Partnership Options Dedicated to financial, educational, and&hellip;<\/p>","protected":false},"author":43,"featured_media":0,"parent":6837,"menu_order":41,"comment_status":"closed","ping_status":"closed","template":"","meta":{"_acf_changed":false,"_monsterinsights_skip_tracking":false,"_monsterinsights_sitenote_active":false,"_monsterinsights_sitenote_note":"","_monsterinsights_sitenote_category":0,"footnotes":""},"class_list":["post-6891","page","type-page","status-publish","hentry"],"acf":[],"aioseo_notices":[],"_links":{"self":[{"href":"https:\/\/gatransplant.blackbaudwp.com\/es\/wp-json\/wp\/v2\/pages\/6891","targetHints":{"allow":["GET"]}}],"collection":[{"href":"https:\/\/gatransplant.blackbaudwp.com\/es\/wp-json\/wp\/v2\/pages"}],"about":[{"href":"https:\/\/gatransplant.blackbaudwp.com\/es\/wp-json\/wp\/v2\/types\/page"}],"author":[{"embeddable":true,"href":"https:\/\/gatransplant.blackbaudwp.com\/es\/wp-json\/wp\/v2\/users\/43"}],"replies":[{"embeddable":true,"href":"https:\/\/gatransplant.blackbaudwp.com\/es\/wp-json\/wp\/v2\/comments?post=6891"}],"version-history":[{"count":5,"href":"https:\/\/gatransplant.blackbaudwp.com\/es\/wp-json\/wp\/v2\/pages\/6891\/revisions"}],"predecessor-version":[{"id":62546,"href":"https:\/\/gatransplant.blackbaudwp.com\/es\/wp-json\/wp\/v2\/pages\/6891\/revisions\/62546"}],"up":[{"embeddable":true,"href":"https:\/\/gatransplant.blackbaudwp.com\/es\/wp-json\/wp\/v2\/pages\/6837"}],"wp:attachment":[{"href":"https:\/\/gatransplant.blackbaudwp.com\/es\/wp-json\/wp\/v2\/media?parent=6891"}],"curies":[{"name":"wp","href":"https:\/\/api.w.org\/{rel}","templated":true}]}}