{"id":6890,"date":"2020-06-22T17:42:56","date_gmt":"2020-06-22T21:42:56","guid":{"rendered":"https:\/\/gatransplant.org\/get-involved\/become-a-community-partner\/"},"modified":"2025-09-08T12:31:45","modified_gmt":"2025-09-08T16:31:45","slug":"community-partner-group","status":"publish","type":"page","link":"https:\/\/gatransplant.blackbaudwp.com\/es\/get-involved\/community-partner-group\/","title":{"rendered":"Grupos de socios comunitarios"},"content":{"rendered":"<h1>\n\t\t\tSocios de la comunidad\n\t\t<\/h1>\n\t\t\t<p>Muchos pacientes retribuyen a la Georgia Transplant Foundation como un grupo de socios comunitarios (CPG).<\/p>\n\t\t<h2>\n\t\t\tGrupos de socios comunitarios\n\t\t<\/h2>\n\t\t\t<p>Los grupos de socios comunitarios tienen la oportunidad \u00fanica de trabajar en sus propias comunidades mediante la recaudaci\u00f3n de fondos y la concienciaci\u00f3n sobre GTF y los diversos servicios que brindan.\u00a0<strong>\u00bfQu\u00e9 hacen los grupos de socios comunitarios?<\/strong><ul><li>Planificar y realizar eventos de recaudaci\u00f3n de fondos dentro de sus propias comunidades para beneficiar a GTF.<\/li><li>Sea voluntario en varios eventos de recaudaci\u00f3n de fondos durante todo el a\u00f1o.<\/li><li>Spread the word about GTF&#8217;s overall mission and goals.<\/li><\/ul><strong>\u00bfQu\u00e9 tipos de eventos para recaudar fondos se pueden realizar?<\/strong><ul><li>Ning\u00fan evento de recaudaci\u00f3n de fondos es demasiado grande o demasiado peque\u00f1o; \u00a1todas las ideas son GRANDES ideas! Esta es una oportunidad para ser creativo y pensar fuera de la caja.<\/li><li>Algunos ejemplos de eventos para recaudar fondos incluyen: fiestas de vino y queso, ventas de garaje en el vecindario, decoraciones de puertas para las fiestas, c\u00f3cteles, lavados de autos, subastas silenciosas y m\u00e1s.<\/li><\/ul><strong>\u00bfC\u00f3mo funciona un grupo de socios comunitarios?<\/strong>Cada grupo de socios comunitarios estar\u00e1 formado por al menos cinco (5) miembros. Una vez que se establezca un grupo, trabajar\u00e1n juntos para crear, planificar y facilitar sus eventos de recaudaci\u00f3n de fondos. Todos los grupos tendr\u00e1n un Coordinador L\u00edder, que ser\u00e1 elegido por un miembro del personal de GTF, quien servir\u00e1 por un per\u00edodo de un a\u00f1o y ser\u00e1 responsable de programar reuniones de grupo, reportar informaci\u00f3n a GTF, recolectar todos los ingresos y entregarlos a la fundaci\u00f3n. Un miembro del personal de GTF estar\u00e1 disponible para ayudar a guiar al grupo y dar consejos para la recaudaci\u00f3n de fondos.<strong>\u00bfQui\u00e9n puede convertirse en miembro de un grupo de socios comunitarios?<\/strong>Cualquier persona o grupo de personas dedicadas a apoyar a GTF puede participar en un grupo de socios comunitarios. Estos pueden incluir:<ul><li>Grupos de la iglesia<\/li><li>Amigos<\/li><li>Vecinos<\/li><li>Compa\u00f1eros de trabajo<\/li><li>Compa\u00f1eros de clase<\/li><\/ul><strong>\u00bfC\u00f3mo puedo convertirme en miembro de un grupo de socios comunitarios?<\/strong>Cualquier persona o grupo dedicado a apoyar a GTF puede participar en un Grupo de socios comunitarios. Si tiene alguna pregunta o desea obtener m\u00e1s informaci\u00f3n sobre los grupos de socios comunitarios, comun\u00edquese con Rita Michaels directamente al\u00a0<a href=\"http:\/\/rmichaels@gatransplant.org\/\">rmichaels@gatrans\u00adplant.org<\/a>\u00a0o (678) 514-1180.<\/p>\t\t\n\t\t<h2>\n\t\t\tEnriqueciendo vidas\n\t\t<\/h2>\n\t\t\t\t\t\t\t\t\t\t<p>Chris y yo a menudo escuchamos historias de familias que se est\u00e1n recuperando de un trasplante y enfrentan serios desaf\u00edos financieros. GTF brinda a estas familias un apoyo esencial y las ayuda a concentrarse en la curaci\u00f3n, no en los gastos, durante su viaje de trasplante.<\/p>\n\t\t\t\t\t\t\t\t\t<h3>&#8211; Tom Glavine<\/h3>\n\t\t\t\t\t\t\t\t\t\t\t\t\t<h4>Hall of Famer and Honorary GTF Board Member<\/h4>\n\t<!-- \/.pp-testimonials -->","protected":false},"excerpt":{"rendered":"<p>Community Partners Many patients give back to the Georgia Transplant Foundation as a Community Partner Group (CPG). Community Partner Groups Community Partner Groups have the unique opportunity to work in&hellip;<\/p>","protected":false},"author":43,"featured_media":0,"parent":6837,"menu_order":40,"comment_status":"closed","ping_status":"closed","template":"","meta":{"_acf_changed":false,"_monsterinsights_skip_tracking":false,"_monsterinsights_sitenote_active":false,"_monsterinsights_sitenote_note":"","_monsterinsights_sitenote_category":0,"footnotes":""},"class_list":["post-6890","page","type-page","status-publish","hentry"],"acf":[],"aioseo_notices":[],"_links":{"self":[{"href":"https:\/\/gatransplant.blackbaudwp.com\/es\/wp-json\/wp\/v2\/pages\/6890","targetHints":{"allow":["GET"]}}],"collection":[{"href":"https:\/\/gatransplant.blackbaudwp.com\/es\/wp-json\/wp\/v2\/pages"}],"about":[{"href":"https:\/\/gatransplant.blackbaudwp.com\/es\/wp-json\/wp\/v2\/types\/page"}],"author":[{"embeddable":true,"href":"https:\/\/gatransplant.blackbaudwp.com\/es\/wp-json\/wp\/v2\/users\/43"}],"replies":[{"embeddable":true,"href":"https:\/\/gatransplant.blackbaudwp.com\/es\/wp-json\/wp\/v2\/comments?post=6890"}],"version-history":[{"count":5,"href":"https:\/\/gatransplant.blackbaudwp.com\/es\/wp-json\/wp\/v2\/pages\/6890\/revisions"}],"predecessor-version":[{"id":62549,"href":"https:\/\/gatransplant.blackbaudwp.com\/es\/wp-json\/wp\/v2\/pages\/6890\/revisions\/62549"}],"up":[{"embeddable":true,"href":"https:\/\/gatransplant.blackbaudwp.com\/es\/wp-json\/wp\/v2\/pages\/6837"}],"wp:attachment":[{"href":"https:\/\/gatransplant.blackbaudwp.com\/es\/wp-json\/wp\/v2\/media?parent=6890"}],"curies":[{"name":"wp","href":"https:\/\/api.w.org\/{rel}","templated":true}]}}