{"id":6889,"date":"2020-06-22T17:42:56","date_gmt":"2020-06-22T21:42:56","guid":{"rendered":"https:\/\/gatransplant.org\/get-involved\/volunteer\/"},"modified":"2025-09-08T12:41:11","modified_gmt":"2025-09-08T16:41:11","slug":"volunteer","status":"publish","type":"page","link":"https:\/\/gatransplant.blackbaudwp.com\/es\/get-involved\/volunteer\/","title":{"rendered":"Voluntario"},"content":{"rendered":"<h1>\n\t\t\tVoluntario\n\t\t<\/h1>\n\t\t\t<p>Los voluntarios son vitales para la misi\u00f3n de la Georgia Transplant Foundation. Con su ayuda podemos crear conciencia, recaudar fondos y seguir enriqueciendo la vida de los pacientes trasplantados y sus familias.<\/p>\n\t\t<h2>\n\t\t\t\u00bfComo puedes ayudar?\n\t\t<\/h2>\n\t\t\t<p>GTF needs people of all ages and backgrounds to help. Your time and dedication have a real impact on the lives of Georgia&#8217;s transplant community. We have various volunteer opportunities to meet your skills and interests. Current volunteer roles include:<\/p>\t\t\n\t<strong>Comit\u00e9s de eventos especiales<\/strong><br \/>\nSiempre necesitamos ayuda para adquirir art\u00edculos de subasta, nuevos patrocinadores, vender entradas para eventos, etc.\n<strong>Voluntarios de oficina<\/strong><br \/>\nLa oficina de GTF est\u00e1 ubicada en Roswell, Georgia. Siempre estamos buscando voluntarios confiables para que vengan y nos ayuden a archivar, copiar, ingresar datos de computadora, armar paquetes, armar correos, etc.\n<strong>Comparte tu historia<\/strong><br \/>\nTransplant candidates, recipients, living donors, and caregivers willing to share their story\/transplant journey with others through: GTF&#8217;s Imprint Magazine, social media campaigns, marketing initiatives, Trends In Transplant (TNT) conferences, media interviews, and as a speaker at events.\n\t<strong>Convi\u00e9rtete en mentor<\/strong><br \/>\nConvi\u00e9rtase en un mentor de GTF capacitado y ayude a guiar a otros a lo largo de su viaje de trasplante al ser parte de\u00a0<a href=\"https:\/\/gatransplant.org\/our-programs\/education-community-programs\/the-mentor-project\/\">El Proyecto Mentor<\/a>.\n<strong>Mentor de enlace del centro de di\u00e1lisis<\/strong><br \/>\nBuscamos receptores de trasplantes de ri\u00f1\u00f3n que hayan recibido di\u00e1lisis para convertirse en mentores de enlace con el centro de di\u00e1lisis (DCL). El mentor tendr\u00eda que regresar a su centro de di\u00e1lisis y hablar \/ educar a las personas en di\u00e1lisis sobre el trasplante como una opci\u00f3n de tratamiento y los servicios que GTF brinda para ayudar en el camino.\n<p><strong>Embajadores de redes sociales<\/strong><\/p>\n\t\t\t<a href=\"#form\" target=\"_self\">\n\t\t\t\t\t\t\tEmpezar\n\t\t\t<\/a>\n\t\t\t\t\t\t\t\t\t\t<p>Cuando ten\u00eda 61 a\u00f1os, me somet\u00ed a un trasplante de coraz\u00f3n que me ha permitido llevar una vida productiva normal y disfrutar de mi familia, hijos y nietos. Sabiendo el efecto positivo que esto tuvo en mi vida y la cantidad de personas que necesitan trasplantes, quer\u00eda involucrarme activamente con GTF para asegurarme de que la mayor cantidad posible de personas puedan tener la experiencia positiva que yo he tenido la oportunidad de tener.<\/p>\n\t\t\t\t\t\t\t\t\t<h3>&#8211; William B<\/h3>\n\t\t\t\t\t\t\t\t\t\t\t\t\t<h4>Heart Transplant Recipient<\/h4>\n\t<!-- \/.pp-testimonials -->\n\t\t\t<h3>Empezar<\/h3>\n\t\t<p>\u00a1Hazte voluntario hoy! Si alguna de las oportunidades mencionadas anteriormente le parece algo que le gustar\u00eda hacer, inf\u00f3rmenos llenando el formulario a continuaci\u00f3n.<\/p>\n                <form method='post' enctype='multipart\/form-data' target='gform_ajax_frame_14' id='gform_14'  action='https:\/\/gatransplant.blackbaudwp.com\/es\/get-involved\/volunteer\/?fl_builder&#038;fl_builder_ui_iframe#gf_14' data-formid='14' novalidate data-trp-original-action=\"https:\/\/gatransplant.blackbaudwp.com\/get-involved\/volunteer\/?fl_builder&#038;fl_builder_ui_iframe#gf_14\">\n                        <ul id='gform_fields_14' class='gform_fields top_label form_sublabel_below description_below validation_below'><li id=\"field_14_1\"><label class='gfield_label gform-field-label gfield_label_before_complex'>Nombre*<\/label>\n                                                    <select name='input_1.2' id='input_14_1_2'    aria-required='false'>\n                          <option value=''><\/option><option value='Dr.'>Dr.<\/option><option value='Miss'>Pierda<\/option><option value='Mr.'>se\u00f1or.<\/option><option value='Mrs.'>Se\u00f1ora.<\/option><option value='Ms.'>Em.<\/option><option value='Prof.'>Profe.<\/option><option value='Rev.'>Rvdo.<\/option>\n                      <\/select>\n                                                    <label for='input_14_1_2' class='gform-field-label gform-field-label--type-sub'>Prefijo<\/label>\n                                                    <input type='text' name='input_1.3' id='input_14_1_3' value=''   aria-required='true'     \/>\n                                                    <label for='input_14_1_3' class='gform-field-label gform-field-label--type-sub'>Primero<\/label>\n                                                    <input type='text' name='input_1.6' id='input_14_1_6' value=''   aria-required='true'     \/>\n                                                    <label for='input_14_1_6' class='gform-field-label gform-field-label--type-sub'>\u00daltimo<\/label>\n                        <\/li><li id=\"field_14_2\"><label class='gfield_label gform-field-label' for='input_14_2'>Correo electr\u00f3nico*<\/label>\n                            <input name='input_2' id='input_14_2' type='email' value='' class='large'    aria-required=\"true\" aria-invalid=\"false\"  \/>\n                        <\/li><li id=\"field_14_6\"><label class='gfield_label gform-field-label' for='input_14_6'>Tel\u00e9fono*<\/label><input name='input_6' id='input_14_6' type='tel' value='' class='large'   aria-required=\"true\" aria-invalid=\"false\"   \/><\/li><li id=\"field_14_9\"><label class='gfield_label gform-field-label' for='input_14_9'>Please select the one that best describes you:*<\/label><select name='input_9' id='input_14_9' class='large gfield_select'    aria-required=\"true\" aria-invalid=\"false\"><option value='Transplant recipient'>Receptor de trasplante<\/option><option value='Candidate - waiting for a transplant'>Candidate &#8211; waiting for a transplant<\/option><option value='Family member of a transplant recipient (caregiver)'>Miembro de la familia de un receptor de trasplante (cuidador)<\/option><option value='Living Donor'>Donante vivo<\/option><option value='Donor Family'>Familia donante<\/option><option value='General Volunteer\/Other'>Voluntario general \/ Otro<\/option><\/select><\/li><li id=\"field_14_4\"><label class='gfield_label gform-field-label gfield_label_before_complex'>Volunteer activities you are interested in (check all that apply):*<\/label><ul class='gfield_checkbox' id='input_14_4'><li class='gchoice gchoice_14_4_1'>\n\t\t\t\t\t\t\t\t<input class='gfield-choice-input' name='input_4.1' type='checkbox'  value='Special Events Committee'  id='choice_14_4_1'   \/>\n\t\t\t\t\t\t\t\t<label for='choice_14_4_1' id='label_14_4_1' class='gform-field-label gform-field-label--type-inline'>Comit\u00e9 de Eventos Especiales<\/label>\n\t\t\t\t\t\t\t<\/li><li class='gchoice gchoice_14_4_2'>\n\t\t\t\t\t\t\t\t<input class='gfield-choice-input' name='input_4.2' type='checkbox'  value='Office Volunteer'  id='choice_14_4_2'   \/>\n\t\t\t\t\t\t\t\t<label for='choice_14_4_2' id='label_14_4_2' class='gform-field-label gform-field-label--type-inline'>Voluntario de oficina<\/label>\n\t\t\t\t\t\t\t<\/li><li class='gchoice gchoice_14_4_3'>\n\t\t\t\t\t\t\t\t<input class='gfield-choice-input' name='input_4.3' type='checkbox'  value='Social Media Ambassador'  id='choice_14_4_3'   \/>\n\t\t\t\t\t\t\t\t<label for='choice_14_4_3' id='label_14_4_3' class='gform-field-label gform-field-label--type-inline'>Embajador de redes sociales<\/label>\n\t\t\t\t\t\t\t<\/li><li class='gchoice gchoice_14_4_4'>\n\t\t\t\t\t\t\t\t<input class='gfield-choice-input' name='input_4.4' type='checkbox'  value='Share Your Story'  id='choice_14_4_4'   \/>\n\t\t\t\t\t\t\t\t<label for='choice_14_4_4' id='label_14_4_4' class='gform-field-label gform-field-label--type-inline'>Comparte tu historia<\/label>\n\t\t\t\t\t\t\t<\/li><li class='gchoice gchoice_14_4_5'>\n\t\t\t\t\t\t\t\t<input class='gfield-choice-input' name='input_4.5' type='checkbox'  value='Become a Mentor\/Dialysis Center Liaison'  id='choice_14_4_5'   \/>\n\t\t\t\t\t\t\t\t<label for='choice_14_4_5' id='label_14_4_5' class='gform-field-label gform-field-label--type-inline'>Convi\u00e9rtase en un mentor \/ enlace del centro de di\u00e1lisis<\/label>\n\t\t\t\t\t\t\t<\/li><\/ul><\/li><li id=\"field_14_11\"><label class='gfield_label gform-field-label gfield_label_before_complex'>Availability (check all that apply):*<\/label><ul class='gfield_checkbox' id='input_14_11'><li class='gchoice gchoice_14_11_1'>\n\t\t\t\t\t\t\t\t<input class='gfield-choice-input' name='input_11.1' type='checkbox'  value='Weekday Mornings'  id='choice_14_11_1'   \/>\n\t\t\t\t\t\t\t\t<label for='choice_14_11_1' id='label_14_11_1' class='gform-field-label gform-field-label--type-inline'>Ma\u00f1anas de lunes a viernes<\/label>\n\t\t\t\t\t\t\t<\/li><li class='gchoice gchoice_14_11_2'>\n\t\t\t\t\t\t\t\t<input class='gfield-choice-input' name='input_11.2' type='checkbox'  value='Weekday Afternoons'  id='choice_14_11_2'   \/>\n\t\t\t\t\t\t\t\t<label for='choice_14_11_2' id='label_14_11_2' class='gform-field-label gform-field-label--type-inline'>Tardes entre semana<\/label>\n\t\t\t\t\t\t\t<\/li><li class='gchoice gchoice_14_11_3'>\n\t\t\t\t\t\t\t\t<input class='gfield-choice-input' name='input_11.3' type='checkbox'  value='Weekday Evenings'  id='choice_14_11_3'   \/>\n\t\t\t\t\t\t\t\t<label for='choice_14_11_3' id='label_14_11_3' class='gform-field-label gform-field-label--type-inline'>Tardes entre semana<\/label>\n\t\t\t\t\t\t\t<\/li><li class='gchoice gchoice_14_11_4'>\n\t\t\t\t\t\t\t\t<input class='gfield-choice-input' name='input_11.4' type='checkbox'  value='Weekends'  id='choice_14_11_4'   \/>\n\t\t\t\t\t\t\t\t<label for='choice_14_11_4' id='label_14_11_4' class='gform-field-label gform-field-label--type-inline'>Fines de semana<\/label>\n\t\t\t\t\t\t\t<\/li><\/ul><\/li><li id=\"field_14_7\"><label class='gfield_label gform-field-label' for='input_14_7'>Pregunta o comentarios:<\/label><textarea name='input_7' id='input_14_7' class='textarea medium'      aria-invalid=\"false\"   rows='10' cols='50'><\/textarea><\/li><li id=\"field_14_8\"><label class='gfield_label gform-field-label' for='input_14_8'>CAPTCHA<\/label><\/li><\/ul>\n         <input type='submit' id='gform_submit_button_14' class='gform_button button' onclick='gform.submission.handleButtonClick(this);' data-submission-type='submit' value='Enviar'  \/> <input type='hidden' name='gform_ajax' value='form_id=14&amp;title=&amp;description=&amp;tabindex=0&amp;theme=legacy&amp;styles=[]&amp;hash=6ee1707885e0664c4397d41f933ca79d' \/>\n            <input type='hidden' class='gform_hidden' name='gform_submission_method' data-js='gform_submission_method_14' value='iframe' \/>\n            <input type='hidden' class='gform_hidden' name='gform_theme' data-js='gform_theme_14' id='gform_theme_14' value='legacy' \/>\n            <input type='hidden' class='gform_hidden' name='gform_style_settings' data-js='gform_style_settings_14' id='gform_style_settings_14' value='[]' \/>\n            <input type='hidden' class='gform_hidden' name='is_submit_14' value='1' \/>\n            <input type='hidden' class='gform_hidden' name='gform_submit' value='14' \/>\n            <input type='hidden' class='gform_hidden' name='gform_unique_id' value='' \/>\n            <input type='hidden' class='gform_hidden' name='state_14' value='WyJbXSIsIjQ2ZDIxYzhkOGRhYzAzNWExNmM2ZjRmNTMxNmRjODdiIl0=' \/>\n            <input type='hidden' autocomplete='off' class='gform_hidden' name='gform_target_page_number_14' id='gform_target_page_number_14' value='0' \/>\n            <input type='hidden' autocomplete='off' class='gform_hidden' name='gform_source_page_number_14' id='gform_source_page_number_14' value='1' \/>\n            <input type='hidden' name='gform_field_values' value='' \/>\n                        <input type=\"hidden\" name=\"trp-form-language\" value=\"es\"\/><\/form>\n\t\t                <iframe style='display:none;width:0px;height:0px;' src='about:blank' name='gform_ajax_frame_14' id='gform_ajax_frame_14' title='Este iframe contiene la l\u00f3gica necesaria para manejar Gravity Forms con tecnolog\u00eda Ajax.'><\/iframe>","protected":false},"excerpt":{"rendered":"<p>\u00a1GTF necesita que personas de todas las edades y procedencias le echen una mano!<\/p>","protected":false},"author":43,"featured_media":960,"parent":6837,"menu_order":39,"comment_status":"closed","ping_status":"closed","template":"","meta":{"_acf_changed":false,"_monsterinsights_skip_tracking":false,"_monsterinsights_sitenote_active":false,"_monsterinsights_sitenote_note":"","_monsterinsights_sitenote_category":0,"footnotes":""},"class_list":["post-6889","page","type-page","status-publish","has-post-thumbnail","hentry"],"acf":[],"aioseo_notices":[],"_links":{"self":[{"href":"https:\/\/gatransplant.blackbaudwp.com\/es\/wp-json\/wp\/v2\/pages\/6889","targetHints":{"allow":["GET"]}}],"collection":[{"href":"https:\/\/gatransplant.blackbaudwp.com\/es\/wp-json\/wp\/v2\/pages"}],"about":[{"href":"https:\/\/gatransplant.blackbaudwp.com\/es\/wp-json\/wp\/v2\/types\/page"}],"author":[{"embeddable":true,"href":"https:\/\/gatransplant.blackbaudwp.com\/es\/wp-json\/wp\/v2\/users\/43"}],"replies":[{"embeddable":true,"href":"https:\/\/gatransplant.blackbaudwp.com\/es\/wp-json\/wp\/v2\/comments?post=6889"}],"version-history":[{"count":5,"href":"https:\/\/gatransplant.blackbaudwp.com\/es\/wp-json\/wp\/v2\/pages\/6889\/revisions"}],"predecessor-version":[{"id":62551,"href":"https:\/\/gatransplant.blackbaudwp.com\/es\/wp-json\/wp\/v2\/pages\/6889\/revisions\/62551"}],"up":[{"embeddable":true,"href":"https:\/\/gatransplant.blackbaudwp.com\/es\/wp-json\/wp\/v2\/pages\/6837"}],"wp:featuredmedia":[{"embeddable":true,"href":"https:\/\/gatransplant.blackbaudwp.com\/es\/wp-json\/wp\/v2\/media\/960"}],"wp:attachment":[{"href":"https:\/\/gatransplant.blackbaudwp.com\/es\/wp-json\/wp\/v2\/media?parent=6889"}],"curies":[{"name":"wp","href":"https:\/\/api.w.org\/{rel}","templated":true}]}}