{"id":6858,"date":"2020-06-22T17:38:49","date_gmt":"2020-06-22T21:38:49","guid":{"rendered":"https:\/\/gatransplant.org\/our-programs\/education-community-programs\/couples-enrichment-weekend\/"},"modified":"2025-12-19T13:11:14","modified_gmt":"2025-12-19T18:11:14","slug":"couples-enrichment-retreat","status":"publish","type":"page","link":"https:\/\/gatransplant.blackbaudwp.com\/es\/our-programs\/education-community-programs\/couples-enrichment-retreat\/","title":{"rendered":"Retiro de enriquecimiento para parejas"},"content":{"rendered":"<a href=\"#register\" target=\"_self\">\n\t\t\t\t\t\t\tRegistrarse\n\t\t\t<\/a>\n\t\t\t<a href=\"#map\" target=\"_self\">\n\t\t\t\t\t\t\tMapa e informaci\u00f3n adicional\n\t\t\t<\/a>\n\t\t\t<a href=\"#sponsors\" target=\"_self\">\n\t\t\t\t\t\t\tPatrocinadores de eventos\n\t\t\t<\/a>\n\t\t\t<a href=\"#gallery\" target=\"_self\">\n\t\t\t\t\t\t\tGaler\u00eda de fotos\n\t\t\t<\/a>\n\t\t<h1>\n\t\t\tRetiro de enriquecimiento para parejas\n\t\t<\/h1>\n\t\t\t\t\tFecha y hora:\n\t\t\t\t\t\t<h3>May 16 to May 18, 2025<\/h3>\t\t\t\t\t\n\t\t\t\t\tLocation\n\t\t\t\t\t\t<h3>Isla de St Simons, GA<\/h3>\t\t\t\t\t\n\t\t\t\t\tCost\n\t\t\t\t\t\t<h3>$50 per couple<\/h3>\t\t\t\t\t\n\t\t<h2>\n\t\t\tThe Couple&#8217;s Enrichment Retreat, &#8220;A Step Together,&#8221; is for transplant recipients and their spouses\/significant others.\n\t\t<\/h2>\n\t\t\t<p>El fin de semana (viernes por la tarde hasta el domingo al mediod\u00eda) se lleva a cabo en la hermosa isla de Saint Simons, Georgia, y est\u00e1 abierto a los receptores de trasplantes de \u00f3rganos y su c\u00f3nyuge \/ pareja, y los padres de los receptores de trasplantes pedi\u00e1tricos. <strong>El objetivo es permitir que las parejas aprendan habilidades y compartan experiencias que ayuden a aumentar su comprensi\u00f3n y compromiso mutuos.<\/strong>El retiro est\u00e1 dise\u00f1ado para aquellos que valoran su relaci\u00f3n y quieren que sea fuerte y duradera mientras se enfrentan al estr\u00e9s continuo relacionado con el trasplante. <strong>El facilitador del fin de semana es Jackson P. Rainer, PhD, (<a href=\"#map\">leer biograf\u00eda<\/a>) Un psic\u00f3logo<\/strong> nationally renowned for his work with couples confronting the challenges of chronic illness. In addition, there is a session called &#8220;Caring for the Caregiver&#8221; to help parents cope with caring for a chronically ill child. The weekend is planned to include both private &#8220;couples&#8221; time, as well as shared group discussions.<\/p>\t\t\n\t\t\t\t\t\t\t\t\t\t<p>Whether you have a good relationship with your significant other or are in one that needs improvement, the Couples Retreat helps you re-focus your attention on each other instead of the transplant as the center of discussion. You don&#8217;t feel alone or as though you are the only person with these feelings and questions. You meet others that are in the same boat as you and no one is judging you.<\/p>\n\t\t\t\t\t\t\t\t\t<h3>-Christine C, receptor de trasplante de h\u00edgado y ri\u00f1\u00f3n <\/h3>\n\t\t\t\t\t\t\t\t\t\t\t\t\t<h4>Asistente anterior al retiro de enriquecimiento para parejas<\/h4>\n\t<!-- \/.pp-testimonials -->\n\t\t<h2>\n\t\t\tRegistrarse\n\t\t<\/h2>\n\t<h3>Details:<\/h3>\n<p>The next Couples Enrichment Retreat will be held from <strong>May 16 to May 18, 2025<\/strong>. Please note that space is limited and on a first-come, first-serve basis &#8211; so get on our waiting list asap!<\/p>\n\t<h3>Requisitos:<\/h3>\n<ul>\n<li>DEBE ser un receptor de trasplante y el c\u00f3nyuge \/ pareja (en una relaci\u00f3n comprometida a largo plazo) de un receptor de trasplante, o tener un hijo que sea receptor de trasplante.<\/li>\n<li>El receptor del trasplante debe estar al menos seis meses despu\u00e9s del trasplante.<\/li>\n<li>Comprometerse a asistir todo el fin de semana a partir del viernes a las 6:00 pm.<\/li>\n<li>Planifique el viaje hacia y desde la isla de Saint Simons, y debe planear llegar a tiempo.<\/li>\n<li>El retiro es <u>no<\/u> abierto a quienes hayan asistido antes.<\/li>\n<\/ul>\n\t\t<h3>\n\t\t\tInterested?\n\t\t<\/h3>\n\t\t\t<p>Por favor complete el formulario a continuaci\u00f3n para hacernos saber que est\u00e1 interesado en asistir al pr\u00f3ximo Retiro de Enriquecimiento de Parejas para que podamos colocarlo en nuestra lista de espera.<\/p>\t\t\n\t\t\t\t\t\t\t&quot;*&quot; indicates required fields\n                        <form method='post' enctype='multipart\/form-data' target='gform_ajax_frame_10' id='gform_10'  action='https:\/\/gatransplant.blackbaudwp.com\/es\/our-programs\/education-community-programs\/couples-enrichment-retreat\/?fl_builder&#038;fl_builder_ui_iframe#gf_10' data-formid='10' novalidate data-trp-original-action=\"https:\/\/gatransplant.blackbaudwp.com\/our-programs\/education-community-programs\/couples-enrichment-retreat\/?fl_builder&#038;fl_builder_ui_iframe#gf_10\">\n                        <label class='gfield_label gform-field-label' for='input_10_10'>LinkedIn<\/label><input name='input_10' id='input_10_10' type='text' value='' autocomplete='new-password'\/>Este campo tiene fines de validaci\u00f3n y no debe modificarse.<fieldset id=\"field_10_1\"><legend class='gfield_label gform-field-label gfield_label_before_complex'>Nombre*<\/legend>\n                                                    <select name='input_1.2' id='input_10_1_2'    aria-required='false'>\n                          <option value=''><\/option><option value='Mr.'>se\u00f1or.<\/option><option value='Mrs.'>Se\u00f1ora.<\/option><option value='Miss'>Pierda<\/option><option value='Ms.'>Em.<\/option><option value='Dr.'>Dr.<\/option><option value='Prof.'>Profe.<\/option><option value='Rev.'>Rvdo.<\/option>\n                      <\/select>\n                                                    <label for='input_10_1_2' class='gform-field-label gform-field-label--type-sub'>T\u00edtulo<\/label>\n                                                    <input type='text' name='input_1.3' id='input_10_1_3' value=''   aria-required='true'     \/>\n                                                    <label for='input_10_1_3' class='gform-field-label gform-field-label--type-sub'>Primero<\/label>\n                                                    <input type='text' name='input_1.6' id='input_10_1_6' value=''   aria-required='true'     \/>\n                                                    <label for='input_10_1_6' class='gform-field-label gform-field-label--type-sub'>\u00daltimo<\/label>\n                        <\/fieldset><label class='gfield_label gform-field-label' for='input_10_2'>Correo electr\u00f3nico*<\/label>\n                            <input name='input_2' id='input_10_2' type='email' value='' class='large'    aria-required=\"true\" aria-invalid=\"false\"  \/>\n                        <label class='gfield_label gform-field-label' for='input_10_8'>Tel\u00e9fono*<\/label><input name='input_8' id='input_10_8' type='tel' value='' class='large'   aria-required=\"true\" aria-invalid=\"false\"   \/><label class='gfield_label gform-field-label' for='input_10_9'>I am..*<\/label><select name='input_9' id='input_10_9' class='large gfield_select'    aria-required=\"true\" aria-invalid=\"false\"><option value='Transplant recipient'>Receptor de trasplante<\/option><option value='Transplant candidate'>Candidato a trasplante<\/option><option value='Caregiver to a transplant patient'>Cuidador de un paciente trasplantado<\/option><option value='Parent of a transplant patient under the age of 18'>Padre de un paciente de trasplante menor de 18 a\u00f1os<\/option><\/select><label class='gfield_label gform-field-label' for='input_10_7'>Transplant Date*<\/label>\n                            <input name='input_7' id='input_10_7' type='text' value='' class='datepicker gform-datepicker dmy datepicker_no_icon gdatepicker-no-icon'   placeholder='dd\/mm\/yyyy' aria-describedby=\"input_10_7_date_format\" aria-invalid=\"false\" aria-required=\"true\"\/>\n                            DD slash MM slash YYYY\n                        <input type='hidden' id='gforms_calendar_icon_input_10_7' class='gform_hidden' value='https:\/\/gatransplant.blackbaudwp.com\/wp-content\/plugins\/gravityforms\/images\/datepicker\/datepicker.svg'\/><label class='gfield_label gform-field-label' for='input_10_5'>CAPTCHA<\/label>\n         <input type='submit' id='gform_submit_button_10' class='gform_button button' onclick='gform.submission.handleButtonClick(this);' data-submission-type='submit' value='Enviar'  \/> <input type='hidden' name='gform_ajax' value='form_id=10&amp;title=&amp;description=&amp;tabindex=0&amp;theme=gravity-theme&amp;styles=[]&amp;hash=297662b7803c16e0d81cef21cde3e492' \/>\n            <input type='hidden' class='gform_hidden' name='gform_submission_method' data-js='gform_submission_method_10' value='iframe' \/>\n            <input type='hidden' class='gform_hidden' name='gform_theme' data-js='gform_theme_10' id='gform_theme_10' value='gravity-theme' \/>\n            <input type='hidden' class='gform_hidden' name='gform_style_settings' data-js='gform_style_settings_10' id='gform_style_settings_10' value='[]' \/>\n            <input type='hidden' class='gform_hidden' name='is_submit_10' value='1' \/>\n            <input type='hidden' class='gform_hidden' name='gform_submit' value='10' \/>\n            <input type='hidden' class='gform_hidden' name='gform_unique_id' value='' \/>\n            <input type='hidden' class='gform_hidden' name='state_10' value='WyJbXSIsIjQ2ZDIxYzhkOGRhYzAzNWExNmM2ZjRmNTMxNmRjODdiIl0=' \/>\n            <input type='hidden' autocomplete='off' class='gform_hidden' name='gform_target_page_number_10' id='gform_target_page_number_10' value='0' \/>\n            <input type='hidden' autocomplete='off' class='gform_hidden' name='gform_source_page_number_10' id='gform_source_page_number_10' value='1' \/>\n            <input type='hidden' name='gform_field_values' value='' \/>\n                        <input type=\"hidden\" name=\"trp-form-language\" value=\"es\"\/><\/form>\n\t\t                <iframe style='display:none;width:0px;height:0px;' src='about:blank' name='gform_ajax_frame_10' id='gform_ajax_frame_10' title='Este iframe contiene la l\u00f3gica necesaria para manejar Gravity Forms con tecnolog\u00eda Ajax.'><\/iframe>\n\t\t<h2>\n\t\t\tPATROCINADORES DE EVENTOS\n\t\t<\/h2>\n\t<strong>Apoyado por:<\/strong><em><br \/>\n<\/em>\n<p><img decoding=\"async\" src=\"https:\/\/gatransplant.blackbaudwp.com\/wp-content\/uploads\/2020\/10\/Just_Heart.jpg\" alt=\"\" width=\"232\" height=\"144\" \/><\/p>\n\t<p><strong>En alianza con:<\/strong><\/p>\n<p><img decoding=\"async\" src=\"https:\/\/gatransplant.blackbaudwp.com\/wp-content\/uploads\/2020\/10\/CHOA-logo1.png\" alt=\"\" width=\"147\" height=\"118\" \/><\/p>\n\t\t<h2>\n\t\t\tMapa e informaci\u00f3n adicional\n\t\t<\/h2>\n\t\t<h3>\n\t\t\tMeet the facilitator\n\t\t<\/h3>\n\t<p><img decoding=\"async\" src=\"https:\/\/gatransplant.blackbaudwp.com\/wp-content\/uploads\/2020\/10\/Jackson_Rainer.png\" alt=\"\" width=\"200\" height=\"300\" \/>Jackson Rainer, Ph.D., ABPP, is nationally known and respected as a psychotherapist, educator, author and expert in the areas of grief and bereavement, and end of life and palliative care. Dr. Rainer is a practicing psychologist at the Care and Counseling Center of Georgia.<\/p>\n<p><a href=\"#modal-5mbcjtlx0d2s\">Read Full Bio<\/a><\/p>\n\t\t<h4>\n\t\t\tModal Box\n\t\t\t\t\t\t\t&#8211; Bio Popup\n\t\t\t\t\t<\/h4>\n\t\t<h5>modal-<\/h5>\n\t\tHaga clic aqu\u00ed para editar la configuraci\u00f3n del &quot;cuadro modal&quot;. Este texto es solo para editar y no aparecer\u00e1 despu\u00e9s de publicar los cambios. Vista previa modal\n\t\t\t\t\t\t<p><img decoding=\"async\" src=\"https:\/\/gatransplant.blackbaudwp.com\/wp-content\/uploads\/2020\/10\/Jackson_Rainer.png\" alt=\"\" width=\"184\" height=\"276\" \/>Jackson Rainer, Ph.D., ABPP, psic\u00f3logo cl\u00ednico certificado por la junta, es conocido y respetado a nivel nacional como psicoterapeuta, educador, autor y experto en las \u00e1reas de duelo y duelo, final de la vida y cuidados paliativos. El Dr. Rainer es un psic\u00f3logo en ejercicio en el Care and Counseling Center of Georgia, Atlanta, Georgia. Ha ense\u00f1ado, consultado, supervisado y escrito sobre temas relacionados con la vida y la p\u00e9rdida, la muerte y el morir, y el dolor y el duelo durante m\u00e1s de 25 a\u00f1os. a\u00f1os en entornos multidisciplinarios de servicios sociales y salud mental. Mantiene una pr\u00e1ctica de psicoterapia activa que incluye asesoramiento sobre el duelo y consultas con individuos y familias en presencia de enfermedades debilitantes, cr\u00f3nicas y que amenazan la vida.<\/p>\n<p>Es el ex presidente de la Junta de Publicaciones de la Divisi\u00f3n 29, Psicoterapia, de la Asociaci\u00f3n Estadounidense de Psicolog\u00eda, est\u00e1 en las juntas editoriales y de publicaci\u00f3n de siete revistas de psicolog\u00eda y se desempe\u00f1a como Representante de Medios de la APA. Su investigaci\u00f3n aparece en revistas como Innovations in Clinical Practice y Journal of Clinical Psychology. El es el autor de\u00a0<em>La vida despu\u00e9s de la p\u00e9rdida: terapia y consejer\u00eda contempor\u00e1nea para el duelo<\/em>.<\/p>\n\t\t<h3>\n\t\t\tEvent Location\n\t\t<\/h3>\n\t<iframe src=\"https:\/\/www.google.com\/maps\/embed\/v1\/place?q=Epworth+By+The+Sea%0A100+Arthur+J+Moore+Dr%2C+St+Simons%2C+GA+31522&#038;key=AIzaSyD09zQ9PNDNNy9TadMuzRV_UsPUoWKntt8\" aria-hidden=\"true\"><\/iframe>\n\t\t<h2>\n\t\t\tGaler\u00eda de fotos\n\t\t<\/h2>\n\t\t\t\t<a\n\t\t\thref=\"https:\/\/gatransplant.blackbaudwp.com\/wp-content\/uploads\/2020\/10\/Couples-Weekend-21.jpg\"\n\t\t\t\t\t\tdata-fancybox=\"images\" \n\t\t\ttitle=\"Fin de semana de parejas 2 (1)\" \n\t\t\t\t\t\tdata-caption=\"\"\n\t\t\t\t\t\tdata-description=\"\" \n\t\t\titemprop=\"contentUrl\">\n\t\t\t<img decoding=\"async\" src=\"https:\/\/gatransplant.blackbaudwp.com\/wp-content\/uploads\/2020\/10\/Couples-Weekend-21-760x760.jpg\" alt=\"\" data-no-lazy=\"1\" itemprop=\"thumbnail\" width=\"760\" height=\"760\" \/>\n\t\t\t<!-- Overlay Wrapper -->\n\t\t\t <!-- Overlay Wrapper Closed -->\n\t\t\t\t<\/a>\n\t\t\t\t\t\t\t<meta itemprop=\"width\" content=\"760\" \/>\n\t\t\t<meta itemprop=\"height\" content=\"760\" \/>\n\t\t\t\t<a\n\t\t\thref=\"https:\/\/gatransplant.blackbaudwp.com\/wp-content\/uploads\/2020\/12\/Couples7.png\"\n\t\t\t\t\t\tdata-fancybox=\"images\" \n\t\t\ttitle=\"Parejas7\" \n\t\t\t\t\t\tdata-caption=\"\"\n\t\t\t\t\t\tdata-description=\"\" \n\t\t\titemprop=\"contentUrl\">\n\t\t\t<img decoding=\"async\" src=\"https:\/\/gatransplant.blackbaudwp.com\/wp-content\/uploads\/2020\/12\/Couples7-760x760.png\" alt=\"\" data-no-lazy=\"1\" itemprop=\"thumbnail\" width=\"760\" height=\"760\" \/>\n\t\t\t<!-- Overlay Wrapper -->\n\t\t\t <!-- Overlay Wrapper Closed -->\n\t\t\t\t<\/a>\n\t\t\t\t\t\t\t<meta itemprop=\"width\" content=\"760\" \/>\n\t\t\t<meta itemprop=\"height\" content=\"760\" \/>\n\t\t\t\t<a\n\t\t\thref=\"https:\/\/gatransplant.blackbaudwp.com\/wp-content\/uploads\/2020\/10\/Couples3.jpg\"\n\t\t\t\t\t\tdata-fancybox=\"images\" \n\t\t\ttitle=\"Parejas3\" \n\t\t\t\t\t\tdata-caption=\"\"\n\t\t\t\t\t\tdata-description=\"\" \n\t\t\titemprop=\"contentUrl\">\n\t\t\t<img decoding=\"async\" src=\"https:\/\/gatransplant.blackbaudwp.com\/wp-content\/uploads\/2020\/10\/Couples3-760x760.jpg\" alt=\"\" data-no-lazy=\"1\" itemprop=\"thumbnail\" width=\"760\" height=\"760\" \/>\n\t\t\t<!-- Overlay Wrapper -->\n\t\t\t <!-- Overlay Wrapper Closed -->\n\t\t\t\t<\/a>\n\t\t\t\t\t\t\t<meta itemprop=\"width\" content=\"760\" \/>\n\t\t\t<meta itemprop=\"height\" content=\"760\" \/>\n\t\t\t\t<a\n\t\t\thref=\"https:\/\/gatransplant.blackbaudwp.com\/wp-content\/uploads\/2020\/12\/Couples4-1.png\"\n\t\t\t\t\t\tdata-fancybox=\"images\" \n\t\t\ttitle=\"Parejas4\" \n\t\t\t\t\t\tdata-caption=\"\"\n\t\t\t\t\t\tdata-description=\"\" \n\t\t\titemprop=\"contentUrl\">\n\t\t\t<img decoding=\"async\" src=\"https:\/\/gatransplant.blackbaudwp.com\/wp-content\/uploads\/2020\/12\/Couples4-1-760x760.png\" alt=\"\" data-no-lazy=\"1\" itemprop=\"thumbnail\" width=\"760\" height=\"760\" \/>\n\t\t\t<!-- Overlay Wrapper -->\n\t\t\t <!-- Overlay Wrapper Closed -->\n\t\t\t\t<\/a>\n\t\t\t\t\t\t\t<meta itemprop=\"width\" content=\"760\" \/>\n\t\t\t<meta itemprop=\"height\" content=\"760\" \/>\n\t\t\t\t<a\n\t\t\thref=\"https:\/\/gatransplant.blackbaudwp.com\/wp-content\/uploads\/2020\/10\/Couples11.jpg\"\n\t\t\t\t\t\tdata-fancybox=\"images\" \n\t\t\ttitle=\"Parejas1 (1)\" \n\t\t\t\t\t\tdata-caption=\"\"\n\t\t\t\t\t\tdata-description=\"\" \n\t\t\titemprop=\"contentUrl\">\n\t\t\t<img decoding=\"async\" src=\"https:\/\/gatransplant.blackbaudwp.com\/wp-content\/uploads\/2020\/10\/Couples11-760x760.jpg\" alt=\"\" data-no-lazy=\"1\" itemprop=\"thumbnail\" width=\"760\" height=\"760\" \/>\n\t\t\t<!-- Overlay Wrapper -->\n\t\t\t <!-- Overlay Wrapper Closed -->\n\t\t\t\t<\/a>\n\t\t\t\t\t\t\t<meta itemprop=\"width\" content=\"760\" \/>\n\t\t\t<meta itemprop=\"height\" content=\"760\" \/>\n\t\t\t\t<a\n\t\t\thref=\"https:\/\/gatransplant.blackbaudwp.com\/wp-content\/uploads\/2020\/10\/Couples6.jpg\"\n\t\t\t\t\t\tdata-fancybox=\"images\" \n\t\t\ttitle=\"Parejas6\" \n\t\t\t\t\t\tdata-caption=\"\"\n\t\t\t\t\t\tdata-description=\"\" \n\t\t\titemprop=\"contentUrl\">\n\t\t\t<img decoding=\"async\" src=\"https:\/\/gatransplant.blackbaudwp.com\/wp-content\/uploads\/2020\/10\/Couples6-760x760.jpg\" alt=\"\" data-no-lazy=\"1\" itemprop=\"thumbnail\" width=\"760\" height=\"760\" \/>\n\t\t\t<!-- Overlay Wrapper -->\n\t\t\t <!-- Overlay Wrapper Closed -->\n\t\t\t\t<\/a>\n\t\t\t\t\t\t\t<meta itemprop=\"width\" content=\"760\" \/>\n\t\t\t<meta itemprop=\"height\" content=\"760\" \/>\n\t\t\t\t<a\n\t\t\thref=\"https:\/\/gatransplant.blackbaudwp.com\/wp-content\/uploads\/2020\/10\/Couples9.jpg\"\n\t\t\t\t\t\tdata-fancybox=\"images\" \n\t\t\ttitle=\"Parejas9\" \n\t\t\t\t\t\tdata-caption=\"\"\n\t\t\t\t\t\tdata-description=\"\" \n\t\t\titemprop=\"contentUrl\">\n\t\t\t<img decoding=\"async\" src=\"https:\/\/gatransplant.blackbaudwp.com\/wp-content\/uploads\/2020\/10\/Couples9-760x760.jpg\" alt=\"\" data-no-lazy=\"1\" itemprop=\"thumbnail\" width=\"760\" height=\"760\" \/>\n\t\t\t<!-- Overlay Wrapper -->\n\t\t\t <!-- Overlay Wrapper Closed -->\n\t\t\t\t<\/a>\n\t\t\t\t\t\t\t<meta itemprop=\"width\" content=\"760\" \/>\n\t\t\t<meta itemprop=\"height\" content=\"760\" \/>\n\t\t\t\t<a\n\t\t\thref=\"https:\/\/gatransplant.blackbaudwp.com\/wp-content\/uploads\/2020\/10\/Couples5.jpg\"\n\t\t\t\t\t\tdata-fancybox=\"images\" \n\t\t\ttitle=\"Parejas5\" \n\t\t\t\t\t\tdata-caption=\"\"\n\t\t\t\t\t\tdata-description=\"\" \n\t\t\titemprop=\"contentUrl\">\n\t\t\t<img decoding=\"async\" src=\"https:\/\/gatransplant.blackbaudwp.com\/wp-content\/uploads\/2020\/10\/Couples5-760x760.jpg\" alt=\"\" data-no-lazy=\"1\" itemprop=\"thumbnail\" width=\"760\" height=\"760\" \/>\n\t\t\t<!-- Overlay Wrapper -->\n\t\t\t <!-- Overlay Wrapper Closed -->\n\t\t\t\t<\/a>\n\t\t\t\t\t\t\t<meta itemprop=\"width\" content=\"760\" \/>\n\t\t\t<meta itemprop=\"height\" content=\"760\" \/>","protected":false},"excerpt":{"rendered":"<p>El retiro de enriquecimiento de la pareja, &quot;Un paso juntos&quot;, es para los receptores de trasplantes y sus c\u00f3nyuges \/ seres queridos.<\/p>","protected":false},"author":43,"featured_media":973,"parent":6842,"menu_order":34,"comment_status":"closed","ping_status":"closed","template":"","meta":{"_acf_changed":false,"_monsterinsights_skip_tracking":false,"_monsterinsights_sitenote_active":false,"_monsterinsights_sitenote_note":"","_monsterinsights_sitenote_category":0,"footnotes":""},"class_list":["post-6858","page","type-page","status-publish","has-post-thumbnail","hentry"],"acf":[],"aioseo_notices":[],"_links":{"self":[{"href":"https:\/\/gatransplant.blackbaudwp.com\/es\/wp-json\/wp\/v2\/pages\/6858","targetHints":{"allow":["GET"]}}],"collection":[{"href":"https:\/\/gatransplant.blackbaudwp.com\/es\/wp-json\/wp\/v2\/pages"}],"about":[{"href":"https:\/\/gatransplant.blackbaudwp.com\/es\/wp-json\/wp\/v2\/types\/page"}],"author":[{"embeddable":true,"href":"https:\/\/gatransplant.blackbaudwp.com\/es\/wp-json\/wp\/v2\/users\/43"}],"replies":[{"embeddable":true,"href":"https:\/\/gatransplant.blackbaudwp.com\/es\/wp-json\/wp\/v2\/comments?post=6858"}],"version-history":[{"count":11,"href":"https:\/\/gatransplant.blackbaudwp.com\/es\/wp-json\/wp\/v2\/pages\/6858\/revisions"}],"predecessor-version":[{"id":62609,"href":"https:\/\/gatransplant.blackbaudwp.com\/es\/wp-json\/wp\/v2\/pages\/6858\/revisions\/62609"}],"up":[{"embeddable":true,"href":"https:\/\/gatransplant.blackbaudwp.com\/es\/wp-json\/wp\/v2\/pages\/6842"}],"wp:featuredmedia":[{"embeddable":true,"href":"https:\/\/gatransplant.blackbaudwp.com\/es\/wp-json\/wp\/v2\/media\/973"}],"wp:attachment":[{"href":"https:\/\/gatransplant.blackbaudwp.com\/es\/wp-json\/wp\/v2\/media?parent=6858"}],"curies":[{"name":"wp","href":"https:\/\/api.w.org\/{rel}","templated":true}]}}