{"id":6857,"date":"2020-06-22T17:38:49","date_gmt":"2020-06-22T21:38:49","guid":{"rendered":"https:\/\/gatransplant.org\/our-programs\/education-community-programs\/trends-in-transplant\/"},"modified":"2025-09-09T11:14:51","modified_gmt":"2025-09-09T15:14:51","slug":"trends-in-transplant","status":"publish","type":"page","link":"https:\/\/gatransplant.blackbaudwp.com\/es\/our-programs\/education-community-programs\/trends-in-transplant\/","title":{"rendered":"Tendencias en trasplantes"},"content":{"rendered":"<h1>\n\t\t\tTrends In Transplant\n\t\t\t\t\t\t\t\t\t\t\t(TNT) Conferences\n\t\t<\/h1>\n\t\t<h2>\n\t\t\tTransplant-related resources and education\n\t\t<\/h2>\n\t\t\t<h3>Como organizaci\u00f3n estatal, nuestro objetivo es ofrecer servicios a cada paciente y familia de trasplantes en Georgia.<\/h3><p>With that in mind, GTF developed the Trends in Transplant (TNT) Conferences to bring transplant-related resources and education to all areas of Georgia. Each year, the program offers new topics specifically of interest to pre- and post-transplant patients.Typically at a TNT conference, transplant physicians and medical experts offer seminars on topics such as: <em>Navegando por el bienestar del trasplante, mantenimiento del cuidado de la piel, viaje del trasplante: una perspectiva del paciente<\/em>, y m\u00e1s. El personal de GTF tambi\u00e9n proporciona informaci\u00f3n sobre la recaudaci\u00f3n de fondos previa al trasplante, ofreciendo consejos a los candidatos que buscan recaudar fondos en sus comunidades para sus necesidades posteriores al trasplante. Adem\u00e1s, brinda una oportunidad para establecer contactos, lo que permiti\u00f3 a los asistentes conectarse con otros receptores de trasplantes que viven en sus comunidades. La entrada a una conferencia de TNT es gratuita para usted y un invitado e incluye el almuerzo.<\/p>\t\t\n\t\t<h2>\n\t\t\tUPCOMING TNT&#8217;S\n\t\t<\/h2>\n\t\t\t<p>Click on an upcoming TNT below for more information and to register<\/p>","protected":false},"excerpt":{"rendered":"<p>GTF desarroll\u00f3 las Conferencias de Tendencias en Trasplantes para llevar recursos y educaci\u00f3n relacionados con el trasplante a todas las \u00e1reas de Georgia.<\/p>","protected":false},"author":43,"featured_media":7975,"parent":6842,"menu_order":33,"comment_status":"closed","ping_status":"closed","template":"","meta":{"_acf_changed":false,"_monsterinsights_skip_tracking":false,"_monsterinsights_sitenote_active":false,"_monsterinsights_sitenote_note":"","_monsterinsights_sitenote_category":0,"footnotes":""},"class_list":["post-6857","page","type-page","status-publish","has-post-thumbnail","hentry"],"acf":[],"aioseo_notices":[],"_links":{"self":[{"href":"https:\/\/gatransplant.blackbaudwp.com\/es\/wp-json\/wp\/v2\/pages\/6857","targetHints":{"allow":["GET"]}}],"collection":[{"href":"https:\/\/gatransplant.blackbaudwp.com\/es\/wp-json\/wp\/v2\/pages"}],"about":[{"href":"https:\/\/gatransplant.blackbaudwp.com\/es\/wp-json\/wp\/v2\/types\/page"}],"author":[{"embeddable":true,"href":"https:\/\/gatransplant.blackbaudwp.com\/es\/wp-json\/wp\/v2\/users\/43"}],"replies":[{"embeddable":true,"href":"https:\/\/gatransplant.blackbaudwp.com\/es\/wp-json\/wp\/v2\/comments?post=6857"}],"version-history":[{"count":5,"href":"https:\/\/gatransplant.blackbaudwp.com\/es\/wp-json\/wp\/v2\/pages\/6857\/revisions"}],"predecessor-version":[{"id":62561,"href":"https:\/\/gatransplant.blackbaudwp.com\/es\/wp-json\/wp\/v2\/pages\/6857\/revisions\/62561"}],"up":[{"embeddable":true,"href":"https:\/\/gatransplant.blackbaudwp.com\/es\/wp-json\/wp\/v2\/pages\/6842"}],"wp:featuredmedia":[{"embeddable":true,"href":"https:\/\/gatransplant.blackbaudwp.com\/es\/wp-json\/wp\/v2\/media\/7975"}],"wp:attachment":[{"href":"https:\/\/gatransplant.blackbaudwp.com\/es\/wp-json\/wp\/v2\/media?parent=6857"}],"curies":[{"name":"wp","href":"https:\/\/api.w.org\/{rel}","templated":true}]}}