{"id":6855,"date":"2020-06-22T17:38:49","date_gmt":"2020-06-22T21:38:49","guid":{"rendered":"https:\/\/gatransplant.org\/our-programs\/education-community-programs\/jumpstart-program\/"},"modified":"2025-12-19T11:50:04","modified_gmt":"2025-12-19T16:50:04","slug":"jumpstart-program","status":"publish","type":"page","link":"https:\/\/gatransplant.blackbaudwp.com\/es\/our-programs\/education-community-programs\/jumpstart-program\/","title":{"rendered":"Programa JumpStart"},"content":{"rendered":"<a href=\"#services\" target=\"_self\">\n\t\t\t\t\t\t\tServices\n\t\t\t<\/a>\n\t\t\t<a href=\"#howto\" target=\"_self\">\n\t\t\t\t\t\t\tHow To Apply\n\t\t\t<\/a>\n\t\t\t<a href=\"#guidelines\" target=\"_self\">\n\t\t\t\t\t\t\tGuidelines\n\t\t\t<\/a>\n\t\t\t<a href=\"https:\/\/gatransplant.blackbaudwp.com\/es\/our-programs\/transplant-fundraising-program\/tfp-application\/\" target=\"_self\">\n\t\t\t\t\t\t\tAplica ya\n\t\t\t<\/a>\n\t<a href=\"#\" id=\"trigger-\" role=\"button\" data-modal=\"\" data-node=\"\">\n\t\t\t\t\t<\/a>\n\t\t\t\t\t\tVista previa modal\n\t\t\t\t\t\t<iframe width=\"960\" height=\"715\" src=\"https:\/\/www.youtube.com\/embed\/gtnYZcxzAEE\" frameborder=\"0\" allow=\"accelerometer; autoplay; clipboard-write; encrypted-media; gyroscope; picture-in-picture\" allowfullscreen><\/iframe>\t\t\t\t\t\n\t<p>Descripci\u00f3n general del video del programa JumpStart<\/p>\n\t\t<h1>\n\t\t\tJumpstart Program\n\t\t<\/h1>\n\t\t\t<p>JumpStart es un servicio de empleo y desarrollo profesional disponible para cualquier receptor de trasplante, candidato, padre de un ni\u00f1o trasplantado, c\u00f3nyuge \/ pareja o donante vivo. Los asesores de JumpStart trabajan individualmente con los clientes para determinar sus necesidades, habilidades y ayudarlos a encontrar el empleo adecuado.<\/p>\n<p><a href=\"#\">Aplica ya<\/a><\/p>\n\t\t\t\t\t\t\t\t\t\t<p>Despu\u00e9s de recibir mi trasplante de coraz\u00f3n, me inscrib\u00ed en el programa JumpStart y recib\u00ed apoyo financiero para tomar clases de asistente de enfermer\u00eda certificado. Ahora, tengo una carrera que nunca hubiera podido lograr sin el Programa JumpStart y la asistencia de GTF.<\/p>\n\t\t\t\t\t\t\t\t\t<h3>&#8211; Sherry C, Heart Transplant Recipient<\/h3>\n\t<!-- \/.pp-testimonials -->\n\t\t<h2>\n\t\t\temployment and career development services\n\t\t<\/h2>\n\t\t\t<p><strong>Dado que los beneficios de atenci\u00f3n m\u00e9dica son un factor principal para el bienestar posterior al trasplante, JumpStart hace todo lo posible para ayudar a los clientes a satisfacer sus necesidades de seguro mediante el empleo de tiempo completo.\u00a0<\/strong>Adem\u00e1s, el programa puede ayudar a los clientes con el trabajo a tiempo parcial mientras mantiene sus beneficios del Seguro Social.<\/p>\t\t\n\t\t<h3>\n\t\t\tservices Provided\n\t\t<\/h3>\n\t<ul>\n<li>Identificar opciones profesionales.<\/li>\n<li>Definici\u00f3n de objetivos de b\u00fasqueda de empleo.<\/li>\n<li>Identificar habilidades transferibles para permitir la transici\u00f3n a un nuevo campo de trabajo.<\/li>\n<li>Informaci\u00f3n sobre la Ley de Estadounidenses con Discapacidades y protecci\u00f3n contra modificaciones en el lugar de trabajo.<\/li>\n<\/ul>\n\t<ul>\n<li>Se asocia con el Departamento de Servicios de Rehabilitaci\u00f3n Laboral.<\/li>\n<li>An\u00e1lisis de habilidades previas al empleo.<\/li>\n<li>Oportunidades de formaci\u00f3n en el trabajo.<\/li>\n<li>Preparaci\u00f3n para el trabajo: preparaci\u00f3n para el proceso de entrevista (curr\u00edculum y habilidades para la entrevista).<\/li>\n<\/ul>\n\t<ul>\n<li>Asesoramiento personalizado para ayudar a iniciar una b\u00fasqueda de empleo exitosa.<\/li>\n<li>Remisi\u00f3n a programas educativos y capacitaci\u00f3n.<\/li>\n<li>Navegar por los incentivos laborales de la Administraci\u00f3n del Seguro Social.<\/li>\n<li>Utilizando herramientas de evaluaci\u00f3n de habilidades.<\/li>\n<\/ul>\n\t\t<h3>\n\t\t\tServicios de carrera\n\t\t<\/h3>\n\t\t\t\tAsociaciones estrat\u00e9gicas\n\t\t\t\t\t<p>JumpStart se asocia con la Agencia de Rehabilitaci\u00f3n Vocacional de Georgia y recursos comunitarios que brindan informaci\u00f3n sobre seguro m\u00e9dico, beneficios del Seguro Social, asistencia del gobierno y necesidades legales. El programa tambi\u00e9n ofrece a los clientes referencias a recursos educativos y de capacitaci\u00f3n a corto plazo en \u00e1reas como habilidades inform\u00e1ticas, servicio al cliente y preparaci\u00f3n de impuestos sobre la renta.<\/p>\n\t\t\t\tEducation &#038; Training\n\t\t\t\t\t<p>Referrals to educational resources and training are a vital service offered to JumpStart clients. During the assessment phase, the career counselor determines the clients&#8217; need for education or training to prepare them for job placement and for a lifetime of career opportunities. The education and training assessment may include:<\/p>\n<ul>\n<li>Descubriendo opciones profesionales.<\/li>\n<li>Completing skills assessment tools to match the client&#8217;s interests.<\/li>\n<li>Identificar competencias transferibles que permitan la transici\u00f3n a un nuevo campo de trabajo.<\/li>\n<li>Realizaci\u00f3n de una encuesta del mercado laboral para investigar los salarios y los requisitos educativos.<\/li>\n<\/ul>\n\t\t\t\tOportunidades de aprendizaje\n\t\t\t\t\t<p>Through JumpStart&#8217;s Apprenticeship Program, clients have the opportunity to receive hands-on experience in a variety of skilled and non-skilled work settings by connecting with community resources and strategic partnership organizations that provide free training. This program is intended to reinforce the competitive strength of client&#8217;s resumes and work skills by making them more marketable through short-term training placements, and improving their overall opportunity to receive permanent employment.<\/p>\n<p>JumpStart&#8217;s apprentices may be employed by the organization or may be engaged as an independent contractor.\u00a0Apprenticeships are based on the need for:<\/p>\n<ul>\n<li>En el trabajo de formaci\u00f3n.<\/li>\n<li>Adquirir un nuevo conjunto de habilidades.<\/li>\n<li>Experiencia laboral.<\/li>\n<li>Generar confianza y una transici\u00f3n fluida de regreso al trabajo.<\/li>\n<li>Actualizaci\u00f3n del curr\u00edculum con el historial laboral actual.<\/li>\n<\/ul>\n<p><em>Tenga en cuenta: las oportunidades de formaci\u00f3n y aprendizaje se subcontratan a trav\u00e9s de nuestras asociaciones estrat\u00e9gicas y recursos comunitarios. JumpStart no ofrece capacitaci\u00f3n en las instalaciones de Georgia Transplant Foundation.<\/em><\/p>\n\t\t\t\tTaller Hoja de ruta hacia el \u00e9xito\n\t\t\t\t\t<p>The JumpStart Program holds workshops that are uniquely tailored for the organ transplant recipients entering or reentering the workforce for today&#8217;s job market. These workshops are very informative and interactive, and you go away with preparations plus connections to have a successful job search. Additionally, they feature a hands-on computer training class for instruction on\u00a0<em>C\u00f3mo encontrar trabajo en l\u00ednea<\/em>.<\/p>\n<p>Check out our calendar of events to view our upcoming workshops. <strong>To register or for questions, email <a href=\"mailto:jumpstart@gatransplant.org\">jumpstart@gatransplant.org<\/a>.<\/strong><\/p>\n\t\t\t\tRecursos en l\u00ednea\n\t\t\t\t\t<h4>Educaci\u00f3n y entrenamiento<\/h4>\n<ul>\n<li><a href=\"http:\/\/www.usg.edu\" target=\"_blank\" rel=\"noopener\">Georgia&#8217;s colleges and universities<\/a><\/li>\n<li><a href=\"http:\/\/gacollege411.org\/\" target=\"_blank\" rel=\"noopener\">Consejos universitarios y tendencias laborales en Georgia<\/a><\/li>\n<li><a href=\"http:\/\/www.dtae.org\" target=\"_blank\" rel=\"noopener\">Georgia Dept. of Technical and Adult Education<\/a> (Oversees the state&#8217;s system of education colleges, the adult literacy program and a host of economic and workforce development programs)<\/li>\n<li><a href=\"http:\/\/www.doleta.gov\/\" target=\"_blank\" rel=\"noopener\">Employment &amp; Training Administration<\/a> (Training opportunities)<\/li>\n<li><a href=\"http:\/\/www.gvtc.org\" target=\"_blank\" rel=\"noopener\">Colegio T\u00e9cnico Virtual de Georgia<\/a><\/li>\n<li>Sistema de colegios t\u00e9cnicos de Georgia (descripci\u00f3n general de GED)<\/li>\n<\/ul>\n<h4>Asistencia del gobierno<\/h4>\n<ul>\n<li><a href=\"http:\/\/www.medicare.gov\" target=\"_blank\" rel=\"noopener\">Seguro m\u00e9dico del estado<\/a><\/li>\n<li><a href=\"http:\/\/gvra.georgia.gov\" target=\"_blank\" rel=\"noopener\">Georgia Vocational Rehabilitation Agency<\/a> (Assisting people with disabilities to work)<\/li>\n<li><a href=\"http:\/\/www.eeoc.gov\" target=\"_blank\" rel=\"noopener\">Equal Employment Opportunity Commission<\/a> (Access to laws, regulations, guidance and local office contact)<\/li>\n<li><a href=\"http:\/\/www.benefitsnavigator.org\" target=\"_blank\" rel=\"noopener\">Benefits Navigator Project<\/a> (Information about how work will affect your Social Security Disability Income (SSDI) and your Supplemental Security Income (SSI))<\/li>\n<li><a href=\"http:\/\/www.ssa.gov\" target=\"_blank\" rel=\"noopener\">Social Security Administration<\/a> (Full-service contact link for benefits, direct answers and information)<\/li>\n<li><a href=\"http:\/\/www.yourtickettowork.com\" target=\"_blank\" rel=\"noopener\">Ticket to Work<\/a> (Provides most people receiving Social Security Benefits more choices for receiving employment services)<\/li>\n<li><a href=\"http:\/\/www.dol.gov\/\" target=\"_blank\" rel=\"noopener\">S. Dept. of Labor<\/a> (Job and Training resources)<\/li>\n<\/ul>\n<h4>Empleo<\/h4>\n<ul>\n<li><a href=\"http:\/\/www.dol.state.ga.us\/js\/replace\/chapter05.htm\" target=\"_blank\" rel=\"noopener\">Georgia Dept. of Labor<\/a> (Includes information for job seekers, employers, news, regulations, statistics, and contacts.)<\/li>\n<li><a href=\"http:\/\/www.dressforsuccess.org\" target=\"_blank\" rel=\"noopener\">Dress for Success<\/a> (Provides interview suits, confidence boosts, career development to low-income women.)<\/li>\n<li><a href=\"http:\/\/www.goodwill.org\" target=\"_blank\" rel=\"noopener\">Goodwill<\/a> (Provides job training and employment opportunities for people with disabilities and disadvantages.)<\/li>\n<li><a href=\"http:\/\/www.careerbuilder.com\" target=\"_blank\" rel=\"noopener\">CareerBuilder<\/a> (Allows the user to search by category of job.)<\/li>\n<li><a href=\"http:\/\/experienceworks.org\" target=\"_blank\" rel=\"noopener\">Experience Works<\/a> (Senior workforce services.)<\/li>\n<li><a href=\"http:\/\/insurancequotes.org\/health-insurance\" target=\"_blank\" rel=\"noopener\">Insurance Quotes<\/a> (Health Insurance Resources)<\/li>\n<\/ul>\n\t<p><em>Si bien JumpStart no es un servicio de colocaci\u00f3n, proporciona a los clientes las herramientas necesarias para prepararlos para el empleo. Todos los servicios est\u00e1n personalizados para la comunidad de trasplantes de \u00f3rganos y est\u00e1n dise\u00f1ados para satisfacer las necesidades espec\u00edficas y el nivel profesional de cada cliente.<\/em><\/p>\n\t\t<h2>\n\t\t\tHow To Apply\n\t\t<\/h2>\n\t\t<h3>\n\t\t\tStep 1.\n\t\t\t\t\t\t\t\t\t\t\tConfirm Eligibility\n\t\t<\/h3>\n\t\t\t<ul><li>Ser residente de Georgia.<\/li><li>Al menos 16 a\u00f1os.<\/li><li>Cumplir con uno de los siguientes criterios:<ul><li>Ser un receptor de trasplante de \u00f3rganos.<\/li><li>Candidato a trasplante de \u00f3rganos incluido en la lista de UNOS.<\/li><li>El c\u00f3nyuge de un candidato o receptor de trasplante.<\/li><li>El padre de un ni\u00f1o trasplantado menor de 21 a\u00f1os.<\/li><\/ul><\/li><\/ul>\t\t\n\t\t<h3>\n\t\t\tStep 2.\n\t\t\t\t\t\t\t\t\t\t\tComplete Referral Form\n\t\t<\/h3>\n\t\t\t<ul><li>Para comenzar el proceso de solicitud, complete el <strong>Formulario de referencia<\/strong><\/li><li><strong><a href=\"#options\">See Form Options for more details<\/a><\/strong><\/li><\/ul>\t\t\n\t\t<h3>\n\t\t\tStep 3.\n\t\t\t\t\t\t\t\t\t\t\tSpeak with a career counselor\n\t\t<\/h3>\n\t\t\t<p>After you&#8217;ve submitted the referral form, a career counselor will be in touch with you to begin the process and to answer your questions.<\/p>\t\t\n\t\t<h3>\n\t\t\tHave Questions?\n\t\t<\/h3>\n\t\t\t<p>We&#8217;re happy to answer any questions you have about our Academic Scholarships.<\/p>\t\t\n\t\t\t<a href=\"tel:770-457-3796\" target=\"_self\">\n\t\t\t\t\t\tCall: 770-457-3796\t\t\t\t\t\n\t\t<\/a>\n\t\t\t<a href=\"mailto:GTF@gatransplant.org\" target=\"_self\">\n\t\t\t\t\t\tEmail: GTF@gatransplant.org\t\t\t\t\t\n\t\t<\/a>\n\t\t<h2>\n\t\t\tReferral Options\n\t\t<\/h2>\n\t\t<h3>\n\t\t\tOnline\n\t\t<\/h3>\n\t\t\t<p>Use our online form to submit your referral form<a href=\"#\">Aplica ya<\/a><\/p>\t\t\n\t\t<h3>\n\t\t\tMail\n\t\t<\/h3>\n\t\t\t<p><a href=\"https:\/\/gatransplant.org\/wp-content\/uploads\/2020\/10\/JumpStart_Enrollment_Form.pdf\" target=\"_blank\" rel=\"noopener\">Download<\/a>, fill out and mail your referral form to:Georgia Transplant Foundation<br \/>Attn: Programa JumpStart<br \/>2201 Macy Drive<br \/>Roswell, GA 30076<\/p>","protected":false},"excerpt":{"rendered":"<p>JumpStart es un servicio de desarrollo laboral y profesional disponible para la comunidad de trasplantes. Los asesores de JumpStart trabajan individualmente con los clientes para determinar sus necesidades, habilidades y ayudarlos a encontrar el empleo adecuado.<\/p>","protected":false},"author":43,"featured_media":8226,"parent":6842,"menu_order":31,"comment_status":"closed","ping_status":"closed","template":"","meta":{"_acf_changed":false,"_monsterinsights_skip_tracking":false,"_monsterinsights_sitenote_active":false,"_monsterinsights_sitenote_note":"","_monsterinsights_sitenote_category":0,"footnotes":""},"class_list":["post-6855","page","type-page","status-publish","has-post-thumbnail","hentry"],"acf":[],"aioseo_notices":[],"_links":{"self":[{"href":"https:\/\/gatransplant.blackbaudwp.com\/es\/wp-json\/wp\/v2\/pages\/6855","targetHints":{"allow":["GET"]}}],"collection":[{"href":"https:\/\/gatransplant.blackbaudwp.com\/es\/wp-json\/wp\/v2\/pages"}],"about":[{"href":"https:\/\/gatransplant.blackbaudwp.com\/es\/wp-json\/wp\/v2\/types\/page"}],"author":[{"embeddable":true,"href":"https:\/\/gatransplant.blackbaudwp.com\/es\/wp-json\/wp\/v2\/users\/43"}],"replies":[{"embeddable":true,"href":"https:\/\/gatransplant.blackbaudwp.com\/es\/wp-json\/wp\/v2\/comments?post=6855"}],"version-history":[{"count":9,"href":"https:\/\/gatransplant.blackbaudwp.com\/es\/wp-json\/wp\/v2\/pages\/6855\/revisions"}],"predecessor-version":[{"id":62602,"href":"https:\/\/gatransplant.blackbaudwp.com\/es\/wp-json\/wp\/v2\/pages\/6855\/revisions\/62602"}],"up":[{"embeddable":true,"href":"https:\/\/gatransplant.blackbaudwp.com\/es\/wp-json\/wp\/v2\/pages\/6842"}],"wp:featuredmedia":[{"embeddable":true,"href":"https:\/\/gatransplant.blackbaudwp.com\/es\/wp-json\/wp\/v2\/media\/8226"}],"wp:attachment":[{"href":"https:\/\/gatransplant.blackbaudwp.com\/es\/wp-json\/wp\/v2\/media?parent=6855"}],"curies":[{"name":"wp","href":"https:\/\/api.w.org\/{rel}","templated":true}]}}