{"id":6854,"date":"2020-06-22T17:38:49","date_gmt":"2020-06-22T21:38:49","guid":{"rendered":"https:\/\/gatransplant.org\/our-programs\/education-community-programs\/academic-scholarships\/"},"modified":"2025-09-22T16:44:06","modified_gmt":"2025-09-22T20:44:06","slug":"academic-scholarships","status":"publish","type":"page","link":"https:\/\/gatransplant.blackbaudwp.com\/es\/our-programs\/education-community-programs\/academic-scholarships\/","title":{"rendered":"Becas acad\u00e9micas"},"content":{"rendered":"<h1>\n\t\t\tBecas acad\u00e9micas\n\t\t<\/h1>\n\t\t\t<p>Realizing that organ transplantation poses financial hardships on the entire family, the Georgia Transplant Foundation annually awards academic scholarships to selected students who are organ transplant recipients, dependents of an organ transplant recipient, living donors, parents or the sibling of an organ transplant recipient under the age of 22. The scholarships are awarded to students who are presently enrolled in an accredited institution or beginning such a program.<a href=\"https:\/\/gatransplant.blackbaudwp.com\/es\/our-programs\/education-community-programs\/academic-scholarships\/as-application\/\">Aplica ya<\/a><\/p>\t\t\n\t\t\t<a href=\"#types\" target=\"_self\">\n\t\t\t\t\t\t\tAvailable Scholarships\n\t\t\t<\/a>\n\t\t\t<a href=\"#howto\" target=\"_self\">\n\t\t\t\t\t\t\tHow To Apply\n\t\t\t<\/a>\n\t\t\t<a href=\"#guidelines\" target=\"_self\">\n\t\t\t\t\t\t\tGuidelines\n\t\t\t<\/a>\n\t\t\t<a href=\"https:\/\/gatransplant.blackbaudwp.com\/es\/our-programs\/education-community-programs\/academic-scholarships\/as-application\/\" target=\"_self\">\n\t\t\t\t\t\t\tAplica ya\n\t\t\t<\/a>\n\t\t\t\t\t\t\t\t\t\t<p>Seguir los pasos de los m\u00e9dicos que se convirtieron en los salvadores de mi hermano peque\u00f1o es la raz\u00f3n por la que me esfuerzo por tener \u00e9xito en la escuela. La beca GTF me ayudar\u00e1 a comenzar mi pr\u00f3ximo cap\u00edtulo de mi aventura en la b\u00fasqueda de un t\u00edtulo de m\u00e9dico. Con este apoyo financiero, podr\u00e9 brindarle a mi familia la esperanza de un futuro mejor.<\/p>\n\t\t\t\t\t\t\t\t\t<h3>-James P, hermano de un receptor de trasplante de h\u00edgado<\/h3>\n\t<!-- \/.pp-testimonials -->\n\t\t<h2>\n\t\t\tBecas\n\t\t<\/h2>\n\t\t\t<p>Las becas son por un monto de $1,000 y son renovables por un per\u00edodo de hasta cuatro a\u00f1os (a menos que se indique lo contrario) seg\u00fan los requisitos del programa educativo y si contin\u00faan cumpliendo con los requisitos de grado.<\/p>\t\t\n\t\t<h3>\n\t\t\tTypes of Scholarships and Availability:\n\t\t<\/h3>\n\t\t\t\tOrgan transplant recipient\n\t\t\t\t\t<p><strong>Beca destinataria Thomas F. Smith<\/strong>\u00a0se otorga a un receptor de trasplante en honor a Thomas F. Smith. El Sr. Smith, un receptor de ri\u00f1\u00f3n, fund\u00f3 la Georgia Transplant Foundation en 1992.<\/p>\n<p><strong>Beca Mallory Smith Legacy<\/strong>\u00a0se otorga a un receptor de trasplante o un dependiente. Esta beca fue otorgada por la familia Smith en memoria de Mallory Smith, dos veces receptora de h\u00edgado, animadora y mentora.<\/p>\n<p><strong>Beca en memoria de Michael Calkins<\/strong>\u00a0se otorga a un receptor de trasplante, dependiente o hermano de un ni\u00f1o trasplantado. Honra la perseverancia exhibida por los afectados por el trasplante; que superan la enfermedad y sus m\u00faltiples ataduras para seguir una educaci\u00f3n que les permita desarrollarse intelectual, emocional y f\u00edsicamente.<\/p>\n<p><strong>Daly &#8220;Perfect Match&#8221; Scholarship\u00a0<\/strong>is awarded to a transplant recipient, dependent or sibling of a transplanted child. This scholarship was established in honor of Mrs. Daly&#8217;s successful kidney transplant from her &#8220;perfect match&#8221; donor, Mr. Daly. The Daly family wants to honor other transplant patients and families by providing this scholarship for a deserving applicant.<\/p>\n<p><strong>Beca Donate Life Georgia<\/strong>\u00a0honra a las familias de donantes sin las cuales el trasplante no ser\u00eda posible. Se otorga a un miembro de la familia donante de \u00f3rganos, un receptor de \u00f3rganos o el dependiente de un receptor de \u00f3rganos que asiste a una universidad en el estado de Georgia. Esta beca fue creada por Donate Life Georgia, una alianza estatal formada para educar al p\u00fablico sobre la donaci\u00f3n de \u00f3rganos, tejidos y ojos cuya misi\u00f3n es ayudar a movilizar a la comunidad de trasplantes para educar a los georgianos sobre la necesidad de la donaci\u00f3n de \u00f3rganos, ojos y tejidos y para motivar al p\u00fablico a hacer una designaci\u00f3n de donante procesable. Para obtener m\u00e1s informaci\u00f3n sobre Donate Life Georgia, visite\u00a0<a href=\"https:\/\/www.donatelifegeorgia.org\/\" target=\"_blank\" rel=\"noopener\">DonateLifeGeorgia.org<\/a>.<\/p>\n<p><strong>Cap\u00edtulo de Georgia de la beca de la Sociedad Internacional de Enfermeras de Trasplantes<\/strong>\u00a0es una beca de un a\u00f1o para apoyar a un solicitante, en las categor\u00edas anteriores, que est\u00e9 interesado en obtener un t\u00edtulo en atenci\u00f3n m\u00e9dica. Esta beca est\u00e1 patrocinada por el Cap\u00edtulo ITNS de Georgia.<\/p>\n<p><strong>Chelsea Long Memorial Scholarship<\/strong>\u00a0is awarded to a transplant recipient in memory of Chelsea Long, a two-time kidney transplant recipient, animal lover, and aspiring nurse. Chelsea&#8217;s family and friends have permanently endowed this scholarship to ensure that her legacy will support other transplant recipients as they pursue their own wild, weird, and wonderful dreams.<\/p>\n\t\t\t\tDependent of an organ transplant recipient\n\t\t\t\t\t<p><strong>Beca destinataria Thomas F. Smith<\/strong>\u00a0se otorga a un receptor de trasplante en honor a Thomas F. Smith. El Sr. Smith, un receptor de ri\u00f1\u00f3n, fund\u00f3 la Georgia Transplant Foundation en 1992.<\/p>\n<p><strong>Beca en memoria de Michael Calkins<\/strong>\u00a0se otorga a un receptor de trasplante, dependiente o hermano de un ni\u00f1o trasplantado. Honra la perseverancia exhibida por los afectados por el trasplante; que superan la enfermedad y sus m\u00faltiples ataduras para seguir una educaci\u00f3n que les permita desarrollarse intelectual, emocional y f\u00edsicamente.<\/p>\n<p><strong>Daly &#8220;Perfect Match&#8221; Scholarship\u00a0<\/strong>is awarded to a transplant recipient, dependent or sibling of a transplanted child. This scholarship was established in honor of Mrs. Daly&#8217;s successful kidney transplant from her &#8220;perfect match&#8221; donor, Mr. Daly. The Daly family wants to honor other transplant patients and families by providing this scholarship for a deserving applicant.<\/p>\n<p><strong>Beca Donate Life Georgia<\/strong>\u00a0honra a las familias de donantes sin las cuales el trasplante no ser\u00eda posible. Se otorga a un miembro de la familia donante de \u00f3rganos, un receptor de \u00f3rganos o el dependiente de un receptor de \u00f3rganos que asiste a una universidad en el estado de Georgia. Esta beca fue creada por Donate Life Georgia, una alianza estatal formada para educar al p\u00fablico sobre la donaci\u00f3n de \u00f3rganos, tejidos y ojos cuya misi\u00f3n es ayudar a movilizar a la comunidad de trasplantes para educar a los georgianos sobre la necesidad de la donaci\u00f3n de \u00f3rganos, ojos y tejidos y para motivar al p\u00fablico a hacer una designaci\u00f3n de donante procesable. Para obtener m\u00e1s informaci\u00f3n sobre Donate Life Georgia, visite\u00a0<a href=\"https:\/\/www.donatelifegeorgia.org\/\" target=\"_blank\" rel=\"noopener\">DonateLifeGeorgia.org<\/a>.<\/p>\n<p><strong>Cap\u00edtulo de Georgia de la beca de la Sociedad Internacional de Enfermeras de Trasplantes<\/strong>\u00a0es una beca de un a\u00f1o para apoyar a un solicitante, en las categor\u00edas anteriores, que est\u00e9 interesado en obtener un t\u00edtulo en atenci\u00f3n m\u00e9dica. Esta beca est\u00e1 patrocinada por el Cap\u00edtulo ITNS de Georgia.<\/p>\n\t\t\t\tParent or Sibling of an organ transplant recipient\n\t\t\t\t\t<p><strong>For siblings of an organ transplant recipient, both the sibling and the recipient must be 22 years of age or younger.<\/strong><\/p>\n<p><strong>GTF Hope &amp; Legacy Scholarship<\/strong>\u00a0is awarded to the sibling of a transplanted child 22 years old or younger or to the dependent of a transplant recipient.<\/p>\n<p><strong>Beca en memoria de Michael Calkins<\/strong>\u00a0se otorga a un receptor de trasplante, dependiente o hermano de un ni\u00f1o trasplantado. Honra la perseverancia exhibida por los afectados por el trasplante; que superan la enfermedad y sus m\u00faltiples ataduras para seguir una educaci\u00f3n que les permita desarrollarse intelectual, emocional y f\u00edsicamente.<\/p>\n<p><strong>Daly &#8220;Perfect Match&#8221; Scholarship\u00a0<\/strong>is awarded to a transplant recipient, dependent or sibling of a transplanted child. This scholarship was established in honor of Mrs. Daly&#8217;s successful kidney transplant from her &#8220;perfect match&#8221; donor, Mr. Daly. The Daly family wants to honor other transplant patients and families by providing this scholarship for a deserving applicant.<\/p>\n<p><strong>Cap\u00edtulo de Georgia de la beca de la Sociedad Internacional de Enfermeras de Trasplantes<\/strong>\u00a0es una beca de un a\u00f1o para apoyar a un solicitante, en las categor\u00edas anteriores, que est\u00e9 interesado en obtener un t\u00edtulo en atenci\u00f3n m\u00e9dica. Esta beca est\u00e1 patrocinada por el Cap\u00edtulo ITNS de Georgia.<\/p>\n\t\t\t\tDonante vivo\n\t\t\t\t\t<p><strong>Beca Theresa Lackey Living Donor<\/strong>\u00a0is awarded to a living donor. This scholarship was endowed by the Lumpkin family in honor of kidney recipient Karen Lumpkin Sortor&#8217;s living donor Theresa.<\/p>\n<p><strong>Beca Donate Life Georgia<\/strong>\u00a0honra a las familias de donantes sin las cuales el trasplante no ser\u00eda posible. Se otorga a un miembro de la familia donante de \u00f3rganos, un receptor de \u00f3rganos o el dependiente de un receptor de \u00f3rganos que asiste a una universidad en el estado de Georgia. Esta beca fue creada por Donate Life Georgia, una alianza estatal formada para educar al p\u00fablico sobre la donaci\u00f3n de \u00f3rganos, tejidos y ojos cuya misi\u00f3n es ayudar a movilizar a la comunidad de trasplantes para educar a los georgianos sobre la necesidad de la donaci\u00f3n de \u00f3rganos, ojos y tejidos y para motivar al p\u00fablico a hacer una designaci\u00f3n de donante procesable. Para obtener m\u00e1s informaci\u00f3n sobre Donate Life Georgia, visite\u00a0<a href=\"https:\/\/www.donatelifegeorgia.org\/\" target=\"_blank\" rel=\"noopener\">DonateLifeGeorgia.org<\/a>.<\/p>\n<p><strong>Cap\u00edtulo de Georgia de la beca de la Sociedad Internacional de Enfermeras de Trasplantes<\/strong>\u00a0es una beca de un a\u00f1o para apoyar a un solicitante, en las categor\u00edas anteriores, que est\u00e9 interesado en obtener un t\u00edtulo en atenci\u00f3n m\u00e9dica. Esta beca est\u00e1 patrocinada por el Cap\u00edtulo ITNS de Georgia.<\/p>\n\t\t<h4>\n\t\t\tThanks to our partners for their generosity in helping to fund these scholarships:\n\t\t<\/h4>\n\t\t\t<p><em>Georgia Chapter of the International Transplant Nurses Society; Mike and Lisa Smith; Susan Lumpkin; the Calkins Family; the Daly Family; Donate Life Georgia; Friends and Family of Chelsea Long.<\/em><\/p>\t\t\n\t\t<h2>\n\t\t\tHow To Apply\n\t\t<\/h2>\n\t\t<h3>\n\t\t\tStep 1.\n\t\t\t\t\t\t\t\t\t\t\tConfirm Eligibility\n\t\t<\/h3>\n\t\t\t<ul><li>Seguir un programa educativo posterior a la escuela secundaria en un colegio, universidad o escuela t\u00e9cnica acreditada.<\/li><li>Residente de Georgia.<\/li><li>Aceptado o inscrito en un colegio, universidad, programa vocacional t\u00e9cnico o profesional acreditado.<\/li><\/ul>\t\t\n\t\t<h3>\n\t\t\tStep 2.\n\t\t\t\t\t\t\t\t\t\t\tProvide Application Materials\n\t\t<\/h3>\n\t\t\t<ul><li>School Verification\/Transcripts<\/li><li>Acceptance letter\u00a0to your current institution (or the one you will be attending in the Fall)<\/li><li>Declaraci\u00f3n personal<\/li><li>Dos (2) cartas de recomendaci\u00f3n<\/li><li><strong>Deadline: May 1st<\/strong><\/li><li><strong><a href=\"#guidelines\">See Guidelines for more details<\/a><\/strong><\/li><\/ul>\t\t\n\t\t<h3>\n\t\t\tStep 3.\n\t\t\t\t\t\t\t\t\t\t\tComplete Application\n\t\t<\/h3>\n\t\t\t<ul><li><strong>Deadline: May 1st<\/strong><\/li><li><strong><a href=\"#options\">See Application Options for more details<\/a><\/strong><\/li><\/ul><p><em>Toda la informaci\u00f3n se mantendr\u00e1 confidencial. No se considerar\u00e1n los solicitantes que no presenten toda la informaci\u00f3n anterior.<\/em><\/p>\t\t\n\t\t<h3>\n\t\t\tHave Questions?\n\t\t<\/h3>\n\t\t\t<p>We&#8217;re happy to answer any questions you have about our Academic Scholarships.<\/p>\t\t\n\t\t\t<a href=\"#guidelines\" target=\"_self\">\n\t\t\t\t\t\tRead Guidelines\t\t\t\t\t\n\t\t<\/a>\n\t\t\t<a href=\"tel:770-457-3796\" target=\"_self\">\n\t\t\t\t\t\tCall: 770-457-3796\t\t\t\t\t\n\t\t<\/a>\n\t\t\t<a href=\"mailto:GTF@gatransplant.org\" target=\"_self\">\n\t\t\t\t\t\tEmail: GTF@gatransplant.org\t\t\t\t\t\n\t\t<\/a>\n\t\t<h2>\n\t\t\tApplication Options\n\t\t<\/h2>\n\t\t<h3>\n\t\t\tOnline\n\t\t<\/h3>\n\t\t\t<p>Use our online form to submit your application<a href=\"https:\/\/gatransplant.blackbaudwp.com\/es\/our-programs\/education-community-programs\/academic-scholarships\/as-application\/\">Aplica ya<\/a><\/p>\t\t\n\t\t<h3>\n\t\t\tMail\n\t\t<\/h3>\n\t\t\t<p><a href=\"https:\/\/gatransplant.org\/wp-content\/uploads\/2020\/10\/SCHOLARSHIP-APPLICATION.pdf\" target=\"_blank\" rel=\"noopener\">Download<\/a>, fill out and mail your application, along with supporting materials to:Georgia Transplant Foundation<br \/>885 Woodstock Rd<br \/>Suite 430-542<br \/>Roswell, GA 30075-2274<strong>Must be postmarked by the May 1 deadline to be considered for review<\/strong><\/p>\t\t\n\t\t<h2>\n\t\t\tGuidelines\n\t\t<\/h2>\n\t\t\t\tSchool Verification and Transcript\n\t\t\t\t\t<ul>\n<li><strong>Transcripci\u00f3n oficial de la escuela secundaria\u00a0<\/strong>(grados 9-12 o semestre de oto\u00f1o)\u00a0<strong>O expediente acad\u00e9mico de la universidad \/ escuela t\u00e9cnica<\/strong>\u00a0para todos los cursos.<\/li>\n<li>Certificado GED, si corresponde.<\/li>\n<li>Si su \u00faltima educaci\u00f3n fue hace m\u00e1s de 5 a\u00f1os, las pruebas de admisi\u00f3n actuales son aceptables en lugar de las transcripciones de la escuela secundaria.<\/li>\n<\/ul>\n\t\t\t\tDeclaraci\u00f3n personal\n\t\t\t\t\t<ul>\n<li>Mecanografiado.<\/li>\n<li>M\u00e1ximo de tres (3) p\u00e1ginas.<\/li>\n<li>Descr\u00edbase usted mismo y c\u00f3mo el trasplante ha afectado su vida. Cu\u00e9ntanos algo sobre ti que nos ayude a conocerte mejor. Puede relatar alg\u00fan evento que cambi\u00f3 su vida o creencias, o un tema sobre el que tiene fuertes sentimientos. Cu\u00e9ntenos acerca de sus objetivos de vida en relaci\u00f3n con su campo de estudio.<\/li>\n<\/ul>\n\t\t\t\tLetters of recommendation\n\t\t\t\t\t<p>\u00a0<\/p>\n<ul>\n<li>At least one letter should be from an academic source<\/li>\n<li>NO letters from relatives or classmates<\/li>\n<li>Contact information for each letter<\/li>\n<\/ul>","protected":false},"excerpt":{"rendered":"<p>Al darse cuenta de que el trasplante plantea dificultades financieras para toda la familia, la Georgia Transplant Foundation otorga anualmente becas acad\u00e9micas a estudiantes seleccionados que son receptores de trasplantes, dependientes de un receptor de trasplantes, donantes vivos, padres o hermanos de un receptor de trasplantes menor de 22 a\u00f1os. <\/p>","protected":false},"author":43,"featured_media":7908,"parent":6842,"menu_order":30,"comment_status":"closed","ping_status":"closed","template":"","meta":{"_acf_changed":false,"_monsterinsights_skip_tracking":false,"_monsterinsights_sitenote_active":false,"_monsterinsights_sitenote_note":"","_monsterinsights_sitenote_category":0,"footnotes":""},"class_list":["post-6854","page","type-page","status-publish","has-post-thumbnail","hentry"],"acf":[],"aioseo_notices":[],"_links":{"self":[{"href":"https:\/\/gatransplant.blackbaudwp.com\/es\/wp-json\/wp\/v2\/pages\/6854","targetHints":{"allow":["GET"]}}],"collection":[{"href":"https:\/\/gatransplant.blackbaudwp.com\/es\/wp-json\/wp\/v2\/pages"}],"about":[{"href":"https:\/\/gatransplant.blackbaudwp.com\/es\/wp-json\/wp\/v2\/types\/page"}],"author":[{"embeddable":true,"href":"https:\/\/gatransplant.blackbaudwp.com\/es\/wp-json\/wp\/v2\/users\/43"}],"replies":[{"embeddable":true,"href":"https:\/\/gatransplant.blackbaudwp.com\/es\/wp-json\/wp\/v2\/comments?post=6854"}],"version-history":[{"count":5,"href":"https:\/\/gatransplant.blackbaudwp.com\/es\/wp-json\/wp\/v2\/pages\/6854\/revisions"}],"predecessor-version":[{"id":62562,"href":"https:\/\/gatransplant.blackbaudwp.com\/es\/wp-json\/wp\/v2\/pages\/6854\/revisions\/62562"}],"up":[{"embeddable":true,"href":"https:\/\/gatransplant.blackbaudwp.com\/es\/wp-json\/wp\/v2\/pages\/6842"}],"wp:featuredmedia":[{"embeddable":true,"href":"https:\/\/gatransplant.blackbaudwp.com\/es\/wp-json\/wp\/v2\/media\/7908"}],"wp:attachment":[{"href":"https:\/\/gatransplant.blackbaudwp.com\/es\/wp-json\/wp\/v2\/media?parent=6854"}],"curies":[{"name":"wp","href":"https:\/\/api.w.org\/{rel}","templated":true}]}}