{"id":6851,"date":"2020-06-22T17:38:03","date_gmt":"2020-06-22T21:38:03","guid":{"rendered":"https:\/\/gatransplant.org\/our-programs\/financial-assistance-programs\/transportation-assistance\/"},"modified":"2025-08-13T13:43:35","modified_gmt":"2025-08-13T17:43:35","slug":"transportation-assistance","status":"publish","type":"page","link":"https:\/\/gatransplant.blackbaudwp.com\/es\/our-programs\/financial-assistance-programs\/transportation-assistance\/","title":{"rendered":"Asistencia de transporte"},"content":{"rendered":"<h1>\n\t\t\tAsistencia de transporte\n\t\t<\/h1>\n\t\t\t<p>El objetivo del Programa de asistencia para el transporte es brindar asistencia financiera a los receptores de trasplantes recientes para mitigar los costos de combustible asociados con la atenci\u00f3n de seguimiento en los meses posteriores a su procedimiento.<a href=\"https:\/\/gatransplant.blackbaudwp.com\/es\/our-programs\/financial-assistance-programs\/transportation-assistance\/transportation-assistance-application\/\">Apply now<\/a><\/p>\t\t\n\t\t\t<a href=\"#about\" target=\"_self\" rel=\"noopener\">\n\t\t\t\t\t\t\tAbout This Program\n\t\t\t<\/a>\n\t\t\t<a href=\"#howto\" target=\"_self\" rel=\"noopener\">\n\t\t\t\t\t\t\tHow To Apply\n\t\t\t<\/a>\n\t\t\t<a href=\"https:\/\/gatransplant.blackbaudwp.com\/es\/our-programs\/financial-assistance-programs\/transportation-assistance\/transportation-assistance-application\/\" target=\"_self\" rel=\"noopener\">\n\t\t\t\t\t\t\tAplica ya\n\t\t\t<\/a>\n\t\t\t\t\t\t\t\t\t\t<p>Me gustar\u00eda expresar mi agradecimiento por su ayuda y apoyo. Perd\u00ed mi trabajo, mi seguro y mi salud a la vez. Su generosidad es un hermoso ejemplo del amor y la comprensi\u00f3n que sienten todos los pacientes al recibir el apoyo de GTF.\u00a0<\/p>\n\t\t\t\t\t\t\t\t\t<h3>&#8211; Cristi K, Liver Recipient<\/h3>\n\t<!-- \/.pp-testimonials -->\n\t\t<h2>\n\t\t\tHelping to mitigate fuel costs\n\t\t<\/h2>\n\t\t\t<h3>Los receptores de trasplantes deben viajar al hospital para frecuentes citas de seguimiento y ex\u00e1menes de laboratorio en los meses posteriores al trasplante.<\/h3><p>El Programa de Asistencia de Transporte de la Georgia Transplant Foundation se lanz\u00f3 oficialmente en 2014 con el objetivo de brindar asistencia financiera a los georgianos recientemente trasplantados a fin de mitigar los costos de combustible asociados con la atenci\u00f3n de seguimiento. Estos beneficiarios a menudo carecen de los recursos para pagar los costos de combustible asociados con este viaje requerido. . El Programa de Transporte no est\u00e1 destinado a cubrir todos los costos de combustible o tarifas de estacionamiento, ni est\u00e1 destinado a abordar las visitas de seguimiento a largo plazo al centro de trasplantes.<h3>Additional Details<\/h3>Assistance is based on financial need and must be approved in 30-day increments. It will be offered for a maximum of three (3) months following the date of transplant.The amount of the assistance offered will be based on the distance from the patient&#8217;s home to the transplant center. Frequency of required follow-up visits will be considered as well.<\/p>\t\t\n\t\t<h2>\n\t\t\tHow To Apply\n\t\t<\/h2>\n\t\t<h3>\n\t\t\tStep 1.\n\t\t\t\t\t\t\t\t\t\t\tConfirm Eligibility\n\t\t<\/h3>\n\t\t\t<ul><li>Must be a Georgia resident<\/li><li>Receptor de trasplante<\/li><li>Show evidence of financial need (must be approved in 30-day increments)<\/li><\/ul>\t\t\n\t\t<h3>\n\t\t\tStep 2.\n\t\t\t\t\t\t\t\t\t\t\tDiscuss Your Needs\n\t\t<\/h3>\n\t\t\t<p>Talk with your transplant center social worker about your needs.<\/p>\t\t\n\t\t<h3>\n\t\t\tStep 3.\n\t\t\t\t\t\t\t\t\t\t\tApply &#038; Send Documents\n\t\t<\/h3>\n\t\t\t<ul><li>Submit completed application to your social worker or through the online application form<ul><li><strong><a href=\"#apply\">See Application Options for more details<\/a><\/strong><\/li><\/ul><\/li><li>Provide documents to support the requested assistance<\/li><\/ul>\t\t\n\t\t<h3>\n\t\t\tStep 4.\n\t\t\t\t\t\t\t\t\t\t\tReview\n\t\t<\/h3>\n\t\t\t<ul><li>Applications will be reviewed, once submitted and complete<\/li><li>Requesting social worker will be notified regarding the review decision<\/li><\/ul>\t\t\n\t\t<h3>\n\t\t\tStep 5.\n\t\t\t\t\t\t\t\t\t\t\tFunding Provided\n\t\t<\/h3>\n\t\t\t<p>Los cheques se emiten, se pagan al proveedor y se env\u00edan por correo a la casa del receptor del trasplante.<\/p>\t\t\n\t\t<h3>\n\t\t\tHave Questions?\n\t\t<\/h3>\n\t\t\t<p>We&#8217;re happy to answer any questions you have about our Transportation Assistance Program.<\/p>\t\t\n\t\t\t<a href=\"tel:770-457-3796\" target=\"_self\" rel=\"noopener\">\n\t\t\t\t\t\tCall: 770-457-3796\t\t\t\t\t\n\t\t<\/a>\n\t\t\t<a href=\"mailto:GTF@gatransplant.org\" target=\"_self\" rel=\"noopener\">\n\t\t\t\t\t\tEmail: GTF@gatransplant.org\t\t\t\t\t\n\t\t<\/a>\n\t\t<h2>\n\t\t\tApplication Options\n\t\t<\/h2>\n\t\t<h3>\n\t\t\tOnline\n\t\t<\/h3>\n\t\t\t<p>Use our online form to submit your application. <em>Nota: Para acceder a la solicitud en l\u00ednea, necesitar\u00e1 una contrase\u00f1a proporcionada por su trabajador social del centro de trasplantes.<\/em><a href=\"https:\/\/gatransplant.blackbaudwp.com\/es\/our-programs\/financial-assistance-programs\/transportation-assistance\/transportation-assistance-application\/\">Aplica ya<\/a><\/p>\t\t\n\t\t<h3>\n\t\t\tTrabajador social\n\t\t<\/h3>\n\t\t\t<p><a href=\"https:\/\/gatransplant.org\/wp-content\/uploads\/2020\/10\/FINANCIAL-ASSISTANCE.pdf\" target=\"_blank\" rel=\"noopener\">Download<\/a>, print and fill out\u00a0 your application. Once completed, submit it to your transplant center social worker with the necessary documentation.<\/p>","protected":false},"excerpt":{"rendered":"<p>Ayuda con el costo del viaje hacia y desde el centro de trasplantes para la atenci\u00f3n de seguimiento.<\/p>","protected":false},"author":43,"featured_media":7872,"parent":6840,"menu_order":27,"comment_status":"closed","ping_status":"closed","template":"","meta":{"_acf_changed":false,"_monsterinsights_skip_tracking":false,"_monsterinsights_sitenote_active":false,"_monsterinsights_sitenote_note":"","_monsterinsights_sitenote_category":0,"footnotes":""},"class_list":["post-6851","page","type-page","status-publish","has-post-thumbnail","hentry"],"acf":[],"aioseo_notices":[],"_links":{"self":[{"href":"https:\/\/gatransplant.blackbaudwp.com\/es\/wp-json\/wp\/v2\/pages\/6851","targetHints":{"allow":["GET"]}}],"collection":[{"href":"https:\/\/gatransplant.blackbaudwp.com\/es\/wp-json\/wp\/v2\/pages"}],"about":[{"href":"https:\/\/gatransplant.blackbaudwp.com\/es\/wp-json\/wp\/v2\/types\/page"}],"author":[{"embeddable":true,"href":"https:\/\/gatransplant.blackbaudwp.com\/es\/wp-json\/wp\/v2\/users\/43"}],"replies":[{"embeddable":true,"href":"https:\/\/gatransplant.blackbaudwp.com\/es\/wp-json\/wp\/v2\/comments?post=6851"}],"version-history":[{"count":5,"href":"https:\/\/gatransplant.blackbaudwp.com\/es\/wp-json\/wp\/v2\/pages\/6851\/revisions"}],"predecessor-version":[{"id":62379,"href":"https:\/\/gatransplant.blackbaudwp.com\/es\/wp-json\/wp\/v2\/pages\/6851\/revisions\/62379"}],"up":[{"embeddable":true,"href":"https:\/\/gatransplant.blackbaudwp.com\/es\/wp-json\/wp\/v2\/pages\/6840"}],"wp:featuredmedia":[{"embeddable":true,"href":"https:\/\/gatransplant.blackbaudwp.com\/es\/wp-json\/wp\/v2\/media\/7872"}],"wp:attachment":[{"href":"https:\/\/gatransplant.blackbaudwp.com\/es\/wp-json\/wp\/v2\/media?parent=6851"}],"curies":[{"name":"wp","href":"https:\/\/api.w.org\/{rel}","templated":true}]}}