{"id":6850,"date":"2020-06-22T17:38:03","date_gmt":"2020-06-22T21:38:03","guid":{"rendered":"https:\/\/gatransplant.org\/our-programs\/financial-assistance-programs\/medication-assistance\/"},"modified":"2025-08-13T10:04:18","modified_gmt":"2025-08-13T14:04:18","slug":"medication-assistance","status":"publish","type":"page","link":"https:\/\/gatransplant.blackbaudwp.com\/es\/our-programs\/financial-assistance-programs\/medication-assistance\/","title":{"rendered":"Asistencia con medicamentos"},"content":{"rendered":"<h1>\n\t\t\tAsistencia con medicamentos\n\t\t<\/h1>\n\t\t\t<p>In order to protect the transplanted organ and the patient&#8217;s life, the Georgia Transplant Foundation offers a Temporary Medication Assistance Program to help with the costs of post-transplant prescription medications.<a href=\"https:\/\/gatransplant.blackbaudwp.com\/es\/our-programs\/financial-assistance-programs\/medication-assistance\/medication-assistance-application\/\">Apply now<\/a><\/p>\t\t\n\t\t\t<a href=\"#about\" target=\"_self\" rel=\"noopener\">\n\t\t\t\t\t\t\tAbout This Program\n\t\t\t<\/a>\n\t\t\t<a href=\"#howto\" target=\"_self\" rel=\"noopener\">\n\t\t\t\t\t\t\tHow To Apply\n\t\t\t<\/a>\n\t\t\t<a href=\"https:\/\/gatransplant.blackbaudwp.com\/es\/our-programs\/financial-assistance-programs\/medication-assistance\/medication-assistance-application\/\" target=\"_self\" rel=\"noopener\">\n\t\t\t\t\t\t\tAplica ya\n\t\t\t<\/a>\n\t\t\t\t\t\t\t\t\t\t<p>Upon preparing to go home from the hospital after my kidney transplant, I found out that my insurance would not cover an extremely expensive medication until quite a bit of paperwork and bureaucracy was completed. Like a knight in shining armor, GTF&#8217;s Medication Assistance Program handled the cost of this essential anti-rejection medication until my insurance became available for help. I will forever be thankful to GTF for stepping in to help.<\/p>\n\t\t\t\t\t\t\t\t\t<h3>&#8211; Tony H, Kidney Transplant Recipient<\/h3>\n\t<!-- \/.pp-testimonials -->\n\t\t<h2>\n\t\t\tHelping patients with medication\n\t\t\t\t\t\t\t\t\t\t\tPrescription medications are an essential part of the post-transplant medical regimen.\n\t\t<\/h2>\n\t<p><strong>Hay situaciones de emergencia y de transici\u00f3n en las que los pacientes de trasplantes se encuentran sin cobertura de medicamentos y no pueden pagar el costo de sus propias finanzas.<\/strong><\/p>\n<p>In order to protect the transplanted organ and the patient&#8217;s life, the Georgia Transplant Foundation offers a Temporary Medication Assistance Program. The amount of assistance is limited according to the circumstances and time needed to implement a permanent plan for medications expenses.<\/p>\n\t<p><strong>Additional Details:<\/strong><\/p>\n<ul>\n<li>Las recetas deben acompa\u00f1ar la solicitud financiera.<\/li>\n<li>Los medicamentos de venta libre no est\u00e1n cubiertos.<\/li>\n<li>Se espera que los solicitantes trabajen con el trabajador social del centro de trasplantes para obtener informaci\u00f3n sobre otros recursos disponibles que podr\u00edan ayudar a sufragar los gastos y desarrollar un plan permanente para obtener medicamentos.<\/li>\n<\/ul>\n\t\t<h2>\n\t\t\tHow To Apply\n\t\t<\/h2>\n\t\t<h3>\n\t\t\tStep 1.\n\t\t\t\t\t\t\t\t\t\t\tConfirm Eligibility\n\t\t<\/h3>\n\t\t\t<ul><li>Georgia resident<\/li><li>Solid organ transplant recipient<\/li><li>Proof of financial need<\/li><li>Evidence of working on a permanent solution to address the need<\/li><li>Show a transplant-related need<\/li><\/ul>\t\t\n\t\t<h3>\n\t\t\tStep 2.\n\t\t\t\t\t\t\t\t\t\t\tDiscuss Your Needs\n\t\t<\/h3>\n\t\t\t<p>Talk with your transplant center social worker about your needs.<\/p>\t\t\n\t\t<h3>\n\t\t\tStep 3.\n\t\t\t\t\t\t\t\t\t\t\tApply &#038; Send Documents\n\t\t<\/h3>\n\t\t\t<ul><li>Submit completed application to your social worker or through the online application form<ul><li><strong><a href=\"#apply\">See Application Options for more details<\/a><\/strong><\/li><\/ul><\/li><li>Provide documents to support the requested assistance<\/li><\/ul>\t\t\n\t\t<h3>\n\t\t\tStep 4.\n\t\t\t\t\t\t\t\t\t\t\tReview\n\t\t<\/h3>\n\t\t\t<ul><li>Applications will be reviewed, once submitted and complete<\/li><li>Requesting social worker will be notified regarding the review decision<\/li><\/ul>\t\t\n\t\t<h3>\n\t\t\tStep 5.\n\t\t\t\t\t\t\t\t\t\t\tFunding Provided\n\t\t<\/h3>\n\t\t\t<p>Los cheques se emiten, se pagan al proveedor y se env\u00edan por correo a la casa del receptor del trasplante.<\/p>\t\t\n\t\t<h3>\n\t\t\tHave Questions?\n\t\t<\/h3>\n\t\t\t<p>We&#8217;re happy to answer any questions you have about our Medication Assistance Program.<\/p>\t\t\n\t\t\t<a href=\"tel:770-457-3796\" target=\"_self\" rel=\"noopener\">\n\t\t\t\t\t\tCall: 770-457-3796\t\t\t\t\t\n\t\t<\/a>\n\t\t\t<a href=\"mailto:GTF@gatransplant.org\" target=\"_self\" rel=\"noopener\">\n\t\t\t\t\t\tEmail: GTF@gatransplant.org\t\t\t\t\t\n\t\t<\/a>\n\t\t<h2>\n\t\t\tApplication Options\n\t\t<\/h2>\n\t\t<h3>\n\t\t\tOnline\n\t\t<\/h3>\n\t\t\t<p>Use our online form to submit your application. <em>Nota: Para acceder a la solicitud en l\u00ednea, necesitar\u00e1 una contrase\u00f1a proporcionada por su trabajador social del centro de trasplantes.<\/em><a href=\"https:\/\/gatransplant.blackbaudwp.com\/es\/our-programs\/financial-assistance-programs\/medication-assistance\/medication-assistance-application\/\">Aplica ya<\/a><\/p>\t\t\n\t\t<h3>\n\t\t\tTrabajador social\n\t\t<\/h3>\n\t\t\t<p><a href=\"https:\/\/gatransplant.org\/wp-content\/uploads\/2020\/10\/FINANCIAL-ASSISTANCE.pdf\" target=\"_blank\" rel=\"noopener\">Download<\/a>, print and fill out\u00a0 your application. Once completed, submit it to your transplant center social worker with the necessary documentation.<\/p>","protected":false},"excerpt":{"rendered":"<p>Ayuda a los beneficiarios a obtener medicamentos proporcionando apoyo financiero de forma limitada para dar tiempo a que se implemente un plan permanente para las necesidades de medicamentos.<\/p>","protected":false},"author":43,"featured_media":7887,"parent":6840,"menu_order":26,"comment_status":"closed","ping_status":"closed","template":"","meta":{"_acf_changed":false,"_monsterinsights_skip_tracking":false,"_monsterinsights_sitenote_active":false,"_monsterinsights_sitenote_note":"","_monsterinsights_sitenote_category":0,"footnotes":""},"class_list":["post-6850","page","type-page","status-publish","has-post-thumbnail","hentry"],"acf":[],"aioseo_notices":[],"_links":{"self":[{"href":"https:\/\/gatransplant.blackbaudwp.com\/es\/wp-json\/wp\/v2\/pages\/6850","targetHints":{"allow":["GET"]}}],"collection":[{"href":"https:\/\/gatransplant.blackbaudwp.com\/es\/wp-json\/wp\/v2\/pages"}],"about":[{"href":"https:\/\/gatransplant.blackbaudwp.com\/es\/wp-json\/wp\/v2\/types\/page"}],"author":[{"embeddable":true,"href":"https:\/\/gatransplant.blackbaudwp.com\/es\/wp-json\/wp\/v2\/users\/43"}],"replies":[{"embeddable":true,"href":"https:\/\/gatransplant.blackbaudwp.com\/es\/wp-json\/wp\/v2\/comments?post=6850"}],"version-history":[{"count":5,"href":"https:\/\/gatransplant.blackbaudwp.com\/es\/wp-json\/wp\/v2\/pages\/6850\/revisions"}],"predecessor-version":[{"id":62373,"href":"https:\/\/gatransplant.blackbaudwp.com\/es\/wp-json\/wp\/v2\/pages\/6850\/revisions\/62373"}],"up":[{"embeddable":true,"href":"https:\/\/gatransplant.blackbaudwp.com\/es\/wp-json\/wp\/v2\/pages\/6840"}],"wp:featuredmedia":[{"embeddable":true,"href":"https:\/\/gatransplant.blackbaudwp.com\/es\/wp-json\/wp\/v2\/media\/7887"}],"wp:attachment":[{"href":"https:\/\/gatransplant.blackbaudwp.com\/es\/wp-json\/wp\/v2\/media?parent=6850"}],"curies":[{"name":"wp","href":"https:\/\/api.w.org\/{rel}","templated":true}]}}