{"id":6849,"date":"2020-06-22T17:38:03","date_gmt":"2020-06-22T21:38:03","guid":{"rendered":"https:\/\/gatransplant.org\/our-programs\/financial-assistance-programs\/living-donor-assistance\/"},"modified":"2025-08-13T09:55:54","modified_gmt":"2025-08-13T13:55:54","slug":"living-donor-assistance","status":"publish","type":"page","link":"https:\/\/gatransplant.blackbaudwp.com\/es\/our-programs\/financial-assistance-programs\/living-donor-assistance\/","title":{"rendered":"Asistencia de donantes vivos"},"content":{"rendered":"<h1>\n\t\t\tAsistencia de donantes vivos\n\t\t<\/h1>\n\t\t\t<p>El Programa de Asistencia para Donantes Vivos brinda apoyo financiero a los donantes vivos de ri\u00f1\u00f3n e h\u00edgado seg\u00fan lo determine su situaci\u00f3n financiera y las dificultades creadas como resultado de la donaci\u00f3n de \u00f3rganos.<a href=\"https:\/\/gatransplant.blackbaudwp.com\/es\/our-programs\/financial-assistance-programs\/living-donor-assistance\/living-donor-assistance-application\/\">Apply now<\/a><\/p>\t\t\n\t\t\t<a href=\"#about\" target=\"_self\" rel=\"noopener\">\n\t\t\t\t\t\t\tAbout This Program\n\t\t\t<\/a>\n\t\t\t<a href=\"#howto\" target=\"_self\" rel=\"noopener\">\n\t\t\t\t\t\t\tHow To Apply\n\t\t\t<\/a>\n\t\t\t<a href=\"https:\/\/gatransplant.blackbaudwp.com\/es\/our-programs\/financial-assistance-programs\/living-donor-assistance\/living-donor-assistance-application\/\" target=\"_self\" rel=\"noopener\">\n\t\t\t\t\t\t\tAplica ya\n\t\t\t<\/a>\n\t\t\t\t\t\t\t\t\t\t<p>Estoy muy agradecido por tu ayuda. Sin la ayuda financiera de la Georgia Transplant Foundation, no habr\u00eda podido donar mi ri\u00f1\u00f3n. Ahora mi destinatario y yo lo estamos haciendo muy bien.<\/p>\n\t\t\t\t\t\t\t\t\t<h3>&#8211; Kristin D, Kidney Living Donor<\/h3>\n\t<!-- \/.pp-testimonials -->\n\t\t<h2>\n\t\t\tAltruism for living donation\n\t\t<\/h2>\n\t<p>Algunos donantes vivos enfrentan situaciones financieras dif\u00edciles que implican p\u00e9rdida de salario durante la licencia para la cirug\u00eda del donante, gastos de viaje, manutenci\u00f3n de ni\u00f1os y otros gastos relacionados.<\/p>\n<p><strong>El objetivo del Programa de Asistencia para Donantes Vivos es brindar apoyo financiero a los donantes vivos de ri\u00f1\u00f3n o h\u00edgado seg\u00fan lo determine su situaci\u00f3n financiera y las dificultades creadas como resultado de su donaci\u00f3n.<\/strong><\/p>\n\t<ul>\n<li>El donante vivo o el receptor del trasplante deben ser residentes de Georgia.<\/li>\n<li>La asistencia est\u00e1 disponible para los gastos de dificultad creados directamente por la donaci\u00f3n.<\/li>\n<li>Las solicitudes deben enviarse antes del tratamiento.<\/li>\n<li>Se espera que el donante vivo utilice todos los d\u00edas de enfermedad disponibles, pero puede retener hasta dos semanas de vacaciones.<\/li>\n<li>Living donor applications are expected to show evidence of the patient\/family&#8217;s support and financial planning for the surgery and recovery time.<\/li>\n<\/ul>\n\t\t<h2>\n\t\t\tHow To Apply\n\t\t<\/h2>\n\t\t<h3>\n\t\t\tStep 1.\n\t\t\t\t\t\t\t\t\t\t\tConfirm Eligibility\n\t\t<\/h3>\n\t\t\t<ul><li>Georgia resident (at least one person from the donation chain must be a resident of the state)<\/li><li>Solid organ transplant<\/li><li>Proof of financial need<\/li><li>Evidence of working on a permanent solution to address the need<\/li><li>Show a transplant-related need<\/li><\/ul>\t\t\n\t\t<h3>\n\t\t\tStep 2.\n\t\t\t\t\t\t\t\t\t\t\tDiscuss Your Needs\n\t\t<\/h3>\n\t\t\t<p>Talk with your transplant center social worker about your needs.<\/p>\t\t\n\t\t<h3>\n\t\t\tStep 3.\n\t\t\t\t\t\t\t\t\t\t\tApply &#038; Send Documents\n\t\t<\/h3>\n\t\t\t<ul><li>Submit completed application to your social worker or through the online application form<ul><li><strong><a href=\"#apply\">See Application Options for more details<\/a><\/strong><\/li><\/ul><\/li><li>Provide documents to support the requested assistance<\/li><\/ul>\t\t\n\t\t<h3>\n\t\t\tStep 4.\n\t\t\t\t\t\t\t\t\t\t\tReview\n\t\t<\/h3>\n\t\t\t<ul><li>Applications will be reviewed, once submitted and complete<\/li><li>Requesting social worker will be notified regarding the review decision<\/li><\/ul>\t\t\n\t\t<h3>\n\t\t\tStep 5.\n\t\t\t\t\t\t\t\t\t\t\tFunding Provided\n\t\t<\/h3>\n\t\t\t<p>Los cheques se emiten, se pagan al proveedor y se env\u00edan por correo a la casa del receptor del trasplante.<\/p>\t\t\n\t\t<h3>\n\t\t\tHave Questions?\n\t\t<\/h3>\n\t\t\t<p>We&#8217;re happy to answer any questions you have about our Living Donor Assistance Program.<\/p>\t\t\n\t\t\t<a href=\"tel:770-457-3796\" target=\"_self\" rel=\"noopener\">\n\t\t\t\t\t\tCall: 770-457-3796\t\t\t\t\t\n\t\t<\/a>\n\t\t\t<a href=\"mailto:GTF@gatransplant.org\" target=\"_self\" rel=\"noopener\">\n\t\t\t\t\t\tEmail: GTF@gatransplant.org\t\t\t\t\t\n\t\t<\/a>\n\t\t<h2>\n\t\t\tApplication Options\n\t\t<\/h2>\n\t\t<h3>\n\t\t\tOnline\n\t\t<\/h3>\n\t\t\t<p>Use our online form to submit your application. <em>Nota: Para acceder a la solicitud en l\u00ednea, necesitar\u00e1 una contrase\u00f1a proporcionada por su trabajador social del centro de trasplantes.<\/em><a href=\"https:\/\/gatransplant.blackbaudwp.com\/es\/our-programs\/financial-assistance-programs\/living-donor-assistance\/living-donor-assistance-application\/\">Aplica ya<\/a><\/p>\t\t\n\t\t<h3>\n\t\t\tTrabajador social\n\t\t<\/h3>\n\t\t\t<p><a href=\"https:\/\/gatransplant.org\/wp-content\/uploads\/2020\/10\/LD-Application.pdf\" target=\"_blank\" rel=\"noopener\">Download<\/a>, print and fill out\u00a0 your application. Once completed, submit it to your transplant center social worker with the necessary documentation.<\/p>","protected":false},"excerpt":{"rendered":"<p>Brinda asistencia seg\u00fan la necesidad a los donantes vivos para las dificultades financieras creadas por la donaci\u00f3n de \u00f3rganos.<\/p>","protected":false},"author":43,"featured_media":7884,"parent":6840,"menu_order":25,"comment_status":"closed","ping_status":"closed","template":"","meta":{"_acf_changed":false,"_monsterinsights_skip_tracking":false,"_monsterinsights_sitenote_active":false,"_monsterinsights_sitenote_note":"","_monsterinsights_sitenote_category":0,"footnotes":""},"class_list":["post-6849","page","type-page","status-publish","has-post-thumbnail","hentry"],"acf":[],"aioseo_notices":[],"_links":{"self":[{"href":"https:\/\/gatransplant.blackbaudwp.com\/es\/wp-json\/wp\/v2\/pages\/6849","targetHints":{"allow":["GET"]}}],"collection":[{"href":"https:\/\/gatransplant.blackbaudwp.com\/es\/wp-json\/wp\/v2\/pages"}],"about":[{"href":"https:\/\/gatransplant.blackbaudwp.com\/es\/wp-json\/wp\/v2\/types\/page"}],"author":[{"embeddable":true,"href":"https:\/\/gatransplant.blackbaudwp.com\/es\/wp-json\/wp\/v2\/users\/43"}],"replies":[{"embeddable":true,"href":"https:\/\/gatransplant.blackbaudwp.com\/es\/wp-json\/wp\/v2\/comments?post=6849"}],"version-history":[{"count":5,"href":"https:\/\/gatransplant.blackbaudwp.com\/es\/wp-json\/wp\/v2\/pages\/6849\/revisions"}],"predecessor-version":[{"id":62371,"href":"https:\/\/gatransplant.blackbaudwp.com\/es\/wp-json\/wp\/v2\/pages\/6849\/revisions\/62371"}],"up":[{"embeddable":true,"href":"https:\/\/gatransplant.blackbaudwp.com\/es\/wp-json\/wp\/v2\/pages\/6840"}],"wp:featuredmedia":[{"embeddable":true,"href":"https:\/\/gatransplant.blackbaudwp.com\/es\/wp-json\/wp\/v2\/media\/7884"}],"wp:attachment":[{"href":"https:\/\/gatransplant.blackbaudwp.com\/es\/wp-json\/wp\/v2\/media?parent=6849"}],"curies":[{"name":"wp","href":"https:\/\/api.w.org\/{rel}","templated":true}]}}